{"id":21723,"date":"2024-05-05T19:49:15","date_gmt":"2024-05-05T17:49:15","guid":{"rendered":"https:\/\/ibc.ee\/?post_type=product&#038;p=21723"},"modified":"2025-06-26T17:32:44","modified_gmt":"2025-06-26T15:32:44","slug":"uhp-sailio-showeron-shower-160-160l-copy","status":"publish","type":"product","link":"https:\/\/ibc.ee\/fi\/tuote\/uhp-sailio-showeron-shower-160-160l-copy\/","title":{"rendered":"UHP s\u00e4ili\u00f6 Showeron Shower-200 (200L)"},"content":{"rendered":"<p>Suihkus\u00e4ili\u00f6, jonka tilavuus on 200 l. T\u00e4ll\u00e4 s\u00e4ili\u00f6ll\u00e4 voit helposti rakentaa ulkosuihkun kaikissa olosuhteissa. Suihkus\u00e4ili\u00f6 on musta, joten siin\u00e4 oleva vesi l\u00e4mpenee nopeasti.<\/p>\n<p>S\u00e4ili\u00f6n pohjasein\u00e4ss\u00e4 on \u00bd tuuman kierrereik\u00e4, jonka l\u00e4pi palloventtiili voidaan ruuvata. Kapenevan pohjan ansiosta vesi tyhjenee kokonaan s\u00e4ili\u00f6st\u00e4.<\/p>\n<p>Yksitt\u00e4isi\u00e4 suihkukaappeja ostettaessa suihku on ilmainen.<\/p>\n<p>S\u00e4ili\u00f6ll\u00e4 on Puolan hygieniatodistus PZH, joka mahdollistaa juomaveden varastoinnin.<\/p>\n","protected":false},"excerpt":{"rendered":"<p><strong>Ominaisuudet<\/strong><br \/>\nTilavuus: 200 l<br \/>\nPituus: 117,5 cm<br \/>\nLeveys: 117,5 cm<br \/>\nKorkeus: 27,5 cm<br \/>\nKannen halkaisija: 35 cm.<br \/>\nSein\u00e4n paksuus: 4,5 mm.<br \/>\nLiit\u00e4nt\u00e4kierre: 1\/2 tuumaa.<\/p>\n<p><strong>Materiaali<\/strong><br \/>\n&#8211; Korkealaatuinen polyeteeni<br \/>\n&#8211; Eritt\u00e4in korkea kest\u00e4vyys<br \/>\n&#8211; Kest\u00e4\u00e4 kriittisi\u00e4 l\u00e4mp\u00f6tiloja (-40\u00b0\u0421 &#8211; +60\u00b0\u0421)<br \/>\n&#8211; Sopii elintarvikkeiden s\u00e4ilytykseen<br \/>\n&#8211; UV-kest\u00e4v\u00e4<\/p>\n","protected":false},"featured_media":21729,"template":"","meta":[],"product_brand":[],"product_cat":[423],"product_tag":[],"class_list":{"0":"post-21723","1":"product","2":"type-product","3":"status-publish","4":"has-post-thumbnail","6":"product_cat-uhp-tankit","8":"first","9":"onbackorder","10":"taxable","11":"shipping-taxable","12":"product-type-simple"},"yoast_head":"<!-- This site is optimized with the Yoast SEO plugin v26.9 - https:\/\/yoast.com\/product\/yoast-seo-wordpress\/ -->\n<title>UHP s\u00e4ili\u00f6 Showeron Shower-200 (200L) - IBC konteineri m&uuml;&uuml;k, vaadid, kraanid, mahutid<\/title>\n<meta name=\"description\" content=\"Suihkus\u00e4ili\u00f6, jonka tilavuus on 200 l. T\u00e4ll\u00e4 s\u00e4ili\u00f6ll\u00e4 voit helposti rakentaa ulkosuihkun kaikissa olosuhteissa. Suihkus\u00e4ili\u00f6 on musta, joten siin\u00e4 oleva vesi l\u00e4mpenee nopeasti.\" \/>\n<meta name=\"robots\" content=\"index, follow, max-snippet:-1, max-image-preview:large, max-video-preview:-1\" \/>\n<link rel=\"canonical\" href=\"https:\/\/ibc.ee\/fi\/tuote\/uhp-sailio-showeron-shower-160-160l-copy\/\" \/>\n<meta property=\"og:locale\" content=\"fi_FI\" \/>\n<meta property=\"og:type\" content=\"article\" \/>\n<meta property=\"og:title\" content=\"UHP s\u00e4ili\u00f6 Showeron Shower-200 (200L) - IBC konteineri m&uuml;&uuml;k, vaadid, kraanid, mahutid\" \/>\n<meta property=\"og:description\" content=\"Suihkus\u00e4ili\u00f6, jonka tilavuus on 200 l. T\u00e4ll\u00e4 s\u00e4ili\u00f6ll\u00e4 voit helposti rakentaa ulkosuihkun kaikissa olosuhteissa. Suihkus\u00e4ili\u00f6 on musta, joten siin\u00e4 oleva vesi l\u00e4mpenee nopeasti.\" \/>\n<meta property=\"og:url\" content=\"https:\/\/ibc.ee\/fi\/tuote\/uhp-sailio-showeron-shower-160-160l-copy\/\" \/>\n<meta property=\"og:site_name\" content=\"IBC konteineri m&uuml;&uuml;k, vaadid, kraanid, mahutid\" \/>\n<meta property=\"article:modified_time\" content=\"2025-06-26T15:32:44+00:00\" \/>\n<meta property=\"og:image\" content=\"https:\/\/ibc.ee\/wp-content\/uploads\/2024\/05\/UHP_SHOWERON_SHOWER_200.jpg\" \/>\n\t<meta property=\"og:image:width\" content=\"1000\" \/>\n\t<meta property=\"og:image:height\" content=\"1000\" \/>\n\t<meta property=\"og:image:type\" content=\"image\/jpeg\" \/>\n<meta name=\"twitter:card\" content=\"summary_large_image\" \/>\n<meta name=\"twitter:label1\" content=\"Arvioitu lukuaika\" \/>\n\t<meta name=\"twitter:data1\" content=\"1 minuutti\" \/>\n<script type=\"application\/ld+json\" class=\"yoast-schema-graph\">{\"@context\":\"https:\/\/schema.org\",\"@graph\":[{\"@type\":\"WebPage\",\"@id\":\"https:\/\/ibc.ee\/fi\/tuote\/uhp-sailio-showeron-shower-160-160l-copy\/\",\"url\":\"https:\/\/ibc.ee\/fi\/tuote\/uhp-sailio-showeron-shower-160-160l-copy\/\",\"name\":\"UHP s\u00e4ili\u00f6 Showeron Shower-200 (200L) - IBC konteineri m&uuml;&uuml;k, vaadid, kraanid, mahutid\",\"isPartOf\":{\"@id\":\"https:\/\/www.ibc.ee\/fi\/#website\"},\"primaryImageOfPage\":{\"@id\":\"https:\/\/ibc.ee\/fi\/tuote\/uhp-sailio-showeron-shower-160-160l-copy\/#primaryimage\"},\"image\":{\"@id\":\"https:\/\/ibc.ee\/fi\/tuote\/uhp-sailio-showeron-shower-160-160l-copy\/#primaryimage\"},\"thumbnailUrl\":\"https:\/\/ibc.ee\/wp-content\/uploads\/2024\/05\/UHP_SHOWERON_SHOWER_200.jpg\",\"datePublished\":\"2024-05-05T17:49:15+00:00\",\"dateModified\":\"2025-06-26T15:32:44+00:00\",\"description\":\"Suihkus\u00e4ili\u00f6, jonka tilavuus on 200 l. T\u00e4ll\u00e4 s\u00e4ili\u00f6ll\u00e4 voit helposti rakentaa ulkosuihkun kaikissa olosuhteissa. Suihkus\u00e4ili\u00f6 on musta, joten siin\u00e4 oleva vesi l\u00e4mpenee nopeasti.\",\"breadcrumb\":{\"@id\":\"https:\/\/ibc.ee\/fi\/tuote\/uhp-sailio-showeron-shower-160-160l-copy\/#breadcrumb\"},\"inLanguage\":\"fi\",\"potentialAction\":[{\"@type\":\"ReadAction\",\"target\":[\"https:\/\/ibc.ee\/fi\/tuote\/uhp-sailio-showeron-shower-160-160l-copy\/\"]}]},{\"@type\":\"ImageObject\",\"inLanguage\":\"fi\",\"@id\":\"https:\/\/ibc.ee\/fi\/tuote\/uhp-sailio-showeron-shower-160-160l-copy\/#primaryimage\",\"url\":\"https:\/\/ibc.ee\/wp-content\/uploads\/2024\/05\/UHP_SHOWERON_SHOWER_200.jpg\",\"contentUrl\":\"https:\/\/ibc.ee\/wp-content\/uploads\/2024\/05\/UHP_SHOWERON_SHOWER_200.jpg\",\"width\":1000,\"height\":1000,\"caption\":\"UHP s\u00e4ili\u00f6 Showeron Shower-200 (200L)\"},{\"@type\":\"BreadcrumbList\",\"@id\":\"https:\/\/ibc.ee\/fi\/tuote\/uhp-sailio-showeron-shower-160-160l-copy\/#breadcrumb\",\"itemListElement\":[{\"@type\":\"ListItem\",\"position\":1,\"name\":\"\u0413\u043b\u0430\u0432\u043d\u0430\u044f \u0441\u0442\u0440\u0430\u043d\u0438\u0446\u0430\",\"item\":\"https:\/\/www.ibc.ee\/fi\/\"},{\"@type\":\"ListItem\",\"position\":2,\"name\":\"Myym\u00e4l\u00e4\",\"item\":\"https:\/\/www.ibc.ee\/fi\/shop\/\"},{\"@type\":\"ListItem\",\"position\":3,\"name\":\"UHP s\u00e4ili\u00f6 Showeron Shower-200 (200L)\"}]},{\"@type\":\"WebSite\",\"@id\":\"https:\/\/www.ibc.ee\/fi\/#website\",\"url\":\"https:\/\/www.ibc.ee\/fi\/\",\"name\":\"IBC konteineri m&uuml;&uuml;k, vaadid, kraanid, mahutid\",\"description\":\"IBC - Tank container valve, Adapters\\\\fittings, Intermediate bulk, container, Drums\/cans\",\"potentialAction\":[{\"@type\":\"SearchAction\",\"target\":{\"@type\":\"EntryPoint\",\"urlTemplate\":\"https:\/\/www.ibc.ee\/fi\/?s={search_term_string}\"},\"query-input\":{\"@type\":\"PropertyValueSpecification\",\"valueRequired\":true,\"valueName\":\"search_term_string\"}}],\"inLanguage\":\"fi\"}]}<\/script>\n<!-- \/ Yoast SEO plugin. -->","yoast_head_json":{"title":"UHP s\u00e4ili\u00f6 Showeron Shower-200 (200L) - IBC konteineri m&uuml;&uuml;k, vaadid, kraanid, mahutid","description":"Suihkus\u00e4ili\u00f6, jonka tilavuus on 200 l. T\u00e4ll\u00e4 s\u00e4ili\u00f6ll\u00e4 voit helposti rakentaa ulkosuihkun kaikissa olosuhteissa. Suihkus\u00e4ili\u00f6 on musta, joten siin\u00e4 oleva vesi l\u00e4mpenee nopeasti.","robots":{"index":"index","follow":"follow","max-snippet":"max-snippet:-1","max-image-preview":"max-image-preview:large","max-video-preview":"max-video-preview:-1"},"canonical":"https:\/\/ibc.ee\/fi\/tuote\/uhp-sailio-showeron-shower-160-160l-copy\/","og_locale":"fi_FI","og_type":"article","og_title":"UHP s\u00e4ili\u00f6 Showeron Shower-200 (200L) - IBC konteineri m&uuml;&uuml;k, vaadid, kraanid, mahutid","og_description":"Suihkus\u00e4ili\u00f6, jonka tilavuus on 200 l. T\u00e4ll\u00e4 s\u00e4ili\u00f6ll\u00e4 voit helposti rakentaa ulkosuihkun kaikissa olosuhteissa. Suihkus\u00e4ili\u00f6 on musta, joten siin\u00e4 oleva vesi l\u00e4mpenee nopeasti.","og_url":"https:\/\/ibc.ee\/fi\/tuote\/uhp-sailio-showeron-shower-160-160l-copy\/","og_site_name":"IBC konteineri m&uuml;&uuml;k, vaadid, kraanid, mahutid","article_modified_time":"2025-06-26T15:32:44+00:00","og_image":[{"width":1000,"height":1000,"url":"https:\/\/ibc.ee\/wp-content\/uploads\/2024\/05\/UHP_SHOWERON_SHOWER_200.jpg","type":"image\/jpeg"}],"twitter_card":"summary_large_image","twitter_misc":{"Arvioitu lukuaika":"1 minuutti"},"schema":{"@context":"https:\/\/schema.org","@graph":[{"@type":"WebPage","@id":"https:\/\/ibc.ee\/fi\/tuote\/uhp-sailio-showeron-shower-160-160l-copy\/","url":"https:\/\/ibc.ee\/fi\/tuote\/uhp-sailio-showeron-shower-160-160l-copy\/","name":"UHP s\u00e4ili\u00f6 Showeron Shower-200 (200L) - IBC konteineri m&uuml;&uuml;k, vaadid, kraanid, mahutid","isPartOf":{"@id":"https:\/\/www.ibc.ee\/fi\/#website"},"primaryImageOfPage":{"@id":"https:\/\/ibc.ee\/fi\/tuote\/uhp-sailio-showeron-shower-160-160l-copy\/#primaryimage"},"image":{"@id":"https:\/\/ibc.ee\/fi\/tuote\/uhp-sailio-showeron-shower-160-160l-copy\/#primaryimage"},"thumbnailUrl":"https:\/\/ibc.ee\/wp-content\/uploads\/2024\/05\/UHP_SHOWERON_SHOWER_200.jpg","datePublished":"2024-05-05T17:49:15+00:00","dateModified":"2025-06-26T15:32:44+00:00","description":"Suihkus\u00e4ili\u00f6, jonka tilavuus on 200 l. T\u00e4ll\u00e4 s\u00e4ili\u00f6ll\u00e4 voit helposti rakentaa ulkosuihkun kaikissa olosuhteissa. Suihkus\u00e4ili\u00f6 on musta, joten siin\u00e4 oleva vesi l\u00e4mpenee nopeasti.","breadcrumb":{"@id":"https:\/\/ibc.ee\/fi\/tuote\/uhp-sailio-showeron-shower-160-160l-copy\/#breadcrumb"},"inLanguage":"fi","potentialAction":[{"@type":"ReadAction","target":["https:\/\/ibc.ee\/fi\/tuote\/uhp-sailio-showeron-shower-160-160l-copy\/"]}]},{"@type":"ImageObject","inLanguage":"fi","@id":"https:\/\/ibc.ee\/fi\/tuote\/uhp-sailio-showeron-shower-160-160l-copy\/#primaryimage","url":"https:\/\/ibc.ee\/wp-content\/uploads\/2024\/05\/UHP_SHOWERON_SHOWER_200.jpg","contentUrl":"https:\/\/ibc.ee\/wp-content\/uploads\/2024\/05\/UHP_SHOWERON_SHOWER_200.jpg","width":1000,"height":1000,"caption":"UHP s\u00e4ili\u00f6 Showeron Shower-200 (200L)"},{"@type":"BreadcrumbList","@id":"https:\/\/ibc.ee\/fi\/tuote\/uhp-sailio-showeron-shower-160-160l-copy\/#breadcrumb","itemListElement":[{"@type":"ListItem","position":1,"name":"\u0413\u043b\u0430\u0432\u043d\u0430\u044f \u0441\u0442\u0440\u0430\u043d\u0438\u0446\u0430","item":"https:\/\/www.ibc.ee\/fi\/"},{"@type":"ListItem","position":2,"name":"Myym\u00e4l\u00e4","item":"https:\/\/www.ibc.ee\/fi\/shop\/"},{"@type":"ListItem","position":3,"name":"UHP s\u00e4ili\u00f6 Showeron Shower-200 (200L)"}]},{"@type":"WebSite","@id":"https:\/\/www.ibc.ee\/fi\/#website","url":"https:\/\/www.ibc.ee\/fi\/","name":"IBC konteineri m&uuml;&uuml;k, vaadid, kraanid, mahutid","description":"IBC - Tank container valve, Adapters\\fittings, Intermediate bulk, container, Drums\/cans","potentialAction":[{"@type":"SearchAction","target":{"@type":"EntryPoint","urlTemplate":"https:\/\/www.ibc.ee\/fi\/?s={search_term_string}"},"query-input":{"@type":"PropertyValueSpecification","valueRequired":true,"valueName":"search_term_string"}}],"inLanguage":"fi"}]}},"_links":{"self":[{"href":"https:\/\/ibc.ee\/fi\/wp-json\/wp\/v2\/product\/21723","targetHints":{"allow":["GET"]}}],"collection":[{"href":"https:\/\/ibc.ee\/fi\/wp-json\/wp\/v2\/product"}],"about":[{"href":"https:\/\/ibc.ee\/fi\/wp-json\/wp\/v2\/types\/product"}],"wp:featuredmedia":[{"embeddable":true,"href":"https:\/\/ibc.ee\/fi\/wp-json\/wp\/v2\/media\/21729"}],"wp:attachment":[{"href":"https:\/\/ibc.ee\/fi\/wp-json\/wp\/v2\/media?parent=21723"}],"wp:term":[{"taxonomy":"product_brand","embeddable":true,"href":"https:\/\/ibc.ee\/fi\/wp-json\/wp\/v2\/product_brand?post=21723"},{"taxonomy":"product_cat","embeddable":true,"href":"https:\/\/ibc.ee\/fi\/wp-json\/wp\/v2\/product_cat?post=21723"},{"taxonomy":"product_tag","embeddable":true,"href":"https:\/\/ibc.ee\/fi\/wp-json\/wp\/v2\/product_tag?post=21723"}],"curies":[{"name":"wp","href":"https:\/\/api.w.org\/{rel}","templated":true}]}}