{"id":22151,"date":"2024-05-09T18:05:00","date_gmt":"2024-05-09T16:05:01","guid":{"rendered":"https:\/\/ibc.ee\/?post_type=product&#038;p=22151"},"modified":"2025-06-26T18:27:11","modified_gmt":"2025-06-26T16:27:11","slug":"uhp-sailio-verticon-chemo-transport-v-130-130l-copy","status":"publish","type":"product","link":"https:\/\/ibc.ee\/fi\/tuote\/uhp-sailio-verticon-chemo-transport-v-130-130l-copy\/","title":{"rendered":"UHP s\u00e4ili\u00f6 Verticon Chemo Transport V-200 (200L)"},"content":{"rendered":"<p>Eritt\u00e4in kest\u00e4v\u00e4 s\u00e4ili\u00f6, jonka tilavuus on 200 litraa, korkeus 85 cm ja halkaisija 58 cm. N\u00e4m\u00e4 s\u00e4ili\u00f6t on valmistettu korkealaatuisesta elintarvikepolyeteenist\u00e4 ja ne on suunniteltu juomaveden ja muiden nestem\u00e4isten aineiden varastointiin ja kuljettamiseen sek\u00e4 sadeveden ker\u00e4\u00e4miseen kastelua varten. S\u00e4ili\u00f6it\u00e4 voidaan k\u00e4ytt\u00e4\u00e4 my\u00f6s l\u00e4mmitys\u00f6ljyn, dieselpolttoaineen ja \u00f6ljytuotteiden kiinte\u00e4\u00e4n varastointiin<\/p>\n<p>V-200-muovisessa pystys\u00e4ili\u00f6ss\u00e4 on tasainen pohja ja 3,5 mm:n sein\u00e4m\u00e4n paksuus, mik\u00e4 tekee siit\u00e4 kest\u00e4v\u00e4n ja vakaan. S\u00e4ili\u00f6 on varustettu kierrekannilla. Liikkumisen helpottamiseksi ja nesteiden poistumisen helpottamiseksi tynnyrien yl\u00e4- ja alaosassa on syvennykset.<\/p>\n<p>S\u00e4ili\u00f6ll\u00e4 on Puolan hygieniatodistus PZH, joka mahdollistaa juomaveden varastoinnin.<\/p>\n","protected":false},"excerpt":{"rendered":"<p><strong>Ominaisuudet<\/strong><br \/>\nTilavuus: 200 l<br \/>\nKorkeus: 85 cm<br \/>\nHalkaisija: 58 cm.<br \/>\nKaulan halkaisija: 11 cm.<br \/>\nSein\u00e4n paksuus: 3,5 mm<br \/>\nYhteyslanka: &#8211;<\/p>\n<p><strong>Materiaali<\/strong><br \/>\n&#8211; Korkealaatuinen polyeteeni<br \/>\n&#8211; Eritt\u00e4in korkea kest\u00e4vyys<br \/>\n&#8211; Kest\u00e4\u00e4 kriittisi\u00e4 l\u00e4mp\u00f6tiloja (-40\u00b0\u0421 &#8211; +60\u00b0\u0421)<br \/>\n&#8211; Sopii elintarvikkeiden s\u00e4ilytykseen<br \/>\n&#8211; UV-kest\u00e4v\u00e4<\/p>\n","protected":false},"featured_media":22157,"template":"","meta":[],"product_brand":[],"product_cat":[423],"product_tag":[],"class_list":{"0":"post-22151","1":"product","2":"type-product","3":"status-publish","4":"has-post-thumbnail","6":"product_cat-uhp-tankit","7":"product_shipping_class-containers-fi","9":"first","10":"onbackorder","11":"taxable","12":"shipping-taxable","13":"product-type-simple"},"yoast_head":"<!-- This site is optimized with the Yoast SEO plugin v26.9 - https:\/\/yoast.com\/product\/yoast-seo-wordpress\/ -->\n<title>UHP s\u00e4ili\u00f6 Verticon Chemo Transport V-200 (200L) - IBC konteineri m&uuml;&uuml;k, vaadid, kraanid, mahutid<\/title>\n<meta name=\"description\" content=\"Eritt\u00e4in kest\u00e4v\u00e4 s\u00e4ili\u00f6, jonka tilavuus on 200 litraa, korkeus 85 cm ja halkaisija 58 cm.\" \/>\n<meta name=\"robots\" content=\"index, follow, max-snippet:-1, max-image-preview:large, max-video-preview:-1\" \/>\n<link rel=\"canonical\" href=\"https:\/\/ibc.ee\/fi\/tuote\/uhp-sailio-verticon-chemo-transport-v-130-130l-copy\/\" \/>\n<meta property=\"og:locale\" content=\"fi_FI\" \/>\n<meta property=\"og:type\" content=\"article\" \/>\n<meta property=\"og:title\" content=\"UHP s\u00e4ili\u00f6 Verticon Chemo Transport V-200 (200L) - IBC konteineri m&uuml;&uuml;k, vaadid, kraanid, mahutid\" \/>\n<meta property=\"og:description\" content=\"Eritt\u00e4in kest\u00e4v\u00e4 s\u00e4ili\u00f6, jonka tilavuus on 200 litraa, korkeus 85 cm ja halkaisija 58 cm.\" \/>\n<meta property=\"og:url\" content=\"https:\/\/ibc.ee\/fi\/tuote\/uhp-sailio-verticon-chemo-transport-v-130-130l-copy\/\" \/>\n<meta property=\"og:site_name\" content=\"IBC konteineri m&uuml;&uuml;k, vaadid, kraanid, mahutid\" \/>\n<meta property=\"article:modified_time\" content=\"2025-06-26T16:27:11+00:00\" \/>\n<meta property=\"og:image\" content=\"https:\/\/ibc.ee\/wp-content\/uploads\/2024\/05\/UHP-VERTICON-CHEMO-TRANSPORT-V-200.jpg\" \/>\n\t<meta property=\"og:image:width\" content=\"1000\" \/>\n\t<meta property=\"og:image:height\" content=\"1000\" \/>\n\t<meta property=\"og:image:type\" content=\"image\/jpeg\" \/>\n<meta name=\"twitter:card\" content=\"summary_large_image\" \/>\n<meta name=\"twitter:label1\" content=\"Arvioitu lukuaika\" \/>\n\t<meta name=\"twitter:data1\" content=\"1 minuutti\" \/>\n<script type=\"application\/ld+json\" class=\"yoast-schema-graph\">{\"@context\":\"https:\/\/schema.org\",\"@graph\":[{\"@type\":\"WebPage\",\"@id\":\"https:\/\/ibc.ee\/fi\/tuote\/uhp-sailio-verticon-chemo-transport-v-130-130l-copy\/\",\"url\":\"https:\/\/ibc.ee\/fi\/tuote\/uhp-sailio-verticon-chemo-transport-v-130-130l-copy\/\",\"name\":\"UHP s\u00e4ili\u00f6 Verticon Chemo Transport V-200 (200L) - IBC konteineri m&uuml;&uuml;k, vaadid, kraanid, mahutid\",\"isPartOf\":{\"@id\":\"https:\/\/www.ibc.ee\/fi\/#website\"},\"primaryImageOfPage\":{\"@id\":\"https:\/\/ibc.ee\/fi\/tuote\/uhp-sailio-verticon-chemo-transport-v-130-130l-copy\/#primaryimage\"},\"image\":{\"@id\":\"https:\/\/ibc.ee\/fi\/tuote\/uhp-sailio-verticon-chemo-transport-v-130-130l-copy\/#primaryimage\"},\"thumbnailUrl\":\"https:\/\/ibc.ee\/wp-content\/uploads\/2024\/05\/UHP-VERTICON-CHEMO-TRANSPORT-V-200.jpg\",\"datePublished\":\"2024-05-09T16:05:01+00:00\",\"dateModified\":\"2025-06-26T16:27:11+00:00\",\"description\":\"Eritt\u00e4in kest\u00e4v\u00e4 s\u00e4ili\u00f6, jonka tilavuus on 200 litraa, korkeus 85 cm ja halkaisija 58 cm.\",\"breadcrumb\":{\"@id\":\"https:\/\/ibc.ee\/fi\/tuote\/uhp-sailio-verticon-chemo-transport-v-130-130l-copy\/#breadcrumb\"},\"inLanguage\":\"fi\",\"potentialAction\":[{\"@type\":\"ReadAction\",\"target\":[\"https:\/\/ibc.ee\/fi\/tuote\/uhp-sailio-verticon-chemo-transport-v-130-130l-copy\/\"]}]},{\"@type\":\"ImageObject\",\"inLanguage\":\"fi\",\"@id\":\"https:\/\/ibc.ee\/fi\/tuote\/uhp-sailio-verticon-chemo-transport-v-130-130l-copy\/#primaryimage\",\"url\":\"https:\/\/ibc.ee\/wp-content\/uploads\/2024\/05\/UHP-VERTICON-CHEMO-TRANSPORT-V-200.jpg\",\"contentUrl\":\"https:\/\/ibc.ee\/wp-content\/uploads\/2024\/05\/UHP-VERTICON-CHEMO-TRANSPORT-V-200.jpg\",\"width\":1000,\"height\":1000,\"caption\":\"UHP s\u00e4ili\u00f6 Verticon Chemo Transport V-200 (200L)\"},{\"@type\":\"BreadcrumbList\",\"@id\":\"https:\/\/ibc.ee\/fi\/tuote\/uhp-sailio-verticon-chemo-transport-v-130-130l-copy\/#breadcrumb\",\"itemListElement\":[{\"@type\":\"ListItem\",\"position\":1,\"name\":\"\u0413\u043b\u0430\u0432\u043d\u0430\u044f \u0441\u0442\u0440\u0430\u043d\u0438\u0446\u0430\",\"item\":\"https:\/\/www.ibc.ee\/fi\/\"},{\"@type\":\"ListItem\",\"position\":2,\"name\":\"Myym\u00e4l\u00e4\",\"item\":\"https:\/\/www.ibc.ee\/fi\/shop\/\"},{\"@type\":\"ListItem\",\"position\":3,\"name\":\"UHP s\u00e4ili\u00f6 Verticon Chemo Transport V-200 (200L)\"}]},{\"@type\":\"WebSite\",\"@id\":\"https:\/\/www.ibc.ee\/fi\/#website\",\"url\":\"https:\/\/www.ibc.ee\/fi\/\",\"name\":\"IBC konteineri m&uuml;&uuml;k, vaadid, kraanid, mahutid\",\"description\":\"IBC - Tank container valve, Adapters\\\\fittings, Intermediate bulk, container, Drums\/cans\",\"potentialAction\":[{\"@type\":\"SearchAction\",\"target\":{\"@type\":\"EntryPoint\",\"urlTemplate\":\"https:\/\/www.ibc.ee\/fi\/?s={search_term_string}\"},\"query-input\":{\"@type\":\"PropertyValueSpecification\",\"valueRequired\":true,\"valueName\":\"search_term_string\"}}],\"inLanguage\":\"fi\"}]}<\/script>\n<!-- \/ Yoast SEO plugin. -->","yoast_head_json":{"title":"UHP s\u00e4ili\u00f6 Verticon Chemo Transport V-200 (200L) - IBC konteineri m&uuml;&uuml;k, vaadid, kraanid, mahutid","description":"Eritt\u00e4in kest\u00e4v\u00e4 s\u00e4ili\u00f6, jonka tilavuus on 200 litraa, korkeus 85 cm ja halkaisija 58 cm.","robots":{"index":"index","follow":"follow","max-snippet":"max-snippet:-1","max-image-preview":"max-image-preview:large","max-video-preview":"max-video-preview:-1"},"canonical":"https:\/\/ibc.ee\/fi\/tuote\/uhp-sailio-verticon-chemo-transport-v-130-130l-copy\/","og_locale":"fi_FI","og_type":"article","og_title":"UHP s\u00e4ili\u00f6 Verticon Chemo Transport V-200 (200L) - IBC konteineri m&uuml;&uuml;k, vaadid, kraanid, mahutid","og_description":"Eritt\u00e4in kest\u00e4v\u00e4 s\u00e4ili\u00f6, jonka tilavuus on 200 litraa, korkeus 85 cm ja halkaisija 58 cm.","og_url":"https:\/\/ibc.ee\/fi\/tuote\/uhp-sailio-verticon-chemo-transport-v-130-130l-copy\/","og_site_name":"IBC konteineri m&uuml;&uuml;k, vaadid, kraanid, mahutid","article_modified_time":"2025-06-26T16:27:11+00:00","og_image":[{"width":1000,"height":1000,"url":"https:\/\/ibc.ee\/wp-content\/uploads\/2024\/05\/UHP-VERTICON-CHEMO-TRANSPORT-V-200.jpg","type":"image\/jpeg"}],"twitter_card":"summary_large_image","twitter_misc":{"Arvioitu lukuaika":"1 minuutti"},"schema":{"@context":"https:\/\/schema.org","@graph":[{"@type":"WebPage","@id":"https:\/\/ibc.ee\/fi\/tuote\/uhp-sailio-verticon-chemo-transport-v-130-130l-copy\/","url":"https:\/\/ibc.ee\/fi\/tuote\/uhp-sailio-verticon-chemo-transport-v-130-130l-copy\/","name":"UHP s\u00e4ili\u00f6 Verticon Chemo Transport V-200 (200L) - IBC konteineri m&uuml;&uuml;k, vaadid, kraanid, mahutid","isPartOf":{"@id":"https:\/\/www.ibc.ee\/fi\/#website"},"primaryImageOfPage":{"@id":"https:\/\/ibc.ee\/fi\/tuote\/uhp-sailio-verticon-chemo-transport-v-130-130l-copy\/#primaryimage"},"image":{"@id":"https:\/\/ibc.ee\/fi\/tuote\/uhp-sailio-verticon-chemo-transport-v-130-130l-copy\/#primaryimage"},"thumbnailUrl":"https:\/\/ibc.ee\/wp-content\/uploads\/2024\/05\/UHP-VERTICON-CHEMO-TRANSPORT-V-200.jpg","datePublished":"2024-05-09T16:05:01+00:00","dateModified":"2025-06-26T16:27:11+00:00","description":"Eritt\u00e4in kest\u00e4v\u00e4 s\u00e4ili\u00f6, jonka tilavuus on 200 litraa, korkeus 85 cm ja halkaisija 58 cm.","breadcrumb":{"@id":"https:\/\/ibc.ee\/fi\/tuote\/uhp-sailio-verticon-chemo-transport-v-130-130l-copy\/#breadcrumb"},"inLanguage":"fi","potentialAction":[{"@type":"ReadAction","target":["https:\/\/ibc.ee\/fi\/tuote\/uhp-sailio-verticon-chemo-transport-v-130-130l-copy\/"]}]},{"@type":"ImageObject","inLanguage":"fi","@id":"https:\/\/ibc.ee\/fi\/tuote\/uhp-sailio-verticon-chemo-transport-v-130-130l-copy\/#primaryimage","url":"https:\/\/ibc.ee\/wp-content\/uploads\/2024\/05\/UHP-VERTICON-CHEMO-TRANSPORT-V-200.jpg","contentUrl":"https:\/\/ibc.ee\/wp-content\/uploads\/2024\/05\/UHP-VERTICON-CHEMO-TRANSPORT-V-200.jpg","width":1000,"height":1000,"caption":"UHP s\u00e4ili\u00f6 Verticon Chemo Transport V-200 (200L)"},{"@type":"BreadcrumbList","@id":"https:\/\/ibc.ee\/fi\/tuote\/uhp-sailio-verticon-chemo-transport-v-130-130l-copy\/#breadcrumb","itemListElement":[{"@type":"ListItem","position":1,"name":"\u0413\u043b\u0430\u0432\u043d\u0430\u044f \u0441\u0442\u0440\u0430\u043d\u0438\u0446\u0430","item":"https:\/\/www.ibc.ee\/fi\/"},{"@type":"ListItem","position":2,"name":"Myym\u00e4l\u00e4","item":"https:\/\/www.ibc.ee\/fi\/shop\/"},{"@type":"ListItem","position":3,"name":"UHP s\u00e4ili\u00f6 Verticon Chemo Transport V-200 (200L)"}]},{"@type":"WebSite","@id":"https:\/\/www.ibc.ee\/fi\/#website","url":"https:\/\/www.ibc.ee\/fi\/","name":"IBC konteineri m&uuml;&uuml;k, vaadid, kraanid, mahutid","description":"IBC - Tank container valve, Adapters\\fittings, Intermediate bulk, container, Drums\/cans","potentialAction":[{"@type":"SearchAction","target":{"@type":"EntryPoint","urlTemplate":"https:\/\/www.ibc.ee\/fi\/?s={search_term_string}"},"query-input":{"@type":"PropertyValueSpecification","valueRequired":true,"valueName":"search_term_string"}}],"inLanguage":"fi"}]}},"_links":{"self":[{"href":"https:\/\/ibc.ee\/fi\/wp-json\/wp\/v2\/product\/22151","targetHints":{"allow":["GET"]}}],"collection":[{"href":"https:\/\/ibc.ee\/fi\/wp-json\/wp\/v2\/product"}],"about":[{"href":"https:\/\/ibc.ee\/fi\/wp-json\/wp\/v2\/types\/product"}],"wp:featuredmedia":[{"embeddable":true,"href":"https:\/\/ibc.ee\/fi\/wp-json\/wp\/v2\/media\/22157"}],"wp:attachment":[{"href":"https:\/\/ibc.ee\/fi\/wp-json\/wp\/v2\/media?parent=22151"}],"wp:term":[{"taxonomy":"product_brand","embeddable":true,"href":"https:\/\/ibc.ee\/fi\/wp-json\/wp\/v2\/product_brand?post=22151"},{"taxonomy":"product_cat","embeddable":true,"href":"https:\/\/ibc.ee\/fi\/wp-json\/wp\/v2\/product_cat?post=22151"},{"taxonomy":"product_tag","embeddable":true,"href":"https:\/\/ibc.ee\/fi\/wp-json\/wp\/v2\/product_tag?post=22151"}],"curies":[{"name":"wp","href":"https:\/\/api.w.org\/{rel}","templated":true}]}}