{"id":24041,"date":"2025-07-02T09:45:59","date_gmt":"2025-07-02T07:46:00","guid":{"rendered":"https:\/\/ibc.ee\/?post_type=product&#038;p=24041"},"modified":"2025-07-02T13:40:38","modified_gmt":"2025-07-02T11:40:38","slug":"tyhja-galvanoitu-terashakki-steelcage-ibc-1000","status":"publish","type":"product","link":"https:\/\/ibc.ee\/fi\/tuote\/tyhja-galvanoitu-terashakki-steelcage-ibc-1000\/","title":{"rendered":"Tyhj\u00e4 galvanoitu ter\u00e4sh\u00e4kki SteelCage IBC 1000"},"content":{"rendered":"<p><strong>N\u00e4m\u00e4 1000 litran IBC-h\u00e4kit sopivat erinomaisesti:<\/strong><br \/>\n&#8211; IBC-sis\u00e4tiloihin<br \/>\n&#8211; Polttopuutelineisiin \/ tukkis\u00e4ilytykseen<br \/>\n&#8211; Rengastelineisiin \/ py\u00f6rien s\u00e4ilytykseen<br \/>\n&#8211; Rakennusj\u00e4tteen s\u00e4ilytykseen<br \/>\n&#8211; Hein\u00e4- tai olkis\u00e4ilytykseen<br \/>\n&#8211; Ulkokalusteiden runkoon<br \/>\n&#8211; Pystysuuntaiseen puutarharunkoon<\/p>\n<p>H\u00e4kin tilavuus on 1000 litraa tai kuutiometri. Ulkomitat ovat noin 1200 mm korkea, 1200 mm leve\u00e4 ja 1000 mm syv\u00e4. <\/p>\n","protected":false},"excerpt":{"rendered":"<p>Tyhj\u00e4 galvanoitu ter\u00e4sh\u00e4kki kest\u00e4v\u00e4ll\u00e4, kokonaan metallista komposiittiter\u00e4ksest\u00e4 valmistetulla pohjalavalla. Voidaan k\u00e4ytt\u00e4\u00e4 moniin ty\u00f6maalla teht\u00e4viin varastointi- ja kuljetusratkaisuihin. T\u00e4ydellinen tuotteen eheyden ja turvallisuuden yll\u00e4pit\u00e4miseen. Sopii vaurioituneiden runkojen korvaamiseen tai modulaaristen varastoyksik\u00f6iden kokoamiseen. Yhteensopiva vakio-IBC-sis\u00e4tilojen kanssa.    <\/p>\n","protected":false},"featured_media":24049,"template":"","meta":[],"product_brand":[],"product_cat":[182],"product_tag":[],"class_list":{"0":"post-24041","1":"product","2":"type-product","3":"status-publish","4":"has-post-thumbnail","6":"product_cat-kontti","7":"product_shipping_class-containers-fi","9":"first","10":"instock","11":"taxable","12":"shipping-taxable","13":"purchasable","14":"product-type-simple"},"yoast_head":"<!-- This site is optimized with the Yoast SEO plugin v26.9 - https:\/\/yoast.com\/product\/yoast-seo-wordpress\/ -->\n<title>Tyhj\u00e4 galvanoitu ter\u00e4sh\u00e4kki SteelCage IBC 1000 - IBC konteineri m&uuml;&uuml;k, vaadid, kraanid, mahutid<\/title>\n<meta name=\"description\" content=\"Galvanoitu ter\u00e4sh\u00e4kki kest\u00e4v\u00e4ll\u00e4, kokonaan metallista komposiittiter\u00e4ksest\u00e4 valmistetulla pohjalavalla SteelCage IBC 1000. Yhteensopiva vakio-IBC-sis\u00e4tilojen kanssa.\" \/>\n<meta name=\"robots\" content=\"index, follow, max-snippet:-1, max-image-preview:large, max-video-preview:-1\" \/>\n<link rel=\"canonical\" href=\"https:\/\/ibc.ee\/fi\/tuote\/tyhja-galvanoitu-terashakki-steelcage-ibc-1000\/\" \/>\n<meta property=\"og:locale\" content=\"fi_FI\" \/>\n<meta property=\"og:type\" content=\"article\" \/>\n<meta property=\"og:title\" content=\"Tyhj\u00e4 galvanoitu ter\u00e4sh\u00e4kki SteelCage IBC 1000 - IBC konteineri m&uuml;&uuml;k, vaadid, kraanid, mahutid\" \/>\n<meta property=\"og:description\" content=\"Galvanoitu ter\u00e4sh\u00e4kki kest\u00e4v\u00e4ll\u00e4, kokonaan metallista komposiittiter\u00e4ksest\u00e4 valmistetulla pohjalavalla SteelCage IBC 1000. Yhteensopiva vakio-IBC-sis\u00e4tilojen kanssa.\" \/>\n<meta property=\"og:url\" content=\"https:\/\/ibc.ee\/fi\/tuote\/tyhja-galvanoitu-terashakki-steelcage-ibc-1000\/\" \/>\n<meta property=\"og:site_name\" content=\"IBC konteineri m&uuml;&uuml;k, vaadid, kraanid, mahutid\" \/>\n<meta property=\"article:modified_time\" content=\"2025-07-02T11:40:38+00:00\" \/>\n<meta property=\"og:image\" content=\"https:\/\/ibc.ee\/wp-content\/uploads\/2025\/07\/Tsingitud-terasest-puur-SteelCage-IBC-1000.jpg\" \/>\n\t<meta property=\"og:image:width\" content=\"1000\" \/>\n\t<meta property=\"og:image:height\" content=\"1000\" \/>\n\t<meta property=\"og:image:type\" content=\"image\/jpeg\" \/>\n<meta name=\"twitter:card\" content=\"summary_large_image\" \/>\n<meta name=\"twitter:label1\" content=\"Arvioitu lukuaika\" \/>\n\t<meta name=\"twitter:data1\" content=\"1 minuutti\" \/>\n<script type=\"application\/ld+json\" class=\"yoast-schema-graph\">{\"@context\":\"https:\/\/schema.org\",\"@graph\":[{\"@type\":\"WebPage\",\"@id\":\"https:\/\/ibc.ee\/fi\/tuote\/tyhja-galvanoitu-terashakki-steelcage-ibc-1000\/\",\"url\":\"https:\/\/ibc.ee\/fi\/tuote\/tyhja-galvanoitu-terashakki-steelcage-ibc-1000\/\",\"name\":\"Tyhj\u00e4 galvanoitu ter\u00e4sh\u00e4kki SteelCage IBC 1000 - IBC konteineri m&uuml;&uuml;k, vaadid, kraanid, mahutid\",\"isPartOf\":{\"@id\":\"https:\/\/www.ibc.ee\/fi\/#website\"},\"primaryImageOfPage\":{\"@id\":\"https:\/\/ibc.ee\/fi\/tuote\/tyhja-galvanoitu-terashakki-steelcage-ibc-1000\/#primaryimage\"},\"image\":{\"@id\":\"https:\/\/ibc.ee\/fi\/tuote\/tyhja-galvanoitu-terashakki-steelcage-ibc-1000\/#primaryimage\"},\"thumbnailUrl\":\"https:\/\/ibc.ee\/wp-content\/uploads\/2025\/07\/Tsingitud-terasest-puur-SteelCage-IBC-1000.jpg\",\"datePublished\":\"2025-07-02T07:46:00+00:00\",\"dateModified\":\"2025-07-02T11:40:38+00:00\",\"description\":\"Galvanoitu ter\u00e4sh\u00e4kki kest\u00e4v\u00e4ll\u00e4, kokonaan metallista komposiittiter\u00e4ksest\u00e4 valmistetulla pohjalavalla SteelCage IBC 1000. Yhteensopiva vakio-IBC-sis\u00e4tilojen kanssa.\",\"breadcrumb\":{\"@id\":\"https:\/\/ibc.ee\/fi\/tuote\/tyhja-galvanoitu-terashakki-steelcage-ibc-1000\/#breadcrumb\"},\"inLanguage\":\"fi\",\"potentialAction\":[{\"@type\":\"ReadAction\",\"target\":[\"https:\/\/ibc.ee\/fi\/tuote\/tyhja-galvanoitu-terashakki-steelcage-ibc-1000\/\"]}]},{\"@type\":\"ImageObject\",\"inLanguage\":\"fi\",\"@id\":\"https:\/\/ibc.ee\/fi\/tuote\/tyhja-galvanoitu-terashakki-steelcage-ibc-1000\/#primaryimage\",\"url\":\"https:\/\/ibc.ee\/wp-content\/uploads\/2025\/07\/Tsingitud-terasest-puur-SteelCage-IBC-1000.jpg\",\"contentUrl\":\"https:\/\/ibc.ee\/wp-content\/uploads\/2025\/07\/Tsingitud-terasest-puur-SteelCage-IBC-1000.jpg\",\"width\":1000,\"height\":1000,\"caption\":\"Empty galvanised steel cage SteelCage IBC 1000\"},{\"@type\":\"BreadcrumbList\",\"@id\":\"https:\/\/ibc.ee\/fi\/tuote\/tyhja-galvanoitu-terashakki-steelcage-ibc-1000\/#breadcrumb\",\"itemListElement\":[{\"@type\":\"ListItem\",\"position\":1,\"name\":\"\u0413\u043b\u0430\u0432\u043d\u0430\u044f \u0441\u0442\u0440\u0430\u043d\u0438\u0446\u0430\",\"item\":\"https:\/\/www.ibc.ee\/fi\/\"},{\"@type\":\"ListItem\",\"position\":2,\"name\":\"Myym\u00e4l\u00e4\",\"item\":\"https:\/\/www.ibc.ee\/fi\/shop\/\"},{\"@type\":\"ListItem\",\"position\":3,\"name\":\"Tyhj\u00e4 galvanoitu ter\u00e4sh\u00e4kki SteelCage IBC 1000\"}]},{\"@type\":\"WebSite\",\"@id\":\"https:\/\/www.ibc.ee\/fi\/#website\",\"url\":\"https:\/\/www.ibc.ee\/fi\/\",\"name\":\"IBC konteineri m&uuml;&uuml;k, vaadid, kraanid, mahutid\",\"description\":\"IBC - Tank container valve, Adapters\\\\fittings, Intermediate bulk, container, Drums\/cans\",\"potentialAction\":[{\"@type\":\"SearchAction\",\"target\":{\"@type\":\"EntryPoint\",\"urlTemplate\":\"https:\/\/www.ibc.ee\/fi\/?s={search_term_string}\"},\"query-input\":{\"@type\":\"PropertyValueSpecification\",\"valueRequired\":true,\"valueName\":\"search_term_string\"}}],\"inLanguage\":\"fi\"}]}<\/script>\n<!-- \/ Yoast SEO plugin. -->","yoast_head_json":{"title":"Tyhj\u00e4 galvanoitu ter\u00e4sh\u00e4kki SteelCage IBC 1000 - IBC konteineri m&uuml;&uuml;k, vaadid, kraanid, mahutid","description":"Galvanoitu ter\u00e4sh\u00e4kki kest\u00e4v\u00e4ll\u00e4, kokonaan metallista komposiittiter\u00e4ksest\u00e4 valmistetulla pohjalavalla SteelCage IBC 1000. Yhteensopiva vakio-IBC-sis\u00e4tilojen kanssa.","robots":{"index":"index","follow":"follow","max-snippet":"max-snippet:-1","max-image-preview":"max-image-preview:large","max-video-preview":"max-video-preview:-1"},"canonical":"https:\/\/ibc.ee\/fi\/tuote\/tyhja-galvanoitu-terashakki-steelcage-ibc-1000\/","og_locale":"fi_FI","og_type":"article","og_title":"Tyhj\u00e4 galvanoitu ter\u00e4sh\u00e4kki SteelCage IBC 1000 - IBC konteineri m&uuml;&uuml;k, vaadid, kraanid, mahutid","og_description":"Galvanoitu ter\u00e4sh\u00e4kki kest\u00e4v\u00e4ll\u00e4, kokonaan metallista komposiittiter\u00e4ksest\u00e4 valmistetulla pohjalavalla SteelCage IBC 1000. Yhteensopiva vakio-IBC-sis\u00e4tilojen kanssa.","og_url":"https:\/\/ibc.ee\/fi\/tuote\/tyhja-galvanoitu-terashakki-steelcage-ibc-1000\/","og_site_name":"IBC konteineri m&uuml;&uuml;k, vaadid, kraanid, mahutid","article_modified_time":"2025-07-02T11:40:38+00:00","og_image":[{"width":1000,"height":1000,"url":"https:\/\/ibc.ee\/wp-content\/uploads\/2025\/07\/Tsingitud-terasest-puur-SteelCage-IBC-1000.jpg","type":"image\/jpeg"}],"twitter_card":"summary_large_image","twitter_misc":{"Arvioitu lukuaika":"1 minuutti"},"schema":{"@context":"https:\/\/schema.org","@graph":[{"@type":"WebPage","@id":"https:\/\/ibc.ee\/fi\/tuote\/tyhja-galvanoitu-terashakki-steelcage-ibc-1000\/","url":"https:\/\/ibc.ee\/fi\/tuote\/tyhja-galvanoitu-terashakki-steelcage-ibc-1000\/","name":"Tyhj\u00e4 galvanoitu ter\u00e4sh\u00e4kki SteelCage IBC 1000 - IBC konteineri m&uuml;&uuml;k, vaadid, kraanid, mahutid","isPartOf":{"@id":"https:\/\/www.ibc.ee\/fi\/#website"},"primaryImageOfPage":{"@id":"https:\/\/ibc.ee\/fi\/tuote\/tyhja-galvanoitu-terashakki-steelcage-ibc-1000\/#primaryimage"},"image":{"@id":"https:\/\/ibc.ee\/fi\/tuote\/tyhja-galvanoitu-terashakki-steelcage-ibc-1000\/#primaryimage"},"thumbnailUrl":"https:\/\/ibc.ee\/wp-content\/uploads\/2025\/07\/Tsingitud-terasest-puur-SteelCage-IBC-1000.jpg","datePublished":"2025-07-02T07:46:00+00:00","dateModified":"2025-07-02T11:40:38+00:00","description":"Galvanoitu ter\u00e4sh\u00e4kki kest\u00e4v\u00e4ll\u00e4, kokonaan metallista komposiittiter\u00e4ksest\u00e4 valmistetulla pohjalavalla SteelCage IBC 1000. Yhteensopiva vakio-IBC-sis\u00e4tilojen kanssa.","breadcrumb":{"@id":"https:\/\/ibc.ee\/fi\/tuote\/tyhja-galvanoitu-terashakki-steelcage-ibc-1000\/#breadcrumb"},"inLanguage":"fi","potentialAction":[{"@type":"ReadAction","target":["https:\/\/ibc.ee\/fi\/tuote\/tyhja-galvanoitu-terashakki-steelcage-ibc-1000\/"]}]},{"@type":"ImageObject","inLanguage":"fi","@id":"https:\/\/ibc.ee\/fi\/tuote\/tyhja-galvanoitu-terashakki-steelcage-ibc-1000\/#primaryimage","url":"https:\/\/ibc.ee\/wp-content\/uploads\/2025\/07\/Tsingitud-terasest-puur-SteelCage-IBC-1000.jpg","contentUrl":"https:\/\/ibc.ee\/wp-content\/uploads\/2025\/07\/Tsingitud-terasest-puur-SteelCage-IBC-1000.jpg","width":1000,"height":1000,"caption":"Empty galvanised steel cage SteelCage IBC 1000"},{"@type":"BreadcrumbList","@id":"https:\/\/ibc.ee\/fi\/tuote\/tyhja-galvanoitu-terashakki-steelcage-ibc-1000\/#breadcrumb","itemListElement":[{"@type":"ListItem","position":1,"name":"\u0413\u043b\u0430\u0432\u043d\u0430\u044f \u0441\u0442\u0440\u0430\u043d\u0438\u0446\u0430","item":"https:\/\/www.ibc.ee\/fi\/"},{"@type":"ListItem","position":2,"name":"Myym\u00e4l\u00e4","item":"https:\/\/www.ibc.ee\/fi\/shop\/"},{"@type":"ListItem","position":3,"name":"Tyhj\u00e4 galvanoitu ter\u00e4sh\u00e4kki SteelCage IBC 1000"}]},{"@type":"WebSite","@id":"https:\/\/www.ibc.ee\/fi\/#website","url":"https:\/\/www.ibc.ee\/fi\/","name":"IBC konteineri m&uuml;&uuml;k, vaadid, kraanid, mahutid","description":"IBC - Tank container valve, Adapters\\fittings, Intermediate bulk, container, Drums\/cans","potentialAction":[{"@type":"SearchAction","target":{"@type":"EntryPoint","urlTemplate":"https:\/\/www.ibc.ee\/fi\/?s={search_term_string}"},"query-input":{"@type":"PropertyValueSpecification","valueRequired":true,"valueName":"search_term_string"}}],"inLanguage":"fi"}]}},"_links":{"self":[{"href":"https:\/\/ibc.ee\/fi\/wp-json\/wp\/v2\/product\/24041","targetHints":{"allow":["GET"]}}],"collection":[{"href":"https:\/\/ibc.ee\/fi\/wp-json\/wp\/v2\/product"}],"about":[{"href":"https:\/\/ibc.ee\/fi\/wp-json\/wp\/v2\/types\/product"}],"wp:featuredmedia":[{"embeddable":true,"href":"https:\/\/ibc.ee\/fi\/wp-json\/wp\/v2\/media\/24049"}],"wp:attachment":[{"href":"https:\/\/ibc.ee\/fi\/wp-json\/wp\/v2\/media?parent=24041"}],"wp:term":[{"taxonomy":"product_brand","embeddable":true,"href":"https:\/\/ibc.ee\/fi\/wp-json\/wp\/v2\/product_brand?post=24041"},{"taxonomy":"product_cat","embeddable":true,"href":"https:\/\/ibc.ee\/fi\/wp-json\/wp\/v2\/product_cat?post=24041"},{"taxonomy":"product_tag","embeddable":true,"href":"https:\/\/ibc.ee\/fi\/wp-json\/wp\/v2\/product_tag?post=24041"}],"curies":[{"name":"wp","href":"https:\/\/api.w.org\/{rel}","templated":true}]}}