{"id":24061,"date":"2025-07-02T12:31:07","date_gmt":"2025-07-02T10:31:08","guid":{"rendered":"https:\/\/ibc.ee\/?post_type=product&#038;p=24061"},"modified":"2025-07-02T13:58:48","modified_gmt":"2025-07-02T11:58:48","slug":"budget-ibc-sisasailio-draininner-ibc-1000","status":"publish","type":"product","link":"https:\/\/ibc.ee\/fi\/tuote\/budget-ibc-sisasailio-draininner-ibc-1000\/","title":{"rendered":"Budget IBC-sis\u00e4s\u00e4ili\u00f6 DrainInner IBC 1000"},"content":{"rendered":"<p><strong>N\u00e4m\u00e4 IBC-sis\u00e4s\u00e4ili\u00f6t sopivat ihanteellisesti:<\/strong><br \/>\n&#8211; Sadeveden ker\u00e4\u00e4miseen (asianmukaisella tuella)<br \/>\n&#8211; Harmaan veden tilap\u00e4iseen ker\u00e4\u00e4miseen<br \/>\n&#8211; Maatilojen tai rakennusty\u00f6maiden salaojitukseen<br \/>\n&#8211; Tee-se-itse-maanalaisiin s\u00e4ili\u00f6ihin<br \/>\n&#8211; Painolastis\u00e4ili\u00f6ihin (kaivettuina tai suljettuina)<\/p>\n","protected":false},"excerpt":{"rendered":"<p>Etsitk\u00f6 edullista ratkaisua sadeveden ker\u00e4\u00e4miseen, salaojitukseen tai harmaan veden k\u00e4sittelyyn? DrainInner Insert on yksinkertainen ja viimeinen ratkaisusi ei-kriittisten nesteiden varastointiin. T\u00e4m\u00e4 on k\u00e4ytetty sis\u00e4s\u00e4ili\u00f6 1000 litran IBC-konteista, jotka on poistettu kemikaalik\u00e4yt\u00f6st\u00e4. Alkuper\u00e4inen venttiili ei ole en\u00e4\u00e4 toiminnallinen \u2013 se on sinet\u00f6ity turvallisuussyist\u00e4. Ei kehyst\u00e4, ei sertifikaatteja \u2013 vain muovikuori, joka on valmis palvelemaan lopullista tarkoitustaan.    <\/p>\n<p><strong>T\u00e4m\u00e4 on vain sis\u00e4s\u00e4ili\u00f6 (insertti) \u2013 ei runkoa, ei pohjaa.<\/strong><\/p>\n<p>Sit\u00e4 ei voida k\u00e4ytt\u00e4\u00e4 sellaisenaan avoimella maalla nesteiden k\u00e4sittelyyn \u2013 se ei ole itsekantava.<\/p>\n<p>Asennetaan ter\u00e4sh\u00e4kkiin, puulaatikkoon tai kaivetaan osittain maahan muodon s\u00e4ilytt\u00e4miseksi ja kaatumisen est\u00e4miseksi.<\/p>\n<p>Ei sovellu juomavedelle, elintarvikkeille tai paineistetuille j\u00e4rjestelmille. Pohjaventtiili on suljettu \u2013 t\u00e4ytt\u00f6 ja tyhjennys on teht\u00e4v\u00e4 vain yl\u00e4kannen kautta (pumpulla).  <\/p>\n","protected":false},"featured_media":24078,"template":"","meta":[],"product_brand":[],"product_cat":[182],"product_tag":[],"class_list":{"0":"post-24061","1":"product","2":"type-product","3":"status-publish","4":"has-post-thumbnail","6":"product_cat-kontti","7":"product_shipping_class-containers-fi","9":"first","10":"instock","11":"taxable","12":"shipping-taxable","13":"purchasable","14":"product-type-simple"},"yoast_head":"<!-- This site is optimized with the Yoast SEO plugin v26.9 - https:\/\/yoast.com\/product\/yoast-seo-wordpress\/ -->\n<title>Budget IBC-sis\u00e4s\u00e4ili\u00f6 DrainInner IBC 1000 - IBC konteineri m&uuml;&uuml;k, vaadid, kraanid, mahutid<\/title>\n<meta name=\"description\" content=\"Edullinen s\u00e4ili\u00f6 sadeveden ker\u00e4\u00e4miseen, viem\u00e4r\u00f6intiin tai harmaan veden k\u00e4sittelyyn. T\u00e4m\u00e4 on k\u00e4ytetty sis\u00e4s\u00e4ili\u00f6 1000 litran IBC-s\u00e4ili\u00f6ist\u00e4, jotka on poistettu kemikaalik\u00e4yt\u00f6st\u00e4.\" \/>\n<meta name=\"robots\" content=\"index, follow, max-snippet:-1, max-image-preview:large, max-video-preview:-1\" \/>\n<link rel=\"canonical\" href=\"https:\/\/ibc.ee\/fi\/tuote\/budget-ibc-sisasailio-draininner-ibc-1000\/\" \/>\n<meta property=\"og:locale\" content=\"fi_FI\" \/>\n<meta property=\"og:type\" content=\"article\" \/>\n<meta property=\"og:title\" content=\"Budget IBC-sis\u00e4s\u00e4ili\u00f6 DrainInner IBC 1000 - IBC konteineri m&uuml;&uuml;k, vaadid, kraanid, mahutid\" \/>\n<meta property=\"og:description\" content=\"Edullinen s\u00e4ili\u00f6 sadeveden ker\u00e4\u00e4miseen, viem\u00e4r\u00f6intiin tai harmaan veden k\u00e4sittelyyn. T\u00e4m\u00e4 on k\u00e4ytetty sis\u00e4s\u00e4ili\u00f6 1000 litran IBC-s\u00e4ili\u00f6ist\u00e4, jotka on poistettu kemikaalik\u00e4yt\u00f6st\u00e4.\" \/>\n<meta property=\"og:url\" content=\"https:\/\/ibc.ee\/fi\/tuote\/budget-ibc-sisasailio-draininner-ibc-1000\/\" \/>\n<meta property=\"og:site_name\" content=\"IBC konteineri m&uuml;&uuml;k, vaadid, kraanid, mahutid\" \/>\n<meta property=\"article:modified_time\" content=\"2025-07-02T11:58:48+00:00\" \/>\n<meta property=\"og:image\" content=\"https:\/\/www.ibc.ee\/wp-content\/uploads\/2025\/07\/Budget-IBC-inner-container-DrainInner-IBC-1000.jpg\" \/>\n\t<meta property=\"og:image:width\" content=\"1000\" \/>\n\t<meta property=\"og:image:height\" content=\"1000\" \/>\n\t<meta property=\"og:image:type\" content=\"image\/jpeg\" \/>\n<meta name=\"twitter:card\" content=\"summary_large_image\" \/>\n<meta name=\"twitter:label1\" content=\"Arvioitu lukuaika\" \/>\n\t<meta name=\"twitter:data1\" content=\"1 minuutti\" \/>\n<script type=\"application\/ld+json\" class=\"yoast-schema-graph\">{\"@context\":\"https:\/\/schema.org\",\"@graph\":[{\"@type\":\"WebPage\",\"@id\":\"https:\/\/ibc.ee\/fi\/tuote\/budget-ibc-sisasailio-draininner-ibc-1000\/\",\"url\":\"https:\/\/ibc.ee\/fi\/tuote\/budget-ibc-sisasailio-draininner-ibc-1000\/\",\"name\":\"Budget IBC-sis\u00e4s\u00e4ili\u00f6 DrainInner IBC 1000 - IBC konteineri m&uuml;&uuml;k, vaadid, kraanid, mahutid\",\"isPartOf\":{\"@id\":\"https:\/\/www.ibc.ee\/fi\/#website\"},\"primaryImageOfPage\":{\"@id\":\"https:\/\/ibc.ee\/fi\/tuote\/budget-ibc-sisasailio-draininner-ibc-1000\/#primaryimage\"},\"image\":{\"@id\":\"https:\/\/ibc.ee\/fi\/tuote\/budget-ibc-sisasailio-draininner-ibc-1000\/#primaryimage\"},\"thumbnailUrl\":\"https:\/\/ibc.ee\/wp-content\/uploads\/2025\/07\/Budget-IBC-inner-container-DrainInner-IBC-1000.jpg\",\"datePublished\":\"2025-07-02T10:31:08+00:00\",\"dateModified\":\"2025-07-02T11:58:48+00:00\",\"description\":\"Edullinen s\u00e4ili\u00f6 sadeveden ker\u00e4\u00e4miseen, viem\u00e4r\u00f6intiin tai harmaan veden k\u00e4sittelyyn. T\u00e4m\u00e4 on k\u00e4ytetty sis\u00e4s\u00e4ili\u00f6 1000 litran IBC-s\u00e4ili\u00f6ist\u00e4, jotka on poistettu kemikaalik\u00e4yt\u00f6st\u00e4.\",\"breadcrumb\":{\"@id\":\"https:\/\/ibc.ee\/fi\/tuote\/budget-ibc-sisasailio-draininner-ibc-1000\/#breadcrumb\"},\"inLanguage\":\"fi\",\"potentialAction\":[{\"@type\":\"ReadAction\",\"target\":[\"https:\/\/ibc.ee\/fi\/tuote\/budget-ibc-sisasailio-draininner-ibc-1000\/\"]}]},{\"@type\":\"ImageObject\",\"inLanguage\":\"fi\",\"@id\":\"https:\/\/ibc.ee\/fi\/tuote\/budget-ibc-sisasailio-draininner-ibc-1000\/#primaryimage\",\"url\":\"https:\/\/ibc.ee\/wp-content\/uploads\/2025\/07\/Budget-IBC-inner-container-DrainInner-IBC-1000.jpg\",\"contentUrl\":\"https:\/\/ibc.ee\/wp-content\/uploads\/2025\/07\/Budget-IBC-inner-container-DrainInner-IBC-1000.jpg\",\"width\":1000,\"height\":1000,\"caption\":\"Budget IBC inner container DrainInner IBC 1000\"},{\"@type\":\"BreadcrumbList\",\"@id\":\"https:\/\/ibc.ee\/fi\/tuote\/budget-ibc-sisasailio-draininner-ibc-1000\/#breadcrumb\",\"itemListElement\":[{\"@type\":\"ListItem\",\"position\":1,\"name\":\"\u0413\u043b\u0430\u0432\u043d\u0430\u044f \u0441\u0442\u0440\u0430\u043d\u0438\u0446\u0430\",\"item\":\"https:\/\/www.ibc.ee\/fi\/\"},{\"@type\":\"ListItem\",\"position\":2,\"name\":\"Myym\u00e4l\u00e4\",\"item\":\"https:\/\/www.ibc.ee\/fi\/shop\/\"},{\"@type\":\"ListItem\",\"position\":3,\"name\":\"Budget IBC-sis\u00e4s\u00e4ili\u00f6 DrainInner IBC 1000\"}]},{\"@type\":\"WebSite\",\"@id\":\"https:\/\/www.ibc.ee\/fi\/#website\",\"url\":\"https:\/\/www.ibc.ee\/fi\/\",\"name\":\"IBC konteineri m&uuml;&uuml;k, vaadid, kraanid, mahutid\",\"description\":\"IBC - Tank container valve, Adapters\\\\fittings, Intermediate bulk, container, Drums\/cans\",\"potentialAction\":[{\"@type\":\"SearchAction\",\"target\":{\"@type\":\"EntryPoint\",\"urlTemplate\":\"https:\/\/www.ibc.ee\/fi\/?s={search_term_string}\"},\"query-input\":{\"@type\":\"PropertyValueSpecification\",\"valueRequired\":true,\"valueName\":\"search_term_string\"}}],\"inLanguage\":\"fi\"}]}<\/script>\n<!-- \/ Yoast SEO plugin. -->","yoast_head_json":{"title":"Budget IBC-sis\u00e4s\u00e4ili\u00f6 DrainInner IBC 1000 - IBC konteineri m&uuml;&uuml;k, vaadid, kraanid, mahutid","description":"Edullinen s\u00e4ili\u00f6 sadeveden ker\u00e4\u00e4miseen, viem\u00e4r\u00f6intiin tai harmaan veden k\u00e4sittelyyn. T\u00e4m\u00e4 on k\u00e4ytetty sis\u00e4s\u00e4ili\u00f6 1000 litran IBC-s\u00e4ili\u00f6ist\u00e4, jotka on poistettu kemikaalik\u00e4yt\u00f6st\u00e4.","robots":{"index":"index","follow":"follow","max-snippet":"max-snippet:-1","max-image-preview":"max-image-preview:large","max-video-preview":"max-video-preview:-1"},"canonical":"https:\/\/ibc.ee\/fi\/tuote\/budget-ibc-sisasailio-draininner-ibc-1000\/","og_locale":"fi_FI","og_type":"article","og_title":"Budget IBC-sis\u00e4s\u00e4ili\u00f6 DrainInner IBC 1000 - IBC konteineri m&uuml;&uuml;k, vaadid, kraanid, mahutid","og_description":"Edullinen s\u00e4ili\u00f6 sadeveden ker\u00e4\u00e4miseen, viem\u00e4r\u00f6intiin tai harmaan veden k\u00e4sittelyyn. T\u00e4m\u00e4 on k\u00e4ytetty sis\u00e4s\u00e4ili\u00f6 1000 litran IBC-s\u00e4ili\u00f6ist\u00e4, jotka on poistettu kemikaalik\u00e4yt\u00f6st\u00e4.","og_url":"https:\/\/ibc.ee\/fi\/tuote\/budget-ibc-sisasailio-draininner-ibc-1000\/","og_site_name":"IBC konteineri m&uuml;&uuml;k, vaadid, kraanid, mahutid","article_modified_time":"2025-07-02T11:58:48+00:00","og_image":[{"width":1000,"height":1000,"url":"https:\/\/www.ibc.ee\/wp-content\/uploads\/2025\/07\/Budget-IBC-inner-container-DrainInner-IBC-1000.jpg","type":"image\/jpeg"}],"twitter_card":"summary_large_image","twitter_misc":{"Arvioitu lukuaika":"1 minuutti"},"schema":{"@context":"https:\/\/schema.org","@graph":[{"@type":"WebPage","@id":"https:\/\/ibc.ee\/fi\/tuote\/budget-ibc-sisasailio-draininner-ibc-1000\/","url":"https:\/\/ibc.ee\/fi\/tuote\/budget-ibc-sisasailio-draininner-ibc-1000\/","name":"Budget IBC-sis\u00e4s\u00e4ili\u00f6 DrainInner IBC 1000 - IBC konteineri m&uuml;&uuml;k, vaadid, kraanid, mahutid","isPartOf":{"@id":"https:\/\/www.ibc.ee\/fi\/#website"},"primaryImageOfPage":{"@id":"https:\/\/ibc.ee\/fi\/tuote\/budget-ibc-sisasailio-draininner-ibc-1000\/#primaryimage"},"image":{"@id":"https:\/\/ibc.ee\/fi\/tuote\/budget-ibc-sisasailio-draininner-ibc-1000\/#primaryimage"},"thumbnailUrl":"https:\/\/ibc.ee\/wp-content\/uploads\/2025\/07\/Budget-IBC-inner-container-DrainInner-IBC-1000.jpg","datePublished":"2025-07-02T10:31:08+00:00","dateModified":"2025-07-02T11:58:48+00:00","description":"Edullinen s\u00e4ili\u00f6 sadeveden ker\u00e4\u00e4miseen, viem\u00e4r\u00f6intiin tai harmaan veden k\u00e4sittelyyn. T\u00e4m\u00e4 on k\u00e4ytetty sis\u00e4s\u00e4ili\u00f6 1000 litran IBC-s\u00e4ili\u00f6ist\u00e4, jotka on poistettu kemikaalik\u00e4yt\u00f6st\u00e4.","breadcrumb":{"@id":"https:\/\/ibc.ee\/fi\/tuote\/budget-ibc-sisasailio-draininner-ibc-1000\/#breadcrumb"},"inLanguage":"fi","potentialAction":[{"@type":"ReadAction","target":["https:\/\/ibc.ee\/fi\/tuote\/budget-ibc-sisasailio-draininner-ibc-1000\/"]}]},{"@type":"ImageObject","inLanguage":"fi","@id":"https:\/\/ibc.ee\/fi\/tuote\/budget-ibc-sisasailio-draininner-ibc-1000\/#primaryimage","url":"https:\/\/ibc.ee\/wp-content\/uploads\/2025\/07\/Budget-IBC-inner-container-DrainInner-IBC-1000.jpg","contentUrl":"https:\/\/ibc.ee\/wp-content\/uploads\/2025\/07\/Budget-IBC-inner-container-DrainInner-IBC-1000.jpg","width":1000,"height":1000,"caption":"Budget IBC inner container DrainInner IBC 1000"},{"@type":"BreadcrumbList","@id":"https:\/\/ibc.ee\/fi\/tuote\/budget-ibc-sisasailio-draininner-ibc-1000\/#breadcrumb","itemListElement":[{"@type":"ListItem","position":1,"name":"\u0413\u043b\u0430\u0432\u043d\u0430\u044f \u0441\u0442\u0440\u0430\u043d\u0438\u0446\u0430","item":"https:\/\/www.ibc.ee\/fi\/"},{"@type":"ListItem","position":2,"name":"Myym\u00e4l\u00e4","item":"https:\/\/www.ibc.ee\/fi\/shop\/"},{"@type":"ListItem","position":3,"name":"Budget IBC-sis\u00e4s\u00e4ili\u00f6 DrainInner IBC 1000"}]},{"@type":"WebSite","@id":"https:\/\/www.ibc.ee\/fi\/#website","url":"https:\/\/www.ibc.ee\/fi\/","name":"IBC konteineri m&uuml;&uuml;k, vaadid, kraanid, mahutid","description":"IBC - Tank container valve, Adapters\\fittings, Intermediate bulk, container, Drums\/cans","potentialAction":[{"@type":"SearchAction","target":{"@type":"EntryPoint","urlTemplate":"https:\/\/www.ibc.ee\/fi\/?s={search_term_string}"},"query-input":{"@type":"PropertyValueSpecification","valueRequired":true,"valueName":"search_term_string"}}],"inLanguage":"fi"}]}},"_links":{"self":[{"href":"https:\/\/ibc.ee\/fi\/wp-json\/wp\/v2\/product\/24061","targetHints":{"allow":["GET"]}}],"collection":[{"href":"https:\/\/ibc.ee\/fi\/wp-json\/wp\/v2\/product"}],"about":[{"href":"https:\/\/ibc.ee\/fi\/wp-json\/wp\/v2\/types\/product"}],"wp:featuredmedia":[{"embeddable":true,"href":"https:\/\/ibc.ee\/fi\/wp-json\/wp\/v2\/media\/24078"}],"wp:attachment":[{"href":"https:\/\/ibc.ee\/fi\/wp-json\/wp\/v2\/media?parent=24061"}],"wp:term":[{"taxonomy":"product_brand","embeddable":true,"href":"https:\/\/ibc.ee\/fi\/wp-json\/wp\/v2\/product_brand?post=24061"},{"taxonomy":"product_cat","embeddable":true,"href":"https:\/\/ibc.ee\/fi\/wp-json\/wp\/v2\/product_cat?post=24061"},{"taxonomy":"product_tag","embeddable":true,"href":"https:\/\/ibc.ee\/fi\/wp-json\/wp\/v2\/product_tag?post=24061"}],"curies":[{"name":"wp","href":"https:\/\/api.w.org\/{rel}","templated":true}]}}