{"id":24136,"date":"2025-07-04T09:03:51","date_gmt":"2025-07-04T07:03:51","guid":{"rendered":"https:\/\/ibc.ee\/?post_type=product&#038;p=24136"},"modified":"2025-07-04T09:52:26","modified_gmt":"2025-07-04T07:52:26","slug":"newinner-un-fda-ibc-1000-sisainen-muovinen-sertifioitu-varastosailio","status":"publish","type":"product","link":"https:\/\/ibc.ee\/fi\/tuote\/newinner-un-fda-ibc-1000-sisainen-muovinen-sertifioitu-varastosailio\/","title":{"rendered":"NewInner UN+FDA IBC 1000 -sis\u00e4inen muovinen sertifioitu varastos\u00e4ili\u00f6"},"content":{"rendered":"<p>Tyypillisi\u00e4 sovelluksia:<br \/>\n<strong>\u2013 Elintarvike- ja juomateollisuus<\/strong><br \/>\nJuomavesi, siirapit, ruoka\u00f6ljyt, mehut, valmistusaineet, nestem\u00e4iset makeutusaineet<\/p>\n<p><strong>\u2013 Maatalous<\/strong><br \/>\nLannoiteliuokset, viljelykasvien lis\u00e4aineet, orgaaniset uutteet, kastelunesteet elintarviketuotantoon<\/p>\n<p><strong>\u2013 Kemianteollisuus<\/strong><br \/>\nHapot, em\u00e4kset, liuottimet, pesuaineet, s\u00e4\u00e4nnellyt kemikaalit (YK-luokiteltu)<\/p>\n<p><strong>\u2013 L\u00e4\u00e4kkeet ja kosmetiikka<\/strong><br \/>\nRaaka-aineet, alkoholit, elintarviketurvalliset liuottimet, kosmetiikan pohja-aineet<\/p>\n<p><strong>\u2013 H\u00e4t\u00e4- ja humanitaarinen k\u00e4ytt\u00f6<\/strong><br \/>\nPuhtaan veden varastointi, kentt\u00e4k\u00e4ytt\u00f6, elintarvikelaatuisten nesteiden turvallinen kuljetus syrj\u00e4isille alueille<\/p>\n","protected":false},"excerpt":{"rendered":"<p>T\u00e4m\u00e4 on uusi IBC-sis\u00e4s\u00e4ili\u00f6 (vuoraus), joka on valmistettu neitsytkorkean tiheyden omaavasta polyeteenist\u00e4 (HDPE) ja on t\u00e4ysin sertifioitu sek\u00e4 elintarvikkeiden kanssa kosketuksiin joutumiseen ett\u00e4 vaarallisten nesteiden kuljetukseen.<br \/>\nSe sopii erinomaisesti olemassa olevien IBC-s\u00e4ili\u00f6iden korvaavaksi sis\u00e4s\u00e4ili\u00f6ksi tai itsen\u00e4iseksi s\u00e4ili\u00f6ksi r\u00e4\u00e4t\u00e4l\u00f6ityihin asennuksiin.<\/p>\n<p><strong>Sertifioinnit:<\/strong><br \/>\n&#8211; FDA-yhteensopiva (tai EC 1935\/2004) \u2013 Turvallinen juomavedelle ja elintarvikelaatuisille nesteille<br \/>\n&#8211; UN-sertifioitu \u2013 Hyv\u00e4ksytty vaarallisten aineiden varastointiin ja kuljetukseen (UN 31HA1\/Y)<br \/>\n&#8211; Valmistettu neitseellisest\u00e4 HDPE-muovista \u2013 ei kierr\u00e4tysmateriaalia, ei elintarvikkeille vaarallisia lis\u00e4aineita<\/p>\n<p><strong>T\u00e4rkeit\u00e4 huomioita:<\/strong><br \/>\n&#8211; Vain muovinen sis\u00e4osa \u2013 metallih\u00e4kki ja -lava eiv\u00e4t sis\u00e4lly toimitukseen<br \/>\n&#8211; Asennetaan yhteensopivan IBC-kehyksen sis\u00e4\u00e4n tai kiinnitet\u00e4\u00e4n asianmukaisesti<br \/>\n&#8211; Sertifioitu sek\u00e4 vaarallisten ett\u00e4 elintarvikelaatuisten nesteiden s\u00e4ilytykseen<\/p>\n","protected":false},"featured_media":24144,"template":"","meta":[],"product_brand":[],"product_cat":[182],"product_tag":[],"class_list":{"0":"post-24136","1":"product","2":"type-product","3":"status-publish","4":"has-post-thumbnail","6":"product_cat-kontti","7":"product_shipping_class-containers-fi","9":"first","10":"instock","11":"taxable","12":"shipping-taxable","13":"purchasable","14":"product-type-simple"},"yoast_head":"<!-- This site is optimized with the Yoast SEO plugin v26.9 - https:\/\/yoast.com\/product\/yoast-seo-wordpress\/ -->\n<title>NewInner UN+FDA IBC 1000 -sis\u00e4inen muovinen sertifioitu varastos\u00e4ili\u00f6 - IBC konteineri m&uuml;&uuml;k, vaadid, kraanid, mahutid<\/title>\n<meta name=\"description\" content=\"T\u00e4m\u00e4 on uusi IBC-sis\u00e4s\u00e4ili\u00f6 (vuoraus), joka on valmistettu neitsytkorkean tiheyden omaavasta polyeteenist\u00e4 (HDPE) ja on t\u00e4ysin sertifioitu sek\u00e4 elintarvikkeiden kanssa kosketuksiin joutumiseen ett\u00e4 vaarallisten nesteiden kuljetukseen.\" \/>\n<meta name=\"robots\" content=\"index, follow, max-snippet:-1, max-image-preview:large, max-video-preview:-1\" \/>\n<link rel=\"canonical\" href=\"https:\/\/ibc.ee\/fi\/tuote\/newinner-un-fda-ibc-1000-sisainen-muovinen-sertifioitu-varastosailio\/\" \/>\n<meta property=\"og:locale\" content=\"fi_FI\" \/>\n<meta property=\"og:type\" content=\"article\" \/>\n<meta property=\"og:title\" content=\"NewInner UN+FDA IBC 1000 -sis\u00e4inen muovinen sertifioitu varastos\u00e4ili\u00f6 - IBC konteineri m&uuml;&uuml;k, vaadid, kraanid, mahutid\" \/>\n<meta property=\"og:description\" content=\"T\u00e4m\u00e4 on uusi IBC-sis\u00e4s\u00e4ili\u00f6 (vuoraus), joka on valmistettu neitsytkorkean tiheyden omaavasta polyeteenist\u00e4 (HDPE) ja on t\u00e4ysin sertifioitu sek\u00e4 elintarvikkeiden kanssa kosketuksiin joutumiseen ett\u00e4 vaarallisten nesteiden kuljetukseen.\" \/>\n<meta property=\"og:url\" content=\"https:\/\/ibc.ee\/fi\/tuote\/newinner-un-fda-ibc-1000-sisainen-muovinen-sertifioitu-varastosailio\/\" \/>\n<meta property=\"og:site_name\" content=\"IBC konteineri m&uuml;&uuml;k, vaadid, kraanid, mahutid\" \/>\n<meta property=\"article:modified_time\" content=\"2025-07-04T07:52:26+00:00\" \/>\n<meta property=\"og:image\" content=\"https:\/\/ibc.ee\/wp-content\/uploads\/2025\/07\/NewInner-UN-IBC-1000-Inner-Plastic-UN-Certificated-Storage-Tank.jpg\" \/>\n\t<meta property=\"og:image:width\" content=\"1000\" \/>\n\t<meta property=\"og:image:height\" content=\"1000\" \/>\n\t<meta property=\"og:image:type\" content=\"image\/jpeg\" \/>\n<meta name=\"twitter:card\" content=\"summary_large_image\" \/>\n<meta name=\"twitter:label1\" content=\"Arvioitu lukuaika\" \/>\n\t<meta name=\"twitter:data1\" content=\"1 minuutti\" \/>\n<script type=\"application\/ld+json\" class=\"yoast-schema-graph\">{\"@context\":\"https:\/\/schema.org\",\"@graph\":[{\"@type\":\"WebPage\",\"@id\":\"https:\/\/ibc.ee\/fi\/tuote\/newinner-un-fda-ibc-1000-sisainen-muovinen-sertifioitu-varastosailio\/\",\"url\":\"https:\/\/ibc.ee\/fi\/tuote\/newinner-un-fda-ibc-1000-sisainen-muovinen-sertifioitu-varastosailio\/\",\"name\":\"NewInner UN+FDA IBC 1000 -sis\u00e4inen muovinen sertifioitu varastos\u00e4ili\u00f6 - IBC konteineri m&uuml;&uuml;k, vaadid, kraanid, mahutid\",\"isPartOf\":{\"@id\":\"https:\/\/ibc.ee\/fi\/#website\"},\"primaryImageOfPage\":{\"@id\":\"https:\/\/ibc.ee\/fi\/tuote\/newinner-un-fda-ibc-1000-sisainen-muovinen-sertifioitu-varastosailio\/#primaryimage\"},\"image\":{\"@id\":\"https:\/\/ibc.ee\/fi\/tuote\/newinner-un-fda-ibc-1000-sisainen-muovinen-sertifioitu-varastosailio\/#primaryimage\"},\"thumbnailUrl\":\"https:\/\/ibc.ee\/wp-content\/uploads\/2025\/07\/NewInner-UN-IBC-1000-Inner-Plastic-UN-Certificated-Storage-Tank.jpg\",\"datePublished\":\"2025-07-04T07:03:51+00:00\",\"dateModified\":\"2025-07-04T07:52:26+00:00\",\"description\":\"T\u00e4m\u00e4 on uusi IBC-sis\u00e4s\u00e4ili\u00f6 (vuoraus), joka on valmistettu neitsytkorkean tiheyden omaavasta polyeteenist\u00e4 (HDPE) ja on t\u00e4ysin sertifioitu sek\u00e4 elintarvikkeiden kanssa kosketuksiin joutumiseen ett\u00e4 vaarallisten nesteiden kuljetukseen.\",\"breadcrumb\":{\"@id\":\"https:\/\/ibc.ee\/fi\/tuote\/newinner-un-fda-ibc-1000-sisainen-muovinen-sertifioitu-varastosailio\/#breadcrumb\"},\"inLanguage\":\"fi\",\"potentialAction\":[{\"@type\":\"ReadAction\",\"target\":[\"https:\/\/ibc.ee\/fi\/tuote\/newinner-un-fda-ibc-1000-sisainen-muovinen-sertifioitu-varastosailio\/\"]}]},{\"@type\":\"ImageObject\",\"inLanguage\":\"fi\",\"@id\":\"https:\/\/ibc.ee\/fi\/tuote\/newinner-un-fda-ibc-1000-sisainen-muovinen-sertifioitu-varastosailio\/#primaryimage\",\"url\":\"https:\/\/ibc.ee\/wp-content\/uploads\/2025\/07\/NewInner-UN-IBC-1000-Inner-Plastic-UN-Certificated-Storage-Tank.jpg\",\"contentUrl\":\"https:\/\/ibc.ee\/wp-content\/uploads\/2025\/07\/NewInner-UN-IBC-1000-Inner-Plastic-UN-Certificated-Storage-Tank.jpg\",\"width\":1000,\"height\":1000,\"caption\":\"NewInner UN IBC 1000 Inner Plastic UN-Certificated Storage Tank\"},{\"@type\":\"BreadcrumbList\",\"@id\":\"https:\/\/ibc.ee\/fi\/tuote\/newinner-un-fda-ibc-1000-sisainen-muovinen-sertifioitu-varastosailio\/#breadcrumb\",\"itemListElement\":[{\"@type\":\"ListItem\",\"position\":1,\"name\":\"\u0413\u043b\u0430\u0432\u043d\u0430\u044f \u0441\u0442\u0440\u0430\u043d\u0438\u0446\u0430\",\"item\":\"https:\/\/ibc.ee\/fi\/\"},{\"@type\":\"ListItem\",\"position\":2,\"name\":\"Myym\u00e4l\u00e4\",\"item\":\"https:\/\/ibc.ee\/fi\/shop\/\"},{\"@type\":\"ListItem\",\"position\":3,\"name\":\"NewInner UN+FDA IBC 1000 -sis\u00e4inen muovinen sertifioitu varastos\u00e4ili\u00f6\"}]},{\"@type\":\"WebSite\",\"@id\":\"https:\/\/ibc.ee\/fi\/#website\",\"url\":\"https:\/\/ibc.ee\/fi\/\",\"name\":\"IBC konteineri m&uuml;&uuml;k, vaadid, kraanid, mahutid\",\"description\":\"IBC - Tank container valve, Adapters\\\\fittings, Intermediate bulk, container, Drums\/cans\",\"potentialAction\":[{\"@type\":\"SearchAction\",\"target\":{\"@type\":\"EntryPoint\",\"urlTemplate\":\"https:\/\/ibc.ee\/fi\/?s={search_term_string}\"},\"query-input\":{\"@type\":\"PropertyValueSpecification\",\"valueRequired\":true,\"valueName\":\"search_term_string\"}}],\"inLanguage\":\"fi\"}]}<\/script>\n<!-- \/ Yoast SEO plugin. -->","yoast_head_json":{"title":"NewInner UN+FDA IBC 1000 -sis\u00e4inen muovinen sertifioitu varastos\u00e4ili\u00f6 - IBC konteineri m&uuml;&uuml;k, vaadid, kraanid, mahutid","description":"T\u00e4m\u00e4 on uusi IBC-sis\u00e4s\u00e4ili\u00f6 (vuoraus), joka on valmistettu neitsytkorkean tiheyden omaavasta polyeteenist\u00e4 (HDPE) ja on t\u00e4ysin sertifioitu sek\u00e4 elintarvikkeiden kanssa kosketuksiin joutumiseen ett\u00e4 vaarallisten nesteiden kuljetukseen.","robots":{"index":"index","follow":"follow","max-snippet":"max-snippet:-1","max-image-preview":"max-image-preview:large","max-video-preview":"max-video-preview:-1"},"canonical":"https:\/\/ibc.ee\/fi\/tuote\/newinner-un-fda-ibc-1000-sisainen-muovinen-sertifioitu-varastosailio\/","og_locale":"fi_FI","og_type":"article","og_title":"NewInner UN+FDA IBC 1000 -sis\u00e4inen muovinen sertifioitu varastos\u00e4ili\u00f6 - IBC konteineri m&uuml;&uuml;k, vaadid, kraanid, mahutid","og_description":"T\u00e4m\u00e4 on uusi IBC-sis\u00e4s\u00e4ili\u00f6 (vuoraus), joka on valmistettu neitsytkorkean tiheyden omaavasta polyeteenist\u00e4 (HDPE) ja on t\u00e4ysin sertifioitu sek\u00e4 elintarvikkeiden kanssa kosketuksiin joutumiseen ett\u00e4 vaarallisten nesteiden kuljetukseen.","og_url":"https:\/\/ibc.ee\/fi\/tuote\/newinner-un-fda-ibc-1000-sisainen-muovinen-sertifioitu-varastosailio\/","og_site_name":"IBC konteineri m&uuml;&uuml;k, vaadid, kraanid, mahutid","article_modified_time":"2025-07-04T07:52:26+00:00","og_image":[{"width":1000,"height":1000,"url":"https:\/\/ibc.ee\/wp-content\/uploads\/2025\/07\/NewInner-UN-IBC-1000-Inner-Plastic-UN-Certificated-Storage-Tank.jpg","type":"image\/jpeg"}],"twitter_card":"summary_large_image","twitter_misc":{"Arvioitu lukuaika":"1 minuutti"},"schema":{"@context":"https:\/\/schema.org","@graph":[{"@type":"WebPage","@id":"https:\/\/ibc.ee\/fi\/tuote\/newinner-un-fda-ibc-1000-sisainen-muovinen-sertifioitu-varastosailio\/","url":"https:\/\/ibc.ee\/fi\/tuote\/newinner-un-fda-ibc-1000-sisainen-muovinen-sertifioitu-varastosailio\/","name":"NewInner UN+FDA IBC 1000 -sis\u00e4inen muovinen sertifioitu varastos\u00e4ili\u00f6 - IBC konteineri m&uuml;&uuml;k, vaadid, kraanid, mahutid","isPartOf":{"@id":"https:\/\/ibc.ee\/fi\/#website"},"primaryImageOfPage":{"@id":"https:\/\/ibc.ee\/fi\/tuote\/newinner-un-fda-ibc-1000-sisainen-muovinen-sertifioitu-varastosailio\/#primaryimage"},"image":{"@id":"https:\/\/ibc.ee\/fi\/tuote\/newinner-un-fda-ibc-1000-sisainen-muovinen-sertifioitu-varastosailio\/#primaryimage"},"thumbnailUrl":"https:\/\/ibc.ee\/wp-content\/uploads\/2025\/07\/NewInner-UN-IBC-1000-Inner-Plastic-UN-Certificated-Storage-Tank.jpg","datePublished":"2025-07-04T07:03:51+00:00","dateModified":"2025-07-04T07:52:26+00:00","description":"T\u00e4m\u00e4 on uusi IBC-sis\u00e4s\u00e4ili\u00f6 (vuoraus), joka on valmistettu neitsytkorkean tiheyden omaavasta polyeteenist\u00e4 (HDPE) ja on t\u00e4ysin sertifioitu sek\u00e4 elintarvikkeiden kanssa kosketuksiin joutumiseen ett\u00e4 vaarallisten nesteiden kuljetukseen.","breadcrumb":{"@id":"https:\/\/ibc.ee\/fi\/tuote\/newinner-un-fda-ibc-1000-sisainen-muovinen-sertifioitu-varastosailio\/#breadcrumb"},"inLanguage":"fi","potentialAction":[{"@type":"ReadAction","target":["https:\/\/ibc.ee\/fi\/tuote\/newinner-un-fda-ibc-1000-sisainen-muovinen-sertifioitu-varastosailio\/"]}]},{"@type":"ImageObject","inLanguage":"fi","@id":"https:\/\/ibc.ee\/fi\/tuote\/newinner-un-fda-ibc-1000-sisainen-muovinen-sertifioitu-varastosailio\/#primaryimage","url":"https:\/\/ibc.ee\/wp-content\/uploads\/2025\/07\/NewInner-UN-IBC-1000-Inner-Plastic-UN-Certificated-Storage-Tank.jpg","contentUrl":"https:\/\/ibc.ee\/wp-content\/uploads\/2025\/07\/NewInner-UN-IBC-1000-Inner-Plastic-UN-Certificated-Storage-Tank.jpg","width":1000,"height":1000,"caption":"NewInner UN IBC 1000 Inner Plastic UN-Certificated Storage Tank"},{"@type":"BreadcrumbList","@id":"https:\/\/ibc.ee\/fi\/tuote\/newinner-un-fda-ibc-1000-sisainen-muovinen-sertifioitu-varastosailio\/#breadcrumb","itemListElement":[{"@type":"ListItem","position":1,"name":"\u0413\u043b\u0430\u0432\u043d\u0430\u044f \u0441\u0442\u0440\u0430\u043d\u0438\u0446\u0430","item":"https:\/\/ibc.ee\/fi\/"},{"@type":"ListItem","position":2,"name":"Myym\u00e4l\u00e4","item":"https:\/\/ibc.ee\/fi\/shop\/"},{"@type":"ListItem","position":3,"name":"NewInner UN+FDA IBC 1000 -sis\u00e4inen muovinen sertifioitu varastos\u00e4ili\u00f6"}]},{"@type":"WebSite","@id":"https:\/\/ibc.ee\/fi\/#website","url":"https:\/\/ibc.ee\/fi\/","name":"IBC konteineri m&uuml;&uuml;k, vaadid, kraanid, mahutid","description":"IBC - Tank container valve, Adapters\\fittings, Intermediate bulk, container, Drums\/cans","potentialAction":[{"@type":"SearchAction","target":{"@type":"EntryPoint","urlTemplate":"https:\/\/ibc.ee\/fi\/?s={search_term_string}"},"query-input":{"@type":"PropertyValueSpecification","valueRequired":true,"valueName":"search_term_string"}}],"inLanguage":"fi"}]}},"_links":{"self":[{"href":"https:\/\/ibc.ee\/fi\/wp-json\/wp\/v2\/product\/24136","targetHints":{"allow":["GET"]}}],"collection":[{"href":"https:\/\/ibc.ee\/fi\/wp-json\/wp\/v2\/product"}],"about":[{"href":"https:\/\/ibc.ee\/fi\/wp-json\/wp\/v2\/types\/product"}],"wp:featuredmedia":[{"embeddable":true,"href":"https:\/\/ibc.ee\/fi\/wp-json\/wp\/v2\/media\/24144"}],"wp:attachment":[{"href":"https:\/\/ibc.ee\/fi\/wp-json\/wp\/v2\/media?parent=24136"}],"wp:term":[{"taxonomy":"product_brand","embeddable":true,"href":"https:\/\/ibc.ee\/fi\/wp-json\/wp\/v2\/product_brand?post=24136"},{"taxonomy":"product_cat","embeddable":true,"href":"https:\/\/ibc.ee\/fi\/wp-json\/wp\/v2\/product_cat?post=24136"},{"taxonomy":"product_tag","embeddable":true,"href":"https:\/\/ibc.ee\/fi\/wp-json\/wp\/v2\/product_tag?post=24136"}],"curies":[{"name":"wp","href":"https:\/\/api.w.org\/{rel}","templated":true}]}}