{"id":24177,"date":"2025-07-07T08:55:01","date_gmt":"2025-07-07T06:55:01","guid":{"rendered":"https:\/\/ibc.ee\/?post_type=product&#038;p=24177"},"modified":"2025-07-07T09:27:09","modified_gmt":"2025-07-07T07:27:09","slug":"techcube-ibc-1000-pesty-ex-fda-hyvaksytty-sailio","status":"publish","type":"product","link":"https:\/\/ibc.ee\/fi\/tuote\/techcube-ibc-1000-pesty-ex-fda-hyvaksytty-sailio\/","title":{"rendered":"TechCube IBC 1000 pesty ex-FDA-hyv\u00e4ksytty s\u00e4ili\u00f6"},"content":{"rendered":"<p><strong>Tyypilliset k\u00e4ytt\u00f6kohteet:<\/strong><br \/>\n&#8211; Tekniset nesteet ja harmaat vedet<br \/>\n&#8211; Sadeveden keruu (ei juomak\u00e4ytt\u00f6\u00f6n)<br \/>\n&#8211; Kasteluvesi ei-sy\u00f6t\u00e4ville kasveille<br \/>\n&#8211; Rakennusty\u00f6maan j\u00e4te- ja pesuvedet<br \/>\n&#8211; Nestem\u00e4isten j\u00e4tteiden ker\u00e4ys tai esik\u00e4sittely<br \/>\n&#8211; Teollisuuden huuhteluvesi tai puskuris\u00e4ili\u00f6<br \/>\n&#8211; H\u00e4t\u00e4tilanteiden nestes\u00e4ilytys (ei kulutukseen)<\/p>\n<p><strong>Ei sovellu:<\/strong><br \/>\n&#8211; Juomavesi<br \/>\n&#8211; Elintarvikkeiden tai juomien s\u00e4ilytys<br \/>\n&#8211; Virallinen elintarvikek\u00e4ytt\u00f6 tai sertifioitu k\u00e4ytt\u00f6<\/p>\n","protected":false},"excerpt":{"rendered":"<p>T\u00e4m\u00e4 on k\u00e4ytetty ja huolellisesti pesty IBC-s\u00e4ili\u00f6 (1000L), joka on alun perin valmistettu FDA-vaatimukset t\u00e4ytt\u00e4v\u00e4st\u00e4 elintarvikekelpoisesta HDPE-muovista, mutta jota on my\u00f6hemmin k\u00e4ytetty teollisten tai kemiallisten nesteiden s\u00e4ilytykseen.<br \/>\nVaikka s\u00e4ili\u00f6 on edelleen rakenteellisesti ehj\u00e4, se ei en\u00e4\u00e4 sovellu elintarvikkeille tai juomavedelle.<\/p>\n","protected":false},"featured_media":24185,"template":"","meta":[],"product_brand":[],"product_cat":[182],"product_tag":[],"class_list":{"0":"post-24177","1":"product","2":"type-product","3":"status-publish","4":"has-post-thumbnail","6":"product_cat-kontti","7":"product_shipping_class-containers-fi","9":"first","10":"instock","11":"taxable","12":"shipping-taxable","13":"purchasable","14":"product-type-simple"},"yoast_head":"<!-- This site is optimized with the Yoast SEO plugin v26.9 - https:\/\/yoast.com\/product\/yoast-seo-wordpress\/ -->\n<title>PureFlowCube IBC 1000 korkealaatuinen pesty FDA-s\u00e4ili\u00f6<\/title>\n<meta name=\"description\" content=\"T\u00e4m\u00e4 on k\u00e4ytetty ja huolellisesti pesty IBC-s\u00e4ili\u00f6, joka on alun perin valmistettu FDA-vaatimukset t\u00e4ytt\u00e4v\u00e4st\u00e4 elintarvikekelpoisesta HDPE-muovista, mutta jota on my\u00f6hemmin k\u00e4ytetty teollisten tai kemiallisten nesteiden s\u00e4ilytykseen.\" \/>\n<meta name=\"robots\" content=\"index, follow, max-snippet:-1, max-image-preview:large, max-video-preview:-1\" \/>\n<link rel=\"canonical\" href=\"https:\/\/ibc.ee\/fi\/tuote\/techcube-ibc-1000-pesty-ex-fda-hyvaksytty-sailio\/\" \/>\n<meta property=\"og:locale\" content=\"fi_FI\" \/>\n<meta property=\"og:type\" content=\"article\" \/>\n<meta property=\"og:title\" content=\"PureFlowCube IBC 1000 korkealaatuinen pesty FDA-s\u00e4ili\u00f6\" \/>\n<meta property=\"og:description\" content=\"T\u00e4m\u00e4 on k\u00e4ytetty ja huolellisesti pesty IBC-s\u00e4ili\u00f6, joka on alun perin valmistettu FDA-vaatimukset t\u00e4ytt\u00e4v\u00e4st\u00e4 elintarvikekelpoisesta HDPE-muovista, mutta jota on my\u00f6hemmin k\u00e4ytetty teollisten tai kemiallisten nesteiden s\u00e4ilytykseen.\" \/>\n<meta property=\"og:url\" content=\"https:\/\/ibc.ee\/fi\/tuote\/techcube-ibc-1000-pesty-ex-fda-hyvaksytty-sailio\/\" \/>\n<meta property=\"og:site_name\" content=\"IBC konteineri m&uuml;&uuml;k, vaadid, kraanid, mahutid\" \/>\n<meta property=\"article:modified_time\" content=\"2025-07-07T07:27:09+00:00\" \/>\n<meta property=\"og:image\" content=\"https:\/\/ibc.ee\/wp-content\/uploads\/2025\/07\/TechCube-IBC-1000-washed-ex-FDA-container.jpg\" \/>\n\t<meta property=\"og:image:width\" content=\"1000\" \/>\n\t<meta property=\"og:image:height\" content=\"1000\" \/>\n\t<meta property=\"og:image:type\" content=\"image\/jpeg\" \/>\n<meta name=\"twitter:card\" content=\"summary_large_image\" \/>\n<meta name=\"twitter:label1\" content=\"Arvioitu lukuaika\" \/>\n\t<meta name=\"twitter:data1\" content=\"1 minuutti\" \/>\n<script type=\"application\/ld+json\" class=\"yoast-schema-graph\">{\"@context\":\"https:\/\/schema.org\",\"@graph\":[{\"@type\":\"WebPage\",\"@id\":\"https:\/\/ibc.ee\/fi\/tuote\/techcube-ibc-1000-pesty-ex-fda-hyvaksytty-sailio\/\",\"url\":\"https:\/\/ibc.ee\/fi\/tuote\/techcube-ibc-1000-pesty-ex-fda-hyvaksytty-sailio\/\",\"name\":\"PureFlowCube IBC 1000 korkealaatuinen pesty FDA-s\u00e4ili\u00f6\",\"isPartOf\":{\"@id\":\"https:\/\/www.ibc.ee\/fi\/#website\"},\"primaryImageOfPage\":{\"@id\":\"https:\/\/ibc.ee\/fi\/tuote\/techcube-ibc-1000-pesty-ex-fda-hyvaksytty-sailio\/#primaryimage\"},\"image\":{\"@id\":\"https:\/\/ibc.ee\/fi\/tuote\/techcube-ibc-1000-pesty-ex-fda-hyvaksytty-sailio\/#primaryimage\"},\"thumbnailUrl\":\"https:\/\/ibc.ee\/wp-content\/uploads\/2025\/07\/TechCube-IBC-1000-washed-ex-FDA-container.jpg\",\"datePublished\":\"2025-07-07T06:55:01+00:00\",\"dateModified\":\"2025-07-07T07:27:09+00:00\",\"description\":\"T\u00e4m\u00e4 on k\u00e4ytetty ja huolellisesti pesty IBC-s\u00e4ili\u00f6, joka on alun perin valmistettu FDA-vaatimukset t\u00e4ytt\u00e4v\u00e4st\u00e4 elintarvikekelpoisesta HDPE-muovista, mutta jota on my\u00f6hemmin k\u00e4ytetty teollisten tai kemiallisten nesteiden s\u00e4ilytykseen.\",\"breadcrumb\":{\"@id\":\"https:\/\/ibc.ee\/fi\/tuote\/techcube-ibc-1000-pesty-ex-fda-hyvaksytty-sailio\/#breadcrumb\"},\"inLanguage\":\"fi\",\"potentialAction\":[{\"@type\":\"ReadAction\",\"target\":[\"https:\/\/ibc.ee\/fi\/tuote\/techcube-ibc-1000-pesty-ex-fda-hyvaksytty-sailio\/\"]}]},{\"@type\":\"ImageObject\",\"inLanguage\":\"fi\",\"@id\":\"https:\/\/ibc.ee\/fi\/tuote\/techcube-ibc-1000-pesty-ex-fda-hyvaksytty-sailio\/#primaryimage\",\"url\":\"https:\/\/ibc.ee\/wp-content\/uploads\/2025\/07\/TechCube-IBC-1000-washed-ex-FDA-container.jpg\",\"contentUrl\":\"https:\/\/ibc.ee\/wp-content\/uploads\/2025\/07\/TechCube-IBC-1000-washed-ex-FDA-container.jpg\",\"width\":1000,\"height\":1000,\"caption\":\"TechCube IBC 1000 washed ex-FDA container\"},{\"@type\":\"BreadcrumbList\",\"@id\":\"https:\/\/ibc.ee\/fi\/tuote\/techcube-ibc-1000-pesty-ex-fda-hyvaksytty-sailio\/#breadcrumb\",\"itemListElement\":[{\"@type\":\"ListItem\",\"position\":1,\"name\":\"\u0413\u043b\u0430\u0432\u043d\u0430\u044f \u0441\u0442\u0440\u0430\u043d\u0438\u0446\u0430\",\"item\":\"https:\/\/www.ibc.ee\/fi\/\"},{\"@type\":\"ListItem\",\"position\":2,\"name\":\"Myym\u00e4l\u00e4\",\"item\":\"https:\/\/www.ibc.ee\/fi\/shop\/\"},{\"@type\":\"ListItem\",\"position\":3,\"name\":\"TechCube IBC 1000 pesty ex-FDA-hyv\u00e4ksytty s\u00e4ili\u00f6\"}]},{\"@type\":\"WebSite\",\"@id\":\"https:\/\/www.ibc.ee\/fi\/#website\",\"url\":\"https:\/\/www.ibc.ee\/fi\/\",\"name\":\"IBC konteineri m&uuml;&uuml;k, vaadid, kraanid, mahutid\",\"description\":\"IBC - Tank container valve, Adapters\\\\fittings, Intermediate bulk, container, Drums\/cans\",\"potentialAction\":[{\"@type\":\"SearchAction\",\"target\":{\"@type\":\"EntryPoint\",\"urlTemplate\":\"https:\/\/www.ibc.ee\/fi\/?s={search_term_string}\"},\"query-input\":{\"@type\":\"PropertyValueSpecification\",\"valueRequired\":true,\"valueName\":\"search_term_string\"}}],\"inLanguage\":\"fi\"}]}<\/script>\n<!-- \/ Yoast SEO plugin. -->","yoast_head_json":{"title":"PureFlowCube IBC 1000 korkealaatuinen pesty FDA-s\u00e4ili\u00f6","description":"T\u00e4m\u00e4 on k\u00e4ytetty ja huolellisesti pesty IBC-s\u00e4ili\u00f6, joka on alun perin valmistettu FDA-vaatimukset t\u00e4ytt\u00e4v\u00e4st\u00e4 elintarvikekelpoisesta HDPE-muovista, mutta jota on my\u00f6hemmin k\u00e4ytetty teollisten tai kemiallisten nesteiden s\u00e4ilytykseen.","robots":{"index":"index","follow":"follow","max-snippet":"max-snippet:-1","max-image-preview":"max-image-preview:large","max-video-preview":"max-video-preview:-1"},"canonical":"https:\/\/ibc.ee\/fi\/tuote\/techcube-ibc-1000-pesty-ex-fda-hyvaksytty-sailio\/","og_locale":"fi_FI","og_type":"article","og_title":"PureFlowCube IBC 1000 korkealaatuinen pesty FDA-s\u00e4ili\u00f6","og_description":"T\u00e4m\u00e4 on k\u00e4ytetty ja huolellisesti pesty IBC-s\u00e4ili\u00f6, joka on alun perin valmistettu FDA-vaatimukset t\u00e4ytt\u00e4v\u00e4st\u00e4 elintarvikekelpoisesta HDPE-muovista, mutta jota on my\u00f6hemmin k\u00e4ytetty teollisten tai kemiallisten nesteiden s\u00e4ilytykseen.","og_url":"https:\/\/ibc.ee\/fi\/tuote\/techcube-ibc-1000-pesty-ex-fda-hyvaksytty-sailio\/","og_site_name":"IBC konteineri m&uuml;&uuml;k, vaadid, kraanid, mahutid","article_modified_time":"2025-07-07T07:27:09+00:00","og_image":[{"width":1000,"height":1000,"url":"https:\/\/ibc.ee\/wp-content\/uploads\/2025\/07\/TechCube-IBC-1000-washed-ex-FDA-container.jpg","type":"image\/jpeg"}],"twitter_card":"summary_large_image","twitter_misc":{"Arvioitu lukuaika":"1 minuutti"},"schema":{"@context":"https:\/\/schema.org","@graph":[{"@type":"WebPage","@id":"https:\/\/ibc.ee\/fi\/tuote\/techcube-ibc-1000-pesty-ex-fda-hyvaksytty-sailio\/","url":"https:\/\/ibc.ee\/fi\/tuote\/techcube-ibc-1000-pesty-ex-fda-hyvaksytty-sailio\/","name":"PureFlowCube IBC 1000 korkealaatuinen pesty FDA-s\u00e4ili\u00f6","isPartOf":{"@id":"https:\/\/www.ibc.ee\/fi\/#website"},"primaryImageOfPage":{"@id":"https:\/\/ibc.ee\/fi\/tuote\/techcube-ibc-1000-pesty-ex-fda-hyvaksytty-sailio\/#primaryimage"},"image":{"@id":"https:\/\/ibc.ee\/fi\/tuote\/techcube-ibc-1000-pesty-ex-fda-hyvaksytty-sailio\/#primaryimage"},"thumbnailUrl":"https:\/\/ibc.ee\/wp-content\/uploads\/2025\/07\/TechCube-IBC-1000-washed-ex-FDA-container.jpg","datePublished":"2025-07-07T06:55:01+00:00","dateModified":"2025-07-07T07:27:09+00:00","description":"T\u00e4m\u00e4 on k\u00e4ytetty ja huolellisesti pesty IBC-s\u00e4ili\u00f6, joka on alun perin valmistettu FDA-vaatimukset t\u00e4ytt\u00e4v\u00e4st\u00e4 elintarvikekelpoisesta HDPE-muovista, mutta jota on my\u00f6hemmin k\u00e4ytetty teollisten tai kemiallisten nesteiden s\u00e4ilytykseen.","breadcrumb":{"@id":"https:\/\/ibc.ee\/fi\/tuote\/techcube-ibc-1000-pesty-ex-fda-hyvaksytty-sailio\/#breadcrumb"},"inLanguage":"fi","potentialAction":[{"@type":"ReadAction","target":["https:\/\/ibc.ee\/fi\/tuote\/techcube-ibc-1000-pesty-ex-fda-hyvaksytty-sailio\/"]}]},{"@type":"ImageObject","inLanguage":"fi","@id":"https:\/\/ibc.ee\/fi\/tuote\/techcube-ibc-1000-pesty-ex-fda-hyvaksytty-sailio\/#primaryimage","url":"https:\/\/ibc.ee\/wp-content\/uploads\/2025\/07\/TechCube-IBC-1000-washed-ex-FDA-container.jpg","contentUrl":"https:\/\/ibc.ee\/wp-content\/uploads\/2025\/07\/TechCube-IBC-1000-washed-ex-FDA-container.jpg","width":1000,"height":1000,"caption":"TechCube IBC 1000 washed ex-FDA container"},{"@type":"BreadcrumbList","@id":"https:\/\/ibc.ee\/fi\/tuote\/techcube-ibc-1000-pesty-ex-fda-hyvaksytty-sailio\/#breadcrumb","itemListElement":[{"@type":"ListItem","position":1,"name":"\u0413\u043b\u0430\u0432\u043d\u0430\u044f \u0441\u0442\u0440\u0430\u043d\u0438\u0446\u0430","item":"https:\/\/www.ibc.ee\/fi\/"},{"@type":"ListItem","position":2,"name":"Myym\u00e4l\u00e4","item":"https:\/\/www.ibc.ee\/fi\/shop\/"},{"@type":"ListItem","position":3,"name":"TechCube IBC 1000 pesty ex-FDA-hyv\u00e4ksytty s\u00e4ili\u00f6"}]},{"@type":"WebSite","@id":"https:\/\/www.ibc.ee\/fi\/#website","url":"https:\/\/www.ibc.ee\/fi\/","name":"IBC konteineri m&uuml;&uuml;k, vaadid, kraanid, mahutid","description":"IBC - Tank container valve, Adapters\\fittings, Intermediate bulk, container, Drums\/cans","potentialAction":[{"@type":"SearchAction","target":{"@type":"EntryPoint","urlTemplate":"https:\/\/www.ibc.ee\/fi\/?s={search_term_string}"},"query-input":{"@type":"PropertyValueSpecification","valueRequired":true,"valueName":"search_term_string"}}],"inLanguage":"fi"}]}},"_links":{"self":[{"href":"https:\/\/ibc.ee\/fi\/wp-json\/wp\/v2\/product\/24177","targetHints":{"allow":["GET"]}}],"collection":[{"href":"https:\/\/ibc.ee\/fi\/wp-json\/wp\/v2\/product"}],"about":[{"href":"https:\/\/ibc.ee\/fi\/wp-json\/wp\/v2\/types\/product"}],"wp:featuredmedia":[{"embeddable":true,"href":"https:\/\/ibc.ee\/fi\/wp-json\/wp\/v2\/media\/24185"}],"wp:attachment":[{"href":"https:\/\/ibc.ee\/fi\/wp-json\/wp\/v2\/media?parent=24177"}],"wp:term":[{"taxonomy":"product_brand","embeddable":true,"href":"https:\/\/ibc.ee\/fi\/wp-json\/wp\/v2\/product_brand?post=24177"},{"taxonomy":"product_cat","embeddable":true,"href":"https:\/\/ibc.ee\/fi\/wp-json\/wp\/v2\/product_cat?post=24177"},{"taxonomy":"product_tag","embeddable":true,"href":"https:\/\/ibc.ee\/fi\/wp-json\/wp\/v2\/product_tag?post=24177"}],"curies":[{"name":"wp","href":"https:\/\/api.w.org\/{rel}","templated":true}]}}