{"id":24319,"date":"2025-07-10T15:25:03","date_gmt":"2025-07-10T13:35:47","guid":{"rendered":"https:\/\/ibc.ee\/product\/hdpe-pullo-500-ml-lapsiturvallisella-korkilla\/"},"modified":"2025-07-10T15:35:47","modified_gmt":"2025-07-10T13:35:47","slug":"hdpe-pullo-500-ml-lapsiturvallisella-korkilla","status":"publish","type":"product","link":"https:\/\/ibc.ee\/fi\/tuote\/hdpe-pullo-500-ml-lapsiturvallisella-korkilla\/","title":{"rendered":"HDPE Pullo 500 ml lapsiturvallisella korkilla"},"content":{"rendered":"<p><strong>Tyypilliset k\u00e4ytt\u00f6tarkoitukset:<\/strong><br \/>\n&#8211; Kotitalouskemikaalit: pesuaineet, puhdistusaineet, liuottimet<br \/>\n&#8211; L\u00e4\u00e4keteollisuus: siirapit, nestevalmisteet (ei-reseptil\u00e4\u00e4kkeet)<br \/>\n&#8211; Laboratoriot: n\u00e4ytteiden s\u00e4ilytys, kemikaalien annostelu<br \/>\n&#8211; Kosmetiikka &amp; hygienia: shampoot, voiteet, geelit<br \/>\n&#8211; Maatalous &amp; puutarhanhoito: kasviravinteet, torjunta-aineet<br \/>\n&#8211; DIY ja askartelu: maalit, liimat, musteet, lis\u00e4aineet<\/p>\n","protected":false},"excerpt":{"rendered":"<p>500 ml HDPE-pullo on kest\u00e4v\u00e4, kevyt ja kemikaaleja siet\u00e4v\u00e4 s\u00e4ili\u00f6, joka on suunniteltu erilaisten nesteiden turvalliseen varastointiin ja annosteluun. Pullo on valmistettu korkeatiheyksisest\u00e4 polyeteenist\u00e4 (HDPE), mik\u00e4 tekee siit\u00e4 elintarvikekelpoisen, reaktiivisuudeltaan neutraalin ja kierr\u00e4tett\u00e4v\u00e4n. <\/p>\n<p>Mukana tuleva lapsiturvallinen korkki lis\u00e4\u00e4 turvallisuutta, erityisesti silloin kun pulloa k\u00e4ytet\u00e4\u00e4n mahdollisesti haitallisten tai herkkien aineiden kanssa.<\/p>\n","protected":false},"featured_media":24310,"template":"","meta":[],"product_brand":[],"product_cat":[183],"product_tag":[],"class_list":{"0":"post-24319","1":"product","2":"type-product","3":"status-publish","4":"has-post-thumbnail","6":"product_cat-tynnyri-kanisteri","7":"product_shipping_class-omniva-fi","9":"first","10":"instock","11":"taxable","12":"shipping-taxable","13":"purchasable","14":"product-type-simple"},"yoast_head":"<!-- This site is optimized with the Yoast SEO plugin v26.9 - https:\/\/yoast.com\/product\/yoast-seo-wordpress\/ -->\n<title>HDPE Pullo 500 ml lapsiturvallisella korkilla - IBC konteineri m&uuml;&uuml;k, vaadid, kraanid, mahutid<\/title>\n<meta name=\"description\" content=\"500 ml HDPE-pullo on kest\u00e4v\u00e4, kevyt ja kemikaaleja siet\u00e4v\u00e4 s\u00e4ili\u00f6, joka on suunniteltu erilaisten nesteiden turvalliseen varastointiin ja annosteluun.\" \/>\n<meta name=\"robots\" content=\"index, follow, max-snippet:-1, max-image-preview:large, max-video-preview:-1\" \/>\n<link rel=\"canonical\" href=\"https:\/\/ibc.ee\/fi\/tuote\/hdpe-pullo-500-ml-lapsiturvallisella-korkilla\/\" \/>\n<meta property=\"og:locale\" content=\"fi_FI\" \/>\n<meta property=\"og:type\" content=\"article\" \/>\n<meta property=\"og:title\" content=\"HDPE Pullo 500 ml lapsiturvallisella korkilla - IBC konteineri m&uuml;&uuml;k, vaadid, kraanid, mahutid\" \/>\n<meta property=\"og:description\" content=\"500 ml HDPE-pullo on kest\u00e4v\u00e4, kevyt ja kemikaaleja siet\u00e4v\u00e4 s\u00e4ili\u00f6, joka on suunniteltu erilaisten nesteiden turvalliseen varastointiin ja annosteluun.\" \/>\n<meta property=\"og:url\" content=\"https:\/\/ibc.ee\/fi\/tuote\/hdpe-pullo-500-ml-lapsiturvallisella-korkilla\/\" \/>\n<meta property=\"og:site_name\" content=\"IBC konteineri m&uuml;&uuml;k, vaadid, kraanid, mahutid\" \/>\n<meta property=\"og:image\" content=\"https:\/\/ibc.ee\/wp-content\/uploads\/2025\/07\/HDPE-bottl-500ml.jpg\" \/>\n\t<meta property=\"og:image:width\" content=\"1000\" \/>\n\t<meta property=\"og:image:height\" content=\"1000\" \/>\n\t<meta property=\"og:image:type\" content=\"image\/jpeg\" \/>\n<meta name=\"twitter:card\" content=\"summary_large_image\" \/>\n<script type=\"application\/ld+json\" class=\"yoast-schema-graph\">{\"@context\":\"https:\/\/schema.org\",\"@graph\":[{\"@type\":\"WebPage\",\"@id\":\"https:\/\/ibc.ee\/fi\/tuote\/hdpe-pullo-500-ml-lapsiturvallisella-korkilla\/\",\"url\":\"https:\/\/ibc.ee\/fi\/tuote\/hdpe-pullo-500-ml-lapsiturvallisella-korkilla\/\",\"name\":\"HDPE Pullo 500 ml lapsiturvallisella korkilla - IBC konteineri m&uuml;&uuml;k, vaadid, kraanid, mahutid\",\"isPartOf\":{\"@id\":\"https:\/\/www.ibc.ee\/fi\/#website\"},\"primaryImageOfPage\":{\"@id\":\"https:\/\/ibc.ee\/fi\/tuote\/hdpe-pullo-500-ml-lapsiturvallisella-korkilla\/#primaryimage\"},\"image\":{\"@id\":\"https:\/\/ibc.ee\/fi\/tuote\/hdpe-pullo-500-ml-lapsiturvallisella-korkilla\/#primaryimage\"},\"thumbnailUrl\":\"https:\/\/ibc.ee\/wp-content\/uploads\/2025\/07\/HDPE-bottl-500ml.jpg\",\"datePublished\":\"2025-07-10T13:35:47+00:00\",\"description\":\"500 ml HDPE-pullo on kest\u00e4v\u00e4, kevyt ja kemikaaleja siet\u00e4v\u00e4 s\u00e4ili\u00f6, joka on suunniteltu erilaisten nesteiden turvalliseen varastointiin ja annosteluun.\",\"breadcrumb\":{\"@id\":\"https:\/\/ibc.ee\/fi\/tuote\/hdpe-pullo-500-ml-lapsiturvallisella-korkilla\/#breadcrumb\"},\"inLanguage\":\"fi\",\"potentialAction\":[{\"@type\":\"ReadAction\",\"target\":[\"https:\/\/ibc.ee\/fi\/tuote\/hdpe-pullo-500-ml-lapsiturvallisella-korkilla\/\"]}]},{\"@type\":\"ImageObject\",\"inLanguage\":\"fi\",\"@id\":\"https:\/\/ibc.ee\/fi\/tuote\/hdpe-pullo-500-ml-lapsiturvallisella-korkilla\/#primaryimage\",\"url\":\"https:\/\/ibc.ee\/wp-content\/uploads\/2025\/07\/HDPE-bottl-500ml.jpg\",\"contentUrl\":\"https:\/\/ibc.ee\/wp-content\/uploads\/2025\/07\/HDPE-bottl-500ml.jpg\",\"width\":1000,\"height\":1000,\"caption\":\"HDPE Bottle 500ml \u2013 with Child-Resistant Cap\"},{\"@type\":\"BreadcrumbList\",\"@id\":\"https:\/\/ibc.ee\/fi\/tuote\/hdpe-pullo-500-ml-lapsiturvallisella-korkilla\/#breadcrumb\",\"itemListElement\":[{\"@type\":\"ListItem\",\"position\":1,\"name\":\"\u0413\u043b\u0430\u0432\u043d\u0430\u044f \u0441\u0442\u0440\u0430\u043d\u0438\u0446\u0430\",\"item\":\"https:\/\/www.ibc.ee\/fi\/\"},{\"@type\":\"ListItem\",\"position\":2,\"name\":\"Myym\u00e4l\u00e4\",\"item\":\"https:\/\/www.ibc.ee\/fi\/shop\/\"},{\"@type\":\"ListItem\",\"position\":3,\"name\":\"HDPE Pullo 500 ml lapsiturvallisella korkilla\"}]},{\"@type\":\"WebSite\",\"@id\":\"https:\/\/www.ibc.ee\/fi\/#website\",\"url\":\"https:\/\/www.ibc.ee\/fi\/\",\"name\":\"IBC konteineri m&uuml;&uuml;k, vaadid, kraanid, mahutid\",\"description\":\"IBC - Tank container valve, Adapters\\\\fittings, Intermediate bulk, container, Drums\/cans\",\"potentialAction\":[{\"@type\":\"SearchAction\",\"target\":{\"@type\":\"EntryPoint\",\"urlTemplate\":\"https:\/\/www.ibc.ee\/fi\/?s={search_term_string}\"},\"query-input\":{\"@type\":\"PropertyValueSpecification\",\"valueRequired\":true,\"valueName\":\"search_term_string\"}}],\"inLanguage\":\"fi\"}]}<\/script>\n<!-- \/ Yoast SEO plugin. -->","yoast_head_json":{"title":"HDPE Pullo 500 ml lapsiturvallisella korkilla - IBC konteineri m&uuml;&uuml;k, vaadid, kraanid, mahutid","description":"500 ml HDPE-pullo on kest\u00e4v\u00e4, kevyt ja kemikaaleja siet\u00e4v\u00e4 s\u00e4ili\u00f6, joka on suunniteltu erilaisten nesteiden turvalliseen varastointiin ja annosteluun.","robots":{"index":"index","follow":"follow","max-snippet":"max-snippet:-1","max-image-preview":"max-image-preview:large","max-video-preview":"max-video-preview:-1"},"canonical":"https:\/\/ibc.ee\/fi\/tuote\/hdpe-pullo-500-ml-lapsiturvallisella-korkilla\/","og_locale":"fi_FI","og_type":"article","og_title":"HDPE Pullo 500 ml lapsiturvallisella korkilla - IBC konteineri m&uuml;&uuml;k, vaadid, kraanid, mahutid","og_description":"500 ml HDPE-pullo on kest\u00e4v\u00e4, kevyt ja kemikaaleja siet\u00e4v\u00e4 s\u00e4ili\u00f6, joka on suunniteltu erilaisten nesteiden turvalliseen varastointiin ja annosteluun.","og_url":"https:\/\/ibc.ee\/fi\/tuote\/hdpe-pullo-500-ml-lapsiturvallisella-korkilla\/","og_site_name":"IBC konteineri m&uuml;&uuml;k, vaadid, kraanid, mahutid","og_image":[{"width":1000,"height":1000,"url":"https:\/\/ibc.ee\/wp-content\/uploads\/2025\/07\/HDPE-bottl-500ml.jpg","type":"image\/jpeg"}],"twitter_card":"summary_large_image","schema":{"@context":"https:\/\/schema.org","@graph":[{"@type":"WebPage","@id":"https:\/\/ibc.ee\/fi\/tuote\/hdpe-pullo-500-ml-lapsiturvallisella-korkilla\/","url":"https:\/\/ibc.ee\/fi\/tuote\/hdpe-pullo-500-ml-lapsiturvallisella-korkilla\/","name":"HDPE Pullo 500 ml lapsiturvallisella korkilla - IBC konteineri m&uuml;&uuml;k, vaadid, kraanid, mahutid","isPartOf":{"@id":"https:\/\/www.ibc.ee\/fi\/#website"},"primaryImageOfPage":{"@id":"https:\/\/ibc.ee\/fi\/tuote\/hdpe-pullo-500-ml-lapsiturvallisella-korkilla\/#primaryimage"},"image":{"@id":"https:\/\/ibc.ee\/fi\/tuote\/hdpe-pullo-500-ml-lapsiturvallisella-korkilla\/#primaryimage"},"thumbnailUrl":"https:\/\/ibc.ee\/wp-content\/uploads\/2025\/07\/HDPE-bottl-500ml.jpg","datePublished":"2025-07-10T13:35:47+00:00","description":"500 ml HDPE-pullo on kest\u00e4v\u00e4, kevyt ja kemikaaleja siet\u00e4v\u00e4 s\u00e4ili\u00f6, joka on suunniteltu erilaisten nesteiden turvalliseen varastointiin ja annosteluun.","breadcrumb":{"@id":"https:\/\/ibc.ee\/fi\/tuote\/hdpe-pullo-500-ml-lapsiturvallisella-korkilla\/#breadcrumb"},"inLanguage":"fi","potentialAction":[{"@type":"ReadAction","target":["https:\/\/ibc.ee\/fi\/tuote\/hdpe-pullo-500-ml-lapsiturvallisella-korkilla\/"]}]},{"@type":"ImageObject","inLanguage":"fi","@id":"https:\/\/ibc.ee\/fi\/tuote\/hdpe-pullo-500-ml-lapsiturvallisella-korkilla\/#primaryimage","url":"https:\/\/ibc.ee\/wp-content\/uploads\/2025\/07\/HDPE-bottl-500ml.jpg","contentUrl":"https:\/\/ibc.ee\/wp-content\/uploads\/2025\/07\/HDPE-bottl-500ml.jpg","width":1000,"height":1000,"caption":"HDPE Bottle 500ml \u2013 with Child-Resistant Cap"},{"@type":"BreadcrumbList","@id":"https:\/\/ibc.ee\/fi\/tuote\/hdpe-pullo-500-ml-lapsiturvallisella-korkilla\/#breadcrumb","itemListElement":[{"@type":"ListItem","position":1,"name":"\u0413\u043b\u0430\u0432\u043d\u0430\u044f \u0441\u0442\u0440\u0430\u043d\u0438\u0446\u0430","item":"https:\/\/www.ibc.ee\/fi\/"},{"@type":"ListItem","position":2,"name":"Myym\u00e4l\u00e4","item":"https:\/\/www.ibc.ee\/fi\/shop\/"},{"@type":"ListItem","position":3,"name":"HDPE Pullo 500 ml lapsiturvallisella korkilla"}]},{"@type":"WebSite","@id":"https:\/\/www.ibc.ee\/fi\/#website","url":"https:\/\/www.ibc.ee\/fi\/","name":"IBC konteineri m&uuml;&uuml;k, vaadid, kraanid, mahutid","description":"IBC - Tank container valve, Adapters\\fittings, Intermediate bulk, container, Drums\/cans","potentialAction":[{"@type":"SearchAction","target":{"@type":"EntryPoint","urlTemplate":"https:\/\/www.ibc.ee\/fi\/?s={search_term_string}"},"query-input":{"@type":"PropertyValueSpecification","valueRequired":true,"valueName":"search_term_string"}}],"inLanguage":"fi"}]}},"_links":{"self":[{"href":"https:\/\/ibc.ee\/fi\/wp-json\/wp\/v2\/product\/24319","targetHints":{"allow":["GET"]}}],"collection":[{"href":"https:\/\/ibc.ee\/fi\/wp-json\/wp\/v2\/product"}],"about":[{"href":"https:\/\/ibc.ee\/fi\/wp-json\/wp\/v2\/types\/product"}],"wp:featuredmedia":[{"embeddable":true,"href":"https:\/\/ibc.ee\/fi\/wp-json\/wp\/v2\/media\/24310"}],"wp:attachment":[{"href":"https:\/\/ibc.ee\/fi\/wp-json\/wp\/v2\/media?parent=24319"}],"wp:term":[{"taxonomy":"product_brand","embeddable":true,"href":"https:\/\/ibc.ee\/fi\/wp-json\/wp\/v2\/product_brand?post=24319"},{"taxonomy":"product_cat","embeddable":true,"href":"https:\/\/ibc.ee\/fi\/wp-json\/wp\/v2\/product_cat?post=24319"},{"taxonomy":"product_tag","embeddable":true,"href":"https:\/\/ibc.ee\/fi\/wp-json\/wp\/v2\/product_tag?post=24319"}],"curies":[{"name":"wp","href":"https:\/\/api.w.org\/{rel}","templated":true}]}}