{"id":24365,"date":"2025-07-11T08:14:31","date_gmt":"2025-07-11T07:47:08","guid":{"rendered":"https:\/\/ibc.ee\/product\/teraskannu-500-ml-yk-1a1-x-luokitus-vaarallisille-nesteille\/"},"modified":"2025-07-11T09:47:08","modified_gmt":"2025-07-11T07:47:08","slug":"teraskannu-500-ml-yk-1a1-x-luokitus-vaarallisille-nesteille","status":"publish","type":"product","link":"https:\/\/ibc.ee\/fi\/tuote\/teraskannu-500-ml-yk-1a1-x-luokitus-vaarallisille-nesteille\/","title":{"rendered":"Ter\u00e4skannu 500 ml \u2013 YK 1A1 X-luokitus vaarallisille nesteille"},"content":{"rendered":"<p><strong>T\u00e4rkeimm\u00e4t ominaisuudet:<\/strong><br \/>\n&#8211; Tyyppi: 1A1 \u2013 Ter\u00e4skanisteri kiinte\u00e4ll\u00e4 kannella (ei irrotettavaa kantta)<br \/>\n&#8211; Tilavuus: 500ml<br \/>\n&#8211; UN-luokitus: X \u2013 Soveltuu pakkausryhmille I, II ja III<br \/>\n&#8211; Suurin sallittu tiheys: 250 kg\/m\u00b3<br \/>\n&#8211; Valmistusvuosi: 2020<br \/>\n&#8211; Sertifiointimaa: Saksa (A)<br \/>\n&#8211; Kansi: Kierrekansi, voidaan sinet\u00f6id\u00e4<br \/>\n&#8211; Materiaali: Lujatekoinen lakattu tai sinkitty ter\u00e4s<\/p>\n<p><strong>Yleiset k\u00e4ytt\u00f6kohteet:<\/strong><br \/>\n&#8211; Kemianteollisuus: hapot, em\u00e4kset, liuottimet, korroosionestoaineet<br \/>\n&#8211; Petrokemian ala: \u00f6ljyt, polttoaineet, lis\u00e4aineet, puhdistusaineet<br \/>\n&#8211; Laboratoriot &amp; l\u00e4\u00e4keteollisuus: reagenssit, kemialliset tiivisteet<br \/>\n&#8211; Teollinen valmistus: maalit, liimat, pinnoitteet, prosessinesteet<br \/>\n&#8211; Logistiikka &amp; vienti: hyv\u00e4ksytty pakkaus maa-, meri- ja lentokuljetukseen<br \/>\n&#8211; Puolustus- ja ilmailuala: erikoisnesteet ja rajoitetut aineet<\/p>\n<p><strong>Huomioitavaa:<\/strong><br \/>\n&#8211; T\u00e4ytt\u00e4\u00e4 ADR \/ RID \/ IMDG \/ ICAO \/ IATA -m\u00e4\u00e4r\u00e4ykset<br \/>\n&#8211; Ei sovellu juomavedelle tai elintarvikkeille<br \/>\n&#8211; Suunniteltu korkean riskin nesteiden turvalliseen k\u00e4sittelyyn<br \/>\n&#8211; Testattu paineenkest\u00e4vyyden, tiiviyden, iskunkest\u00e4vyyden ja pinottavuuden osalta<\/p>\n","protected":false},"excerpt":{"rendered":"<p>T\u00e4m\u00e4 500ml tiivis ter\u00e4skanisteri on sertifioitu vaarallisten nesteiden kuljetukseen ja varastointiin, mukaan lukien pakkausryhm\u00e4 I (eritt\u00e4in vaaralliset aineet). Se on valmistettu kansainv\u00e4lisen UN\/1A1\/X\/250 -standardin mukaisesti ja tarjoaa maksimaalista turvallisuutta, kest\u00e4vyytt\u00e4 ja s\u00e4\u00e4d\u00f6stenmukaisuutta. <\/p>\n","protected":false},"featured_media":24347,"template":"","meta":[],"product_brand":[],"product_cat":[183],"product_tag":[],"class_list":{"0":"post-24365","1":"product","2":"type-product","3":"status-publish","4":"has-post-thumbnail","6":"product_cat-tynnyri-kanisteri","7":"product_shipping_class-omniva-fi","9":"first","10":"instock","11":"taxable","12":"shipping-taxable","13":"product-type-simple"},"yoast_head":"<!-- This site is optimized with the Yoast SEO plugin v26.9 - https:\/\/yoast.com\/product\/yoast-seo-wordpress\/ -->\n<title>Ter\u00e4skannu 500 ml \u2013 YK 1A1 X-luokitus vaarallisille nesteille - IBC konteineri m&uuml;&uuml;k, vaadid, kraanid, mahutid<\/title>\n<meta name=\"description\" content=\"T\u00e4m\u00e4 500ml tiivis ter\u00e4skanisteri on sertifioitu vaarallisten nesteiden kuljetukseen ja varastointiin, mukaan lukien pakkausryhm\u00e4 I (eritt\u00e4in vaaralliset aineet).\" \/>\n<meta name=\"robots\" content=\"index, follow, max-snippet:-1, max-image-preview:large, max-video-preview:-1\" \/>\n<link rel=\"canonical\" href=\"https:\/\/ibc.ee\/fi\/tuote\/teraskannu-500-ml-yk-1a1-x-luokitus-vaarallisille-nesteille\/\" \/>\n<meta property=\"og:locale\" content=\"fi_FI\" \/>\n<meta property=\"og:type\" content=\"article\" \/>\n<meta property=\"og:title\" content=\"Ter\u00e4skannu 500 ml \u2013 YK 1A1 X-luokitus vaarallisille nesteille - IBC konteineri m&uuml;&uuml;k, vaadid, kraanid, mahutid\" \/>\n<meta property=\"og:description\" content=\"T\u00e4m\u00e4 500ml tiivis ter\u00e4skanisteri on sertifioitu vaarallisten nesteiden kuljetukseen ja varastointiin, mukaan lukien pakkausryhm\u00e4 I (eritt\u00e4in vaaralliset aineet).\" \/>\n<meta property=\"og:url\" content=\"https:\/\/ibc.ee\/fi\/tuote\/teraskannu-500-ml-yk-1a1-x-luokitus-vaarallisille-nesteille\/\" \/>\n<meta property=\"og:site_name\" content=\"IBC konteineri m&uuml;&uuml;k, vaadid, kraanid, mahutid\" \/>\n<meta property=\"og:image\" content=\"https:\/\/ibc.ee\/wp-content\/uploads\/2025\/07\/Steel-Can-500ML-UN-1A1-X-Rated-for-Hazardous-Liquids.jpg\" \/>\n\t<meta property=\"og:image:width\" content=\"1000\" \/>\n\t<meta property=\"og:image:height\" content=\"1000\" \/>\n\t<meta property=\"og:image:type\" content=\"image\/jpeg\" \/>\n<meta name=\"twitter:card\" content=\"summary_large_image\" \/>\n<meta name=\"twitter:label1\" content=\"Arvioitu lukuaika\" \/>\n\t<meta name=\"twitter:data1\" content=\"1 minuutti\" \/>\n<script type=\"application\/ld+json\" class=\"yoast-schema-graph\">{\"@context\":\"https:\/\/schema.org\",\"@graph\":[{\"@type\":\"WebPage\",\"@id\":\"https:\/\/ibc.ee\/fi\/tuote\/teraskannu-500-ml-yk-1a1-x-luokitus-vaarallisille-nesteille\/\",\"url\":\"https:\/\/ibc.ee\/fi\/tuote\/teraskannu-500-ml-yk-1a1-x-luokitus-vaarallisille-nesteille\/\",\"name\":\"Ter\u00e4skannu 500 ml \u2013 YK 1A1 X-luokitus vaarallisille nesteille - IBC konteineri m&uuml;&uuml;k, vaadid, kraanid, mahutid\",\"isPartOf\":{\"@id\":\"https:\/\/www.ibc.ee\/fi\/#website\"},\"primaryImageOfPage\":{\"@id\":\"https:\/\/ibc.ee\/fi\/tuote\/teraskannu-500-ml-yk-1a1-x-luokitus-vaarallisille-nesteille\/#primaryimage\"},\"image\":{\"@id\":\"https:\/\/ibc.ee\/fi\/tuote\/teraskannu-500-ml-yk-1a1-x-luokitus-vaarallisille-nesteille\/#primaryimage\"},\"thumbnailUrl\":\"https:\/\/ibc.ee\/wp-content\/uploads\/2025\/07\/Steel-Can-500ML-UN-1A1-X-Rated-for-Hazardous-Liquids.jpg\",\"datePublished\":\"2025-07-11T07:47:08+00:00\",\"description\":\"T\u00e4m\u00e4 500ml tiivis ter\u00e4skanisteri on sertifioitu vaarallisten nesteiden kuljetukseen ja varastointiin, mukaan lukien pakkausryhm\u00e4 I (eritt\u00e4in vaaralliset aineet).\",\"breadcrumb\":{\"@id\":\"https:\/\/ibc.ee\/fi\/tuote\/teraskannu-500-ml-yk-1a1-x-luokitus-vaarallisille-nesteille\/#breadcrumb\"},\"inLanguage\":\"fi\",\"potentialAction\":[{\"@type\":\"ReadAction\",\"target\":[\"https:\/\/ibc.ee\/fi\/tuote\/teraskannu-500-ml-yk-1a1-x-luokitus-vaarallisille-nesteille\/\"]}]},{\"@type\":\"ImageObject\",\"inLanguage\":\"fi\",\"@id\":\"https:\/\/ibc.ee\/fi\/tuote\/teraskannu-500-ml-yk-1a1-x-luokitus-vaarallisille-nesteille\/#primaryimage\",\"url\":\"https:\/\/ibc.ee\/wp-content\/uploads\/2025\/07\/Steel-Can-500ML-UN-1A1-X-Rated-for-Hazardous-Liquids.jpg\",\"contentUrl\":\"https:\/\/ibc.ee\/wp-content\/uploads\/2025\/07\/Steel-Can-500ML-UN-1A1-X-Rated-for-Hazardous-Liquids.jpg\",\"width\":1000,\"height\":1000,\"caption\":\"Steel Can 500ML \u2013 UN 1A1 X-Rated for Hazardous Liquids\"},{\"@type\":\"BreadcrumbList\",\"@id\":\"https:\/\/ibc.ee\/fi\/tuote\/teraskannu-500-ml-yk-1a1-x-luokitus-vaarallisille-nesteille\/#breadcrumb\",\"itemListElement\":[{\"@type\":\"ListItem\",\"position\":1,\"name\":\"\u0413\u043b\u0430\u0432\u043d\u0430\u044f \u0441\u0442\u0440\u0430\u043d\u0438\u0446\u0430\",\"item\":\"https:\/\/www.ibc.ee\/fi\/\"},{\"@type\":\"ListItem\",\"position\":2,\"name\":\"Myym\u00e4l\u00e4\",\"item\":\"https:\/\/www.ibc.ee\/fi\/shop\/\"},{\"@type\":\"ListItem\",\"position\":3,\"name\":\"Ter\u00e4skannu 500 ml \u2013 YK 1A1 X-luokitus vaarallisille nesteille\"}]},{\"@type\":\"WebSite\",\"@id\":\"https:\/\/www.ibc.ee\/fi\/#website\",\"url\":\"https:\/\/www.ibc.ee\/fi\/\",\"name\":\"IBC konteineri m&uuml;&uuml;k, vaadid, kraanid, mahutid\",\"description\":\"IBC - Tank container valve, Adapters\\\\fittings, Intermediate bulk, container, Drums\/cans\",\"potentialAction\":[{\"@type\":\"SearchAction\",\"target\":{\"@type\":\"EntryPoint\",\"urlTemplate\":\"https:\/\/www.ibc.ee\/fi\/?s={search_term_string}\"},\"query-input\":{\"@type\":\"PropertyValueSpecification\",\"valueRequired\":true,\"valueName\":\"search_term_string\"}}],\"inLanguage\":\"fi\"}]}<\/script>\n<!-- \/ Yoast SEO plugin. -->","yoast_head_json":{"title":"Ter\u00e4skannu 500 ml \u2013 YK 1A1 X-luokitus vaarallisille nesteille - IBC konteineri m&uuml;&uuml;k, vaadid, kraanid, mahutid","description":"T\u00e4m\u00e4 500ml tiivis ter\u00e4skanisteri on sertifioitu vaarallisten nesteiden kuljetukseen ja varastointiin, mukaan lukien pakkausryhm\u00e4 I (eritt\u00e4in vaaralliset aineet).","robots":{"index":"index","follow":"follow","max-snippet":"max-snippet:-1","max-image-preview":"max-image-preview:large","max-video-preview":"max-video-preview:-1"},"canonical":"https:\/\/ibc.ee\/fi\/tuote\/teraskannu-500-ml-yk-1a1-x-luokitus-vaarallisille-nesteille\/","og_locale":"fi_FI","og_type":"article","og_title":"Ter\u00e4skannu 500 ml \u2013 YK 1A1 X-luokitus vaarallisille nesteille - IBC konteineri m&uuml;&uuml;k, vaadid, kraanid, mahutid","og_description":"T\u00e4m\u00e4 500ml tiivis ter\u00e4skanisteri on sertifioitu vaarallisten nesteiden kuljetukseen ja varastointiin, mukaan lukien pakkausryhm\u00e4 I (eritt\u00e4in vaaralliset aineet).","og_url":"https:\/\/ibc.ee\/fi\/tuote\/teraskannu-500-ml-yk-1a1-x-luokitus-vaarallisille-nesteille\/","og_site_name":"IBC konteineri m&uuml;&uuml;k, vaadid, kraanid, mahutid","og_image":[{"width":1000,"height":1000,"url":"https:\/\/ibc.ee\/wp-content\/uploads\/2025\/07\/Steel-Can-500ML-UN-1A1-X-Rated-for-Hazardous-Liquids.jpg","type":"image\/jpeg"}],"twitter_card":"summary_large_image","twitter_misc":{"Arvioitu lukuaika":"1 minuutti"},"schema":{"@context":"https:\/\/schema.org","@graph":[{"@type":"WebPage","@id":"https:\/\/ibc.ee\/fi\/tuote\/teraskannu-500-ml-yk-1a1-x-luokitus-vaarallisille-nesteille\/","url":"https:\/\/ibc.ee\/fi\/tuote\/teraskannu-500-ml-yk-1a1-x-luokitus-vaarallisille-nesteille\/","name":"Ter\u00e4skannu 500 ml \u2013 YK 1A1 X-luokitus vaarallisille nesteille - IBC konteineri m&uuml;&uuml;k, vaadid, kraanid, mahutid","isPartOf":{"@id":"https:\/\/www.ibc.ee\/fi\/#website"},"primaryImageOfPage":{"@id":"https:\/\/ibc.ee\/fi\/tuote\/teraskannu-500-ml-yk-1a1-x-luokitus-vaarallisille-nesteille\/#primaryimage"},"image":{"@id":"https:\/\/ibc.ee\/fi\/tuote\/teraskannu-500-ml-yk-1a1-x-luokitus-vaarallisille-nesteille\/#primaryimage"},"thumbnailUrl":"https:\/\/ibc.ee\/wp-content\/uploads\/2025\/07\/Steel-Can-500ML-UN-1A1-X-Rated-for-Hazardous-Liquids.jpg","datePublished":"2025-07-11T07:47:08+00:00","description":"T\u00e4m\u00e4 500ml tiivis ter\u00e4skanisteri on sertifioitu vaarallisten nesteiden kuljetukseen ja varastointiin, mukaan lukien pakkausryhm\u00e4 I (eritt\u00e4in vaaralliset aineet).","breadcrumb":{"@id":"https:\/\/ibc.ee\/fi\/tuote\/teraskannu-500-ml-yk-1a1-x-luokitus-vaarallisille-nesteille\/#breadcrumb"},"inLanguage":"fi","potentialAction":[{"@type":"ReadAction","target":["https:\/\/ibc.ee\/fi\/tuote\/teraskannu-500-ml-yk-1a1-x-luokitus-vaarallisille-nesteille\/"]}]},{"@type":"ImageObject","inLanguage":"fi","@id":"https:\/\/ibc.ee\/fi\/tuote\/teraskannu-500-ml-yk-1a1-x-luokitus-vaarallisille-nesteille\/#primaryimage","url":"https:\/\/ibc.ee\/wp-content\/uploads\/2025\/07\/Steel-Can-500ML-UN-1A1-X-Rated-for-Hazardous-Liquids.jpg","contentUrl":"https:\/\/ibc.ee\/wp-content\/uploads\/2025\/07\/Steel-Can-500ML-UN-1A1-X-Rated-for-Hazardous-Liquids.jpg","width":1000,"height":1000,"caption":"Steel Can 500ML \u2013 UN 1A1 X-Rated for Hazardous Liquids"},{"@type":"BreadcrumbList","@id":"https:\/\/ibc.ee\/fi\/tuote\/teraskannu-500-ml-yk-1a1-x-luokitus-vaarallisille-nesteille\/#breadcrumb","itemListElement":[{"@type":"ListItem","position":1,"name":"\u0413\u043b\u0430\u0432\u043d\u0430\u044f \u0441\u0442\u0440\u0430\u043d\u0438\u0446\u0430","item":"https:\/\/www.ibc.ee\/fi\/"},{"@type":"ListItem","position":2,"name":"Myym\u00e4l\u00e4","item":"https:\/\/www.ibc.ee\/fi\/shop\/"},{"@type":"ListItem","position":3,"name":"Ter\u00e4skannu 500 ml \u2013 YK 1A1 X-luokitus vaarallisille nesteille"}]},{"@type":"WebSite","@id":"https:\/\/www.ibc.ee\/fi\/#website","url":"https:\/\/www.ibc.ee\/fi\/","name":"IBC konteineri m&uuml;&uuml;k, vaadid, kraanid, mahutid","description":"IBC - Tank container valve, Adapters\\fittings, Intermediate bulk, container, Drums\/cans","potentialAction":[{"@type":"SearchAction","target":{"@type":"EntryPoint","urlTemplate":"https:\/\/www.ibc.ee\/fi\/?s={search_term_string}"},"query-input":{"@type":"PropertyValueSpecification","valueRequired":true,"valueName":"search_term_string"}}],"inLanguage":"fi"}]}},"_links":{"self":[{"href":"https:\/\/ibc.ee\/fi\/wp-json\/wp\/v2\/product\/24365","targetHints":{"allow":["GET"]}}],"collection":[{"href":"https:\/\/ibc.ee\/fi\/wp-json\/wp\/v2\/product"}],"about":[{"href":"https:\/\/ibc.ee\/fi\/wp-json\/wp\/v2\/types\/product"}],"wp:featuredmedia":[{"embeddable":true,"href":"https:\/\/ibc.ee\/fi\/wp-json\/wp\/v2\/media\/24347"}],"wp:attachment":[{"href":"https:\/\/ibc.ee\/fi\/wp-json\/wp\/v2\/media?parent=24365"}],"wp:term":[{"taxonomy":"product_brand","embeddable":true,"href":"https:\/\/ibc.ee\/fi\/wp-json\/wp\/v2\/product_brand?post=24365"},{"taxonomy":"product_cat","embeddable":true,"href":"https:\/\/ibc.ee\/fi\/wp-json\/wp\/v2\/product_cat?post=24365"},{"taxonomy":"product_tag","embeddable":true,"href":"https:\/\/ibc.ee\/fi\/wp-json\/wp\/v2\/product_tag?post=24365"}],"curies":[{"name":"wp","href":"https:\/\/api.w.org\/{rel}","templated":true}]}}