{"id":24413,"date":"2025-07-14T12:27:55","date_gmt":"2025-07-14T10:46:32","guid":{"rendered":"https:\/\/ibc.ee\/product\/5l-un-sertifioitu-teraskannu-vaarallisille-nesteille\/"},"modified":"2025-07-14T12:46:32","modified_gmt":"2025-07-14T10:46:32","slug":"5l-un-sertifioitu-teraskannu-vaarallisille-nesteille","status":"publish","type":"product","link":"https:\/\/ibc.ee\/fi\/tuote\/5l-un-sertifioitu-teraskannu-vaarallisille-nesteille\/","title":{"rendered":"5L UN-sertifioitu ter\u00e4skannu vaarallisille nesteille"},"content":{"rendered":"<p><strong>T\u00e4rkeimm\u00e4t tekniset tiedot:<\/strong><br \/>\n&#8211; Tyyppi: 3A1 \u2013 tiiviill\u00e4, ei-irrotettavalla kannella varustettu ter\u00e4skannu<br \/>\n&#8211; UN-luokitus: Y \u2013 hyv\u00e4ksytty pakkausryhmille II ja III<br \/>\n&#8211; Suurin ominaispaino: enint\u00e4\u00e4n 1,70 (170 kg\/m\u00b3)<br \/>\n&#8211; Tilavuus: 5 litraa<br \/>\n&#8211; Materiaali: Teollisuusluokan, korroosionkest\u00e4v\u00e4 ter\u00e4s<br \/>\n&#8211; Suljin: Kierrekorkki tai tiivis suljettava kansi (saatavilla my\u00f6s turvasinetill\u00e4 tai ilman ilmaventtiili\u00e4)<br \/>\n&#8211; Sertifiointiviranomainen: BAM7547 (Saksa)<br \/>\n&#8211; Valmistusvuosi: 2022 (koodi 22D)<\/p>\n<p><strong>Tyypilliset k\u00e4ytt\u00f6kohteet:<\/strong><br \/>\n&#8211; Kemikaalit ja liuottimet: sy\u00f6vytt\u00e4v\u00e4t ja syttyv\u00e4t nesteet, puhdistusaineet<br \/>\n&#8211; Autonesteet: moottori\u00f6ljyt, lis\u00e4aineet, jarru- ja hydraulinesteet<br \/>\n&#8211; Teollisuus: liimat, pinnoitteet, rasvanpoistoaineet, hartsit<br \/>\n&#8211; Vaaralliset j\u00e4tteet: nestem\u00e4isten j\u00e4tteiden ja j\u00e4\u00e4mien tilap\u00e4inen ker\u00e4ys<br \/>\n&#8211; Vienti ja logistiikka: UN-hyv\u00e4ksytty kansainv\u00e4lisiin kuljetuksiin (ADR \/ RID \/ IMDG \/ IATA)<br \/>\n&#8211; Rakennusala: vesieristeaineet, tiivisteet, tartunta-aineet<\/p>\n","protected":false},"excerpt":{"rendered":"<p>T\u00e4m\u00e4 5 litran ter\u00e4ksinen kannu on UN-sertifioitu koodilla 3A1\/Y\/170, ja se soveltuu vaarallisten ja ei-vaarallisten nesteiden turvalliseen s\u00e4ilytykseen ja kuljetukseen pakkausryhmiss\u00e4 II ja III. Tiiviisti suljettava, ei-irrotettava kansi varmistaa vuotamattomuuden ja t\u00e4ytt\u00e4\u00e4 kansainv\u00e4liset kuljetusstandardit. <\/p>\n<p>Kannu on sertifioitu Saksassa (sertifikaattikoodi BAM7547) ja valmistettu vuonna 2022 (22D). Se t\u00e4ytt\u00e4\u00e4 t\u00e4ysin vaarallisten aineiden tiekuljetuksen (ADR), merikuljetuksen (IMDG) ja ilmakuljetuksen (IATA) vaatimukset.<\/p>\n","protected":false},"featured_media":24395,"template":"","meta":[],"product_brand":[],"product_cat":[183],"product_tag":[],"class_list":{"0":"post-24413","1":"product","2":"type-product","3":"status-publish","4":"has-post-thumbnail","6":"product_cat-tynnyri-kanisteri","7":"product_shipping_class-omniva-fi","9":"first","10":"instock","11":"taxable","12":"shipping-taxable","13":"product-type-simple"},"yoast_head":"<!-- This site is optimized with the Yoast SEO plugin v26.9 - https:\/\/yoast.com\/product\/yoast-seo-wordpress\/ -->\n<title>5L UN-sertifioitu ter\u00e4skannu vaarallisille nesteille - IBC konteineri m&uuml;&uuml;k, vaadid, kraanid, mahutid<\/title>\n<meta name=\"description\" content=\"T\u00e4m\u00e4 5 litran ter\u00e4ksinen kannu on UN-sertifioitu koodilla 3A1\/Y\/170, ja se soveltuu vaarallisten ja ei-vaarallisten nesteiden turvalliseen s\u00e4ilytykseen ja kuljetukseen.\" \/>\n<meta name=\"robots\" content=\"index, follow, max-snippet:-1, max-image-preview:large, max-video-preview:-1\" \/>\n<link rel=\"canonical\" href=\"https:\/\/ibc.ee\/fi\/tuote\/5l-un-sertifioitu-teraskannu-vaarallisille-nesteille\/\" \/>\n<meta property=\"og:locale\" content=\"fi_FI\" \/>\n<meta property=\"og:type\" content=\"article\" \/>\n<meta property=\"og:title\" content=\"5L UN-sertifioitu ter\u00e4skannu vaarallisille nesteille - IBC konteineri m&uuml;&uuml;k, vaadid, kraanid, mahutid\" \/>\n<meta property=\"og:description\" content=\"T\u00e4m\u00e4 5 litran ter\u00e4ksinen kannu on UN-sertifioitu koodilla 3A1\/Y\/170, ja se soveltuu vaarallisten ja ei-vaarallisten nesteiden turvalliseen s\u00e4ilytykseen ja kuljetukseen.\" \/>\n<meta property=\"og:url\" content=\"https:\/\/ibc.ee\/fi\/tuote\/5l-un-sertifioitu-teraskannu-vaarallisille-nesteille\/\" \/>\n<meta property=\"og:site_name\" content=\"IBC konteineri m&uuml;&uuml;k, vaadid, kraanid, mahutid\" \/>\n<meta property=\"og:image\" content=\"https:\/\/ibc.ee\/wp-content\/uploads\/2025\/07\/5L-UN-certified-steel-can-approved-for-hazardous-liquids.jpg\" \/>\n\t<meta property=\"og:image:width\" content=\"1000\" \/>\n\t<meta property=\"og:image:height\" content=\"1000\" \/>\n\t<meta property=\"og:image:type\" content=\"image\/jpeg\" \/>\n<meta name=\"twitter:card\" content=\"summary_large_image\" \/>\n<meta name=\"twitter:label1\" content=\"Arvioitu lukuaika\" \/>\n\t<meta name=\"twitter:data1\" content=\"1 minuutti\" \/>\n<script type=\"application\/ld+json\" class=\"yoast-schema-graph\">{\"@context\":\"https:\/\/schema.org\",\"@graph\":[{\"@type\":\"WebPage\",\"@id\":\"https:\/\/ibc.ee\/fi\/tuote\/5l-un-sertifioitu-teraskannu-vaarallisille-nesteille\/\",\"url\":\"https:\/\/ibc.ee\/fi\/tuote\/5l-un-sertifioitu-teraskannu-vaarallisille-nesteille\/\",\"name\":\"5L UN-sertifioitu ter\u00e4skannu vaarallisille nesteille - IBC konteineri m&uuml;&uuml;k, vaadid, kraanid, mahutid\",\"isPartOf\":{\"@id\":\"https:\/\/www.ibc.ee\/fi\/#website\"},\"primaryImageOfPage\":{\"@id\":\"https:\/\/ibc.ee\/fi\/tuote\/5l-un-sertifioitu-teraskannu-vaarallisille-nesteille\/#primaryimage\"},\"image\":{\"@id\":\"https:\/\/ibc.ee\/fi\/tuote\/5l-un-sertifioitu-teraskannu-vaarallisille-nesteille\/#primaryimage\"},\"thumbnailUrl\":\"https:\/\/ibc.ee\/wp-content\/uploads\/2025\/07\/5L-UN-certified-steel-can-approved-for-hazardous-liquids.jpg\",\"datePublished\":\"2025-07-14T10:46:32+00:00\",\"description\":\"T\u00e4m\u00e4 5 litran ter\u00e4ksinen kannu on UN-sertifioitu koodilla 3A1\/Y\/170, ja se soveltuu vaarallisten ja ei-vaarallisten nesteiden turvalliseen s\u00e4ilytykseen ja kuljetukseen.\",\"breadcrumb\":{\"@id\":\"https:\/\/ibc.ee\/fi\/tuote\/5l-un-sertifioitu-teraskannu-vaarallisille-nesteille\/#breadcrumb\"},\"inLanguage\":\"fi\",\"potentialAction\":[{\"@type\":\"ReadAction\",\"target\":[\"https:\/\/ibc.ee\/fi\/tuote\/5l-un-sertifioitu-teraskannu-vaarallisille-nesteille\/\"]}]},{\"@type\":\"ImageObject\",\"inLanguage\":\"fi\",\"@id\":\"https:\/\/ibc.ee\/fi\/tuote\/5l-un-sertifioitu-teraskannu-vaarallisille-nesteille\/#primaryimage\",\"url\":\"https:\/\/ibc.ee\/wp-content\/uploads\/2025\/07\/5L-UN-certified-steel-can-approved-for-hazardous-liquids.jpg\",\"contentUrl\":\"https:\/\/ibc.ee\/wp-content\/uploads\/2025\/07\/5L-UN-certified-steel-can-approved-for-hazardous-liquids.jpg\",\"width\":1000,\"height\":1000,\"caption\":\"5L UN-certified steel can approved for hazardous liquids\"},{\"@type\":\"BreadcrumbList\",\"@id\":\"https:\/\/ibc.ee\/fi\/tuote\/5l-un-sertifioitu-teraskannu-vaarallisille-nesteille\/#breadcrumb\",\"itemListElement\":[{\"@type\":\"ListItem\",\"position\":1,\"name\":\"\u0413\u043b\u0430\u0432\u043d\u0430\u044f \u0441\u0442\u0440\u0430\u043d\u0438\u0446\u0430\",\"item\":\"https:\/\/www.ibc.ee\/fi\/\"},{\"@type\":\"ListItem\",\"position\":2,\"name\":\"Myym\u00e4l\u00e4\",\"item\":\"https:\/\/www.ibc.ee\/fi\/shop\/\"},{\"@type\":\"ListItem\",\"position\":3,\"name\":\"5L UN-sertifioitu ter\u00e4skannu vaarallisille nesteille\"}]},{\"@type\":\"WebSite\",\"@id\":\"https:\/\/www.ibc.ee\/fi\/#website\",\"url\":\"https:\/\/www.ibc.ee\/fi\/\",\"name\":\"IBC konteineri m&uuml;&uuml;k, vaadid, kraanid, mahutid\",\"description\":\"IBC - Tank container valve, Adapters\\\\fittings, Intermediate bulk, container, Drums\/cans\",\"potentialAction\":[{\"@type\":\"SearchAction\",\"target\":{\"@type\":\"EntryPoint\",\"urlTemplate\":\"https:\/\/www.ibc.ee\/fi\/?s={search_term_string}\"},\"query-input\":{\"@type\":\"PropertyValueSpecification\",\"valueRequired\":true,\"valueName\":\"search_term_string\"}}],\"inLanguage\":\"fi\"}]}<\/script>\n<!-- \/ Yoast SEO plugin. -->","yoast_head_json":{"title":"5L UN-sertifioitu ter\u00e4skannu vaarallisille nesteille - IBC konteineri m&uuml;&uuml;k, vaadid, kraanid, mahutid","description":"T\u00e4m\u00e4 5 litran ter\u00e4ksinen kannu on UN-sertifioitu koodilla 3A1\/Y\/170, ja se soveltuu vaarallisten ja ei-vaarallisten nesteiden turvalliseen s\u00e4ilytykseen ja kuljetukseen.","robots":{"index":"index","follow":"follow","max-snippet":"max-snippet:-1","max-image-preview":"max-image-preview:large","max-video-preview":"max-video-preview:-1"},"canonical":"https:\/\/ibc.ee\/fi\/tuote\/5l-un-sertifioitu-teraskannu-vaarallisille-nesteille\/","og_locale":"fi_FI","og_type":"article","og_title":"5L UN-sertifioitu ter\u00e4skannu vaarallisille nesteille - IBC konteineri m&uuml;&uuml;k, vaadid, kraanid, mahutid","og_description":"T\u00e4m\u00e4 5 litran ter\u00e4ksinen kannu on UN-sertifioitu koodilla 3A1\/Y\/170, ja se soveltuu vaarallisten ja ei-vaarallisten nesteiden turvalliseen s\u00e4ilytykseen ja kuljetukseen.","og_url":"https:\/\/ibc.ee\/fi\/tuote\/5l-un-sertifioitu-teraskannu-vaarallisille-nesteille\/","og_site_name":"IBC konteineri m&uuml;&uuml;k, vaadid, kraanid, mahutid","og_image":[{"width":1000,"height":1000,"url":"https:\/\/ibc.ee\/wp-content\/uploads\/2025\/07\/5L-UN-certified-steel-can-approved-for-hazardous-liquids.jpg","type":"image\/jpeg"}],"twitter_card":"summary_large_image","twitter_misc":{"Arvioitu lukuaika":"1 minuutti"},"schema":{"@context":"https:\/\/schema.org","@graph":[{"@type":"WebPage","@id":"https:\/\/ibc.ee\/fi\/tuote\/5l-un-sertifioitu-teraskannu-vaarallisille-nesteille\/","url":"https:\/\/ibc.ee\/fi\/tuote\/5l-un-sertifioitu-teraskannu-vaarallisille-nesteille\/","name":"5L UN-sertifioitu ter\u00e4skannu vaarallisille nesteille - IBC konteineri m&uuml;&uuml;k, vaadid, kraanid, mahutid","isPartOf":{"@id":"https:\/\/www.ibc.ee\/fi\/#website"},"primaryImageOfPage":{"@id":"https:\/\/ibc.ee\/fi\/tuote\/5l-un-sertifioitu-teraskannu-vaarallisille-nesteille\/#primaryimage"},"image":{"@id":"https:\/\/ibc.ee\/fi\/tuote\/5l-un-sertifioitu-teraskannu-vaarallisille-nesteille\/#primaryimage"},"thumbnailUrl":"https:\/\/ibc.ee\/wp-content\/uploads\/2025\/07\/5L-UN-certified-steel-can-approved-for-hazardous-liquids.jpg","datePublished":"2025-07-14T10:46:32+00:00","description":"T\u00e4m\u00e4 5 litran ter\u00e4ksinen kannu on UN-sertifioitu koodilla 3A1\/Y\/170, ja se soveltuu vaarallisten ja ei-vaarallisten nesteiden turvalliseen s\u00e4ilytykseen ja kuljetukseen.","breadcrumb":{"@id":"https:\/\/ibc.ee\/fi\/tuote\/5l-un-sertifioitu-teraskannu-vaarallisille-nesteille\/#breadcrumb"},"inLanguage":"fi","potentialAction":[{"@type":"ReadAction","target":["https:\/\/ibc.ee\/fi\/tuote\/5l-un-sertifioitu-teraskannu-vaarallisille-nesteille\/"]}]},{"@type":"ImageObject","inLanguage":"fi","@id":"https:\/\/ibc.ee\/fi\/tuote\/5l-un-sertifioitu-teraskannu-vaarallisille-nesteille\/#primaryimage","url":"https:\/\/ibc.ee\/wp-content\/uploads\/2025\/07\/5L-UN-certified-steel-can-approved-for-hazardous-liquids.jpg","contentUrl":"https:\/\/ibc.ee\/wp-content\/uploads\/2025\/07\/5L-UN-certified-steel-can-approved-for-hazardous-liquids.jpg","width":1000,"height":1000,"caption":"5L UN-certified steel can approved for hazardous liquids"},{"@type":"BreadcrumbList","@id":"https:\/\/ibc.ee\/fi\/tuote\/5l-un-sertifioitu-teraskannu-vaarallisille-nesteille\/#breadcrumb","itemListElement":[{"@type":"ListItem","position":1,"name":"\u0413\u043b\u0430\u0432\u043d\u0430\u044f \u0441\u0442\u0440\u0430\u043d\u0438\u0446\u0430","item":"https:\/\/www.ibc.ee\/fi\/"},{"@type":"ListItem","position":2,"name":"Myym\u00e4l\u00e4","item":"https:\/\/www.ibc.ee\/fi\/shop\/"},{"@type":"ListItem","position":3,"name":"5L UN-sertifioitu ter\u00e4skannu vaarallisille nesteille"}]},{"@type":"WebSite","@id":"https:\/\/www.ibc.ee\/fi\/#website","url":"https:\/\/www.ibc.ee\/fi\/","name":"IBC konteineri m&uuml;&uuml;k, vaadid, kraanid, mahutid","description":"IBC - Tank container valve, Adapters\\fittings, Intermediate bulk, container, Drums\/cans","potentialAction":[{"@type":"SearchAction","target":{"@type":"EntryPoint","urlTemplate":"https:\/\/www.ibc.ee\/fi\/?s={search_term_string}"},"query-input":{"@type":"PropertyValueSpecification","valueRequired":true,"valueName":"search_term_string"}}],"inLanguage":"fi"}]}},"_links":{"self":[{"href":"https:\/\/ibc.ee\/fi\/wp-json\/wp\/v2\/product\/24413","targetHints":{"allow":["GET"]}}],"collection":[{"href":"https:\/\/ibc.ee\/fi\/wp-json\/wp\/v2\/product"}],"about":[{"href":"https:\/\/ibc.ee\/fi\/wp-json\/wp\/v2\/types\/product"}],"wp:featuredmedia":[{"embeddable":true,"href":"https:\/\/ibc.ee\/fi\/wp-json\/wp\/v2\/media\/24395"}],"wp:attachment":[{"href":"https:\/\/ibc.ee\/fi\/wp-json\/wp\/v2\/media?parent=24413"}],"wp:term":[{"taxonomy":"product_brand","embeddable":true,"href":"https:\/\/ibc.ee\/fi\/wp-json\/wp\/v2\/product_brand?post=24413"},{"taxonomy":"product_cat","embeddable":true,"href":"https:\/\/ibc.ee\/fi\/wp-json\/wp\/v2\/product_cat?post=24413"},{"taxonomy":"product_tag","embeddable":true,"href":"https:\/\/ibc.ee\/fi\/wp-json\/wp\/v2\/product_tag?post=24413"}],"curies":[{"name":"wp","href":"https:\/\/api.w.org\/{rel}","templated":true}]}}