{"id":24432,"date":"2025-07-15T08:36:31","date_gmt":"2025-07-15T06:51:21","guid":{"rendered":"https:\/\/ibc.ee\/product\/10l-hdpe-muovikanisteri-kierrekorkilla-ja-kaatonokalla\/"},"modified":"2025-07-15T08:51:21","modified_gmt":"2025-07-15T06:51:21","slug":"10l-hdpe-muovikanisteri-kierrekorkilla-ja-kaatonokalla","status":"publish","type":"product","link":"https:\/\/ibc.ee\/fi\/tuote\/10l-hdpe-muovikanisteri-kierrekorkilla-ja-kaatonokalla\/","title":{"rendered":"10L HDPE-muovikanisteri kierrekorkilla ja kaatonokalla"},"content":{"rendered":"<p><strong>Tekniset tiedot:<\/strong><br \/>\n&#8211; Tilavuus: 10 litraa<br \/>\n&#8211; Kaulan halkaisija: 40 mm<br \/>\n&#8211; Mitat: Korkeus 300 mm \u00d7 Leveys 150 mm \u00d7 Pituus 280 mm<br \/>\n&#8211; Materiaali: HDPE (korkeatiheyksinen polyeteeni)<br \/>\n&#8211; V\u00e4ri: Valkoinen tai l\u00e4pikuultava (saattaa vaihdella)<br \/>\n&#8211; Mukana: Ruuvattava kaatonokka \/ jatke<\/p>\n<p><strong>Tyypilliset k\u00e4ytt\u00f6kohteet:<\/strong><br \/>\n&#8211; Kemikaalit: puhdistusaineet, ei-sy\u00f6vytt\u00e4v\u00e4t teolliset nesteet<br \/>\n&#8211; Ajoneuvonesteet: j\u00e4\u00e4hdytysnesteet, lasinpesunesteet, voiteluaineet<br \/>\n&#8211; Maatalous: nestem\u00e4iset lannoitteet, torjunta-aineet, kasteluliuokset<br \/>\n&#8211; Retkeily &amp; ulkok\u00e4ytt\u00f6: harmaavesi, ei-juomakelpoinen vesi<br \/>\n&#8211; Kotitalous &amp; tee-se-itse: maalit, liimat, painepesurin vesi<br \/>\n&#8211; Rakentaminen: lis\u00e4aineet, pohjusteet, tiivisteaineet<\/p>\n","protected":false},"excerpt":{"rendered":"<p>T\u00e4m\u00e4 10 litran muovikanisteri on suunniteltu nesteiden helppoon ja hallittuun annosteluun. Siin\u00e4 on 40 mm kaulansis\u00e4halkaisija ja ruuvattava kaatonokka, joka mahdollistaa tarkan ja siistin kaatamisen. Valmistettu korkeatiheyksisest\u00e4 polyeteenist\u00e4 (HDPE), mik\u00e4 takaa hyv\u00e4n kemiallisen kest\u00e4vyyden ja soveltuvuuden tekniseen, maataloudelliseen tai kotik\u00e4ytt\u00f6\u00f6n. <\/p>\n","protected":false},"featured_media":24423,"template":"","meta":[],"product_brand":[],"product_cat":[183],"product_tag":[],"class_list":{"0":"post-24432","1":"product","2":"type-product","3":"status-publish","4":"has-post-thumbnail","6":"product_cat-tynnyri-kanisteri","7":"product_shipping_class-omniva-fi","9":"first","10":"instock","11":"taxable","12":"shipping-taxable","13":"product-type-simple"},"yoast_head":"<!-- This site is optimized with the Yoast SEO plugin v26.9 - https:\/\/yoast.com\/product\/yoast-seo-wordpress\/ -->\n<title>10L HDPE-muovikanisteri kierrekorkilla ja kaatonokalla - IBC konteineri m&uuml;&uuml;k, vaadid, kraanid, mahutid<\/title>\n<meta name=\"description\" content=\"T\u00e4m\u00e4 10 litran muovikanisteri on suunniteltu nesteiden helppoon ja hallittuun annosteluun.\" \/>\n<meta name=\"robots\" content=\"index, follow, max-snippet:-1, max-image-preview:large, max-video-preview:-1\" \/>\n<link rel=\"canonical\" href=\"https:\/\/ibc.ee\/fi\/tuote\/10l-hdpe-muovikanisteri-kierrekorkilla-ja-kaatonokalla\/\" \/>\n<meta property=\"og:locale\" content=\"fi_FI\" \/>\n<meta property=\"og:type\" content=\"article\" \/>\n<meta property=\"og:title\" content=\"10L HDPE-muovikanisteri kierrekorkilla ja kaatonokalla - IBC konteineri m&uuml;&uuml;k, vaadid, kraanid, mahutid\" \/>\n<meta property=\"og:description\" content=\"T\u00e4m\u00e4 10 litran muovikanisteri on suunniteltu nesteiden helppoon ja hallittuun annosteluun.\" \/>\n<meta property=\"og:url\" content=\"https:\/\/ibc.ee\/fi\/tuote\/10l-hdpe-muovikanisteri-kierrekorkilla-ja-kaatonokalla\/\" \/>\n<meta property=\"og:site_name\" content=\"IBC konteineri m&uuml;&uuml;k, vaadid, kraanid, mahutid\" \/>\n<meta property=\"og:image\" content=\"https:\/\/ibc.ee\/wp-content\/uploads\/2025\/07\/10L-HDPE-plastkanister-keeratava-valamisavaga.jpg\" \/>\n\t<meta property=\"og:image:width\" content=\"1000\" \/>\n\t<meta property=\"og:image:height\" content=\"1000\" \/>\n\t<meta property=\"og:image:type\" content=\"image\/jpeg\" \/>\n<meta name=\"twitter:card\" content=\"summary_large_image\" \/>\n<script type=\"application\/ld+json\" class=\"yoast-schema-graph\">{\"@context\":\"https:\/\/schema.org\",\"@graph\":[{\"@type\":\"WebPage\",\"@id\":\"https:\/\/ibc.ee\/fi\/tuote\/10l-hdpe-muovikanisteri-kierrekorkilla-ja-kaatonokalla\/\",\"url\":\"https:\/\/ibc.ee\/fi\/tuote\/10l-hdpe-muovikanisteri-kierrekorkilla-ja-kaatonokalla\/\",\"name\":\"10L HDPE-muovikanisteri kierrekorkilla ja kaatonokalla - IBC konteineri m&uuml;&uuml;k, vaadid, kraanid, mahutid\",\"isPartOf\":{\"@id\":\"https:\/\/www.ibc.ee\/fi\/#website\"},\"primaryImageOfPage\":{\"@id\":\"https:\/\/ibc.ee\/fi\/tuote\/10l-hdpe-muovikanisteri-kierrekorkilla-ja-kaatonokalla\/#primaryimage\"},\"image\":{\"@id\":\"https:\/\/ibc.ee\/fi\/tuote\/10l-hdpe-muovikanisteri-kierrekorkilla-ja-kaatonokalla\/#primaryimage\"},\"thumbnailUrl\":\"https:\/\/ibc.ee\/wp-content\/uploads\/2025\/07\/10L-HDPE-plastkanister-keeratava-valamisavaga.jpg\",\"datePublished\":\"2025-07-15T06:51:21+00:00\",\"description\":\"T\u00e4m\u00e4 10 litran muovikanisteri on suunniteltu nesteiden helppoon ja hallittuun annosteluun.\",\"breadcrumb\":{\"@id\":\"https:\/\/ibc.ee\/fi\/tuote\/10l-hdpe-muovikanisteri-kierrekorkilla-ja-kaatonokalla\/#breadcrumb\"},\"inLanguage\":\"fi\",\"potentialAction\":[{\"@type\":\"ReadAction\",\"target\":[\"https:\/\/ibc.ee\/fi\/tuote\/10l-hdpe-muovikanisteri-kierrekorkilla-ja-kaatonokalla\/\"]}]},{\"@type\":\"ImageObject\",\"inLanguage\":\"fi\",\"@id\":\"https:\/\/ibc.ee\/fi\/tuote\/10l-hdpe-muovikanisteri-kierrekorkilla-ja-kaatonokalla\/#primaryimage\",\"url\":\"https:\/\/ibc.ee\/wp-content\/uploads\/2025\/07\/10L-HDPE-plastkanister-keeratava-valamisavaga.jpg\",\"contentUrl\":\"https:\/\/ibc.ee\/wp-content\/uploads\/2025\/07\/10L-HDPE-plastkanister-keeratava-valamisavaga.jpg\",\"width\":1000,\"height\":1000,\"caption\":\"10L HDPE Plastic Jerry Can with Screw-On Pour Spout\"},{\"@type\":\"BreadcrumbList\",\"@id\":\"https:\/\/ibc.ee\/fi\/tuote\/10l-hdpe-muovikanisteri-kierrekorkilla-ja-kaatonokalla\/#breadcrumb\",\"itemListElement\":[{\"@type\":\"ListItem\",\"position\":1,\"name\":\"\u0413\u043b\u0430\u0432\u043d\u0430\u044f \u0441\u0442\u0440\u0430\u043d\u0438\u0446\u0430\",\"item\":\"https:\/\/www.ibc.ee\/fi\/\"},{\"@type\":\"ListItem\",\"position\":2,\"name\":\"Myym\u00e4l\u00e4\",\"item\":\"https:\/\/www.ibc.ee\/fi\/shop\/\"},{\"@type\":\"ListItem\",\"position\":3,\"name\":\"10L HDPE-muovikanisteri kierrekorkilla ja kaatonokalla\"}]},{\"@type\":\"WebSite\",\"@id\":\"https:\/\/www.ibc.ee\/fi\/#website\",\"url\":\"https:\/\/www.ibc.ee\/fi\/\",\"name\":\"IBC konteineri m&uuml;&uuml;k, vaadid, kraanid, mahutid\",\"description\":\"IBC - Tank container valve, Adapters\\\\fittings, Intermediate bulk, container, Drums\/cans\",\"potentialAction\":[{\"@type\":\"SearchAction\",\"target\":{\"@type\":\"EntryPoint\",\"urlTemplate\":\"https:\/\/www.ibc.ee\/fi\/?s={search_term_string}\"},\"query-input\":{\"@type\":\"PropertyValueSpecification\",\"valueRequired\":true,\"valueName\":\"search_term_string\"}}],\"inLanguage\":\"fi\"}]}<\/script>\n<!-- \/ Yoast SEO plugin. -->","yoast_head_json":{"title":"10L HDPE-muovikanisteri kierrekorkilla ja kaatonokalla - IBC konteineri m&uuml;&uuml;k, vaadid, kraanid, mahutid","description":"T\u00e4m\u00e4 10 litran muovikanisteri on suunniteltu nesteiden helppoon ja hallittuun annosteluun.","robots":{"index":"index","follow":"follow","max-snippet":"max-snippet:-1","max-image-preview":"max-image-preview:large","max-video-preview":"max-video-preview:-1"},"canonical":"https:\/\/ibc.ee\/fi\/tuote\/10l-hdpe-muovikanisteri-kierrekorkilla-ja-kaatonokalla\/","og_locale":"fi_FI","og_type":"article","og_title":"10L HDPE-muovikanisteri kierrekorkilla ja kaatonokalla - IBC konteineri m&uuml;&uuml;k, vaadid, kraanid, mahutid","og_description":"T\u00e4m\u00e4 10 litran muovikanisteri on suunniteltu nesteiden helppoon ja hallittuun annosteluun.","og_url":"https:\/\/ibc.ee\/fi\/tuote\/10l-hdpe-muovikanisteri-kierrekorkilla-ja-kaatonokalla\/","og_site_name":"IBC konteineri m&uuml;&uuml;k, vaadid, kraanid, mahutid","og_image":[{"width":1000,"height":1000,"url":"https:\/\/ibc.ee\/wp-content\/uploads\/2025\/07\/10L-HDPE-plastkanister-keeratava-valamisavaga.jpg","type":"image\/jpeg"}],"twitter_card":"summary_large_image","schema":{"@context":"https:\/\/schema.org","@graph":[{"@type":"WebPage","@id":"https:\/\/ibc.ee\/fi\/tuote\/10l-hdpe-muovikanisteri-kierrekorkilla-ja-kaatonokalla\/","url":"https:\/\/ibc.ee\/fi\/tuote\/10l-hdpe-muovikanisteri-kierrekorkilla-ja-kaatonokalla\/","name":"10L HDPE-muovikanisteri kierrekorkilla ja kaatonokalla - IBC konteineri m&uuml;&uuml;k, vaadid, kraanid, mahutid","isPartOf":{"@id":"https:\/\/www.ibc.ee\/fi\/#website"},"primaryImageOfPage":{"@id":"https:\/\/ibc.ee\/fi\/tuote\/10l-hdpe-muovikanisteri-kierrekorkilla-ja-kaatonokalla\/#primaryimage"},"image":{"@id":"https:\/\/ibc.ee\/fi\/tuote\/10l-hdpe-muovikanisteri-kierrekorkilla-ja-kaatonokalla\/#primaryimage"},"thumbnailUrl":"https:\/\/ibc.ee\/wp-content\/uploads\/2025\/07\/10L-HDPE-plastkanister-keeratava-valamisavaga.jpg","datePublished":"2025-07-15T06:51:21+00:00","description":"T\u00e4m\u00e4 10 litran muovikanisteri on suunniteltu nesteiden helppoon ja hallittuun annosteluun.","breadcrumb":{"@id":"https:\/\/ibc.ee\/fi\/tuote\/10l-hdpe-muovikanisteri-kierrekorkilla-ja-kaatonokalla\/#breadcrumb"},"inLanguage":"fi","potentialAction":[{"@type":"ReadAction","target":["https:\/\/ibc.ee\/fi\/tuote\/10l-hdpe-muovikanisteri-kierrekorkilla-ja-kaatonokalla\/"]}]},{"@type":"ImageObject","inLanguage":"fi","@id":"https:\/\/ibc.ee\/fi\/tuote\/10l-hdpe-muovikanisteri-kierrekorkilla-ja-kaatonokalla\/#primaryimage","url":"https:\/\/ibc.ee\/wp-content\/uploads\/2025\/07\/10L-HDPE-plastkanister-keeratava-valamisavaga.jpg","contentUrl":"https:\/\/ibc.ee\/wp-content\/uploads\/2025\/07\/10L-HDPE-plastkanister-keeratava-valamisavaga.jpg","width":1000,"height":1000,"caption":"10L HDPE Plastic Jerry Can with Screw-On Pour Spout"},{"@type":"BreadcrumbList","@id":"https:\/\/ibc.ee\/fi\/tuote\/10l-hdpe-muovikanisteri-kierrekorkilla-ja-kaatonokalla\/#breadcrumb","itemListElement":[{"@type":"ListItem","position":1,"name":"\u0413\u043b\u0430\u0432\u043d\u0430\u044f \u0441\u0442\u0440\u0430\u043d\u0438\u0446\u0430","item":"https:\/\/www.ibc.ee\/fi\/"},{"@type":"ListItem","position":2,"name":"Myym\u00e4l\u00e4","item":"https:\/\/www.ibc.ee\/fi\/shop\/"},{"@type":"ListItem","position":3,"name":"10L HDPE-muovikanisteri kierrekorkilla ja kaatonokalla"}]},{"@type":"WebSite","@id":"https:\/\/www.ibc.ee\/fi\/#website","url":"https:\/\/www.ibc.ee\/fi\/","name":"IBC konteineri m&uuml;&uuml;k, vaadid, kraanid, mahutid","description":"IBC - Tank container valve, Adapters\\fittings, Intermediate bulk, container, Drums\/cans","potentialAction":[{"@type":"SearchAction","target":{"@type":"EntryPoint","urlTemplate":"https:\/\/www.ibc.ee\/fi\/?s={search_term_string}"},"query-input":{"@type":"PropertyValueSpecification","valueRequired":true,"valueName":"search_term_string"}}],"inLanguage":"fi"}]}},"_links":{"self":[{"href":"https:\/\/ibc.ee\/fi\/wp-json\/wp\/v2\/product\/24432","targetHints":{"allow":["GET"]}}],"collection":[{"href":"https:\/\/ibc.ee\/fi\/wp-json\/wp\/v2\/product"}],"about":[{"href":"https:\/\/ibc.ee\/fi\/wp-json\/wp\/v2\/types\/product"}],"wp:featuredmedia":[{"embeddable":true,"href":"https:\/\/ibc.ee\/fi\/wp-json\/wp\/v2\/media\/24423"}],"wp:attachment":[{"href":"https:\/\/ibc.ee\/fi\/wp-json\/wp\/v2\/media?parent=24432"}],"wp:term":[{"taxonomy":"product_brand","embeddable":true,"href":"https:\/\/ibc.ee\/fi\/wp-json\/wp\/v2\/product_brand?post=24432"},{"taxonomy":"product_cat","embeddable":true,"href":"https:\/\/ibc.ee\/fi\/wp-json\/wp\/v2\/product_cat?post=24432"},{"taxonomy":"product_tag","embeddable":true,"href":"https:\/\/ibc.ee\/fi\/wp-json\/wp\/v2\/product_tag?post=24432"}],"curies":[{"name":"wp","href":"https:\/\/api.w.org\/{rel}","templated":true}]}}