{"id":24451,"date":"2025-07-15T11:11:47","date_gmt":"2025-07-15T09:54:22","guid":{"rendered":"https:\/\/ibc.ee\/product\/25-l-un-sertifioitu-hdpe-muovikanisteri\/"},"modified":"2025-07-15T12:24:27","modified_gmt":"2025-07-15T10:24:27","slug":"25-l-un-sertifioitu-hdpe-muovikanisteri","status":"publish","type":"product","link":"https:\/\/ibc.ee\/fi\/tuote\/25-l-un-sertifioitu-hdpe-muovikanisteri\/","title":{"rendered":"25\u202fL UN-sertifioitu HDPE-muovikanisteri"},"content":{"rendered":"<p><strong>Tekniset tiedot:<\/strong><br \/>\n&#8211; Tilavuus: 25 litraa<br \/>\n&#8211; UN-merkint\u00e4: 3H1\/Y\/150<br \/>\n&#8211; Materiaali: HDPE (korkeatiheyksinen polyeteeni)<br \/>\n&#8211; Pakkausryhm\u00e4t: II ja III (keskim\u00e4\u00e4r\u00e4isen ja alhaisen vaaratason aineet)<br \/>\n&#8211; Korkki: Turvallinen kierrekorkki (saatavilla my\u00f6s sinet\u00f6it\u00e4v\u00e4)<br \/>\n&#8211; Pinottava: Kyll\u00e4 \u2013 helppo varastointi ja kuljetus<br \/>\n&#8211; Uudelleenk\u00e4ytt\u00f6: Mahdollinen, kun puhdistettu ja tarvittaessa uudelleensertifioitu<br \/>\n&#8211; V\u00e4ri: Yleens\u00e4 valkoinen tai l\u00e4pikuultava (saattaa vaihdella)<\/p>\n<p><strong>Tyypilliset k\u00e4ytt\u00f6kohteet:<\/strong><br \/>\n&#8211; Kemianteollisuus: hapot, em\u00e4kset, puhdistusaineet, rasvanpoistoaineet<br \/>\n&#8211; Maatalous: torjunta-aineet, rikkakasvien torjunta, nestem\u00e4iset lannoitteet<br \/>\n&#8211; Autoteollisuus: j\u00e4\u00e4hdytysnesteet, lasinpesunesteet, \u00f6ljyt ja lis\u00e4aineet<br \/>\n&#8211; Teollinen puhdistus: pesuaineet, liuottimet, desinfiointiaineet<br \/>\n&#8211; J\u00e4tehuolto: v\u00e4liaikainen nestem\u00e4isten j\u00e4tteiden s\u00e4ilytys<br \/>\n&#8211; Logistiikka ja vienti: t\u00e4ytt\u00e4\u00e4 kansainv\u00e4liset kuljetusvaatimukset<br \/>\n&#8211; Rakentaminen ja DIY: vedeneristysaineet, tiivisteet, lis\u00e4aineet<\/p>\n","protected":false},"excerpt":{"rendered":"<p>T\u00e4m\u00e4 25 litran HDPE-muovikanisteri on UN-hyv\u00e4ksytty teollisuustason s\u00e4ili\u00f6, joka on suunniteltu vaarallisten ja ei-vaarallisten nesteiden turvalliseen s\u00e4ilytykseen ja kuljetukseen. Merkint\u00e4 3H1\/Y\/150 osoittaa, ett\u00e4 tuote t\u00e4ytt\u00e4\u00e4 kansainv\u00e4liset vaatimukset pakkausryhmille II ja III ja soveltuu ADR-, RID-, IMDG- ja IATA-kuljetuksiin. <\/p>\n<p>Kanisteri on valmistettu HDPE:st\u00e4 (korkeatiheyksinen polyeteeni), joka tarjoaa erinomaisen kemiallisen kest\u00e4vyyden ja pitk\u00e4n k\u00e4ytt\u00f6i\u00e4n.<\/p>\n","protected":false},"featured_media":24442,"template":"","meta":[],"product_brand":[],"product_cat":[183],"product_tag":[],"class_list":{"0":"post-24451","1":"product","2":"type-product","3":"status-publish","4":"has-post-thumbnail","6":"product_cat-tynnyri-kanisteri","7":"product_shipping_class-omniva-fi","9":"first","10":"instock","11":"taxable","12":"shipping-taxable","13":"product-type-simple"},"yoast_head":"<!-- This site is optimized with the Yoast SEO plugin v26.9 - https:\/\/yoast.com\/product\/yoast-seo-wordpress\/ -->\n<title>25\u202fL UN-sertifioitu HDPE-muovikanisteri - IBC konteineri m&uuml;&uuml;k, vaadid, kraanid, mahutid<\/title>\n<meta name=\"description\" content=\"T\u00e4m\u00e4 25 litran HDPE-muovikanisteri on UN-hyv\u00e4ksytty teollisuustason s\u00e4ili\u00f6, joka on suunniteltu vaarallisten ja ei-vaarallisten nesteiden turvalliseen s\u00e4ilytykseen ja kuljetukseen.\" \/>\n<meta name=\"robots\" content=\"index, follow, max-snippet:-1, max-image-preview:large, max-video-preview:-1\" \/>\n<link rel=\"canonical\" href=\"https:\/\/ibc.ee\/fi\/tuote\/25-l-un-sertifioitu-hdpe-muovikanisteri\/\" \/>\n<meta property=\"og:locale\" content=\"fi_FI\" \/>\n<meta property=\"og:type\" content=\"article\" \/>\n<meta property=\"og:title\" content=\"25\u202fL UN-sertifioitu HDPE-muovikanisteri - IBC konteineri m&uuml;&uuml;k, vaadid, kraanid, mahutid\" \/>\n<meta property=\"og:description\" content=\"T\u00e4m\u00e4 25 litran HDPE-muovikanisteri on UN-hyv\u00e4ksytty teollisuustason s\u00e4ili\u00f6, joka on suunniteltu vaarallisten ja ei-vaarallisten nesteiden turvalliseen s\u00e4ilytykseen ja kuljetukseen.\" \/>\n<meta property=\"og:url\" content=\"https:\/\/ibc.ee\/fi\/tuote\/25-l-un-sertifioitu-hdpe-muovikanisteri\/\" \/>\n<meta property=\"og:site_name\" content=\"IBC konteineri m&uuml;&uuml;k, vaadid, kraanid, mahutid\" \/>\n<meta property=\"article:modified_time\" content=\"2025-07-15T10:24:27+00:00\" \/>\n<meta property=\"og:image\" content=\"https:\/\/ibc.ee\/wp-content\/uploads\/2025\/07\/25L-UN-sertifitseeritud-HDPE-plastkanister.jpg\" \/>\n\t<meta property=\"og:image:width\" content=\"1000\" \/>\n\t<meta property=\"og:image:height\" content=\"1000\" \/>\n\t<meta property=\"og:image:type\" content=\"image\/jpeg\" \/>\n<meta name=\"twitter:card\" content=\"summary_large_image\" \/>\n<meta name=\"twitter:label1\" content=\"Arvioitu lukuaika\" \/>\n\t<meta name=\"twitter:data1\" content=\"1 minuutti\" \/>\n<script type=\"application\/ld+json\" class=\"yoast-schema-graph\">{\"@context\":\"https:\/\/schema.org\",\"@graph\":[{\"@type\":\"WebPage\",\"@id\":\"https:\/\/ibc.ee\/fi\/tuote\/25-l-un-sertifioitu-hdpe-muovikanisteri\/\",\"url\":\"https:\/\/ibc.ee\/fi\/tuote\/25-l-un-sertifioitu-hdpe-muovikanisteri\/\",\"name\":\"25\u202fL UN-sertifioitu HDPE-muovikanisteri - IBC konteineri m&uuml;&uuml;k, vaadid, kraanid, mahutid\",\"isPartOf\":{\"@id\":\"https:\/\/ibc.ee\/fi\/#website\"},\"primaryImageOfPage\":{\"@id\":\"https:\/\/ibc.ee\/fi\/tuote\/25-l-un-sertifioitu-hdpe-muovikanisteri\/#primaryimage\"},\"image\":{\"@id\":\"https:\/\/ibc.ee\/fi\/tuote\/25-l-un-sertifioitu-hdpe-muovikanisteri\/#primaryimage\"},\"thumbnailUrl\":\"https:\/\/ibc.ee\/wp-content\/uploads\/2025\/07\/25L-UN-sertifitseeritud-HDPE-plastkanister.jpg\",\"datePublished\":\"2025-07-15T09:54:22+00:00\",\"dateModified\":\"2025-07-15T10:24:27+00:00\",\"description\":\"T\u00e4m\u00e4 25 litran HDPE-muovikanisteri on UN-hyv\u00e4ksytty teollisuustason s\u00e4ili\u00f6, joka on suunniteltu vaarallisten ja ei-vaarallisten nesteiden turvalliseen s\u00e4ilytykseen ja kuljetukseen.\",\"breadcrumb\":{\"@id\":\"https:\/\/ibc.ee\/fi\/tuote\/25-l-un-sertifioitu-hdpe-muovikanisteri\/#breadcrumb\"},\"inLanguage\":\"fi\",\"potentialAction\":[{\"@type\":\"ReadAction\",\"target\":[\"https:\/\/ibc.ee\/fi\/tuote\/25-l-un-sertifioitu-hdpe-muovikanisteri\/\"]}]},{\"@type\":\"ImageObject\",\"inLanguage\":\"fi\",\"@id\":\"https:\/\/ibc.ee\/fi\/tuote\/25-l-un-sertifioitu-hdpe-muovikanisteri\/#primaryimage\",\"url\":\"https:\/\/ibc.ee\/wp-content\/uploads\/2025\/07\/25L-UN-sertifitseeritud-HDPE-plastkanister.jpg\",\"contentUrl\":\"https:\/\/ibc.ee\/wp-content\/uploads\/2025\/07\/25L-UN-sertifitseeritud-HDPE-plastkanister.jpg\",\"width\":1000,\"height\":1000,\"caption\":\"25L UN Certified HDPE Plastic Jerry Can\"},{\"@type\":\"BreadcrumbList\",\"@id\":\"https:\/\/ibc.ee\/fi\/tuote\/25-l-un-sertifioitu-hdpe-muovikanisteri\/#breadcrumb\",\"itemListElement\":[{\"@type\":\"ListItem\",\"position\":1,\"name\":\"\u0413\u043b\u0430\u0432\u043d\u0430\u044f \u0441\u0442\u0440\u0430\u043d\u0438\u0446\u0430\",\"item\":\"https:\/\/ibc.ee\/fi\/\"},{\"@type\":\"ListItem\",\"position\":2,\"name\":\"Myym\u00e4l\u00e4\",\"item\":\"https:\/\/ibc.ee\/fi\/shop\/\"},{\"@type\":\"ListItem\",\"position\":3,\"name\":\"25\u202fL UN-sertifioitu HDPE-muovikanisteri\"}]},{\"@type\":\"WebSite\",\"@id\":\"https:\/\/ibc.ee\/fi\/#website\",\"url\":\"https:\/\/ibc.ee\/fi\/\",\"name\":\"IBC konteineri m&uuml;&uuml;k, vaadid, kraanid, mahutid\",\"description\":\"IBC - Tank container valve, Adapters\\\\fittings, Intermediate bulk, container, Drums\/cans\",\"potentialAction\":[{\"@type\":\"SearchAction\",\"target\":{\"@type\":\"EntryPoint\",\"urlTemplate\":\"https:\/\/ibc.ee\/fi\/?s={search_term_string}\"},\"query-input\":{\"@type\":\"PropertyValueSpecification\",\"valueRequired\":true,\"valueName\":\"search_term_string\"}}],\"inLanguage\":\"fi\"}]}<\/script>\n<!-- \/ Yoast SEO plugin. -->","yoast_head_json":{"title":"25\u202fL UN-sertifioitu HDPE-muovikanisteri - IBC konteineri m&uuml;&uuml;k, vaadid, kraanid, mahutid","description":"T\u00e4m\u00e4 25 litran HDPE-muovikanisteri on UN-hyv\u00e4ksytty teollisuustason s\u00e4ili\u00f6, joka on suunniteltu vaarallisten ja ei-vaarallisten nesteiden turvalliseen s\u00e4ilytykseen ja kuljetukseen.","robots":{"index":"index","follow":"follow","max-snippet":"max-snippet:-1","max-image-preview":"max-image-preview:large","max-video-preview":"max-video-preview:-1"},"canonical":"https:\/\/ibc.ee\/fi\/tuote\/25-l-un-sertifioitu-hdpe-muovikanisteri\/","og_locale":"fi_FI","og_type":"article","og_title":"25\u202fL UN-sertifioitu HDPE-muovikanisteri - IBC konteineri m&uuml;&uuml;k, vaadid, kraanid, mahutid","og_description":"T\u00e4m\u00e4 25 litran HDPE-muovikanisteri on UN-hyv\u00e4ksytty teollisuustason s\u00e4ili\u00f6, joka on suunniteltu vaarallisten ja ei-vaarallisten nesteiden turvalliseen s\u00e4ilytykseen ja kuljetukseen.","og_url":"https:\/\/ibc.ee\/fi\/tuote\/25-l-un-sertifioitu-hdpe-muovikanisteri\/","og_site_name":"IBC konteineri m&uuml;&uuml;k, vaadid, kraanid, mahutid","article_modified_time":"2025-07-15T10:24:27+00:00","og_image":[{"width":1000,"height":1000,"url":"https:\/\/ibc.ee\/wp-content\/uploads\/2025\/07\/25L-UN-sertifitseeritud-HDPE-plastkanister.jpg","type":"image\/jpeg"}],"twitter_card":"summary_large_image","twitter_misc":{"Arvioitu lukuaika":"1 minuutti"},"schema":{"@context":"https:\/\/schema.org","@graph":[{"@type":"WebPage","@id":"https:\/\/ibc.ee\/fi\/tuote\/25-l-un-sertifioitu-hdpe-muovikanisteri\/","url":"https:\/\/ibc.ee\/fi\/tuote\/25-l-un-sertifioitu-hdpe-muovikanisteri\/","name":"25\u202fL UN-sertifioitu HDPE-muovikanisteri - IBC konteineri m&uuml;&uuml;k, vaadid, kraanid, mahutid","isPartOf":{"@id":"https:\/\/ibc.ee\/fi\/#website"},"primaryImageOfPage":{"@id":"https:\/\/ibc.ee\/fi\/tuote\/25-l-un-sertifioitu-hdpe-muovikanisteri\/#primaryimage"},"image":{"@id":"https:\/\/ibc.ee\/fi\/tuote\/25-l-un-sertifioitu-hdpe-muovikanisteri\/#primaryimage"},"thumbnailUrl":"https:\/\/ibc.ee\/wp-content\/uploads\/2025\/07\/25L-UN-sertifitseeritud-HDPE-plastkanister.jpg","datePublished":"2025-07-15T09:54:22+00:00","dateModified":"2025-07-15T10:24:27+00:00","description":"T\u00e4m\u00e4 25 litran HDPE-muovikanisteri on UN-hyv\u00e4ksytty teollisuustason s\u00e4ili\u00f6, joka on suunniteltu vaarallisten ja ei-vaarallisten nesteiden turvalliseen s\u00e4ilytykseen ja kuljetukseen.","breadcrumb":{"@id":"https:\/\/ibc.ee\/fi\/tuote\/25-l-un-sertifioitu-hdpe-muovikanisteri\/#breadcrumb"},"inLanguage":"fi","potentialAction":[{"@type":"ReadAction","target":["https:\/\/ibc.ee\/fi\/tuote\/25-l-un-sertifioitu-hdpe-muovikanisteri\/"]}]},{"@type":"ImageObject","inLanguage":"fi","@id":"https:\/\/ibc.ee\/fi\/tuote\/25-l-un-sertifioitu-hdpe-muovikanisteri\/#primaryimage","url":"https:\/\/ibc.ee\/wp-content\/uploads\/2025\/07\/25L-UN-sertifitseeritud-HDPE-plastkanister.jpg","contentUrl":"https:\/\/ibc.ee\/wp-content\/uploads\/2025\/07\/25L-UN-sertifitseeritud-HDPE-plastkanister.jpg","width":1000,"height":1000,"caption":"25L UN Certified HDPE Plastic Jerry Can"},{"@type":"BreadcrumbList","@id":"https:\/\/ibc.ee\/fi\/tuote\/25-l-un-sertifioitu-hdpe-muovikanisteri\/#breadcrumb","itemListElement":[{"@type":"ListItem","position":1,"name":"\u0413\u043b\u0430\u0432\u043d\u0430\u044f \u0441\u0442\u0440\u0430\u043d\u0438\u0446\u0430","item":"https:\/\/ibc.ee\/fi\/"},{"@type":"ListItem","position":2,"name":"Myym\u00e4l\u00e4","item":"https:\/\/ibc.ee\/fi\/shop\/"},{"@type":"ListItem","position":3,"name":"25\u202fL UN-sertifioitu HDPE-muovikanisteri"}]},{"@type":"WebSite","@id":"https:\/\/ibc.ee\/fi\/#website","url":"https:\/\/ibc.ee\/fi\/","name":"IBC konteineri m&uuml;&uuml;k, vaadid, kraanid, mahutid","description":"IBC - Tank container valve, Adapters\\fittings, Intermediate bulk, container, Drums\/cans","potentialAction":[{"@type":"SearchAction","target":{"@type":"EntryPoint","urlTemplate":"https:\/\/ibc.ee\/fi\/?s={search_term_string}"},"query-input":{"@type":"PropertyValueSpecification","valueRequired":true,"valueName":"search_term_string"}}],"inLanguage":"fi"}]}},"_links":{"self":[{"href":"https:\/\/ibc.ee\/fi\/wp-json\/wp\/v2\/product\/24451","targetHints":{"allow":["GET"]}}],"collection":[{"href":"https:\/\/ibc.ee\/fi\/wp-json\/wp\/v2\/product"}],"about":[{"href":"https:\/\/ibc.ee\/fi\/wp-json\/wp\/v2\/types\/product"}],"wp:featuredmedia":[{"embeddable":true,"href":"https:\/\/ibc.ee\/fi\/wp-json\/wp\/v2\/media\/24442"}],"wp:attachment":[{"href":"https:\/\/ibc.ee\/fi\/wp-json\/wp\/v2\/media?parent=24451"}],"wp:term":[{"taxonomy":"product_brand","embeddable":true,"href":"https:\/\/ibc.ee\/fi\/wp-json\/wp\/v2\/product_brand?post=24451"},{"taxonomy":"product_cat","embeddable":true,"href":"https:\/\/ibc.ee\/fi\/wp-json\/wp\/v2\/product_cat?post=24451"},{"taxonomy":"product_tag","embeddable":true,"href":"https:\/\/ibc.ee\/fi\/wp-json\/wp\/v2\/product_tag?post=24451"}],"curies":[{"name":"wp","href":"https:\/\/api.w.org\/{rel}","templated":true}]}}