{"id":24469,"date":"2025-07-15T15:11:12","date_gmt":"2025-07-15T13:15:21","guid":{"rendered":"https:\/\/ibc.ee\/product\/1l-hdpe-muovipullo-levea-suuaukko-o40-mm\/"},"modified":"2025-07-15T15:15:21","modified_gmt":"2025-07-15T13:15:21","slug":"1l-hdpe-muovipullo-levea-suuaukko-o40-mm","status":"publish","type":"product","link":"https:\/\/ibc.ee\/fi\/tuote\/1l-hdpe-muovipullo-levea-suuaukko-o40-mm\/","title":{"rendered":"1L HDPE-muovipullo \u2013 leve\u00e4 suuaukko (\u00d840\u202fmm)"},"content":{"rendered":"<p><strong>Tekniset tiedot:<\/strong><br \/>\n&#8211; Tilavuus: 1 litra<br \/>\n&#8211; Kaulan halkaisija: 40 mm (kierre)<br \/>\n&#8211; Pullon halkaisija: 85 mm<br \/>\n&#8211; Korkeus: 244 mm<br \/>\n&#8211; Materiaali: HDPE (korkeatiheyksinen polyeteeni)<br \/>\n&#8211; V\u00e4ri: Luonnonv\u00e4ri (l\u00e4pikuultava), saatavilla my\u00f6s eri v\u00e4reiss\u00e4<br \/>\n&#8211; Korkki: Sopii kierrekorkkeihin, lapsiturvallisiin korkkeihin, pumppuihin tai annosteluk\u00e4rkiin (ei sis\u00e4lly toimitukseen)<\/p>\n<p><strong>Tyypillisi\u00e4 k\u00e4ytt\u00f6kohteita:<\/strong><br \/>\n&#8211; Kemikaalit: puhdistusaineet, rasvanpoistoaineet, desinfiointiaineet<br \/>\n&#8211; Autok\u00e4ytt\u00f6: j\u00e4\u00e4hdytysnesteet, tuulilasinpesunesteet, lis\u00e4aineet<br \/>\n&#8211; Kosmetiikka ja hygienia: nestesaippuat, shampoot, voiteet, k\u00e4sidesit<br \/>\n&#8211; Maatalous: nestem\u00e4iset lannoitteet, lehtiravinteet, kasviuutteet<br \/>\n&#8211; Rakentaminen ja tee se itse: maalit, pohjustusaineet, vesipohjaiset tuotteet<br \/>\n&#8211; Laboratoriot ja n\u00e4ytteenotto: tarkka nesteiden s\u00e4ilytys ja annostelu<\/p>\n","protected":false},"excerpt":{"rendered":"<p>T\u00e4m\u00e4 1 litran HDPE-pullo on korkealaatuinen, kevyt ja iskunkest\u00e4v\u00e4 s\u00e4ili\u00f6, joka soveltuu erinomaisesti nesteiden ja puoliksi nestem\u00e4isten tuotteiden s\u00e4ilytykseen ja annosteluun. Leve\u00e4n 40 mm kierresuun ansiosta pulloa on helppo t\u00e4ytt\u00e4\u00e4, kaataa tai k\u00e4ytt\u00e4\u00e4 pumppujen ja annostelijoiden kanssa. Valmistettu HDPE-muovista (korkeatiheyksinen polyeteeni), joka takaa hyv\u00e4n kemikaalien kest\u00e4vyyden ammatti-, teollisuus- ja kotik\u00e4ytt\u00f6\u00f6n. L\u00e4pikuultava luonnonv\u00e4ri mahdollistaa nesteen tason tarkkailun \u2013 saatavana my\u00f6s muissa v\u00e4reiss\u00e4 pyynn\u00f6st\u00e4.   <\/p>\n","protected":false},"featured_media":24461,"template":"","meta":[],"product_brand":[],"product_cat":[183],"product_tag":[],"class_list":{"0":"post-24469","1":"product","2":"type-product","3":"status-publish","4":"has-post-thumbnail","6":"product_cat-tynnyri-kanisteri","7":"product_shipping_class-omniva-fi","9":"first","10":"instock","11":"taxable","12":"shipping-taxable","13":"product-type-simple"},"yoast_head":"<!-- This site is optimized with the Yoast SEO plugin v26.9 - https:\/\/yoast.com\/product\/yoast-seo-wordpress\/ -->\n<title>1L HDPE-muovipullo \u2013 leve\u00e4 suuaukko (\u00d840\u202fmm) - IBC konteineri m&uuml;&uuml;k, vaadid, kraanid, mahutid<\/title>\n<meta name=\"description\" content=\"T\u00e4m\u00e4 1 litran HDPE-pullo on korkealaatuinen, kevyt ja iskunkest\u00e4v\u00e4 s\u00e4ili\u00f6, joka soveltuu erinomaisesti nesteiden ja puoliksi nestem\u00e4isten tuotteiden s\u00e4ilytykseen ja annosteluun.\" \/>\n<meta name=\"robots\" content=\"index, follow, max-snippet:-1, max-image-preview:large, max-video-preview:-1\" \/>\n<link rel=\"canonical\" href=\"https:\/\/ibc.ee\/fi\/tuote\/1l-hdpe-muovipullo-levea-suuaukko-o40-mm\/\" \/>\n<meta property=\"og:locale\" content=\"fi_FI\" \/>\n<meta property=\"og:type\" content=\"article\" \/>\n<meta property=\"og:title\" content=\"1L HDPE-muovipullo \u2013 leve\u00e4 suuaukko (\u00d840\u202fmm) - IBC konteineri m&uuml;&uuml;k, vaadid, kraanid, mahutid\" \/>\n<meta property=\"og:description\" content=\"T\u00e4m\u00e4 1 litran HDPE-pullo on korkealaatuinen, kevyt ja iskunkest\u00e4v\u00e4 s\u00e4ili\u00f6, joka soveltuu erinomaisesti nesteiden ja puoliksi nestem\u00e4isten tuotteiden s\u00e4ilytykseen ja annosteluun.\" \/>\n<meta property=\"og:url\" content=\"https:\/\/ibc.ee\/fi\/tuote\/1l-hdpe-muovipullo-levea-suuaukko-o40-mm\/\" \/>\n<meta property=\"og:site_name\" content=\"IBC konteineri m&uuml;&uuml;k, vaadid, kraanid, mahutid\" \/>\n<meta property=\"og:image\" content=\"https:\/\/ibc.ee\/wp-content\/uploads\/2025\/07\/1L-HDPE-plastpudel-laia-kaelaga.jpg\" \/>\n\t<meta property=\"og:image:width\" content=\"1000\" \/>\n\t<meta property=\"og:image:height\" content=\"1000\" \/>\n\t<meta property=\"og:image:type\" content=\"image\/jpeg\" \/>\n<meta name=\"twitter:card\" content=\"summary_large_image\" \/>\n<meta name=\"twitter:label1\" content=\"Arvioitu lukuaika\" \/>\n\t<meta name=\"twitter:data1\" content=\"1 minuutti\" \/>\n<script type=\"application\/ld+json\" class=\"yoast-schema-graph\">{\"@context\":\"https:\/\/schema.org\",\"@graph\":[{\"@type\":\"WebPage\",\"@id\":\"https:\/\/ibc.ee\/fi\/tuote\/1l-hdpe-muovipullo-levea-suuaukko-o40-mm\/\",\"url\":\"https:\/\/ibc.ee\/fi\/tuote\/1l-hdpe-muovipullo-levea-suuaukko-o40-mm\/\",\"name\":\"1L HDPE-muovipullo \u2013 leve\u00e4 suuaukko (\u00d840\u202fmm) - IBC konteineri m&uuml;&uuml;k, vaadid, kraanid, mahutid\",\"isPartOf\":{\"@id\":\"https:\/\/ibc.ee\/fi\/#website\"},\"primaryImageOfPage\":{\"@id\":\"https:\/\/ibc.ee\/fi\/tuote\/1l-hdpe-muovipullo-levea-suuaukko-o40-mm\/#primaryimage\"},\"image\":{\"@id\":\"https:\/\/ibc.ee\/fi\/tuote\/1l-hdpe-muovipullo-levea-suuaukko-o40-mm\/#primaryimage\"},\"thumbnailUrl\":\"https:\/\/ibc.ee\/wp-content\/uploads\/2025\/07\/1L-HDPE-plastpudel-laia-kaelaga.jpg\",\"datePublished\":\"2025-07-15T13:15:21+00:00\",\"description\":\"T\u00e4m\u00e4 1 litran HDPE-pullo on korkealaatuinen, kevyt ja iskunkest\u00e4v\u00e4 s\u00e4ili\u00f6, joka soveltuu erinomaisesti nesteiden ja puoliksi nestem\u00e4isten tuotteiden s\u00e4ilytykseen ja annosteluun.\",\"breadcrumb\":{\"@id\":\"https:\/\/ibc.ee\/fi\/tuote\/1l-hdpe-muovipullo-levea-suuaukko-o40-mm\/#breadcrumb\"},\"inLanguage\":\"fi\",\"potentialAction\":[{\"@type\":\"ReadAction\",\"target\":[\"https:\/\/ibc.ee\/fi\/tuote\/1l-hdpe-muovipullo-levea-suuaukko-o40-mm\/\"]}]},{\"@type\":\"ImageObject\",\"inLanguage\":\"fi\",\"@id\":\"https:\/\/ibc.ee\/fi\/tuote\/1l-hdpe-muovipullo-levea-suuaukko-o40-mm\/#primaryimage\",\"url\":\"https:\/\/ibc.ee\/wp-content\/uploads\/2025\/07\/1L-HDPE-plastpudel-laia-kaelaga.jpg\",\"contentUrl\":\"https:\/\/ibc.ee\/wp-content\/uploads\/2025\/07\/1L-HDPE-plastpudel-laia-kaelaga.jpg\",\"width\":1000,\"height\":1000,\"caption\":\"1L HDPE Plastic Bottle \u2013 Wide Neck (\u00d840mm)\"},{\"@type\":\"BreadcrumbList\",\"@id\":\"https:\/\/ibc.ee\/fi\/tuote\/1l-hdpe-muovipullo-levea-suuaukko-o40-mm\/#breadcrumb\",\"itemListElement\":[{\"@type\":\"ListItem\",\"position\":1,\"name\":\"\u0413\u043b\u0430\u0432\u043d\u0430\u044f \u0441\u0442\u0440\u0430\u043d\u0438\u0446\u0430\",\"item\":\"https:\/\/ibc.ee\/fi\/\"},{\"@type\":\"ListItem\",\"position\":2,\"name\":\"Myym\u00e4l\u00e4\",\"item\":\"https:\/\/ibc.ee\/fi\/shop\/\"},{\"@type\":\"ListItem\",\"position\":3,\"name\":\"1L HDPE-muovipullo \u2013 leve\u00e4 suuaukko (\u00d840\u202fmm)\"}]},{\"@type\":\"WebSite\",\"@id\":\"https:\/\/ibc.ee\/fi\/#website\",\"url\":\"https:\/\/ibc.ee\/fi\/\",\"name\":\"IBC konteineri m&uuml;&uuml;k, vaadid, kraanid, mahutid\",\"description\":\"IBC - Tank container valve, Adapters\\\\fittings, Intermediate bulk, container, Drums\/cans\",\"potentialAction\":[{\"@type\":\"SearchAction\",\"target\":{\"@type\":\"EntryPoint\",\"urlTemplate\":\"https:\/\/ibc.ee\/fi\/?s={search_term_string}\"},\"query-input\":{\"@type\":\"PropertyValueSpecification\",\"valueRequired\":true,\"valueName\":\"search_term_string\"}}],\"inLanguage\":\"fi\"}]}<\/script>\n<!-- \/ Yoast SEO plugin. -->","yoast_head_json":{"title":"1L HDPE-muovipullo \u2013 leve\u00e4 suuaukko (\u00d840\u202fmm) - IBC konteineri m&uuml;&uuml;k, vaadid, kraanid, mahutid","description":"T\u00e4m\u00e4 1 litran HDPE-pullo on korkealaatuinen, kevyt ja iskunkest\u00e4v\u00e4 s\u00e4ili\u00f6, joka soveltuu erinomaisesti nesteiden ja puoliksi nestem\u00e4isten tuotteiden s\u00e4ilytykseen ja annosteluun.","robots":{"index":"index","follow":"follow","max-snippet":"max-snippet:-1","max-image-preview":"max-image-preview:large","max-video-preview":"max-video-preview:-1"},"canonical":"https:\/\/ibc.ee\/fi\/tuote\/1l-hdpe-muovipullo-levea-suuaukko-o40-mm\/","og_locale":"fi_FI","og_type":"article","og_title":"1L HDPE-muovipullo \u2013 leve\u00e4 suuaukko (\u00d840\u202fmm) - IBC konteineri m&uuml;&uuml;k, vaadid, kraanid, mahutid","og_description":"T\u00e4m\u00e4 1 litran HDPE-pullo on korkealaatuinen, kevyt ja iskunkest\u00e4v\u00e4 s\u00e4ili\u00f6, joka soveltuu erinomaisesti nesteiden ja puoliksi nestem\u00e4isten tuotteiden s\u00e4ilytykseen ja annosteluun.","og_url":"https:\/\/ibc.ee\/fi\/tuote\/1l-hdpe-muovipullo-levea-suuaukko-o40-mm\/","og_site_name":"IBC konteineri m&uuml;&uuml;k, vaadid, kraanid, mahutid","og_image":[{"width":1000,"height":1000,"url":"https:\/\/ibc.ee\/wp-content\/uploads\/2025\/07\/1L-HDPE-plastpudel-laia-kaelaga.jpg","type":"image\/jpeg"}],"twitter_card":"summary_large_image","twitter_misc":{"Arvioitu lukuaika":"1 minuutti"},"schema":{"@context":"https:\/\/schema.org","@graph":[{"@type":"WebPage","@id":"https:\/\/ibc.ee\/fi\/tuote\/1l-hdpe-muovipullo-levea-suuaukko-o40-mm\/","url":"https:\/\/ibc.ee\/fi\/tuote\/1l-hdpe-muovipullo-levea-suuaukko-o40-mm\/","name":"1L HDPE-muovipullo \u2013 leve\u00e4 suuaukko (\u00d840\u202fmm) - IBC konteineri m&uuml;&uuml;k, vaadid, kraanid, mahutid","isPartOf":{"@id":"https:\/\/ibc.ee\/fi\/#website"},"primaryImageOfPage":{"@id":"https:\/\/ibc.ee\/fi\/tuote\/1l-hdpe-muovipullo-levea-suuaukko-o40-mm\/#primaryimage"},"image":{"@id":"https:\/\/ibc.ee\/fi\/tuote\/1l-hdpe-muovipullo-levea-suuaukko-o40-mm\/#primaryimage"},"thumbnailUrl":"https:\/\/ibc.ee\/wp-content\/uploads\/2025\/07\/1L-HDPE-plastpudel-laia-kaelaga.jpg","datePublished":"2025-07-15T13:15:21+00:00","description":"T\u00e4m\u00e4 1 litran HDPE-pullo on korkealaatuinen, kevyt ja iskunkest\u00e4v\u00e4 s\u00e4ili\u00f6, joka soveltuu erinomaisesti nesteiden ja puoliksi nestem\u00e4isten tuotteiden s\u00e4ilytykseen ja annosteluun.","breadcrumb":{"@id":"https:\/\/ibc.ee\/fi\/tuote\/1l-hdpe-muovipullo-levea-suuaukko-o40-mm\/#breadcrumb"},"inLanguage":"fi","potentialAction":[{"@type":"ReadAction","target":["https:\/\/ibc.ee\/fi\/tuote\/1l-hdpe-muovipullo-levea-suuaukko-o40-mm\/"]}]},{"@type":"ImageObject","inLanguage":"fi","@id":"https:\/\/ibc.ee\/fi\/tuote\/1l-hdpe-muovipullo-levea-suuaukko-o40-mm\/#primaryimage","url":"https:\/\/ibc.ee\/wp-content\/uploads\/2025\/07\/1L-HDPE-plastpudel-laia-kaelaga.jpg","contentUrl":"https:\/\/ibc.ee\/wp-content\/uploads\/2025\/07\/1L-HDPE-plastpudel-laia-kaelaga.jpg","width":1000,"height":1000,"caption":"1L HDPE Plastic Bottle \u2013 Wide Neck (\u00d840mm)"},{"@type":"BreadcrumbList","@id":"https:\/\/ibc.ee\/fi\/tuote\/1l-hdpe-muovipullo-levea-suuaukko-o40-mm\/#breadcrumb","itemListElement":[{"@type":"ListItem","position":1,"name":"\u0413\u043b\u0430\u0432\u043d\u0430\u044f \u0441\u0442\u0440\u0430\u043d\u0438\u0446\u0430","item":"https:\/\/ibc.ee\/fi\/"},{"@type":"ListItem","position":2,"name":"Myym\u00e4l\u00e4","item":"https:\/\/ibc.ee\/fi\/shop\/"},{"@type":"ListItem","position":3,"name":"1L HDPE-muovipullo \u2013 leve\u00e4 suuaukko (\u00d840\u202fmm)"}]},{"@type":"WebSite","@id":"https:\/\/ibc.ee\/fi\/#website","url":"https:\/\/ibc.ee\/fi\/","name":"IBC konteineri m&uuml;&uuml;k, vaadid, kraanid, mahutid","description":"IBC - Tank container valve, Adapters\\fittings, Intermediate bulk, container, Drums\/cans","potentialAction":[{"@type":"SearchAction","target":{"@type":"EntryPoint","urlTemplate":"https:\/\/ibc.ee\/fi\/?s={search_term_string}"},"query-input":{"@type":"PropertyValueSpecification","valueRequired":true,"valueName":"search_term_string"}}],"inLanguage":"fi"}]}},"_links":{"self":[{"href":"https:\/\/ibc.ee\/fi\/wp-json\/wp\/v2\/product\/24469","targetHints":{"allow":["GET"]}}],"collection":[{"href":"https:\/\/ibc.ee\/fi\/wp-json\/wp\/v2\/product"}],"about":[{"href":"https:\/\/ibc.ee\/fi\/wp-json\/wp\/v2\/types\/product"}],"wp:featuredmedia":[{"embeddable":true,"href":"https:\/\/ibc.ee\/fi\/wp-json\/wp\/v2\/media\/24461"}],"wp:attachment":[{"href":"https:\/\/ibc.ee\/fi\/wp-json\/wp\/v2\/media?parent=24469"}],"wp:term":[{"taxonomy":"product_brand","embeddable":true,"href":"https:\/\/ibc.ee\/fi\/wp-json\/wp\/v2\/product_brand?post=24469"},{"taxonomy":"product_cat","embeddable":true,"href":"https:\/\/ibc.ee\/fi\/wp-json\/wp\/v2\/product_cat?post=24469"},{"taxonomy":"product_tag","embeddable":true,"href":"https:\/\/ibc.ee\/fi\/wp-json\/wp\/v2\/product_tag?post=24469"}],"curies":[{"name":"wp","href":"https:\/\/api.w.org\/{rel}","templated":true}]}}