{"id":24505,"date":"2025-08-05T14:57:09","date_gmt":"2025-08-05T12:57:10","guid":{"rendered":"https:\/\/ibc.ee\/?post_type=product&#038;p=24505"},"modified":"2025-08-08T10:10:42","modified_gmt":"2025-08-08T08:10:42","slug":"200-l-kunnostettu-emaloitu-metallitynnyri-irrotettavalla-kannella","status":"publish","type":"product","link":"https:\/\/ibc.ee\/fi\/tuote\/200-l-kunnostettu-emaloitu-metallitynnyri-irrotettavalla-kannella\/","title":{"rendered":"200\u202fL kunnostettu emaloitu metallitynnyri irrotettavalla kannella"},"content":{"rendered":"<p>T\u00e4m\u00e4 200 litran kunnostettu metallitynnyri on valmistettu kest\u00e4v\u00e4st\u00e4 ter\u00e4ksest\u00e4 ja sen sis\u00e4pinta on emaloitu korroosion ehk\u00e4isemiseksi. Tynnyriss\u00e4 on t\u00e4ysin irrotettava kansi lukitusrenkaalla sek\u00e4 standardit aukot (2\u201d ja \u00be\u201d) kierteellisill\u00e4 sulkimilla. Vaikka tynnyri on k\u00e4ytetty, se on hyv\u00e4kuntoinen, puhdistettu ja valmis monipuoliseen k\u00e4ytt\u00f6\u00f6n ei-kriittisiss\u00e4 kohteissa.  <\/p>\n<p>Soveltuu erinomaisesti:<\/p>\n<ul>\n<li>Veden varastointiin puutarhassa tai maatilalla<\/li>\n<li>Polttotynnyriksi puutarhaj\u00e4tteille<\/li>\n<li>Sadeveden ker\u00e4ykseen<\/li>\n<li>Ei-vaarallisten nesteiden v\u00e4liaikaiseen s\u00e4ilytykseen<\/li>\n<li>Ty\u00f6maiden monitoimik\u00e4ytt\u00f6\u00f6n<\/li>\n<\/ul>\n","protected":false},"excerpt":{"rendered":"<p>T\u00e4m\u00e4 200 litran kunnostettu metallitynnyri on valmistettu kest\u00e4v\u00e4st\u00e4 ter\u00e4ksest\u00e4 ja sen sis\u00e4pinta on emaloitu korroosion ehk\u00e4isemiseksi. Tynnyriss\u00e4 on t\u00e4ysin irrotettava kansi lukitusrenkaalla sek\u00e4 standardit aukot (2\u201d ja \u00be\u201d) kierteellisill\u00e4 sulkimilla. Vaikka tynnyri on k\u00e4ytetty, se on hyv\u00e4kuntoinen, puhdistettu ja valmis monipuoliseen k\u00e4ytt\u00f6\u00f6n ei-kriittisiss\u00e4 kohteissa. Soveltuu erinomaisesti: Veden varastointiin puutarhassa tai maatilalla Polttotynnyriksi puutarhaj\u00e4tteille Sadeveden ker\u00e4ykseen [&hellip;]<\/p>\n","protected":false},"featured_media":24513,"template":"","meta":[],"product_brand":[],"product_cat":[183],"product_tag":[],"class_list":{"0":"post-24505","1":"product","2":"type-product","3":"status-publish","4":"has-post-thumbnail","6":"product_cat-tynnyri-kanisteri","7":"product_shipping_class-drums-and-cans-fi","9":"first","10":"instock","11":"taxable","12":"shipping-taxable","13":"purchasable","14":"product-type-simple"},"yoast_head":"<!-- This site is optimized with the Yoast SEO plugin v26.9 - https:\/\/yoast.com\/product\/yoast-seo-wordpress\/ -->\n<title>200\u202fL kunnostettu emaloitu metallitynnyri irrotettavalla kannella - IBC konteineri m&uuml;&uuml;k, vaadid, kraanid, mahutid<\/title>\n<meta name=\"description\" content=\"T\u00e4m\u00e4 200 litran kunnostettu metallitynnyri on valmistettu kest\u00e4v\u00e4st\u00e4 ter\u00e4ksest\u00e4 ja sen sis\u00e4pinta on emaloitu korroosion ehk\u00e4isemiseksi.\" \/>\n<meta name=\"robots\" content=\"index, follow, max-snippet:-1, max-image-preview:large, max-video-preview:-1\" \/>\n<link rel=\"canonical\" href=\"https:\/\/ibc.ee\/fi\/tuote\/200-l-kunnostettu-emaloitu-metallitynnyri-irrotettavalla-kannella\/\" \/>\n<meta property=\"og:locale\" content=\"fi_FI\" \/>\n<meta property=\"og:type\" content=\"article\" \/>\n<meta property=\"og:title\" content=\"200\u202fL kunnostettu emaloitu metallitynnyri irrotettavalla kannella - IBC konteineri m&uuml;&uuml;k, vaadid, kraanid, mahutid\" \/>\n<meta property=\"og:description\" content=\"T\u00e4m\u00e4 200 litran kunnostettu metallitynnyri on valmistettu kest\u00e4v\u00e4st\u00e4 ter\u00e4ksest\u00e4 ja sen sis\u00e4pinta on emaloitu korroosion ehk\u00e4isemiseksi.\" \/>\n<meta property=\"og:url\" content=\"https:\/\/ibc.ee\/fi\/tuote\/200-l-kunnostettu-emaloitu-metallitynnyri-irrotettavalla-kannella\/\" \/>\n<meta property=\"og:site_name\" content=\"IBC konteineri m&uuml;&uuml;k, vaadid, kraanid, mahutid\" \/>\n<meta property=\"article:modified_time\" content=\"2025-08-08T08:10:42+00:00\" \/>\n<meta property=\"og:image\" content=\"https:\/\/ibc.ee\/wp-content\/uploads\/2025\/08\/200-L-taastatud-emailitud-metalltunn-eemaldatava-kaanega.jpg\" \/>\n\t<meta property=\"og:image:width\" content=\"1000\" \/>\n\t<meta property=\"og:image:height\" content=\"1000\" \/>\n\t<meta property=\"og:image:type\" content=\"image\/jpeg\" \/>\n<meta name=\"twitter:card\" content=\"summary_large_image\" \/>\n<meta name=\"twitter:label1\" content=\"Arvioitu lukuaika\" \/>\n\t<meta name=\"twitter:data1\" content=\"1 minuutti\" \/>\n<script type=\"application\/ld+json\" class=\"yoast-schema-graph\">{\"@context\":\"https:\/\/schema.org\",\"@graph\":[{\"@type\":\"WebPage\",\"@id\":\"https:\/\/ibc.ee\/fi\/tuote\/200-l-kunnostettu-emaloitu-metallitynnyri-irrotettavalla-kannella\/\",\"url\":\"https:\/\/ibc.ee\/fi\/tuote\/200-l-kunnostettu-emaloitu-metallitynnyri-irrotettavalla-kannella\/\",\"name\":\"200\u202fL kunnostettu emaloitu metallitynnyri irrotettavalla kannella - IBC konteineri m&uuml;&uuml;k, vaadid, kraanid, mahutid\",\"isPartOf\":{\"@id\":\"https:\/\/www.ibc.ee\/fi\/#website\"},\"primaryImageOfPage\":{\"@id\":\"https:\/\/ibc.ee\/fi\/tuote\/200-l-kunnostettu-emaloitu-metallitynnyri-irrotettavalla-kannella\/#primaryimage\"},\"image\":{\"@id\":\"https:\/\/ibc.ee\/fi\/tuote\/200-l-kunnostettu-emaloitu-metallitynnyri-irrotettavalla-kannella\/#primaryimage\"},\"thumbnailUrl\":\"https:\/\/ibc.ee\/wp-content\/uploads\/2025\/08\/200-L-taastatud-emailitud-metalltunn-eemaldatava-kaanega.jpg\",\"datePublished\":\"2025-08-05T12:57:10+00:00\",\"dateModified\":\"2025-08-08T08:10:42+00:00\",\"description\":\"T\u00e4m\u00e4 200 litran kunnostettu metallitynnyri on valmistettu kest\u00e4v\u00e4st\u00e4 ter\u00e4ksest\u00e4 ja sen sis\u00e4pinta on emaloitu korroosion ehk\u00e4isemiseksi.\",\"breadcrumb\":{\"@id\":\"https:\/\/ibc.ee\/fi\/tuote\/200-l-kunnostettu-emaloitu-metallitynnyri-irrotettavalla-kannella\/#breadcrumb\"},\"inLanguage\":\"fi\",\"potentialAction\":[{\"@type\":\"ReadAction\",\"target\":[\"https:\/\/ibc.ee\/fi\/tuote\/200-l-kunnostettu-emaloitu-metallitynnyri-irrotettavalla-kannella\/\"]}]},{\"@type\":\"ImageObject\",\"inLanguage\":\"fi\",\"@id\":\"https:\/\/ibc.ee\/fi\/tuote\/200-l-kunnostettu-emaloitu-metallitynnyri-irrotettavalla-kannella\/#primaryimage\",\"url\":\"https:\/\/ibc.ee\/wp-content\/uploads\/2025\/08\/200-L-taastatud-emailitud-metalltunn-eemaldatava-kaanega.jpg\",\"contentUrl\":\"https:\/\/ibc.ee\/wp-content\/uploads\/2025\/08\/200-L-taastatud-emailitud-metalltunn-eemaldatava-kaanega.jpg\",\"width\":1000,\"height\":1000,\"caption\":\"200-L-taastatud-emailitud-metalltunn-eemaldatava-kaanega\"},{\"@type\":\"BreadcrumbList\",\"@id\":\"https:\/\/ibc.ee\/fi\/tuote\/200-l-kunnostettu-emaloitu-metallitynnyri-irrotettavalla-kannella\/#breadcrumb\",\"itemListElement\":[{\"@type\":\"ListItem\",\"position\":1,\"name\":\"\u0413\u043b\u0430\u0432\u043d\u0430\u044f \u0441\u0442\u0440\u0430\u043d\u0438\u0446\u0430\",\"item\":\"https:\/\/www.ibc.ee\/fi\/\"},{\"@type\":\"ListItem\",\"position\":2,\"name\":\"Myym\u00e4l\u00e4\",\"item\":\"https:\/\/www.ibc.ee\/fi\/shop\/\"},{\"@type\":\"ListItem\",\"position\":3,\"name\":\"200\u202fL kunnostettu emaloitu metallitynnyri irrotettavalla kannella\"}]},{\"@type\":\"WebSite\",\"@id\":\"https:\/\/www.ibc.ee\/fi\/#website\",\"url\":\"https:\/\/www.ibc.ee\/fi\/\",\"name\":\"IBC konteineri m&uuml;&uuml;k, vaadid, kraanid, mahutid\",\"description\":\"IBC - Tank container valve, Adapters\\\\fittings, Intermediate bulk, container, Drums\/cans\",\"potentialAction\":[{\"@type\":\"SearchAction\",\"target\":{\"@type\":\"EntryPoint\",\"urlTemplate\":\"https:\/\/www.ibc.ee\/fi\/?s={search_term_string}\"},\"query-input\":{\"@type\":\"PropertyValueSpecification\",\"valueRequired\":true,\"valueName\":\"search_term_string\"}}],\"inLanguage\":\"fi\"}]}<\/script>\n<!-- \/ Yoast SEO plugin. -->","yoast_head_json":{"title":"200\u202fL kunnostettu emaloitu metallitynnyri irrotettavalla kannella - IBC konteineri m&uuml;&uuml;k, vaadid, kraanid, mahutid","description":"T\u00e4m\u00e4 200 litran kunnostettu metallitynnyri on valmistettu kest\u00e4v\u00e4st\u00e4 ter\u00e4ksest\u00e4 ja sen sis\u00e4pinta on emaloitu korroosion ehk\u00e4isemiseksi.","robots":{"index":"index","follow":"follow","max-snippet":"max-snippet:-1","max-image-preview":"max-image-preview:large","max-video-preview":"max-video-preview:-1"},"canonical":"https:\/\/ibc.ee\/fi\/tuote\/200-l-kunnostettu-emaloitu-metallitynnyri-irrotettavalla-kannella\/","og_locale":"fi_FI","og_type":"article","og_title":"200\u202fL kunnostettu emaloitu metallitynnyri irrotettavalla kannella - IBC konteineri m&uuml;&uuml;k, vaadid, kraanid, mahutid","og_description":"T\u00e4m\u00e4 200 litran kunnostettu metallitynnyri on valmistettu kest\u00e4v\u00e4st\u00e4 ter\u00e4ksest\u00e4 ja sen sis\u00e4pinta on emaloitu korroosion ehk\u00e4isemiseksi.","og_url":"https:\/\/ibc.ee\/fi\/tuote\/200-l-kunnostettu-emaloitu-metallitynnyri-irrotettavalla-kannella\/","og_site_name":"IBC konteineri m&uuml;&uuml;k, vaadid, kraanid, mahutid","article_modified_time":"2025-08-08T08:10:42+00:00","og_image":[{"width":1000,"height":1000,"url":"https:\/\/ibc.ee\/wp-content\/uploads\/2025\/08\/200-L-taastatud-emailitud-metalltunn-eemaldatava-kaanega.jpg","type":"image\/jpeg"}],"twitter_card":"summary_large_image","twitter_misc":{"Arvioitu lukuaika":"1 minuutti"},"schema":{"@context":"https:\/\/schema.org","@graph":[{"@type":"WebPage","@id":"https:\/\/ibc.ee\/fi\/tuote\/200-l-kunnostettu-emaloitu-metallitynnyri-irrotettavalla-kannella\/","url":"https:\/\/ibc.ee\/fi\/tuote\/200-l-kunnostettu-emaloitu-metallitynnyri-irrotettavalla-kannella\/","name":"200\u202fL kunnostettu emaloitu metallitynnyri irrotettavalla kannella - IBC konteineri m&uuml;&uuml;k, vaadid, kraanid, mahutid","isPartOf":{"@id":"https:\/\/www.ibc.ee\/fi\/#website"},"primaryImageOfPage":{"@id":"https:\/\/ibc.ee\/fi\/tuote\/200-l-kunnostettu-emaloitu-metallitynnyri-irrotettavalla-kannella\/#primaryimage"},"image":{"@id":"https:\/\/ibc.ee\/fi\/tuote\/200-l-kunnostettu-emaloitu-metallitynnyri-irrotettavalla-kannella\/#primaryimage"},"thumbnailUrl":"https:\/\/ibc.ee\/wp-content\/uploads\/2025\/08\/200-L-taastatud-emailitud-metalltunn-eemaldatava-kaanega.jpg","datePublished":"2025-08-05T12:57:10+00:00","dateModified":"2025-08-08T08:10:42+00:00","description":"T\u00e4m\u00e4 200 litran kunnostettu metallitynnyri on valmistettu kest\u00e4v\u00e4st\u00e4 ter\u00e4ksest\u00e4 ja sen sis\u00e4pinta on emaloitu korroosion ehk\u00e4isemiseksi.","breadcrumb":{"@id":"https:\/\/ibc.ee\/fi\/tuote\/200-l-kunnostettu-emaloitu-metallitynnyri-irrotettavalla-kannella\/#breadcrumb"},"inLanguage":"fi","potentialAction":[{"@type":"ReadAction","target":["https:\/\/ibc.ee\/fi\/tuote\/200-l-kunnostettu-emaloitu-metallitynnyri-irrotettavalla-kannella\/"]}]},{"@type":"ImageObject","inLanguage":"fi","@id":"https:\/\/ibc.ee\/fi\/tuote\/200-l-kunnostettu-emaloitu-metallitynnyri-irrotettavalla-kannella\/#primaryimage","url":"https:\/\/ibc.ee\/wp-content\/uploads\/2025\/08\/200-L-taastatud-emailitud-metalltunn-eemaldatava-kaanega.jpg","contentUrl":"https:\/\/ibc.ee\/wp-content\/uploads\/2025\/08\/200-L-taastatud-emailitud-metalltunn-eemaldatava-kaanega.jpg","width":1000,"height":1000,"caption":"200-L-taastatud-emailitud-metalltunn-eemaldatava-kaanega"},{"@type":"BreadcrumbList","@id":"https:\/\/ibc.ee\/fi\/tuote\/200-l-kunnostettu-emaloitu-metallitynnyri-irrotettavalla-kannella\/#breadcrumb","itemListElement":[{"@type":"ListItem","position":1,"name":"\u0413\u043b\u0430\u0432\u043d\u0430\u044f \u0441\u0442\u0440\u0430\u043d\u0438\u0446\u0430","item":"https:\/\/www.ibc.ee\/fi\/"},{"@type":"ListItem","position":2,"name":"Myym\u00e4l\u00e4","item":"https:\/\/www.ibc.ee\/fi\/shop\/"},{"@type":"ListItem","position":3,"name":"200\u202fL kunnostettu emaloitu metallitynnyri irrotettavalla kannella"}]},{"@type":"WebSite","@id":"https:\/\/www.ibc.ee\/fi\/#website","url":"https:\/\/www.ibc.ee\/fi\/","name":"IBC konteineri m&uuml;&uuml;k, vaadid, kraanid, mahutid","description":"IBC - Tank container valve, Adapters\\fittings, Intermediate bulk, container, Drums\/cans","potentialAction":[{"@type":"SearchAction","target":{"@type":"EntryPoint","urlTemplate":"https:\/\/www.ibc.ee\/fi\/?s={search_term_string}"},"query-input":{"@type":"PropertyValueSpecification","valueRequired":true,"valueName":"search_term_string"}}],"inLanguage":"fi"}]}},"_links":{"self":[{"href":"https:\/\/ibc.ee\/fi\/wp-json\/wp\/v2\/product\/24505","targetHints":{"allow":["GET"]}}],"collection":[{"href":"https:\/\/ibc.ee\/fi\/wp-json\/wp\/v2\/product"}],"about":[{"href":"https:\/\/ibc.ee\/fi\/wp-json\/wp\/v2\/types\/product"}],"wp:featuredmedia":[{"embeddable":true,"href":"https:\/\/ibc.ee\/fi\/wp-json\/wp\/v2\/media\/24513"}],"wp:attachment":[{"href":"https:\/\/ibc.ee\/fi\/wp-json\/wp\/v2\/media?parent=24505"}],"wp:term":[{"taxonomy":"product_brand","embeddable":true,"href":"https:\/\/ibc.ee\/fi\/wp-json\/wp\/v2\/product_brand?post=24505"},{"taxonomy":"product_cat","embeddable":true,"href":"https:\/\/ibc.ee\/fi\/wp-json\/wp\/v2\/product_cat?post=24505"},{"taxonomy":"product_tag","embeddable":true,"href":"https:\/\/ibc.ee\/fi\/wp-json\/wp\/v2\/product_tag?post=24505"}],"curies":[{"name":"wp","href":"https:\/\/api.w.org\/{rel}","templated":true}]}}