{"id":24541,"date":"2025-08-06T11:38:44","date_gmt":"2025-08-06T09:38:45","guid":{"rendered":"https:\/\/ibc.ee\/?post_type=product&#038;p=24541"},"modified":"2025-08-08T10:03:48","modified_gmt":"2025-08-08T08:03:48","slug":"raincube-ibc-1000-kaytetty-ja-pesty-1000-litran-ibc-kontti","status":"publish","type":"product","link":"https:\/\/ibc.ee\/fi\/tuote\/raincube-ibc-1000-kaytetty-ja-pesty-1000-litran-ibc-kontti\/","title":{"rendered":"RainCube IBC 1000 \u2013 k\u00e4ytetty ja pesty 1000 litran IBC-kontti"},"content":{"rendered":"<p>RainCube IBC 1000 on huolellisesti pesty ja tarkastettu k\u00e4ytetty 1000 litran IBC-s\u00e4ili\u00f6, joka on suunniteltu erityisesti sadeveden, harmaan veden ja muiden ei-juomakelpoisten nesteiden varastointiin. Edullinen ja ymp\u00e4rist\u00f6yst\u00e4v\u00e4llinen ratkaisu kotitalouksille, puutarhoihin ja kevyisiin teollisiin k\u00e4ytt\u00f6kohteisiin, joissa ei tarvita UN- tai FDA-sertifiointia. <\/p>\n<p>RainCube IBC 1000 sopii erinomaisesti:<\/p>\n<ul>\n<li>Sadeveden ker\u00e4\u00e4miseen puutarhan kasteluun tai WC-j\u00e4rjestelmiin<\/li>\n<li>Harmaan veden varastointiin (esim. pesualtaat, suihkut, pesukoneet)<\/li>\n<li>J\u00e4teveden tilap\u00e4iseen s\u00e4ilytykseen<\/li>\n<li>Maatalous- ja puutarhak\u00e4ytt\u00f6\u00f6n<\/li>\n<li>Rakennusty\u00f6maiden tekniseen k\u00e4ytt\u00f6\u00f6n<\/li>\n<li>Puhdistusaineliuosten s\u00e4ili\u00f6ksi<\/li>\n<\/ul>\n","protected":false},"excerpt":{"rendered":"<p>RainCube IBC 1000 on huolellisesti pesty ja tarkastettu k\u00e4ytetty 1000 litran IBC-s\u00e4ili\u00f6, joka on suunniteltu erityisesti sadeveden, harmaan veden ja muiden ei-juomakelpoisten nesteiden varastointiin. Edullinen ja ymp\u00e4rist\u00f6yst\u00e4v\u00e4llinen ratkaisu kotitalouksille, puutarhoihin ja kevyisiin teollisiin k\u00e4ytt\u00f6kohteisiin, joissa ei tarvita UN- tai FDA-sertifiointia. RainCube IBC 1000 sopii erinomaisesti: Sadeveden ker\u00e4\u00e4miseen puutarhan kasteluun tai WC-j\u00e4rjestelmiin Harmaan veden varastointiin (esim. [&hellip;]<\/p>\n","protected":false},"featured_media":24549,"template":"","meta":[],"product_brand":[],"product_cat":[182],"product_tag":[],"class_list":{"0":"post-24541","1":"product","2":"type-product","3":"status-publish","4":"has-post-thumbnail","6":"product_cat-kontti","7":"product_shipping_class-drums-and-cans-fi","9":"first","10":"instock","11":"taxable","12":"shipping-taxable","13":"purchasable","14":"product-type-simple"},"yoast_head":"<!-- This site is optimized with the Yoast SEO plugin v26.9 - https:\/\/yoast.com\/product\/yoast-seo-wordpress\/ -->\n<title>RainCube IBC 1000 \u2013 k\u00e4ytetty ja pesty 1000 litran IBC-kontti - IBC konteineri m&uuml;&uuml;k, vaadid, kraanid, mahutid<\/title>\n<meta name=\"description\" content=\"RainCube IBC 1000 on huolellisesti pesty ja tarkastettu k\u00e4ytetty 1000 litran IBC-s\u00e4ili\u00f6, joka on suunniteltu erityisesti sadeveden, harmaan veden ja muiden ei-juomakelpoisten nesteiden varastointiin.\" \/>\n<meta name=\"robots\" content=\"index, follow, max-snippet:-1, max-image-preview:large, max-video-preview:-1\" \/>\n<link rel=\"canonical\" href=\"https:\/\/ibc.ee\/fi\/tuote\/raincube-ibc-1000-kaytetty-ja-pesty-1000-litran-ibc-kontti\/\" \/>\n<meta property=\"og:locale\" content=\"fi_FI\" \/>\n<meta property=\"og:type\" content=\"article\" \/>\n<meta property=\"og:title\" content=\"RainCube IBC 1000 \u2013 k\u00e4ytetty ja pesty 1000 litran IBC-kontti - IBC konteineri m&uuml;&uuml;k, vaadid, kraanid, mahutid\" \/>\n<meta property=\"og:description\" content=\"RainCube IBC 1000 on huolellisesti pesty ja tarkastettu k\u00e4ytetty 1000 litran IBC-s\u00e4ili\u00f6, joka on suunniteltu erityisesti sadeveden, harmaan veden ja muiden ei-juomakelpoisten nesteiden varastointiin.\" \/>\n<meta property=\"og:url\" content=\"https:\/\/ibc.ee\/fi\/tuote\/raincube-ibc-1000-kaytetty-ja-pesty-1000-litran-ibc-kontti\/\" \/>\n<meta property=\"og:site_name\" content=\"IBC konteineri m&uuml;&uuml;k, vaadid, kraanid, mahutid\" \/>\n<meta property=\"article:modified_time\" content=\"2025-08-08T08:03:48+00:00\" \/>\n<meta property=\"og:image\" content=\"https:\/\/ibc.ee\/wp-content\/uploads\/2025\/08\/RainCube-IBC-1000-kasutatud-ja-pestud-1000L-IBC-konteiner.jpg\" \/>\n\t<meta property=\"og:image:width\" content=\"1000\" \/>\n\t<meta property=\"og:image:height\" content=\"1000\" \/>\n\t<meta property=\"og:image:type\" content=\"image\/jpeg\" \/>\n<meta name=\"twitter:card\" content=\"summary_large_image\" \/>\n<meta name=\"twitter:label1\" content=\"Arvioitu lukuaika\" \/>\n\t<meta name=\"twitter:data1\" content=\"1 minuutti\" \/>\n<script type=\"application\/ld+json\" class=\"yoast-schema-graph\">{\"@context\":\"https:\/\/schema.org\",\"@graph\":[{\"@type\":\"WebPage\",\"@id\":\"https:\/\/ibc.ee\/fi\/tuote\/raincube-ibc-1000-kaytetty-ja-pesty-1000-litran-ibc-kontti\/\",\"url\":\"https:\/\/ibc.ee\/fi\/tuote\/raincube-ibc-1000-kaytetty-ja-pesty-1000-litran-ibc-kontti\/\",\"name\":\"RainCube IBC 1000 \u2013 k\u00e4ytetty ja pesty 1000 litran IBC-kontti - IBC konteineri m&uuml;&uuml;k, vaadid, kraanid, mahutid\",\"isPartOf\":{\"@id\":\"https:\/\/www.ibc.ee\/fi\/#website\"},\"primaryImageOfPage\":{\"@id\":\"https:\/\/ibc.ee\/fi\/tuote\/raincube-ibc-1000-kaytetty-ja-pesty-1000-litran-ibc-kontti\/#primaryimage\"},\"image\":{\"@id\":\"https:\/\/ibc.ee\/fi\/tuote\/raincube-ibc-1000-kaytetty-ja-pesty-1000-litran-ibc-kontti\/#primaryimage\"},\"thumbnailUrl\":\"https:\/\/ibc.ee\/wp-content\/uploads\/2025\/08\/RainCube-IBC-1000-kasutatud-ja-pestud-1000L-IBC-konteiner.jpg\",\"datePublished\":\"2025-08-06T09:38:45+00:00\",\"dateModified\":\"2025-08-08T08:03:48+00:00\",\"description\":\"RainCube IBC 1000 on huolellisesti pesty ja tarkastettu k\u00e4ytetty 1000 litran IBC-s\u00e4ili\u00f6, joka on suunniteltu erityisesti sadeveden, harmaan veden ja muiden ei-juomakelpoisten nesteiden varastointiin.\",\"breadcrumb\":{\"@id\":\"https:\/\/ibc.ee\/fi\/tuote\/raincube-ibc-1000-kaytetty-ja-pesty-1000-litran-ibc-kontti\/#breadcrumb\"},\"inLanguage\":\"fi\",\"potentialAction\":[{\"@type\":\"ReadAction\",\"target\":[\"https:\/\/ibc.ee\/fi\/tuote\/raincube-ibc-1000-kaytetty-ja-pesty-1000-litran-ibc-kontti\/\"]}]},{\"@type\":\"ImageObject\",\"inLanguage\":\"fi\",\"@id\":\"https:\/\/ibc.ee\/fi\/tuote\/raincube-ibc-1000-kaytetty-ja-pesty-1000-litran-ibc-kontti\/#primaryimage\",\"url\":\"https:\/\/ibc.ee\/wp-content\/uploads\/2025\/08\/RainCube-IBC-1000-kasutatud-ja-pestud-1000L-IBC-konteiner.jpg\",\"contentUrl\":\"https:\/\/ibc.ee\/wp-content\/uploads\/2025\/08\/RainCube-IBC-1000-kasutatud-ja-pestud-1000L-IBC-konteiner.jpg\",\"width\":1000,\"height\":1000,\"caption\":\"RainCube IBC 1000 \u2013 used and washed 1000L IBC container\"},{\"@type\":\"BreadcrumbList\",\"@id\":\"https:\/\/ibc.ee\/fi\/tuote\/raincube-ibc-1000-kaytetty-ja-pesty-1000-litran-ibc-kontti\/#breadcrumb\",\"itemListElement\":[{\"@type\":\"ListItem\",\"position\":1,\"name\":\"\u0413\u043b\u0430\u0432\u043d\u0430\u044f \u0441\u0442\u0440\u0430\u043d\u0438\u0446\u0430\",\"item\":\"https:\/\/www.ibc.ee\/fi\/\"},{\"@type\":\"ListItem\",\"position\":2,\"name\":\"Myym\u00e4l\u00e4\",\"item\":\"https:\/\/www.ibc.ee\/fi\/shop\/\"},{\"@type\":\"ListItem\",\"position\":3,\"name\":\"RainCube IBC 1000 \u2013 k\u00e4ytetty ja pesty 1000 litran IBC-kontti\"}]},{\"@type\":\"WebSite\",\"@id\":\"https:\/\/www.ibc.ee\/fi\/#website\",\"url\":\"https:\/\/www.ibc.ee\/fi\/\",\"name\":\"IBC konteineri m&uuml;&uuml;k, vaadid, kraanid, mahutid\",\"description\":\"IBC - Tank container valve, Adapters\\\\fittings, Intermediate bulk, container, Drums\/cans\",\"potentialAction\":[{\"@type\":\"SearchAction\",\"target\":{\"@type\":\"EntryPoint\",\"urlTemplate\":\"https:\/\/www.ibc.ee\/fi\/?s={search_term_string}\"},\"query-input\":{\"@type\":\"PropertyValueSpecification\",\"valueRequired\":true,\"valueName\":\"search_term_string\"}}],\"inLanguage\":\"fi\"}]}<\/script>\n<!-- \/ Yoast SEO plugin. -->","yoast_head_json":{"title":"RainCube IBC 1000 \u2013 k\u00e4ytetty ja pesty 1000 litran IBC-kontti - IBC konteineri m&uuml;&uuml;k, vaadid, kraanid, mahutid","description":"RainCube IBC 1000 on huolellisesti pesty ja tarkastettu k\u00e4ytetty 1000 litran IBC-s\u00e4ili\u00f6, joka on suunniteltu erityisesti sadeveden, harmaan veden ja muiden ei-juomakelpoisten nesteiden varastointiin.","robots":{"index":"index","follow":"follow","max-snippet":"max-snippet:-1","max-image-preview":"max-image-preview:large","max-video-preview":"max-video-preview:-1"},"canonical":"https:\/\/ibc.ee\/fi\/tuote\/raincube-ibc-1000-kaytetty-ja-pesty-1000-litran-ibc-kontti\/","og_locale":"fi_FI","og_type":"article","og_title":"RainCube IBC 1000 \u2013 k\u00e4ytetty ja pesty 1000 litran IBC-kontti - IBC konteineri m&uuml;&uuml;k, vaadid, kraanid, mahutid","og_description":"RainCube IBC 1000 on huolellisesti pesty ja tarkastettu k\u00e4ytetty 1000 litran IBC-s\u00e4ili\u00f6, joka on suunniteltu erityisesti sadeveden, harmaan veden ja muiden ei-juomakelpoisten nesteiden varastointiin.","og_url":"https:\/\/ibc.ee\/fi\/tuote\/raincube-ibc-1000-kaytetty-ja-pesty-1000-litran-ibc-kontti\/","og_site_name":"IBC konteineri m&uuml;&uuml;k, vaadid, kraanid, mahutid","article_modified_time":"2025-08-08T08:03:48+00:00","og_image":[{"width":1000,"height":1000,"url":"https:\/\/ibc.ee\/wp-content\/uploads\/2025\/08\/RainCube-IBC-1000-kasutatud-ja-pestud-1000L-IBC-konteiner.jpg","type":"image\/jpeg"}],"twitter_card":"summary_large_image","twitter_misc":{"Arvioitu lukuaika":"1 minuutti"},"schema":{"@context":"https:\/\/schema.org","@graph":[{"@type":"WebPage","@id":"https:\/\/ibc.ee\/fi\/tuote\/raincube-ibc-1000-kaytetty-ja-pesty-1000-litran-ibc-kontti\/","url":"https:\/\/ibc.ee\/fi\/tuote\/raincube-ibc-1000-kaytetty-ja-pesty-1000-litran-ibc-kontti\/","name":"RainCube IBC 1000 \u2013 k\u00e4ytetty ja pesty 1000 litran IBC-kontti - IBC konteineri m&uuml;&uuml;k, vaadid, kraanid, mahutid","isPartOf":{"@id":"https:\/\/www.ibc.ee\/fi\/#website"},"primaryImageOfPage":{"@id":"https:\/\/ibc.ee\/fi\/tuote\/raincube-ibc-1000-kaytetty-ja-pesty-1000-litran-ibc-kontti\/#primaryimage"},"image":{"@id":"https:\/\/ibc.ee\/fi\/tuote\/raincube-ibc-1000-kaytetty-ja-pesty-1000-litran-ibc-kontti\/#primaryimage"},"thumbnailUrl":"https:\/\/ibc.ee\/wp-content\/uploads\/2025\/08\/RainCube-IBC-1000-kasutatud-ja-pestud-1000L-IBC-konteiner.jpg","datePublished":"2025-08-06T09:38:45+00:00","dateModified":"2025-08-08T08:03:48+00:00","description":"RainCube IBC 1000 on huolellisesti pesty ja tarkastettu k\u00e4ytetty 1000 litran IBC-s\u00e4ili\u00f6, joka on suunniteltu erityisesti sadeveden, harmaan veden ja muiden ei-juomakelpoisten nesteiden varastointiin.","breadcrumb":{"@id":"https:\/\/ibc.ee\/fi\/tuote\/raincube-ibc-1000-kaytetty-ja-pesty-1000-litran-ibc-kontti\/#breadcrumb"},"inLanguage":"fi","potentialAction":[{"@type":"ReadAction","target":["https:\/\/ibc.ee\/fi\/tuote\/raincube-ibc-1000-kaytetty-ja-pesty-1000-litran-ibc-kontti\/"]}]},{"@type":"ImageObject","inLanguage":"fi","@id":"https:\/\/ibc.ee\/fi\/tuote\/raincube-ibc-1000-kaytetty-ja-pesty-1000-litran-ibc-kontti\/#primaryimage","url":"https:\/\/ibc.ee\/wp-content\/uploads\/2025\/08\/RainCube-IBC-1000-kasutatud-ja-pestud-1000L-IBC-konteiner.jpg","contentUrl":"https:\/\/ibc.ee\/wp-content\/uploads\/2025\/08\/RainCube-IBC-1000-kasutatud-ja-pestud-1000L-IBC-konteiner.jpg","width":1000,"height":1000,"caption":"RainCube IBC 1000 \u2013 used and washed 1000L IBC container"},{"@type":"BreadcrumbList","@id":"https:\/\/ibc.ee\/fi\/tuote\/raincube-ibc-1000-kaytetty-ja-pesty-1000-litran-ibc-kontti\/#breadcrumb","itemListElement":[{"@type":"ListItem","position":1,"name":"\u0413\u043b\u0430\u0432\u043d\u0430\u044f \u0441\u0442\u0440\u0430\u043d\u0438\u0446\u0430","item":"https:\/\/www.ibc.ee\/fi\/"},{"@type":"ListItem","position":2,"name":"Myym\u00e4l\u00e4","item":"https:\/\/www.ibc.ee\/fi\/shop\/"},{"@type":"ListItem","position":3,"name":"RainCube IBC 1000 \u2013 k\u00e4ytetty ja pesty 1000 litran IBC-kontti"}]},{"@type":"WebSite","@id":"https:\/\/www.ibc.ee\/fi\/#website","url":"https:\/\/www.ibc.ee\/fi\/","name":"IBC konteineri m&uuml;&uuml;k, vaadid, kraanid, mahutid","description":"IBC - Tank container valve, Adapters\\fittings, Intermediate bulk, container, Drums\/cans","potentialAction":[{"@type":"SearchAction","target":{"@type":"EntryPoint","urlTemplate":"https:\/\/www.ibc.ee\/fi\/?s={search_term_string}"},"query-input":{"@type":"PropertyValueSpecification","valueRequired":true,"valueName":"search_term_string"}}],"inLanguage":"fi"}]}},"_links":{"self":[{"href":"https:\/\/ibc.ee\/fi\/wp-json\/wp\/v2\/product\/24541","targetHints":{"allow":["GET"]}}],"collection":[{"href":"https:\/\/ibc.ee\/fi\/wp-json\/wp\/v2\/product"}],"about":[{"href":"https:\/\/ibc.ee\/fi\/wp-json\/wp\/v2\/types\/product"}],"wp:featuredmedia":[{"embeddable":true,"href":"https:\/\/ibc.ee\/fi\/wp-json\/wp\/v2\/media\/24549"}],"wp:attachment":[{"href":"https:\/\/ibc.ee\/fi\/wp-json\/wp\/v2\/media?parent=24541"}],"wp:term":[{"taxonomy":"product_brand","embeddable":true,"href":"https:\/\/ibc.ee\/fi\/wp-json\/wp\/v2\/product_brand?post=24541"},{"taxonomy":"product_cat","embeddable":true,"href":"https:\/\/ibc.ee\/fi\/wp-json\/wp\/v2\/product_cat?post=24541"},{"taxonomy":"product_tag","embeddable":true,"href":"https:\/\/ibc.ee\/fi\/wp-json\/wp\/v2\/product_tag?post=24541"}],"curies":[{"name":"wp","href":"https:\/\/api.w.org\/{rel}","templated":true}]}}