{"id":24650,"date":"2025-10-31T12:57:47","date_gmt":"2025-10-31T10:57:47","guid":{"rendered":"https:\/\/ibc.ee\/?post_type=product&#038;p=24650"},"modified":"2025-10-31T14:21:44","modified_gmt":"2025-10-31T12:21:44","slug":"newcube-unfda-ibc-1000-blue-1000-l-un-ja-fda-hyvaksytty-sininen-ibc-sailio-vaarallisille-ja-elintarvikelaatuisille-nesteille","status":"publish","type":"product","link":"https:\/\/ibc.ee\/fi\/tuote\/newcube-unfda-ibc-1000-blue-1000-l-un-ja-fda-hyvaksytty-sininen-ibc-sailio-vaarallisille-ja-elintarvikelaatuisille-nesteille\/","title":{"rendered":"NewCube UN+FDA IBC 1000 Blue \u2013 1000\u202fL UN- ja FDA-hyv\u00e4ksytty sininen IBC-s\u00e4ili\u00f6 vaarallisille ja elintarvikelaatuisille nesteille"},"content":{"rendered":"<p><strong>T\u00e4rkeimm\u00e4t ominaisuudet<\/strong><br \/>\n&#8211; Tilavuus: 1000 litraa (275 gallonaa)<br \/>\n&#8211; V\u00e4ri: Sininen, UV-stabiloitu HDPE kest\u00e4\u00e4 auringonvaloa paremmin<br \/>\n&#8211; Sertifikaatit: UN-hyv\u00e4ksytty \u2013 soveltuu vaarallisten aineiden, kuten kemikaalien ja liuottimien kuljetukseen, FDA-hyv\u00e4ksytty \u2013 turvallinen elintarvikkeiden ja juomaveden kanssa<br \/>\n&#8211; Materiaali: Neitseellinen HDPE, puhallusmuovattu, elintarvikelaatuinen ja kemikaaleja kest\u00e4v\u00e4<br \/>\n&#8211; Rakenne: Galvanoitu ter\u00e4skehikko, 4-suuntainen trukkip\u00e4\u00e4sy<br \/>\n&#8211; Pohja: Komposiitti- tai muovialusta<br \/>\n&#8211; Kansi: \u00d8150 mm kierrekansi sinet\u00f6intimahdollisuudella<br \/>\n&#8211; Poistoventtiili: Vakio S60x6<br \/>\n&#8211; Uudelleenk\u00e4ytett\u00e4v\u00e4: Helppo puhdistaa, desinfioida ja t\u00e4ytt\u00e4\u00e4 uudelleen<\/p>\n<p><strong>Miksi valita sininen versio?<\/strong><br \/>\n&#8211; Parannettu UV-suoja \u2013 ihanteellinen ulkotiloihin ja auringonvalolle altistuviin kohteisiin<br \/>\n&#8211; Helppo tunnistaa \u2013 auttaa erottamaan sis\u00e4lt\u00f6j\u00e4 tai varastointik\u00e4ytt\u00f6tarkoituksia<br \/>\n&#8211; Ehk\u00e4isee lev\u00e4n kasvua \u2013 v\u00e4h\u00e4inen valonl\u00e4p\u00e4isy pit\u00e4\u00e4 nesteet puhtaampina<br \/>\n&#8211; Erinomainen valinta teollisuudelle, joka vaatii kest\u00e4v\u00e4\u00e4 ja vaatimusten mukaista pakkausta ulkok\u00e4ytt\u00f6\u00f6n<\/p>\n<p><strong>Suositellut k\u00e4ytt\u00f6kohteet<\/strong><br \/>\n&#8211; Vaarallisten kemikaalien ja aineiden kuljetus<br \/>\n&#8211; Elintarvikelaatuiset nesteet (\u00f6ljyt, siirapit, uutokset, vesi)<br \/>\n&#8211; Nesteiden s\u00e4ilytys ulkotiloissa<br \/>\n&#8211; Maatalous- ja teollisuusk\u00e4ytt\u00f6<br \/>\n&#8211; Juoma-, kosmetiikka- ja l\u00e4\u00e4keteollisuus<br \/>\n&#8211; S\u00e4\u00e4nneltyjen tuotteiden vientipakkaus<\/p>\n<p><strong>T\u00e4rke\u00e4\u00e4 tietoa<\/strong><br \/>\n&#8211; UN- ja FDA-merkinn\u00e4t ovat selv\u00e4sti painettu s\u00e4ili\u00f6\u00f6n<br \/>\n&#8211; Toimitetaan t\u00e4ysin uutena, puhtaana ja k\u00e4ytt\u00f6valmiina<br \/>\n&#8211; Suunniteltu turvalliseen logistiikkaan, hygieniaherkkiin toimintoihin ja ulkok\u00e4ytt\u00f6\u00f6n<\/p>\n","protected":false},"excerpt":{"rendered":"<p>NewCube UN+FDA IBC 1000 Blue on t\u00e4ysin uusi 1000 litran v\u00e4lis\u00e4ili\u00f6 (IBC), jossa yhdistyv\u00e4t UN-hyv\u00e4ksynt\u00e4 vaarallisten aineiden kuljetukseen ja FDA-yhteensopivuus elintarvikek\u00e4ytt\u00f6\u00f6n. T\u00e4m\u00e4 malli erottuu edukseen UV-suojatulla sinisell\u00e4 HDPE-muovilla, joka tarjoaa lis\u00e4suojaa auringonvalolta \u2013 t\u00e4ydellinen ulkok\u00e4ytt\u00f6\u00f6n ja pitk\u00e4aikaiseen s\u00e4ilytykseen vaativissa olosuhteissa. <\/p>\n","protected":false},"featured_media":24658,"template":"","meta":[],"product_brand":[],"product_cat":[182],"product_tag":[],"class_list":{"0":"post-24650","1":"product","2":"type-product","3":"status-publish","4":"has-post-thumbnail","6":"product_cat-kontti","7":"product_shipping_class-containers-fi","9":"first","10":"onbackorder","11":"taxable","12":"shipping-taxable","13":"product-type-simple"},"yoast_head":"<!-- This site is optimized with the Yoast SEO plugin v26.9 - https:\/\/yoast.com\/product\/yoast-seo-wordpress\/ -->\n<title>NewCube UN+FDA IBC 1000 Blue \u2013 1000\u202fL UN- ja FDA-hyv\u00e4ksytty sininen IBC-s\u00e4ili\u00f6 vaarallisille ja elintarvikelaatuisille nesteille - IBC konteineri m&uuml;&uuml;k, vaadid, kraanid, mahutid<\/title>\n<meta name=\"description\" content=\"NewCube UN+FDA IBC 1000 Blue on t\u00e4ysin uusi 1000 litran v\u00e4lis\u00e4ili\u00f6 (IBC), jossa yhdistyv\u00e4t UN-hyv\u00e4ksynt\u00e4 vaarallisten aineiden kuljetukseen ja FDA-yhteensopivuus elintarvikek\u00e4ytt\u00f6\u00f6n.\" \/>\n<meta name=\"robots\" content=\"index, follow, max-snippet:-1, max-image-preview:large, max-video-preview:-1\" \/>\n<link rel=\"canonical\" href=\"https:\/\/ibc.ee\/fi\/tuote\/newcube-unfda-ibc-1000-blue-1000-l-un-ja-fda-hyvaksytty-sininen-ibc-sailio-vaarallisille-ja-elintarvikelaatuisille-nesteille\/\" \/>\n<meta property=\"og:locale\" content=\"fi_FI\" \/>\n<meta property=\"og:type\" content=\"article\" \/>\n<meta property=\"og:title\" content=\"NewCube UN+FDA IBC 1000 Blue \u2013 1000\u202fL UN- ja FDA-hyv\u00e4ksytty sininen IBC-s\u00e4ili\u00f6 vaarallisille ja elintarvikelaatuisille nesteille - IBC konteineri m&uuml;&uuml;k, vaadid, kraanid, mahutid\" \/>\n<meta property=\"og:description\" content=\"NewCube UN+FDA IBC 1000 Blue on t\u00e4ysin uusi 1000 litran v\u00e4lis\u00e4ili\u00f6 (IBC), jossa yhdistyv\u00e4t UN-hyv\u00e4ksynt\u00e4 vaarallisten aineiden kuljetukseen ja FDA-yhteensopivuus elintarvikek\u00e4ytt\u00f6\u00f6n.\" \/>\n<meta property=\"og:url\" content=\"https:\/\/ibc.ee\/fi\/tuote\/newcube-unfda-ibc-1000-blue-1000-l-un-ja-fda-hyvaksytty-sininen-ibc-sailio-vaarallisille-ja-elintarvikelaatuisille-nesteille\/\" \/>\n<meta property=\"og:site_name\" content=\"IBC konteineri m&uuml;&uuml;k, vaadid, kraanid, mahutid\" \/>\n<meta property=\"article:modified_time\" content=\"2025-10-31T12:21:44+00:00\" \/>\n<meta property=\"og:image\" content=\"https:\/\/ibc.ee\/wp-content\/uploads\/2025\/10\/NewCube-UNFDA-IBC-1000-Blue-mahuti.jpg\" \/>\n\t<meta property=\"og:image:width\" content=\"1000\" \/>\n\t<meta property=\"og:image:height\" content=\"1000\" \/>\n\t<meta property=\"og:image:type\" content=\"image\/jpeg\" \/>\n<meta name=\"twitter:card\" content=\"summary_large_image\" \/>\n<meta name=\"twitter:label1\" content=\"Arvioitu lukuaika\" \/>\n\t<meta name=\"twitter:data1\" content=\"1 minuutti\" \/>\n<script type=\"application\/ld+json\" class=\"yoast-schema-graph\">{\"@context\":\"https:\/\/schema.org\",\"@graph\":[{\"@type\":\"WebPage\",\"@id\":\"https:\/\/ibc.ee\/fi\/tuote\/newcube-unfda-ibc-1000-blue-1000-l-un-ja-fda-hyvaksytty-sininen-ibc-sailio-vaarallisille-ja-elintarvikelaatuisille-nesteille\/\",\"url\":\"https:\/\/ibc.ee\/fi\/tuote\/newcube-unfda-ibc-1000-blue-1000-l-un-ja-fda-hyvaksytty-sininen-ibc-sailio-vaarallisille-ja-elintarvikelaatuisille-nesteille\/\",\"name\":\"NewCube UN+FDA IBC 1000 Blue \u2013 1000\u202fL UN- ja FDA-hyv\u00e4ksytty sininen IBC-s\u00e4ili\u00f6 vaarallisille ja elintarvikelaatuisille nesteille - IBC konteineri m&uuml;&uuml;k, vaadid, kraanid, mahutid\",\"isPartOf\":{\"@id\":\"https:\/\/www.ibc.ee\/fi\/#website\"},\"primaryImageOfPage\":{\"@id\":\"https:\/\/ibc.ee\/fi\/tuote\/newcube-unfda-ibc-1000-blue-1000-l-un-ja-fda-hyvaksytty-sininen-ibc-sailio-vaarallisille-ja-elintarvikelaatuisille-nesteille\/#primaryimage\"},\"image\":{\"@id\":\"https:\/\/ibc.ee\/fi\/tuote\/newcube-unfda-ibc-1000-blue-1000-l-un-ja-fda-hyvaksytty-sininen-ibc-sailio-vaarallisille-ja-elintarvikelaatuisille-nesteille\/#primaryimage\"},\"thumbnailUrl\":\"https:\/\/ibc.ee\/wp-content\/uploads\/2025\/10\/NewCube-UNFDA-IBC-1000-Blue-mahuti.jpg\",\"datePublished\":\"2025-10-31T10:57:47+00:00\",\"dateModified\":\"2025-10-31T12:21:44+00:00\",\"description\":\"NewCube UN+FDA IBC 1000 Blue on t\u00e4ysin uusi 1000 litran v\u00e4lis\u00e4ili\u00f6 (IBC), jossa yhdistyv\u00e4t UN-hyv\u00e4ksynt\u00e4 vaarallisten aineiden kuljetukseen ja FDA-yhteensopivuus elintarvikek\u00e4ytt\u00f6\u00f6n.\",\"breadcrumb\":{\"@id\":\"https:\/\/ibc.ee\/fi\/tuote\/newcube-unfda-ibc-1000-blue-1000-l-un-ja-fda-hyvaksytty-sininen-ibc-sailio-vaarallisille-ja-elintarvikelaatuisille-nesteille\/#breadcrumb\"},\"inLanguage\":\"fi\",\"potentialAction\":[{\"@type\":\"ReadAction\",\"target\":[\"https:\/\/ibc.ee\/fi\/tuote\/newcube-unfda-ibc-1000-blue-1000-l-un-ja-fda-hyvaksytty-sininen-ibc-sailio-vaarallisille-ja-elintarvikelaatuisille-nesteille\/\"]}]},{\"@type\":\"ImageObject\",\"inLanguage\":\"fi\",\"@id\":\"https:\/\/ibc.ee\/fi\/tuote\/newcube-unfda-ibc-1000-blue-1000-l-un-ja-fda-hyvaksytty-sininen-ibc-sailio-vaarallisille-ja-elintarvikelaatuisille-nesteille\/#primaryimage\",\"url\":\"https:\/\/ibc.ee\/wp-content\/uploads\/2025\/10\/NewCube-UNFDA-IBC-1000-Blue-mahuti.jpg\",\"contentUrl\":\"https:\/\/ibc.ee\/wp-content\/uploads\/2025\/10\/NewCube-UNFDA-IBC-1000-Blue-mahuti.jpg\",\"width\":1000,\"height\":1000,\"caption\":\"NewCube UN+FDA IBC 1000 Blue \u2013 1000L UN & FDA Certified Blue IBC for Hazardous and Food-Grade Liquids\"},{\"@type\":\"BreadcrumbList\",\"@id\":\"https:\/\/ibc.ee\/fi\/tuote\/newcube-unfda-ibc-1000-blue-1000-l-un-ja-fda-hyvaksytty-sininen-ibc-sailio-vaarallisille-ja-elintarvikelaatuisille-nesteille\/#breadcrumb\",\"itemListElement\":[{\"@type\":\"ListItem\",\"position\":1,\"name\":\"\u0413\u043b\u0430\u0432\u043d\u0430\u044f \u0441\u0442\u0440\u0430\u043d\u0438\u0446\u0430\",\"item\":\"https:\/\/www.ibc.ee\/fi\/\"},{\"@type\":\"ListItem\",\"position\":2,\"name\":\"Myym\u00e4l\u00e4\",\"item\":\"https:\/\/www.ibc.ee\/fi\/shop\/\"},{\"@type\":\"ListItem\",\"position\":3,\"name\":\"NewCube UN+FDA IBC 1000 Blue \u2013 1000\u202fL UN- ja FDA-hyv\u00e4ksytty sininen IBC-s\u00e4ili\u00f6 vaarallisille ja elintarvikelaatuisille nesteille\"}]},{\"@type\":\"WebSite\",\"@id\":\"https:\/\/www.ibc.ee\/fi\/#website\",\"url\":\"https:\/\/www.ibc.ee\/fi\/\",\"name\":\"IBC konteineri m&uuml;&uuml;k, vaadid, kraanid, mahutid\",\"description\":\"IBC - Tank container valve, Adapters\\\\fittings, Intermediate bulk, container, Drums\/cans\",\"potentialAction\":[{\"@type\":\"SearchAction\",\"target\":{\"@type\":\"EntryPoint\",\"urlTemplate\":\"https:\/\/www.ibc.ee\/fi\/?s={search_term_string}\"},\"query-input\":{\"@type\":\"PropertyValueSpecification\",\"valueRequired\":true,\"valueName\":\"search_term_string\"}}],\"inLanguage\":\"fi\"}]}<\/script>\n<!-- \/ Yoast SEO plugin. -->","yoast_head_json":{"title":"NewCube UN+FDA IBC 1000 Blue \u2013 1000\u202fL UN- ja FDA-hyv\u00e4ksytty sininen IBC-s\u00e4ili\u00f6 vaarallisille ja elintarvikelaatuisille nesteille - IBC konteineri m&uuml;&uuml;k, vaadid, kraanid, mahutid","description":"NewCube UN+FDA IBC 1000 Blue on t\u00e4ysin uusi 1000 litran v\u00e4lis\u00e4ili\u00f6 (IBC), jossa yhdistyv\u00e4t UN-hyv\u00e4ksynt\u00e4 vaarallisten aineiden kuljetukseen ja FDA-yhteensopivuus elintarvikek\u00e4ytt\u00f6\u00f6n.","robots":{"index":"index","follow":"follow","max-snippet":"max-snippet:-1","max-image-preview":"max-image-preview:large","max-video-preview":"max-video-preview:-1"},"canonical":"https:\/\/ibc.ee\/fi\/tuote\/newcube-unfda-ibc-1000-blue-1000-l-un-ja-fda-hyvaksytty-sininen-ibc-sailio-vaarallisille-ja-elintarvikelaatuisille-nesteille\/","og_locale":"fi_FI","og_type":"article","og_title":"NewCube UN+FDA IBC 1000 Blue \u2013 1000\u202fL UN- ja FDA-hyv\u00e4ksytty sininen IBC-s\u00e4ili\u00f6 vaarallisille ja elintarvikelaatuisille nesteille - IBC konteineri m&uuml;&uuml;k, vaadid, kraanid, mahutid","og_description":"NewCube UN+FDA IBC 1000 Blue on t\u00e4ysin uusi 1000 litran v\u00e4lis\u00e4ili\u00f6 (IBC), jossa yhdistyv\u00e4t UN-hyv\u00e4ksynt\u00e4 vaarallisten aineiden kuljetukseen ja FDA-yhteensopivuus elintarvikek\u00e4ytt\u00f6\u00f6n.","og_url":"https:\/\/ibc.ee\/fi\/tuote\/newcube-unfda-ibc-1000-blue-1000-l-un-ja-fda-hyvaksytty-sininen-ibc-sailio-vaarallisille-ja-elintarvikelaatuisille-nesteille\/","og_site_name":"IBC konteineri m&uuml;&uuml;k, vaadid, kraanid, mahutid","article_modified_time":"2025-10-31T12:21:44+00:00","og_image":[{"width":1000,"height":1000,"url":"https:\/\/ibc.ee\/wp-content\/uploads\/2025\/10\/NewCube-UNFDA-IBC-1000-Blue-mahuti.jpg","type":"image\/jpeg"}],"twitter_card":"summary_large_image","twitter_misc":{"Arvioitu lukuaika":"1 minuutti"},"schema":{"@context":"https:\/\/schema.org","@graph":[{"@type":"WebPage","@id":"https:\/\/ibc.ee\/fi\/tuote\/newcube-unfda-ibc-1000-blue-1000-l-un-ja-fda-hyvaksytty-sininen-ibc-sailio-vaarallisille-ja-elintarvikelaatuisille-nesteille\/","url":"https:\/\/ibc.ee\/fi\/tuote\/newcube-unfda-ibc-1000-blue-1000-l-un-ja-fda-hyvaksytty-sininen-ibc-sailio-vaarallisille-ja-elintarvikelaatuisille-nesteille\/","name":"NewCube UN+FDA IBC 1000 Blue \u2013 1000\u202fL UN- ja FDA-hyv\u00e4ksytty sininen IBC-s\u00e4ili\u00f6 vaarallisille ja elintarvikelaatuisille nesteille - IBC konteineri m&uuml;&uuml;k, vaadid, kraanid, mahutid","isPartOf":{"@id":"https:\/\/www.ibc.ee\/fi\/#website"},"primaryImageOfPage":{"@id":"https:\/\/ibc.ee\/fi\/tuote\/newcube-unfda-ibc-1000-blue-1000-l-un-ja-fda-hyvaksytty-sininen-ibc-sailio-vaarallisille-ja-elintarvikelaatuisille-nesteille\/#primaryimage"},"image":{"@id":"https:\/\/ibc.ee\/fi\/tuote\/newcube-unfda-ibc-1000-blue-1000-l-un-ja-fda-hyvaksytty-sininen-ibc-sailio-vaarallisille-ja-elintarvikelaatuisille-nesteille\/#primaryimage"},"thumbnailUrl":"https:\/\/ibc.ee\/wp-content\/uploads\/2025\/10\/NewCube-UNFDA-IBC-1000-Blue-mahuti.jpg","datePublished":"2025-10-31T10:57:47+00:00","dateModified":"2025-10-31T12:21:44+00:00","description":"NewCube UN+FDA IBC 1000 Blue on t\u00e4ysin uusi 1000 litran v\u00e4lis\u00e4ili\u00f6 (IBC), jossa yhdistyv\u00e4t UN-hyv\u00e4ksynt\u00e4 vaarallisten aineiden kuljetukseen ja FDA-yhteensopivuus elintarvikek\u00e4ytt\u00f6\u00f6n.","breadcrumb":{"@id":"https:\/\/ibc.ee\/fi\/tuote\/newcube-unfda-ibc-1000-blue-1000-l-un-ja-fda-hyvaksytty-sininen-ibc-sailio-vaarallisille-ja-elintarvikelaatuisille-nesteille\/#breadcrumb"},"inLanguage":"fi","potentialAction":[{"@type":"ReadAction","target":["https:\/\/ibc.ee\/fi\/tuote\/newcube-unfda-ibc-1000-blue-1000-l-un-ja-fda-hyvaksytty-sininen-ibc-sailio-vaarallisille-ja-elintarvikelaatuisille-nesteille\/"]}]},{"@type":"ImageObject","inLanguage":"fi","@id":"https:\/\/ibc.ee\/fi\/tuote\/newcube-unfda-ibc-1000-blue-1000-l-un-ja-fda-hyvaksytty-sininen-ibc-sailio-vaarallisille-ja-elintarvikelaatuisille-nesteille\/#primaryimage","url":"https:\/\/ibc.ee\/wp-content\/uploads\/2025\/10\/NewCube-UNFDA-IBC-1000-Blue-mahuti.jpg","contentUrl":"https:\/\/ibc.ee\/wp-content\/uploads\/2025\/10\/NewCube-UNFDA-IBC-1000-Blue-mahuti.jpg","width":1000,"height":1000,"caption":"NewCube UN+FDA IBC 1000 Blue \u2013 1000L UN & FDA Certified Blue IBC for Hazardous and Food-Grade Liquids"},{"@type":"BreadcrumbList","@id":"https:\/\/ibc.ee\/fi\/tuote\/newcube-unfda-ibc-1000-blue-1000-l-un-ja-fda-hyvaksytty-sininen-ibc-sailio-vaarallisille-ja-elintarvikelaatuisille-nesteille\/#breadcrumb","itemListElement":[{"@type":"ListItem","position":1,"name":"\u0413\u043b\u0430\u0432\u043d\u0430\u044f \u0441\u0442\u0440\u0430\u043d\u0438\u0446\u0430","item":"https:\/\/www.ibc.ee\/fi\/"},{"@type":"ListItem","position":2,"name":"Myym\u00e4l\u00e4","item":"https:\/\/www.ibc.ee\/fi\/shop\/"},{"@type":"ListItem","position":3,"name":"NewCube UN+FDA IBC 1000 Blue \u2013 1000\u202fL UN- ja FDA-hyv\u00e4ksytty sininen IBC-s\u00e4ili\u00f6 vaarallisille ja elintarvikelaatuisille nesteille"}]},{"@type":"WebSite","@id":"https:\/\/www.ibc.ee\/fi\/#website","url":"https:\/\/www.ibc.ee\/fi\/","name":"IBC konteineri m&uuml;&uuml;k, vaadid, kraanid, mahutid","description":"IBC - Tank container valve, Adapters\\fittings, Intermediate bulk, container, Drums\/cans","potentialAction":[{"@type":"SearchAction","target":{"@type":"EntryPoint","urlTemplate":"https:\/\/www.ibc.ee\/fi\/?s={search_term_string}"},"query-input":{"@type":"PropertyValueSpecification","valueRequired":true,"valueName":"search_term_string"}}],"inLanguage":"fi"}]}},"_links":{"self":[{"href":"https:\/\/ibc.ee\/fi\/wp-json\/wp\/v2\/product\/24650","targetHints":{"allow":["GET"]}}],"collection":[{"href":"https:\/\/ibc.ee\/fi\/wp-json\/wp\/v2\/product"}],"about":[{"href":"https:\/\/ibc.ee\/fi\/wp-json\/wp\/v2\/types\/product"}],"wp:featuredmedia":[{"embeddable":true,"href":"https:\/\/ibc.ee\/fi\/wp-json\/wp\/v2\/media\/24658"}],"wp:attachment":[{"href":"https:\/\/ibc.ee\/fi\/wp-json\/wp\/v2\/media?parent=24650"}],"wp:term":[{"taxonomy":"product_brand","embeddable":true,"href":"https:\/\/ibc.ee\/fi\/wp-json\/wp\/v2\/product_brand?post=24650"},{"taxonomy":"product_cat","embeddable":true,"href":"https:\/\/ibc.ee\/fi\/wp-json\/wp\/v2\/product_cat?post=24650"},{"taxonomy":"product_tag","embeddable":true,"href":"https:\/\/ibc.ee\/fi\/wp-json\/wp\/v2\/product_tag?post=24650"}],"curies":[{"name":"wp","href":"https:\/\/api.w.org\/{rel}","templated":true}]}}