{"id":24671,"date":"2025-11-04T14:29:19","date_gmt":"2025-11-04T12:29:19","guid":{"rendered":"https:\/\/ibc.ee\/?post_type=product&#038;p=24671"},"modified":"2025-11-04T14:58:00","modified_gmt":"2025-11-04T12:58:00","slug":"newcube-fda-ibc-1000-1000-l-fda-hyvaksytty-ibc-sailio-elintarvikelaatuisille-nesteille-ja-herkille-kayttokohteille","status":"publish","type":"product","link":"https:\/\/ibc.ee\/fi\/tuote\/newcube-fda-ibc-1000-1000-l-fda-hyvaksytty-ibc-sailio-elintarvikelaatuisille-nesteille-ja-herkille-kayttokohteille\/","title":{"rendered":"NewCube FDA IBC 1000 \u2013 1000\u202fL FDA-hyv\u00e4ksytty IBC-s\u00e4ili\u00f6 elintarvikelaatuisille nesteille ja herkille k\u00e4ytt\u00f6kohteille"},"content":{"rendered":"<p><strong>T\u00e4rkeimm\u00e4t ominaisuudet<\/strong><br \/>\n&#8211; Tilavuus: 1000 litraa (275 gallonaa)<br \/>\n&#8211; Sertifiointi: FDA-yhteensopiva \u2013 turvallinen elintarvikkeille, juomille ja juomavedelle<br \/>\n&#8211; Materiaali: Neitseellinen HDPE, puhallusmuovattu, kest\u00e4v\u00e4 ja hygieeninen<br \/>\n&#8211; V\u00e4rivaihtoehdot: Luonnollinen (puolil\u00e4pin\u00e4kyv\u00e4) tai sininen (UV-suojattu)<br \/>\n&#8211; Rakenne: Galvanoitu ter\u00e4skehikko, nelisuuntainen trukkip\u00e4\u00e4sy<br \/>\n&#8211; Pohja: Komposiitti- tai muovialusta, kest\u00e4v\u00e4 ja pinottava<br \/>\n&#8211; Kansi: \u00d8150 mm kierrekansi, sinet\u00f6it\u00e4v\u00e4<br \/>\n&#8211; Poistoventtiili: Vakio S60x6, p\u00f6lysuoja<br \/>\n&#8211; Uudelleenk\u00e4ytett\u00e4v\u00e4: Helppo puhdistaa ja desinfioida<\/p>\n<p><strong>Miksi valita NewCube FDA IBC 1000?<\/strong><br \/>\n&#8211; FDA-hyv\u00e4ksynt\u00e4 suoraan elintarvikek\u00e4ytt\u00f6\u00f6n \u2013 ihanteellinen korkean hygieniatason toimialoille<br \/>\n&#8211; Valmistettu neitseellisist\u00e4 materiaaleista \u2013 ei ristikontaminaation riski\u00e4<br \/>\n&#8211; L\u00e4pin\u00e4kyv\u00e4 tai sininen vaihtoehto \u2013 s\u00e4ilytystilan ja valon m\u00e4\u00e4r\u00e4n mukaan<br \/>\n&#8211; Kevyt mutta vahva \u2013 tehokas k\u00e4sittelyyn ja logistiikkaan<br \/>\n&#8211; Sopii sek\u00e4 sis\u00e4- ett\u00e4 ulkok\u00e4ytt\u00f6\u00f6n (sininen suositellaan UV-altistukseen)<\/p>\n<p><strong>Suositellut k\u00e4ytt\u00f6kohteet<\/strong><br \/>\n&#8211; Elintarvike- ja juomateollisuuden raaka-aineet \u2013 siirapit, \u00f6ljyt, mehut, uutteet<br \/>\n&#8211; Juomaveden varastointi ja jakelu<br \/>\n&#8211; Kosmetiikka- ja hygieniatuotteiden nesteet<br \/>\n&#8211; L\u00e4\u00e4keteollisuuden raaka-aineet<br \/>\n&#8211; Ei-vaaralliset kemikaalit herkiss\u00e4 ymp\u00e4rist\u00f6iss\u00e4<\/p>\n<p><strong>T\u00e4rke\u00e4\u00e4 tietoa<\/strong><br \/>\n&#8211; Toimitetaan t\u00e4ysin uutena, k\u00e4ytt\u00e4m\u00e4tt\u00f6m\u00e4n\u00e4 ja FDA-yhteensopivana<br \/>\n&#8211; Ei UN-sertifioitu \u2013 ei sovellu vaarallisten aineiden kuljetukseen<br \/>\n&#8211; Merkinn\u00e4t ja dokumentaatio saatavilla pyynn\u00f6st\u00e4<\/p>\n","protected":false},"excerpt":{"rendered":"<p>NewCube FDA IBC 1000 on t\u00e4ysin uusi 1000 litran IBC-s\u00e4ili\u00f6 (Intermediate Bulk Container), joka on suunniteltu erityisesti elintarvikelaatuisen nesteiden, juomien ja muiden ei-vaarallisten herkkien aineiden turvalliseen varastointiin ja kuljetukseen. Valmistettu neitseellisest\u00e4, FDA-hyv\u00e4ksytyst\u00e4 HDPE-muovista, joka takaa maksimaalisen hygienian ja puhtauden \u2013 t\u00e4ydellinen ratkaisu elintarvike-, juoma-, kosmetiikka- ja l\u00e4\u00e4kealan k\u00e4ytt\u00f6\u00f6n. <\/p>\n","protected":false},"featured_media":24679,"template":"","meta":[],"product_brand":[],"product_cat":[182],"product_tag":[],"class_list":{"0":"post-24671","1":"product","2":"type-product","3":"status-publish","4":"has-post-thumbnail","6":"product_cat-kontti","7":"product_shipping_class-containers-fi","9":"first","10":"onbackorder","11":"taxable","12":"shipping-taxable","13":"product-type-simple"},"yoast_head":"<!-- This site is optimized with the Yoast SEO plugin v26.9 - https:\/\/yoast.com\/product\/yoast-seo-wordpress\/ -->\n<title>NewCube FDA IBC 1000 \u2013 1000\u202fL FDA-hyv\u00e4ksytty IBC-s\u00e4ili\u00f6 elintarvikelaatuisille nesteille ja herkille k\u00e4ytt\u00f6kohteille - IBC konteineri m&uuml;&uuml;k, vaadid, kraanid, mahutid<\/title>\n<meta name=\"description\" content=\"NewCube FDA IBC 1000 on t\u00e4ysin uusi 1000 litran IBC-s\u00e4ili\u00f6 (Intermediate Bulk Container), joka on suunniteltu erityisesti elintarvikelaatuisen nesteiden, juomien ja muiden ei-vaarallisten herkkien aineiden turvalliseen varastointiin ja kuljetukseen.\" \/>\n<meta name=\"robots\" content=\"index, follow, max-snippet:-1, max-image-preview:large, max-video-preview:-1\" \/>\n<link rel=\"canonical\" href=\"https:\/\/ibc.ee\/fi\/tuote\/newcube-fda-ibc-1000-1000-l-fda-hyvaksytty-ibc-sailio-elintarvikelaatuisille-nesteille-ja-herkille-kayttokohteille\/\" \/>\n<meta property=\"og:locale\" content=\"fi_FI\" \/>\n<meta property=\"og:type\" content=\"article\" \/>\n<meta property=\"og:title\" content=\"NewCube FDA IBC 1000 \u2013 1000\u202fL FDA-hyv\u00e4ksytty IBC-s\u00e4ili\u00f6 elintarvikelaatuisille nesteille ja herkille k\u00e4ytt\u00f6kohteille - IBC konteineri m&uuml;&uuml;k, vaadid, kraanid, mahutid\" \/>\n<meta property=\"og:description\" content=\"NewCube FDA IBC 1000 on t\u00e4ysin uusi 1000 litran IBC-s\u00e4ili\u00f6 (Intermediate Bulk Container), joka on suunniteltu erityisesti elintarvikelaatuisen nesteiden, juomien ja muiden ei-vaarallisten herkkien aineiden turvalliseen varastointiin ja kuljetukseen.\" \/>\n<meta property=\"og:url\" content=\"https:\/\/ibc.ee\/fi\/tuote\/newcube-fda-ibc-1000-1000-l-fda-hyvaksytty-ibc-sailio-elintarvikelaatuisille-nesteille-ja-herkille-kayttokohteille\/\" \/>\n<meta property=\"og:site_name\" content=\"IBC konteineri m&uuml;&uuml;k, vaadid, kraanid, mahutid\" \/>\n<meta property=\"article:modified_time\" content=\"2025-11-04T12:58:00+00:00\" \/>\n<meta property=\"og:image\" content=\"https:\/\/ibc.ee\/wp-content\/uploads\/2025\/11\/NewCube-FDA-IBC-1000-IBC-konteiner-toidukvaliteediga-vedelike-jaoks.jpg\" \/>\n\t<meta property=\"og:image:width\" content=\"1000\" \/>\n\t<meta property=\"og:image:height\" content=\"1000\" \/>\n\t<meta property=\"og:image:type\" content=\"image\/jpeg\" \/>\n<meta name=\"twitter:card\" content=\"summary_large_image\" \/>\n<meta name=\"twitter:label1\" content=\"Arvioitu lukuaika\" \/>\n\t<meta name=\"twitter:data1\" content=\"1 minuutti\" \/>\n<script type=\"application\/ld+json\" class=\"yoast-schema-graph\">{\"@context\":\"https:\/\/schema.org\",\"@graph\":[{\"@type\":\"WebPage\",\"@id\":\"https:\/\/ibc.ee\/fi\/tuote\/newcube-fda-ibc-1000-1000-l-fda-hyvaksytty-ibc-sailio-elintarvikelaatuisille-nesteille-ja-herkille-kayttokohteille\/\",\"url\":\"https:\/\/ibc.ee\/fi\/tuote\/newcube-fda-ibc-1000-1000-l-fda-hyvaksytty-ibc-sailio-elintarvikelaatuisille-nesteille-ja-herkille-kayttokohteille\/\",\"name\":\"NewCube FDA IBC 1000 \u2013 1000\u202fL FDA-hyv\u00e4ksytty IBC-s\u00e4ili\u00f6 elintarvikelaatuisille nesteille ja herkille k\u00e4ytt\u00f6kohteille - IBC konteineri m&uuml;&uuml;k, vaadid, kraanid, mahutid\",\"isPartOf\":{\"@id\":\"https:\/\/www.ibc.ee\/fi\/#website\"},\"primaryImageOfPage\":{\"@id\":\"https:\/\/ibc.ee\/fi\/tuote\/newcube-fda-ibc-1000-1000-l-fda-hyvaksytty-ibc-sailio-elintarvikelaatuisille-nesteille-ja-herkille-kayttokohteille\/#primaryimage\"},\"image\":{\"@id\":\"https:\/\/ibc.ee\/fi\/tuote\/newcube-fda-ibc-1000-1000-l-fda-hyvaksytty-ibc-sailio-elintarvikelaatuisille-nesteille-ja-herkille-kayttokohteille\/#primaryimage\"},\"thumbnailUrl\":\"https:\/\/ibc.ee\/wp-content\/uploads\/2025\/11\/NewCube-FDA-IBC-1000-IBC-konteiner-toidukvaliteediga-vedelike-jaoks.jpg\",\"datePublished\":\"2025-11-04T12:29:19+00:00\",\"dateModified\":\"2025-11-04T12:58:00+00:00\",\"description\":\"NewCube FDA IBC 1000 on t\u00e4ysin uusi 1000 litran IBC-s\u00e4ili\u00f6 (Intermediate Bulk Container), joka on suunniteltu erityisesti elintarvikelaatuisen nesteiden, juomien ja muiden ei-vaarallisten herkkien aineiden turvalliseen varastointiin ja kuljetukseen.\",\"breadcrumb\":{\"@id\":\"https:\/\/ibc.ee\/fi\/tuote\/newcube-fda-ibc-1000-1000-l-fda-hyvaksytty-ibc-sailio-elintarvikelaatuisille-nesteille-ja-herkille-kayttokohteille\/#breadcrumb\"},\"inLanguage\":\"fi\",\"potentialAction\":[{\"@type\":\"ReadAction\",\"target\":[\"https:\/\/ibc.ee\/fi\/tuote\/newcube-fda-ibc-1000-1000-l-fda-hyvaksytty-ibc-sailio-elintarvikelaatuisille-nesteille-ja-herkille-kayttokohteille\/\"]}]},{\"@type\":\"ImageObject\",\"inLanguage\":\"fi\",\"@id\":\"https:\/\/ibc.ee\/fi\/tuote\/newcube-fda-ibc-1000-1000-l-fda-hyvaksytty-ibc-sailio-elintarvikelaatuisille-nesteille-ja-herkille-kayttokohteille\/#primaryimage\",\"url\":\"https:\/\/ibc.ee\/wp-content\/uploads\/2025\/11\/NewCube-FDA-IBC-1000-IBC-konteiner-toidukvaliteediga-vedelike-jaoks.jpg\",\"contentUrl\":\"https:\/\/ibc.ee\/wp-content\/uploads\/2025\/11\/NewCube-FDA-IBC-1000-IBC-konteiner-toidukvaliteediga-vedelike-jaoks.jpg\",\"width\":1000,\"height\":1000,\"caption\":\"NewCube FDA IBC 1000 \u2013 1000L FDA-Compliant IBC Container for Food-Grade Liquids and Sensitive Applications\"},{\"@type\":\"BreadcrumbList\",\"@id\":\"https:\/\/ibc.ee\/fi\/tuote\/newcube-fda-ibc-1000-1000-l-fda-hyvaksytty-ibc-sailio-elintarvikelaatuisille-nesteille-ja-herkille-kayttokohteille\/#breadcrumb\",\"itemListElement\":[{\"@type\":\"ListItem\",\"position\":1,\"name\":\"\u0413\u043b\u0430\u0432\u043d\u0430\u044f \u0441\u0442\u0440\u0430\u043d\u0438\u0446\u0430\",\"item\":\"https:\/\/www.ibc.ee\/fi\/\"},{\"@type\":\"ListItem\",\"position\":2,\"name\":\"Myym\u00e4l\u00e4\",\"item\":\"https:\/\/www.ibc.ee\/fi\/shop\/\"},{\"@type\":\"ListItem\",\"position\":3,\"name\":\"NewCube FDA IBC 1000 \u2013 1000\u202fL FDA-hyv\u00e4ksytty IBC-s\u00e4ili\u00f6 elintarvikelaatuisille nesteille ja herkille k\u00e4ytt\u00f6kohteille\"}]},{\"@type\":\"WebSite\",\"@id\":\"https:\/\/www.ibc.ee\/fi\/#website\",\"url\":\"https:\/\/www.ibc.ee\/fi\/\",\"name\":\"IBC konteineri m&uuml;&uuml;k, vaadid, kraanid, mahutid\",\"description\":\"IBC - Tank container valve, Adapters\\\\fittings, Intermediate bulk, container, Drums\/cans\",\"potentialAction\":[{\"@type\":\"SearchAction\",\"target\":{\"@type\":\"EntryPoint\",\"urlTemplate\":\"https:\/\/www.ibc.ee\/fi\/?s={search_term_string}\"},\"query-input\":{\"@type\":\"PropertyValueSpecification\",\"valueRequired\":true,\"valueName\":\"search_term_string\"}}],\"inLanguage\":\"fi\"}]}<\/script>\n<!-- \/ Yoast SEO plugin. -->","yoast_head_json":{"title":"NewCube FDA IBC 1000 \u2013 1000\u202fL FDA-hyv\u00e4ksytty IBC-s\u00e4ili\u00f6 elintarvikelaatuisille nesteille ja herkille k\u00e4ytt\u00f6kohteille - IBC konteineri m&uuml;&uuml;k, vaadid, kraanid, mahutid","description":"NewCube FDA IBC 1000 on t\u00e4ysin uusi 1000 litran IBC-s\u00e4ili\u00f6 (Intermediate Bulk Container), joka on suunniteltu erityisesti elintarvikelaatuisen nesteiden, juomien ja muiden ei-vaarallisten herkkien aineiden turvalliseen varastointiin ja kuljetukseen.","robots":{"index":"index","follow":"follow","max-snippet":"max-snippet:-1","max-image-preview":"max-image-preview:large","max-video-preview":"max-video-preview:-1"},"canonical":"https:\/\/ibc.ee\/fi\/tuote\/newcube-fda-ibc-1000-1000-l-fda-hyvaksytty-ibc-sailio-elintarvikelaatuisille-nesteille-ja-herkille-kayttokohteille\/","og_locale":"fi_FI","og_type":"article","og_title":"NewCube FDA IBC 1000 \u2013 1000\u202fL FDA-hyv\u00e4ksytty IBC-s\u00e4ili\u00f6 elintarvikelaatuisille nesteille ja herkille k\u00e4ytt\u00f6kohteille - IBC konteineri m&uuml;&uuml;k, vaadid, kraanid, mahutid","og_description":"NewCube FDA IBC 1000 on t\u00e4ysin uusi 1000 litran IBC-s\u00e4ili\u00f6 (Intermediate Bulk Container), joka on suunniteltu erityisesti elintarvikelaatuisen nesteiden, juomien ja muiden ei-vaarallisten herkkien aineiden turvalliseen varastointiin ja kuljetukseen.","og_url":"https:\/\/ibc.ee\/fi\/tuote\/newcube-fda-ibc-1000-1000-l-fda-hyvaksytty-ibc-sailio-elintarvikelaatuisille-nesteille-ja-herkille-kayttokohteille\/","og_site_name":"IBC konteineri m&uuml;&uuml;k, vaadid, kraanid, mahutid","article_modified_time":"2025-11-04T12:58:00+00:00","og_image":[{"width":1000,"height":1000,"url":"https:\/\/ibc.ee\/wp-content\/uploads\/2025\/11\/NewCube-FDA-IBC-1000-IBC-konteiner-toidukvaliteediga-vedelike-jaoks.jpg","type":"image\/jpeg"}],"twitter_card":"summary_large_image","twitter_misc":{"Arvioitu lukuaika":"1 minuutti"},"schema":{"@context":"https:\/\/schema.org","@graph":[{"@type":"WebPage","@id":"https:\/\/ibc.ee\/fi\/tuote\/newcube-fda-ibc-1000-1000-l-fda-hyvaksytty-ibc-sailio-elintarvikelaatuisille-nesteille-ja-herkille-kayttokohteille\/","url":"https:\/\/ibc.ee\/fi\/tuote\/newcube-fda-ibc-1000-1000-l-fda-hyvaksytty-ibc-sailio-elintarvikelaatuisille-nesteille-ja-herkille-kayttokohteille\/","name":"NewCube FDA IBC 1000 \u2013 1000\u202fL FDA-hyv\u00e4ksytty IBC-s\u00e4ili\u00f6 elintarvikelaatuisille nesteille ja herkille k\u00e4ytt\u00f6kohteille - IBC konteineri m&uuml;&uuml;k, vaadid, kraanid, mahutid","isPartOf":{"@id":"https:\/\/www.ibc.ee\/fi\/#website"},"primaryImageOfPage":{"@id":"https:\/\/ibc.ee\/fi\/tuote\/newcube-fda-ibc-1000-1000-l-fda-hyvaksytty-ibc-sailio-elintarvikelaatuisille-nesteille-ja-herkille-kayttokohteille\/#primaryimage"},"image":{"@id":"https:\/\/ibc.ee\/fi\/tuote\/newcube-fda-ibc-1000-1000-l-fda-hyvaksytty-ibc-sailio-elintarvikelaatuisille-nesteille-ja-herkille-kayttokohteille\/#primaryimage"},"thumbnailUrl":"https:\/\/ibc.ee\/wp-content\/uploads\/2025\/11\/NewCube-FDA-IBC-1000-IBC-konteiner-toidukvaliteediga-vedelike-jaoks.jpg","datePublished":"2025-11-04T12:29:19+00:00","dateModified":"2025-11-04T12:58:00+00:00","description":"NewCube FDA IBC 1000 on t\u00e4ysin uusi 1000 litran IBC-s\u00e4ili\u00f6 (Intermediate Bulk Container), joka on suunniteltu erityisesti elintarvikelaatuisen nesteiden, juomien ja muiden ei-vaarallisten herkkien aineiden turvalliseen varastointiin ja kuljetukseen.","breadcrumb":{"@id":"https:\/\/ibc.ee\/fi\/tuote\/newcube-fda-ibc-1000-1000-l-fda-hyvaksytty-ibc-sailio-elintarvikelaatuisille-nesteille-ja-herkille-kayttokohteille\/#breadcrumb"},"inLanguage":"fi","potentialAction":[{"@type":"ReadAction","target":["https:\/\/ibc.ee\/fi\/tuote\/newcube-fda-ibc-1000-1000-l-fda-hyvaksytty-ibc-sailio-elintarvikelaatuisille-nesteille-ja-herkille-kayttokohteille\/"]}]},{"@type":"ImageObject","inLanguage":"fi","@id":"https:\/\/ibc.ee\/fi\/tuote\/newcube-fda-ibc-1000-1000-l-fda-hyvaksytty-ibc-sailio-elintarvikelaatuisille-nesteille-ja-herkille-kayttokohteille\/#primaryimage","url":"https:\/\/ibc.ee\/wp-content\/uploads\/2025\/11\/NewCube-FDA-IBC-1000-IBC-konteiner-toidukvaliteediga-vedelike-jaoks.jpg","contentUrl":"https:\/\/ibc.ee\/wp-content\/uploads\/2025\/11\/NewCube-FDA-IBC-1000-IBC-konteiner-toidukvaliteediga-vedelike-jaoks.jpg","width":1000,"height":1000,"caption":"NewCube FDA IBC 1000 \u2013 1000L FDA-Compliant IBC Container for Food-Grade Liquids and Sensitive Applications"},{"@type":"BreadcrumbList","@id":"https:\/\/ibc.ee\/fi\/tuote\/newcube-fda-ibc-1000-1000-l-fda-hyvaksytty-ibc-sailio-elintarvikelaatuisille-nesteille-ja-herkille-kayttokohteille\/#breadcrumb","itemListElement":[{"@type":"ListItem","position":1,"name":"\u0413\u043b\u0430\u0432\u043d\u0430\u044f \u0441\u0442\u0440\u0430\u043d\u0438\u0446\u0430","item":"https:\/\/www.ibc.ee\/fi\/"},{"@type":"ListItem","position":2,"name":"Myym\u00e4l\u00e4","item":"https:\/\/www.ibc.ee\/fi\/shop\/"},{"@type":"ListItem","position":3,"name":"NewCube FDA IBC 1000 \u2013 1000\u202fL FDA-hyv\u00e4ksytty IBC-s\u00e4ili\u00f6 elintarvikelaatuisille nesteille ja herkille k\u00e4ytt\u00f6kohteille"}]},{"@type":"WebSite","@id":"https:\/\/www.ibc.ee\/fi\/#website","url":"https:\/\/www.ibc.ee\/fi\/","name":"IBC konteineri m&uuml;&uuml;k, vaadid, kraanid, mahutid","description":"IBC - Tank container valve, Adapters\\fittings, Intermediate bulk, container, Drums\/cans","potentialAction":[{"@type":"SearchAction","target":{"@type":"EntryPoint","urlTemplate":"https:\/\/www.ibc.ee\/fi\/?s={search_term_string}"},"query-input":{"@type":"PropertyValueSpecification","valueRequired":true,"valueName":"search_term_string"}}],"inLanguage":"fi"}]}},"_links":{"self":[{"href":"https:\/\/ibc.ee\/fi\/wp-json\/wp\/v2\/product\/24671","targetHints":{"allow":["GET"]}}],"collection":[{"href":"https:\/\/ibc.ee\/fi\/wp-json\/wp\/v2\/product"}],"about":[{"href":"https:\/\/ibc.ee\/fi\/wp-json\/wp\/v2\/types\/product"}],"wp:featuredmedia":[{"embeddable":true,"href":"https:\/\/ibc.ee\/fi\/wp-json\/wp\/v2\/media\/24679"}],"wp:attachment":[{"href":"https:\/\/ibc.ee\/fi\/wp-json\/wp\/v2\/media?parent=24671"}],"wp:term":[{"taxonomy":"product_brand","embeddable":true,"href":"https:\/\/ibc.ee\/fi\/wp-json\/wp\/v2\/product_brand?post=24671"},{"taxonomy":"product_cat","embeddable":true,"href":"https:\/\/ibc.ee\/fi\/wp-json\/wp\/v2\/product_cat?post=24671"},{"taxonomy":"product_tag","embeddable":true,"href":"https:\/\/ibc.ee\/fi\/wp-json\/wp\/v2\/product_tag?post=24671"}],"curies":[{"name":"wp","href":"https:\/\/api.w.org\/{rel}","templated":true}]}}