{"id":24689,"date":"2025-11-04T15:22:57","date_gmt":"2025-11-04T13:22:57","guid":{"rendered":"https:\/\/ibc.ee\/?post_type=product&#038;p=24689"},"modified":"2025-11-04T15:47:40","modified_gmt":"2025-11-04T13:47:40","slug":"newcube-fda-ibc-1000-blue-1000-l-fda-hyvaksytty-sininen-ibc-sailio-elintarvikekayttoon-ja-uv-herkille-sovelluksille","status":"publish","type":"product","link":"https:\/\/ibc.ee\/fi\/tuote\/newcube-fda-ibc-1000-blue-1000-l-fda-hyvaksytty-sininen-ibc-sailio-elintarvikekayttoon-ja-uv-herkille-sovelluksille\/","title":{"rendered":"NewCube FDA IBC 1000 Blue \u2013 1000\u202fL FDA-hyv\u00e4ksytty sininen IBC-s\u00e4ili\u00f6 elintarvikek\u00e4ytt\u00f6\u00f6n ja UV-herkille sovelluksille"},"content":{"rendered":"<p><strong>T\u00e4rkeimm\u00e4t ominaisuudet<\/strong><br \/>\n&#8211; Tilavuus: 1000 litraa (275 gallonaa)<br \/>\n&#8211; Sertifiointi: FDA-hyv\u00e4ksytty \u2013 turvallinen suoralle kosketukselle elintarvikkeiden, juomien ja veden kanssa<br \/>\n&#8211; Materiaali: Virgin HDPE, puhallusmuovattu, elintarvikehyv\u00e4ksytty ja kemikaalikest\u00e4v\u00e4<br \/>\n&#8211; V\u00e4ri: Sininen, UV-suojattu pidemp\u00e4\u00e4n ulkok\u00e4ytt\u00f6\u00f6n<br \/>\n&#8211; Runko: Galvanoitu ter\u00e4skehikko, nelisuuntainen trukilla k\u00e4sitelt\u00e4v\u00e4<br \/>\n&#8211; Pohja: Komposiitti- tai muovialusta, kest\u00e4v\u00e4 ja uudelleenk\u00e4ytett\u00e4v\u00e4<br \/>\n&#8211; Kansi: \u00d8150 mm kierrekansi sinet\u00f6intimahdollisuudella<br \/>\n&#8211; Poistoventtiili: Vakio S60x6 poistohana p\u00f6lysuojuksella<br \/>\n&#8211; Uudelleenk\u00e4ytett\u00e4v\u00e4: Helppo puhdistaa, desinfioida ja t\u00e4ytt\u00e4\u00e4 uudelleen<\/p>\n<p><strong>Miksi valita sininen FDA IBC?<\/strong><br \/>\n&#8211; Parempi UV-suoja \u2013 ihanteellinen pitk\u00e4aikaiseen ulkovarastointiin ja auringonvalolle altistumiseen<br \/>\n&#8211; Est\u00e4\u00e4 levien kasvua \u2013 v\u00e4hemm\u00e4n valonl\u00e4p\u00e4isy\u00e4 pit\u00e4\u00e4 sis\u00e4ll\u00f6n puhtaampana<br \/>\n&#8211; Elintarviketurvallinen \u2013 t\u00e4ysin FDA-vaatimusten mukainen<br \/>\n&#8211; Selke\u00e4 tunnistettavuus \u2013 erottaa helposti elintarvikek\u00e4ytt\u00f6\u00f6n tarkoitetut s\u00e4ili\u00f6t<br \/>\n&#8211; Suojaa valolle herkki\u00e4 tuotteita, kuten aromeja ja luonnollisia uutteita<\/p>\n<p><strong>Suositellut k\u00e4ytt\u00f6kohteet<\/strong><br \/>\n&#8211; Elintarvike- ja juomateollisuuden raaka-aineet \u2013 \u00f6ljyt, siirapit, mehut, aromit<br \/>\n&#8211; Juomaveden ja tuotantoprosessin nesteiden ulkovarastointi<br \/>\n&#8211; K\u00e4ytt\u00f6 elintarviketeollisuudessa, cateringiss\u00e4, maataloudessa ja kosmetiikassa<br \/>\n&#8211; Farmaseuttiset ja hygieniaan liittyv\u00e4t nesteet<br \/>\n&#8211; Ei-vaaralliset kemikaalit puhtaissa ja s\u00e4\u00e4dellyiss\u00e4 ymp\u00e4rist\u00f6iss\u00e4<\/p>\n<p><strong>T\u00e4rke\u00e4\u00e4 tietoa<\/strong><br \/>\n&#8211; Toimitetaan t\u00e4ysin uutena, k\u00e4ytt\u00e4m\u00e4tt\u00f6m\u00e4n\u00e4 ja FDA-hyv\u00e4ksyttyn\u00e4<br \/>\n&#8211; Ei UN-sertifiointia \u2013 ei sovellu vaarallisten aineiden kuljetukseen<br \/>\n&#8211; Merkinn\u00e4t ja dokumentaatio saatavilla pyynn\u00f6st\u00e4<\/p>\n","protected":false},"excerpt":{"rendered":"<p>NewCube FDA IBC 1000 Blue on t\u00e4ysin uusi 1000 litran v\u00e4lis\u00e4ili\u00f6 (IBC), joka on suunniteltu elintarvikelaatuisen nesteiden, juomaveden ja muiden ei-vaarallisten aineiden turvalliseen ja hygieeniseen varastointiin sek\u00e4 kuljetukseen.<br \/>\nT\u00e4m\u00e4 malli on varustettu UV-suojatulla sinisell\u00e4 HDPE-s\u00e4ili\u00f6ll\u00e4, mik\u00e4 tekee siit\u00e4 erinomaisen valinnan ulkok\u00e4ytt\u00f6\u00f6n, erityisesti tilanteissa joissa auringonvalo ja l\u00e4mp\u00f6tilavaihtelut ovat t\u00e4rkeit\u00e4 tekij\u00f6it\u00e4.<\/p>\n","protected":false},"featured_media":24697,"template":"","meta":[],"product_brand":[],"product_cat":[182],"product_tag":[],"class_list":{"0":"post-24689","1":"product","2":"type-product","3":"status-publish","4":"has-post-thumbnail","6":"product_cat-kontti","7":"product_shipping_class-containers-fi","9":"first","10":"onbackorder","11":"taxable","12":"shipping-taxable","13":"product-type-simple"},"yoast_head":"<!-- This site is optimized with the Yoast SEO plugin v26.9 - https:\/\/yoast.com\/product\/yoast-seo-wordpress\/ -->\n<title>NewCube FDA IBC 1000 Blue \u2013 1000\u202fL FDA-hyv\u00e4ksytty sininen IBC-s\u00e4ili\u00f6 elintarvikek\u00e4ytt\u00f6\u00f6n ja UV-herkille sovelluksille - IBC konteineri m&uuml;&uuml;k, vaadid, kraanid, mahutid<\/title>\n<meta name=\"description\" content=\"NewCube FDA IBC 1000 Blue on t\u00e4ysin uusi 1000 litran v\u00e4lis\u00e4ili\u00f6 (IBC), joka on suunniteltu elintarvikelaatuisen nesteiden, juomaveden ja muiden ei-vaarallisten aineiden turvalliseen ja hygieeniseen varastointiin sek\u00e4 kuljetukseen.\" \/>\n<meta name=\"robots\" content=\"index, follow, max-snippet:-1, max-image-preview:large, max-video-preview:-1\" \/>\n<link rel=\"canonical\" href=\"https:\/\/ibc.ee\/fi\/tuote\/newcube-fda-ibc-1000-blue-1000-l-fda-hyvaksytty-sininen-ibc-sailio-elintarvikekayttoon-ja-uv-herkille-sovelluksille\/\" \/>\n<meta property=\"og:locale\" content=\"fi_FI\" \/>\n<meta property=\"og:type\" content=\"article\" \/>\n<meta property=\"og:title\" content=\"NewCube FDA IBC 1000 Blue \u2013 1000\u202fL FDA-hyv\u00e4ksytty sininen IBC-s\u00e4ili\u00f6 elintarvikek\u00e4ytt\u00f6\u00f6n ja UV-herkille sovelluksille - IBC konteineri m&uuml;&uuml;k, vaadid, kraanid, mahutid\" \/>\n<meta property=\"og:description\" content=\"NewCube FDA IBC 1000 Blue on t\u00e4ysin uusi 1000 litran v\u00e4lis\u00e4ili\u00f6 (IBC), joka on suunniteltu elintarvikelaatuisen nesteiden, juomaveden ja muiden ei-vaarallisten aineiden turvalliseen ja hygieeniseen varastointiin sek\u00e4 kuljetukseen.\" \/>\n<meta property=\"og:url\" content=\"https:\/\/ibc.ee\/fi\/tuote\/newcube-fda-ibc-1000-blue-1000-l-fda-hyvaksytty-sininen-ibc-sailio-elintarvikekayttoon-ja-uv-herkille-sovelluksille\/\" \/>\n<meta property=\"og:site_name\" content=\"IBC konteineri m&uuml;&uuml;k, vaadid, kraanid, mahutid\" \/>\n<meta property=\"article:modified_time\" content=\"2025-11-04T13:47:40+00:00\" \/>\n<meta property=\"og:image\" content=\"https:\/\/ibc.ee\/wp-content\/uploads\/2025\/11\/NewCube-FDA-IBC-1000-IBC-konteiner-toidukvaliteediga-vedelike-jaoks-sinine.jpg\" \/>\n\t<meta property=\"og:image:width\" content=\"1000\" \/>\n\t<meta property=\"og:image:height\" content=\"1000\" \/>\n\t<meta property=\"og:image:type\" content=\"image\/jpeg\" \/>\n<meta name=\"twitter:card\" content=\"summary_large_image\" \/>\n<meta name=\"twitter:label1\" content=\"Arvioitu lukuaika\" \/>\n\t<meta name=\"twitter:data1\" content=\"1 minuutti\" \/>\n<script type=\"application\/ld+json\" class=\"yoast-schema-graph\">{\"@context\":\"https:\/\/schema.org\",\"@graph\":[{\"@type\":\"WebPage\",\"@id\":\"https:\/\/ibc.ee\/fi\/tuote\/newcube-fda-ibc-1000-blue-1000-l-fda-hyvaksytty-sininen-ibc-sailio-elintarvikekayttoon-ja-uv-herkille-sovelluksille\/\",\"url\":\"https:\/\/ibc.ee\/fi\/tuote\/newcube-fda-ibc-1000-blue-1000-l-fda-hyvaksytty-sininen-ibc-sailio-elintarvikekayttoon-ja-uv-herkille-sovelluksille\/\",\"name\":\"NewCube FDA IBC 1000 Blue \u2013 1000\u202fL FDA-hyv\u00e4ksytty sininen IBC-s\u00e4ili\u00f6 elintarvikek\u00e4ytt\u00f6\u00f6n ja UV-herkille sovelluksille - IBC konteineri m&uuml;&uuml;k, vaadid, kraanid, mahutid\",\"isPartOf\":{\"@id\":\"https:\/\/www.ibc.ee\/fi\/#website\"},\"primaryImageOfPage\":{\"@id\":\"https:\/\/ibc.ee\/fi\/tuote\/newcube-fda-ibc-1000-blue-1000-l-fda-hyvaksytty-sininen-ibc-sailio-elintarvikekayttoon-ja-uv-herkille-sovelluksille\/#primaryimage\"},\"image\":{\"@id\":\"https:\/\/ibc.ee\/fi\/tuote\/newcube-fda-ibc-1000-blue-1000-l-fda-hyvaksytty-sininen-ibc-sailio-elintarvikekayttoon-ja-uv-herkille-sovelluksille\/#primaryimage\"},\"thumbnailUrl\":\"https:\/\/ibc.ee\/wp-content\/uploads\/2025\/11\/NewCube-FDA-IBC-1000-IBC-konteiner-toidukvaliteediga-vedelike-jaoks-sinine.jpg\",\"datePublished\":\"2025-11-04T13:22:57+00:00\",\"dateModified\":\"2025-11-04T13:47:40+00:00\",\"description\":\"NewCube FDA IBC 1000 Blue on t\u00e4ysin uusi 1000 litran v\u00e4lis\u00e4ili\u00f6 (IBC), joka on suunniteltu elintarvikelaatuisen nesteiden, juomaveden ja muiden ei-vaarallisten aineiden turvalliseen ja hygieeniseen varastointiin sek\u00e4 kuljetukseen.\",\"breadcrumb\":{\"@id\":\"https:\/\/ibc.ee\/fi\/tuote\/newcube-fda-ibc-1000-blue-1000-l-fda-hyvaksytty-sininen-ibc-sailio-elintarvikekayttoon-ja-uv-herkille-sovelluksille\/#breadcrumb\"},\"inLanguage\":\"fi\",\"potentialAction\":[{\"@type\":\"ReadAction\",\"target\":[\"https:\/\/ibc.ee\/fi\/tuote\/newcube-fda-ibc-1000-blue-1000-l-fda-hyvaksytty-sininen-ibc-sailio-elintarvikekayttoon-ja-uv-herkille-sovelluksille\/\"]}]},{\"@type\":\"ImageObject\",\"inLanguage\":\"fi\",\"@id\":\"https:\/\/ibc.ee\/fi\/tuote\/newcube-fda-ibc-1000-blue-1000-l-fda-hyvaksytty-sininen-ibc-sailio-elintarvikekayttoon-ja-uv-herkille-sovelluksille\/#primaryimage\",\"url\":\"https:\/\/ibc.ee\/wp-content\/uploads\/2025\/11\/NewCube-FDA-IBC-1000-IBC-konteiner-toidukvaliteediga-vedelike-jaoks-sinine.jpg\",\"contentUrl\":\"https:\/\/ibc.ee\/wp-content\/uploads\/2025\/11\/NewCube-FDA-IBC-1000-IBC-konteiner-toidukvaliteediga-vedelike-jaoks-sinine.jpg\",\"width\":1000,\"height\":1000,\"caption\":\"NewCube FDA IBC 1000 Blue \u2013 1000L FDA-Compliant Blue IBC for Food-Grade and UV-Sensitive Applications\"},{\"@type\":\"BreadcrumbList\",\"@id\":\"https:\/\/ibc.ee\/fi\/tuote\/newcube-fda-ibc-1000-blue-1000-l-fda-hyvaksytty-sininen-ibc-sailio-elintarvikekayttoon-ja-uv-herkille-sovelluksille\/#breadcrumb\",\"itemListElement\":[{\"@type\":\"ListItem\",\"position\":1,\"name\":\"\u0413\u043b\u0430\u0432\u043d\u0430\u044f \u0441\u0442\u0440\u0430\u043d\u0438\u0446\u0430\",\"item\":\"https:\/\/www.ibc.ee\/fi\/\"},{\"@type\":\"ListItem\",\"position\":2,\"name\":\"Myym\u00e4l\u00e4\",\"item\":\"https:\/\/www.ibc.ee\/fi\/shop\/\"},{\"@type\":\"ListItem\",\"position\":3,\"name\":\"NewCube FDA IBC 1000 Blue \u2013 1000\u202fL FDA-hyv\u00e4ksytty sininen IBC-s\u00e4ili\u00f6 elintarvikek\u00e4ytt\u00f6\u00f6n ja UV-herkille sovelluksille\"}]},{\"@type\":\"WebSite\",\"@id\":\"https:\/\/www.ibc.ee\/fi\/#website\",\"url\":\"https:\/\/www.ibc.ee\/fi\/\",\"name\":\"IBC konteineri m&uuml;&uuml;k, vaadid, kraanid, mahutid\",\"description\":\"IBC - Tank container valve, Adapters\\\\fittings, Intermediate bulk, container, Drums\/cans\",\"potentialAction\":[{\"@type\":\"SearchAction\",\"target\":{\"@type\":\"EntryPoint\",\"urlTemplate\":\"https:\/\/www.ibc.ee\/fi\/?s={search_term_string}\"},\"query-input\":{\"@type\":\"PropertyValueSpecification\",\"valueRequired\":true,\"valueName\":\"search_term_string\"}}],\"inLanguage\":\"fi\"}]}<\/script>\n<!-- \/ Yoast SEO plugin. -->","yoast_head_json":{"title":"NewCube FDA IBC 1000 Blue \u2013 1000\u202fL FDA-hyv\u00e4ksytty sininen IBC-s\u00e4ili\u00f6 elintarvikek\u00e4ytt\u00f6\u00f6n ja UV-herkille sovelluksille - IBC konteineri m&uuml;&uuml;k, vaadid, kraanid, mahutid","description":"NewCube FDA IBC 1000 Blue on t\u00e4ysin uusi 1000 litran v\u00e4lis\u00e4ili\u00f6 (IBC), joka on suunniteltu elintarvikelaatuisen nesteiden, juomaveden ja muiden ei-vaarallisten aineiden turvalliseen ja hygieeniseen varastointiin sek\u00e4 kuljetukseen.","robots":{"index":"index","follow":"follow","max-snippet":"max-snippet:-1","max-image-preview":"max-image-preview:large","max-video-preview":"max-video-preview:-1"},"canonical":"https:\/\/ibc.ee\/fi\/tuote\/newcube-fda-ibc-1000-blue-1000-l-fda-hyvaksytty-sininen-ibc-sailio-elintarvikekayttoon-ja-uv-herkille-sovelluksille\/","og_locale":"fi_FI","og_type":"article","og_title":"NewCube FDA IBC 1000 Blue \u2013 1000\u202fL FDA-hyv\u00e4ksytty sininen IBC-s\u00e4ili\u00f6 elintarvikek\u00e4ytt\u00f6\u00f6n ja UV-herkille sovelluksille - IBC konteineri m&uuml;&uuml;k, vaadid, kraanid, mahutid","og_description":"NewCube FDA IBC 1000 Blue on t\u00e4ysin uusi 1000 litran v\u00e4lis\u00e4ili\u00f6 (IBC), joka on suunniteltu elintarvikelaatuisen nesteiden, juomaveden ja muiden ei-vaarallisten aineiden turvalliseen ja hygieeniseen varastointiin sek\u00e4 kuljetukseen.","og_url":"https:\/\/ibc.ee\/fi\/tuote\/newcube-fda-ibc-1000-blue-1000-l-fda-hyvaksytty-sininen-ibc-sailio-elintarvikekayttoon-ja-uv-herkille-sovelluksille\/","og_site_name":"IBC konteineri m&uuml;&uuml;k, vaadid, kraanid, mahutid","article_modified_time":"2025-11-04T13:47:40+00:00","og_image":[{"width":1000,"height":1000,"url":"https:\/\/ibc.ee\/wp-content\/uploads\/2025\/11\/NewCube-FDA-IBC-1000-IBC-konteiner-toidukvaliteediga-vedelike-jaoks-sinine.jpg","type":"image\/jpeg"}],"twitter_card":"summary_large_image","twitter_misc":{"Arvioitu lukuaika":"1 minuutti"},"schema":{"@context":"https:\/\/schema.org","@graph":[{"@type":"WebPage","@id":"https:\/\/ibc.ee\/fi\/tuote\/newcube-fda-ibc-1000-blue-1000-l-fda-hyvaksytty-sininen-ibc-sailio-elintarvikekayttoon-ja-uv-herkille-sovelluksille\/","url":"https:\/\/ibc.ee\/fi\/tuote\/newcube-fda-ibc-1000-blue-1000-l-fda-hyvaksytty-sininen-ibc-sailio-elintarvikekayttoon-ja-uv-herkille-sovelluksille\/","name":"NewCube FDA IBC 1000 Blue \u2013 1000\u202fL FDA-hyv\u00e4ksytty sininen IBC-s\u00e4ili\u00f6 elintarvikek\u00e4ytt\u00f6\u00f6n ja UV-herkille sovelluksille - IBC konteineri m&uuml;&uuml;k, vaadid, kraanid, mahutid","isPartOf":{"@id":"https:\/\/www.ibc.ee\/fi\/#website"},"primaryImageOfPage":{"@id":"https:\/\/ibc.ee\/fi\/tuote\/newcube-fda-ibc-1000-blue-1000-l-fda-hyvaksytty-sininen-ibc-sailio-elintarvikekayttoon-ja-uv-herkille-sovelluksille\/#primaryimage"},"image":{"@id":"https:\/\/ibc.ee\/fi\/tuote\/newcube-fda-ibc-1000-blue-1000-l-fda-hyvaksytty-sininen-ibc-sailio-elintarvikekayttoon-ja-uv-herkille-sovelluksille\/#primaryimage"},"thumbnailUrl":"https:\/\/ibc.ee\/wp-content\/uploads\/2025\/11\/NewCube-FDA-IBC-1000-IBC-konteiner-toidukvaliteediga-vedelike-jaoks-sinine.jpg","datePublished":"2025-11-04T13:22:57+00:00","dateModified":"2025-11-04T13:47:40+00:00","description":"NewCube FDA IBC 1000 Blue on t\u00e4ysin uusi 1000 litran v\u00e4lis\u00e4ili\u00f6 (IBC), joka on suunniteltu elintarvikelaatuisen nesteiden, juomaveden ja muiden ei-vaarallisten aineiden turvalliseen ja hygieeniseen varastointiin sek\u00e4 kuljetukseen.","breadcrumb":{"@id":"https:\/\/ibc.ee\/fi\/tuote\/newcube-fda-ibc-1000-blue-1000-l-fda-hyvaksytty-sininen-ibc-sailio-elintarvikekayttoon-ja-uv-herkille-sovelluksille\/#breadcrumb"},"inLanguage":"fi","potentialAction":[{"@type":"ReadAction","target":["https:\/\/ibc.ee\/fi\/tuote\/newcube-fda-ibc-1000-blue-1000-l-fda-hyvaksytty-sininen-ibc-sailio-elintarvikekayttoon-ja-uv-herkille-sovelluksille\/"]}]},{"@type":"ImageObject","inLanguage":"fi","@id":"https:\/\/ibc.ee\/fi\/tuote\/newcube-fda-ibc-1000-blue-1000-l-fda-hyvaksytty-sininen-ibc-sailio-elintarvikekayttoon-ja-uv-herkille-sovelluksille\/#primaryimage","url":"https:\/\/ibc.ee\/wp-content\/uploads\/2025\/11\/NewCube-FDA-IBC-1000-IBC-konteiner-toidukvaliteediga-vedelike-jaoks-sinine.jpg","contentUrl":"https:\/\/ibc.ee\/wp-content\/uploads\/2025\/11\/NewCube-FDA-IBC-1000-IBC-konteiner-toidukvaliteediga-vedelike-jaoks-sinine.jpg","width":1000,"height":1000,"caption":"NewCube FDA IBC 1000 Blue \u2013 1000L FDA-Compliant Blue IBC for Food-Grade and UV-Sensitive Applications"},{"@type":"BreadcrumbList","@id":"https:\/\/ibc.ee\/fi\/tuote\/newcube-fda-ibc-1000-blue-1000-l-fda-hyvaksytty-sininen-ibc-sailio-elintarvikekayttoon-ja-uv-herkille-sovelluksille\/#breadcrumb","itemListElement":[{"@type":"ListItem","position":1,"name":"\u0413\u043b\u0430\u0432\u043d\u0430\u044f \u0441\u0442\u0440\u0430\u043d\u0438\u0446\u0430","item":"https:\/\/www.ibc.ee\/fi\/"},{"@type":"ListItem","position":2,"name":"Myym\u00e4l\u00e4","item":"https:\/\/www.ibc.ee\/fi\/shop\/"},{"@type":"ListItem","position":3,"name":"NewCube FDA IBC 1000 Blue \u2013 1000\u202fL FDA-hyv\u00e4ksytty sininen IBC-s\u00e4ili\u00f6 elintarvikek\u00e4ytt\u00f6\u00f6n ja UV-herkille sovelluksille"}]},{"@type":"WebSite","@id":"https:\/\/www.ibc.ee\/fi\/#website","url":"https:\/\/www.ibc.ee\/fi\/","name":"IBC konteineri m&uuml;&uuml;k, vaadid, kraanid, mahutid","description":"IBC - Tank container valve, Adapters\\fittings, Intermediate bulk, container, Drums\/cans","potentialAction":[{"@type":"SearchAction","target":{"@type":"EntryPoint","urlTemplate":"https:\/\/www.ibc.ee\/fi\/?s={search_term_string}"},"query-input":{"@type":"PropertyValueSpecification","valueRequired":true,"valueName":"search_term_string"}}],"inLanguage":"fi"}]}},"_links":{"self":[{"href":"https:\/\/ibc.ee\/fi\/wp-json\/wp\/v2\/product\/24689","targetHints":{"allow":["GET"]}}],"collection":[{"href":"https:\/\/ibc.ee\/fi\/wp-json\/wp\/v2\/product"}],"about":[{"href":"https:\/\/ibc.ee\/fi\/wp-json\/wp\/v2\/types\/product"}],"wp:featuredmedia":[{"embeddable":true,"href":"https:\/\/ibc.ee\/fi\/wp-json\/wp\/v2\/media\/24697"}],"wp:attachment":[{"href":"https:\/\/ibc.ee\/fi\/wp-json\/wp\/v2\/media?parent=24689"}],"wp:term":[{"taxonomy":"product_brand","embeddable":true,"href":"https:\/\/ibc.ee\/fi\/wp-json\/wp\/v2\/product_brand?post=24689"},{"taxonomy":"product_cat","embeddable":true,"href":"https:\/\/ibc.ee\/fi\/wp-json\/wp\/v2\/product_cat?post=24689"},{"taxonomy":"product_tag","embeddable":true,"href":"https:\/\/ibc.ee\/fi\/wp-json\/wp\/v2\/product_tag?post=24689"}],"curies":[{"name":"wp","href":"https:\/\/api.w.org\/{rel}","templated":true}]}}