{"id":24708,"date":"2025-11-04T16:26:29","date_gmt":"2025-11-04T14:26:30","guid":{"rendered":"https:\/\/ibc.ee\/?post_type=product&#038;p=24708"},"modified":"2025-11-04T16:47:05","modified_gmt":"2025-11-04T14:47:05","slug":"renewcube-fda-ibc-1000-blue-1000-l-kunnostettu-sininen-fda-hyvaksytty-ibc-sailio","status":"publish","type":"product","link":"https:\/\/ibc.ee\/fi\/tuote\/renewcube-fda-ibc-1000-blue-1000-l-kunnostettu-sininen-fda-hyvaksytty-ibc-sailio\/","title":{"rendered":"ReNewCube FDA IBC 1000 Blue \u2013 1000\u202fL kunnostettu sininen FDA-hyv\u00e4ksytty IBC-s\u00e4ili\u00f6"},"content":{"rendered":"<p><strong>T\u00e4rkeimm\u00e4t ominaisuudet<\/strong><br \/>\n&#8211; Tilavuus: 1000 litraa (275 gallonaa)<br \/>\n&#8211; Kunto: Kunnostettu, huolellisesti puhdistettu ja tarkastettu<br \/>\n&#8211; Sertifiointi: FDA-hyv\u00e4ksytty \u2013 turvallinen suoralle kosketukselle elintarvikkeiden ja veden kanssa<br \/>\n&#8211; Materiaali: Virgin HDPE (k\u00e4ytetty mutta elintarvikekelpoinen), puhallusmuovattu<br \/>\n&#8211; V\u00e4ri: Sininen \u2013 UV-kest\u00e4v\u00e4 ja lev\u00e4n kasvua ehk\u00e4isev\u00e4<br \/>\n&#8211; Runko: Galvanoitu ter\u00e4skehikko, nelisuuntainen trukkip\u00e4\u00e4sy<br \/>\n&#8211; Pohja: Kest\u00e4v\u00e4 muovi- tai komposiittipohja, uudelleenk\u00e4ytett\u00e4v\u00e4<br \/>\n&#8211; Kansi: \u00d8150 mm kierrekansi sinet\u00f6intimahdollisuudella<br \/>\n&#8211; Ulosvirtaventtiili: Vakio S60x6 suojakannella<br \/>\n&#8211; Uudelleenk\u00e4ytett\u00e4v\u00e4: Desinfioitu, tiiviystestattu ja uudelleent\u00e4ytett\u00e4v\u00e4<\/p>\n<p><strong>Miksi valita kunnostettu FDA-hyv\u00e4ksytty sininen IBC-s\u00e4ili\u00f6?<\/strong><br \/>\n&#8211; Edullinen vaihtoehto uudelle FDA-s\u00e4ili\u00f6lle<br \/>\n&#8211; UV-suojattu sininen v\u00e4ri \u2013 ihanteellinen pitk\u00e4aikaiseen ulkovarastointiin<br \/>\n&#8211; Ehk\u00e4isee lev\u00e4n muodostumista \u2013 parantaa hygieniaa valoisissa olosuhteissa<br \/>\n&#8211; FDA-hyv\u00e4ksynt\u00e4 edullisemmin<br \/>\n&#8211; Ymp\u00e4rist\u00f6yst\u00e4v\u00e4llinen \u2013 tukee kest\u00e4v\u00e4\u00e4 kehityst\u00e4 ja uudelleenk\u00e4ytt\u00f6\u00e4<\/p>\n<p><strong>Suositellut k\u00e4ytt\u00f6kohteet<\/strong><br \/>\n&#8211; Elintarvike- ja juomateollisuus \u2013 \u00f6ljyt, siirapit, mehut, aromit<br \/>\n&#8211; Juomaveden ja elintarvikekelpoisten nesteiden ulkovarastointi<br \/>\n&#8211; Maatalous, catering, kosmetiikka ja hygienia-ala<br \/>\n&#8211; L\u00e4\u00e4kinn\u00e4lliset ja herk\u00e4t nesteet<br \/>\n&#8211; Ei-vaaralliset kemikaalit puhtaissa ymp\u00e4rist\u00f6iss\u00e4<\/p>\n<p><strong>T\u00e4rke\u00e4\u00e4 tietoa<\/strong><br \/>\n&#8211; S\u00e4ili\u00f6 on k\u00e4ytetty, mutta ammattilaisen puhdistama ja FDA-hyv\u00e4ksytty<br \/>\n&#8211; Ei UN-sertifiointia \u2013 ei sovellu vaarallisille aineille<br \/>\n&#8211; Merkinn\u00e4t ja puhdistustodistukset saatavilla pyynn\u00f6st\u00e4<\/p>\n","protected":false},"excerpt":{"rendered":"<p>ReNewCube FDA IBC 1000 Blue on ammattimaisesti pesty ja kunnostettu 1000 litran IBC-s\u00e4ili\u00f6 (Intermediate Bulk Container), joka on suunniteltu elintarviketurvallisten nesteiden, juomaveden ja muiden ei-vaarallisten aineiden hygieeniseen uudelleenk\u00e4ytt\u00f6\u00f6n ja varastointiin.<br \/>\nS\u00e4ili\u00f6 on valmistettu FDA-vaatimukset t\u00e4ytt\u00e4vist\u00e4 materiaaleista, ja siin\u00e4 on UV-suojattu sininen HDPE-sis\u00e4s\u00e4ili\u00f6, joten se sopii erinomaisesti ulkok\u00e4ytt\u00f6\u00f6n ja tilanteisiin, joissa vaaditaan korkeaa hygieniatasoa ilman uuden s\u00e4ili\u00f6n hintaa.<\/p>\n","protected":false},"featured_media":24716,"template":"","meta":[],"product_brand":[],"product_cat":[182],"product_tag":[],"class_list":{"0":"post-24708","1":"product","2":"type-product","3":"status-publish","4":"has-post-thumbnail","6":"product_cat-kontti","7":"product_shipping_class-containers-fi","9":"first","10":"onbackorder","11":"taxable","12":"shipping-taxable","13":"product-type-simple"},"yoast_head":"<!-- This site is optimized with the Yoast SEO plugin v26.9 - https:\/\/yoast.com\/product\/yoast-seo-wordpress\/ -->\n<title>ReNewCube FDA IBC 1000 Blue \u2013 1000\u202fL kunnostettu sininen FDA-hyv\u00e4ksytty IBC-s\u00e4ili\u00f6 - IBC konteineri m&uuml;&uuml;k, vaadid, kraanid, mahutid<\/title>\n<meta name=\"description\" content=\"ReNewCube FDA IBC 1000 Blue on ammattimaisesti pesty ja kunnostettu 1000 litran IBC-s\u00e4ili\u00f6 (Intermediate Bulk Container), joka on suunniteltu elintarviketurvallisten nesteiden, juomaveden ja muiden ei-vaarallisten aineiden hygieeniseen uudelleenk\u00e4ytt\u00f6\u00f6n ja varastointiin.\" \/>\n<meta name=\"robots\" content=\"index, follow, max-snippet:-1, max-image-preview:large, max-video-preview:-1\" \/>\n<link rel=\"canonical\" href=\"https:\/\/ibc.ee\/fi\/tuote\/renewcube-fda-ibc-1000-blue-1000-l-kunnostettu-sininen-fda-hyvaksytty-ibc-sailio\/\" \/>\n<meta property=\"og:locale\" content=\"fi_FI\" \/>\n<meta property=\"og:type\" content=\"article\" \/>\n<meta property=\"og:title\" content=\"ReNewCube FDA IBC 1000 Blue \u2013 1000\u202fL kunnostettu sininen FDA-hyv\u00e4ksytty IBC-s\u00e4ili\u00f6 - IBC konteineri m&uuml;&uuml;k, vaadid, kraanid, mahutid\" \/>\n<meta property=\"og:description\" content=\"ReNewCube FDA IBC 1000 Blue on ammattimaisesti pesty ja kunnostettu 1000 litran IBC-s\u00e4ili\u00f6 (Intermediate Bulk Container), joka on suunniteltu elintarviketurvallisten nesteiden, juomaveden ja muiden ei-vaarallisten aineiden hygieeniseen uudelleenk\u00e4ytt\u00f6\u00f6n ja varastointiin.\" \/>\n<meta property=\"og:url\" content=\"https:\/\/ibc.ee\/fi\/tuote\/renewcube-fda-ibc-1000-blue-1000-l-kunnostettu-sininen-fda-hyvaksytty-ibc-sailio\/\" \/>\n<meta property=\"og:site_name\" content=\"IBC konteineri m&uuml;&uuml;k, vaadid, kraanid, mahutid\" \/>\n<meta property=\"article:modified_time\" content=\"2025-11-04T14:47:05+00:00\" \/>\n<meta property=\"og:image\" content=\"https:\/\/ibc.ee\/wp-content\/uploads\/2025\/11\/ReNewCube-FDA-IBC-1000-sinine-taastatud-konteiner-mis-vastab-FDA-nouetele.jpg\" \/>\n\t<meta property=\"og:image:width\" content=\"1000\" \/>\n\t<meta property=\"og:image:height\" content=\"1000\" \/>\n\t<meta property=\"og:image:type\" content=\"image\/jpeg\" \/>\n<meta name=\"twitter:card\" content=\"summary_large_image\" \/>\n<meta name=\"twitter:label1\" content=\"Arvioitu lukuaika\" \/>\n\t<meta name=\"twitter:data1\" content=\"1 minuutti\" \/>\n<script type=\"application\/ld+json\" class=\"yoast-schema-graph\">{\"@context\":\"https:\/\/schema.org\",\"@graph\":[{\"@type\":\"WebPage\",\"@id\":\"https:\/\/ibc.ee\/fi\/tuote\/renewcube-fda-ibc-1000-blue-1000-l-kunnostettu-sininen-fda-hyvaksytty-ibc-sailio\/\",\"url\":\"https:\/\/ibc.ee\/fi\/tuote\/renewcube-fda-ibc-1000-blue-1000-l-kunnostettu-sininen-fda-hyvaksytty-ibc-sailio\/\",\"name\":\"ReNewCube FDA IBC 1000 Blue \u2013 1000\u202fL kunnostettu sininen FDA-hyv\u00e4ksytty IBC-s\u00e4ili\u00f6 - IBC konteineri m&uuml;&uuml;k, vaadid, kraanid, mahutid\",\"isPartOf\":{\"@id\":\"https:\/\/www.ibc.ee\/fi\/#website\"},\"primaryImageOfPage\":{\"@id\":\"https:\/\/ibc.ee\/fi\/tuote\/renewcube-fda-ibc-1000-blue-1000-l-kunnostettu-sininen-fda-hyvaksytty-ibc-sailio\/#primaryimage\"},\"image\":{\"@id\":\"https:\/\/ibc.ee\/fi\/tuote\/renewcube-fda-ibc-1000-blue-1000-l-kunnostettu-sininen-fda-hyvaksytty-ibc-sailio\/#primaryimage\"},\"thumbnailUrl\":\"https:\/\/ibc.ee\/wp-content\/uploads\/2025\/11\/ReNewCube-FDA-IBC-1000-sinine-taastatud-konteiner-mis-vastab-FDA-nouetele.jpg\",\"datePublished\":\"2025-11-04T14:26:30+00:00\",\"dateModified\":\"2025-11-04T14:47:05+00:00\",\"description\":\"ReNewCube FDA IBC 1000 Blue on ammattimaisesti pesty ja kunnostettu 1000 litran IBC-s\u00e4ili\u00f6 (Intermediate Bulk Container), joka on suunniteltu elintarviketurvallisten nesteiden, juomaveden ja muiden ei-vaarallisten aineiden hygieeniseen uudelleenk\u00e4ytt\u00f6\u00f6n ja varastointiin.\",\"breadcrumb\":{\"@id\":\"https:\/\/ibc.ee\/fi\/tuote\/renewcube-fda-ibc-1000-blue-1000-l-kunnostettu-sininen-fda-hyvaksytty-ibc-sailio\/#breadcrumb\"},\"inLanguage\":\"fi\",\"potentialAction\":[{\"@type\":\"ReadAction\",\"target\":[\"https:\/\/ibc.ee\/fi\/tuote\/renewcube-fda-ibc-1000-blue-1000-l-kunnostettu-sininen-fda-hyvaksytty-ibc-sailio\/\"]}]},{\"@type\":\"ImageObject\",\"inLanguage\":\"fi\",\"@id\":\"https:\/\/ibc.ee\/fi\/tuote\/renewcube-fda-ibc-1000-blue-1000-l-kunnostettu-sininen-fda-hyvaksytty-ibc-sailio\/#primaryimage\",\"url\":\"https:\/\/ibc.ee\/wp-content\/uploads\/2025\/11\/ReNewCube-FDA-IBC-1000-sinine-taastatud-konteiner-mis-vastab-FDA-nouetele.jpg\",\"contentUrl\":\"https:\/\/ibc.ee\/wp-content\/uploads\/2025\/11\/ReNewCube-FDA-IBC-1000-sinine-taastatud-konteiner-mis-vastab-FDA-nouetele.jpg\",\"width\":1000,\"height\":1000,\"caption\":\"ReNewCube FDA IBC 1000 Blue \u2013 1000L Reconditioned Blue IBC Container with FDA Compliance\"},{\"@type\":\"BreadcrumbList\",\"@id\":\"https:\/\/ibc.ee\/fi\/tuote\/renewcube-fda-ibc-1000-blue-1000-l-kunnostettu-sininen-fda-hyvaksytty-ibc-sailio\/#breadcrumb\",\"itemListElement\":[{\"@type\":\"ListItem\",\"position\":1,\"name\":\"\u0413\u043b\u0430\u0432\u043d\u0430\u044f \u0441\u0442\u0440\u0430\u043d\u0438\u0446\u0430\",\"item\":\"https:\/\/www.ibc.ee\/fi\/\"},{\"@type\":\"ListItem\",\"position\":2,\"name\":\"Myym\u00e4l\u00e4\",\"item\":\"https:\/\/www.ibc.ee\/fi\/shop\/\"},{\"@type\":\"ListItem\",\"position\":3,\"name\":\"ReNewCube FDA IBC 1000 Blue \u2013 1000\u202fL kunnostettu sininen FDA-hyv\u00e4ksytty IBC-s\u00e4ili\u00f6\"}]},{\"@type\":\"WebSite\",\"@id\":\"https:\/\/www.ibc.ee\/fi\/#website\",\"url\":\"https:\/\/www.ibc.ee\/fi\/\",\"name\":\"IBC konteineri m&uuml;&uuml;k, vaadid, kraanid, mahutid\",\"description\":\"IBC - Tank container valve, Adapters\\\\fittings, Intermediate bulk, container, Drums\/cans\",\"potentialAction\":[{\"@type\":\"SearchAction\",\"target\":{\"@type\":\"EntryPoint\",\"urlTemplate\":\"https:\/\/www.ibc.ee\/fi\/?s={search_term_string}\"},\"query-input\":{\"@type\":\"PropertyValueSpecification\",\"valueRequired\":true,\"valueName\":\"search_term_string\"}}],\"inLanguage\":\"fi\"}]}<\/script>\n<!-- \/ Yoast SEO plugin. -->","yoast_head_json":{"title":"ReNewCube FDA IBC 1000 Blue \u2013 1000\u202fL kunnostettu sininen FDA-hyv\u00e4ksytty IBC-s\u00e4ili\u00f6 - IBC konteineri m&uuml;&uuml;k, vaadid, kraanid, mahutid","description":"ReNewCube FDA IBC 1000 Blue on ammattimaisesti pesty ja kunnostettu 1000 litran IBC-s\u00e4ili\u00f6 (Intermediate Bulk Container), joka on suunniteltu elintarviketurvallisten nesteiden, juomaveden ja muiden ei-vaarallisten aineiden hygieeniseen uudelleenk\u00e4ytt\u00f6\u00f6n ja varastointiin.","robots":{"index":"index","follow":"follow","max-snippet":"max-snippet:-1","max-image-preview":"max-image-preview:large","max-video-preview":"max-video-preview:-1"},"canonical":"https:\/\/ibc.ee\/fi\/tuote\/renewcube-fda-ibc-1000-blue-1000-l-kunnostettu-sininen-fda-hyvaksytty-ibc-sailio\/","og_locale":"fi_FI","og_type":"article","og_title":"ReNewCube FDA IBC 1000 Blue \u2013 1000\u202fL kunnostettu sininen FDA-hyv\u00e4ksytty IBC-s\u00e4ili\u00f6 - IBC konteineri m&uuml;&uuml;k, vaadid, kraanid, mahutid","og_description":"ReNewCube FDA IBC 1000 Blue on ammattimaisesti pesty ja kunnostettu 1000 litran IBC-s\u00e4ili\u00f6 (Intermediate Bulk Container), joka on suunniteltu elintarviketurvallisten nesteiden, juomaveden ja muiden ei-vaarallisten aineiden hygieeniseen uudelleenk\u00e4ytt\u00f6\u00f6n ja varastointiin.","og_url":"https:\/\/ibc.ee\/fi\/tuote\/renewcube-fda-ibc-1000-blue-1000-l-kunnostettu-sininen-fda-hyvaksytty-ibc-sailio\/","og_site_name":"IBC konteineri m&uuml;&uuml;k, vaadid, kraanid, mahutid","article_modified_time":"2025-11-04T14:47:05+00:00","og_image":[{"width":1000,"height":1000,"url":"https:\/\/ibc.ee\/wp-content\/uploads\/2025\/11\/ReNewCube-FDA-IBC-1000-sinine-taastatud-konteiner-mis-vastab-FDA-nouetele.jpg","type":"image\/jpeg"}],"twitter_card":"summary_large_image","twitter_misc":{"Arvioitu lukuaika":"1 minuutti"},"schema":{"@context":"https:\/\/schema.org","@graph":[{"@type":"WebPage","@id":"https:\/\/ibc.ee\/fi\/tuote\/renewcube-fda-ibc-1000-blue-1000-l-kunnostettu-sininen-fda-hyvaksytty-ibc-sailio\/","url":"https:\/\/ibc.ee\/fi\/tuote\/renewcube-fda-ibc-1000-blue-1000-l-kunnostettu-sininen-fda-hyvaksytty-ibc-sailio\/","name":"ReNewCube FDA IBC 1000 Blue \u2013 1000\u202fL kunnostettu sininen FDA-hyv\u00e4ksytty IBC-s\u00e4ili\u00f6 - IBC konteineri m&uuml;&uuml;k, vaadid, kraanid, mahutid","isPartOf":{"@id":"https:\/\/www.ibc.ee\/fi\/#website"},"primaryImageOfPage":{"@id":"https:\/\/ibc.ee\/fi\/tuote\/renewcube-fda-ibc-1000-blue-1000-l-kunnostettu-sininen-fda-hyvaksytty-ibc-sailio\/#primaryimage"},"image":{"@id":"https:\/\/ibc.ee\/fi\/tuote\/renewcube-fda-ibc-1000-blue-1000-l-kunnostettu-sininen-fda-hyvaksytty-ibc-sailio\/#primaryimage"},"thumbnailUrl":"https:\/\/ibc.ee\/wp-content\/uploads\/2025\/11\/ReNewCube-FDA-IBC-1000-sinine-taastatud-konteiner-mis-vastab-FDA-nouetele.jpg","datePublished":"2025-11-04T14:26:30+00:00","dateModified":"2025-11-04T14:47:05+00:00","description":"ReNewCube FDA IBC 1000 Blue on ammattimaisesti pesty ja kunnostettu 1000 litran IBC-s\u00e4ili\u00f6 (Intermediate Bulk Container), joka on suunniteltu elintarviketurvallisten nesteiden, juomaveden ja muiden ei-vaarallisten aineiden hygieeniseen uudelleenk\u00e4ytt\u00f6\u00f6n ja varastointiin.","breadcrumb":{"@id":"https:\/\/ibc.ee\/fi\/tuote\/renewcube-fda-ibc-1000-blue-1000-l-kunnostettu-sininen-fda-hyvaksytty-ibc-sailio\/#breadcrumb"},"inLanguage":"fi","potentialAction":[{"@type":"ReadAction","target":["https:\/\/ibc.ee\/fi\/tuote\/renewcube-fda-ibc-1000-blue-1000-l-kunnostettu-sininen-fda-hyvaksytty-ibc-sailio\/"]}]},{"@type":"ImageObject","inLanguage":"fi","@id":"https:\/\/ibc.ee\/fi\/tuote\/renewcube-fda-ibc-1000-blue-1000-l-kunnostettu-sininen-fda-hyvaksytty-ibc-sailio\/#primaryimage","url":"https:\/\/ibc.ee\/wp-content\/uploads\/2025\/11\/ReNewCube-FDA-IBC-1000-sinine-taastatud-konteiner-mis-vastab-FDA-nouetele.jpg","contentUrl":"https:\/\/ibc.ee\/wp-content\/uploads\/2025\/11\/ReNewCube-FDA-IBC-1000-sinine-taastatud-konteiner-mis-vastab-FDA-nouetele.jpg","width":1000,"height":1000,"caption":"ReNewCube FDA IBC 1000 Blue \u2013 1000L Reconditioned Blue IBC Container with FDA Compliance"},{"@type":"BreadcrumbList","@id":"https:\/\/ibc.ee\/fi\/tuote\/renewcube-fda-ibc-1000-blue-1000-l-kunnostettu-sininen-fda-hyvaksytty-ibc-sailio\/#breadcrumb","itemListElement":[{"@type":"ListItem","position":1,"name":"\u0413\u043b\u0430\u0432\u043d\u0430\u044f \u0441\u0442\u0440\u0430\u043d\u0438\u0446\u0430","item":"https:\/\/www.ibc.ee\/fi\/"},{"@type":"ListItem","position":2,"name":"Myym\u00e4l\u00e4","item":"https:\/\/www.ibc.ee\/fi\/shop\/"},{"@type":"ListItem","position":3,"name":"ReNewCube FDA IBC 1000 Blue \u2013 1000\u202fL kunnostettu sininen FDA-hyv\u00e4ksytty IBC-s\u00e4ili\u00f6"}]},{"@type":"WebSite","@id":"https:\/\/www.ibc.ee\/fi\/#website","url":"https:\/\/www.ibc.ee\/fi\/","name":"IBC konteineri m&uuml;&uuml;k, vaadid, kraanid, mahutid","description":"IBC - Tank container valve, Adapters\\fittings, Intermediate bulk, container, Drums\/cans","potentialAction":[{"@type":"SearchAction","target":{"@type":"EntryPoint","urlTemplate":"https:\/\/www.ibc.ee\/fi\/?s={search_term_string}"},"query-input":{"@type":"PropertyValueSpecification","valueRequired":true,"valueName":"search_term_string"}}],"inLanguage":"fi"}]}},"_links":{"self":[{"href":"https:\/\/ibc.ee\/fi\/wp-json\/wp\/v2\/product\/24708","targetHints":{"allow":["GET"]}}],"collection":[{"href":"https:\/\/ibc.ee\/fi\/wp-json\/wp\/v2\/product"}],"about":[{"href":"https:\/\/ibc.ee\/fi\/wp-json\/wp\/v2\/types\/product"}],"wp:featuredmedia":[{"embeddable":true,"href":"https:\/\/ibc.ee\/fi\/wp-json\/wp\/v2\/media\/24716"}],"wp:attachment":[{"href":"https:\/\/ibc.ee\/fi\/wp-json\/wp\/v2\/media?parent=24708"}],"wp:term":[{"taxonomy":"product_brand","embeddable":true,"href":"https:\/\/ibc.ee\/fi\/wp-json\/wp\/v2\/product_brand?post=24708"},{"taxonomy":"product_cat","embeddable":true,"href":"https:\/\/ibc.ee\/fi\/wp-json\/wp\/v2\/product_cat?post=24708"},{"taxonomy":"product_tag","embeddable":true,"href":"https:\/\/ibc.ee\/fi\/wp-json\/wp\/v2\/product_tag?post=24708"}],"curies":[{"name":"wp","href":"https:\/\/api.w.org\/{rel}","templated":true}]}}