{"id":24726,"date":"2025-11-05T10:54:44","date_gmt":"2025-11-05T08:54:44","guid":{"rendered":"https:\/\/ibc.ee\/?post_type=product&#038;p=24726"},"modified":"2025-11-05T11:49:56","modified_gmt":"2025-11-05T09:49:56","slug":"renewcube-ibc-1000-blue-1000-l-kunnostettu-ibc-sailio-kaytetylla-rungolla-ja-uudella-sinisella-muovisailiolla","status":"publish","type":"product","link":"https:\/\/ibc.ee\/fi\/tuote\/renewcube-ibc-1000-blue-1000-l-kunnostettu-ibc-sailio-kaytetylla-rungolla-ja-uudella-sinisella-muovisailiolla\/","title":{"rendered":"ReNewCube IBC 1000 Blue \u2013 1000\u202fL kunnostettu IBC-s\u00e4ili\u00f6 k\u00e4ytetyll\u00e4 rungolla ja uudella sinisell\u00e4 muovis\u00e4ili\u00f6ll\u00e4"},"content":{"rendered":"<p><strong>T\u00e4rkeimm\u00e4t ominaisuudet<\/strong><br \/>\n&#8211; Tilavuus: 1000 litraa (275 gallonaa)<br \/>\n&#8211; Rakenne: K\u00e4ytetty ter\u00e4skehikko \u2013 tarkastettu, ehj\u00e4 ja uudelleenk\u00e4ytt\u00f6\u00f6n sopiva. Uusi sis\u00e4s\u00e4ili\u00f6 \u2013 valmistettu neitseellisest\u00e4 HDPE:st\u00e4, sininen ja UV-kest\u00e4v\u00e4<br \/>\n&#8211; V\u00e4ri: Sininen \u2013 v\u00e4hent\u00e4\u00e4 valon l\u00e4p\u00e4isy\u00e4 ja ehk\u00e4isee lev\u00e4n muodostumista<br \/>\n&#8211; Materiaali: Elintarvikelaatuinen HDPE (vain sis\u00e4s\u00e4ili\u00f6; ei FDA-sertifioitu ellei erikseen mainita)<br \/>\n&#8211; Pohja: Kest\u00e4v\u00e4 muovi- tai komposiittialusta, soveltuu uudelleenk\u00e4ytt\u00f6\u00f6n<br \/>\n&#8211; Kansi: \u00d8150 mm kierrekansi, voidaan sinet\u00f6id\u00e4<br \/>\n&#8211; Ulosvirtaventtiili: Vakio S60x6 suojakannella<br \/>\n&#8211; Uudelleenk\u00e4ytett\u00e4v\u00e4: Helppo puhdistaa, kest\u00e4v\u00e4 ja t\u00e4ytett\u00e4viss\u00e4 uudelleen<br \/>\n&#8211; Ymp\u00e4rist\u00f6yst\u00e4v\u00e4llinen: Hy\u00f6dynt\u00e4\u00e4 k\u00e4ytettyj\u00e4 osia, v\u00e4hent\u00e4\u00e4 j\u00e4tett\u00e4 ja kustannuksia <\/p>\n<p><strong>Miksi valita t\u00e4m\u00e4 kunnostettu sininen IBC-s\u00e4ili\u00f6?<\/strong><br \/>\n&#8211; Edullinen vaihtoehto uuteen IBC-s\u00e4ili\u00f6\u00f6n verrattuna<br \/>\n&#8211; Uusi sis\u00e4s\u00e4ili\u00f6 parantaa hygieniaa \u2013 ei aiempaa k\u00e4ytt\u00f6\u00e4 sis\u00e4lt\u00e4<br \/>\n&#8211; Sininen v\u00e4ri ja UV-suoja \u2013 ihanteellinen pitk\u00e4aikaiseen ulkovarastointiin<br \/>\n&#8211; Ehk\u00e4isee lev\u00e4n kasvua \u2013 parempi nesteiden laatu<br \/>\n&#8211; Hyv\u00e4 tasapaino hinnan ja toimivuuden v\u00e4lill\u00e4<br \/>\n&#8211; Edist\u00e4\u00e4 kest\u00e4v\u00e4\u00e4 kehityst\u00e4 uudelleenk\u00e4yt\u00f6n kautta<\/p>\n<p><strong>Suositellut k\u00e4ytt\u00f6kohteet<\/strong><br \/>\n&#8211; Maatalous \u2013 sade- ja kasteluveden varastointi<br \/>\n&#8211; Rakennusty\u00f6t \u2013 teknisen veden s\u00e4ilytys<br \/>\n&#8211; Puutarha ja ulkok\u00e4ytt\u00f6 \u2013 kompostitee, harmaavesi<br \/>\n&#8211; Ei-juomakelpoisten nesteiden s\u00e4ilytys \u2013 puhdistusaineet, mietoja kemikaaleja<br \/>\n&#8211; Sovellukset, joissa ei tarvita elintarvikesertifiointia<\/p>\n<p><strong>T\u00e4rke\u00e4\u00e4 tietoa<\/strong><br \/>\n&#8211; Ei UN- tai FDA-sertifioitu \u2013 ei sovellu vaarallisten aineiden tai elintarvikkeiden k\u00e4ytt\u00f6\u00f6n<br \/>\n&#8211; Sis\u00e4s\u00e4ili\u00f6 on uusi, runko on k\u00e4ytetty ja tarkastettu<br \/>\n&#8211; Sopii erinomaisesti teknisiin ja ulkotiloihin liittyviin k\u00e4ytt\u00f6kohteisiin<br \/>\n&#8211; Todistus uudesta sis\u00e4s\u00e4ili\u00f6st\u00e4 saatavilla pyynn\u00f6st\u00e4<\/p>\n","protected":false},"excerpt":{"rendered":"<p>ReNewCube IBC 1000 Blue on kunnostettu 1000 litran IBC-s\u00e4ili\u00f6 (Intermediate Bulk Container), jossa on k\u00e4ytetty sinkitty ter\u00e4skehikko ja t\u00e4ysin uusi UV-suojattu sininen HDPE-muovis\u00e4ili\u00f6.<br \/>\nT\u00e4m\u00e4 ratkaisu tarjoaa edullisen ja ymp\u00e4rist\u00f6yst\u00e4v\u00e4llisen vaihtoehdon ei-vaarallisten nesteiden varastointiin ja kuljetukseen, erityisesti ulkok\u00e4ytt\u00f6\u00f6n, jossa UV-suoja ja hygienia ovat t\u00e4rkeit\u00e4.<\/p>\n","protected":false},"featured_media":24734,"template":"","meta":[],"product_brand":[],"product_cat":[182],"product_tag":[],"class_list":{"0":"post-24726","1":"product","2":"type-product","3":"status-publish","4":"has-post-thumbnail","6":"product_cat-kontti","7":"product_shipping_class-containers-fi","9":"first","10":"onbackorder","11":"taxable","12":"shipping-taxable","13":"product-type-simple"},"yoast_head":"<!-- This site is optimized with the Yoast SEO plugin v26.9 - https:\/\/yoast.com\/product\/yoast-seo-wordpress\/ -->\n<title>ReNewCube IBC 1000 Blue \u2013 1000\u202fL kunnostettu IBC-s\u00e4ili\u00f6 k\u00e4ytetyll\u00e4 rungolla ja uudella sinisell\u00e4 muovis\u00e4ili\u00f6ll\u00e4 - IBC konteineri m&uuml;&uuml;k, vaadid, kraanid, mahutid<\/title>\n<meta name=\"description\" content=\"ReNewCube IBC 1000 Blue on kunnostettu 1000 litran IBC-s\u00e4ili\u00f6 (Intermediate Bulk Container), jossa on k\u00e4ytetty sinkitty ter\u00e4skehikko ja t\u00e4ysin uusi UV-suojattu sininen HDPE-muovis\u00e4ili\u00f6.\" \/>\n<meta name=\"robots\" content=\"index, follow, max-snippet:-1, max-image-preview:large, max-video-preview:-1\" \/>\n<link rel=\"canonical\" href=\"https:\/\/ibc.ee\/fi\/tuote\/renewcube-ibc-1000-blue-1000-l-kunnostettu-ibc-sailio-kaytetylla-rungolla-ja-uudella-sinisella-muovisailiolla\/\" \/>\n<meta property=\"og:locale\" content=\"fi_FI\" \/>\n<meta property=\"og:type\" content=\"article\" \/>\n<meta property=\"og:title\" content=\"ReNewCube IBC 1000 Blue \u2013 1000\u202fL kunnostettu IBC-s\u00e4ili\u00f6 k\u00e4ytetyll\u00e4 rungolla ja uudella sinisell\u00e4 muovis\u00e4ili\u00f6ll\u00e4 - IBC konteineri m&uuml;&uuml;k, vaadid, kraanid, mahutid\" \/>\n<meta property=\"og:description\" content=\"ReNewCube IBC 1000 Blue on kunnostettu 1000 litran IBC-s\u00e4ili\u00f6 (Intermediate Bulk Container), jossa on k\u00e4ytetty sinkitty ter\u00e4skehikko ja t\u00e4ysin uusi UV-suojattu sininen HDPE-muovis\u00e4ili\u00f6.\" \/>\n<meta property=\"og:url\" content=\"https:\/\/ibc.ee\/fi\/tuote\/renewcube-ibc-1000-blue-1000-l-kunnostettu-ibc-sailio-kaytetylla-rungolla-ja-uudella-sinisella-muovisailiolla\/\" \/>\n<meta property=\"og:site_name\" content=\"IBC konteineri m&uuml;&uuml;k, vaadid, kraanid, mahutid\" \/>\n<meta property=\"article:modified_time\" content=\"2025-11-05T09:49:56+00:00\" \/>\n<meta property=\"og:image\" content=\"https:\/\/ibc.ee\/wp-content\/uploads\/2025\/11\/ReNewCube-IBC-1000-sinine-1000-l-taastatud-IBC-kasutatud-puuri-ja-taiesti-uue-sinise-HDPE-pudeliga.jpg\" \/>\n\t<meta property=\"og:image:width\" content=\"1000\" \/>\n\t<meta property=\"og:image:height\" content=\"1000\" \/>\n\t<meta property=\"og:image:type\" content=\"image\/jpeg\" \/>\n<meta name=\"twitter:card\" content=\"summary_large_image\" \/>\n<meta name=\"twitter:label1\" content=\"Arvioitu lukuaika\" \/>\n\t<meta name=\"twitter:data1\" content=\"1 minuutti\" \/>\n<script type=\"application\/ld+json\" class=\"yoast-schema-graph\">{\"@context\":\"https:\/\/schema.org\",\"@graph\":[{\"@type\":\"WebPage\",\"@id\":\"https:\/\/ibc.ee\/fi\/tuote\/renewcube-ibc-1000-blue-1000-l-kunnostettu-ibc-sailio-kaytetylla-rungolla-ja-uudella-sinisella-muovisailiolla\/\",\"url\":\"https:\/\/ibc.ee\/fi\/tuote\/renewcube-ibc-1000-blue-1000-l-kunnostettu-ibc-sailio-kaytetylla-rungolla-ja-uudella-sinisella-muovisailiolla\/\",\"name\":\"ReNewCube IBC 1000 Blue \u2013 1000\u202fL kunnostettu IBC-s\u00e4ili\u00f6 k\u00e4ytetyll\u00e4 rungolla ja uudella sinisell\u00e4 muovis\u00e4ili\u00f6ll\u00e4 - IBC konteineri m&uuml;&uuml;k, vaadid, kraanid, mahutid\",\"isPartOf\":{\"@id\":\"https:\/\/www.ibc.ee\/fi\/#website\"},\"primaryImageOfPage\":{\"@id\":\"https:\/\/ibc.ee\/fi\/tuote\/renewcube-ibc-1000-blue-1000-l-kunnostettu-ibc-sailio-kaytetylla-rungolla-ja-uudella-sinisella-muovisailiolla\/#primaryimage\"},\"image\":{\"@id\":\"https:\/\/ibc.ee\/fi\/tuote\/renewcube-ibc-1000-blue-1000-l-kunnostettu-ibc-sailio-kaytetylla-rungolla-ja-uudella-sinisella-muovisailiolla\/#primaryimage\"},\"thumbnailUrl\":\"https:\/\/ibc.ee\/wp-content\/uploads\/2025\/11\/ReNewCube-IBC-1000-sinine-1000-l-taastatud-IBC-kasutatud-puuri-ja-taiesti-uue-sinise-HDPE-pudeliga.jpg\",\"datePublished\":\"2025-11-05T08:54:44+00:00\",\"dateModified\":\"2025-11-05T09:49:56+00:00\",\"description\":\"ReNewCube IBC 1000 Blue on kunnostettu 1000 litran IBC-s\u00e4ili\u00f6 (Intermediate Bulk Container), jossa on k\u00e4ytetty sinkitty ter\u00e4skehikko ja t\u00e4ysin uusi UV-suojattu sininen HDPE-muovis\u00e4ili\u00f6.\",\"breadcrumb\":{\"@id\":\"https:\/\/ibc.ee\/fi\/tuote\/renewcube-ibc-1000-blue-1000-l-kunnostettu-ibc-sailio-kaytetylla-rungolla-ja-uudella-sinisella-muovisailiolla\/#breadcrumb\"},\"inLanguage\":\"fi\",\"potentialAction\":[{\"@type\":\"ReadAction\",\"target\":[\"https:\/\/ibc.ee\/fi\/tuote\/renewcube-ibc-1000-blue-1000-l-kunnostettu-ibc-sailio-kaytetylla-rungolla-ja-uudella-sinisella-muovisailiolla\/\"]}]},{\"@type\":\"ImageObject\",\"inLanguage\":\"fi\",\"@id\":\"https:\/\/ibc.ee\/fi\/tuote\/renewcube-ibc-1000-blue-1000-l-kunnostettu-ibc-sailio-kaytetylla-rungolla-ja-uudella-sinisella-muovisailiolla\/#primaryimage\",\"url\":\"https:\/\/ibc.ee\/wp-content\/uploads\/2025\/11\/ReNewCube-IBC-1000-sinine-1000-l-taastatud-IBC-kasutatud-puuri-ja-taiesti-uue-sinise-HDPE-pudeliga.jpg\",\"contentUrl\":\"https:\/\/ibc.ee\/wp-content\/uploads\/2025\/11\/ReNewCube-IBC-1000-sinine-1000-l-taastatud-IBC-kasutatud-puuri-ja-taiesti-uue-sinise-HDPE-pudeliga.jpg\",\"width\":1000,\"height\":1000,\"caption\":\"ReNewCube IBC 1000 Blue \u2013 1000L Rebuilt IBC with Used Cage and Brand-New Blue HDPE Bottle\"},{\"@type\":\"BreadcrumbList\",\"@id\":\"https:\/\/ibc.ee\/fi\/tuote\/renewcube-ibc-1000-blue-1000-l-kunnostettu-ibc-sailio-kaytetylla-rungolla-ja-uudella-sinisella-muovisailiolla\/#breadcrumb\",\"itemListElement\":[{\"@type\":\"ListItem\",\"position\":1,\"name\":\"\u0413\u043b\u0430\u0432\u043d\u0430\u044f \u0441\u0442\u0440\u0430\u043d\u0438\u0446\u0430\",\"item\":\"https:\/\/www.ibc.ee\/fi\/\"},{\"@type\":\"ListItem\",\"position\":2,\"name\":\"Myym\u00e4l\u00e4\",\"item\":\"https:\/\/www.ibc.ee\/fi\/shop\/\"},{\"@type\":\"ListItem\",\"position\":3,\"name\":\"ReNewCube IBC 1000 Blue \u2013 1000\u202fL kunnostettu IBC-s\u00e4ili\u00f6 k\u00e4ytetyll\u00e4 rungolla ja uudella sinisell\u00e4 muovis\u00e4ili\u00f6ll\u00e4\"}]},{\"@type\":\"WebSite\",\"@id\":\"https:\/\/www.ibc.ee\/fi\/#website\",\"url\":\"https:\/\/www.ibc.ee\/fi\/\",\"name\":\"IBC konteineri m&uuml;&uuml;k, vaadid, kraanid, mahutid\",\"description\":\"IBC - Tank container valve, Adapters\\\\fittings, Intermediate bulk, container, Drums\/cans\",\"potentialAction\":[{\"@type\":\"SearchAction\",\"target\":{\"@type\":\"EntryPoint\",\"urlTemplate\":\"https:\/\/www.ibc.ee\/fi\/?s={search_term_string}\"},\"query-input\":{\"@type\":\"PropertyValueSpecification\",\"valueRequired\":true,\"valueName\":\"search_term_string\"}}],\"inLanguage\":\"fi\"}]}<\/script>\n<!-- \/ Yoast SEO plugin. -->","yoast_head_json":{"title":"ReNewCube IBC 1000 Blue \u2013 1000\u202fL kunnostettu IBC-s\u00e4ili\u00f6 k\u00e4ytetyll\u00e4 rungolla ja uudella sinisell\u00e4 muovis\u00e4ili\u00f6ll\u00e4 - IBC konteineri m&uuml;&uuml;k, vaadid, kraanid, mahutid","description":"ReNewCube IBC 1000 Blue on kunnostettu 1000 litran IBC-s\u00e4ili\u00f6 (Intermediate Bulk Container), jossa on k\u00e4ytetty sinkitty ter\u00e4skehikko ja t\u00e4ysin uusi UV-suojattu sininen HDPE-muovis\u00e4ili\u00f6.","robots":{"index":"index","follow":"follow","max-snippet":"max-snippet:-1","max-image-preview":"max-image-preview:large","max-video-preview":"max-video-preview:-1"},"canonical":"https:\/\/ibc.ee\/fi\/tuote\/renewcube-ibc-1000-blue-1000-l-kunnostettu-ibc-sailio-kaytetylla-rungolla-ja-uudella-sinisella-muovisailiolla\/","og_locale":"fi_FI","og_type":"article","og_title":"ReNewCube IBC 1000 Blue \u2013 1000\u202fL kunnostettu IBC-s\u00e4ili\u00f6 k\u00e4ytetyll\u00e4 rungolla ja uudella sinisell\u00e4 muovis\u00e4ili\u00f6ll\u00e4 - IBC konteineri m&uuml;&uuml;k, vaadid, kraanid, mahutid","og_description":"ReNewCube IBC 1000 Blue on kunnostettu 1000 litran IBC-s\u00e4ili\u00f6 (Intermediate Bulk Container), jossa on k\u00e4ytetty sinkitty ter\u00e4skehikko ja t\u00e4ysin uusi UV-suojattu sininen HDPE-muovis\u00e4ili\u00f6.","og_url":"https:\/\/ibc.ee\/fi\/tuote\/renewcube-ibc-1000-blue-1000-l-kunnostettu-ibc-sailio-kaytetylla-rungolla-ja-uudella-sinisella-muovisailiolla\/","og_site_name":"IBC konteineri m&uuml;&uuml;k, vaadid, kraanid, mahutid","article_modified_time":"2025-11-05T09:49:56+00:00","og_image":[{"width":1000,"height":1000,"url":"https:\/\/ibc.ee\/wp-content\/uploads\/2025\/11\/ReNewCube-IBC-1000-sinine-1000-l-taastatud-IBC-kasutatud-puuri-ja-taiesti-uue-sinise-HDPE-pudeliga.jpg","type":"image\/jpeg"}],"twitter_card":"summary_large_image","twitter_misc":{"Arvioitu lukuaika":"1 minuutti"},"schema":{"@context":"https:\/\/schema.org","@graph":[{"@type":"WebPage","@id":"https:\/\/ibc.ee\/fi\/tuote\/renewcube-ibc-1000-blue-1000-l-kunnostettu-ibc-sailio-kaytetylla-rungolla-ja-uudella-sinisella-muovisailiolla\/","url":"https:\/\/ibc.ee\/fi\/tuote\/renewcube-ibc-1000-blue-1000-l-kunnostettu-ibc-sailio-kaytetylla-rungolla-ja-uudella-sinisella-muovisailiolla\/","name":"ReNewCube IBC 1000 Blue \u2013 1000\u202fL kunnostettu IBC-s\u00e4ili\u00f6 k\u00e4ytetyll\u00e4 rungolla ja uudella sinisell\u00e4 muovis\u00e4ili\u00f6ll\u00e4 - IBC konteineri m&uuml;&uuml;k, vaadid, kraanid, mahutid","isPartOf":{"@id":"https:\/\/www.ibc.ee\/fi\/#website"},"primaryImageOfPage":{"@id":"https:\/\/ibc.ee\/fi\/tuote\/renewcube-ibc-1000-blue-1000-l-kunnostettu-ibc-sailio-kaytetylla-rungolla-ja-uudella-sinisella-muovisailiolla\/#primaryimage"},"image":{"@id":"https:\/\/ibc.ee\/fi\/tuote\/renewcube-ibc-1000-blue-1000-l-kunnostettu-ibc-sailio-kaytetylla-rungolla-ja-uudella-sinisella-muovisailiolla\/#primaryimage"},"thumbnailUrl":"https:\/\/ibc.ee\/wp-content\/uploads\/2025\/11\/ReNewCube-IBC-1000-sinine-1000-l-taastatud-IBC-kasutatud-puuri-ja-taiesti-uue-sinise-HDPE-pudeliga.jpg","datePublished":"2025-11-05T08:54:44+00:00","dateModified":"2025-11-05T09:49:56+00:00","description":"ReNewCube IBC 1000 Blue on kunnostettu 1000 litran IBC-s\u00e4ili\u00f6 (Intermediate Bulk Container), jossa on k\u00e4ytetty sinkitty ter\u00e4skehikko ja t\u00e4ysin uusi UV-suojattu sininen HDPE-muovis\u00e4ili\u00f6.","breadcrumb":{"@id":"https:\/\/ibc.ee\/fi\/tuote\/renewcube-ibc-1000-blue-1000-l-kunnostettu-ibc-sailio-kaytetylla-rungolla-ja-uudella-sinisella-muovisailiolla\/#breadcrumb"},"inLanguage":"fi","potentialAction":[{"@type":"ReadAction","target":["https:\/\/ibc.ee\/fi\/tuote\/renewcube-ibc-1000-blue-1000-l-kunnostettu-ibc-sailio-kaytetylla-rungolla-ja-uudella-sinisella-muovisailiolla\/"]}]},{"@type":"ImageObject","inLanguage":"fi","@id":"https:\/\/ibc.ee\/fi\/tuote\/renewcube-ibc-1000-blue-1000-l-kunnostettu-ibc-sailio-kaytetylla-rungolla-ja-uudella-sinisella-muovisailiolla\/#primaryimage","url":"https:\/\/ibc.ee\/wp-content\/uploads\/2025\/11\/ReNewCube-IBC-1000-sinine-1000-l-taastatud-IBC-kasutatud-puuri-ja-taiesti-uue-sinise-HDPE-pudeliga.jpg","contentUrl":"https:\/\/ibc.ee\/wp-content\/uploads\/2025\/11\/ReNewCube-IBC-1000-sinine-1000-l-taastatud-IBC-kasutatud-puuri-ja-taiesti-uue-sinise-HDPE-pudeliga.jpg","width":1000,"height":1000,"caption":"ReNewCube IBC 1000 Blue \u2013 1000L Rebuilt IBC with Used Cage and Brand-New Blue HDPE Bottle"},{"@type":"BreadcrumbList","@id":"https:\/\/ibc.ee\/fi\/tuote\/renewcube-ibc-1000-blue-1000-l-kunnostettu-ibc-sailio-kaytetylla-rungolla-ja-uudella-sinisella-muovisailiolla\/#breadcrumb","itemListElement":[{"@type":"ListItem","position":1,"name":"\u0413\u043b\u0430\u0432\u043d\u0430\u044f \u0441\u0442\u0440\u0430\u043d\u0438\u0446\u0430","item":"https:\/\/www.ibc.ee\/fi\/"},{"@type":"ListItem","position":2,"name":"Myym\u00e4l\u00e4","item":"https:\/\/www.ibc.ee\/fi\/shop\/"},{"@type":"ListItem","position":3,"name":"ReNewCube IBC 1000 Blue \u2013 1000\u202fL kunnostettu IBC-s\u00e4ili\u00f6 k\u00e4ytetyll\u00e4 rungolla ja uudella sinisell\u00e4 muovis\u00e4ili\u00f6ll\u00e4"}]},{"@type":"WebSite","@id":"https:\/\/www.ibc.ee\/fi\/#website","url":"https:\/\/www.ibc.ee\/fi\/","name":"IBC konteineri m&uuml;&uuml;k, vaadid, kraanid, mahutid","description":"IBC - Tank container valve, Adapters\\fittings, Intermediate bulk, container, Drums\/cans","potentialAction":[{"@type":"SearchAction","target":{"@type":"EntryPoint","urlTemplate":"https:\/\/www.ibc.ee\/fi\/?s={search_term_string}"},"query-input":{"@type":"PropertyValueSpecification","valueRequired":true,"valueName":"search_term_string"}}],"inLanguage":"fi"}]}},"_links":{"self":[{"href":"https:\/\/ibc.ee\/fi\/wp-json\/wp\/v2\/product\/24726","targetHints":{"allow":["GET"]}}],"collection":[{"href":"https:\/\/ibc.ee\/fi\/wp-json\/wp\/v2\/product"}],"about":[{"href":"https:\/\/ibc.ee\/fi\/wp-json\/wp\/v2\/types\/product"}],"wp:featuredmedia":[{"embeddable":true,"href":"https:\/\/ibc.ee\/fi\/wp-json\/wp\/v2\/media\/24734"}],"wp:attachment":[{"href":"https:\/\/ibc.ee\/fi\/wp-json\/wp\/v2\/media?parent=24726"}],"wp:term":[{"taxonomy":"product_brand","embeddable":true,"href":"https:\/\/ibc.ee\/fi\/wp-json\/wp\/v2\/product_brand?post=24726"},{"taxonomy":"product_cat","embeddable":true,"href":"https:\/\/ibc.ee\/fi\/wp-json\/wp\/v2\/product_cat?post=24726"},{"taxonomy":"product_tag","embeddable":true,"href":"https:\/\/ibc.ee\/fi\/wp-json\/wp\/v2\/product_tag?post=24726"}],"curies":[{"name":"wp","href":"https:\/\/api.w.org\/{rel}","templated":true}]}}