{"id":24762,"date":"2025-11-05T15:15:05","date_gmt":"2025-11-05T13:15:05","guid":{"rendered":"https:\/\/ibc.ee\/?post_type=product&#038;p=24762"},"modified":"2025-11-05T15:49:00","modified_gmt":"2025-11-05T13:49:00","slug":"renewcube-un-ibc-1000-1000-l-kunnostettu-ibc-sailio-kaytetylla-terasrungolla-ja-uudella-un-sertifioidulla-sisasailiolla","status":"publish","type":"product","link":"https:\/\/ibc.ee\/fi\/tuote\/renewcube-un-ibc-1000-1000-l-kunnostettu-ibc-sailio-kaytetylla-terasrungolla-ja-uudella-un-sertifioidulla-sisasailiolla\/","title":{"rendered":"ReNewCube UN IBC 1000 \u2013 1000\u202fL kunnostettu IBC-s\u00e4ili\u00f6 k\u00e4ytetyll\u00e4 ter\u00e4srungolla ja uudella UN-sertifioidulla sis\u00e4s\u00e4ili\u00f6ll\u00e4"},"content":{"rendered":"<p>Keskeiset ominaisuudet<br \/>\n&#8211; Tilavuus: 1000 litraa (275 gallonaa)<br \/>\n&#8211; Sis\u00e4s\u00e4ili\u00f6: Valmistettu neitseellisest\u00e4 HDPE:st\u00e4. UN-sertifioitu vaarallisten nesteiden kuljetukseen. T\u00e4ysin uusi ja k\u00e4ytt\u00e4m\u00e4t\u00f6n<br \/>\n&#8211; Runko: K\u00e4ytetty, tarkastettu sinkitty ter\u00e4skehikko. Kest\u00e4v\u00e4 ja turvallinen<br \/>\n&#8211; Pohja: Muovi- tai komposiittilava, trukkikelpoinen<br \/>\n&#8211; Kansi: \u00d8150 mm kierrekansi, sinet\u00f6intimahdollisuudella<br \/>\n&#8211; Poistoventtiili: Standardi S60x6, suojakannella<br \/>\n&#8211; Helppo puhdistaa ja uudelleenk\u00e4ytt\u00e4\u00e4<br \/>&#8211; Ymp\u00e4rist\u00f6yst\u00e4v\u00e4llinen valinta \u2013 rungon uudelleenk\u00e4ytt\u00f6 s\u00e4\u00e4st\u00e4\u00e4 resursseja ja kustannuksia   <\/p>\n<p><strong>Miksi valita ReNewCube UN IBC 1000?<\/strong><br \/>\n&#8211; T\u00e4ytt\u00e4\u00e4 UN-vaatimukset vaarallisten aineiden kuljetukselle<br \/>\n&#8211; Uusi sis\u00e4s\u00e4ili\u00f6 takaa hygieniavaatimusten t\u00e4yttymisen<br \/>\n&#8211; K\u00e4ytetty runko alentaa kokonaiskustannuksia<br \/>\n&#8211; Luotettava ja turvallinen valinta teollisuuden, logistiikan ja j\u00e4tehuollon tarpeisiin<br \/>\n&#8211; Kest\u00e4v\u00e4 ratkaisu, joka v\u00e4hent\u00e4\u00e4 j\u00e4tett\u00e4<\/p>\n<p><strong>Sovelluskohteet<\/strong><br \/>\n&#8211; S\u00e4\u00e4nneltyjen kemikaalien ja vaarallisten nesteiden kuljetus ja varastointi<br \/>\n&#8211; Teollisuuden ja logistiikan tarpeet, joissa vaaditaan UN-merkint\u00e4<br \/>\n&#8211; Kaivosteollisuus, \u00f6ljy- ja kaasuala, rakennusty\u00f6maat<br \/>\n&#8211; Vaarallisten j\u00e4tteiden ker\u00e4ys ja s\u00e4ilytys<br \/>\n&#8211; Prosessivedet ja muut s\u00e4\u00e4nnellyt nesteet<\/p>\n<p><strong>T\u00e4rke\u00e4\u00e4 tietoa<\/strong><br \/>\n&#8211; Ainoastaan sis\u00e4s\u00e4ili\u00f6 on uusi, runko on k\u00e4ytetty ja tarkistettu<br \/>\n&#8211; UN-merkint\u00e4 on n\u00e4kyv\u00e4sti merkitty s\u00e4ili\u00f6\u00f6n<br \/>\n&#8211; Ei sovellu elintarvikkeille tai l\u00e4\u00e4kkeille, ellei erikseen ole sertifioitu<br \/>\n&#8211; Sertifikaatti saatavilla pyynn\u00f6st\u00e4<\/p>\n","protected":false},"excerpt":{"rendered":"<p>ReNewCube UN IBC 1000 on kunnostettu 1000 litran IBC-s\u00e4ili\u00f6 (Intermediate Bulk Container), joka yhdist\u00e4\u00e4 k\u00e4ytetyn ja tarkistetun sinkityn ter\u00e4srungon sek\u00e4 t\u00e4ysin uuden UN-sertifioidun HDPE-sis\u00e4s\u00e4ili\u00f6n.<br \/>\nSe on kustannustehokas ja s\u00e4\u00e4d\u00f6sten mukainen ratkaisu vaarallisten tai s\u00e4\u00e4nneltyjen nesteiden kuljetukseen ja varastointiin, kun vaaditaan UN-hyv\u00e4ksynt\u00e4\u00e4.<\/p>\n","protected":false},"featured_media":24770,"template":"","meta":[],"product_brand":[],"product_cat":[182],"product_tag":[],"class_list":{"0":"post-24762","1":"product","2":"type-product","3":"status-publish","4":"has-post-thumbnail","6":"product_cat-kontti","7":"product_shipping_class-containers-fi","9":"first","10":"onbackorder","11":"taxable","12":"shipping-taxable","13":"purchasable","14":"product-type-simple"},"yoast_head":"<!-- This site is optimized with the Yoast SEO plugin v26.9 - https:\/\/yoast.com\/product\/yoast-seo-wordpress\/ -->\n<title>ReNewCube UN IBC 1000 \u2013 1000\u202fL kunnostettu IBC-s\u00e4ili\u00f6 k\u00e4ytetyll\u00e4 ter\u00e4srungolla ja uudella UN-sertifioidulla sis\u00e4s\u00e4ili\u00f6ll\u00e4 - IBC konteineri m&uuml;&uuml;k, vaadid, kraanid, mahutid<\/title>\n<meta name=\"description\" content=\"ReNewCube UN IBC 1000 on kunnostettu 1000 litran IBC-s\u00e4ili\u00f6 (Intermediate Bulk Container), joka yhdist\u00e4\u00e4 k\u00e4ytetyn ja tarkistetun sinkityn ter\u00e4srungon sek\u00e4 t\u00e4ysin uuden UN-sertifioidun HDPE-sis\u00e4s\u00e4ili\u00f6n.\" \/>\n<meta name=\"robots\" content=\"index, follow, max-snippet:-1, max-image-preview:large, max-video-preview:-1\" \/>\n<link rel=\"canonical\" href=\"https:\/\/ibc.ee\/fi\/tuote\/renewcube-un-ibc-1000-1000-l-kunnostettu-ibc-sailio-kaytetylla-terasrungolla-ja-uudella-un-sertifioidulla-sisasailiolla\/\" \/>\n<meta property=\"og:locale\" content=\"fi_FI\" \/>\n<meta property=\"og:type\" content=\"article\" \/>\n<meta property=\"og:title\" content=\"ReNewCube UN IBC 1000 \u2013 1000\u202fL kunnostettu IBC-s\u00e4ili\u00f6 k\u00e4ytetyll\u00e4 ter\u00e4srungolla ja uudella UN-sertifioidulla sis\u00e4s\u00e4ili\u00f6ll\u00e4 - IBC konteineri m&uuml;&uuml;k, vaadid, kraanid, mahutid\" \/>\n<meta property=\"og:description\" content=\"ReNewCube UN IBC 1000 on kunnostettu 1000 litran IBC-s\u00e4ili\u00f6 (Intermediate Bulk Container), joka yhdist\u00e4\u00e4 k\u00e4ytetyn ja tarkistetun sinkityn ter\u00e4srungon sek\u00e4 t\u00e4ysin uuden UN-sertifioidun HDPE-sis\u00e4s\u00e4ili\u00f6n.\" \/>\n<meta property=\"og:url\" content=\"https:\/\/ibc.ee\/fi\/tuote\/renewcube-un-ibc-1000-1000-l-kunnostettu-ibc-sailio-kaytetylla-terasrungolla-ja-uudella-un-sertifioidulla-sisasailiolla\/\" \/>\n<meta property=\"og:site_name\" content=\"IBC konteineri m&uuml;&uuml;k, vaadid, kraanid, mahutid\" \/>\n<meta property=\"article:modified_time\" content=\"2025-11-05T13:49:00+00:00\" \/>\n<meta property=\"og:image\" content=\"https:\/\/ibc.ee\/wp-content\/uploads\/2025\/11\/ReNewCube-UN-IBC-1000L-taastatud-IBC-kasutatud-teraspuuri-ja-uue-UN-sertifikaadiga-sisepudeliga.jpg\" \/>\n\t<meta property=\"og:image:width\" content=\"1000\" \/>\n\t<meta property=\"og:image:height\" content=\"1000\" \/>\n\t<meta property=\"og:image:type\" content=\"image\/jpeg\" \/>\n<meta name=\"twitter:card\" content=\"summary_large_image\" \/>\n<meta name=\"twitter:label1\" content=\"Arvioitu lukuaika\" \/>\n\t<meta name=\"twitter:data1\" content=\"1 minuutti\" \/>\n<script type=\"application\/ld+json\" class=\"yoast-schema-graph\">{\"@context\":\"https:\/\/schema.org\",\"@graph\":[{\"@type\":\"WebPage\",\"@id\":\"https:\/\/ibc.ee\/fi\/tuote\/renewcube-un-ibc-1000-1000-l-kunnostettu-ibc-sailio-kaytetylla-terasrungolla-ja-uudella-un-sertifioidulla-sisasailiolla\/\",\"url\":\"https:\/\/ibc.ee\/fi\/tuote\/renewcube-un-ibc-1000-1000-l-kunnostettu-ibc-sailio-kaytetylla-terasrungolla-ja-uudella-un-sertifioidulla-sisasailiolla\/\",\"name\":\"ReNewCube UN IBC 1000 \u2013 1000\u202fL kunnostettu IBC-s\u00e4ili\u00f6 k\u00e4ytetyll\u00e4 ter\u00e4srungolla ja uudella UN-sertifioidulla sis\u00e4s\u00e4ili\u00f6ll\u00e4 - IBC konteineri m&uuml;&uuml;k, vaadid, kraanid, mahutid\",\"isPartOf\":{\"@id\":\"https:\/\/www.ibc.ee\/fi\/#website\"},\"primaryImageOfPage\":{\"@id\":\"https:\/\/ibc.ee\/fi\/tuote\/renewcube-un-ibc-1000-1000-l-kunnostettu-ibc-sailio-kaytetylla-terasrungolla-ja-uudella-un-sertifioidulla-sisasailiolla\/#primaryimage\"},\"image\":{\"@id\":\"https:\/\/ibc.ee\/fi\/tuote\/renewcube-un-ibc-1000-1000-l-kunnostettu-ibc-sailio-kaytetylla-terasrungolla-ja-uudella-un-sertifioidulla-sisasailiolla\/#primaryimage\"},\"thumbnailUrl\":\"https:\/\/ibc.ee\/wp-content\/uploads\/2025\/11\/ReNewCube-UN-IBC-1000L-taastatud-IBC-kasutatud-teraspuuri-ja-uue-UN-sertifikaadiga-sisepudeliga.jpg\",\"datePublished\":\"2025-11-05T13:15:05+00:00\",\"dateModified\":\"2025-11-05T13:49:00+00:00\",\"description\":\"ReNewCube UN IBC 1000 on kunnostettu 1000 litran IBC-s\u00e4ili\u00f6 (Intermediate Bulk Container), joka yhdist\u00e4\u00e4 k\u00e4ytetyn ja tarkistetun sinkityn ter\u00e4srungon sek\u00e4 t\u00e4ysin uuden UN-sertifioidun HDPE-sis\u00e4s\u00e4ili\u00f6n.\",\"breadcrumb\":{\"@id\":\"https:\/\/ibc.ee\/fi\/tuote\/renewcube-un-ibc-1000-1000-l-kunnostettu-ibc-sailio-kaytetylla-terasrungolla-ja-uudella-un-sertifioidulla-sisasailiolla\/#breadcrumb\"},\"inLanguage\":\"fi\",\"potentialAction\":[{\"@type\":\"ReadAction\",\"target\":[\"https:\/\/ibc.ee\/fi\/tuote\/renewcube-un-ibc-1000-1000-l-kunnostettu-ibc-sailio-kaytetylla-terasrungolla-ja-uudella-un-sertifioidulla-sisasailiolla\/\"]}]},{\"@type\":\"ImageObject\",\"inLanguage\":\"fi\",\"@id\":\"https:\/\/ibc.ee\/fi\/tuote\/renewcube-un-ibc-1000-1000-l-kunnostettu-ibc-sailio-kaytetylla-terasrungolla-ja-uudella-un-sertifioidulla-sisasailiolla\/#primaryimage\",\"url\":\"https:\/\/ibc.ee\/wp-content\/uploads\/2025\/11\/ReNewCube-UN-IBC-1000L-taastatud-IBC-kasutatud-teraspuuri-ja-uue-UN-sertifikaadiga-sisepudeliga.jpg\",\"contentUrl\":\"https:\/\/ibc.ee\/wp-content\/uploads\/2025\/11\/ReNewCube-UN-IBC-1000L-taastatud-IBC-kasutatud-teraspuuri-ja-uue-UN-sertifikaadiga-sisepudeliga.jpg\",\"width\":1000,\"height\":1000,\"caption\":\"ReNewCube UN IBC 1000 \u2013 1000L Rebuilt IBC with Used Steel Cage and New UN-Certified Inner Bottle\"},{\"@type\":\"BreadcrumbList\",\"@id\":\"https:\/\/ibc.ee\/fi\/tuote\/renewcube-un-ibc-1000-1000-l-kunnostettu-ibc-sailio-kaytetylla-terasrungolla-ja-uudella-un-sertifioidulla-sisasailiolla\/#breadcrumb\",\"itemListElement\":[{\"@type\":\"ListItem\",\"position\":1,\"name\":\"\u0413\u043b\u0430\u0432\u043d\u0430\u044f \u0441\u0442\u0440\u0430\u043d\u0438\u0446\u0430\",\"item\":\"https:\/\/www.ibc.ee\/fi\/\"},{\"@type\":\"ListItem\",\"position\":2,\"name\":\"Myym\u00e4l\u00e4\",\"item\":\"https:\/\/www.ibc.ee\/fi\/shop\/\"},{\"@type\":\"ListItem\",\"position\":3,\"name\":\"ReNewCube UN IBC 1000 \u2013 1000\u202fL kunnostettu IBC-s\u00e4ili\u00f6 k\u00e4ytetyll\u00e4 ter\u00e4srungolla ja uudella UN-sertifioidulla sis\u00e4s\u00e4ili\u00f6ll\u00e4\"}]},{\"@type\":\"WebSite\",\"@id\":\"https:\/\/www.ibc.ee\/fi\/#website\",\"url\":\"https:\/\/www.ibc.ee\/fi\/\",\"name\":\"IBC konteineri m&uuml;&uuml;k, vaadid, kraanid, mahutid\",\"description\":\"IBC - Tank container valve, Adapters\\\\fittings, Intermediate bulk, container, Drums\/cans\",\"potentialAction\":[{\"@type\":\"SearchAction\",\"target\":{\"@type\":\"EntryPoint\",\"urlTemplate\":\"https:\/\/www.ibc.ee\/fi\/?s={search_term_string}\"},\"query-input\":{\"@type\":\"PropertyValueSpecification\",\"valueRequired\":true,\"valueName\":\"search_term_string\"}}],\"inLanguage\":\"fi\"}]}<\/script>\n<!-- \/ Yoast SEO plugin. -->","yoast_head_json":{"title":"ReNewCube UN IBC 1000 \u2013 1000\u202fL kunnostettu IBC-s\u00e4ili\u00f6 k\u00e4ytetyll\u00e4 ter\u00e4srungolla ja uudella UN-sertifioidulla sis\u00e4s\u00e4ili\u00f6ll\u00e4 - IBC konteineri m&uuml;&uuml;k, vaadid, kraanid, mahutid","description":"ReNewCube UN IBC 1000 on kunnostettu 1000 litran IBC-s\u00e4ili\u00f6 (Intermediate Bulk Container), joka yhdist\u00e4\u00e4 k\u00e4ytetyn ja tarkistetun sinkityn ter\u00e4srungon sek\u00e4 t\u00e4ysin uuden UN-sertifioidun HDPE-sis\u00e4s\u00e4ili\u00f6n.","robots":{"index":"index","follow":"follow","max-snippet":"max-snippet:-1","max-image-preview":"max-image-preview:large","max-video-preview":"max-video-preview:-1"},"canonical":"https:\/\/ibc.ee\/fi\/tuote\/renewcube-un-ibc-1000-1000-l-kunnostettu-ibc-sailio-kaytetylla-terasrungolla-ja-uudella-un-sertifioidulla-sisasailiolla\/","og_locale":"fi_FI","og_type":"article","og_title":"ReNewCube UN IBC 1000 \u2013 1000\u202fL kunnostettu IBC-s\u00e4ili\u00f6 k\u00e4ytetyll\u00e4 ter\u00e4srungolla ja uudella UN-sertifioidulla sis\u00e4s\u00e4ili\u00f6ll\u00e4 - IBC konteineri m&uuml;&uuml;k, vaadid, kraanid, mahutid","og_description":"ReNewCube UN IBC 1000 on kunnostettu 1000 litran IBC-s\u00e4ili\u00f6 (Intermediate Bulk Container), joka yhdist\u00e4\u00e4 k\u00e4ytetyn ja tarkistetun sinkityn ter\u00e4srungon sek\u00e4 t\u00e4ysin uuden UN-sertifioidun HDPE-sis\u00e4s\u00e4ili\u00f6n.","og_url":"https:\/\/ibc.ee\/fi\/tuote\/renewcube-un-ibc-1000-1000-l-kunnostettu-ibc-sailio-kaytetylla-terasrungolla-ja-uudella-un-sertifioidulla-sisasailiolla\/","og_site_name":"IBC konteineri m&uuml;&uuml;k, vaadid, kraanid, mahutid","article_modified_time":"2025-11-05T13:49:00+00:00","og_image":[{"width":1000,"height":1000,"url":"https:\/\/ibc.ee\/wp-content\/uploads\/2025\/11\/ReNewCube-UN-IBC-1000L-taastatud-IBC-kasutatud-teraspuuri-ja-uue-UN-sertifikaadiga-sisepudeliga.jpg","type":"image\/jpeg"}],"twitter_card":"summary_large_image","twitter_misc":{"Arvioitu lukuaika":"1 minuutti"},"schema":{"@context":"https:\/\/schema.org","@graph":[{"@type":"WebPage","@id":"https:\/\/ibc.ee\/fi\/tuote\/renewcube-un-ibc-1000-1000-l-kunnostettu-ibc-sailio-kaytetylla-terasrungolla-ja-uudella-un-sertifioidulla-sisasailiolla\/","url":"https:\/\/ibc.ee\/fi\/tuote\/renewcube-un-ibc-1000-1000-l-kunnostettu-ibc-sailio-kaytetylla-terasrungolla-ja-uudella-un-sertifioidulla-sisasailiolla\/","name":"ReNewCube UN IBC 1000 \u2013 1000\u202fL kunnostettu IBC-s\u00e4ili\u00f6 k\u00e4ytetyll\u00e4 ter\u00e4srungolla ja uudella UN-sertifioidulla sis\u00e4s\u00e4ili\u00f6ll\u00e4 - IBC konteineri m&uuml;&uuml;k, vaadid, kraanid, mahutid","isPartOf":{"@id":"https:\/\/www.ibc.ee\/fi\/#website"},"primaryImageOfPage":{"@id":"https:\/\/ibc.ee\/fi\/tuote\/renewcube-un-ibc-1000-1000-l-kunnostettu-ibc-sailio-kaytetylla-terasrungolla-ja-uudella-un-sertifioidulla-sisasailiolla\/#primaryimage"},"image":{"@id":"https:\/\/ibc.ee\/fi\/tuote\/renewcube-un-ibc-1000-1000-l-kunnostettu-ibc-sailio-kaytetylla-terasrungolla-ja-uudella-un-sertifioidulla-sisasailiolla\/#primaryimage"},"thumbnailUrl":"https:\/\/ibc.ee\/wp-content\/uploads\/2025\/11\/ReNewCube-UN-IBC-1000L-taastatud-IBC-kasutatud-teraspuuri-ja-uue-UN-sertifikaadiga-sisepudeliga.jpg","datePublished":"2025-11-05T13:15:05+00:00","dateModified":"2025-11-05T13:49:00+00:00","description":"ReNewCube UN IBC 1000 on kunnostettu 1000 litran IBC-s\u00e4ili\u00f6 (Intermediate Bulk Container), joka yhdist\u00e4\u00e4 k\u00e4ytetyn ja tarkistetun sinkityn ter\u00e4srungon sek\u00e4 t\u00e4ysin uuden UN-sertifioidun HDPE-sis\u00e4s\u00e4ili\u00f6n.","breadcrumb":{"@id":"https:\/\/ibc.ee\/fi\/tuote\/renewcube-un-ibc-1000-1000-l-kunnostettu-ibc-sailio-kaytetylla-terasrungolla-ja-uudella-un-sertifioidulla-sisasailiolla\/#breadcrumb"},"inLanguage":"fi","potentialAction":[{"@type":"ReadAction","target":["https:\/\/ibc.ee\/fi\/tuote\/renewcube-un-ibc-1000-1000-l-kunnostettu-ibc-sailio-kaytetylla-terasrungolla-ja-uudella-un-sertifioidulla-sisasailiolla\/"]}]},{"@type":"ImageObject","inLanguage":"fi","@id":"https:\/\/ibc.ee\/fi\/tuote\/renewcube-un-ibc-1000-1000-l-kunnostettu-ibc-sailio-kaytetylla-terasrungolla-ja-uudella-un-sertifioidulla-sisasailiolla\/#primaryimage","url":"https:\/\/ibc.ee\/wp-content\/uploads\/2025\/11\/ReNewCube-UN-IBC-1000L-taastatud-IBC-kasutatud-teraspuuri-ja-uue-UN-sertifikaadiga-sisepudeliga.jpg","contentUrl":"https:\/\/ibc.ee\/wp-content\/uploads\/2025\/11\/ReNewCube-UN-IBC-1000L-taastatud-IBC-kasutatud-teraspuuri-ja-uue-UN-sertifikaadiga-sisepudeliga.jpg","width":1000,"height":1000,"caption":"ReNewCube UN IBC 1000 \u2013 1000L Rebuilt IBC with Used Steel Cage and New UN-Certified Inner Bottle"},{"@type":"BreadcrumbList","@id":"https:\/\/ibc.ee\/fi\/tuote\/renewcube-un-ibc-1000-1000-l-kunnostettu-ibc-sailio-kaytetylla-terasrungolla-ja-uudella-un-sertifioidulla-sisasailiolla\/#breadcrumb","itemListElement":[{"@type":"ListItem","position":1,"name":"\u0413\u043b\u0430\u0432\u043d\u0430\u044f \u0441\u0442\u0440\u0430\u043d\u0438\u0446\u0430","item":"https:\/\/www.ibc.ee\/fi\/"},{"@type":"ListItem","position":2,"name":"Myym\u00e4l\u00e4","item":"https:\/\/www.ibc.ee\/fi\/shop\/"},{"@type":"ListItem","position":3,"name":"ReNewCube UN IBC 1000 \u2013 1000\u202fL kunnostettu IBC-s\u00e4ili\u00f6 k\u00e4ytetyll\u00e4 ter\u00e4srungolla ja uudella UN-sertifioidulla sis\u00e4s\u00e4ili\u00f6ll\u00e4"}]},{"@type":"WebSite","@id":"https:\/\/www.ibc.ee\/fi\/#website","url":"https:\/\/www.ibc.ee\/fi\/","name":"IBC konteineri m&uuml;&uuml;k, vaadid, kraanid, mahutid","description":"IBC - Tank container valve, Adapters\\fittings, Intermediate bulk, container, Drums\/cans","potentialAction":[{"@type":"SearchAction","target":{"@type":"EntryPoint","urlTemplate":"https:\/\/www.ibc.ee\/fi\/?s={search_term_string}"},"query-input":{"@type":"PropertyValueSpecification","valueRequired":true,"valueName":"search_term_string"}}],"inLanguage":"fi"}]}},"_links":{"self":[{"href":"https:\/\/ibc.ee\/fi\/wp-json\/wp\/v2\/product\/24762","targetHints":{"allow":["GET"]}}],"collection":[{"href":"https:\/\/ibc.ee\/fi\/wp-json\/wp\/v2\/product"}],"about":[{"href":"https:\/\/ibc.ee\/fi\/wp-json\/wp\/v2\/types\/product"}],"wp:featuredmedia":[{"embeddable":true,"href":"https:\/\/ibc.ee\/fi\/wp-json\/wp\/v2\/media\/24770"}],"wp:attachment":[{"href":"https:\/\/ibc.ee\/fi\/wp-json\/wp\/v2\/media?parent=24762"}],"wp:term":[{"taxonomy":"product_brand","embeddable":true,"href":"https:\/\/ibc.ee\/fi\/wp-json\/wp\/v2\/product_brand?post=24762"},{"taxonomy":"product_cat","embeddable":true,"href":"https:\/\/ibc.ee\/fi\/wp-json\/wp\/v2\/product_cat?post=24762"},{"taxonomy":"product_tag","embeddable":true,"href":"https:\/\/ibc.ee\/fi\/wp-json\/wp\/v2\/product_tag?post=24762"}],"curies":[{"name":"wp","href":"https:\/\/api.w.org\/{rel}","templated":true}]}}