{"id":24781,"date":"2025-11-06T11:00:49","date_gmt":"2025-11-06T09:00:49","guid":{"rendered":"https:\/\/ibc.ee\/?post_type=product&#038;p=24781"},"modified":"2025-11-06T11:24:10","modified_gmt":"2025-11-06T09:24:10","slug":"renewcube-un-ibc-1000-black-1000-l-kunnostettu-ibc-sailio-kaytetylla-rungolla-ja-uudella-mustalla-un-sertifioidulla-hdpe-sisasailiolla","status":"publish","type":"product","link":"https:\/\/ibc.ee\/fi\/tuote\/renewcube-un-ibc-1000-black-1000-l-kunnostettu-ibc-sailio-kaytetylla-rungolla-ja-uudella-mustalla-un-sertifioidulla-hdpe-sisasailiolla\/","title":{"rendered":"ReNewCube UN IBC 1000 Black \u2013 1000\u202fL kunnostettu IBC-s\u00e4ili\u00f6 k\u00e4ytetyll\u00e4 rungolla ja uudella mustalla UN-sertifioidulla HDPE-sis\u00e4s\u00e4ili\u00f6ll\u00e4"},"content":{"rendered":"<p><strong>T\u00e4rkeimm\u00e4t ominaisuudet<\/strong><br \/>\n&#8211; Tilavuus: 1000 litraa (275 gallonaa)<br \/>\n&#8211; Sis\u00e4s\u00e4ili\u00f6: Valmistettu neitseellisest\u00e4 mustasta HDPE:st\u00e4. UN-sertifioitu vaarallisten nesteiden kuljetukseen. Erinomainen UV-kest\u00e4vyys. T\u00e4ysin uusi ja k\u00e4ytt\u00e4m\u00e4t\u00f6n<br \/>\n&#8211; Rakenne \/ runko: K\u00e4ytetty ja tarkastettu sinkitty ter\u00e4skehikko. Rakenteellisesti kest\u00e4v\u00e4 ja uudelleenk\u00e4ytett\u00e4v\u00e4<br \/>\n&#8211; Pohja: Muovi- tai komposiittilava, trukkikelpoinen<br \/>\n&#8211; Kansi: \u00d8150 mm kierrekansi, mahdollista sinet\u00f6id\u00e4<br \/>\n&#8211; Poistoventtiili: Vakio S60x6 suojakannella<br \/>\n&#8211; Helppo puhdistaa ja k\u00e4ytt\u00e4\u00e4 uudelleen<br \/>&#8211; UN-merkint\u00e4 n\u00e4kyv\u00e4sti s\u00e4ili\u00f6ss\u00e4    <\/p>\n<p><strong>Miksi valita ReNewCube UN IBC 1000 Black?<\/strong><br \/>\n&#8211; Hyv\u00e4ksytty UN-s\u00e4\u00e4d\u00f6sten mukaisesti vaarallisten aineiden k\u00e4sittelyyn<br \/>\n&#8211; Musta v\u00e4ri = erinomainen UV-suoja \u2013 soveltuu ulkovarastointiin ja auringonvalolle alttiisiin olosuhteisiin<br \/>\n&#8211; Kunnostettu = edullisempi vaihtoehto, joka t\u00e4ytt\u00e4\u00e4 silti vaatimukset<br \/>\n&#8211; Uusi sis\u00e4s\u00e4ili\u00f6 takaa hygienian ja turvallisuuden<br \/>\n&#8211; K\u00e4ytetty runko = ymp\u00e4rist\u00f6yst\u00e4v\u00e4llinen ja budjettitehokas valinta<br \/>\n&#8211; Ihanteellinen ratkaisu teollisuuden, logistiikan ja j\u00e4tehuollon tarpeisiin<\/p>\n<p><strong>Sovelluskohteet<\/strong><br \/>\n&#8211; UN-s\u00e4\u00e4nneltyjen vaarallisten nesteiden kuljetus ja varastointi<br \/>\n&#8211; Ulkok\u00e4ytt\u00f6 maataloudessa, rakennusty\u00f6mailla ja teollisuudessa<br \/>\n&#8211; Vaarallisten tai kemiallisten j\u00e4tteiden k\u00e4sittely<br \/>\n&#8211; Logistiikkaratkaisut, joissa tarvitaan UN-sertifioitu pakkaus<br \/>\n&#8211; Valoherkkien aineiden varastointi<\/p>\n<p><strong>T\u00e4rke\u00e4\u00e4 tietoa<\/strong><br \/>\n&#8211; Vain sis\u00e4s\u00e4ili\u00f6 on uusi, runko on k\u00e4ytetty mutta rakenteellisesti ehj\u00e4<br \/>\n&#8211; Ei sovellu elintarvikkeille tai l\u00e4\u00e4kkeille, ellei erikseen sertifioitu<br \/>\n&#8211; UN-sertifikaatti saatavilla pyynn\u00f6st\u00e4<\/p>\n","protected":false},"excerpt":{"rendered":"<p>ReNewCube UN IBC 1000 Black on kunnostettu 1000 litran IBC-s\u00e4ili\u00f6 (Intermediate Bulk Container), jossa yhdistyv\u00e4t k\u00e4ytetty, tarkastettu sinkitty ter\u00e4skehikko ja t\u00e4ysin uusi, mustasta HDPE-muovista valmistettu sis\u00e4s\u00e4ili\u00f6, jolla on UN-hyv\u00e4ksynt\u00e4.<br \/>\nMusta v\u00e4ri tarjoaa erinomaisen UV-suojan, joten s\u00e4ili\u00f6 soveltuu ulkok\u00e4ytt\u00f6\u00f6n ja pitk\u00e4aikaiseen nesteiden varastointiin. T\u00e4m\u00e4 malli t\u00e4ytt\u00e4\u00e4 UN-standardit vaarallisten aineiden kuljetukseen, ja se on edullinen mutta s\u00e4\u00e4d\u00f6sten mukainen ratkaisu. <\/p>\n","protected":false},"featured_media":24789,"template":"","meta":[],"product_brand":[],"product_cat":[182],"product_tag":[],"class_list":{"0":"post-24781","1":"product","2":"type-product","3":"status-publish","4":"has-post-thumbnail","6":"product_cat-kontti","7":"product_shipping_class-containers-fi","9":"first","10":"onbackorder","11":"taxable","12":"shipping-taxable","13":"product-type-simple"},"yoast_head":"<!-- This site is optimized with the Yoast SEO plugin v26.9 - https:\/\/yoast.com\/product\/yoast-seo-wordpress\/ -->\n<title>ReNewCube UN IBC 1000 Black \u2013 1000\u202fL kunnostettu IBC-s\u00e4ili\u00f6 k\u00e4ytetyll\u00e4 rungolla ja uudella mustalla UN-sertifioidulla HDPE-sis\u00e4s\u00e4ili\u00f6ll\u00e4 - IBC konteineri m&uuml;&uuml;k, vaadid, kraanid, mahutid<\/title>\n<meta name=\"description\" content=\"ReNewCube UN IBC 1000 Black on kunnostettu 1000 litran IBC-s\u00e4ili\u00f6 (Intermediate Bulk Container), jossa yhdistyv\u00e4t k\u00e4ytetty, tarkastettu sinkitty ter\u00e4skehikko ja t\u00e4ysin uusi, mustasta HDPE-muovista valmistettu sis\u00e4s\u00e4ili\u00f6, jolla on UN-hyv\u00e4ksynt\u00e4.\" \/>\n<meta name=\"robots\" content=\"index, follow, max-snippet:-1, max-image-preview:large, max-video-preview:-1\" \/>\n<link rel=\"canonical\" href=\"https:\/\/ibc.ee\/fi\/tuote\/renewcube-un-ibc-1000-black-1000-l-kunnostettu-ibc-sailio-kaytetylla-rungolla-ja-uudella-mustalla-un-sertifioidulla-hdpe-sisasailiolla\/\" \/>\n<meta property=\"og:locale\" content=\"fi_FI\" \/>\n<meta property=\"og:type\" content=\"article\" \/>\n<meta property=\"og:title\" content=\"ReNewCube UN IBC 1000 Black \u2013 1000\u202fL kunnostettu IBC-s\u00e4ili\u00f6 k\u00e4ytetyll\u00e4 rungolla ja uudella mustalla UN-sertifioidulla HDPE-sis\u00e4s\u00e4ili\u00f6ll\u00e4 - IBC konteineri m&uuml;&uuml;k, vaadid, kraanid, mahutid\" \/>\n<meta property=\"og:description\" content=\"ReNewCube UN IBC 1000 Black on kunnostettu 1000 litran IBC-s\u00e4ili\u00f6 (Intermediate Bulk Container), jossa yhdistyv\u00e4t k\u00e4ytetty, tarkastettu sinkitty ter\u00e4skehikko ja t\u00e4ysin uusi, mustasta HDPE-muovista valmistettu sis\u00e4s\u00e4ili\u00f6, jolla on UN-hyv\u00e4ksynt\u00e4.\" \/>\n<meta property=\"og:url\" content=\"https:\/\/ibc.ee\/fi\/tuote\/renewcube-un-ibc-1000-black-1000-l-kunnostettu-ibc-sailio-kaytetylla-rungolla-ja-uudella-mustalla-un-sertifioidulla-hdpe-sisasailiolla\/\" \/>\n<meta property=\"og:site_name\" content=\"IBC konteineri m&uuml;&uuml;k, vaadid, kraanid, mahutid\" \/>\n<meta property=\"article:modified_time\" content=\"2025-11-06T09:24:10+00:00\" \/>\n<meta property=\"og:image\" content=\"https:\/\/ibc.ee\/wp-content\/uploads\/2025\/11\/ReNewCube-UN-IBC-1000-must-1000L-taastatud-IBC-kasutatud-raami-ja-uue-musta-UN-sertifikaadiga-HDPE-pudeliga.jpg\" \/>\n\t<meta property=\"og:image:width\" content=\"1000\" \/>\n\t<meta property=\"og:image:height\" content=\"1000\" \/>\n\t<meta property=\"og:image:type\" content=\"image\/jpeg\" \/>\n<meta name=\"twitter:card\" content=\"summary_large_image\" \/>\n<meta name=\"twitter:label1\" content=\"Arvioitu lukuaika\" \/>\n\t<meta name=\"twitter:data1\" content=\"1 minuutti\" \/>\n<script type=\"application\/ld+json\" class=\"yoast-schema-graph\">{\"@context\":\"https:\/\/schema.org\",\"@graph\":[{\"@type\":\"WebPage\",\"@id\":\"https:\/\/ibc.ee\/fi\/tuote\/renewcube-un-ibc-1000-black-1000-l-kunnostettu-ibc-sailio-kaytetylla-rungolla-ja-uudella-mustalla-un-sertifioidulla-hdpe-sisasailiolla\/\",\"url\":\"https:\/\/ibc.ee\/fi\/tuote\/renewcube-un-ibc-1000-black-1000-l-kunnostettu-ibc-sailio-kaytetylla-rungolla-ja-uudella-mustalla-un-sertifioidulla-hdpe-sisasailiolla\/\",\"name\":\"ReNewCube UN IBC 1000 Black \u2013 1000\u202fL kunnostettu IBC-s\u00e4ili\u00f6 k\u00e4ytetyll\u00e4 rungolla ja uudella mustalla UN-sertifioidulla HDPE-sis\u00e4s\u00e4ili\u00f6ll\u00e4 - IBC konteineri m&uuml;&uuml;k, vaadid, kraanid, mahutid\",\"isPartOf\":{\"@id\":\"https:\/\/www.ibc.ee\/fi\/#website\"},\"primaryImageOfPage\":{\"@id\":\"https:\/\/ibc.ee\/fi\/tuote\/renewcube-un-ibc-1000-black-1000-l-kunnostettu-ibc-sailio-kaytetylla-rungolla-ja-uudella-mustalla-un-sertifioidulla-hdpe-sisasailiolla\/#primaryimage\"},\"image\":{\"@id\":\"https:\/\/ibc.ee\/fi\/tuote\/renewcube-un-ibc-1000-black-1000-l-kunnostettu-ibc-sailio-kaytetylla-rungolla-ja-uudella-mustalla-un-sertifioidulla-hdpe-sisasailiolla\/#primaryimage\"},\"thumbnailUrl\":\"https:\/\/ibc.ee\/wp-content\/uploads\/2025\/11\/ReNewCube-UN-IBC-1000-must-1000L-taastatud-IBC-kasutatud-raami-ja-uue-musta-UN-sertifikaadiga-HDPE-pudeliga.jpg\",\"datePublished\":\"2025-11-06T09:00:49+00:00\",\"dateModified\":\"2025-11-06T09:24:10+00:00\",\"description\":\"ReNewCube UN IBC 1000 Black on kunnostettu 1000 litran IBC-s\u00e4ili\u00f6 (Intermediate Bulk Container), jossa yhdistyv\u00e4t k\u00e4ytetty, tarkastettu sinkitty ter\u00e4skehikko ja t\u00e4ysin uusi, mustasta HDPE-muovista valmistettu sis\u00e4s\u00e4ili\u00f6, jolla on UN-hyv\u00e4ksynt\u00e4.\",\"breadcrumb\":{\"@id\":\"https:\/\/ibc.ee\/fi\/tuote\/renewcube-un-ibc-1000-black-1000-l-kunnostettu-ibc-sailio-kaytetylla-rungolla-ja-uudella-mustalla-un-sertifioidulla-hdpe-sisasailiolla\/#breadcrumb\"},\"inLanguage\":\"fi\",\"potentialAction\":[{\"@type\":\"ReadAction\",\"target\":[\"https:\/\/ibc.ee\/fi\/tuote\/renewcube-un-ibc-1000-black-1000-l-kunnostettu-ibc-sailio-kaytetylla-rungolla-ja-uudella-mustalla-un-sertifioidulla-hdpe-sisasailiolla\/\"]}]},{\"@type\":\"ImageObject\",\"inLanguage\":\"fi\",\"@id\":\"https:\/\/ibc.ee\/fi\/tuote\/renewcube-un-ibc-1000-black-1000-l-kunnostettu-ibc-sailio-kaytetylla-rungolla-ja-uudella-mustalla-un-sertifioidulla-hdpe-sisasailiolla\/#primaryimage\",\"url\":\"https:\/\/ibc.ee\/wp-content\/uploads\/2025\/11\/ReNewCube-UN-IBC-1000-must-1000L-taastatud-IBC-kasutatud-raami-ja-uue-musta-UN-sertifikaadiga-HDPE-pudeliga.jpg\",\"contentUrl\":\"https:\/\/ibc.ee\/wp-content\/uploads\/2025\/11\/ReNewCube-UN-IBC-1000-must-1000L-taastatud-IBC-kasutatud-raami-ja-uue-musta-UN-sertifikaadiga-HDPE-pudeliga.jpg\",\"width\":1000,\"height\":1000,\"caption\":\"ReNewCube UN IBC 1000 Black \u2013 1000L Reconditioned IBC with Used Frame and New Black UN-Certified HDPE Bottle\"},{\"@type\":\"BreadcrumbList\",\"@id\":\"https:\/\/ibc.ee\/fi\/tuote\/renewcube-un-ibc-1000-black-1000-l-kunnostettu-ibc-sailio-kaytetylla-rungolla-ja-uudella-mustalla-un-sertifioidulla-hdpe-sisasailiolla\/#breadcrumb\",\"itemListElement\":[{\"@type\":\"ListItem\",\"position\":1,\"name\":\"\u0413\u043b\u0430\u0432\u043d\u0430\u044f \u0441\u0442\u0440\u0430\u043d\u0438\u0446\u0430\",\"item\":\"https:\/\/www.ibc.ee\/fi\/\"},{\"@type\":\"ListItem\",\"position\":2,\"name\":\"Myym\u00e4l\u00e4\",\"item\":\"https:\/\/www.ibc.ee\/fi\/shop\/\"},{\"@type\":\"ListItem\",\"position\":3,\"name\":\"ReNewCube UN IBC 1000 Black \u2013 1000\u202fL kunnostettu IBC-s\u00e4ili\u00f6 k\u00e4ytetyll\u00e4 rungolla ja uudella mustalla UN-sertifioidulla HDPE-sis\u00e4s\u00e4ili\u00f6ll\u00e4\"}]},{\"@type\":\"WebSite\",\"@id\":\"https:\/\/www.ibc.ee\/fi\/#website\",\"url\":\"https:\/\/www.ibc.ee\/fi\/\",\"name\":\"IBC konteineri m&uuml;&uuml;k, vaadid, kraanid, mahutid\",\"description\":\"IBC - Tank container valve, Adapters\\\\fittings, Intermediate bulk, container, Drums\/cans\",\"potentialAction\":[{\"@type\":\"SearchAction\",\"target\":{\"@type\":\"EntryPoint\",\"urlTemplate\":\"https:\/\/www.ibc.ee\/fi\/?s={search_term_string}\"},\"query-input\":{\"@type\":\"PropertyValueSpecification\",\"valueRequired\":true,\"valueName\":\"search_term_string\"}}],\"inLanguage\":\"fi\"}]}<\/script>\n<!-- \/ Yoast SEO plugin. -->","yoast_head_json":{"title":"ReNewCube UN IBC 1000 Black \u2013 1000\u202fL kunnostettu IBC-s\u00e4ili\u00f6 k\u00e4ytetyll\u00e4 rungolla ja uudella mustalla UN-sertifioidulla HDPE-sis\u00e4s\u00e4ili\u00f6ll\u00e4 - IBC konteineri m&uuml;&uuml;k, vaadid, kraanid, mahutid","description":"ReNewCube UN IBC 1000 Black on kunnostettu 1000 litran IBC-s\u00e4ili\u00f6 (Intermediate Bulk Container), jossa yhdistyv\u00e4t k\u00e4ytetty, tarkastettu sinkitty ter\u00e4skehikko ja t\u00e4ysin uusi, mustasta HDPE-muovista valmistettu sis\u00e4s\u00e4ili\u00f6, jolla on UN-hyv\u00e4ksynt\u00e4.","robots":{"index":"index","follow":"follow","max-snippet":"max-snippet:-1","max-image-preview":"max-image-preview:large","max-video-preview":"max-video-preview:-1"},"canonical":"https:\/\/ibc.ee\/fi\/tuote\/renewcube-un-ibc-1000-black-1000-l-kunnostettu-ibc-sailio-kaytetylla-rungolla-ja-uudella-mustalla-un-sertifioidulla-hdpe-sisasailiolla\/","og_locale":"fi_FI","og_type":"article","og_title":"ReNewCube UN IBC 1000 Black \u2013 1000\u202fL kunnostettu IBC-s\u00e4ili\u00f6 k\u00e4ytetyll\u00e4 rungolla ja uudella mustalla UN-sertifioidulla HDPE-sis\u00e4s\u00e4ili\u00f6ll\u00e4 - IBC konteineri m&uuml;&uuml;k, vaadid, kraanid, mahutid","og_description":"ReNewCube UN IBC 1000 Black on kunnostettu 1000 litran IBC-s\u00e4ili\u00f6 (Intermediate Bulk Container), jossa yhdistyv\u00e4t k\u00e4ytetty, tarkastettu sinkitty ter\u00e4skehikko ja t\u00e4ysin uusi, mustasta HDPE-muovista valmistettu sis\u00e4s\u00e4ili\u00f6, jolla on UN-hyv\u00e4ksynt\u00e4.","og_url":"https:\/\/ibc.ee\/fi\/tuote\/renewcube-un-ibc-1000-black-1000-l-kunnostettu-ibc-sailio-kaytetylla-rungolla-ja-uudella-mustalla-un-sertifioidulla-hdpe-sisasailiolla\/","og_site_name":"IBC konteineri m&uuml;&uuml;k, vaadid, kraanid, mahutid","article_modified_time":"2025-11-06T09:24:10+00:00","og_image":[{"width":1000,"height":1000,"url":"https:\/\/ibc.ee\/wp-content\/uploads\/2025\/11\/ReNewCube-UN-IBC-1000-must-1000L-taastatud-IBC-kasutatud-raami-ja-uue-musta-UN-sertifikaadiga-HDPE-pudeliga.jpg","type":"image\/jpeg"}],"twitter_card":"summary_large_image","twitter_misc":{"Arvioitu lukuaika":"1 minuutti"},"schema":{"@context":"https:\/\/schema.org","@graph":[{"@type":"WebPage","@id":"https:\/\/ibc.ee\/fi\/tuote\/renewcube-un-ibc-1000-black-1000-l-kunnostettu-ibc-sailio-kaytetylla-rungolla-ja-uudella-mustalla-un-sertifioidulla-hdpe-sisasailiolla\/","url":"https:\/\/ibc.ee\/fi\/tuote\/renewcube-un-ibc-1000-black-1000-l-kunnostettu-ibc-sailio-kaytetylla-rungolla-ja-uudella-mustalla-un-sertifioidulla-hdpe-sisasailiolla\/","name":"ReNewCube UN IBC 1000 Black \u2013 1000\u202fL kunnostettu IBC-s\u00e4ili\u00f6 k\u00e4ytetyll\u00e4 rungolla ja uudella mustalla UN-sertifioidulla HDPE-sis\u00e4s\u00e4ili\u00f6ll\u00e4 - IBC konteineri m&uuml;&uuml;k, vaadid, kraanid, mahutid","isPartOf":{"@id":"https:\/\/www.ibc.ee\/fi\/#website"},"primaryImageOfPage":{"@id":"https:\/\/ibc.ee\/fi\/tuote\/renewcube-un-ibc-1000-black-1000-l-kunnostettu-ibc-sailio-kaytetylla-rungolla-ja-uudella-mustalla-un-sertifioidulla-hdpe-sisasailiolla\/#primaryimage"},"image":{"@id":"https:\/\/ibc.ee\/fi\/tuote\/renewcube-un-ibc-1000-black-1000-l-kunnostettu-ibc-sailio-kaytetylla-rungolla-ja-uudella-mustalla-un-sertifioidulla-hdpe-sisasailiolla\/#primaryimage"},"thumbnailUrl":"https:\/\/ibc.ee\/wp-content\/uploads\/2025\/11\/ReNewCube-UN-IBC-1000-must-1000L-taastatud-IBC-kasutatud-raami-ja-uue-musta-UN-sertifikaadiga-HDPE-pudeliga.jpg","datePublished":"2025-11-06T09:00:49+00:00","dateModified":"2025-11-06T09:24:10+00:00","description":"ReNewCube UN IBC 1000 Black on kunnostettu 1000 litran IBC-s\u00e4ili\u00f6 (Intermediate Bulk Container), jossa yhdistyv\u00e4t k\u00e4ytetty, tarkastettu sinkitty ter\u00e4skehikko ja t\u00e4ysin uusi, mustasta HDPE-muovista valmistettu sis\u00e4s\u00e4ili\u00f6, jolla on UN-hyv\u00e4ksynt\u00e4.","breadcrumb":{"@id":"https:\/\/ibc.ee\/fi\/tuote\/renewcube-un-ibc-1000-black-1000-l-kunnostettu-ibc-sailio-kaytetylla-rungolla-ja-uudella-mustalla-un-sertifioidulla-hdpe-sisasailiolla\/#breadcrumb"},"inLanguage":"fi","potentialAction":[{"@type":"ReadAction","target":["https:\/\/ibc.ee\/fi\/tuote\/renewcube-un-ibc-1000-black-1000-l-kunnostettu-ibc-sailio-kaytetylla-rungolla-ja-uudella-mustalla-un-sertifioidulla-hdpe-sisasailiolla\/"]}]},{"@type":"ImageObject","inLanguage":"fi","@id":"https:\/\/ibc.ee\/fi\/tuote\/renewcube-un-ibc-1000-black-1000-l-kunnostettu-ibc-sailio-kaytetylla-rungolla-ja-uudella-mustalla-un-sertifioidulla-hdpe-sisasailiolla\/#primaryimage","url":"https:\/\/ibc.ee\/wp-content\/uploads\/2025\/11\/ReNewCube-UN-IBC-1000-must-1000L-taastatud-IBC-kasutatud-raami-ja-uue-musta-UN-sertifikaadiga-HDPE-pudeliga.jpg","contentUrl":"https:\/\/ibc.ee\/wp-content\/uploads\/2025\/11\/ReNewCube-UN-IBC-1000-must-1000L-taastatud-IBC-kasutatud-raami-ja-uue-musta-UN-sertifikaadiga-HDPE-pudeliga.jpg","width":1000,"height":1000,"caption":"ReNewCube UN IBC 1000 Black \u2013 1000L Reconditioned IBC with Used Frame and New Black UN-Certified HDPE Bottle"},{"@type":"BreadcrumbList","@id":"https:\/\/ibc.ee\/fi\/tuote\/renewcube-un-ibc-1000-black-1000-l-kunnostettu-ibc-sailio-kaytetylla-rungolla-ja-uudella-mustalla-un-sertifioidulla-hdpe-sisasailiolla\/#breadcrumb","itemListElement":[{"@type":"ListItem","position":1,"name":"\u0413\u043b\u0430\u0432\u043d\u0430\u044f \u0441\u0442\u0440\u0430\u043d\u0438\u0446\u0430","item":"https:\/\/www.ibc.ee\/fi\/"},{"@type":"ListItem","position":2,"name":"Myym\u00e4l\u00e4","item":"https:\/\/www.ibc.ee\/fi\/shop\/"},{"@type":"ListItem","position":3,"name":"ReNewCube UN IBC 1000 Black \u2013 1000\u202fL kunnostettu IBC-s\u00e4ili\u00f6 k\u00e4ytetyll\u00e4 rungolla ja uudella mustalla UN-sertifioidulla HDPE-sis\u00e4s\u00e4ili\u00f6ll\u00e4"}]},{"@type":"WebSite","@id":"https:\/\/www.ibc.ee\/fi\/#website","url":"https:\/\/www.ibc.ee\/fi\/","name":"IBC konteineri m&uuml;&uuml;k, vaadid, kraanid, mahutid","description":"IBC - Tank container valve, Adapters\\fittings, Intermediate bulk, container, Drums\/cans","potentialAction":[{"@type":"SearchAction","target":{"@type":"EntryPoint","urlTemplate":"https:\/\/www.ibc.ee\/fi\/?s={search_term_string}"},"query-input":{"@type":"PropertyValueSpecification","valueRequired":true,"valueName":"search_term_string"}}],"inLanguage":"fi"}]}},"_links":{"self":[{"href":"https:\/\/ibc.ee\/fi\/wp-json\/wp\/v2\/product\/24781","targetHints":{"allow":["GET"]}}],"collection":[{"href":"https:\/\/ibc.ee\/fi\/wp-json\/wp\/v2\/product"}],"about":[{"href":"https:\/\/ibc.ee\/fi\/wp-json\/wp\/v2\/types\/product"}],"wp:featuredmedia":[{"embeddable":true,"href":"https:\/\/ibc.ee\/fi\/wp-json\/wp\/v2\/media\/24789"}],"wp:attachment":[{"href":"https:\/\/ibc.ee\/fi\/wp-json\/wp\/v2\/media?parent=24781"}],"wp:term":[{"taxonomy":"product_brand","embeddable":true,"href":"https:\/\/ibc.ee\/fi\/wp-json\/wp\/v2\/product_brand?post=24781"},{"taxonomy":"product_cat","embeddable":true,"href":"https:\/\/ibc.ee\/fi\/wp-json\/wp\/v2\/product_cat?post=24781"},{"taxonomy":"product_tag","embeddable":true,"href":"https:\/\/ibc.ee\/fi\/wp-json\/wp\/v2\/product_tag?post=24781"}],"curies":[{"name":"wp","href":"https:\/\/api.w.org\/{rel}","templated":true}]}}