{"id":24799,"date":"2025-11-06T15:25:29","date_gmt":"2025-11-06T13:25:29","guid":{"rendered":"https:\/\/ibc.ee\/?post_type=product&#038;p=24799"},"modified":"2025-11-06T15:55:11","modified_gmt":"2025-11-06T13:55:11","slug":"renewcube-un-ibc-1000-blue-1000-l-kunnostettu-ibc-sailio-kaytetylla-rungolla-ja-uudella-sinisella-un-sertifioidulla-sisasailiolla","status":"publish","type":"product","link":"https:\/\/ibc.ee\/fi\/tuote\/renewcube-un-ibc-1000-blue-1000-l-kunnostettu-ibc-sailio-kaytetylla-rungolla-ja-uudella-sinisella-un-sertifioidulla-sisasailiolla\/","title":{"rendered":"ReNewCube UN IBC 1000 Blue \u2013 1000\u202fL kunnostettu IBC-s\u00e4ili\u00f6 k\u00e4ytetyll\u00e4 rungolla ja uudella sinisell\u00e4 UN-sertifioidulla sis\u00e4s\u00e4ili\u00f6ll\u00e4"},"content":{"rendered":"<p><strong>T\u00e4rkeimm\u00e4t ominaisuudet<\/strong><br \/>\n&#8211; Tilavuus: 1000 litraa (275 gallonaa)<br \/>\n&#8211; Sis\u00e4s\u00e4ili\u00f6: Valmistettu neitseellisest\u00e4 sinisest\u00e4 HDPE:st\u00e4. UN-sertifioitu vaarallisten nesteiden kuljetukseen. UV-suojattu \u2013 soveltuu ulkok\u00e4ytt\u00f6\u00f6n. T\u00e4ysin uusi ja k\u00e4ytt\u00e4m\u00e4t\u00f6n<br \/>\n&#8211; Rakenne: K\u00e4ytetty, mutta tarkastettu sinkitty ter\u00e4skehikko. Kest\u00e4v\u00e4 ja uudelleenk\u00e4ytett\u00e4v\u00e4<br \/>\n&#8211; Pohja: Muovi- tai komposiittilava, trukkikelpoinen<br \/>\n&#8211; Kansi: \u00d8150 mm kierrekansi, sinet\u00f6intimahdollisuus<br \/>\n&#8211; Poistoventtiili: Vakio S60x6 suojakorkilla<br \/>\n&#8211; UN-merkint\u00e4 n\u00e4kyviss\u00e4 s\u00e4ili\u00f6ss\u00e4<br \/>&#8211; K\u00e4ytett\u00e4viss\u00e4 uudelleen, hygieeninen ja kustannustehokas ratkaisu    <\/p>\n<p><strong>Miksi valita ReNewCube UN IBC 1000 Blue?<\/strong><br \/>\n&#8211; UN-sertifioitu vaarallisten nesteiden turvalliseen kuljetukseen<br \/>\n&#8211; Sininen sis\u00e4s\u00e4ili\u00f6 = UV-suoja ja parempi sis\u00e4ll\u00f6n tunnistettavuus<br \/>\n&#8211; Kunnostettu = alhaisempi hinta, mutta s\u00e4\u00e4d\u00f6sten mukainen<br \/>\n&#8211; Uusi s\u00e4ili\u00f6 = hygieeninen ja vuotamaton<br \/>\n&#8211; K\u00e4ytetty runko = ekologinen ja budjettiyst\u00e4v\u00e4llinen<br \/>\n&#8211; Ihanteellinen kemikaaleille, liuottimille, teollisille nesteille ja j\u00e4tteille<\/p>\n<p><strong>Suositellut k\u00e4ytt\u00f6kohteet<\/strong><br \/>\n&#8211; UN-s\u00e4\u00e4nneltyjen nesteiden kuljetus ja varastointi<br \/>\n&#8211; Teollisuus ja kemikaalien k\u00e4sittely<br \/>\n&#8211; Ulkok\u00e4ytt\u00f6 \u2013 UV-kest\u00e4v\u00e4 ratkaisu<br \/>\n&#8211; Vaarallisten j\u00e4tteiden ker\u00e4ys<br \/>\n&#8211; Logistiikka, jossa tarvitaan sertifioituja IBC-s\u00e4ili\u00f6it\u00e4<\/p>\n<p><strong>T\u00e4rke\u00e4\u00e4 tietoa<\/strong><br \/>\n&#8211; Vain sis\u00e4s\u00e4ili\u00f6 on uusi, runko on k\u00e4ytetty mutta tarkastettu<br \/>\n&#8211; Ei sovellu elintarvikkeille tai l\u00e4\u00e4kkeille, ellei erikseen mainita<br \/>\n&#8211; UN-sertifikaatti saatavilla pyynn\u00f6st\u00e4<\/p>\n","protected":false},"excerpt":{"rendered":"<p>ReNewCube UN IBC 1000 Blue on kunnostettu 1000 litran IBC-s\u00e4ili\u00f6 (Intermediate Bulk Container), jossa yhdistyv\u00e4t k\u00e4ytetty ja tarkastettu sinkitty ter\u00e4skehikko sek\u00e4 t\u00e4ysin uusi sininen HDPE-muovista valmistettu sis\u00e4s\u00e4ili\u00f6, joka on UN-sertifioitu vaarallisten nesteiden kuljetukseen ja varastointiin.<br \/>\nSininen v\u00e4ri antaa UV-suojan ja auttaa erottamaan s\u00e4ili\u00f6n sis\u00e4ll\u00f6n visuaalisesti, mik\u00e4 tekee s\u00e4ili\u00f6st\u00e4 erinomaisen vaihtoehdon teolliseen k\u00e4ytt\u00f6\u00f6n, kemikaalien varastointiin ja ulkok\u00e4ytt\u00f6\u00f6n.<\/p>\n","protected":false},"featured_media":24807,"template":"","meta":[],"product_brand":[],"product_cat":[182],"product_tag":[],"class_list":{"0":"post-24799","1":"product","2":"type-product","3":"status-publish","4":"has-post-thumbnail","6":"product_cat-kontti","7":"product_shipping_class-containers-fi","9":"first","10":"onbackorder","11":"taxable","12":"shipping-taxable","13":"product-type-simple"},"yoast_head":"<!-- This site is optimized with the Yoast SEO plugin v26.9 - https:\/\/yoast.com\/product\/yoast-seo-wordpress\/ -->\n<title>ReNewCube UN IBC 1000 Blue \u2013 1000\u202fL kunnostettu IBC-s\u00e4ili\u00f6 k\u00e4ytetyll\u00e4 rungolla ja uudella sinisell\u00e4 UN-sertifioidulla sis\u00e4s\u00e4ili\u00f6ll\u00e4 - IBC konteineri m&uuml;&uuml;k, vaadid, kraanid, mahutid<\/title>\n<meta name=\"description\" content=\"ReNewCube UN IBC 1000 Blue on kunnostettu 1000 litran IBC-s\u00e4ili\u00f6 (Intermediate Bulk Container), jossa yhdistyv\u00e4t k\u00e4ytetty ja tarkastettu sinkitty ter\u00e4skehikko sek\u00e4 t\u00e4ysin uusi sininen HDPE-muovista valmistettu sis\u00e4s\u00e4ili\u00f6, joka on UN-sertifioitu vaarallisten nesteiden kuljetukseen ja varastointiin.\" \/>\n<meta name=\"robots\" content=\"index, follow, max-snippet:-1, max-image-preview:large, max-video-preview:-1\" \/>\n<link rel=\"canonical\" href=\"https:\/\/ibc.ee\/fi\/tuote\/renewcube-un-ibc-1000-blue-1000-l-kunnostettu-ibc-sailio-kaytetylla-rungolla-ja-uudella-sinisella-un-sertifioidulla-sisasailiolla\/\" \/>\n<meta property=\"og:locale\" content=\"fi_FI\" \/>\n<meta property=\"og:type\" content=\"article\" \/>\n<meta property=\"og:title\" content=\"ReNewCube UN IBC 1000 Blue \u2013 1000\u202fL kunnostettu IBC-s\u00e4ili\u00f6 k\u00e4ytetyll\u00e4 rungolla ja uudella sinisell\u00e4 UN-sertifioidulla sis\u00e4s\u00e4ili\u00f6ll\u00e4 - IBC konteineri m&uuml;&uuml;k, vaadid, kraanid, mahutid\" \/>\n<meta property=\"og:description\" content=\"ReNewCube UN IBC 1000 Blue on kunnostettu 1000 litran IBC-s\u00e4ili\u00f6 (Intermediate Bulk Container), jossa yhdistyv\u00e4t k\u00e4ytetty ja tarkastettu sinkitty ter\u00e4skehikko sek\u00e4 t\u00e4ysin uusi sininen HDPE-muovista valmistettu sis\u00e4s\u00e4ili\u00f6, joka on UN-sertifioitu vaarallisten nesteiden kuljetukseen ja varastointiin.\" \/>\n<meta property=\"og:url\" content=\"https:\/\/ibc.ee\/fi\/tuote\/renewcube-un-ibc-1000-blue-1000-l-kunnostettu-ibc-sailio-kaytetylla-rungolla-ja-uudella-sinisella-un-sertifioidulla-sisasailiolla\/\" \/>\n<meta property=\"og:site_name\" content=\"IBC konteineri m&uuml;&uuml;k, vaadid, kraanid, mahutid\" \/>\n<meta property=\"article:modified_time\" content=\"2025-11-06T13:55:11+00:00\" \/>\n<meta property=\"og:image\" content=\"https:\/\/ibc.ee\/wp-content\/uploads\/2025\/11\/ReNewCube-UN-IBC-1000-sinine-1000L-taastatud-IBC-kasutatud-teraspuuri-ja-uue-sinise-UN-sertifikaadiga-sisepudeliga.jpg\" \/>\n\t<meta property=\"og:image:width\" content=\"930\" \/>\n\t<meta property=\"og:image:height\" content=\"930\" \/>\n\t<meta property=\"og:image:type\" content=\"image\/jpeg\" \/>\n<meta name=\"twitter:card\" content=\"summary_large_image\" \/>\n<meta name=\"twitter:label1\" content=\"Arvioitu lukuaika\" \/>\n\t<meta name=\"twitter:data1\" content=\"1 minuutti\" \/>\n<script type=\"application\/ld+json\" class=\"yoast-schema-graph\">{\"@context\":\"https:\/\/schema.org\",\"@graph\":[{\"@type\":\"WebPage\",\"@id\":\"https:\/\/ibc.ee\/fi\/tuote\/renewcube-un-ibc-1000-blue-1000-l-kunnostettu-ibc-sailio-kaytetylla-rungolla-ja-uudella-sinisella-un-sertifioidulla-sisasailiolla\/\",\"url\":\"https:\/\/ibc.ee\/fi\/tuote\/renewcube-un-ibc-1000-blue-1000-l-kunnostettu-ibc-sailio-kaytetylla-rungolla-ja-uudella-sinisella-un-sertifioidulla-sisasailiolla\/\",\"name\":\"ReNewCube UN IBC 1000 Blue \u2013 1000\u202fL kunnostettu IBC-s\u00e4ili\u00f6 k\u00e4ytetyll\u00e4 rungolla ja uudella sinisell\u00e4 UN-sertifioidulla sis\u00e4s\u00e4ili\u00f6ll\u00e4 - IBC konteineri m&uuml;&uuml;k, vaadid, kraanid, mahutid\",\"isPartOf\":{\"@id\":\"https:\/\/www.ibc.ee\/fi\/#website\"},\"primaryImageOfPage\":{\"@id\":\"https:\/\/ibc.ee\/fi\/tuote\/renewcube-un-ibc-1000-blue-1000-l-kunnostettu-ibc-sailio-kaytetylla-rungolla-ja-uudella-sinisella-un-sertifioidulla-sisasailiolla\/#primaryimage\"},\"image\":{\"@id\":\"https:\/\/ibc.ee\/fi\/tuote\/renewcube-un-ibc-1000-blue-1000-l-kunnostettu-ibc-sailio-kaytetylla-rungolla-ja-uudella-sinisella-un-sertifioidulla-sisasailiolla\/#primaryimage\"},\"thumbnailUrl\":\"https:\/\/ibc.ee\/wp-content\/uploads\/2025\/11\/ReNewCube-UN-IBC-1000-sinine-1000L-taastatud-IBC-kasutatud-teraspuuri-ja-uue-sinise-UN-sertifikaadiga-sisepudeliga.jpg\",\"datePublished\":\"2025-11-06T13:25:29+00:00\",\"dateModified\":\"2025-11-06T13:55:11+00:00\",\"description\":\"ReNewCube UN IBC 1000 Blue on kunnostettu 1000 litran IBC-s\u00e4ili\u00f6 (Intermediate Bulk Container), jossa yhdistyv\u00e4t k\u00e4ytetty ja tarkastettu sinkitty ter\u00e4skehikko sek\u00e4 t\u00e4ysin uusi sininen HDPE-muovista valmistettu sis\u00e4s\u00e4ili\u00f6, joka on UN-sertifioitu vaarallisten nesteiden kuljetukseen ja varastointiin.\",\"breadcrumb\":{\"@id\":\"https:\/\/ibc.ee\/fi\/tuote\/renewcube-un-ibc-1000-blue-1000-l-kunnostettu-ibc-sailio-kaytetylla-rungolla-ja-uudella-sinisella-un-sertifioidulla-sisasailiolla\/#breadcrumb\"},\"inLanguage\":\"fi\",\"potentialAction\":[{\"@type\":\"ReadAction\",\"target\":[\"https:\/\/ibc.ee\/fi\/tuote\/renewcube-un-ibc-1000-blue-1000-l-kunnostettu-ibc-sailio-kaytetylla-rungolla-ja-uudella-sinisella-un-sertifioidulla-sisasailiolla\/\"]}]},{\"@type\":\"ImageObject\",\"inLanguage\":\"fi\",\"@id\":\"https:\/\/ibc.ee\/fi\/tuote\/renewcube-un-ibc-1000-blue-1000-l-kunnostettu-ibc-sailio-kaytetylla-rungolla-ja-uudella-sinisella-un-sertifioidulla-sisasailiolla\/#primaryimage\",\"url\":\"https:\/\/ibc.ee\/wp-content\/uploads\/2025\/11\/ReNewCube-UN-IBC-1000-sinine-1000L-taastatud-IBC-kasutatud-teraspuuri-ja-uue-sinise-UN-sertifikaadiga-sisepudeliga.jpg\",\"contentUrl\":\"https:\/\/ibc.ee\/wp-content\/uploads\/2025\/11\/ReNewCube-UN-IBC-1000-sinine-1000L-taastatud-IBC-kasutatud-teraspuuri-ja-uue-sinise-UN-sertifikaadiga-sisepudeliga.jpg\",\"width\":930,\"height\":930,\"caption\":\"ReNewCube UN IBC 1000 Blue \u2013 1000L Reconditioned IBC with Used Steel Cage and New Blue UN-Certified Inner Bottle\"},{\"@type\":\"BreadcrumbList\",\"@id\":\"https:\/\/ibc.ee\/fi\/tuote\/renewcube-un-ibc-1000-blue-1000-l-kunnostettu-ibc-sailio-kaytetylla-rungolla-ja-uudella-sinisella-un-sertifioidulla-sisasailiolla\/#breadcrumb\",\"itemListElement\":[{\"@type\":\"ListItem\",\"position\":1,\"name\":\"\u0413\u043b\u0430\u0432\u043d\u0430\u044f \u0441\u0442\u0440\u0430\u043d\u0438\u0446\u0430\",\"item\":\"https:\/\/www.ibc.ee\/fi\/\"},{\"@type\":\"ListItem\",\"position\":2,\"name\":\"Myym\u00e4l\u00e4\",\"item\":\"https:\/\/www.ibc.ee\/fi\/shop\/\"},{\"@type\":\"ListItem\",\"position\":3,\"name\":\"ReNewCube UN IBC 1000 Blue \u2013 1000\u202fL kunnostettu IBC-s\u00e4ili\u00f6 k\u00e4ytetyll\u00e4 rungolla ja uudella sinisell\u00e4 UN-sertifioidulla sis\u00e4s\u00e4ili\u00f6ll\u00e4\"}]},{\"@type\":\"WebSite\",\"@id\":\"https:\/\/www.ibc.ee\/fi\/#website\",\"url\":\"https:\/\/www.ibc.ee\/fi\/\",\"name\":\"IBC konteineri m&uuml;&uuml;k, vaadid, kraanid, mahutid\",\"description\":\"IBC - Tank container valve, Adapters\\\\fittings, Intermediate bulk, container, Drums\/cans\",\"potentialAction\":[{\"@type\":\"SearchAction\",\"target\":{\"@type\":\"EntryPoint\",\"urlTemplate\":\"https:\/\/www.ibc.ee\/fi\/?s={search_term_string}\"},\"query-input\":{\"@type\":\"PropertyValueSpecification\",\"valueRequired\":true,\"valueName\":\"search_term_string\"}}],\"inLanguage\":\"fi\"}]}<\/script>\n<!-- \/ Yoast SEO plugin. -->","yoast_head_json":{"title":"ReNewCube UN IBC 1000 Blue \u2013 1000\u202fL kunnostettu IBC-s\u00e4ili\u00f6 k\u00e4ytetyll\u00e4 rungolla ja uudella sinisell\u00e4 UN-sertifioidulla sis\u00e4s\u00e4ili\u00f6ll\u00e4 - IBC konteineri m&uuml;&uuml;k, vaadid, kraanid, mahutid","description":"ReNewCube UN IBC 1000 Blue on kunnostettu 1000 litran IBC-s\u00e4ili\u00f6 (Intermediate Bulk Container), jossa yhdistyv\u00e4t k\u00e4ytetty ja tarkastettu sinkitty ter\u00e4skehikko sek\u00e4 t\u00e4ysin uusi sininen HDPE-muovista valmistettu sis\u00e4s\u00e4ili\u00f6, joka on UN-sertifioitu vaarallisten nesteiden kuljetukseen ja varastointiin.","robots":{"index":"index","follow":"follow","max-snippet":"max-snippet:-1","max-image-preview":"max-image-preview:large","max-video-preview":"max-video-preview:-1"},"canonical":"https:\/\/ibc.ee\/fi\/tuote\/renewcube-un-ibc-1000-blue-1000-l-kunnostettu-ibc-sailio-kaytetylla-rungolla-ja-uudella-sinisella-un-sertifioidulla-sisasailiolla\/","og_locale":"fi_FI","og_type":"article","og_title":"ReNewCube UN IBC 1000 Blue \u2013 1000\u202fL kunnostettu IBC-s\u00e4ili\u00f6 k\u00e4ytetyll\u00e4 rungolla ja uudella sinisell\u00e4 UN-sertifioidulla sis\u00e4s\u00e4ili\u00f6ll\u00e4 - IBC konteineri m&uuml;&uuml;k, vaadid, kraanid, mahutid","og_description":"ReNewCube UN IBC 1000 Blue on kunnostettu 1000 litran IBC-s\u00e4ili\u00f6 (Intermediate Bulk Container), jossa yhdistyv\u00e4t k\u00e4ytetty ja tarkastettu sinkitty ter\u00e4skehikko sek\u00e4 t\u00e4ysin uusi sininen HDPE-muovista valmistettu sis\u00e4s\u00e4ili\u00f6, joka on UN-sertifioitu vaarallisten nesteiden kuljetukseen ja varastointiin.","og_url":"https:\/\/ibc.ee\/fi\/tuote\/renewcube-un-ibc-1000-blue-1000-l-kunnostettu-ibc-sailio-kaytetylla-rungolla-ja-uudella-sinisella-un-sertifioidulla-sisasailiolla\/","og_site_name":"IBC konteineri m&uuml;&uuml;k, vaadid, kraanid, mahutid","article_modified_time":"2025-11-06T13:55:11+00:00","og_image":[{"width":930,"height":930,"url":"https:\/\/ibc.ee\/wp-content\/uploads\/2025\/11\/ReNewCube-UN-IBC-1000-sinine-1000L-taastatud-IBC-kasutatud-teraspuuri-ja-uue-sinise-UN-sertifikaadiga-sisepudeliga.jpg","type":"image\/jpeg"}],"twitter_card":"summary_large_image","twitter_misc":{"Arvioitu lukuaika":"1 minuutti"},"schema":{"@context":"https:\/\/schema.org","@graph":[{"@type":"WebPage","@id":"https:\/\/ibc.ee\/fi\/tuote\/renewcube-un-ibc-1000-blue-1000-l-kunnostettu-ibc-sailio-kaytetylla-rungolla-ja-uudella-sinisella-un-sertifioidulla-sisasailiolla\/","url":"https:\/\/ibc.ee\/fi\/tuote\/renewcube-un-ibc-1000-blue-1000-l-kunnostettu-ibc-sailio-kaytetylla-rungolla-ja-uudella-sinisella-un-sertifioidulla-sisasailiolla\/","name":"ReNewCube UN IBC 1000 Blue \u2013 1000\u202fL kunnostettu IBC-s\u00e4ili\u00f6 k\u00e4ytetyll\u00e4 rungolla ja uudella sinisell\u00e4 UN-sertifioidulla sis\u00e4s\u00e4ili\u00f6ll\u00e4 - IBC konteineri m&uuml;&uuml;k, vaadid, kraanid, mahutid","isPartOf":{"@id":"https:\/\/www.ibc.ee\/fi\/#website"},"primaryImageOfPage":{"@id":"https:\/\/ibc.ee\/fi\/tuote\/renewcube-un-ibc-1000-blue-1000-l-kunnostettu-ibc-sailio-kaytetylla-rungolla-ja-uudella-sinisella-un-sertifioidulla-sisasailiolla\/#primaryimage"},"image":{"@id":"https:\/\/ibc.ee\/fi\/tuote\/renewcube-un-ibc-1000-blue-1000-l-kunnostettu-ibc-sailio-kaytetylla-rungolla-ja-uudella-sinisella-un-sertifioidulla-sisasailiolla\/#primaryimage"},"thumbnailUrl":"https:\/\/ibc.ee\/wp-content\/uploads\/2025\/11\/ReNewCube-UN-IBC-1000-sinine-1000L-taastatud-IBC-kasutatud-teraspuuri-ja-uue-sinise-UN-sertifikaadiga-sisepudeliga.jpg","datePublished":"2025-11-06T13:25:29+00:00","dateModified":"2025-11-06T13:55:11+00:00","description":"ReNewCube UN IBC 1000 Blue on kunnostettu 1000 litran IBC-s\u00e4ili\u00f6 (Intermediate Bulk Container), jossa yhdistyv\u00e4t k\u00e4ytetty ja tarkastettu sinkitty ter\u00e4skehikko sek\u00e4 t\u00e4ysin uusi sininen HDPE-muovista valmistettu sis\u00e4s\u00e4ili\u00f6, joka on UN-sertifioitu vaarallisten nesteiden kuljetukseen ja varastointiin.","breadcrumb":{"@id":"https:\/\/ibc.ee\/fi\/tuote\/renewcube-un-ibc-1000-blue-1000-l-kunnostettu-ibc-sailio-kaytetylla-rungolla-ja-uudella-sinisella-un-sertifioidulla-sisasailiolla\/#breadcrumb"},"inLanguage":"fi","potentialAction":[{"@type":"ReadAction","target":["https:\/\/ibc.ee\/fi\/tuote\/renewcube-un-ibc-1000-blue-1000-l-kunnostettu-ibc-sailio-kaytetylla-rungolla-ja-uudella-sinisella-un-sertifioidulla-sisasailiolla\/"]}]},{"@type":"ImageObject","inLanguage":"fi","@id":"https:\/\/ibc.ee\/fi\/tuote\/renewcube-un-ibc-1000-blue-1000-l-kunnostettu-ibc-sailio-kaytetylla-rungolla-ja-uudella-sinisella-un-sertifioidulla-sisasailiolla\/#primaryimage","url":"https:\/\/ibc.ee\/wp-content\/uploads\/2025\/11\/ReNewCube-UN-IBC-1000-sinine-1000L-taastatud-IBC-kasutatud-teraspuuri-ja-uue-sinise-UN-sertifikaadiga-sisepudeliga.jpg","contentUrl":"https:\/\/ibc.ee\/wp-content\/uploads\/2025\/11\/ReNewCube-UN-IBC-1000-sinine-1000L-taastatud-IBC-kasutatud-teraspuuri-ja-uue-sinise-UN-sertifikaadiga-sisepudeliga.jpg","width":930,"height":930,"caption":"ReNewCube UN IBC 1000 Blue \u2013 1000L Reconditioned IBC with Used Steel Cage and New Blue UN-Certified Inner Bottle"},{"@type":"BreadcrumbList","@id":"https:\/\/ibc.ee\/fi\/tuote\/renewcube-un-ibc-1000-blue-1000-l-kunnostettu-ibc-sailio-kaytetylla-rungolla-ja-uudella-sinisella-un-sertifioidulla-sisasailiolla\/#breadcrumb","itemListElement":[{"@type":"ListItem","position":1,"name":"\u0413\u043b\u0430\u0432\u043d\u0430\u044f \u0441\u0442\u0440\u0430\u043d\u0438\u0446\u0430","item":"https:\/\/www.ibc.ee\/fi\/"},{"@type":"ListItem","position":2,"name":"Myym\u00e4l\u00e4","item":"https:\/\/www.ibc.ee\/fi\/shop\/"},{"@type":"ListItem","position":3,"name":"ReNewCube UN IBC 1000 Blue \u2013 1000\u202fL kunnostettu IBC-s\u00e4ili\u00f6 k\u00e4ytetyll\u00e4 rungolla ja uudella sinisell\u00e4 UN-sertifioidulla sis\u00e4s\u00e4ili\u00f6ll\u00e4"}]},{"@type":"WebSite","@id":"https:\/\/www.ibc.ee\/fi\/#website","url":"https:\/\/www.ibc.ee\/fi\/","name":"IBC konteineri m&uuml;&uuml;k, vaadid, kraanid, mahutid","description":"IBC - Tank container valve, Adapters\\fittings, Intermediate bulk, container, Drums\/cans","potentialAction":[{"@type":"SearchAction","target":{"@type":"EntryPoint","urlTemplate":"https:\/\/www.ibc.ee\/fi\/?s={search_term_string}"},"query-input":{"@type":"PropertyValueSpecification","valueRequired":true,"valueName":"search_term_string"}}],"inLanguage":"fi"}]}},"_links":{"self":[{"href":"https:\/\/ibc.ee\/fi\/wp-json\/wp\/v2\/product\/24799","targetHints":{"allow":["GET"]}}],"collection":[{"href":"https:\/\/ibc.ee\/fi\/wp-json\/wp\/v2\/product"}],"about":[{"href":"https:\/\/ibc.ee\/fi\/wp-json\/wp\/v2\/types\/product"}],"wp:featuredmedia":[{"embeddable":true,"href":"https:\/\/ibc.ee\/fi\/wp-json\/wp\/v2\/media\/24807"}],"wp:attachment":[{"href":"https:\/\/ibc.ee\/fi\/wp-json\/wp\/v2\/media?parent=24799"}],"wp:term":[{"taxonomy":"product_brand","embeddable":true,"href":"https:\/\/ibc.ee\/fi\/wp-json\/wp\/v2\/product_brand?post=24799"},{"taxonomy":"product_cat","embeddable":true,"href":"https:\/\/ibc.ee\/fi\/wp-json\/wp\/v2\/product_cat?post=24799"},{"taxonomy":"product_tag","embeddable":true,"href":"https:\/\/ibc.ee\/fi\/wp-json\/wp\/v2\/product_tag?post=24799"}],"curies":[{"name":"wp","href":"https:\/\/api.w.org\/{rel}","templated":true}]}}