{"id":24817,"date":"2025-11-06T16:04:32","date_gmt":"2025-11-06T14:04:32","guid":{"rendered":"https:\/\/ibc.ee\/?post_type=product&#038;p=24817"},"modified":"2025-11-06T16:38:22","modified_gmt":"2025-11-06T14:38:22","slug":"renewcube-unfda-ibc-1000-blue-1000-l-kunnostettu-ibc-sailio-kaytetylla-rungolla-ja-uudella-sinisella-un-ja-fda-sertifioidulla-sisasailiolla","status":"publish","type":"product","link":"https:\/\/ibc.ee\/fi\/tuote\/renewcube-unfda-ibc-1000-blue-1000-l-kunnostettu-ibc-sailio-kaytetylla-rungolla-ja-uudella-sinisella-un-ja-fda-sertifioidulla-sisasailiolla\/","title":{"rendered":"ReNewCube UN+FDA IBC 1000 Blue \u2013 1000\u202fL kunnostettu IBC-s\u00e4ili\u00f6 k\u00e4ytetyll\u00e4 rungolla ja uudella sinisell\u00e4 UN- ja FDA-sertifioidulla sis\u00e4s\u00e4ili\u00f6ll\u00e4"},"content":{"rendered":"<p><strong>T\u00e4rkeimm\u00e4t ominaisuudet<\/strong><br \/>\n&#8211; Tilavuus: 1000 litraa (275 gallonaa)<br \/>\n&#8211; Sis\u00e4s\u00e4ili\u00f6 (uusi): Valmistettu neitseellisest\u00e4 HDPE:st\u00e4. UN-sertifioitu vaarallisten nesteiden k\u00e4sittelyyn. FDA-hyv\u00e4ksytty elintarvikek\u00e4ytt\u00f6\u00f6n. UV-suojattu sininen v\u00e4ri ulkok\u00e4ytt\u00f6\u00e4 varten. Hygieeninen ja t\u00e4ysin k\u00e4ytt\u00e4m\u00e4t\u00f6n<br \/>\n&#8211; Ter\u00e4skehikko (k\u00e4ytetty): Galvanoitua ter\u00e4st\u00e4. Tarkastettu ja uudelleenk\u00e4ytt\u00f6\u00f6n hyv\u00e4ksytty<br \/>\n&#8211; Pohja: Muovi- tai komposiittilava, trukkikelpoinen<br \/>\n&#8211; Kansi: \u00d8150 mm kierrekansi, sinet\u00f6it\u00e4viss\u00e4<br \/>\n&#8211; Poistoventtiili: S60x6-standardi, suojakorkilla<br \/>\n&#8211; Helposti puhdistettava ja uudelleenk\u00e4ytett\u00e4v\u00e4<br \/>\n&#8211; Kaikki sertifiointimerkinn\u00e4t n\u00e4kyvill\u00e4 s\u00e4ili\u00f6ss\u00e4     <\/p>\n<p><strong>Miksi valita ReNewCube UN+FDA IBC 1000 Blue?<\/strong><br \/>\n&#8211; Kaksoissertifiointi: Soveltuu sek\u00e4 elintarvikkeille ett\u00e4 vaarallisille aineille<br \/>\n&#8211; Sininen UV-suojattu s\u00e4ili\u00f6 kest\u00e4\u00e4 s\u00e4ilytyksen ulkona<br \/>\n&#8211; Kunnostettu = edullisempi ratkaisu, s\u00e4\u00e4d\u00f6sten mukaisesti<br \/>\n&#8211; Uusi sis\u00e4s\u00e4ili\u00f6 = hygienia, turvallisuus ja tiiviys<br \/>\n&#8211; K\u00e4ytetty kehikko = ymp\u00e4rist\u00f6yst\u00e4v\u00e4llinen ja taloudellinen<br \/>\n&#8211; T\u00e4ydellinen valinta yrityksille, jotka arvostavat kest\u00e4v\u00e4\u00e4 kehityst\u00e4 ja s\u00e4\u00e4ntelyvaatimusten noudattamista<\/p>\n<p><strong>Suositellut k\u00e4ytt\u00f6kohteet<\/strong><br \/>\n&#8211; Vesi, siirapit, \u00f6ljyt ja muut elintarvikkeet<br \/>\n&#8211; L\u00e4\u00e4keteollisuuden ja kosmetiikan raaka-aineet<br \/>\n&#8211; S\u00e4\u00e4nnellyt kemikaalit ja teollisuuden nesteet<br \/>\n&#8211; Maatalous ja puutarhatuotanto<br \/>\n&#8211; Logistiikka, jossa vaaditaan sertifioituja pakkauksia<br \/>\n&#8211; UV-herkkien nesteiden ulkovarastointi<\/p>\n<p><strong>T\u00e4rke\u00e4\u00e4 tietoa<\/strong><br \/>\n&#8211; Vain kehikko on k\u00e4ytetty, sis\u00e4s\u00e4ili\u00f6 on t\u00e4ysin uusi ja sertifioitu<br \/>\n&#8211; FDA-hyv\u00e4ksynt\u00e4 koskee sis\u00e4s\u00e4ili\u00f6t\u00e4<br \/>\n&#8211; Sertifikaatit toimitetaan pyynn\u00f6st\u00e4<\/p>\n","protected":false},"excerpt":{"rendered":"<p>ReNewCube UN+FDA IBC 1000 Blue on kunnostettu 1000 litran IBC-s\u00e4ili\u00f6 (Intermediate Bulk Container), joka on suunniteltu k\u00e4ytt\u00f6kohteisiin, joissa tarvitaan UN-sertifiointi vaarallisten aineiden kuljetukseen ja FDA-hyv\u00e4ksynt\u00e4 elintarvikkeiden ja muiden kulutustuotteiden s\u00e4ilytykseen.<br \/>\nS\u00e4ili\u00f6ss\u00e4 on k\u00e4ytetty, tarkastettu ja hyv\u00e4ksytty galvanoitu ter\u00e4skehikko, yhdistettyn\u00e4 t\u00e4ysin uuteen siniseen HDPE-muoviseen sis\u00e4s\u00e4ili\u00f6\u00f6n, joka t\u00e4ytt\u00e4\u00e4 sek\u00e4 UN- ett\u00e4 FDA-vaatimukset.<br \/>Sininen v\u00e4ri tarjoaa UV-suojan, mik\u00e4 tekee s\u00e4ili\u00f6st\u00e4 sopivan ulkok\u00e4ytt\u00f6\u00f6n ja auringonvalolle altistuviin olosuhteisiin.<\/p>\n","protected":false},"featured_media":24825,"template":"","meta":[],"product_brand":[],"product_cat":[182],"product_tag":[],"class_list":{"0":"post-24817","1":"product","2":"type-product","3":"status-publish","4":"has-post-thumbnail","6":"product_cat-kontti","7":"product_shipping_class-containers-fi","9":"first","10":"onbackorder","11":"taxable","12":"shipping-taxable","13":"product-type-simple"},"yoast_head":"<!-- This site is optimized with the Yoast SEO plugin v26.9 - https:\/\/yoast.com\/product\/yoast-seo-wordpress\/ -->\n<title>ReNewCube UN+FDA IBC 1000 Blue \u2013 1000\u202fL kunnostettu IBC-s\u00e4ili\u00f6 k\u00e4ytetyll\u00e4 rungolla ja uudella sinisell\u00e4 UN- ja FDA-sertifioidulla sis\u00e4s\u00e4ili\u00f6ll\u00e4 - IBC konteineri m&uuml;&uuml;k, vaadid, kraanid, mahutid<\/title>\n<meta name=\"description\" content=\"ReNewCube UN+FDA IBC 1000 Blue on kunnostettu 1000 litran IBC-s\u00e4ili\u00f6 (Intermediate Bulk Container), joka on suunniteltu k\u00e4ytt\u00f6kohteisiin, joissa tarvitaan UN-sertifiointi vaarallisten aineiden kuljetukseen ja FDA-hyv\u00e4ksynt\u00e4 elintarvikkeiden ja muiden kulutustuotteiden s\u00e4ilytykseen.\" \/>\n<meta name=\"robots\" content=\"index, follow, max-snippet:-1, max-image-preview:large, max-video-preview:-1\" \/>\n<link rel=\"canonical\" href=\"https:\/\/ibc.ee\/fi\/tuote\/renewcube-unfda-ibc-1000-blue-1000-l-kunnostettu-ibc-sailio-kaytetylla-rungolla-ja-uudella-sinisella-un-ja-fda-sertifioidulla-sisasailiolla\/\" \/>\n<meta property=\"og:locale\" content=\"fi_FI\" \/>\n<meta property=\"og:type\" content=\"article\" \/>\n<meta property=\"og:title\" content=\"ReNewCube UN+FDA IBC 1000 Blue \u2013 1000\u202fL kunnostettu IBC-s\u00e4ili\u00f6 k\u00e4ytetyll\u00e4 rungolla ja uudella sinisell\u00e4 UN- ja FDA-sertifioidulla sis\u00e4s\u00e4ili\u00f6ll\u00e4 - IBC konteineri m&uuml;&uuml;k, vaadid, kraanid, mahutid\" \/>\n<meta property=\"og:description\" content=\"ReNewCube UN+FDA IBC 1000 Blue on kunnostettu 1000 litran IBC-s\u00e4ili\u00f6 (Intermediate Bulk Container), joka on suunniteltu k\u00e4ytt\u00f6kohteisiin, joissa tarvitaan UN-sertifiointi vaarallisten aineiden kuljetukseen ja FDA-hyv\u00e4ksynt\u00e4 elintarvikkeiden ja muiden kulutustuotteiden s\u00e4ilytykseen.\" \/>\n<meta property=\"og:url\" content=\"https:\/\/ibc.ee\/fi\/tuote\/renewcube-unfda-ibc-1000-blue-1000-l-kunnostettu-ibc-sailio-kaytetylla-rungolla-ja-uudella-sinisella-un-ja-fda-sertifioidulla-sisasailiolla\/\" \/>\n<meta property=\"og:site_name\" content=\"IBC konteineri m&uuml;&uuml;k, vaadid, kraanid, mahutid\" \/>\n<meta property=\"article:modified_time\" content=\"2025-11-06T14:38:22+00:00\" \/>\n<meta property=\"og:image\" content=\"https:\/\/ibc.ee\/wp-content\/uploads\/2025\/11\/ReNewCubeIBC-1000-sinine-1000L-taastatud-IBC-kasutatud-teraspuuri-ja-uue-sinise-UNFDA-sertifitseeritud-sisepudeliga.jpg\" \/>\n\t<meta property=\"og:image:width\" content=\"1000\" \/>\n\t<meta property=\"og:image:height\" content=\"1000\" \/>\n\t<meta property=\"og:image:type\" content=\"image\/jpeg\" \/>\n<meta name=\"twitter:card\" content=\"summary_large_image\" \/>\n<meta name=\"twitter:label1\" content=\"Arvioitu lukuaika\" \/>\n\t<meta name=\"twitter:data1\" content=\"1 minuutti\" \/>\n<script type=\"application\/ld+json\" class=\"yoast-schema-graph\">{\"@context\":\"https:\/\/schema.org\",\"@graph\":[{\"@type\":\"WebPage\",\"@id\":\"https:\/\/ibc.ee\/fi\/tuote\/renewcube-unfda-ibc-1000-blue-1000-l-kunnostettu-ibc-sailio-kaytetylla-rungolla-ja-uudella-sinisella-un-ja-fda-sertifioidulla-sisasailiolla\/\",\"url\":\"https:\/\/ibc.ee\/fi\/tuote\/renewcube-unfda-ibc-1000-blue-1000-l-kunnostettu-ibc-sailio-kaytetylla-rungolla-ja-uudella-sinisella-un-ja-fda-sertifioidulla-sisasailiolla\/\",\"name\":\"ReNewCube UN+FDA IBC 1000 Blue \u2013 1000\u202fL kunnostettu IBC-s\u00e4ili\u00f6 k\u00e4ytetyll\u00e4 rungolla ja uudella sinisell\u00e4 UN- ja FDA-sertifioidulla sis\u00e4s\u00e4ili\u00f6ll\u00e4 - IBC konteineri m&uuml;&uuml;k, vaadid, kraanid, mahutid\",\"isPartOf\":{\"@id\":\"https:\/\/www.ibc.ee\/fi\/#website\"},\"primaryImageOfPage\":{\"@id\":\"https:\/\/ibc.ee\/fi\/tuote\/renewcube-unfda-ibc-1000-blue-1000-l-kunnostettu-ibc-sailio-kaytetylla-rungolla-ja-uudella-sinisella-un-ja-fda-sertifioidulla-sisasailiolla\/#primaryimage\"},\"image\":{\"@id\":\"https:\/\/ibc.ee\/fi\/tuote\/renewcube-unfda-ibc-1000-blue-1000-l-kunnostettu-ibc-sailio-kaytetylla-rungolla-ja-uudella-sinisella-un-ja-fda-sertifioidulla-sisasailiolla\/#primaryimage\"},\"thumbnailUrl\":\"https:\/\/ibc.ee\/wp-content\/uploads\/2025\/11\/ReNewCubeIBC-1000-sinine-1000L-taastatud-IBC-kasutatud-teraspuuri-ja-uue-sinise-UNFDA-sertifitseeritud-sisepudeliga.jpg\",\"datePublished\":\"2025-11-06T14:04:32+00:00\",\"dateModified\":\"2025-11-06T14:38:22+00:00\",\"description\":\"ReNewCube UN+FDA IBC 1000 Blue on kunnostettu 1000 litran IBC-s\u00e4ili\u00f6 (Intermediate Bulk Container), joka on suunniteltu k\u00e4ytt\u00f6kohteisiin, joissa tarvitaan UN-sertifiointi vaarallisten aineiden kuljetukseen ja FDA-hyv\u00e4ksynt\u00e4 elintarvikkeiden ja muiden kulutustuotteiden s\u00e4ilytykseen.\",\"breadcrumb\":{\"@id\":\"https:\/\/ibc.ee\/fi\/tuote\/renewcube-unfda-ibc-1000-blue-1000-l-kunnostettu-ibc-sailio-kaytetylla-rungolla-ja-uudella-sinisella-un-ja-fda-sertifioidulla-sisasailiolla\/#breadcrumb\"},\"inLanguage\":\"fi\",\"potentialAction\":[{\"@type\":\"ReadAction\",\"target\":[\"https:\/\/ibc.ee\/fi\/tuote\/renewcube-unfda-ibc-1000-blue-1000-l-kunnostettu-ibc-sailio-kaytetylla-rungolla-ja-uudella-sinisella-un-ja-fda-sertifioidulla-sisasailiolla\/\"]}]},{\"@type\":\"ImageObject\",\"inLanguage\":\"fi\",\"@id\":\"https:\/\/ibc.ee\/fi\/tuote\/renewcube-unfda-ibc-1000-blue-1000-l-kunnostettu-ibc-sailio-kaytetylla-rungolla-ja-uudella-sinisella-un-ja-fda-sertifioidulla-sisasailiolla\/#primaryimage\",\"url\":\"https:\/\/ibc.ee\/wp-content\/uploads\/2025\/11\/ReNewCubeIBC-1000-sinine-1000L-taastatud-IBC-kasutatud-teraspuuri-ja-uue-sinise-UNFDA-sertifitseeritud-sisepudeliga.jpg\",\"contentUrl\":\"https:\/\/ibc.ee\/wp-content\/uploads\/2025\/11\/ReNewCubeIBC-1000-sinine-1000L-taastatud-IBC-kasutatud-teraspuuri-ja-uue-sinise-UNFDA-sertifitseeritud-sisepudeliga.jpg\",\"width\":1000,\"height\":1000,\"caption\":\"ReNewCube UN+FDA IBC 1000 Blue \u2013 1000L Reconditioned IBC with Used Steel Cage and New Blue UN + FDA Certified Inner Bottle\"},{\"@type\":\"BreadcrumbList\",\"@id\":\"https:\/\/ibc.ee\/fi\/tuote\/renewcube-unfda-ibc-1000-blue-1000-l-kunnostettu-ibc-sailio-kaytetylla-rungolla-ja-uudella-sinisella-un-ja-fda-sertifioidulla-sisasailiolla\/#breadcrumb\",\"itemListElement\":[{\"@type\":\"ListItem\",\"position\":1,\"name\":\"\u0413\u043b\u0430\u0432\u043d\u0430\u044f \u0441\u0442\u0440\u0430\u043d\u0438\u0446\u0430\",\"item\":\"https:\/\/www.ibc.ee\/fi\/\"},{\"@type\":\"ListItem\",\"position\":2,\"name\":\"Myym\u00e4l\u00e4\",\"item\":\"https:\/\/www.ibc.ee\/fi\/shop\/\"},{\"@type\":\"ListItem\",\"position\":3,\"name\":\"ReNewCube UN+FDA IBC 1000 Blue \u2013 1000\u202fL kunnostettu IBC-s\u00e4ili\u00f6 k\u00e4ytetyll\u00e4 rungolla ja uudella sinisell\u00e4 UN- ja FDA-sertifioidulla sis\u00e4s\u00e4ili\u00f6ll\u00e4\"}]},{\"@type\":\"WebSite\",\"@id\":\"https:\/\/www.ibc.ee\/fi\/#website\",\"url\":\"https:\/\/www.ibc.ee\/fi\/\",\"name\":\"IBC konteineri m&uuml;&uuml;k, vaadid, kraanid, mahutid\",\"description\":\"IBC - Tank container valve, Adapters\\\\fittings, Intermediate bulk, container, Drums\/cans\",\"potentialAction\":[{\"@type\":\"SearchAction\",\"target\":{\"@type\":\"EntryPoint\",\"urlTemplate\":\"https:\/\/www.ibc.ee\/fi\/?s={search_term_string}\"},\"query-input\":{\"@type\":\"PropertyValueSpecification\",\"valueRequired\":true,\"valueName\":\"search_term_string\"}}],\"inLanguage\":\"fi\"}]}<\/script>\n<!-- \/ Yoast SEO plugin. -->","yoast_head_json":{"title":"ReNewCube UN+FDA IBC 1000 Blue \u2013 1000\u202fL kunnostettu IBC-s\u00e4ili\u00f6 k\u00e4ytetyll\u00e4 rungolla ja uudella sinisell\u00e4 UN- ja FDA-sertifioidulla sis\u00e4s\u00e4ili\u00f6ll\u00e4 - IBC konteineri m&uuml;&uuml;k, vaadid, kraanid, mahutid","description":"ReNewCube UN+FDA IBC 1000 Blue on kunnostettu 1000 litran IBC-s\u00e4ili\u00f6 (Intermediate Bulk Container), joka on suunniteltu k\u00e4ytt\u00f6kohteisiin, joissa tarvitaan UN-sertifiointi vaarallisten aineiden kuljetukseen ja FDA-hyv\u00e4ksynt\u00e4 elintarvikkeiden ja muiden kulutustuotteiden s\u00e4ilytykseen.","robots":{"index":"index","follow":"follow","max-snippet":"max-snippet:-1","max-image-preview":"max-image-preview:large","max-video-preview":"max-video-preview:-1"},"canonical":"https:\/\/ibc.ee\/fi\/tuote\/renewcube-unfda-ibc-1000-blue-1000-l-kunnostettu-ibc-sailio-kaytetylla-rungolla-ja-uudella-sinisella-un-ja-fda-sertifioidulla-sisasailiolla\/","og_locale":"fi_FI","og_type":"article","og_title":"ReNewCube UN+FDA IBC 1000 Blue \u2013 1000\u202fL kunnostettu IBC-s\u00e4ili\u00f6 k\u00e4ytetyll\u00e4 rungolla ja uudella sinisell\u00e4 UN- ja FDA-sertifioidulla sis\u00e4s\u00e4ili\u00f6ll\u00e4 - IBC konteineri m&uuml;&uuml;k, vaadid, kraanid, mahutid","og_description":"ReNewCube UN+FDA IBC 1000 Blue on kunnostettu 1000 litran IBC-s\u00e4ili\u00f6 (Intermediate Bulk Container), joka on suunniteltu k\u00e4ytt\u00f6kohteisiin, joissa tarvitaan UN-sertifiointi vaarallisten aineiden kuljetukseen ja FDA-hyv\u00e4ksynt\u00e4 elintarvikkeiden ja muiden kulutustuotteiden s\u00e4ilytykseen.","og_url":"https:\/\/ibc.ee\/fi\/tuote\/renewcube-unfda-ibc-1000-blue-1000-l-kunnostettu-ibc-sailio-kaytetylla-rungolla-ja-uudella-sinisella-un-ja-fda-sertifioidulla-sisasailiolla\/","og_site_name":"IBC konteineri m&uuml;&uuml;k, vaadid, kraanid, mahutid","article_modified_time":"2025-11-06T14:38:22+00:00","og_image":[{"width":1000,"height":1000,"url":"https:\/\/ibc.ee\/wp-content\/uploads\/2025\/11\/ReNewCubeIBC-1000-sinine-1000L-taastatud-IBC-kasutatud-teraspuuri-ja-uue-sinise-UNFDA-sertifitseeritud-sisepudeliga.jpg","type":"image\/jpeg"}],"twitter_card":"summary_large_image","twitter_misc":{"Arvioitu lukuaika":"1 minuutti"},"schema":{"@context":"https:\/\/schema.org","@graph":[{"@type":"WebPage","@id":"https:\/\/ibc.ee\/fi\/tuote\/renewcube-unfda-ibc-1000-blue-1000-l-kunnostettu-ibc-sailio-kaytetylla-rungolla-ja-uudella-sinisella-un-ja-fda-sertifioidulla-sisasailiolla\/","url":"https:\/\/ibc.ee\/fi\/tuote\/renewcube-unfda-ibc-1000-blue-1000-l-kunnostettu-ibc-sailio-kaytetylla-rungolla-ja-uudella-sinisella-un-ja-fda-sertifioidulla-sisasailiolla\/","name":"ReNewCube UN+FDA IBC 1000 Blue \u2013 1000\u202fL kunnostettu IBC-s\u00e4ili\u00f6 k\u00e4ytetyll\u00e4 rungolla ja uudella sinisell\u00e4 UN- ja FDA-sertifioidulla sis\u00e4s\u00e4ili\u00f6ll\u00e4 - IBC konteineri m&uuml;&uuml;k, vaadid, kraanid, mahutid","isPartOf":{"@id":"https:\/\/www.ibc.ee\/fi\/#website"},"primaryImageOfPage":{"@id":"https:\/\/ibc.ee\/fi\/tuote\/renewcube-unfda-ibc-1000-blue-1000-l-kunnostettu-ibc-sailio-kaytetylla-rungolla-ja-uudella-sinisella-un-ja-fda-sertifioidulla-sisasailiolla\/#primaryimage"},"image":{"@id":"https:\/\/ibc.ee\/fi\/tuote\/renewcube-unfda-ibc-1000-blue-1000-l-kunnostettu-ibc-sailio-kaytetylla-rungolla-ja-uudella-sinisella-un-ja-fda-sertifioidulla-sisasailiolla\/#primaryimage"},"thumbnailUrl":"https:\/\/ibc.ee\/wp-content\/uploads\/2025\/11\/ReNewCubeIBC-1000-sinine-1000L-taastatud-IBC-kasutatud-teraspuuri-ja-uue-sinise-UNFDA-sertifitseeritud-sisepudeliga.jpg","datePublished":"2025-11-06T14:04:32+00:00","dateModified":"2025-11-06T14:38:22+00:00","description":"ReNewCube UN+FDA IBC 1000 Blue on kunnostettu 1000 litran IBC-s\u00e4ili\u00f6 (Intermediate Bulk Container), joka on suunniteltu k\u00e4ytt\u00f6kohteisiin, joissa tarvitaan UN-sertifiointi vaarallisten aineiden kuljetukseen ja FDA-hyv\u00e4ksynt\u00e4 elintarvikkeiden ja muiden kulutustuotteiden s\u00e4ilytykseen.","breadcrumb":{"@id":"https:\/\/ibc.ee\/fi\/tuote\/renewcube-unfda-ibc-1000-blue-1000-l-kunnostettu-ibc-sailio-kaytetylla-rungolla-ja-uudella-sinisella-un-ja-fda-sertifioidulla-sisasailiolla\/#breadcrumb"},"inLanguage":"fi","potentialAction":[{"@type":"ReadAction","target":["https:\/\/ibc.ee\/fi\/tuote\/renewcube-unfda-ibc-1000-blue-1000-l-kunnostettu-ibc-sailio-kaytetylla-rungolla-ja-uudella-sinisella-un-ja-fda-sertifioidulla-sisasailiolla\/"]}]},{"@type":"ImageObject","inLanguage":"fi","@id":"https:\/\/ibc.ee\/fi\/tuote\/renewcube-unfda-ibc-1000-blue-1000-l-kunnostettu-ibc-sailio-kaytetylla-rungolla-ja-uudella-sinisella-un-ja-fda-sertifioidulla-sisasailiolla\/#primaryimage","url":"https:\/\/ibc.ee\/wp-content\/uploads\/2025\/11\/ReNewCubeIBC-1000-sinine-1000L-taastatud-IBC-kasutatud-teraspuuri-ja-uue-sinise-UNFDA-sertifitseeritud-sisepudeliga.jpg","contentUrl":"https:\/\/ibc.ee\/wp-content\/uploads\/2025\/11\/ReNewCubeIBC-1000-sinine-1000L-taastatud-IBC-kasutatud-teraspuuri-ja-uue-sinise-UNFDA-sertifitseeritud-sisepudeliga.jpg","width":1000,"height":1000,"caption":"ReNewCube UN+FDA IBC 1000 Blue \u2013 1000L Reconditioned IBC with Used Steel Cage and New Blue UN + FDA Certified Inner Bottle"},{"@type":"BreadcrumbList","@id":"https:\/\/ibc.ee\/fi\/tuote\/renewcube-unfda-ibc-1000-blue-1000-l-kunnostettu-ibc-sailio-kaytetylla-rungolla-ja-uudella-sinisella-un-ja-fda-sertifioidulla-sisasailiolla\/#breadcrumb","itemListElement":[{"@type":"ListItem","position":1,"name":"\u0413\u043b\u0430\u0432\u043d\u0430\u044f \u0441\u0442\u0440\u0430\u043d\u0438\u0446\u0430","item":"https:\/\/www.ibc.ee\/fi\/"},{"@type":"ListItem","position":2,"name":"Myym\u00e4l\u00e4","item":"https:\/\/www.ibc.ee\/fi\/shop\/"},{"@type":"ListItem","position":3,"name":"ReNewCube UN+FDA IBC 1000 Blue \u2013 1000\u202fL kunnostettu IBC-s\u00e4ili\u00f6 k\u00e4ytetyll\u00e4 rungolla ja uudella sinisell\u00e4 UN- ja FDA-sertifioidulla sis\u00e4s\u00e4ili\u00f6ll\u00e4"}]},{"@type":"WebSite","@id":"https:\/\/www.ibc.ee\/fi\/#website","url":"https:\/\/www.ibc.ee\/fi\/","name":"IBC konteineri m&uuml;&uuml;k, vaadid, kraanid, mahutid","description":"IBC - Tank container valve, Adapters\\fittings, Intermediate bulk, container, Drums\/cans","potentialAction":[{"@type":"SearchAction","target":{"@type":"EntryPoint","urlTemplate":"https:\/\/www.ibc.ee\/fi\/?s={search_term_string}"},"query-input":{"@type":"PropertyValueSpecification","valueRequired":true,"valueName":"search_term_string"}}],"inLanguage":"fi"}]}},"_links":{"self":[{"href":"https:\/\/ibc.ee\/fi\/wp-json\/wp\/v2\/product\/24817","targetHints":{"allow":["GET"]}}],"collection":[{"href":"https:\/\/ibc.ee\/fi\/wp-json\/wp\/v2\/product"}],"about":[{"href":"https:\/\/ibc.ee\/fi\/wp-json\/wp\/v2\/types\/product"}],"wp:featuredmedia":[{"embeddable":true,"href":"https:\/\/ibc.ee\/fi\/wp-json\/wp\/v2\/media\/24825"}],"wp:attachment":[{"href":"https:\/\/ibc.ee\/fi\/wp-json\/wp\/v2\/media?parent=24817"}],"wp:term":[{"taxonomy":"product_brand","embeddable":true,"href":"https:\/\/ibc.ee\/fi\/wp-json\/wp\/v2\/product_brand?post=24817"},{"taxonomy":"product_cat","embeddable":true,"href":"https:\/\/ibc.ee\/fi\/wp-json\/wp\/v2\/product_cat?post=24817"},{"taxonomy":"product_tag","embeddable":true,"href":"https:\/\/ibc.ee\/fi\/wp-json\/wp\/v2\/product_tag?post=24817"}],"curies":[{"name":"wp","href":"https:\/\/api.w.org\/{rel}","templated":true}]}}