{"id":24890,"date":"2025-11-11T09:18:58","date_gmt":"2025-11-11T07:18:58","guid":{"rendered":"https:\/\/ibc.ee\/?post_type=product&#038;p=24890"},"modified":"2025-11-11T09:45:27","modified_gmt":"2025-11-11T07:45:27","slug":"newinner-ibc-1000-vaihdettava-sisasailio-bladder-1000-l-ibc-kontteihin","status":"publish","type":"product","link":"https:\/\/ibc.ee\/fi\/tuote\/newinner-ibc-1000-vaihdettava-sisasailio-bladder-1000-l-ibc-kontteihin\/","title":{"rendered":"NewInner IBC 1000 \u2013 Vaihdettava sis\u00e4s\u00e4ili\u00f6 (bladder) 1000\u202fL IBC-kontteihin"},"content":{"rendered":"<p><strong>Keskeiset ominaisuudet<\/strong><br \/>\n&#8211; Tilavuus: 1000 litraa (275 gallonaa)<br \/>\n&#8211; Kunto: Uusi<br \/>\n&#8211; Materiaali: Korkealaatuinen HDPE (tihe\u00e4polyeteeni)<br \/>\n&#8211; Kansi: \u00d8150 mm kierrett\u00e4v\u00e4 korkki<br \/>\n&#8211; Pohjaventtiilin kierre: S60x6 (yhteensopiva standardiventtiilien kanssa)<br \/>\n&#8211; V\u00e4ri: Luonnonv\u00e4ri (l\u00e4pikuultava) tai sininen (UV-suojattu) \u2013 saatavuus voi vaihdella<br \/>\n&#8211; Runko ja lava: Ei sis\u00e4lly toimitukseen<br \/>\n&#8211; Sertifikaatit: Ei mukana \u2013 tarkistettava k\u00e4ytt\u00f6\u00f6n soveltuvuus erikseen<\/p>\n<p><strong>K\u00e4ytt\u00f6kohteet<\/strong><br \/>\n&#8211; Vaurioituneiden tai likaantuneiden IBC-sis\u00e4s\u00e4ili\u00f6iden vaihtoon<br \/>\n&#8211; Vanhojen IBC-konttien kunnostukseen ei-kriittisiin k\u00e4ytt\u00f6tarkoituksiin<br \/>\n&#8211; Edullinen vaihtoehto uuden IBC:n ostamiselle<br \/>\n&#8211; Sopii teknisiin nesteisiin, maatalouteen, rakennusalalle yms.<\/p>\n<p><strong>Miksi valita NewInner IBC 1000?<\/strong><br \/>\n&#8211; Pident\u00e4\u00e4 nykyisten IBC-s\u00e4ili\u00f6iden k\u00e4ytt\u00f6ik\u00e4\u00e4<br \/>\n&#8211; Edullinen ja ymp\u00e4rist\u00f6yst\u00e4v\u00e4llinen ratkaisu<br \/>\n&#8211; Helppo asentaa vakiokokoisiin metallikehyksiin<br \/>\n&#8211; Yhteensopiva yleisimpien korkkien ja venttiilien kanssa<br \/>\n\u26a0\ufe0f Huom: Tarkista aina vanhan s\u00e4ili\u00f6n rungon ja lavan kunto ennen uuden sis\u00e4s\u00e4ili\u00f6n asentamista.<\/p>\n","protected":false},"excerpt":{"rendered":"<p>NewInner IBC 1000 on uusi muovinen sis\u00e4s\u00e4ili\u00f6 (tunnetaan my\u00f6s nimell\u00e4 IBC-bladder), joka on suunniteltu korvaamaan vakio-IBC-s\u00e4ili\u00f6n sis\u00e4osa (1000 litraa), jossa on metallinen ritil\u00e4kori ja lavapohja.<br \/>\nSe on erinomainen ratkaisu, kun vanhan s\u00e4ili\u00f6n runko ja lava ovat edelleen k\u00e4ytt\u00f6kelpoisia, mutta muoviosa on vaurioitunut, saastunut tai muuten k\u00e4ytt\u00f6kelvoton.<br \/>Toimitus ei sis\u00e4ll\u00e4 metallikehikkoa tai lavaa \u2013 myynniss\u00e4 on pelkk\u00e4 sis\u00e4s\u00e4ili\u00f6.<br \/>T\u00e4ydellinen valinta, kun haluat pident\u00e4\u00e4 vanhan IBC-s\u00e4ili\u00f6n k\u00e4ytt\u00f6ik\u00e4\u00e4 kustannustehokkaasti ja ymp\u00e4rist\u00f6yst\u00e4v\u00e4llisesti.<\/p>\n","protected":false},"featured_media":24898,"template":"","meta":[],"product_brand":[],"product_cat":[182],"product_tag":[],"class_list":{"0":"post-24890","1":"product","2":"type-product","3":"status-publish","4":"has-post-thumbnail","6":"product_cat-kontti","7":"product_shipping_class-containers-fi","9":"first","10":"onbackorder","11":"taxable","12":"shipping-taxable","13":"product-type-simple"},"yoast_head":"<!-- This site is optimized with the Yoast SEO plugin v26.9 - https:\/\/yoast.com\/product\/yoast-seo-wordpress\/ -->\n<title>NewInner IBC 1000 \u2013 Vaihdettava sis\u00e4s\u00e4ili\u00f6 (bladder) 1000\u202fL IBC-kontteihin - IBC konteineri m&uuml;&uuml;k, vaadid, kraanid, mahutid<\/title>\n<meta name=\"description\" content=\"NewInner IBC 1000 on uusi muovinen sis\u00e4s\u00e4ili\u00f6 (tunnetaan my\u00f6s nimell\u00e4 IBC-bladder), joka on suunniteltu korvaamaan vakio-IBC-s\u00e4ili\u00f6n sis\u00e4osa (1000 litraa), jossa on metallinen ritil\u00e4kori ja lavapohja.\" \/>\n<meta name=\"robots\" content=\"index, follow, max-snippet:-1, max-image-preview:large, max-video-preview:-1\" \/>\n<link rel=\"canonical\" href=\"https:\/\/ibc.ee\/fi\/tuote\/newinner-ibc-1000-vaihdettava-sisasailio-bladder-1000-l-ibc-kontteihin\/\" \/>\n<meta property=\"og:locale\" content=\"fi_FI\" \/>\n<meta property=\"og:type\" content=\"article\" \/>\n<meta property=\"og:title\" content=\"NewInner IBC 1000 \u2013 Vaihdettava sis\u00e4s\u00e4ili\u00f6 (bladder) 1000\u202fL IBC-kontteihin - IBC konteineri m&uuml;&uuml;k, vaadid, kraanid, mahutid\" \/>\n<meta property=\"og:description\" content=\"NewInner IBC 1000 on uusi muovinen sis\u00e4s\u00e4ili\u00f6 (tunnetaan my\u00f6s nimell\u00e4 IBC-bladder), joka on suunniteltu korvaamaan vakio-IBC-s\u00e4ili\u00f6n sis\u00e4osa (1000 litraa), jossa on metallinen ritil\u00e4kori ja lavapohja.\" \/>\n<meta property=\"og:url\" content=\"https:\/\/ibc.ee\/fi\/tuote\/newinner-ibc-1000-vaihdettava-sisasailio-bladder-1000-l-ibc-kontteihin\/\" \/>\n<meta property=\"og:site_name\" content=\"IBC konteineri m&uuml;&uuml;k, vaadid, kraanid, mahutid\" \/>\n<meta property=\"article:modified_time\" content=\"2025-11-11T07:45:27+00:00\" \/>\n<meta property=\"og:image\" content=\"https:\/\/ibc.ee\/wp-content\/uploads\/2025\/11\/NewInner-IBC-1000L-IBC-de-vahetussisekonteiner-pois.jpg\" \/>\n\t<meta property=\"og:image:width\" content=\"930\" \/>\n\t<meta property=\"og:image:height\" content=\"930\" \/>\n\t<meta property=\"og:image:type\" content=\"image\/jpeg\" \/>\n<meta name=\"twitter:card\" content=\"summary_large_image\" \/>\n<meta name=\"twitter:label1\" content=\"Arvioitu lukuaika\" \/>\n\t<meta name=\"twitter:data1\" content=\"1 minuutti\" \/>\n<script type=\"application\/ld+json\" class=\"yoast-schema-graph\">{\"@context\":\"https:\/\/schema.org\",\"@graph\":[{\"@type\":\"WebPage\",\"@id\":\"https:\/\/ibc.ee\/fi\/tuote\/newinner-ibc-1000-vaihdettava-sisasailio-bladder-1000-l-ibc-kontteihin\/\",\"url\":\"https:\/\/ibc.ee\/fi\/tuote\/newinner-ibc-1000-vaihdettava-sisasailio-bladder-1000-l-ibc-kontteihin\/\",\"name\":\"NewInner IBC 1000 \u2013 Vaihdettava sis\u00e4s\u00e4ili\u00f6 (bladder) 1000\u202fL IBC-kontteihin - IBC konteineri m&uuml;&uuml;k, vaadid, kraanid, mahutid\",\"isPartOf\":{\"@id\":\"https:\/\/www.ibc.ee\/fi\/#website\"},\"primaryImageOfPage\":{\"@id\":\"https:\/\/ibc.ee\/fi\/tuote\/newinner-ibc-1000-vaihdettava-sisasailio-bladder-1000-l-ibc-kontteihin\/#primaryimage\"},\"image\":{\"@id\":\"https:\/\/ibc.ee\/fi\/tuote\/newinner-ibc-1000-vaihdettava-sisasailio-bladder-1000-l-ibc-kontteihin\/#primaryimage\"},\"thumbnailUrl\":\"https:\/\/ibc.ee\/wp-content\/uploads\/2025\/11\/NewInner-IBC-1000L-IBC-de-vahetussisekonteiner-pois.jpg\",\"datePublished\":\"2025-11-11T07:18:58+00:00\",\"dateModified\":\"2025-11-11T07:45:27+00:00\",\"description\":\"NewInner IBC 1000 on uusi muovinen sis\u00e4s\u00e4ili\u00f6 (tunnetaan my\u00f6s nimell\u00e4 IBC-bladder), joka on suunniteltu korvaamaan vakio-IBC-s\u00e4ili\u00f6n sis\u00e4osa (1000 litraa), jossa on metallinen ritil\u00e4kori ja lavapohja.\",\"breadcrumb\":{\"@id\":\"https:\/\/ibc.ee\/fi\/tuote\/newinner-ibc-1000-vaihdettava-sisasailio-bladder-1000-l-ibc-kontteihin\/#breadcrumb\"},\"inLanguage\":\"fi\",\"potentialAction\":[{\"@type\":\"ReadAction\",\"target\":[\"https:\/\/ibc.ee\/fi\/tuote\/newinner-ibc-1000-vaihdettava-sisasailio-bladder-1000-l-ibc-kontteihin\/\"]}]},{\"@type\":\"ImageObject\",\"inLanguage\":\"fi\",\"@id\":\"https:\/\/ibc.ee\/fi\/tuote\/newinner-ibc-1000-vaihdettava-sisasailio-bladder-1000-l-ibc-kontteihin\/#primaryimage\",\"url\":\"https:\/\/ibc.ee\/wp-content\/uploads\/2025\/11\/NewInner-IBC-1000L-IBC-de-vahetussisekonteiner-pois.jpg\",\"contentUrl\":\"https:\/\/ibc.ee\/wp-content\/uploads\/2025\/11\/NewInner-IBC-1000L-IBC-de-vahetussisekonteiner-pois.jpg\",\"width\":930,\"height\":930,\"caption\":\"NewInner IBC 1000 \u2013 Replacement Inner Container (Bladder) for 1000L IBCs\"},{\"@type\":\"BreadcrumbList\",\"@id\":\"https:\/\/ibc.ee\/fi\/tuote\/newinner-ibc-1000-vaihdettava-sisasailio-bladder-1000-l-ibc-kontteihin\/#breadcrumb\",\"itemListElement\":[{\"@type\":\"ListItem\",\"position\":1,\"name\":\"\u0413\u043b\u0430\u0432\u043d\u0430\u044f \u0441\u0442\u0440\u0430\u043d\u0438\u0446\u0430\",\"item\":\"https:\/\/www.ibc.ee\/fi\/\"},{\"@type\":\"ListItem\",\"position\":2,\"name\":\"Myym\u00e4l\u00e4\",\"item\":\"https:\/\/www.ibc.ee\/fi\/shop\/\"},{\"@type\":\"ListItem\",\"position\":3,\"name\":\"NewInner IBC 1000 \u2013 Vaihdettava sis\u00e4s\u00e4ili\u00f6 (bladder) 1000\u202fL IBC-kontteihin\"}]},{\"@type\":\"WebSite\",\"@id\":\"https:\/\/www.ibc.ee\/fi\/#website\",\"url\":\"https:\/\/www.ibc.ee\/fi\/\",\"name\":\"IBC konteineri m&uuml;&uuml;k, vaadid, kraanid, mahutid\",\"description\":\"IBC - Tank container valve, Adapters\\\\fittings, Intermediate bulk, container, Drums\/cans\",\"potentialAction\":[{\"@type\":\"SearchAction\",\"target\":{\"@type\":\"EntryPoint\",\"urlTemplate\":\"https:\/\/www.ibc.ee\/fi\/?s={search_term_string}\"},\"query-input\":{\"@type\":\"PropertyValueSpecification\",\"valueRequired\":true,\"valueName\":\"search_term_string\"}}],\"inLanguage\":\"fi\"}]}<\/script>\n<!-- \/ Yoast SEO plugin. -->","yoast_head_json":{"title":"NewInner IBC 1000 \u2013 Vaihdettava sis\u00e4s\u00e4ili\u00f6 (bladder) 1000\u202fL IBC-kontteihin - IBC konteineri m&uuml;&uuml;k, vaadid, kraanid, mahutid","description":"NewInner IBC 1000 on uusi muovinen sis\u00e4s\u00e4ili\u00f6 (tunnetaan my\u00f6s nimell\u00e4 IBC-bladder), joka on suunniteltu korvaamaan vakio-IBC-s\u00e4ili\u00f6n sis\u00e4osa (1000 litraa), jossa on metallinen ritil\u00e4kori ja lavapohja.","robots":{"index":"index","follow":"follow","max-snippet":"max-snippet:-1","max-image-preview":"max-image-preview:large","max-video-preview":"max-video-preview:-1"},"canonical":"https:\/\/ibc.ee\/fi\/tuote\/newinner-ibc-1000-vaihdettava-sisasailio-bladder-1000-l-ibc-kontteihin\/","og_locale":"fi_FI","og_type":"article","og_title":"NewInner IBC 1000 \u2013 Vaihdettava sis\u00e4s\u00e4ili\u00f6 (bladder) 1000\u202fL IBC-kontteihin - IBC konteineri m&uuml;&uuml;k, vaadid, kraanid, mahutid","og_description":"NewInner IBC 1000 on uusi muovinen sis\u00e4s\u00e4ili\u00f6 (tunnetaan my\u00f6s nimell\u00e4 IBC-bladder), joka on suunniteltu korvaamaan vakio-IBC-s\u00e4ili\u00f6n sis\u00e4osa (1000 litraa), jossa on metallinen ritil\u00e4kori ja lavapohja.","og_url":"https:\/\/ibc.ee\/fi\/tuote\/newinner-ibc-1000-vaihdettava-sisasailio-bladder-1000-l-ibc-kontteihin\/","og_site_name":"IBC konteineri m&uuml;&uuml;k, vaadid, kraanid, mahutid","article_modified_time":"2025-11-11T07:45:27+00:00","og_image":[{"width":930,"height":930,"url":"https:\/\/ibc.ee\/wp-content\/uploads\/2025\/11\/NewInner-IBC-1000L-IBC-de-vahetussisekonteiner-pois.jpg","type":"image\/jpeg"}],"twitter_card":"summary_large_image","twitter_misc":{"Arvioitu lukuaika":"1 minuutti"},"schema":{"@context":"https:\/\/schema.org","@graph":[{"@type":"WebPage","@id":"https:\/\/ibc.ee\/fi\/tuote\/newinner-ibc-1000-vaihdettava-sisasailio-bladder-1000-l-ibc-kontteihin\/","url":"https:\/\/ibc.ee\/fi\/tuote\/newinner-ibc-1000-vaihdettava-sisasailio-bladder-1000-l-ibc-kontteihin\/","name":"NewInner IBC 1000 \u2013 Vaihdettava sis\u00e4s\u00e4ili\u00f6 (bladder) 1000\u202fL IBC-kontteihin - IBC konteineri m&uuml;&uuml;k, vaadid, kraanid, mahutid","isPartOf":{"@id":"https:\/\/www.ibc.ee\/fi\/#website"},"primaryImageOfPage":{"@id":"https:\/\/ibc.ee\/fi\/tuote\/newinner-ibc-1000-vaihdettava-sisasailio-bladder-1000-l-ibc-kontteihin\/#primaryimage"},"image":{"@id":"https:\/\/ibc.ee\/fi\/tuote\/newinner-ibc-1000-vaihdettava-sisasailio-bladder-1000-l-ibc-kontteihin\/#primaryimage"},"thumbnailUrl":"https:\/\/ibc.ee\/wp-content\/uploads\/2025\/11\/NewInner-IBC-1000L-IBC-de-vahetussisekonteiner-pois.jpg","datePublished":"2025-11-11T07:18:58+00:00","dateModified":"2025-11-11T07:45:27+00:00","description":"NewInner IBC 1000 on uusi muovinen sis\u00e4s\u00e4ili\u00f6 (tunnetaan my\u00f6s nimell\u00e4 IBC-bladder), joka on suunniteltu korvaamaan vakio-IBC-s\u00e4ili\u00f6n sis\u00e4osa (1000 litraa), jossa on metallinen ritil\u00e4kori ja lavapohja.","breadcrumb":{"@id":"https:\/\/ibc.ee\/fi\/tuote\/newinner-ibc-1000-vaihdettava-sisasailio-bladder-1000-l-ibc-kontteihin\/#breadcrumb"},"inLanguage":"fi","potentialAction":[{"@type":"ReadAction","target":["https:\/\/ibc.ee\/fi\/tuote\/newinner-ibc-1000-vaihdettava-sisasailio-bladder-1000-l-ibc-kontteihin\/"]}]},{"@type":"ImageObject","inLanguage":"fi","@id":"https:\/\/ibc.ee\/fi\/tuote\/newinner-ibc-1000-vaihdettava-sisasailio-bladder-1000-l-ibc-kontteihin\/#primaryimage","url":"https:\/\/ibc.ee\/wp-content\/uploads\/2025\/11\/NewInner-IBC-1000L-IBC-de-vahetussisekonteiner-pois.jpg","contentUrl":"https:\/\/ibc.ee\/wp-content\/uploads\/2025\/11\/NewInner-IBC-1000L-IBC-de-vahetussisekonteiner-pois.jpg","width":930,"height":930,"caption":"NewInner IBC 1000 \u2013 Replacement Inner Container (Bladder) for 1000L IBCs"},{"@type":"BreadcrumbList","@id":"https:\/\/ibc.ee\/fi\/tuote\/newinner-ibc-1000-vaihdettava-sisasailio-bladder-1000-l-ibc-kontteihin\/#breadcrumb","itemListElement":[{"@type":"ListItem","position":1,"name":"\u0413\u043b\u0430\u0432\u043d\u0430\u044f \u0441\u0442\u0440\u0430\u043d\u0438\u0446\u0430","item":"https:\/\/www.ibc.ee\/fi\/"},{"@type":"ListItem","position":2,"name":"Myym\u00e4l\u00e4","item":"https:\/\/www.ibc.ee\/fi\/shop\/"},{"@type":"ListItem","position":3,"name":"NewInner IBC 1000 \u2013 Vaihdettava sis\u00e4s\u00e4ili\u00f6 (bladder) 1000\u202fL IBC-kontteihin"}]},{"@type":"WebSite","@id":"https:\/\/www.ibc.ee\/fi\/#website","url":"https:\/\/www.ibc.ee\/fi\/","name":"IBC konteineri m&uuml;&uuml;k, vaadid, kraanid, mahutid","description":"IBC - Tank container valve, Adapters\\fittings, Intermediate bulk, container, Drums\/cans","potentialAction":[{"@type":"SearchAction","target":{"@type":"EntryPoint","urlTemplate":"https:\/\/www.ibc.ee\/fi\/?s={search_term_string}"},"query-input":{"@type":"PropertyValueSpecification","valueRequired":true,"valueName":"search_term_string"}}],"inLanguage":"fi"}]}},"_links":{"self":[{"href":"https:\/\/ibc.ee\/fi\/wp-json\/wp\/v2\/product\/24890","targetHints":{"allow":["GET"]}}],"collection":[{"href":"https:\/\/ibc.ee\/fi\/wp-json\/wp\/v2\/product"}],"about":[{"href":"https:\/\/ibc.ee\/fi\/wp-json\/wp\/v2\/types\/product"}],"wp:featuredmedia":[{"embeddable":true,"href":"https:\/\/ibc.ee\/fi\/wp-json\/wp\/v2\/media\/24898"}],"wp:attachment":[{"href":"https:\/\/ibc.ee\/fi\/wp-json\/wp\/v2\/media?parent=24890"}],"wp:term":[{"taxonomy":"product_brand","embeddable":true,"href":"https:\/\/ibc.ee\/fi\/wp-json\/wp\/v2\/product_brand?post=24890"},{"taxonomy":"product_cat","embeddable":true,"href":"https:\/\/ibc.ee\/fi\/wp-json\/wp\/v2\/product_cat?post=24890"},{"taxonomy":"product_tag","embeddable":true,"href":"https:\/\/ibc.ee\/fi\/wp-json\/wp\/v2\/product_tag?post=24890"}],"curies":[{"name":"wp","href":"https:\/\/api.w.org\/{rel}","templated":true}]}}