{"id":24908,"date":"2025-11-11T10:11:58","date_gmt":"2025-11-11T08:11:58","guid":{"rendered":"https:\/\/ibc.ee\/?post_type=product&#038;p=24908"},"modified":"2025-11-11T10:34:20","modified_gmt":"2025-11-11T08:34:20","slug":"newinner-fda-ibc-1000-fda-sertifioitu-sisasailio-1000-l-ibc-kontteihin","status":"publish","type":"product","link":"https:\/\/ibc.ee\/fi\/tuote\/newinner-fda-ibc-1000-fda-sertifioitu-sisasailio-1000-l-ibc-kontteihin\/","title":{"rendered":"NewInner FDA IBC 1000 \u2013 FDA-sertifioitu sis\u00e4s\u00e4ili\u00f6 1000\u202fL IBC-kontteihin"},"content":{"rendered":"<p><strong>Keskeiset ominaisuudet<\/strong><br \/>\n&#8211; Tilavuus: 1000 litraa (275 gallonaa)<br \/>\n&#8211; Kunto: Uusi<br \/>\n&#8211; Materiaali: Elintarvikekelpoinen HDPE, FDA-sertifioitu<br \/>\n&#8211; V\u00e4ri: Luonnollinen (puolil\u00e4pin\u00e4kyv\u00e4) \u2013 helppo visuaalinen tarkastus<br \/>\n&#8211; Yl\u00e4osa: \u00d8150 mm kierrekansi<br \/>\n&#8211; Alaosan liit\u00e4nt\u00e4: S60x6 \u2013 yhteensopiva tavallisten IBC-venttiilien kanssa<br \/>\n&#8211; Sertifikaatti: FDA-yhteensopiva elintarvikekosketukseen<br \/>\n&#8211; Kehikko ja lava: Eiv\u00e4t sis\u00e4lly toimitukseen<\/p>\n<p><strong>Suositellut k\u00e4ytt\u00f6kohteet<\/strong><br \/>\n&#8211; Elintarvikehyv\u00e4ksyttyjen IBC-s\u00e4ili\u00f6iden kunnostus<br \/>\n&#8211; Ruoka\u00f6ljyjen, mehujen, siirappien, viinin ja maitotuotteiden k\u00e4sittely<br \/>\n&#8211; Kosmetiikka- ja l\u00e4\u00e4keteollisuuden nesteet<br \/>\n&#8211; Hygieeninen ja turvallinen nesteiden kuljetus<br \/>\n&#8211; K\u00e4ytettyjen IBC-kehikoiden hy\u00f6dynt\u00e4minen uudelleen<\/p>\n<p><strong>Miksi valita NewInner FDA IBC 1000?<\/strong><br \/>\n&#8211; T\u00e4ytt\u00e4\u00e4 FDA:n vaatimukset elintarvikekontaktiin<br \/>\n&#8211; Edullinen vaihtoehto uuden sertifioidun IBC:n ostamiselle<br \/>\n&#8211; Ymp\u00e4rist\u00f6yst\u00e4v\u00e4llinen \u2013 mahdollistaa kehikon uudelleenk\u00e4yt\u00f6n<br \/>\n&#8211; Helppo asentaa useimpiin IBC-kehyksiin<br \/>\n&#8211; V\u00e4hent\u00e4\u00e4 muovij\u00e4tett\u00e4 ja pident\u00e4\u00e4 tuotteen k\u00e4ytt\u00f6ik\u00e4\u00e4<br \/>\n\u2705 Varmista ennen asennusta, ett\u00e4 IBC:n kehikko ja lava ovat rakenteellisesti ehj\u00e4t.<\/p>\n","protected":false},"excerpt":{"rendered":"<p>NewInner FDA IBC 1000 on t\u00e4ysin uusi, FDA-hyv\u00e4ksytty sis\u00e4s\u00e4ili\u00f6 (tunnetaan my\u00f6s nimell\u00e4 IBC-bladder tai sis\u00e4pullo), joka on suunniteltu korvaamaan 1000 litran IBC-konttien sis\u00e4osan metallikehikon ja lavan sis\u00e4ll\u00e4.<br \/>S\u00e4ili\u00f6 on valmistettu elintarvikekelpoisesta HDPE-muovista, ja se soveltuu erinomaisesti elintarvikkeiden, juomien, kosmetiikan, l\u00e4\u00e4kkeiden ja muiden hygieniaa tai s\u00e4\u00e4ntely\u00e4 vaativien tuotteiden s\u00e4ilytykseen ja kuljetukseen.<br \/>\u26a0\ufe0f Huom: T\u00e4m\u00e4 tuote sis\u00e4lt\u00e4\u00e4 vain sis\u00e4s\u00e4ili\u00f6n \u2013 metallikehikko ja lava eiv\u00e4t sis\u00e4lly toimitukseen.<\/p>\n","protected":false},"featured_media":24916,"template":"","meta":[],"product_brand":[],"product_cat":[182],"product_tag":[],"class_list":{"0":"post-24908","1":"product","2":"type-product","3":"status-publish","4":"has-post-thumbnail","6":"product_cat-kontti","7":"product_shipping_class-containers-fi","9":"first","10":"onbackorder","11":"taxable","12":"shipping-taxable","13":"product-type-simple"},"yoast_head":"<!-- This site is optimized with the Yoast SEO plugin v26.9 - https:\/\/yoast.com\/product\/yoast-seo-wordpress\/ -->\n<title>NewInner FDA IBC 1000 \u2013 FDA-sertifioitu sis\u00e4s\u00e4ili\u00f6 1000\u202fL IBC-kontteihin - IBC konteineri m&uuml;&uuml;k, vaadid, kraanid, mahutid<\/title>\n<meta name=\"description\" content=\"NewInner FDA IBC 1000 on t\u00e4ysin uusi, FDA-hyv\u00e4ksytty sis\u00e4s\u00e4ili\u00f6 (tunnetaan my\u00f6s nimell\u00e4 IBC-bladder tai sis\u00e4pullo), joka on suunniteltu korvaamaan 1000 litran IBC-konttien sis\u00e4osan metallikehikon ja lavan sis\u00e4ll\u00e4.\" \/>\n<meta name=\"robots\" content=\"index, follow, max-snippet:-1, max-image-preview:large, max-video-preview:-1\" \/>\n<link rel=\"canonical\" href=\"https:\/\/ibc.ee\/fi\/tuote\/newinner-fda-ibc-1000-fda-sertifioitu-sisasailio-1000-l-ibc-kontteihin\/\" \/>\n<meta property=\"og:locale\" content=\"fi_FI\" \/>\n<meta property=\"og:type\" content=\"article\" \/>\n<meta property=\"og:title\" content=\"NewInner FDA IBC 1000 \u2013 FDA-sertifioitu sis\u00e4s\u00e4ili\u00f6 1000\u202fL IBC-kontteihin - IBC konteineri m&uuml;&uuml;k, vaadid, kraanid, mahutid\" \/>\n<meta property=\"og:description\" content=\"NewInner FDA IBC 1000 on t\u00e4ysin uusi, FDA-hyv\u00e4ksytty sis\u00e4s\u00e4ili\u00f6 (tunnetaan my\u00f6s nimell\u00e4 IBC-bladder tai sis\u00e4pullo), joka on suunniteltu korvaamaan 1000 litran IBC-konttien sis\u00e4osan metallikehikon ja lavan sis\u00e4ll\u00e4.\" \/>\n<meta property=\"og:url\" content=\"https:\/\/ibc.ee\/fi\/tuote\/newinner-fda-ibc-1000-fda-sertifioitu-sisasailio-1000-l-ibc-kontteihin\/\" \/>\n<meta property=\"og:site_name\" content=\"IBC konteineri m&uuml;&uuml;k, vaadid, kraanid, mahutid\" \/>\n<meta property=\"article:modified_time\" content=\"2025-11-11T08:34:20+00:00\" \/>\n<meta property=\"og:image\" content=\"https:\/\/ibc.ee\/wp-content\/uploads\/2025\/11\/NewInner-FDA-IBC-1000-FDA-sertifitseeritud-sisekonteiner-1000-liitristele-IBC-dele.jpg\" \/>\n\t<meta property=\"og:image:width\" content=\"930\" \/>\n\t<meta property=\"og:image:height\" content=\"930\" \/>\n\t<meta property=\"og:image:type\" content=\"image\/jpeg\" \/>\n<meta name=\"twitter:card\" content=\"summary_large_image\" \/>\n<meta name=\"twitter:label1\" content=\"Arvioitu lukuaika\" \/>\n\t<meta name=\"twitter:data1\" content=\"1 minuutti\" \/>\n<script type=\"application\/ld+json\" class=\"yoast-schema-graph\">{\"@context\":\"https:\/\/schema.org\",\"@graph\":[{\"@type\":\"WebPage\",\"@id\":\"https:\/\/ibc.ee\/fi\/tuote\/newinner-fda-ibc-1000-fda-sertifioitu-sisasailio-1000-l-ibc-kontteihin\/\",\"url\":\"https:\/\/ibc.ee\/fi\/tuote\/newinner-fda-ibc-1000-fda-sertifioitu-sisasailio-1000-l-ibc-kontteihin\/\",\"name\":\"NewInner FDA IBC 1000 \u2013 FDA-sertifioitu sis\u00e4s\u00e4ili\u00f6 1000\u202fL IBC-kontteihin - IBC konteineri m&uuml;&uuml;k, vaadid, kraanid, mahutid\",\"isPartOf\":{\"@id\":\"https:\/\/www.ibc.ee\/fi\/#website\"},\"primaryImageOfPage\":{\"@id\":\"https:\/\/ibc.ee\/fi\/tuote\/newinner-fda-ibc-1000-fda-sertifioitu-sisasailio-1000-l-ibc-kontteihin\/#primaryimage\"},\"image\":{\"@id\":\"https:\/\/ibc.ee\/fi\/tuote\/newinner-fda-ibc-1000-fda-sertifioitu-sisasailio-1000-l-ibc-kontteihin\/#primaryimage\"},\"thumbnailUrl\":\"https:\/\/ibc.ee\/wp-content\/uploads\/2025\/11\/NewInner-FDA-IBC-1000-FDA-sertifitseeritud-sisekonteiner-1000-liitristele-IBC-dele.jpg\",\"datePublished\":\"2025-11-11T08:11:58+00:00\",\"dateModified\":\"2025-11-11T08:34:20+00:00\",\"description\":\"NewInner FDA IBC 1000 on t\u00e4ysin uusi, FDA-hyv\u00e4ksytty sis\u00e4s\u00e4ili\u00f6 (tunnetaan my\u00f6s nimell\u00e4 IBC-bladder tai sis\u00e4pullo), joka on suunniteltu korvaamaan 1000 litran IBC-konttien sis\u00e4osan metallikehikon ja lavan sis\u00e4ll\u00e4.\",\"breadcrumb\":{\"@id\":\"https:\/\/ibc.ee\/fi\/tuote\/newinner-fda-ibc-1000-fda-sertifioitu-sisasailio-1000-l-ibc-kontteihin\/#breadcrumb\"},\"inLanguage\":\"fi\",\"potentialAction\":[{\"@type\":\"ReadAction\",\"target\":[\"https:\/\/ibc.ee\/fi\/tuote\/newinner-fda-ibc-1000-fda-sertifioitu-sisasailio-1000-l-ibc-kontteihin\/\"]}]},{\"@type\":\"ImageObject\",\"inLanguage\":\"fi\",\"@id\":\"https:\/\/ibc.ee\/fi\/tuote\/newinner-fda-ibc-1000-fda-sertifioitu-sisasailio-1000-l-ibc-kontteihin\/#primaryimage\",\"url\":\"https:\/\/ibc.ee\/wp-content\/uploads\/2025\/11\/NewInner-FDA-IBC-1000-FDA-sertifitseeritud-sisekonteiner-1000-liitristele-IBC-dele.jpg\",\"contentUrl\":\"https:\/\/ibc.ee\/wp-content\/uploads\/2025\/11\/NewInner-FDA-IBC-1000-FDA-sertifitseeritud-sisekonteiner-1000-liitristele-IBC-dele.jpg\",\"width\":930,\"height\":930,\"caption\":\"NewInner FDA IBC 1000 \u2013 FDA-Certified Inner Container for 1000L IBCs\"},{\"@type\":\"BreadcrumbList\",\"@id\":\"https:\/\/ibc.ee\/fi\/tuote\/newinner-fda-ibc-1000-fda-sertifioitu-sisasailio-1000-l-ibc-kontteihin\/#breadcrumb\",\"itemListElement\":[{\"@type\":\"ListItem\",\"position\":1,\"name\":\"\u0413\u043b\u0430\u0432\u043d\u0430\u044f \u0441\u0442\u0440\u0430\u043d\u0438\u0446\u0430\",\"item\":\"https:\/\/www.ibc.ee\/fi\/\"},{\"@type\":\"ListItem\",\"position\":2,\"name\":\"Myym\u00e4l\u00e4\",\"item\":\"https:\/\/www.ibc.ee\/fi\/shop\/\"},{\"@type\":\"ListItem\",\"position\":3,\"name\":\"NewInner FDA IBC 1000 \u2013 FDA-sertifioitu sis\u00e4s\u00e4ili\u00f6 1000\u202fL IBC-kontteihin\"}]},{\"@type\":\"WebSite\",\"@id\":\"https:\/\/www.ibc.ee\/fi\/#website\",\"url\":\"https:\/\/www.ibc.ee\/fi\/\",\"name\":\"IBC konteineri m&uuml;&uuml;k, vaadid, kraanid, mahutid\",\"description\":\"IBC - Tank container valve, Adapters\\\\fittings, Intermediate bulk, container, Drums\/cans\",\"potentialAction\":[{\"@type\":\"SearchAction\",\"target\":{\"@type\":\"EntryPoint\",\"urlTemplate\":\"https:\/\/www.ibc.ee\/fi\/?s={search_term_string}\"},\"query-input\":{\"@type\":\"PropertyValueSpecification\",\"valueRequired\":true,\"valueName\":\"search_term_string\"}}],\"inLanguage\":\"fi\"}]}<\/script>\n<!-- \/ Yoast SEO plugin. -->","yoast_head_json":{"title":"NewInner FDA IBC 1000 \u2013 FDA-sertifioitu sis\u00e4s\u00e4ili\u00f6 1000\u202fL IBC-kontteihin - IBC konteineri m&uuml;&uuml;k, vaadid, kraanid, mahutid","description":"NewInner FDA IBC 1000 on t\u00e4ysin uusi, FDA-hyv\u00e4ksytty sis\u00e4s\u00e4ili\u00f6 (tunnetaan my\u00f6s nimell\u00e4 IBC-bladder tai sis\u00e4pullo), joka on suunniteltu korvaamaan 1000 litran IBC-konttien sis\u00e4osan metallikehikon ja lavan sis\u00e4ll\u00e4.","robots":{"index":"index","follow":"follow","max-snippet":"max-snippet:-1","max-image-preview":"max-image-preview:large","max-video-preview":"max-video-preview:-1"},"canonical":"https:\/\/ibc.ee\/fi\/tuote\/newinner-fda-ibc-1000-fda-sertifioitu-sisasailio-1000-l-ibc-kontteihin\/","og_locale":"fi_FI","og_type":"article","og_title":"NewInner FDA IBC 1000 \u2013 FDA-sertifioitu sis\u00e4s\u00e4ili\u00f6 1000\u202fL IBC-kontteihin - IBC konteineri m&uuml;&uuml;k, vaadid, kraanid, mahutid","og_description":"NewInner FDA IBC 1000 on t\u00e4ysin uusi, FDA-hyv\u00e4ksytty sis\u00e4s\u00e4ili\u00f6 (tunnetaan my\u00f6s nimell\u00e4 IBC-bladder tai sis\u00e4pullo), joka on suunniteltu korvaamaan 1000 litran IBC-konttien sis\u00e4osan metallikehikon ja lavan sis\u00e4ll\u00e4.","og_url":"https:\/\/ibc.ee\/fi\/tuote\/newinner-fda-ibc-1000-fda-sertifioitu-sisasailio-1000-l-ibc-kontteihin\/","og_site_name":"IBC konteineri m&uuml;&uuml;k, vaadid, kraanid, mahutid","article_modified_time":"2025-11-11T08:34:20+00:00","og_image":[{"width":930,"height":930,"url":"https:\/\/ibc.ee\/wp-content\/uploads\/2025\/11\/NewInner-FDA-IBC-1000-FDA-sertifitseeritud-sisekonteiner-1000-liitristele-IBC-dele.jpg","type":"image\/jpeg"}],"twitter_card":"summary_large_image","twitter_misc":{"Arvioitu lukuaika":"1 minuutti"},"schema":{"@context":"https:\/\/schema.org","@graph":[{"@type":"WebPage","@id":"https:\/\/ibc.ee\/fi\/tuote\/newinner-fda-ibc-1000-fda-sertifioitu-sisasailio-1000-l-ibc-kontteihin\/","url":"https:\/\/ibc.ee\/fi\/tuote\/newinner-fda-ibc-1000-fda-sertifioitu-sisasailio-1000-l-ibc-kontteihin\/","name":"NewInner FDA IBC 1000 \u2013 FDA-sertifioitu sis\u00e4s\u00e4ili\u00f6 1000\u202fL IBC-kontteihin - IBC konteineri m&uuml;&uuml;k, vaadid, kraanid, mahutid","isPartOf":{"@id":"https:\/\/www.ibc.ee\/fi\/#website"},"primaryImageOfPage":{"@id":"https:\/\/ibc.ee\/fi\/tuote\/newinner-fda-ibc-1000-fda-sertifioitu-sisasailio-1000-l-ibc-kontteihin\/#primaryimage"},"image":{"@id":"https:\/\/ibc.ee\/fi\/tuote\/newinner-fda-ibc-1000-fda-sertifioitu-sisasailio-1000-l-ibc-kontteihin\/#primaryimage"},"thumbnailUrl":"https:\/\/ibc.ee\/wp-content\/uploads\/2025\/11\/NewInner-FDA-IBC-1000-FDA-sertifitseeritud-sisekonteiner-1000-liitristele-IBC-dele.jpg","datePublished":"2025-11-11T08:11:58+00:00","dateModified":"2025-11-11T08:34:20+00:00","description":"NewInner FDA IBC 1000 on t\u00e4ysin uusi, FDA-hyv\u00e4ksytty sis\u00e4s\u00e4ili\u00f6 (tunnetaan my\u00f6s nimell\u00e4 IBC-bladder tai sis\u00e4pullo), joka on suunniteltu korvaamaan 1000 litran IBC-konttien sis\u00e4osan metallikehikon ja lavan sis\u00e4ll\u00e4.","breadcrumb":{"@id":"https:\/\/ibc.ee\/fi\/tuote\/newinner-fda-ibc-1000-fda-sertifioitu-sisasailio-1000-l-ibc-kontteihin\/#breadcrumb"},"inLanguage":"fi","potentialAction":[{"@type":"ReadAction","target":["https:\/\/ibc.ee\/fi\/tuote\/newinner-fda-ibc-1000-fda-sertifioitu-sisasailio-1000-l-ibc-kontteihin\/"]}]},{"@type":"ImageObject","inLanguage":"fi","@id":"https:\/\/ibc.ee\/fi\/tuote\/newinner-fda-ibc-1000-fda-sertifioitu-sisasailio-1000-l-ibc-kontteihin\/#primaryimage","url":"https:\/\/ibc.ee\/wp-content\/uploads\/2025\/11\/NewInner-FDA-IBC-1000-FDA-sertifitseeritud-sisekonteiner-1000-liitristele-IBC-dele.jpg","contentUrl":"https:\/\/ibc.ee\/wp-content\/uploads\/2025\/11\/NewInner-FDA-IBC-1000-FDA-sertifitseeritud-sisekonteiner-1000-liitristele-IBC-dele.jpg","width":930,"height":930,"caption":"NewInner FDA IBC 1000 \u2013 FDA-Certified Inner Container for 1000L IBCs"},{"@type":"BreadcrumbList","@id":"https:\/\/ibc.ee\/fi\/tuote\/newinner-fda-ibc-1000-fda-sertifioitu-sisasailio-1000-l-ibc-kontteihin\/#breadcrumb","itemListElement":[{"@type":"ListItem","position":1,"name":"\u0413\u043b\u0430\u0432\u043d\u0430\u044f \u0441\u0442\u0440\u0430\u043d\u0438\u0446\u0430","item":"https:\/\/www.ibc.ee\/fi\/"},{"@type":"ListItem","position":2,"name":"Myym\u00e4l\u00e4","item":"https:\/\/www.ibc.ee\/fi\/shop\/"},{"@type":"ListItem","position":3,"name":"NewInner FDA IBC 1000 \u2013 FDA-sertifioitu sis\u00e4s\u00e4ili\u00f6 1000\u202fL IBC-kontteihin"}]},{"@type":"WebSite","@id":"https:\/\/www.ibc.ee\/fi\/#website","url":"https:\/\/www.ibc.ee\/fi\/","name":"IBC konteineri m&uuml;&uuml;k, vaadid, kraanid, mahutid","description":"IBC - Tank container valve, Adapters\\fittings, Intermediate bulk, container, Drums\/cans","potentialAction":[{"@type":"SearchAction","target":{"@type":"EntryPoint","urlTemplate":"https:\/\/www.ibc.ee\/fi\/?s={search_term_string}"},"query-input":{"@type":"PropertyValueSpecification","valueRequired":true,"valueName":"search_term_string"}}],"inLanguage":"fi"}]}},"_links":{"self":[{"href":"https:\/\/ibc.ee\/fi\/wp-json\/wp\/v2\/product\/24908","targetHints":{"allow":["GET"]}}],"collection":[{"href":"https:\/\/ibc.ee\/fi\/wp-json\/wp\/v2\/product"}],"about":[{"href":"https:\/\/ibc.ee\/fi\/wp-json\/wp\/v2\/types\/product"}],"wp:featuredmedia":[{"embeddable":true,"href":"https:\/\/ibc.ee\/fi\/wp-json\/wp\/v2\/media\/24916"}],"wp:attachment":[{"href":"https:\/\/ibc.ee\/fi\/wp-json\/wp\/v2\/media?parent=24908"}],"wp:term":[{"taxonomy":"product_brand","embeddable":true,"href":"https:\/\/ibc.ee\/fi\/wp-json\/wp\/v2\/product_brand?post=24908"},{"taxonomy":"product_cat","embeddable":true,"href":"https:\/\/ibc.ee\/fi\/wp-json\/wp\/v2\/product_cat?post=24908"},{"taxonomy":"product_tag","embeddable":true,"href":"https:\/\/ibc.ee\/fi\/wp-json\/wp\/v2\/product_tag?post=24908"}],"curies":[{"name":"wp","href":"https:\/\/api.w.org\/{rel}","templated":true}]}}