{"id":16752,"date":"2018-09-18T12:11:36","date_gmt":"2018-09-18T12:11:36","guid":{"rendered":"https:\/\/ibc.ee\/susisiekite-su-mumis\/"},"modified":"2019-12-30T14:11:40","modified_gmt":"2019-12-30T12:11:40","slug":"susisiekite-su-mumis","status":"publish","type":"page","link":"https:\/\/ibc.ee\/lt\/susisiekite-su-mumis\/","title":{"rendered":"Susisiekite su mumis"},"content":{"rendered":"<p>[vc_row full_width=&#8221;stretch_row_content_no_spaces&#8221; layout=&#8221;ts-row-boxed&#8221; enable_parallax=&#8221;&#8221; el_class=&#8221;map-contact&#8221;][vc_column]\t\t<div class=\"google-map-container\" style=\"height:560px\" \n\t\t\tdata-address=\"Estonia,Harjumaa,Maardu, Lao 4\" data-zoom=\"12\" data-map_type=\"ROADMAP\" data-title=\"\">\n\t\t\t<div style=\"height:560px\"><\/div>\n\t\t<\/div>\n\t\t[\/vc_column][\/vc_row][vc_row css=&#8221;.vc_custom_1478007643581{padding-top: 26px !important;}&#8221;][vc_column][vc_column_text]<\/p>\n<h5 style=\"color: #000000; text-align: center; margin: 0;\">n\u0117ra u\u017e k\u0105<\/h5>\n<h3 class=\"title-bottom-line\" style=\"font-weight: bold; color: #000000; text-align: center;\">palaikykime ry\u0161\u012f<\/h3>\n<p style=\"text-align: center;\">Nedvejodami susisiekite su mumis naudodami Kontaktai \u017eemiau. Mes atsakysime \u012f J\u016bs\u0173 klausimai ir klausimai nuo pirmadienio iki penktadienio 9:00-17:00<\/p>\n<p>[\/vc_column_text][vc_row_inner css=&#8221;.vc_custom_1478053234990{padding-top: 30px !important;}&#8221;][vc_column_inner width=&#8221;1\/3&#8243;][vc_column_text]<\/p>\n<div class=\"office-address primary-text\" style=\"text-align: center;\">BUVEIN\u0116S ADRESAS<\/div>\n<p style=\"text-align: center;\">Eesti, Maardu 74114, Laoso 4<\/p>\n<p>[\/vc_column_text][\/vc_column_inner][vc_column_inner width=&#8221;1\/3&#8243;][vc_column_text]<\/p>\n<div class=\"phone-numbers primary-text\" style=\"text-align: center;\">TELEFONO NUMERIAI<\/div>\n<p class=\"text-color-default\" style=\"text-align: center;\">+372 5504440<\/p>\n<p style=\"text-align: center;\">+372 5098500<\/p>\n<p style=\"text-align: center;\">+372 55513600<\/p>\n<p>[\/vc_column_text][\/vc_column_inner][vc_column_inner width=&#8221;1\/3&#8243;][vc_column_text]<\/p>\n<div class=\"email-address primary-text\" style=\"text-align: center;\">EL. PA\u0160TO ADRESAS<\/div>\n<p style=\"text-align: center;\">info@IBC.ee<\/p>\n<p>[\/vc_column_text][\/vc_column_inner][\/vc_row_inner]<p class=\"wpcf7-contact-form-not-found\"><strong>Klaida:<\/strong> Kontakt\u0173 forma nerasta.<\/p>[\/vc_column][\/vc_row]<\/p>\n","protected":false},"excerpt":{"rendered":"<p>[vc_row full_width=&#8221;stretch_row_content_no_spaces&#8221; layout=&#8221;ts-row-boxed&#8221; enable_parallax=&#8221;&#8221; el_class=&#8221;map-contact&#8221;][vc_column][\/vc_column][\/vc_row][vc_row css=&#8221;.vc_custom_1478007643581{padding-top: 26px !important;}&#8221;][vc_column][vc_column_text] n\u0117ra u\u017e k\u0105 palaikykime ry\u0161\u012f Nedvejodami susisiekite su mumis naudodami Kontaktai \u017eemiau. Mes atsakysime \u012f J\u016bs\u0173 klausimai ir klausimai nuo pirmadienio iki penktadienio 9:00-17:00 [\/vc_column_text][vc_row_inner css=&#8221;.vc_custom_1478053234990{padding-top: 30px !important;}&#8221;][vc_column_inner width=&#8221;1\/3&#8243;][vc_column_text] BUVEIN\u0116S ADRESAS Eesti, Maardu 74114, Laoso 4 [\/vc_column_text][\/vc_column_inner][vc_column_inner width=&#8221;1\/3&#8243;][vc_column_text] TELEFONO NUMERIAI +372 5504440 +372 5098500 +372 55513600 [\/vc_column_text][\/vc_column_inner][vc_column_inner [&hellip;]<\/p>\n","protected":false},"author":1,"featured_media":0,"parent":0,"menu_order":0,"comment_status":"closed","ping_status":"closed","template":"","meta":{"footnotes":""},"class_list":["post-16752","page","type-page","status-publish","hentry"],"yoast_head":"<!-- This site is optimized with the Yoast SEO plugin v26.9 - https:\/\/yoast.com\/product\/yoast-seo-wordpress\/ -->\n<title>Susisiekite su mumis - IBC konteineri m&uuml;&uuml;k, vaadid, kraanid, mahutid<\/title>\n<meta name=\"robots\" content=\"index, follow, max-snippet:-1, max-image-preview:large, max-video-preview:-1\" \/>\n<link rel=\"canonical\" href=\"https:\/\/ibc.ee\/lt\/susisiekite-su-mumis\/\" \/>\n<meta property=\"og:locale\" content=\"lt_LT\" \/>\n<meta property=\"og:type\" content=\"article\" \/>\n<meta property=\"og:title\" content=\"Susisiekite su mumis - IBC konteineri m&uuml;&uuml;k, vaadid, kraanid, mahutid\" \/>\n<meta property=\"og:description\" content=\"[vc_row full_width=&#8221;stretch_row_content_no_spaces&#8221; layout=&#8221;ts-row-boxed&#8221; enable_parallax=&#8221;&#8221; el_class=&#8221;map-contact&#8221;][vc_column][\/vc_column][\/vc_row][vc_row css=&#8221;.vc_custom_1478007643581{padding-top: 26px !important;}&#8221;][vc_column][vc_column_text] n\u0117ra u\u017e k\u0105 palaikykime ry\u0161\u012f Nedvejodami susisiekite su mumis naudodami Kontaktai \u017eemiau. Mes atsakysime \u012f J\u016bs\u0173 klausimai ir klausimai nuo pirmadienio iki penktadienio 9:00-17:00 [\/vc_column_text][vc_row_inner css=&#8221;.vc_custom_1478053234990{padding-top: 30px !important;}&#8221;][vc_column_inner width=&#8221;1\/3&#8243;][vc_column_text] BUVEIN\u0116S ADRESAS Eesti, Maardu 74114, Laoso 4 [\/vc_column_text][\/vc_column_inner][vc_column_inner width=&#8221;1\/3&#8243;][vc_column_text] TELEFONO NUMERIAI +372 5504440 +372 5098500 +372 55513600 [\/vc_column_text][\/vc_column_inner][vc_column_inner [&hellip;]\" \/>\n<meta property=\"og:url\" content=\"https:\/\/ibc.ee\/lt\/susisiekite-su-mumis\/\" \/>\n<meta property=\"og:site_name\" content=\"IBC konteineri m&uuml;&uuml;k, vaadid, kraanid, mahutid\" \/>\n<meta property=\"article:modified_time\" content=\"2019-12-30T12:11:40+00:00\" \/>\n<meta name=\"twitter:card\" content=\"summary_large_image\" \/>\n<meta name=\"twitter:label1\" content=\"Est. reading time\" \/>\n\t<meta name=\"twitter:data1\" content=\"1 minut\u0117\" \/>\n<script type=\"application\/ld+json\" class=\"yoast-schema-graph\">{\"@context\":\"https:\/\/schema.org\",\"@graph\":[{\"@type\":\"WebPage\",\"@id\":\"https:\/\/ibc.ee\/lt\/susisiekite-su-mumis\/\",\"url\":\"https:\/\/ibc.ee\/lt\/susisiekite-su-mumis\/\",\"name\":\"Susisiekite su mumis - IBC konteineri m&uuml;&uuml;k, vaadid, kraanid, mahutid\",\"isPartOf\":{\"@id\":\"https:\/\/www.ibc.ee\/lt\/#website\"},\"datePublished\":\"2018-09-18T12:11:36+00:00\",\"dateModified\":\"2019-12-30T12:11:40+00:00\",\"breadcrumb\":{\"@id\":\"https:\/\/ibc.ee\/lt\/susisiekite-su-mumis\/#breadcrumb\"},\"inLanguage\":\"lt-LT\",\"potentialAction\":[{\"@type\":\"ReadAction\",\"target\":[\"https:\/\/ibc.ee\/lt\/susisiekite-su-mumis\/\"]}]},{\"@type\":\"BreadcrumbList\",\"@id\":\"https:\/\/ibc.ee\/lt\/susisiekite-su-mumis\/#breadcrumb\",\"itemListElement\":[{\"@type\":\"ListItem\",\"position\":1,\"name\":\"\u0413\u043b\u0430\u0432\u043d\u0430\u044f \u0441\u0442\u0440\u0430\u043d\u0438\u0446\u0430\",\"item\":\"https:\/\/ibc.ee\/lt\/\"},{\"@type\":\"ListItem\",\"position\":2,\"name\":\"Susisiekite su mumis\"}]},{\"@type\":\"WebSite\",\"@id\":\"https:\/\/www.ibc.ee\/lt\/#website\",\"url\":\"https:\/\/www.ibc.ee\/lt\/\",\"name\":\"IBC konteineri m&uuml;&uuml;k, vaadid, kraanid, mahutid\",\"description\":\"IBC - Tank container valve, Adapters\\\\fittings, Intermediate bulk, container, Drums\/cans\",\"potentialAction\":[{\"@type\":\"SearchAction\",\"target\":{\"@type\":\"EntryPoint\",\"urlTemplate\":\"https:\/\/www.ibc.ee\/lt\/?s={search_term_string}\"},\"query-input\":{\"@type\":\"PropertyValueSpecification\",\"valueRequired\":true,\"valueName\":\"search_term_string\"}}],\"inLanguage\":\"lt-LT\"}]}<\/script>\n<!-- \/ Yoast SEO plugin. -->","yoast_head_json":{"title":"Susisiekite su mumis - IBC konteineri m&uuml;&uuml;k, vaadid, kraanid, mahutid","robots":{"index":"index","follow":"follow","max-snippet":"max-snippet:-1","max-image-preview":"max-image-preview:large","max-video-preview":"max-video-preview:-1"},"canonical":"https:\/\/ibc.ee\/lt\/susisiekite-su-mumis\/","og_locale":"lt_LT","og_type":"article","og_title":"Susisiekite su mumis - IBC konteineri m&uuml;&uuml;k, vaadid, kraanid, mahutid","og_description":"[vc_row full_width=&#8221;stretch_row_content_no_spaces&#8221; layout=&#8221;ts-row-boxed&#8221; enable_parallax=&#8221;&#8221; el_class=&#8221;map-contact&#8221;][vc_column][\/vc_column][\/vc_row][vc_row css=&#8221;.vc_custom_1478007643581{padding-top: 26px !important;}&#8221;][vc_column][vc_column_text] n\u0117ra u\u017e k\u0105 palaikykime ry\u0161\u012f Nedvejodami susisiekite su mumis naudodami Kontaktai \u017eemiau. Mes atsakysime \u012f J\u016bs\u0173 klausimai ir klausimai nuo pirmadienio iki penktadienio 9:00-17:00 [\/vc_column_text][vc_row_inner css=&#8221;.vc_custom_1478053234990{padding-top: 30px !important;}&#8221;][vc_column_inner width=&#8221;1\/3&#8243;][vc_column_text] BUVEIN\u0116S ADRESAS Eesti, Maardu 74114, Laoso 4 [\/vc_column_text][\/vc_column_inner][vc_column_inner width=&#8221;1\/3&#8243;][vc_column_text] TELEFONO NUMERIAI +372 5504440 +372 5098500 +372 55513600 [\/vc_column_text][\/vc_column_inner][vc_column_inner [&hellip;]","og_url":"https:\/\/ibc.ee\/lt\/susisiekite-su-mumis\/","og_site_name":"IBC konteineri m&uuml;&uuml;k, vaadid, kraanid, mahutid","article_modified_time":"2019-12-30T12:11:40+00:00","twitter_card":"summary_large_image","twitter_misc":{"Est. reading time":"1 minut\u0117"},"schema":{"@context":"https:\/\/schema.org","@graph":[{"@type":"WebPage","@id":"https:\/\/ibc.ee\/lt\/susisiekite-su-mumis\/","url":"https:\/\/ibc.ee\/lt\/susisiekite-su-mumis\/","name":"Susisiekite su mumis - IBC konteineri m&uuml;&uuml;k, vaadid, kraanid, mahutid","isPartOf":{"@id":"https:\/\/www.ibc.ee\/lt\/#website"},"datePublished":"2018-09-18T12:11:36+00:00","dateModified":"2019-12-30T12:11:40+00:00","breadcrumb":{"@id":"https:\/\/ibc.ee\/lt\/susisiekite-su-mumis\/#breadcrumb"},"inLanguage":"lt-LT","potentialAction":[{"@type":"ReadAction","target":["https:\/\/ibc.ee\/lt\/susisiekite-su-mumis\/"]}]},{"@type":"BreadcrumbList","@id":"https:\/\/ibc.ee\/lt\/susisiekite-su-mumis\/#breadcrumb","itemListElement":[{"@type":"ListItem","position":1,"name":"\u0413\u043b\u0430\u0432\u043d\u0430\u044f \u0441\u0442\u0440\u0430\u043d\u0438\u0446\u0430","item":"https:\/\/ibc.ee\/lt\/"},{"@type":"ListItem","position":2,"name":"Susisiekite su mumis"}]},{"@type":"WebSite","@id":"https:\/\/www.ibc.ee\/lt\/#website","url":"https:\/\/www.ibc.ee\/lt\/","name":"IBC konteineri m&uuml;&uuml;k, vaadid, kraanid, mahutid","description":"IBC - Tank container valve, Adapters\\fittings, Intermediate bulk, container, Drums\/cans","potentialAction":[{"@type":"SearchAction","target":{"@type":"EntryPoint","urlTemplate":"https:\/\/www.ibc.ee\/lt\/?s={search_term_string}"},"query-input":{"@type":"PropertyValueSpecification","valueRequired":true,"valueName":"search_term_string"}}],"inLanguage":"lt-LT"}]}},"_links":{"self":[{"href":"https:\/\/ibc.ee\/lt\/wp-json\/wp\/v2\/pages\/16752","targetHints":{"allow":["GET"]}}],"collection":[{"href":"https:\/\/ibc.ee\/lt\/wp-json\/wp\/v2\/pages"}],"about":[{"href":"https:\/\/ibc.ee\/lt\/wp-json\/wp\/v2\/types\/page"}],"author":[{"embeddable":true,"href":"https:\/\/ibc.ee\/lt\/wp-json\/wp\/v2\/users\/1"}],"replies":[{"embeddable":true,"href":"https:\/\/ibc.ee\/lt\/wp-json\/wp\/v2\/comments?post=16752"}],"version-history":[{"count":5,"href":"https:\/\/ibc.ee\/lt\/wp-json\/wp\/v2\/pages\/16752\/revisions"}],"predecessor-version":[{"id":18967,"href":"https:\/\/ibc.ee\/lt\/wp-json\/wp\/v2\/pages\/16752\/revisions\/18967"}],"wp:attachment":[{"href":"https:\/\/ibc.ee\/lt\/wp-json\/wp\/v2\/media?parent=16752"}],"curies":[{"name":"wp","href":"https:\/\/api.w.org\/{rel}","templated":true}]}}