{"id":16579,"date":"2018-09-08T13:53:48","date_gmt":"2018-09-11T09:11:48","guid":{"rendered":"https:\/\/ibc.ee\/product\/th-plastikas-gali-220l-200-l\/"},"modified":"2025-06-26T14:27:45","modified_gmt":"2025-06-26T12:27:45","slug":"th-plastikas-gali-220l-200-l-naudota","status":"publish","type":"product","link":"https:\/\/ibc.ee\/lt\/product\/th-plastikas-gali-220l-200-l-naudota\/","title":{"rendered":"TH plastikas gali 220L 200 l (naudota)"},"content":{"rendered":"<p>TH plastikinis indas 220L \/ 200 litr\u0173 yra pagamintas i\u0161 pramoninio stiprumo didel\u0117s molekulin\u0117s mas\u0117s polietileno (HMWPE) plastiko, pana\u0161aus \u012f HDPE, ta\u010diau patvaresnis, su ypa\u010d storomis sienel\u0117mis, u\u017etikrinan\u010diomis puik\u0173 na\u0161um\u0105 ir ilgalaik\u012f patvarum\u0105. \u0160io u\u017edaro b\u016bgno besi\u016bl\u0117 konstrukcija yra tinkama naudoti lauke. Galima naudoti kaip lietaus statin\u0119, pl\u016bduriuojan\u010di\u0105 statin\u0119 ar pl\u016bdur\u0105 arba chemikal\u0173, alyv\u0173 ir kt. Kaupimo konteiner\u012f.<\/p>\n","protected":false},"excerpt":{"rendered":"<p>TH plastikinis indas 220L \/ 200 litr\u0173 yra pagamintas i\u0161 pramoninio stiprumo didel\u0117s molekulin\u0117s mas\u0117s polietileno (HMWPE) plastiko, pana\u0161aus \u012f HDPE, ta\u010diau patvaresnis, su ypa\u010d storomis sienel\u0117mis, u\u017etikrinan\u010diomis puik\u0173 na\u0161um\u0105 ir ilgalaik\u012f patvarum\u0105. \u0160io u\u017edaro b\u016bgno besi\u016bl\u0117 konstrukcija yra tinkama naudoti lauke. Galima naudoti kaip lietaus statin\u0119, pl\u016bduriuojan\u010di\u0105 statin\u0119 ar pl\u016bdur\u0105 arba chemikal\u0173, alyv\u0173 ir [&hellip;]<\/p>\n","protected":false},"featured_media":16580,"template":"","meta":[],"product_brand":[],"product_cat":[314],"product_tag":[],"class_list":{"0":"post-16579","1":"product","2":"type-product","3":"status-publish","4":"has-post-thumbnail","6":"product_cat-bugnai-ir-kuro-bakeliai","7":"product_shipping_class-drums-and-cans-lt","9":"first","10":"onbackorder","11":"taxable","12":"shipping-taxable","13":"purchasable","14":"product-type-simple"},"yoast_head":"<!-- This site is optimized with the Yoast SEO plugin v26.9 - https:\/\/yoast.com\/product\/yoast-seo-wordpress\/ -->\n<title>TH plastikas gali 220L 200 l (naudota) - IBC konteineri m&uuml;&uuml;k, vaadid, kraanid, mahutid<\/title>\n<meta name=\"description\" content=\"TH plastic can 220L\/200 lit is made of industrial strength high molecular weight polyethylene (HMWPE), with extra thick walls to provide superior performance and long-lasting durability.\" \/>\n<meta name=\"robots\" content=\"index, follow, max-snippet:-1, max-image-preview:large, max-video-preview:-1\" \/>\n<link rel=\"canonical\" href=\"https:\/\/ibc.ee\/lt\/product\/th-plastikas-gali-220l-200-l-naudota\/\" \/>\n<meta property=\"og:locale\" content=\"lt_LT\" \/>\n<meta property=\"og:type\" content=\"article\" \/>\n<meta property=\"og:title\" content=\"TH plastikas gali 220L 200 l (naudota) - IBC konteineri m&uuml;&uuml;k, vaadid, kraanid, mahutid\" \/>\n<meta property=\"og:description\" content=\"TH plastic can 220L\/200 lit is made of industrial strength high molecular weight polyethylene (HMWPE), with extra thick walls to provide superior performance and long-lasting durability.\" \/>\n<meta property=\"og:url\" content=\"https:\/\/ibc.ee\/lt\/product\/th-plastikas-gali-220l-200-l-naudota\/\" \/>\n<meta property=\"og:site_name\" content=\"IBC konteineri m&uuml;&uuml;k, vaadid, kraanid, mahutid\" \/>\n<meta property=\"article:modified_time\" content=\"2025-06-26T12:27:45+00:00\" \/>\n<meta property=\"og:image\" content=\"https:\/\/ibc.ee\/wp-content\/uploads\/2018\/09\/TH-plastik-vaat-220L-200-lit.jpg\" \/>\n\t<meta property=\"og:image:width\" content=\"500\" \/>\n\t<meta property=\"og:image:height\" content=\"500\" \/>\n\t<meta property=\"og:image:type\" content=\"image\/jpeg\" \/>\n<meta name=\"twitter:card\" content=\"summary_large_image\" \/>\n<meta name=\"twitter:label1\" content=\"Est. reading time\" \/>\n\t<meta name=\"twitter:data1\" content=\"1 minut\u0117\" \/>\n<script type=\"application\/ld+json\" class=\"yoast-schema-graph\">{\"@context\":\"https:\/\/schema.org\",\"@graph\":[{\"@type\":\"WebPage\",\"@id\":\"https:\/\/ibc.ee\/lt\/product\/th-plastikas-gali-220l-200-l-naudota\/\",\"url\":\"https:\/\/ibc.ee\/lt\/product\/th-plastikas-gali-220l-200-l-naudota\/\",\"name\":\"TH plastikas gali 220L 200 l (naudota) - IBC konteineri m&uuml;&uuml;k, vaadid, kraanid, mahutid\",\"isPartOf\":{\"@id\":\"https:\/\/www.ibc.ee\/lt\/#website\"},\"primaryImageOfPage\":{\"@id\":\"https:\/\/ibc.ee\/lt\/product\/th-plastikas-gali-220l-200-l-naudota\/#primaryimage\"},\"image\":{\"@id\":\"https:\/\/ibc.ee\/lt\/product\/th-plastikas-gali-220l-200-l-naudota\/#primaryimage\"},\"thumbnailUrl\":\"https:\/\/ibc.ee\/wp-content\/uploads\/2018\/09\/TH-plastik-vaat-220L-200-lit.jpg\",\"datePublished\":\"2018-09-11T09:11:48+00:00\",\"dateModified\":\"2025-06-26T12:27:45+00:00\",\"description\":\"TH plastic can 220L\/200 lit is made of industrial strength high molecular weight polyethylene (HMWPE), with extra thick walls to provide superior performance and long-lasting durability.\",\"breadcrumb\":{\"@id\":\"https:\/\/ibc.ee\/lt\/product\/th-plastikas-gali-220l-200-l-naudota\/#breadcrumb\"},\"inLanguage\":\"lt-LT\",\"potentialAction\":[{\"@type\":\"ReadAction\",\"target\":[\"https:\/\/ibc.ee\/lt\/product\/th-plastikas-gali-220l-200-l-naudota\/\"]}]},{\"@type\":\"ImageObject\",\"inLanguage\":\"lt-LT\",\"@id\":\"https:\/\/ibc.ee\/lt\/product\/th-plastikas-gali-220l-200-l-naudota\/#primaryimage\",\"url\":\"https:\/\/ibc.ee\/wp-content\/uploads\/2018\/09\/TH-plastik-vaat-220L-200-lit.jpg\",\"contentUrl\":\"https:\/\/ibc.ee\/wp-content\/uploads\/2018\/09\/TH-plastik-vaat-220L-200-lit.jpg\",\"width\":500,\"height\":500,\"caption\":\"TH plastikas gali 220L 200 l (naudota)\"},{\"@type\":\"BreadcrumbList\",\"@id\":\"https:\/\/ibc.ee\/lt\/product\/th-plastikas-gali-220l-200-l-naudota\/#breadcrumb\",\"itemListElement\":[{\"@type\":\"ListItem\",\"position\":1,\"name\":\"\u0413\u043b\u0430\u0432\u043d\u0430\u044f \u0441\u0442\u0440\u0430\u043d\u0438\u0446\u0430\",\"item\":\"https:\/\/ibc.ee\/lt\/\"},{\"@type\":\"ListItem\",\"position\":2,\"name\":\"Parduotuv\u0117\",\"item\":\"https:\/\/ibc.ee\/lt\/shop\/\"},{\"@type\":\"ListItem\",\"position\":3,\"name\":\"TH plastikas gali 220L 200 l (naudota)\"}]},{\"@type\":\"WebSite\",\"@id\":\"https:\/\/www.ibc.ee\/lt\/#website\",\"url\":\"https:\/\/www.ibc.ee\/lt\/\",\"name\":\"IBC konteineri m&uuml;&uuml;k, vaadid, kraanid, mahutid\",\"description\":\"IBC - Tank container valve, Adapters\\\\fittings, Intermediate bulk, container, Drums\/cans\",\"potentialAction\":[{\"@type\":\"SearchAction\",\"target\":{\"@type\":\"EntryPoint\",\"urlTemplate\":\"https:\/\/www.ibc.ee\/lt\/?s={search_term_string}\"},\"query-input\":{\"@type\":\"PropertyValueSpecification\",\"valueRequired\":true,\"valueName\":\"search_term_string\"}}],\"inLanguage\":\"lt-LT\"}]}<\/script>\n<!-- \/ Yoast SEO plugin. -->","yoast_head_json":{"title":"TH plastikas gali 220L 200 l (naudota) - IBC konteineri m&uuml;&uuml;k, vaadid, kraanid, mahutid","description":"TH plastic can 220L\/200 lit is made of industrial strength high molecular weight polyethylene (HMWPE), with extra thick walls to provide superior performance and long-lasting durability.","robots":{"index":"index","follow":"follow","max-snippet":"max-snippet:-1","max-image-preview":"max-image-preview:large","max-video-preview":"max-video-preview:-1"},"canonical":"https:\/\/ibc.ee\/lt\/product\/th-plastikas-gali-220l-200-l-naudota\/","og_locale":"lt_LT","og_type":"article","og_title":"TH plastikas gali 220L 200 l (naudota) - IBC konteineri m&uuml;&uuml;k, vaadid, kraanid, mahutid","og_description":"TH plastic can 220L\/200 lit is made of industrial strength high molecular weight polyethylene (HMWPE), with extra thick walls to provide superior performance and long-lasting durability.","og_url":"https:\/\/ibc.ee\/lt\/product\/th-plastikas-gali-220l-200-l-naudota\/","og_site_name":"IBC konteineri m&uuml;&uuml;k, vaadid, kraanid, mahutid","article_modified_time":"2025-06-26T12:27:45+00:00","og_image":[{"width":500,"height":500,"url":"https:\/\/ibc.ee\/wp-content\/uploads\/2018\/09\/TH-plastik-vaat-220L-200-lit.jpg","type":"image\/jpeg"}],"twitter_card":"summary_large_image","twitter_misc":{"Est. reading time":"1 minut\u0117"},"schema":{"@context":"https:\/\/schema.org","@graph":[{"@type":"WebPage","@id":"https:\/\/ibc.ee\/lt\/product\/th-plastikas-gali-220l-200-l-naudota\/","url":"https:\/\/ibc.ee\/lt\/product\/th-plastikas-gali-220l-200-l-naudota\/","name":"TH plastikas gali 220L 200 l (naudota) - IBC konteineri m&uuml;&uuml;k, vaadid, kraanid, mahutid","isPartOf":{"@id":"https:\/\/www.ibc.ee\/lt\/#website"},"primaryImageOfPage":{"@id":"https:\/\/ibc.ee\/lt\/product\/th-plastikas-gali-220l-200-l-naudota\/#primaryimage"},"image":{"@id":"https:\/\/ibc.ee\/lt\/product\/th-plastikas-gali-220l-200-l-naudota\/#primaryimage"},"thumbnailUrl":"https:\/\/ibc.ee\/wp-content\/uploads\/2018\/09\/TH-plastik-vaat-220L-200-lit.jpg","datePublished":"2018-09-11T09:11:48+00:00","dateModified":"2025-06-26T12:27:45+00:00","description":"TH plastic can 220L\/200 lit is made of industrial strength high molecular weight polyethylene (HMWPE), with extra thick walls to provide superior performance and long-lasting durability.","breadcrumb":{"@id":"https:\/\/ibc.ee\/lt\/product\/th-plastikas-gali-220l-200-l-naudota\/#breadcrumb"},"inLanguage":"lt-LT","potentialAction":[{"@type":"ReadAction","target":["https:\/\/ibc.ee\/lt\/product\/th-plastikas-gali-220l-200-l-naudota\/"]}]},{"@type":"ImageObject","inLanguage":"lt-LT","@id":"https:\/\/ibc.ee\/lt\/product\/th-plastikas-gali-220l-200-l-naudota\/#primaryimage","url":"https:\/\/ibc.ee\/wp-content\/uploads\/2018\/09\/TH-plastik-vaat-220L-200-lit.jpg","contentUrl":"https:\/\/ibc.ee\/wp-content\/uploads\/2018\/09\/TH-plastik-vaat-220L-200-lit.jpg","width":500,"height":500,"caption":"TH plastikas gali 220L 200 l (naudota)"},{"@type":"BreadcrumbList","@id":"https:\/\/ibc.ee\/lt\/product\/th-plastikas-gali-220l-200-l-naudota\/#breadcrumb","itemListElement":[{"@type":"ListItem","position":1,"name":"\u0413\u043b\u0430\u0432\u043d\u0430\u044f \u0441\u0442\u0440\u0430\u043d\u0438\u0446\u0430","item":"https:\/\/ibc.ee\/lt\/"},{"@type":"ListItem","position":2,"name":"Parduotuv\u0117","item":"https:\/\/ibc.ee\/lt\/shop\/"},{"@type":"ListItem","position":3,"name":"TH plastikas gali 220L 200 l (naudota)"}]},{"@type":"WebSite","@id":"https:\/\/www.ibc.ee\/lt\/#website","url":"https:\/\/www.ibc.ee\/lt\/","name":"IBC konteineri m&uuml;&uuml;k, vaadid, kraanid, mahutid","description":"IBC - Tank container valve, Adapters\\fittings, Intermediate bulk, container, Drums\/cans","potentialAction":[{"@type":"SearchAction","target":{"@type":"EntryPoint","urlTemplate":"https:\/\/www.ibc.ee\/lt\/?s={search_term_string}"},"query-input":{"@type":"PropertyValueSpecification","valueRequired":true,"valueName":"search_term_string"}}],"inLanguage":"lt-LT"}]}},"_links":{"self":[{"href":"https:\/\/ibc.ee\/lt\/wp-json\/wp\/v2\/product\/16579","targetHints":{"allow":["GET"]}}],"collection":[{"href":"https:\/\/ibc.ee\/lt\/wp-json\/wp\/v2\/product"}],"about":[{"href":"https:\/\/ibc.ee\/lt\/wp-json\/wp\/v2\/types\/product"}],"wp:featuredmedia":[{"embeddable":true,"href":"https:\/\/ibc.ee\/lt\/wp-json\/wp\/v2\/media\/16580"}],"wp:attachment":[{"href":"https:\/\/ibc.ee\/lt\/wp-json\/wp\/v2\/media?parent=16579"}],"wp:term":[{"taxonomy":"product_brand","embeddable":true,"href":"https:\/\/ibc.ee\/lt\/wp-json\/wp\/v2\/product_brand?post=16579"},{"taxonomy":"product_cat","embeddable":true,"href":"https:\/\/ibc.ee\/lt\/wp-json\/wp\/v2\/product_cat?post=16579"},{"taxonomy":"product_tag","embeddable":true,"href":"https:\/\/ibc.ee\/lt\/wp-json\/wp\/v2\/product_tag?post=16579"}],"curies":[{"name":"wp","href":"https:\/\/api.w.org\/{rel}","templated":true}]}}