{"id":16591,"date":"2018-08-27T11:00:15","date_gmt":"2018-09-11T09:16:52","guid":{"rendered":"https:\/\/ibc.ee\/product\/tarpiniams-biraliniams-talpyklos-ibc-1000l-o\/"},"modified":"2025-07-07T14:32:57","modified_gmt":"2025-07-07T12:32:57","slug":"renewcube-unfda-sertifikuotas-perpildytas-ibc-1000-konteineris","status":"publish","type":"product","link":"https:\/\/ibc.ee\/lt\/product\/renewcube-unfda-sertifikuotas-perpildytas-ibc-1000-konteineris\/","title":{"rendered":"ReNewCube UN+FDA sertifikuotas perpildytas IBC 1000 konteineris"},"content":{"rendered":"<p><strong>Kas yra \u201erebottled\u201c (perbuteliuotas) IBC konteineris?<\/strong><\/p>\n<p>\u201eRebottled\u201c IBC konteineris \u2013 tai konteineris, kuriame yra visi\u0161kai naujas vidinis HDPE bakas, \u012fmontuotas \u012f naudot\u0105 plienin\u012f r\u0117m\u0105. Visi laikomi skys\u010diai lie\u010diasi tik su nauju baku. Perbuteliavimo procese pakei\u010diama vidin\u0117 talpa, dangtelis ir kranas.   <\/p>\n<p><strong>Tipin\u0117s taikymo sritys:<\/strong><br \/>\n<strong>Maisto ir g\u0117rim\u0173 pramon\u0117<\/strong><br \/>\n&#8211; Sirupai, augaliniai aliejai, skonio koncentratai<br \/>\n&#8211; Actas, skysti saldikliai<br \/>\n&#8211; G\u0117rim\u0173 sudedamosios dalys (negazuoti)<\/p>\n<p><strong>\u017dem\u0117s \u016bkis ir dr\u0117kinimas<\/strong><br \/>\n&#8211; Skystos tr\u0105\u0161os, augal\u0173 maistin\u0117s med\u017eiagos<br \/>\n&#8211; Laistymo vanduo (\u012fskaitant geriam\u0105j\u012f)<br \/>\n&#8211; Komposto arbata, organini\u0173 ekstrakt\u0173 laikymas<\/p>\n<p><strong>Chemikalai ir pramoniniai skys\u010diai<\/strong><br \/>\n&#8211; Valymo priemon\u0117s, nekoroziniai tirpikliai<br \/>\n&#8211; Vandens pagrindu pagaminti da\u017eai ir pigmentai<br \/>\n&#8211; Saugus UN klas\u0117s skys\u010di\u0173 transportavimas<\/p>\n<p><strong>Vandens laikymas<\/strong><br \/>\n&#8211; Geriamojo vandens saugojimas (nekomercinis)<br \/>\n&#8211; Lietaus vandens surinkimas bui\u010diai<br \/>\n&#8211; Avarin\u0117s geriamojo vandens atsargos<\/p>\n","protected":false},"excerpt":{"rendered":"<p>Prakti\u0161kas ir ekonomi\u0161kas sprendimas saugiam, sertifikuotam skys\u010di\u0173 laikymui<br \/>Puikiai tinka naudotojams, kuriems svarbi sertifikuota \u0161vara ir patikimumas, bet kurie taip pat siekia sutaupyti ir suma\u017einti poveik\u012f aplinkai. <\/p>\n<p>\u0160is rebottled IBC konteineris turi visi\u0161kai nauj\u0105 HDPE vidin\u012f bak\u0105, pagamint\u0105 pagal FDA reikalavimus kontaktui su maistu, ir yra visi\u0161kai UN sertifikuotas pavojing\u0173 ir nepavojing\u0173 skys\u010di\u0173 laikymui bei transportavimui.<br \/>Cinkuotas plieninis r\u0117mas ir pad\u0117klas yra atkurtos b\u016bkl\u0117s i\u0161 ankstesnio konteinerio \u2013 tai tvarus ir ekonomi\u0161kas sprendimas, kuris nepa\u017eeid\u017eia saugumo ar teisini\u0173 reikalavim\u0173. <\/p>\n","protected":false},"featured_media":24199,"template":"","meta":[],"product_brand":[],"product_cat":[317],"product_tag":[],"class_list":{"0":"post-16591","1":"product","2":"type-product","3":"status-publish","4":"has-post-thumbnail","6":"product_cat-tarpinis-tara-ibc-1000-litru","7":"product_shipping_class-containers-lt","9":"first","10":"onbackorder","11":"taxable","12":"shipping-taxable","13":"purchasable","14":"product-type-simple"},"yoast_head":"<!-- This site is optimized with the Yoast SEO plugin v26.9 - https:\/\/yoast.com\/product\/yoast-seo-wordpress\/ -->\n<title>ReNewCube UN+FDA sertifikuotas perpildytas IBC 1000 konteineris - IBC konteineri m&uuml;&uuml;k, vaadid, kraanid, mahutid<\/title>\n<meta name=\"description\" content=\"\u201eRebottled\u201c IBC \u2013 tai naujas viduje, pakartotinai panaudotas i\u0161or\u0117je \u2013 puikus funkcionalumo, saugumo ir kainos derinys.\" \/>\n<meta name=\"robots\" content=\"index, follow, max-snippet:-1, max-image-preview:large, max-video-preview:-1\" \/>\n<link rel=\"canonical\" href=\"https:\/\/ibc.ee\/lt\/product\/renewcube-unfda-sertifikuotas-perpildytas-ibc-1000-konteineris\/\" \/>\n<meta property=\"og:locale\" content=\"lt_LT\" \/>\n<meta property=\"og:type\" content=\"article\" \/>\n<meta property=\"og:title\" content=\"ReNewCube UN+FDA sertifikuotas perpildytas IBC 1000 konteineris - IBC konteineri m&uuml;&uuml;k, vaadid, kraanid, mahutid\" \/>\n<meta property=\"og:description\" content=\"\u201eRebottled\u201c IBC \u2013 tai naujas viduje, pakartotinai panaudotas i\u0161or\u0117je \u2013 puikus funkcionalumo, saugumo ir kainos derinys.\" \/>\n<meta property=\"og:url\" content=\"https:\/\/ibc.ee\/lt\/product\/renewcube-unfda-sertifikuotas-perpildytas-ibc-1000-konteineris\/\" \/>\n<meta property=\"og:site_name\" content=\"IBC konteineri m&uuml;&uuml;k, vaadid, kraanid, mahutid\" \/>\n<meta property=\"article:modified_time\" content=\"2025-07-07T12:32:57+00:00\" \/>\n<meta property=\"og:image\" content=\"https:\/\/www.ibc.ee\/wp-content\/uploads\/2018\/08\/ReNewCube-UNFDA-certified-rebottled-IBC-1000-container.jpg\" \/>\n\t<meta property=\"og:image:width\" content=\"1000\" \/>\n\t<meta property=\"og:image:height\" content=\"1000\" \/>\n\t<meta property=\"og:image:type\" content=\"image\/jpeg\" \/>\n<meta name=\"twitter:card\" content=\"summary_large_image\" \/>\n<meta name=\"twitter:label1\" content=\"Est. reading time\" \/>\n\t<meta name=\"twitter:data1\" content=\"1 minut\u0117\" \/>\n<script type=\"application\/ld+json\" class=\"yoast-schema-graph\">{\"@context\":\"https:\/\/schema.org\",\"@graph\":[{\"@type\":\"WebPage\",\"@id\":\"https:\/\/ibc.ee\/lt\/product\/renewcube-unfda-sertifikuotas-perpildytas-ibc-1000-konteineris\/\",\"url\":\"https:\/\/ibc.ee\/lt\/product\/renewcube-unfda-sertifikuotas-perpildytas-ibc-1000-konteineris\/\",\"name\":\"ReNewCube UN+FDA sertifikuotas perpildytas IBC 1000 konteineris - IBC konteineri m&uuml;&uuml;k, vaadid, kraanid, mahutid\",\"isPartOf\":{\"@id\":\"https:\/\/www.ibc.ee\/lt\/#website\"},\"primaryImageOfPage\":{\"@id\":\"https:\/\/ibc.ee\/lt\/product\/renewcube-unfda-sertifikuotas-perpildytas-ibc-1000-konteineris\/#primaryimage\"},\"image\":{\"@id\":\"https:\/\/ibc.ee\/lt\/product\/renewcube-unfda-sertifikuotas-perpildytas-ibc-1000-konteineris\/#primaryimage\"},\"thumbnailUrl\":\"https:\/\/www.ibc.ee\/wp-content\/uploads\/2018\/08\/ReNewCube-UNFDA-certified-rebottled-IBC-1000-container.jpg\",\"datePublished\":\"2018-09-11T09:16:52+00:00\",\"dateModified\":\"2025-07-07T12:32:57+00:00\",\"description\":\"\u201eRebottled\u201c IBC \u2013 tai naujas viduje, pakartotinai panaudotas i\u0161or\u0117je \u2013 puikus funkcionalumo, saugumo ir kainos derinys.\",\"breadcrumb\":{\"@id\":\"https:\/\/ibc.ee\/lt\/product\/renewcube-unfda-sertifikuotas-perpildytas-ibc-1000-konteineris\/#breadcrumb\"},\"inLanguage\":\"lt-LT\",\"potentialAction\":[{\"@type\":\"ReadAction\",\"target\":[\"https:\/\/ibc.ee\/lt\/product\/renewcube-unfda-sertifikuotas-perpildytas-ibc-1000-konteineris\/\"]}]},{\"@type\":\"ImageObject\",\"inLanguage\":\"lt-LT\",\"@id\":\"https:\/\/ibc.ee\/lt\/product\/renewcube-unfda-sertifikuotas-perpildytas-ibc-1000-konteineris\/#primaryimage\",\"url\":\"https:\/\/www.ibc.ee\/wp-content\/uploads\/2018\/08\/ReNewCube-UNFDA-certified-rebottled-IBC-1000-container.jpg\",\"contentUrl\":\"https:\/\/www.ibc.ee\/wp-content\/uploads\/2018\/08\/ReNewCube-UNFDA-certified-rebottled-IBC-1000-container.jpg\",\"width\":1000,\"height\":1000,\"caption\":\"ReNewCube UN+FDA certified rebottled IBC 1000 container\"},{\"@type\":\"BreadcrumbList\",\"@id\":\"https:\/\/ibc.ee\/lt\/product\/renewcube-unfda-sertifikuotas-perpildytas-ibc-1000-konteineris\/#breadcrumb\",\"itemListElement\":[{\"@type\":\"ListItem\",\"position\":1,\"name\":\"\u0413\u043b\u0430\u0432\u043d\u0430\u044f \u0441\u0442\u0440\u0430\u043d\u0438\u0446\u0430\",\"item\":\"https:\/\/ibc.ee\/lt\/\"},{\"@type\":\"ListItem\",\"position\":2,\"name\":\"Parduotuv\u0117\",\"item\":\"https:\/\/ibc.ee\/lt\/shop\/\"},{\"@type\":\"ListItem\",\"position\":3,\"name\":\"ReNewCube UN+FDA sertifikuotas perpildytas IBC 1000 konteineris\"}]},{\"@type\":\"WebSite\",\"@id\":\"https:\/\/www.ibc.ee\/lt\/#website\",\"url\":\"https:\/\/www.ibc.ee\/lt\/\",\"name\":\"IBC konteineri m&uuml;&uuml;k, vaadid, kraanid, mahutid\",\"description\":\"IBC - Tank container valve, Adapters\\\\fittings, Intermediate bulk, container, Drums\/cans\",\"potentialAction\":[{\"@type\":\"SearchAction\",\"target\":{\"@type\":\"EntryPoint\",\"urlTemplate\":\"https:\/\/www.ibc.ee\/lt\/?s={search_term_string}\"},\"query-input\":{\"@type\":\"PropertyValueSpecification\",\"valueRequired\":true,\"valueName\":\"search_term_string\"}}],\"inLanguage\":\"lt-LT\"}]}<\/script>\n<!-- \/ Yoast SEO plugin. -->","yoast_head_json":{"title":"ReNewCube UN+FDA sertifikuotas perpildytas IBC 1000 konteineris - IBC konteineri m&uuml;&uuml;k, vaadid, kraanid, mahutid","description":"\u201eRebottled\u201c IBC \u2013 tai naujas viduje, pakartotinai panaudotas i\u0161or\u0117je \u2013 puikus funkcionalumo, saugumo ir kainos derinys.","robots":{"index":"index","follow":"follow","max-snippet":"max-snippet:-1","max-image-preview":"max-image-preview:large","max-video-preview":"max-video-preview:-1"},"canonical":"https:\/\/ibc.ee\/lt\/product\/renewcube-unfda-sertifikuotas-perpildytas-ibc-1000-konteineris\/","og_locale":"lt_LT","og_type":"article","og_title":"ReNewCube UN+FDA sertifikuotas perpildytas IBC 1000 konteineris - IBC konteineri m&uuml;&uuml;k, vaadid, kraanid, mahutid","og_description":"\u201eRebottled\u201c IBC \u2013 tai naujas viduje, pakartotinai panaudotas i\u0161or\u0117je \u2013 puikus funkcionalumo, saugumo ir kainos derinys.","og_url":"https:\/\/ibc.ee\/lt\/product\/renewcube-unfda-sertifikuotas-perpildytas-ibc-1000-konteineris\/","og_site_name":"IBC konteineri m&uuml;&uuml;k, vaadid, kraanid, mahutid","article_modified_time":"2025-07-07T12:32:57+00:00","og_image":[{"width":1000,"height":1000,"url":"https:\/\/www.ibc.ee\/wp-content\/uploads\/2018\/08\/ReNewCube-UNFDA-certified-rebottled-IBC-1000-container.jpg","type":"image\/jpeg"}],"twitter_card":"summary_large_image","twitter_misc":{"Est. reading time":"1 minut\u0117"},"schema":{"@context":"https:\/\/schema.org","@graph":[{"@type":"WebPage","@id":"https:\/\/ibc.ee\/lt\/product\/renewcube-unfda-sertifikuotas-perpildytas-ibc-1000-konteineris\/","url":"https:\/\/ibc.ee\/lt\/product\/renewcube-unfda-sertifikuotas-perpildytas-ibc-1000-konteineris\/","name":"ReNewCube UN+FDA sertifikuotas perpildytas IBC 1000 konteineris - IBC konteineri m&uuml;&uuml;k, vaadid, kraanid, mahutid","isPartOf":{"@id":"https:\/\/www.ibc.ee\/lt\/#website"},"primaryImageOfPage":{"@id":"https:\/\/ibc.ee\/lt\/product\/renewcube-unfda-sertifikuotas-perpildytas-ibc-1000-konteineris\/#primaryimage"},"image":{"@id":"https:\/\/ibc.ee\/lt\/product\/renewcube-unfda-sertifikuotas-perpildytas-ibc-1000-konteineris\/#primaryimage"},"thumbnailUrl":"https:\/\/www.ibc.ee\/wp-content\/uploads\/2018\/08\/ReNewCube-UNFDA-certified-rebottled-IBC-1000-container.jpg","datePublished":"2018-09-11T09:16:52+00:00","dateModified":"2025-07-07T12:32:57+00:00","description":"\u201eRebottled\u201c IBC \u2013 tai naujas viduje, pakartotinai panaudotas i\u0161or\u0117je \u2013 puikus funkcionalumo, saugumo ir kainos derinys.","breadcrumb":{"@id":"https:\/\/ibc.ee\/lt\/product\/renewcube-unfda-sertifikuotas-perpildytas-ibc-1000-konteineris\/#breadcrumb"},"inLanguage":"lt-LT","potentialAction":[{"@type":"ReadAction","target":["https:\/\/ibc.ee\/lt\/product\/renewcube-unfda-sertifikuotas-perpildytas-ibc-1000-konteineris\/"]}]},{"@type":"ImageObject","inLanguage":"lt-LT","@id":"https:\/\/ibc.ee\/lt\/product\/renewcube-unfda-sertifikuotas-perpildytas-ibc-1000-konteineris\/#primaryimage","url":"https:\/\/www.ibc.ee\/wp-content\/uploads\/2018\/08\/ReNewCube-UNFDA-certified-rebottled-IBC-1000-container.jpg","contentUrl":"https:\/\/www.ibc.ee\/wp-content\/uploads\/2018\/08\/ReNewCube-UNFDA-certified-rebottled-IBC-1000-container.jpg","width":1000,"height":1000,"caption":"ReNewCube UN+FDA certified rebottled IBC 1000 container"},{"@type":"BreadcrumbList","@id":"https:\/\/ibc.ee\/lt\/product\/renewcube-unfda-sertifikuotas-perpildytas-ibc-1000-konteineris\/#breadcrumb","itemListElement":[{"@type":"ListItem","position":1,"name":"\u0413\u043b\u0430\u0432\u043d\u0430\u044f \u0441\u0442\u0440\u0430\u043d\u0438\u0446\u0430","item":"https:\/\/ibc.ee\/lt\/"},{"@type":"ListItem","position":2,"name":"Parduotuv\u0117","item":"https:\/\/ibc.ee\/lt\/shop\/"},{"@type":"ListItem","position":3,"name":"ReNewCube UN+FDA sertifikuotas perpildytas IBC 1000 konteineris"}]},{"@type":"WebSite","@id":"https:\/\/www.ibc.ee\/lt\/#website","url":"https:\/\/www.ibc.ee\/lt\/","name":"IBC konteineri m&uuml;&uuml;k, vaadid, kraanid, mahutid","description":"IBC - Tank container valve, Adapters\\fittings, Intermediate bulk, container, Drums\/cans","potentialAction":[{"@type":"SearchAction","target":{"@type":"EntryPoint","urlTemplate":"https:\/\/www.ibc.ee\/lt\/?s={search_term_string}"},"query-input":{"@type":"PropertyValueSpecification","valueRequired":true,"valueName":"search_term_string"}}],"inLanguage":"lt-LT"}]}},"_links":{"self":[{"href":"https:\/\/ibc.ee\/lt\/wp-json\/wp\/v2\/product\/16591","targetHints":{"allow":["GET"]}}],"collection":[{"href":"https:\/\/ibc.ee\/lt\/wp-json\/wp\/v2\/product"}],"about":[{"href":"https:\/\/ibc.ee\/lt\/wp-json\/wp\/v2\/types\/product"}],"wp:featuredmedia":[{"embeddable":true,"href":"https:\/\/ibc.ee\/lt\/wp-json\/wp\/v2\/media\/24199"}],"wp:attachment":[{"href":"https:\/\/ibc.ee\/lt\/wp-json\/wp\/v2\/media?parent=16591"}],"wp:term":[{"taxonomy":"product_brand","embeddable":true,"href":"https:\/\/ibc.ee\/lt\/wp-json\/wp\/v2\/product_brand?post=16591"},{"taxonomy":"product_cat","embeddable":true,"href":"https:\/\/ibc.ee\/lt\/wp-json\/wp\/v2\/product_cat?post=16591"},{"taxonomy":"product_tag","embeddable":true,"href":"https:\/\/ibc.ee\/lt\/wp-json\/wp\/v2\/product_tag?post=16591"}],"curies":[{"name":"wp","href":"https:\/\/api.w.org\/{rel}","templated":true}]}}