{"id":16593,"date":"2018-08-25T12:56:37","date_gmt":"2018-09-11T09:17:34","guid":{"rendered":"https:\/\/ibc.ee\/product\/tarpiniams-biraliniams-talpyklos-ibc-1000l-%d1%81\/"},"modified":"2025-07-03T16:51:32","modified_gmt":"2025-07-03T14:51:32","slug":"newcube-ibc-1000-juodas-naujas-su-un-sertifikatu","status":"publish","type":"product","link":"https:\/\/ibc.ee\/lt\/product\/newcube-ibc-1000-juodas-naujas-su-un-sertifikatu\/","title":{"rendered":"NewCube IBC 1000 juodas, naujas su UN sertifikatu"},"content":{"rendered":"<p><strong>Kod\u0117l verta rinktis juod\u0105 IBC talpykl\u0105, o ne standartin\u0119 IBC talpykl\u0105?<\/strong><br \/>\nSkirtingai nuo standartini\u0173 permatom\u0173 IBC konteineri\u0173, \u0161is naujas juodas IBC konteineris pagamintas i\u0161 UV spinduliams atspari\u0173 med\u017eiag\u0173, kurios blokuoja saul\u0117s \u0161vies\u0105 ir suma\u017eina \u0161ilumos poveik\u012f. Tai padeda i\u0161vengti dumbli\u0173 augimo ir pailgina laikom\u0173 skys\u010di\u0173 galiojimo laik\u0105 \u2013 idealiai tinka naudoti lauke arba bet kurioje kitoje vietoje, kur skys\u010dio stabilumas yra labai svarbus. <\/p>\n<p><strong>Sukurta sud\u0117tingoms aplinkoms<\/strong><br \/>\nPagaminta i\u0161 naujo HDPE plastiko ir apsaugota tvirtu cinkuoto plieno narvu, \u0161i talpykla yra paruo\u0161ta intensyviam naudojimui \u012fvairiose pramon\u0117s \u0161akose \u2013 nuo \u200b\u200bstatybvie\u010di\u0173 ir \u016bki\u0173 iki gamykl\u0173 ir transporto logistikos.<\/p>\n<p><strong>Svarbi pastaba<\/strong><br \/>\n\u0160is konteineris yra naujas ir nenaudotas, ta\u010diau jis n\u0117ra sertifikuotas maistui (FDA) ir tod\u0117l netinka geriamajam vandeniui ar su maistu susijusiems produktams.<br \/>\nVartojimo ar geriamojo vandens reikm\u0117ms rinkit\u0117s maistui tinkam\u0105 IBC konteiner\u012f su atitinkamu sertifikatu.<\/p>\n<p><strong>Da\u017eniausios nauj\u0173, UN sertifikuot\u0173 juod\u0173 IBC konteineri\u0173 taikymo sritys:<\/strong><\/p>\n<p>\u2013 Techniniai ir pramoniniai skys\u010diai<br \/>\nIdealiai tinka pavojing\u0173 ir nepavojing\u0173 skys\u010di\u0173, toki\u0173 kaip dyzelinas, \u0161vie\u017eios alyvos, hidrauliniai skys\u010diai, tirpikliai, antifrizas ir kiti techniniai skys\u010diai, laikymui. UN sertifikatas u\u017etikrina saug\u0173 reglamentuojam\u0173 med\u017eiag\u0173 tvarkym\u0105, transportavim\u0105 ir ilgalaik\u012f saugojim\u0105. <\/p>\n<p>\u2013 \u017dem\u0117s \u016bkis ir dr\u0117kinimas<br \/>\nTinka dr\u0117kinimo vandeniui, tr\u0105\u0161\u0173 tirpalams, skystoms maistin\u0117ms med\u017eiagoms, pesticidams, herbicidams ir nukalkinimui.<br \/>\nJuodas, UV spinduliams atsparus bakas padeda i\u0161vengti dumbli\u0173 augimo, tod\u0117l idealiai tinka vandeniui laikyti lauke \u016bkininkavimo aplinkoje.<\/p>\n<p>\u2013 Chemijos pramon\u0117<br \/>\nPuikiai tinka r\u016bg\u0161tims, \u0161armams, valymo priemon\u0117ms, proces\u0173 chemikalams ir gamybos liku\u010diams laikyti arba transportuoti. Tvirta konstrukcija ir UN patvirtinimas u\u017etikrina chemin\u012f suderinamum\u0105 ir saugum\u0105 sud\u0117tingose \u200b\u200bpramon\u0117s srityse. <\/p>\n<p>\u2013 Statyba ir gamyba<br \/>\nPuikiai tinka betono plovimo vandeniui, skiediniui, klijams, bitumui, da\u017e\u0173 liku\u010diams ir statybviet\u0117s skys\u010diams.<br \/>\nPatvari nauja HDPE talpykla ir plieninis r\u0117mas u\u017etikrina patikimum\u0105 mobiliam arba stacionariam naudojimui statybviet\u0117se ir gamybos \u012frenginiuose.<\/p>\n","protected":false},"excerpt":{"rendered":"<p>\u0160is 1000 litr\u0173 talpos naujas IBC konteineris su UN sertifikatu. Jis turi nauj\u0105 vidin\u012f butel\u012f, nauj\u0105 cinkuoto plieno r\u0117m\u0105 ir nauj\u0105 dangt\u012f bei vo\u017etuv\u0105. Idealiai tinka pavojingiems skys\u010diams, technin\u0117ms chemin\u0117ms med\u017eiagoms, \u017eem\u0117s \u016bkio pramon\u0117s sand\u0117liavimui. Mai\u0161elio neskaidrumas visi\u0161kai blokuoja UV spindulius ir \u0161vies\u0105. Tod\u0117l i\u0161saugoma \u0161iame IBC esan\u010dio vandens kokyb\u0117.    <\/p>\n","protected":false},"featured_media":24117,"template":"","meta":[],"product_brand":[],"product_cat":[317],"product_tag":[],"class_list":{"0":"post-16593","1":"product","2":"type-product","3":"status-publish","4":"has-post-thumbnail","6":"product_cat-tarpinis-tara-ibc-1000-litru","7":"product_shipping_class-containers-lt","9":"first","10":"instock","11":"taxable","12":"shipping-taxable","13":"purchasable","14":"product-type-simple"},"yoast_head":"<!-- This site is optimized with the Yoast SEO plugin v26.9 - https:\/\/yoast.com\/product\/yoast-seo-wordpress\/ -->\n<title>NewCube IBC 1000 juodas, naujas su UN sertifikatu - IBC konteineri m&uuml;&uuml;k, vaadid, kraanid, mahutid<\/title>\n<meta name=\"description\" content=\"\u0160is 1000 litr\u0173 talpos naujas IBC konteineris su UN sertifikatu. Jis turi nauj\u0105 vidin\u012f butel\u012f, nauj\u0105 cinkuoto plieno r\u0117m\u0105 ir nauj\u0105 dangt\u012f bei vo\u017etuv\u0105. Idealiai tinka pavojingiems skys\u010diams, technin\u0117ms chemin\u0117ms med\u017eiagoms ir kt.\" \/>\n<meta name=\"robots\" content=\"index, follow, max-snippet:-1, max-image-preview:large, max-video-preview:-1\" \/>\n<link rel=\"canonical\" href=\"https:\/\/ibc.ee\/lt\/product\/newcube-ibc-1000-juodas-naujas-su-un-sertifikatu\/\" \/>\n<meta property=\"og:locale\" content=\"lt_LT\" \/>\n<meta property=\"og:type\" content=\"article\" \/>\n<meta property=\"og:title\" content=\"NewCube IBC 1000 juodas, naujas su UN sertifikatu - IBC konteineri m&uuml;&uuml;k, vaadid, kraanid, mahutid\" \/>\n<meta property=\"og:description\" content=\"\u0160is 1000 litr\u0173 talpos naujas IBC konteineris su UN sertifikatu. Jis turi nauj\u0105 vidin\u012f butel\u012f, nauj\u0105 cinkuoto plieno r\u0117m\u0105 ir nauj\u0105 dangt\u012f bei vo\u017etuv\u0105. Idealiai tinka pavojingiems skys\u010diams, technin\u0117ms chemin\u0117ms med\u017eiagoms ir kt.\" \/>\n<meta property=\"og:url\" content=\"https:\/\/ibc.ee\/lt\/product\/newcube-ibc-1000-juodas-naujas-su-un-sertifikatu\/\" \/>\n<meta property=\"og:site_name\" content=\"IBC konteineri m&uuml;&uuml;k, vaadid, kraanid, mahutid\" \/>\n<meta property=\"article:modified_time\" content=\"2025-07-03T14:51:32+00:00\" \/>\n<meta property=\"og:image\" content=\"https:\/\/www.ibc.ee\/wp-content\/uploads\/2018\/08\/NewCube-IBC-1000-Black-New-with-UN-Certificate.jpg\" \/>\n\t<meta property=\"og:image:width\" content=\"1000\" \/>\n\t<meta property=\"og:image:height\" content=\"1000\" \/>\n\t<meta property=\"og:image:type\" content=\"image\/jpeg\" \/>\n<meta name=\"twitter:card\" content=\"summary_large_image\" \/>\n<meta name=\"twitter:label1\" content=\"Est. reading time\" \/>\n\t<meta name=\"twitter:data1\" content=\"2 minut\u0117s\" \/>\n<script type=\"application\/ld+json\" class=\"yoast-schema-graph\">{\"@context\":\"https:\/\/schema.org\",\"@graph\":[{\"@type\":\"WebPage\",\"@id\":\"https:\/\/ibc.ee\/lt\/product\/newcube-ibc-1000-juodas-naujas-su-un-sertifikatu\/\",\"url\":\"https:\/\/ibc.ee\/lt\/product\/newcube-ibc-1000-juodas-naujas-su-un-sertifikatu\/\",\"name\":\"NewCube IBC 1000 juodas, naujas su UN sertifikatu - IBC konteineri m&uuml;&uuml;k, vaadid, kraanid, mahutid\",\"isPartOf\":{\"@id\":\"https:\/\/www.ibc.ee\/lt\/#website\"},\"primaryImageOfPage\":{\"@id\":\"https:\/\/ibc.ee\/lt\/product\/newcube-ibc-1000-juodas-naujas-su-un-sertifikatu\/#primaryimage\"},\"image\":{\"@id\":\"https:\/\/ibc.ee\/lt\/product\/newcube-ibc-1000-juodas-naujas-su-un-sertifikatu\/#primaryimage\"},\"thumbnailUrl\":\"https:\/\/ibc.ee\/wp-content\/uploads\/2018\/08\/NewCube-IBC-1000-Black-New-with-UN-Certificate.jpg\",\"datePublished\":\"2018-09-11T09:17:34+00:00\",\"dateModified\":\"2025-07-03T14:51:32+00:00\",\"description\":\"\u0160is 1000 litr\u0173 talpos naujas IBC konteineris su UN sertifikatu. Jis turi nauj\u0105 vidin\u012f butel\u012f, nauj\u0105 cinkuoto plieno r\u0117m\u0105 ir nauj\u0105 dangt\u012f bei vo\u017etuv\u0105. Idealiai tinka pavojingiems skys\u010diams, technin\u0117ms chemin\u0117ms med\u017eiagoms ir kt.\",\"breadcrumb\":{\"@id\":\"https:\/\/ibc.ee\/lt\/product\/newcube-ibc-1000-juodas-naujas-su-un-sertifikatu\/#breadcrumb\"},\"inLanguage\":\"lt-LT\",\"potentialAction\":[{\"@type\":\"ReadAction\",\"target\":[\"https:\/\/ibc.ee\/lt\/product\/newcube-ibc-1000-juodas-naujas-su-un-sertifikatu\/\"]}]},{\"@type\":\"ImageObject\",\"inLanguage\":\"lt-LT\",\"@id\":\"https:\/\/ibc.ee\/lt\/product\/newcube-ibc-1000-juodas-naujas-su-un-sertifikatu\/#primaryimage\",\"url\":\"https:\/\/ibc.ee\/wp-content\/uploads\/2018\/08\/NewCube-IBC-1000-Black-New-with-UN-Certificate.jpg\",\"contentUrl\":\"https:\/\/ibc.ee\/wp-content\/uploads\/2018\/08\/NewCube-IBC-1000-Black-New-with-UN-Certificate.jpg\",\"width\":1000,\"height\":1000,\"caption\":\"NewCube IBC 1000 Black New with UN Certificate\"},{\"@type\":\"BreadcrumbList\",\"@id\":\"https:\/\/ibc.ee\/lt\/product\/newcube-ibc-1000-juodas-naujas-su-un-sertifikatu\/#breadcrumb\",\"itemListElement\":[{\"@type\":\"ListItem\",\"position\":1,\"name\":\"\u0413\u043b\u0430\u0432\u043d\u0430\u044f \u0441\u0442\u0440\u0430\u043d\u0438\u0446\u0430\",\"item\":\"https:\/\/ibc.ee\/lt\/\"},{\"@type\":\"ListItem\",\"position\":2,\"name\":\"Parduotuv\u0117\",\"item\":\"https:\/\/ibc.ee\/lt\/shop\/\"},{\"@type\":\"ListItem\",\"position\":3,\"name\":\"NewCube IBC 1000 juodas, naujas su UN sertifikatu\"}]},{\"@type\":\"WebSite\",\"@id\":\"https:\/\/www.ibc.ee\/lt\/#website\",\"url\":\"https:\/\/www.ibc.ee\/lt\/\",\"name\":\"IBC konteineri m&uuml;&uuml;k, vaadid, kraanid, mahutid\",\"description\":\"IBC - Tank container valve, Adapters\\\\fittings, Intermediate bulk, container, Drums\/cans\",\"potentialAction\":[{\"@type\":\"SearchAction\",\"target\":{\"@type\":\"EntryPoint\",\"urlTemplate\":\"https:\/\/www.ibc.ee\/lt\/?s={search_term_string}\"},\"query-input\":{\"@type\":\"PropertyValueSpecification\",\"valueRequired\":true,\"valueName\":\"search_term_string\"}}],\"inLanguage\":\"lt-LT\"}]}<\/script>\n<!-- \/ Yoast SEO plugin. -->","yoast_head_json":{"title":"NewCube IBC 1000 juodas, naujas su UN sertifikatu - IBC konteineri m&uuml;&uuml;k, vaadid, kraanid, mahutid","description":"\u0160is 1000 litr\u0173 talpos naujas IBC konteineris su UN sertifikatu. Jis turi nauj\u0105 vidin\u012f butel\u012f, nauj\u0105 cinkuoto plieno r\u0117m\u0105 ir nauj\u0105 dangt\u012f bei vo\u017etuv\u0105. Idealiai tinka pavojingiems skys\u010diams, technin\u0117ms chemin\u0117ms med\u017eiagoms ir kt.","robots":{"index":"index","follow":"follow","max-snippet":"max-snippet:-1","max-image-preview":"max-image-preview:large","max-video-preview":"max-video-preview:-1"},"canonical":"https:\/\/ibc.ee\/lt\/product\/newcube-ibc-1000-juodas-naujas-su-un-sertifikatu\/","og_locale":"lt_LT","og_type":"article","og_title":"NewCube IBC 1000 juodas, naujas su UN sertifikatu - IBC konteineri m&uuml;&uuml;k, vaadid, kraanid, mahutid","og_description":"\u0160is 1000 litr\u0173 talpos naujas IBC konteineris su UN sertifikatu. Jis turi nauj\u0105 vidin\u012f butel\u012f, nauj\u0105 cinkuoto plieno r\u0117m\u0105 ir nauj\u0105 dangt\u012f bei vo\u017etuv\u0105. Idealiai tinka pavojingiems skys\u010diams, technin\u0117ms chemin\u0117ms med\u017eiagoms ir kt.","og_url":"https:\/\/ibc.ee\/lt\/product\/newcube-ibc-1000-juodas-naujas-su-un-sertifikatu\/","og_site_name":"IBC konteineri m&uuml;&uuml;k, vaadid, kraanid, mahutid","article_modified_time":"2025-07-03T14:51:32+00:00","og_image":[{"width":1000,"height":1000,"url":"https:\/\/www.ibc.ee\/wp-content\/uploads\/2018\/08\/NewCube-IBC-1000-Black-New-with-UN-Certificate.jpg","type":"image\/jpeg"}],"twitter_card":"summary_large_image","twitter_misc":{"Est. reading time":"2 minut\u0117s"},"schema":{"@context":"https:\/\/schema.org","@graph":[{"@type":"WebPage","@id":"https:\/\/ibc.ee\/lt\/product\/newcube-ibc-1000-juodas-naujas-su-un-sertifikatu\/","url":"https:\/\/ibc.ee\/lt\/product\/newcube-ibc-1000-juodas-naujas-su-un-sertifikatu\/","name":"NewCube IBC 1000 juodas, naujas su UN sertifikatu - IBC konteineri m&uuml;&uuml;k, vaadid, kraanid, mahutid","isPartOf":{"@id":"https:\/\/www.ibc.ee\/lt\/#website"},"primaryImageOfPage":{"@id":"https:\/\/ibc.ee\/lt\/product\/newcube-ibc-1000-juodas-naujas-su-un-sertifikatu\/#primaryimage"},"image":{"@id":"https:\/\/ibc.ee\/lt\/product\/newcube-ibc-1000-juodas-naujas-su-un-sertifikatu\/#primaryimage"},"thumbnailUrl":"https:\/\/ibc.ee\/wp-content\/uploads\/2018\/08\/NewCube-IBC-1000-Black-New-with-UN-Certificate.jpg","datePublished":"2018-09-11T09:17:34+00:00","dateModified":"2025-07-03T14:51:32+00:00","description":"\u0160is 1000 litr\u0173 talpos naujas IBC konteineris su UN sertifikatu. Jis turi nauj\u0105 vidin\u012f butel\u012f, nauj\u0105 cinkuoto plieno r\u0117m\u0105 ir nauj\u0105 dangt\u012f bei vo\u017etuv\u0105. Idealiai tinka pavojingiems skys\u010diams, technin\u0117ms chemin\u0117ms med\u017eiagoms ir kt.","breadcrumb":{"@id":"https:\/\/ibc.ee\/lt\/product\/newcube-ibc-1000-juodas-naujas-su-un-sertifikatu\/#breadcrumb"},"inLanguage":"lt-LT","potentialAction":[{"@type":"ReadAction","target":["https:\/\/ibc.ee\/lt\/product\/newcube-ibc-1000-juodas-naujas-su-un-sertifikatu\/"]}]},{"@type":"ImageObject","inLanguage":"lt-LT","@id":"https:\/\/ibc.ee\/lt\/product\/newcube-ibc-1000-juodas-naujas-su-un-sertifikatu\/#primaryimage","url":"https:\/\/ibc.ee\/wp-content\/uploads\/2018\/08\/NewCube-IBC-1000-Black-New-with-UN-Certificate.jpg","contentUrl":"https:\/\/ibc.ee\/wp-content\/uploads\/2018\/08\/NewCube-IBC-1000-Black-New-with-UN-Certificate.jpg","width":1000,"height":1000,"caption":"NewCube IBC 1000 Black New with UN Certificate"},{"@type":"BreadcrumbList","@id":"https:\/\/ibc.ee\/lt\/product\/newcube-ibc-1000-juodas-naujas-su-un-sertifikatu\/#breadcrumb","itemListElement":[{"@type":"ListItem","position":1,"name":"\u0413\u043b\u0430\u0432\u043d\u0430\u044f \u0441\u0442\u0440\u0430\u043d\u0438\u0446\u0430","item":"https:\/\/ibc.ee\/lt\/"},{"@type":"ListItem","position":2,"name":"Parduotuv\u0117","item":"https:\/\/ibc.ee\/lt\/shop\/"},{"@type":"ListItem","position":3,"name":"NewCube IBC 1000 juodas, naujas su UN sertifikatu"}]},{"@type":"WebSite","@id":"https:\/\/www.ibc.ee\/lt\/#website","url":"https:\/\/www.ibc.ee\/lt\/","name":"IBC konteineri m&uuml;&uuml;k, vaadid, kraanid, mahutid","description":"IBC - Tank container valve, Adapters\\fittings, Intermediate bulk, container, Drums\/cans","potentialAction":[{"@type":"SearchAction","target":{"@type":"EntryPoint","urlTemplate":"https:\/\/www.ibc.ee\/lt\/?s={search_term_string}"},"query-input":{"@type":"PropertyValueSpecification","valueRequired":true,"valueName":"search_term_string"}}],"inLanguage":"lt-LT"}]}},"_links":{"self":[{"href":"https:\/\/ibc.ee\/lt\/wp-json\/wp\/v2\/product\/16593","targetHints":{"allow":["GET"]}}],"collection":[{"href":"https:\/\/ibc.ee\/lt\/wp-json\/wp\/v2\/product"}],"about":[{"href":"https:\/\/ibc.ee\/lt\/wp-json\/wp\/v2\/types\/product"}],"wp:featuredmedia":[{"embeddable":true,"href":"https:\/\/ibc.ee\/lt\/wp-json\/wp\/v2\/media\/24117"}],"wp:attachment":[{"href":"https:\/\/ibc.ee\/lt\/wp-json\/wp\/v2\/media?parent=16593"}],"wp:term":[{"taxonomy":"product_brand","embeddable":true,"href":"https:\/\/ibc.ee\/lt\/wp-json\/wp\/v2\/product_brand?post=16593"},{"taxonomy":"product_cat","embeddable":true,"href":"https:\/\/ibc.ee\/lt\/wp-json\/wp\/v2\/product_cat?post=16593"},{"taxonomy":"product_tag","embeddable":true,"href":"https:\/\/ibc.ee\/lt\/wp-json\/wp\/v2\/product_tag?post=16593"}],"curies":[{"name":"wp","href":"https:\/\/api.w.org\/{rel}","templated":true}]}}