{"id":16596,"date":"2018-08-26T08:32:35","date_gmt":"2018-09-11T09:18:02","guid":{"rendered":"https:\/\/ibc.ee\/product\/tarpiniams-biraliniams-talpyklos-ibc-1000l-n\/"},"modified":"2025-07-08T12:07:26","modified_gmt":"2025-07-08T10:07:26","slug":"newcube-un-ibc-1000-naujas-konteineris-su-un-sertifikatu","status":"publish","type":"product","link":"https:\/\/ibc.ee\/lt\/product\/newcube-un-ibc-1000-naujas-konteineris-su-un-sertifikatu\/","title":{"rendered":"NewCube UN IBC 1000 \u2013 Naujas konteineris su UN sertifikatu"},"content":{"rendered":"<p><strong>Naujas IBC 1000 litr\u0173 konteineris \u2013 sertifikuotas UN pavojingiems ir pramoniniams skys\u010diams<\/strong><\/p>\n<p><em>Puikus pasirinkimas profesionalams, kuriems reikia saugaus ir sertifikuoto chemini\u0173, technini\u0173 ar reguliuojam\u0173 skys\u010di\u0173 transportavimo ir saugojimo sprendimo.<\/em><\/p>\n<p><strong>Tipin\u0117s panaudojimo sritys<\/strong><br \/>\n<strong>Chemijos ir pramon\u0117s naudojimas<\/strong><br \/>\n&#8211; Tirpikliai, plovikliai, r\u016bg\u0161tys, \u0161armai<br \/>\n&#8211; Tepalai, dangos, da\u017eai, pigmentai<br \/>\n&#8211; Nuotekos, skalavimo skys\u010diai, neutralizavimo tirpalai<\/p>\n<p><strong>Statyba ir gamyba<\/strong><br \/>\n&#8211; Betono priedai, form\u0173 atskyrimo alyvos<br \/>\n&#8211; Bitumo ir hidroizoliacin\u0117s med\u017eiagos<br \/>\n&#8211; Plovimo vanduo ir liku\u010di\u0173 surinkimas<\/p>\n<p><strong>\u017dem\u0117s \u016bkis ir sodininkyst\u0117<\/strong><br \/>\n&#8211; Skystos tr\u0105\u0161os, augal\u0173 apsaugos produktai<br \/>\n&#8211; Nukalkinimo skys\u010diai, pesticid\u0173 mi\u0161iniai<br \/>\n&#8211; Laistymo chemikalai, komposto arbata<\/p>\n<p><strong>Automobili\u0173 ir techniniai skys\u010diai<\/strong><br \/>\n&#8211; Au\u0161inimo skys\u010diai, antifrizas, stabd\u017ei\u0173 skystis<br \/>\n&#8211; Dyzelino ir kuro priedai<br \/>\n&#8211; Naudot\u0173 alyv\u0173 ir technini\u0173 skys\u010di\u0173 surinkimas<\/p>\n","protected":false},"excerpt":{"rendered":"<p>\u0160is visi\u0161kai naujas 1000 litr\u0173 IBC konteineris (Intermediate Bulk Container) yra visi\u0161kai JT (UN) sertifikuotas, tod\u0117l tinka saugiam pavojing\u0173 ir nepavojing\u0173 skys\u010di\u0173 transportavimui bei laikymui.<br \/>Puikiai pritaikytas profesionaliam ir pramoniniam naudojimui.<\/p>\n<p>Konteineris turi auk\u0161tos kokyb\u0117s HDPE (auk\u0161to tankio polietileno) vidin\u0119 talp\u0105, cinkuoto plieno r\u0117m\u0105 ir pad\u0117klo pagrind\u0105, tinkam\u0105 naudoti su krautuvais ir pale\u010di\u0173 ve\u017eim\u0117liais.<br \/>Atitinka tarptautinius saugos standartus, u\u017etikrina atsparum\u0105 chemin\u0117ms med\u017eiagoms, ilgaam\u017ei\u0161kum\u0105 ir atitikt\u012f reglamentams. <\/p>\n","protected":false},"featured_media":24225,"template":"","meta":[],"product_brand":[],"product_cat":[317],"product_tag":[],"class_list":{"0":"post-16596","1":"product","2":"type-product","3":"status-publish","4":"has-post-thumbnail","6":"product_cat-tarpinis-tara-ibc-1000-litru","7":"product_shipping_class-containers-lt","9":"first","10":"onbackorder","11":"taxable","12":"shipping-taxable","13":"purchasable","14":"product-type-simple"},"yoast_head":"<!-- This site is optimized with the Yoast SEO plugin v26.9 - https:\/\/yoast.com\/product\/yoast-seo-wordpress\/ -->\n<title>NewCube UN IBC 1000 \u2013 Naujas konteineris su UN sertifikatu - IBC konteineri m&uuml;&uuml;k, vaadid, kraanid, mahutid<\/title>\n<meta name=\"description\" content=\"\u0160is visi\u0161kai naujas 1000 litr\u0173 IBC konteineris yra visi\u0161kai UN sertifikuotas, tod\u0117l tinka saugiam pavojing\u0173 ir nepavojing\u0173 skys\u010di\u0173 transportavimui bei laikymui.\" \/>\n<meta name=\"robots\" content=\"index, follow, max-snippet:-1, max-image-preview:large, max-video-preview:-1\" \/>\n<link rel=\"canonical\" href=\"https:\/\/ibc.ee\/lt\/product\/newcube-un-ibc-1000-naujas-konteineris-su-un-sertifikatu\/\" \/>\n<meta property=\"og:locale\" content=\"lt_LT\" \/>\n<meta property=\"og:type\" content=\"article\" \/>\n<meta property=\"og:title\" content=\"NewCube UN IBC 1000 \u2013 Naujas konteineris su UN sertifikatu - IBC konteineri m&uuml;&uuml;k, vaadid, kraanid, mahutid\" \/>\n<meta property=\"og:description\" content=\"\u0160is visi\u0161kai naujas 1000 litr\u0173 IBC konteineris yra visi\u0161kai UN sertifikuotas, tod\u0117l tinka saugiam pavojing\u0173 ir nepavojing\u0173 skys\u010di\u0173 transportavimui bei laikymui.\" \/>\n<meta property=\"og:url\" content=\"https:\/\/ibc.ee\/lt\/product\/newcube-un-ibc-1000-naujas-konteineris-su-un-sertifikatu\/\" \/>\n<meta property=\"og:site_name\" content=\"IBC konteineri m&uuml;&uuml;k, vaadid, kraanid, mahutid\" \/>\n<meta property=\"article:modified_time\" content=\"2025-07-08T10:07:26+00:00\" \/>\n<meta property=\"og:image\" content=\"https:\/\/ibc.ee\/wp-content\/uploads\/2018\/08\/NewCube-UN-IBC-1000-new-container-UN-approved.jpg\" \/>\n\t<meta property=\"og:image:width\" content=\"1000\" \/>\n\t<meta property=\"og:image:height\" content=\"1000\" \/>\n\t<meta property=\"og:image:type\" content=\"image\/jpeg\" \/>\n<meta name=\"twitter:card\" content=\"summary_large_image\" \/>\n<meta name=\"twitter:label1\" content=\"Est. reading time\" \/>\n\t<meta name=\"twitter:data1\" content=\"1 minut\u0117\" \/>\n<script type=\"application\/ld+json\" class=\"yoast-schema-graph\">{\"@context\":\"https:\/\/schema.org\",\"@graph\":[{\"@type\":\"WebPage\",\"@id\":\"https:\/\/ibc.ee\/lt\/product\/newcube-un-ibc-1000-naujas-konteineris-su-un-sertifikatu\/\",\"url\":\"https:\/\/ibc.ee\/lt\/product\/newcube-un-ibc-1000-naujas-konteineris-su-un-sertifikatu\/\",\"name\":\"NewCube UN IBC 1000 \u2013 Naujas konteineris su UN sertifikatu - IBC konteineri m&uuml;&uuml;k, vaadid, kraanid, mahutid\",\"isPartOf\":{\"@id\":\"https:\/\/ibc.ee\/lt\/#website\"},\"primaryImageOfPage\":{\"@id\":\"https:\/\/ibc.ee\/lt\/product\/newcube-un-ibc-1000-naujas-konteineris-su-un-sertifikatu\/#primaryimage\"},\"image\":{\"@id\":\"https:\/\/ibc.ee\/lt\/product\/newcube-un-ibc-1000-naujas-konteineris-su-un-sertifikatu\/#primaryimage\"},\"thumbnailUrl\":\"https:\/\/ibc.ee\/wp-content\/uploads\/2018\/08\/NewCube-UN-IBC-1000-new-container-UN-approved.jpg\",\"datePublished\":\"2018-09-11T09:18:02+00:00\",\"dateModified\":\"2025-07-08T10:07:26+00:00\",\"description\":\"\u0160is visi\u0161kai naujas 1000 litr\u0173 IBC konteineris yra visi\u0161kai UN sertifikuotas, tod\u0117l tinka saugiam pavojing\u0173 ir nepavojing\u0173 skys\u010di\u0173 transportavimui bei laikymui.\",\"breadcrumb\":{\"@id\":\"https:\/\/ibc.ee\/lt\/product\/newcube-un-ibc-1000-naujas-konteineris-su-un-sertifikatu\/#breadcrumb\"},\"inLanguage\":\"lt-LT\",\"potentialAction\":[{\"@type\":\"ReadAction\",\"target\":[\"https:\/\/ibc.ee\/lt\/product\/newcube-un-ibc-1000-naujas-konteineris-su-un-sertifikatu\/\"]}]},{\"@type\":\"ImageObject\",\"inLanguage\":\"lt-LT\",\"@id\":\"https:\/\/ibc.ee\/lt\/product\/newcube-un-ibc-1000-naujas-konteineris-su-un-sertifikatu\/#primaryimage\",\"url\":\"https:\/\/ibc.ee\/wp-content\/uploads\/2018\/08\/NewCube-UN-IBC-1000-new-container-UN-approved.jpg\",\"contentUrl\":\"https:\/\/ibc.ee\/wp-content\/uploads\/2018\/08\/NewCube-UN-IBC-1000-new-container-UN-approved.jpg\",\"width\":1000,\"height\":1000,\"caption\":\"NewCube UN IBC 1000 new container with UN certificate\"},{\"@type\":\"BreadcrumbList\",\"@id\":\"https:\/\/ibc.ee\/lt\/product\/newcube-un-ibc-1000-naujas-konteineris-su-un-sertifikatu\/#breadcrumb\",\"itemListElement\":[{\"@type\":\"ListItem\",\"position\":1,\"name\":\"\u0413\u043b\u0430\u0432\u043d\u0430\u044f \u0441\u0442\u0440\u0430\u043d\u0438\u0446\u0430\",\"item\":\"https:\/\/ibc.ee\/lt\/\"},{\"@type\":\"ListItem\",\"position\":2,\"name\":\"Parduotuv\u0117\",\"item\":\"https:\/\/ibc.ee\/lt\/shop\/\"},{\"@type\":\"ListItem\",\"position\":3,\"name\":\"NewCube UN IBC 1000 \u2013 Naujas konteineris su UN sertifikatu\"}]},{\"@type\":\"WebSite\",\"@id\":\"https:\/\/ibc.ee\/lt\/#website\",\"url\":\"https:\/\/ibc.ee\/lt\/\",\"name\":\"IBC konteineri m&uuml;&uuml;k, vaadid, kraanid, mahutid\",\"description\":\"IBC - Tank container valve, Adapters\\\\fittings, Intermediate bulk, container, Drums\/cans\",\"potentialAction\":[{\"@type\":\"SearchAction\",\"target\":{\"@type\":\"EntryPoint\",\"urlTemplate\":\"https:\/\/ibc.ee\/lt\/?s={search_term_string}\"},\"query-input\":{\"@type\":\"PropertyValueSpecification\",\"valueRequired\":true,\"valueName\":\"search_term_string\"}}],\"inLanguage\":\"lt-LT\"}]}<\/script>\n<!-- \/ Yoast SEO plugin. -->","yoast_head_json":{"title":"NewCube UN IBC 1000 \u2013 Naujas konteineris su UN sertifikatu - IBC konteineri m&uuml;&uuml;k, vaadid, kraanid, mahutid","description":"\u0160is visi\u0161kai naujas 1000 litr\u0173 IBC konteineris yra visi\u0161kai UN sertifikuotas, tod\u0117l tinka saugiam pavojing\u0173 ir nepavojing\u0173 skys\u010di\u0173 transportavimui bei laikymui.","robots":{"index":"index","follow":"follow","max-snippet":"max-snippet:-1","max-image-preview":"max-image-preview:large","max-video-preview":"max-video-preview:-1"},"canonical":"https:\/\/ibc.ee\/lt\/product\/newcube-un-ibc-1000-naujas-konteineris-su-un-sertifikatu\/","og_locale":"lt_LT","og_type":"article","og_title":"NewCube UN IBC 1000 \u2013 Naujas konteineris su UN sertifikatu - IBC konteineri m&uuml;&uuml;k, vaadid, kraanid, mahutid","og_description":"\u0160is visi\u0161kai naujas 1000 litr\u0173 IBC konteineris yra visi\u0161kai UN sertifikuotas, tod\u0117l tinka saugiam pavojing\u0173 ir nepavojing\u0173 skys\u010di\u0173 transportavimui bei laikymui.","og_url":"https:\/\/ibc.ee\/lt\/product\/newcube-un-ibc-1000-naujas-konteineris-su-un-sertifikatu\/","og_site_name":"IBC konteineri m&uuml;&uuml;k, vaadid, kraanid, mahutid","article_modified_time":"2025-07-08T10:07:26+00:00","og_image":[{"width":1000,"height":1000,"url":"https:\/\/ibc.ee\/wp-content\/uploads\/2018\/08\/NewCube-UN-IBC-1000-new-container-UN-approved.jpg","type":"image\/jpeg"}],"twitter_card":"summary_large_image","twitter_misc":{"Est. reading time":"1 minut\u0117"},"schema":{"@context":"https:\/\/schema.org","@graph":[{"@type":"WebPage","@id":"https:\/\/ibc.ee\/lt\/product\/newcube-un-ibc-1000-naujas-konteineris-su-un-sertifikatu\/","url":"https:\/\/ibc.ee\/lt\/product\/newcube-un-ibc-1000-naujas-konteineris-su-un-sertifikatu\/","name":"NewCube UN IBC 1000 \u2013 Naujas konteineris su UN sertifikatu - IBC konteineri m&uuml;&uuml;k, vaadid, kraanid, mahutid","isPartOf":{"@id":"https:\/\/ibc.ee\/lt\/#website"},"primaryImageOfPage":{"@id":"https:\/\/ibc.ee\/lt\/product\/newcube-un-ibc-1000-naujas-konteineris-su-un-sertifikatu\/#primaryimage"},"image":{"@id":"https:\/\/ibc.ee\/lt\/product\/newcube-un-ibc-1000-naujas-konteineris-su-un-sertifikatu\/#primaryimage"},"thumbnailUrl":"https:\/\/ibc.ee\/wp-content\/uploads\/2018\/08\/NewCube-UN-IBC-1000-new-container-UN-approved.jpg","datePublished":"2018-09-11T09:18:02+00:00","dateModified":"2025-07-08T10:07:26+00:00","description":"\u0160is visi\u0161kai naujas 1000 litr\u0173 IBC konteineris yra visi\u0161kai UN sertifikuotas, tod\u0117l tinka saugiam pavojing\u0173 ir nepavojing\u0173 skys\u010di\u0173 transportavimui bei laikymui.","breadcrumb":{"@id":"https:\/\/ibc.ee\/lt\/product\/newcube-un-ibc-1000-naujas-konteineris-su-un-sertifikatu\/#breadcrumb"},"inLanguage":"lt-LT","potentialAction":[{"@type":"ReadAction","target":["https:\/\/ibc.ee\/lt\/product\/newcube-un-ibc-1000-naujas-konteineris-su-un-sertifikatu\/"]}]},{"@type":"ImageObject","inLanguage":"lt-LT","@id":"https:\/\/ibc.ee\/lt\/product\/newcube-un-ibc-1000-naujas-konteineris-su-un-sertifikatu\/#primaryimage","url":"https:\/\/ibc.ee\/wp-content\/uploads\/2018\/08\/NewCube-UN-IBC-1000-new-container-UN-approved.jpg","contentUrl":"https:\/\/ibc.ee\/wp-content\/uploads\/2018\/08\/NewCube-UN-IBC-1000-new-container-UN-approved.jpg","width":1000,"height":1000,"caption":"NewCube UN IBC 1000 new container with UN certificate"},{"@type":"BreadcrumbList","@id":"https:\/\/ibc.ee\/lt\/product\/newcube-un-ibc-1000-naujas-konteineris-su-un-sertifikatu\/#breadcrumb","itemListElement":[{"@type":"ListItem","position":1,"name":"\u0413\u043b\u0430\u0432\u043d\u0430\u044f \u0441\u0442\u0440\u0430\u043d\u0438\u0446\u0430","item":"https:\/\/ibc.ee\/lt\/"},{"@type":"ListItem","position":2,"name":"Parduotuv\u0117","item":"https:\/\/ibc.ee\/lt\/shop\/"},{"@type":"ListItem","position":3,"name":"NewCube UN IBC 1000 \u2013 Naujas konteineris su UN sertifikatu"}]},{"@type":"WebSite","@id":"https:\/\/ibc.ee\/lt\/#website","url":"https:\/\/ibc.ee\/lt\/","name":"IBC konteineri m&uuml;&uuml;k, vaadid, kraanid, mahutid","description":"IBC - Tank container valve, Adapters\\fittings, Intermediate bulk, container, Drums\/cans","potentialAction":[{"@type":"SearchAction","target":{"@type":"EntryPoint","urlTemplate":"https:\/\/ibc.ee\/lt\/?s={search_term_string}"},"query-input":{"@type":"PropertyValueSpecification","valueRequired":true,"valueName":"search_term_string"}}],"inLanguage":"lt-LT"}]}},"_links":{"self":[{"href":"https:\/\/ibc.ee\/lt\/wp-json\/wp\/v2\/product\/16596","targetHints":{"allow":["GET"]}}],"collection":[{"href":"https:\/\/ibc.ee\/lt\/wp-json\/wp\/v2\/product"}],"about":[{"href":"https:\/\/ibc.ee\/lt\/wp-json\/wp\/v2\/types\/product"}],"wp:featuredmedia":[{"embeddable":true,"href":"https:\/\/ibc.ee\/lt\/wp-json\/wp\/v2\/media\/24225"}],"wp:attachment":[{"href":"https:\/\/ibc.ee\/lt\/wp-json\/wp\/v2\/media?parent=16596"}],"wp:term":[{"taxonomy":"product_brand","embeddable":true,"href":"https:\/\/ibc.ee\/lt\/wp-json\/wp\/v2\/product_brand?post=16596"},{"taxonomy":"product_cat","embeddable":true,"href":"https:\/\/ibc.ee\/lt\/wp-json\/wp\/v2\/product_cat?post=16596"},{"taxonomy":"product_tag","embeddable":true,"href":"https:\/\/ibc.ee\/lt\/wp-json\/wp\/v2\/product_tag?post=16596"}],"curies":[{"name":"wp","href":"https:\/\/api.w.org\/{rel}","templated":true}]}}