{"id":16651,"date":"2018-06-04T17:23:49","date_gmt":"2018-09-18T11:48:05","guid":{"rendered":"https:\/\/ibc.ee\/product\/tarpiniams-biraliniams-konteinerio-d\/"},"modified":"2025-07-09T11:37:52","modified_gmt":"2025-07-09T09:37:52","slug":"techcube-ibc-1000-blue-isplauta-1000-l-talpa","status":"publish","type":"product","link":"https:\/\/ibc.ee\/lt\/product\/techcube-ibc-1000-blue-isplauta-1000-l-talpa\/","title":{"rendered":"TechCube IBC 1000 Blue \u2013 I\u0161plauta 1000 L talpa"},"content":{"rendered":"<p><strong>Tipin\u0117s naudojimo sritys<\/strong><br \/>\n&#8211; Lietaus vandens surinkimas<br \/>\n&#8211; Laistymo ir \u017eem\u0117s \u016bkio vanduo<br \/>\n&#8211; \u012erangos plovimo vanduo<br \/>\n&#8211; Pilkojo vandens ir techninio vandens laikymas<br \/>\n&#8211; Statyb\u0173 objekt\u0173 vandens talpos<br \/>\n&#8211; Vandens atsargos gaisrini\u0173 pratyboms<br \/>\n&#8211; Chemini\u0173 (nepavojing\u0173) skys\u010di\u0173 skalavimas<br \/>\n&#8211; Skyst\u0173 atliek\u0173 laikymas<br \/>\n&#8211; \u201ePasidaryk pats\u201c vandens tiekimo sistemos<\/p>\n","protected":false},"excerpt":{"rendered":"<p><strong>Atspari UV. I\u0161valyta. Skirta techniniam ir bendram naudojimui.  <\/strong><\/p>\n<p>TechCube IBC 1000 Blue \u2013 tai profesionaliai i\u0161valyta, pakartotiniam naudojimui pritaikyta 1000 litr\u0173 tarpin\u0117 biri\u0173 produkt\u0173 talpa (IBC), skirta nekriti\u0161k\u0173 skys\u010di\u0173 laikymui. Nors \u0161i talpa neturi maistinio ar UN sertifikato, tai puikus sprendimas techniniam, lauko ar pramoniniam naudojimui. <\/p>\n<p>M\u0117lynas vidinis butelis u\u017etikrina geresn\u0119 apsaug\u0105 nuo UV spinduli\u0173, padeda suma\u017einti dumbli\u0173 augim\u0105 ir prailgina skys\u010di\u0173 laikymo trukm\u0119 \u2013 tai svarbus prana\u0161umas lyginant su permatomomis talpomis, ypa\u010d laikant lauke.<\/p>\n","protected":false},"featured_media":24256,"template":"","meta":[],"product_brand":[],"product_cat":[317],"product_tag":[],"class_list":{"0":"post-16651","1":"product","2":"type-product","3":"status-publish","4":"has-post-thumbnail","6":"product_cat-tarpinis-tara-ibc-1000-litru","7":"product_shipping_class-containers-lt","9":"first","10":"onbackorder","11":"taxable","12":"shipping-taxable","13":"product-type-simple"},"yoast_head":"<!-- This site is optimized with the Yoast SEO plugin v26.9 - https:\/\/yoast.com\/product\/yoast-seo-wordpress\/ -->\n<title>TechCube IBC 1000 Blue \u2013 I\u0161plauta 1000 L talpa<\/title>\n<meta name=\"description\" content=\"TechCube IBC 1000 Blue \u2013 tai profesionaliai i\u0161valyta, pakartotiniam naudojimui pritaikyta 1000 litr\u0173 tarpin\u0117 biri\u0173 produkt\u0173 talpa (IBC), skirta nekriti\u0161k\u0173 skys\u010di\u0173 laikymui.\" \/>\n<meta name=\"robots\" content=\"index, follow, max-snippet:-1, max-image-preview:large, max-video-preview:-1\" \/>\n<link rel=\"canonical\" href=\"https:\/\/ibc.ee\/lt\/product\/techcube-ibc-1000-blue-isplauta-1000-l-talpa\/\" \/>\n<meta property=\"og:locale\" content=\"lt_LT\" \/>\n<meta property=\"og:type\" content=\"article\" \/>\n<meta property=\"og:title\" content=\"TechCube IBC 1000 Blue \u2013 I\u0161plauta 1000 L talpa\" \/>\n<meta property=\"og:description\" content=\"TechCube IBC 1000 Blue \u2013 tai profesionaliai i\u0161valyta, pakartotiniam naudojimui pritaikyta 1000 litr\u0173 tarpin\u0117 biri\u0173 produkt\u0173 talpa (IBC), skirta nekriti\u0161k\u0173 skys\u010di\u0173 laikymui.\" \/>\n<meta property=\"og:url\" content=\"https:\/\/ibc.ee\/lt\/product\/techcube-ibc-1000-blue-isplauta-1000-l-talpa\/\" \/>\n<meta property=\"og:site_name\" content=\"IBC konteineri m&uuml;&uuml;k, vaadid, kraanid, mahutid\" \/>\n<meta property=\"article:modified_time\" content=\"2025-07-09T09:37:52+00:00\" \/>\n<meta property=\"og:image\" content=\"https:\/\/www.ibc.ee\/wp-content\/uploads\/2018\/06\/TechCube-IBC-1000-Blue-Reconditioned-1000L-Tank.jpg\" \/>\n\t<meta property=\"og:image:width\" content=\"800\" \/>\n\t<meta property=\"og:image:height\" content=\"800\" \/>\n\t<meta property=\"og:image:type\" content=\"image\/jpeg\" \/>\n<meta name=\"twitter:card\" content=\"summary_large_image\" \/>\n<meta name=\"twitter:label1\" content=\"Est. reading time\" \/>\n\t<meta name=\"twitter:data1\" content=\"1 minut\u0117\" \/>\n<script type=\"application\/ld+json\" class=\"yoast-schema-graph\">{\"@context\":\"https:\/\/schema.org\",\"@graph\":[{\"@type\":\"WebPage\",\"@id\":\"https:\/\/ibc.ee\/lt\/product\/techcube-ibc-1000-blue-isplauta-1000-l-talpa\/\",\"url\":\"https:\/\/ibc.ee\/lt\/product\/techcube-ibc-1000-blue-isplauta-1000-l-talpa\/\",\"name\":\"TechCube IBC 1000 Blue \u2013 I\u0161plauta 1000 L talpa\",\"isPartOf\":{\"@id\":\"https:\/\/www.ibc.ee\/lt\/#website\"},\"primaryImageOfPage\":{\"@id\":\"https:\/\/ibc.ee\/lt\/product\/techcube-ibc-1000-blue-isplauta-1000-l-talpa\/#primaryimage\"},\"image\":{\"@id\":\"https:\/\/ibc.ee\/lt\/product\/techcube-ibc-1000-blue-isplauta-1000-l-talpa\/#primaryimage\"},\"thumbnailUrl\":\"https:\/\/ibc.ee\/wp-content\/uploads\/2018\/06\/TechCube-IBC-1000-Blue-Reconditioned-1000L-Tank.jpg\",\"datePublished\":\"2018-09-18T11:48:05+00:00\",\"dateModified\":\"2025-07-09T09:37:52+00:00\",\"description\":\"TechCube IBC 1000 Blue \u2013 tai profesionaliai i\u0161valyta, pakartotiniam naudojimui pritaikyta 1000 litr\u0173 tarpin\u0117 biri\u0173 produkt\u0173 talpa (IBC), skirta nekriti\u0161k\u0173 skys\u010di\u0173 laikymui.\",\"breadcrumb\":{\"@id\":\"https:\/\/ibc.ee\/lt\/product\/techcube-ibc-1000-blue-isplauta-1000-l-talpa\/#breadcrumb\"},\"inLanguage\":\"lt-LT\",\"potentialAction\":[{\"@type\":\"ReadAction\",\"target\":[\"https:\/\/ibc.ee\/lt\/product\/techcube-ibc-1000-blue-isplauta-1000-l-talpa\/\"]}]},{\"@type\":\"ImageObject\",\"inLanguage\":\"lt-LT\",\"@id\":\"https:\/\/ibc.ee\/lt\/product\/techcube-ibc-1000-blue-isplauta-1000-l-talpa\/#primaryimage\",\"url\":\"https:\/\/ibc.ee\/wp-content\/uploads\/2018\/06\/TechCube-IBC-1000-Blue-Reconditioned-1000L-Tank.jpg\",\"contentUrl\":\"https:\/\/ibc.ee\/wp-content\/uploads\/2018\/06\/TechCube-IBC-1000-Blue-Reconditioned-1000L-Tank.jpg\",\"width\":800,\"height\":800,\"caption\":\"TechCube IBC 1000 Blue \u2013 Reconditioned 1000L Tank\"},{\"@type\":\"BreadcrumbList\",\"@id\":\"https:\/\/ibc.ee\/lt\/product\/techcube-ibc-1000-blue-isplauta-1000-l-talpa\/#breadcrumb\",\"itemListElement\":[{\"@type\":\"ListItem\",\"position\":1,\"name\":\"\u0413\u043b\u0430\u0432\u043d\u0430\u044f \u0441\u0442\u0440\u0430\u043d\u0438\u0446\u0430\",\"item\":\"https:\/\/ibc.ee\/lt\/\"},{\"@type\":\"ListItem\",\"position\":2,\"name\":\"Parduotuv\u0117\",\"item\":\"https:\/\/ibc.ee\/lt\/shop\/\"},{\"@type\":\"ListItem\",\"position\":3,\"name\":\"TechCube IBC 1000 Blue \u2013 I\u0161plauta 1000 L talpa\"}]},{\"@type\":\"WebSite\",\"@id\":\"https:\/\/www.ibc.ee\/lt\/#website\",\"url\":\"https:\/\/www.ibc.ee\/lt\/\",\"name\":\"IBC konteineri m&uuml;&uuml;k, vaadid, kraanid, mahutid\",\"description\":\"IBC - Tank container valve, Adapters\\\\fittings, Intermediate bulk, container, Drums\/cans\",\"potentialAction\":[{\"@type\":\"SearchAction\",\"target\":{\"@type\":\"EntryPoint\",\"urlTemplate\":\"https:\/\/www.ibc.ee\/lt\/?s={search_term_string}\"},\"query-input\":{\"@type\":\"PropertyValueSpecification\",\"valueRequired\":true,\"valueName\":\"search_term_string\"}}],\"inLanguage\":\"lt-LT\"}]}<\/script>\n<!-- \/ Yoast SEO plugin. -->","yoast_head_json":{"title":"TechCube IBC 1000 Blue \u2013 I\u0161plauta 1000 L talpa","description":"TechCube IBC 1000 Blue \u2013 tai profesionaliai i\u0161valyta, pakartotiniam naudojimui pritaikyta 1000 litr\u0173 tarpin\u0117 biri\u0173 produkt\u0173 talpa (IBC), skirta nekriti\u0161k\u0173 skys\u010di\u0173 laikymui.","robots":{"index":"index","follow":"follow","max-snippet":"max-snippet:-1","max-image-preview":"max-image-preview:large","max-video-preview":"max-video-preview:-1"},"canonical":"https:\/\/ibc.ee\/lt\/product\/techcube-ibc-1000-blue-isplauta-1000-l-talpa\/","og_locale":"lt_LT","og_type":"article","og_title":"TechCube IBC 1000 Blue \u2013 I\u0161plauta 1000 L talpa","og_description":"TechCube IBC 1000 Blue \u2013 tai profesionaliai i\u0161valyta, pakartotiniam naudojimui pritaikyta 1000 litr\u0173 tarpin\u0117 biri\u0173 produkt\u0173 talpa (IBC), skirta nekriti\u0161k\u0173 skys\u010di\u0173 laikymui.","og_url":"https:\/\/ibc.ee\/lt\/product\/techcube-ibc-1000-blue-isplauta-1000-l-talpa\/","og_site_name":"IBC konteineri m&uuml;&uuml;k, vaadid, kraanid, mahutid","article_modified_time":"2025-07-09T09:37:52+00:00","og_image":[{"width":800,"height":800,"url":"https:\/\/www.ibc.ee\/wp-content\/uploads\/2018\/06\/TechCube-IBC-1000-Blue-Reconditioned-1000L-Tank.jpg","type":"image\/jpeg"}],"twitter_card":"summary_large_image","twitter_misc":{"Est. reading time":"1 minut\u0117"},"schema":{"@context":"https:\/\/schema.org","@graph":[{"@type":"WebPage","@id":"https:\/\/ibc.ee\/lt\/product\/techcube-ibc-1000-blue-isplauta-1000-l-talpa\/","url":"https:\/\/ibc.ee\/lt\/product\/techcube-ibc-1000-blue-isplauta-1000-l-talpa\/","name":"TechCube IBC 1000 Blue \u2013 I\u0161plauta 1000 L talpa","isPartOf":{"@id":"https:\/\/www.ibc.ee\/lt\/#website"},"primaryImageOfPage":{"@id":"https:\/\/ibc.ee\/lt\/product\/techcube-ibc-1000-blue-isplauta-1000-l-talpa\/#primaryimage"},"image":{"@id":"https:\/\/ibc.ee\/lt\/product\/techcube-ibc-1000-blue-isplauta-1000-l-talpa\/#primaryimage"},"thumbnailUrl":"https:\/\/ibc.ee\/wp-content\/uploads\/2018\/06\/TechCube-IBC-1000-Blue-Reconditioned-1000L-Tank.jpg","datePublished":"2018-09-18T11:48:05+00:00","dateModified":"2025-07-09T09:37:52+00:00","description":"TechCube IBC 1000 Blue \u2013 tai profesionaliai i\u0161valyta, pakartotiniam naudojimui pritaikyta 1000 litr\u0173 tarpin\u0117 biri\u0173 produkt\u0173 talpa (IBC), skirta nekriti\u0161k\u0173 skys\u010di\u0173 laikymui.","breadcrumb":{"@id":"https:\/\/ibc.ee\/lt\/product\/techcube-ibc-1000-blue-isplauta-1000-l-talpa\/#breadcrumb"},"inLanguage":"lt-LT","potentialAction":[{"@type":"ReadAction","target":["https:\/\/ibc.ee\/lt\/product\/techcube-ibc-1000-blue-isplauta-1000-l-talpa\/"]}]},{"@type":"ImageObject","inLanguage":"lt-LT","@id":"https:\/\/ibc.ee\/lt\/product\/techcube-ibc-1000-blue-isplauta-1000-l-talpa\/#primaryimage","url":"https:\/\/ibc.ee\/wp-content\/uploads\/2018\/06\/TechCube-IBC-1000-Blue-Reconditioned-1000L-Tank.jpg","contentUrl":"https:\/\/ibc.ee\/wp-content\/uploads\/2018\/06\/TechCube-IBC-1000-Blue-Reconditioned-1000L-Tank.jpg","width":800,"height":800,"caption":"TechCube IBC 1000 Blue \u2013 Reconditioned 1000L Tank"},{"@type":"BreadcrumbList","@id":"https:\/\/ibc.ee\/lt\/product\/techcube-ibc-1000-blue-isplauta-1000-l-talpa\/#breadcrumb","itemListElement":[{"@type":"ListItem","position":1,"name":"\u0413\u043b\u0430\u0432\u043d\u0430\u044f \u0441\u0442\u0440\u0430\u043d\u0438\u0446\u0430","item":"https:\/\/ibc.ee\/lt\/"},{"@type":"ListItem","position":2,"name":"Parduotuv\u0117","item":"https:\/\/ibc.ee\/lt\/shop\/"},{"@type":"ListItem","position":3,"name":"TechCube IBC 1000 Blue \u2013 I\u0161plauta 1000 L talpa"}]},{"@type":"WebSite","@id":"https:\/\/www.ibc.ee\/lt\/#website","url":"https:\/\/www.ibc.ee\/lt\/","name":"IBC konteineri m&uuml;&uuml;k, vaadid, kraanid, mahutid","description":"IBC - Tank container valve, Adapters\\fittings, Intermediate bulk, container, Drums\/cans","potentialAction":[{"@type":"SearchAction","target":{"@type":"EntryPoint","urlTemplate":"https:\/\/www.ibc.ee\/lt\/?s={search_term_string}"},"query-input":{"@type":"PropertyValueSpecification","valueRequired":true,"valueName":"search_term_string"}}],"inLanguage":"lt-LT"}]}},"_links":{"self":[{"href":"https:\/\/ibc.ee\/lt\/wp-json\/wp\/v2\/product\/16651","targetHints":{"allow":["GET"]}}],"collection":[{"href":"https:\/\/ibc.ee\/lt\/wp-json\/wp\/v2\/product"}],"about":[{"href":"https:\/\/ibc.ee\/lt\/wp-json\/wp\/v2\/types\/product"}],"wp:featuredmedia":[{"embeddable":true,"href":"https:\/\/ibc.ee\/lt\/wp-json\/wp\/v2\/media\/24256"}],"wp:attachment":[{"href":"https:\/\/ibc.ee\/lt\/wp-json\/wp\/v2\/media?parent=16651"}],"wp:term":[{"taxonomy":"product_brand","embeddable":true,"href":"https:\/\/ibc.ee\/lt\/wp-json\/wp\/v2\/product_brand?post=16651"},{"taxonomy":"product_cat","embeddable":true,"href":"https:\/\/ibc.ee\/lt\/wp-json\/wp\/v2\/product_cat?post=16651"},{"taxonomy":"product_tag","embeddable":true,"href":"https:\/\/ibc.ee\/lt\/wp-json\/wp\/v2\/product_tag?post=16651"}],"curies":[{"name":"wp","href":"https:\/\/api.w.org\/{rel}","templated":true}]}}