{"id":16657,"date":"2018-06-04T17:21:35","date_gmt":"2018-09-18T11:48:13","guid":{"rendered":"https:\/\/ibc.ee\/product\/tarpiniams-biraliniams-konteinerio-b\/"},"modified":"2025-07-03T12:04:40","modified_gmt":"2025-07-03T10:04:40","slug":"techcube-ibc-1000-juodas-atnaujintas-su-un-sertifikatu","status":"publish","type":"product","link":"https:\/\/ibc.ee\/lt\/product\/techcube-ibc-1000-juodas-atnaujintas-su-un-sertifikatu\/","title":{"rendered":"TechCube IBC 1000 juodas, atnaujintas, su UN sertifikatu"},"content":{"rendered":"<p>Vidutinio dyd\u017eio biralini\u0173 krovini\u0173 konteineris IBC 1000l B ant plastikini\u0173, metalini\u0173 arba medini\u0173 pad\u0117kl\u0173. Visi rezervuarai su \u017eemiau, krano darbo su matavimo skale ir ten yra daug padengti i\u0161 vir\u0161aus. Vir\u0161utinis dangtelis 150 mm. Apa\u010dia su 2 coli\u0173 sriegiu (60&#215;6) <\/p>\n<p><strong>Kod\u0117l verta rinktis juod\u0105 IBC talpykl\u0105, o ne standartin\u012f IBC?<\/strong><br \/>\nSkirtingai nuo standartini\u0173 skaidri\u0173 IBC konteineri\u0173, juodas IBC konteineris blokuoja UV spindulius, apsaugodamas nuo \u0161viesos poveikio, kuris gali sukelti dumbli\u0173 augim\u0105. D\u0117l \u0161ios savyb\u0117s laikomi skys\u010diai ilgiau i\u0161lieka \u0161vie\u017ei, tod\u0117l juodi IBC konteineriai idealiai tinka ten, kur skys\u010di\u0173 vientisumas yra labai svarbus. <\/p>\n<p><strong>UN patvirtinta skys\u010di\u0173 laikymui<\/strong><br \/>\n\u0160i juoda IBC talpykla atitinka UN sertifikavimo standartus, u\u017etikrinan\u010dius pavojing\u0173 ir nepavojing\u0173 skys\u010di\u0173 laikymo reikalavimus. \u0160i talpykla suteikia saug\u0173 ir patvirtint\u0105 laikymo variant\u0105, nesvarbu, ar ji naudojama pramonin\u0117ms chemin\u0117ms med\u017eiagoms, \u017eem\u0117s \u016bkio tirpalams ar bendram skys\u010di\u0173 transportavimui. <\/p>\n<p><strong>Svarb\u016bs aspektai<\/strong><br \/>\nNors m\u016bs\u0173 parduodamas juodas IBC konteineris yra profesionaliai i\u0161valytas ir atnaujintas, jame gali likti \u0161iek tiek anks\u010diau laikyt\u0173 skys\u010di\u0173 p\u0117dsak\u0173. D\u0117l \u0161ios prie\u017easties \u0161ie IBC konteineriai netinka geriamajam vandeniui ar su maistu susijusiems produktams. Jei jums reikia konteinerio vartojimo reikmenims laikyti, rekomenduojame rinktis nauj\u0105 arba perpildyt\u0105 IBC bak\u0105.  <\/p>\n","protected":false},"excerpt":{"rendered":"<p>Perdirbtas ir i\u0161plautas IBC konteineris su galiojan\u010diu UN sertifikatu. Idealiai tinka pavojingiems skys\u010diams, technin\u0117ms chemin\u0117ms med\u017eiagoms, \u017eem\u0117s \u016bkio pramon\u0117s sand\u0117liavimui. Taip pat idealiai tinka dr\u0117kinimo vandeniui. Juodas, UV spinduliams atsparus bakas kartu su UN sertifikuota konstrukcija padeda i\u0161vengti dumbli\u0173 augimo ir ilgiau i\u0161laiko vanden\u012f skaidr\u0173.   <\/p>\n<p><strong>\u012eprastos taikymo sritys:<\/strong><\/p>\n<p>&#8211; Techniniai ir pramoniniai skys\u010diai: tinka pavojingiems ir nepavojingiems skys\u010diams, dyzelinui, alyvoms, panaudotai alyvai (atliek\u0173 alyvai), tirpikliams, antifrizui, hidrauliniams skys\u010diams laikyti.<br \/>\n&#8211; \u017dem\u0117s \u016bkis ir dr\u0117kinimas: dr\u0117kinimo vanduo, tr\u0105\u0161\u0173 tirpalai, skystos maistin\u0117s med\u017eiagos, pesticidai, herbicidai, nukalkinimo skys\u010diai, dr\u0117kinimo chemikalai arba komposto arbatos.<br \/>\n&#8211; Chemijos pramon\u0117: valymo priemon\u0117s, r\u016bg\u0161tys, \u0161armai, gamybos proceso liku\u010diai, laikinos atliekos (prie\u0161 \u0161alinim\u0105).<br \/>\n&#8211; Statyba ir gamyba: betono plovimo vanduo, hermetikai, klijai, da\u017e\u0173 atliekos, glaisto vanduo, bitumo mi\u0161iniai, statybvie\u010di\u0173 valymo arba skalavimo bakai.<\/p>\n","protected":false},"featured_media":24100,"template":"","meta":[],"product_brand":[],"product_cat":[317],"product_tag":[],"class_list":{"0":"post-16657","1":"product","2":"type-product","3":"status-publish","4":"has-post-thumbnail","6":"product_cat-tarpinis-tara-ibc-1000-litru","7":"product_shipping_class-containers-lt","9":"first","10":"instock","11":"taxable","12":"shipping-taxable","13":"purchasable","14":"product-type-simple"},"yoast_head":"<!-- This site is optimized with the Yoast SEO plugin v26.9 - https:\/\/yoast.com\/product\/yoast-seo-wordpress\/ -->\n<title>TechCube IBC 1000 juodas, atnaujintas, su UN sertifikatu - IBC konteineri m&uuml;&uuml;k, vaadid, kraanid, mahutid<\/title>\n<meta name=\"description\" content=\"Perdirbtas ir i\u0161plautas IBC konteineris su galiojan\u010diu UN sertifikatu. Idealiai tinka pavojingiems skys\u010diams, technin\u0117ms chemin\u0117ms med\u017eiagoms, \u017eem\u0117s \u016bkio pramon\u0117s sand\u0117liavimui ir negeriamoms sistemoms.\" \/>\n<meta name=\"robots\" content=\"index, follow, max-snippet:-1, max-image-preview:large, max-video-preview:-1\" \/>\n<link rel=\"canonical\" href=\"https:\/\/ibc.ee\/lt\/product\/techcube-ibc-1000-juodas-atnaujintas-su-un-sertifikatu\/\" \/>\n<meta property=\"og:locale\" content=\"lt_LT\" \/>\n<meta property=\"og:type\" content=\"article\" \/>\n<meta property=\"og:title\" content=\"TechCube IBC 1000 juodas, atnaujintas, su UN sertifikatu - IBC konteineri m&uuml;&uuml;k, vaadid, kraanid, mahutid\" \/>\n<meta property=\"og:description\" content=\"Perdirbtas ir i\u0161plautas IBC konteineris su galiojan\u010diu UN sertifikatu. Idealiai tinka pavojingiems skys\u010diams, technin\u0117ms chemin\u0117ms med\u017eiagoms, \u017eem\u0117s \u016bkio pramon\u0117s sand\u0117liavimui ir negeriamoms sistemoms.\" \/>\n<meta property=\"og:url\" content=\"https:\/\/ibc.ee\/lt\/product\/techcube-ibc-1000-juodas-atnaujintas-su-un-sertifikatu\/\" \/>\n<meta property=\"og:site_name\" content=\"IBC konteineri m&uuml;&uuml;k, vaadid, kraanid, mahutid\" \/>\n<meta property=\"article:modified_time\" content=\"2025-07-03T10:04:40+00:00\" \/>\n<meta property=\"og:image\" content=\"https:\/\/ibc.ee\/wp-content\/uploads\/2018\/06\/Black-1000L-Reconditioned-IBC-with-UN-Certificate.jpg\" \/>\n\t<meta property=\"og:image:width\" content=\"1000\" \/>\n\t<meta property=\"og:image:height\" content=\"1000\" \/>\n\t<meta property=\"og:image:type\" content=\"image\/jpeg\" \/>\n<meta name=\"twitter:card\" content=\"summary_large_image\" \/>\n<meta name=\"twitter:label1\" content=\"Est. reading time\" \/>\n\t<meta name=\"twitter:data1\" content=\"2 minut\u0117s\" \/>\n<script type=\"application\/ld+json\" class=\"yoast-schema-graph\">{\"@context\":\"https:\/\/schema.org\",\"@graph\":[{\"@type\":\"WebPage\",\"@id\":\"https:\/\/ibc.ee\/lt\/product\/techcube-ibc-1000-juodas-atnaujintas-su-un-sertifikatu\/\",\"url\":\"https:\/\/ibc.ee\/lt\/product\/techcube-ibc-1000-juodas-atnaujintas-su-un-sertifikatu\/\",\"name\":\"TechCube IBC 1000 juodas, atnaujintas, su UN sertifikatu - IBC konteineri m&uuml;&uuml;k, vaadid, kraanid, mahutid\",\"isPartOf\":{\"@id\":\"https:\/\/ibc.ee\/lt\/#website\"},\"primaryImageOfPage\":{\"@id\":\"https:\/\/ibc.ee\/lt\/product\/techcube-ibc-1000-juodas-atnaujintas-su-un-sertifikatu\/#primaryimage\"},\"image\":{\"@id\":\"https:\/\/ibc.ee\/lt\/product\/techcube-ibc-1000-juodas-atnaujintas-su-un-sertifikatu\/#primaryimage\"},\"thumbnailUrl\":\"https:\/\/ibc.ee\/wp-content\/uploads\/2018\/06\/Black-1000L-Reconditioned-IBC-with-UN-Certificate.jpg\",\"datePublished\":\"2018-09-18T11:48:13+00:00\",\"dateModified\":\"2025-07-03T10:04:40+00:00\",\"description\":\"Perdirbtas ir i\u0161plautas IBC konteineris su galiojan\u010diu UN sertifikatu. Idealiai tinka pavojingiems skys\u010diams, technin\u0117ms chemin\u0117ms med\u017eiagoms, \u017eem\u0117s \u016bkio pramon\u0117s sand\u0117liavimui ir negeriamoms sistemoms.\",\"breadcrumb\":{\"@id\":\"https:\/\/ibc.ee\/lt\/product\/techcube-ibc-1000-juodas-atnaujintas-su-un-sertifikatu\/#breadcrumb\"},\"inLanguage\":\"lt-LT\",\"potentialAction\":[{\"@type\":\"ReadAction\",\"target\":[\"https:\/\/ibc.ee\/lt\/product\/techcube-ibc-1000-juodas-atnaujintas-su-un-sertifikatu\/\"]}]},{\"@type\":\"ImageObject\",\"inLanguage\":\"lt-LT\",\"@id\":\"https:\/\/ibc.ee\/lt\/product\/techcube-ibc-1000-juodas-atnaujintas-su-un-sertifikatu\/#primaryimage\",\"url\":\"https:\/\/ibc.ee\/wp-content\/uploads\/2018\/06\/Black-1000L-Reconditioned-IBC-with-UN-Certificate.jpg\",\"contentUrl\":\"https:\/\/ibc.ee\/wp-content\/uploads\/2018\/06\/Black-1000L-Reconditioned-IBC-with-UN-Certificate.jpg\",\"width\":1000,\"height\":1000,\"caption\":\"Black 1000L Reconditioned IBC with UN Certificate\"},{\"@type\":\"BreadcrumbList\",\"@id\":\"https:\/\/ibc.ee\/lt\/product\/techcube-ibc-1000-juodas-atnaujintas-su-un-sertifikatu\/#breadcrumb\",\"itemListElement\":[{\"@type\":\"ListItem\",\"position\":1,\"name\":\"\u0413\u043b\u0430\u0432\u043d\u0430\u044f \u0441\u0442\u0440\u0430\u043d\u0438\u0446\u0430\",\"item\":\"https:\/\/ibc.ee\/lt\/\"},{\"@type\":\"ListItem\",\"position\":2,\"name\":\"Parduotuv\u0117\",\"item\":\"https:\/\/ibc.ee\/lt\/shop\/\"},{\"@type\":\"ListItem\",\"position\":3,\"name\":\"TechCube IBC 1000 juodas, atnaujintas, su UN sertifikatu\"}]},{\"@type\":\"WebSite\",\"@id\":\"https:\/\/ibc.ee\/lt\/#website\",\"url\":\"https:\/\/ibc.ee\/lt\/\",\"name\":\"IBC konteineri m&uuml;&uuml;k, vaadid, kraanid, mahutid\",\"description\":\"IBC - Tank container valve, Adapters\\\\fittings, Intermediate bulk, container, Drums\/cans\",\"potentialAction\":[{\"@type\":\"SearchAction\",\"target\":{\"@type\":\"EntryPoint\",\"urlTemplate\":\"https:\/\/ibc.ee\/lt\/?s={search_term_string}\"},\"query-input\":{\"@type\":\"PropertyValueSpecification\",\"valueRequired\":true,\"valueName\":\"search_term_string\"}}],\"inLanguage\":\"lt-LT\"}]}<\/script>\n<!-- \/ Yoast SEO plugin. -->","yoast_head_json":{"title":"TechCube IBC 1000 juodas, atnaujintas, su UN sertifikatu - IBC konteineri m&uuml;&uuml;k, vaadid, kraanid, mahutid","description":"Perdirbtas ir i\u0161plautas IBC konteineris su galiojan\u010diu UN sertifikatu. Idealiai tinka pavojingiems skys\u010diams, technin\u0117ms chemin\u0117ms med\u017eiagoms, \u017eem\u0117s \u016bkio pramon\u0117s sand\u0117liavimui ir negeriamoms sistemoms.","robots":{"index":"index","follow":"follow","max-snippet":"max-snippet:-1","max-image-preview":"max-image-preview:large","max-video-preview":"max-video-preview:-1"},"canonical":"https:\/\/ibc.ee\/lt\/product\/techcube-ibc-1000-juodas-atnaujintas-su-un-sertifikatu\/","og_locale":"lt_LT","og_type":"article","og_title":"TechCube IBC 1000 juodas, atnaujintas, su UN sertifikatu - IBC konteineri m&uuml;&uuml;k, vaadid, kraanid, mahutid","og_description":"Perdirbtas ir i\u0161plautas IBC konteineris su galiojan\u010diu UN sertifikatu. Idealiai tinka pavojingiems skys\u010diams, technin\u0117ms chemin\u0117ms med\u017eiagoms, \u017eem\u0117s \u016bkio pramon\u0117s sand\u0117liavimui ir negeriamoms sistemoms.","og_url":"https:\/\/ibc.ee\/lt\/product\/techcube-ibc-1000-juodas-atnaujintas-su-un-sertifikatu\/","og_site_name":"IBC konteineri m&uuml;&uuml;k, vaadid, kraanid, mahutid","article_modified_time":"2025-07-03T10:04:40+00:00","og_image":[{"width":1000,"height":1000,"url":"https:\/\/ibc.ee\/wp-content\/uploads\/2018\/06\/Black-1000L-Reconditioned-IBC-with-UN-Certificate.jpg","type":"image\/jpeg"}],"twitter_card":"summary_large_image","twitter_misc":{"Est. reading time":"2 minut\u0117s"},"schema":{"@context":"https:\/\/schema.org","@graph":[{"@type":"WebPage","@id":"https:\/\/ibc.ee\/lt\/product\/techcube-ibc-1000-juodas-atnaujintas-su-un-sertifikatu\/","url":"https:\/\/ibc.ee\/lt\/product\/techcube-ibc-1000-juodas-atnaujintas-su-un-sertifikatu\/","name":"TechCube IBC 1000 juodas, atnaujintas, su UN sertifikatu - IBC konteineri m&uuml;&uuml;k, vaadid, kraanid, mahutid","isPartOf":{"@id":"https:\/\/ibc.ee\/lt\/#website"},"primaryImageOfPage":{"@id":"https:\/\/ibc.ee\/lt\/product\/techcube-ibc-1000-juodas-atnaujintas-su-un-sertifikatu\/#primaryimage"},"image":{"@id":"https:\/\/ibc.ee\/lt\/product\/techcube-ibc-1000-juodas-atnaujintas-su-un-sertifikatu\/#primaryimage"},"thumbnailUrl":"https:\/\/ibc.ee\/wp-content\/uploads\/2018\/06\/Black-1000L-Reconditioned-IBC-with-UN-Certificate.jpg","datePublished":"2018-09-18T11:48:13+00:00","dateModified":"2025-07-03T10:04:40+00:00","description":"Perdirbtas ir i\u0161plautas IBC konteineris su galiojan\u010diu UN sertifikatu. Idealiai tinka pavojingiems skys\u010diams, technin\u0117ms chemin\u0117ms med\u017eiagoms, \u017eem\u0117s \u016bkio pramon\u0117s sand\u0117liavimui ir negeriamoms sistemoms.","breadcrumb":{"@id":"https:\/\/ibc.ee\/lt\/product\/techcube-ibc-1000-juodas-atnaujintas-su-un-sertifikatu\/#breadcrumb"},"inLanguage":"lt-LT","potentialAction":[{"@type":"ReadAction","target":["https:\/\/ibc.ee\/lt\/product\/techcube-ibc-1000-juodas-atnaujintas-su-un-sertifikatu\/"]}]},{"@type":"ImageObject","inLanguage":"lt-LT","@id":"https:\/\/ibc.ee\/lt\/product\/techcube-ibc-1000-juodas-atnaujintas-su-un-sertifikatu\/#primaryimage","url":"https:\/\/ibc.ee\/wp-content\/uploads\/2018\/06\/Black-1000L-Reconditioned-IBC-with-UN-Certificate.jpg","contentUrl":"https:\/\/ibc.ee\/wp-content\/uploads\/2018\/06\/Black-1000L-Reconditioned-IBC-with-UN-Certificate.jpg","width":1000,"height":1000,"caption":"Black 1000L Reconditioned IBC with UN Certificate"},{"@type":"BreadcrumbList","@id":"https:\/\/ibc.ee\/lt\/product\/techcube-ibc-1000-juodas-atnaujintas-su-un-sertifikatu\/#breadcrumb","itemListElement":[{"@type":"ListItem","position":1,"name":"\u0413\u043b\u0430\u0432\u043d\u0430\u044f \u0441\u0442\u0440\u0430\u043d\u0438\u0446\u0430","item":"https:\/\/ibc.ee\/lt\/"},{"@type":"ListItem","position":2,"name":"Parduotuv\u0117","item":"https:\/\/ibc.ee\/lt\/shop\/"},{"@type":"ListItem","position":3,"name":"TechCube IBC 1000 juodas, atnaujintas, su UN sertifikatu"}]},{"@type":"WebSite","@id":"https:\/\/ibc.ee\/lt\/#website","url":"https:\/\/ibc.ee\/lt\/","name":"IBC konteineri m&uuml;&uuml;k, vaadid, kraanid, mahutid","description":"IBC - Tank container valve, Adapters\\fittings, Intermediate bulk, container, Drums\/cans","potentialAction":[{"@type":"SearchAction","target":{"@type":"EntryPoint","urlTemplate":"https:\/\/ibc.ee\/lt\/?s={search_term_string}"},"query-input":{"@type":"PropertyValueSpecification","valueRequired":true,"valueName":"search_term_string"}}],"inLanguage":"lt-LT"}]}},"_links":{"self":[{"href":"https:\/\/ibc.ee\/lt\/wp-json\/wp\/v2\/product\/16657","targetHints":{"allow":["GET"]}}],"collection":[{"href":"https:\/\/ibc.ee\/lt\/wp-json\/wp\/v2\/product"}],"about":[{"href":"https:\/\/ibc.ee\/lt\/wp-json\/wp\/v2\/types\/product"}],"wp:featuredmedia":[{"embeddable":true,"href":"https:\/\/ibc.ee\/lt\/wp-json\/wp\/v2\/media\/24100"}],"wp:attachment":[{"href":"https:\/\/ibc.ee\/lt\/wp-json\/wp\/v2\/media?parent=16657"}],"wp:term":[{"taxonomy":"product_brand","embeddable":true,"href":"https:\/\/ibc.ee\/lt\/wp-json\/wp\/v2\/product_brand?post=16657"},{"taxonomy":"product_cat","embeddable":true,"href":"https:\/\/ibc.ee\/lt\/wp-json\/wp\/v2\/product_cat?post=16657"},{"taxonomy":"product_tag","embeddable":true,"href":"https:\/\/ibc.ee\/lt\/wp-json\/wp\/v2\/product_tag?post=16657"}],"curies":[{"name":"wp","href":"https:\/\/api.w.org\/{rel}","templated":true}]}}