{"id":16663,"date":"2018-06-04T17:12:13","date_gmt":"2018-09-18T11:48:20","guid":{"rendered":"https:\/\/ibc.ee\/product\/tarpiniams-biraliniams-konteinerio-a\/"},"modified":"2025-07-09T16:40:43","modified_gmt":"2025-07-09T14:40:43","slug":"newcube-ibc-1000-1000-litru-starpposma-skidro-vielu-konteiners","status":"publish","type":"product","link":"https:\/\/ibc.ee\/lt\/product\/newcube-ibc-1000-1000-litru-starpposma-skidro-vielu-konteiners\/","title":{"rendered":"NewCube IBC 1000 \u2013 1000 litru starpposma \u0161\u0137idro vielu konteiners"},"content":{"rendered":"<p><strong>Tipiskais pielietojums:<\/strong><br \/>\n&#8211; Lietus\u016bdens sav\u0101k\u0161ana \u2013 d\u0101rzam un m\u0101jsaimniec\u012bbai<br \/>\n&#8211; Notek\u016bde\u0146u uzglab\u0101\u0161ana<br \/>\n&#8211; Ap\u016bde\u0146o\u0161anas \u016bdens un komposta t\u0113jas glab\u0101\u0161ana lauksaimniec\u012bb\u0101<br \/>\n&#8211; Neb\u012bstamu \u0137\u012bmisko \u0161\u0137\u012bdumu un t\u012br\u012b\u0161anas l\u012bdzek\u013cu uzglab\u0101\u0161ana<br \/>\n&#8211; \u0100ra mazg\u0101\u0161an\u0101s stacijas, DIY \u016bdens sist\u0113mas<\/p>\n<p><strong>Svar\u012bgas piez\u012bmes:<\/strong><br \/>\n&#8211; Nav p\u0101rtikas kvalit\u0101tes vai ANO (UN) sertifik\u0101cijas<br \/>\n&#8211; Nav piem\u0113rots dzeramajam \u016bdenim, p\u0101rtikai vai b\u012bstam\u0101m \u0137\u012bmisk\u0101m viel\u0101m<br \/>\n&#8211; Paredz\u0113ts tehniskiem un maz\u0101k kritiskiem lietojumiem<\/p>\n","protected":false},"excerpt":{"rendered":"<p>NewCube IBC 1000 ir piln\u012bgi jauns 1000 litru starpposma konteiners \u0161\u0137idrumiem, paredz\u0113ts visp\u0101r\u0113jai lieto\u0161anai, kur nav nepiecie\u0161ami p\u0101rtikas vai b\u012bstamo vielu sertifik\u0101ti. Tas pied\u0101v\u0101 izmaksu zi\u0146\u0101 izdev\u012bgu, iztur\u012bgu un praktisku risin\u0101jumu tehniskiem, lauksaimniec\u012bbas vai m\u0101jsaimniec\u012bbas m\u0113r\u0137iem. Savietojams ar S60x6 v\u0101rstu sist\u0113mu \u2013 viegli piel\u0101gojams vai nomain\u0101ms. Liels 150 mm uzpildes v\u0101ks \u0113rtai lieto\u0161anai. Iztur\u012bgs cinkota t\u0113rauda r\u0101mis \u2013 piem\u0113rots \u0101ra un industri\u0101lai videi.    <\/p>\n","protected":false},"featured_media":24269,"template":"","meta":[],"product_brand":[],"product_cat":[317],"product_tag":[],"class_list":{"0":"post-16663","1":"product","2":"type-product","3":"status-publish","4":"has-post-thumbnail","6":"product_cat-tarpinis-tara-ibc-1000-litru","7":"product_shipping_class-containers-lt","9":"first","10":"instock","11":"taxable","12":"shipping-taxable","13":"purchasable","14":"product-type-simple"},"yoast_head":"<!-- This site is optimized with the Yoast SEO plugin v26.9 - https:\/\/yoast.com\/product\/yoast-seo-wordpress\/ -->\n<title>NewCube IBC 1000 \u2013 1000 litru starpposma \u0161\u0137idro vielu konteiners - IBC konteineri m&uuml;&uuml;k, vaadid, kraanid, mahutid<\/title>\n<meta name=\"description\" content=\"NewCube IBC 1000 ir piln\u012bgi jauns 1000 litru starpposma konteiners \u0161\u0137idrumiem, paredz\u0113ts visp\u0101r\u0113jai lieto\u0161anai, kur nav nepiecie\u0161ami p\u0101rtikas vai b\u012bstamo vielu sertifik\u0101ti.\" \/>\n<meta name=\"robots\" content=\"index, follow, max-snippet:-1, max-image-preview:large, max-video-preview:-1\" \/>\n<link rel=\"canonical\" href=\"https:\/\/ibc.ee\/lt\/product\/newcube-ibc-1000-1000-litru-starpposma-skidro-vielu-konteiners\/\" \/>\n<meta property=\"og:locale\" content=\"lt_LT\" \/>\n<meta property=\"og:type\" content=\"article\" \/>\n<meta property=\"og:title\" content=\"NewCube IBC 1000 \u2013 1000 litru starpposma \u0161\u0137idro vielu konteiners - IBC konteineri m&uuml;&uuml;k, vaadid, kraanid, mahutid\" \/>\n<meta property=\"og:description\" content=\"NewCube IBC 1000 ir piln\u012bgi jauns 1000 litru starpposma konteiners \u0161\u0137idrumiem, paredz\u0113ts visp\u0101r\u0113jai lieto\u0161anai, kur nav nepiecie\u0161ami p\u0101rtikas vai b\u012bstamo vielu sertifik\u0101ti.\" \/>\n<meta property=\"og:url\" content=\"https:\/\/ibc.ee\/lt\/product\/newcube-ibc-1000-1000-litru-starpposma-skidro-vielu-konteiners\/\" \/>\n<meta property=\"og:site_name\" content=\"IBC konteineri m&uuml;&uuml;k, vaadid, kraanid, mahutid\" \/>\n<meta property=\"article:modified_time\" content=\"2025-07-09T14:40:43+00:00\" \/>\n<meta property=\"og:image\" content=\"https:\/\/ibc.ee\/wp-content\/uploads\/2018\/06\/NewCube-IBC-1000-Container-for-General-Liquid-Storage.jpg\" \/>\n\t<meta property=\"og:image:width\" content=\"1000\" \/>\n\t<meta property=\"og:image:height\" content=\"1000\" \/>\n\t<meta property=\"og:image:type\" content=\"image\/jpeg\" \/>\n<meta name=\"twitter:card\" content=\"summary_large_image\" \/>\n<meta name=\"twitter:label1\" content=\"Est. reading time\" \/>\n\t<meta name=\"twitter:data1\" content=\"1 minut\u0117\" \/>\n<script type=\"application\/ld+json\" class=\"yoast-schema-graph\">{\"@context\":\"https:\/\/schema.org\",\"@graph\":[{\"@type\":\"WebPage\",\"@id\":\"https:\/\/ibc.ee\/lt\/product\/newcube-ibc-1000-1000-litru-starpposma-skidro-vielu-konteiners\/\",\"url\":\"https:\/\/ibc.ee\/lt\/product\/newcube-ibc-1000-1000-litru-starpposma-skidro-vielu-konteiners\/\",\"name\":\"NewCube IBC 1000 \u2013 1000 litru starpposma \u0161\u0137idro vielu konteiners - IBC konteineri m&uuml;&uuml;k, vaadid, kraanid, mahutid\",\"isPartOf\":{\"@id\":\"https:\/\/ibc.ee\/lt\/#website\"},\"primaryImageOfPage\":{\"@id\":\"https:\/\/ibc.ee\/lt\/product\/newcube-ibc-1000-1000-litru-starpposma-skidro-vielu-konteiners\/#primaryimage\"},\"image\":{\"@id\":\"https:\/\/ibc.ee\/lt\/product\/newcube-ibc-1000-1000-litru-starpposma-skidro-vielu-konteiners\/#primaryimage\"},\"thumbnailUrl\":\"https:\/\/ibc.ee\/wp-content\/uploads\/2018\/06\/NewCube-IBC-1000-Container-for-General-Liquid-Storage.jpg\",\"datePublished\":\"2018-09-18T11:48:20+00:00\",\"dateModified\":\"2025-07-09T14:40:43+00:00\",\"description\":\"NewCube IBC 1000 ir piln\u012bgi jauns 1000 litru starpposma konteiners \u0161\u0137idrumiem, paredz\u0113ts visp\u0101r\u0113jai lieto\u0161anai, kur nav nepiecie\u0161ami p\u0101rtikas vai b\u012bstamo vielu sertifik\u0101ti.\",\"breadcrumb\":{\"@id\":\"https:\/\/ibc.ee\/lt\/product\/newcube-ibc-1000-1000-litru-starpposma-skidro-vielu-konteiners\/#breadcrumb\"},\"inLanguage\":\"lt-LT\",\"potentialAction\":[{\"@type\":\"ReadAction\",\"target\":[\"https:\/\/ibc.ee\/lt\/product\/newcube-ibc-1000-1000-litru-starpposma-skidro-vielu-konteiners\/\"]}]},{\"@type\":\"ImageObject\",\"inLanguage\":\"lt-LT\",\"@id\":\"https:\/\/ibc.ee\/lt\/product\/newcube-ibc-1000-1000-litru-starpposma-skidro-vielu-konteiners\/#primaryimage\",\"url\":\"https:\/\/ibc.ee\/wp-content\/uploads\/2018\/06\/NewCube-IBC-1000-Container-for-General-Liquid-Storage.jpg\",\"contentUrl\":\"https:\/\/ibc.ee\/wp-content\/uploads\/2018\/06\/NewCube-IBC-1000-Container-for-General-Liquid-Storage.jpg\",\"width\":1000,\"height\":1000,\"caption\":\"NewCube IBC 1000 \u2013 Intermediate bulk 1000L container\"},{\"@type\":\"BreadcrumbList\",\"@id\":\"https:\/\/ibc.ee\/lt\/product\/newcube-ibc-1000-1000-litru-starpposma-skidro-vielu-konteiners\/#breadcrumb\",\"itemListElement\":[{\"@type\":\"ListItem\",\"position\":1,\"name\":\"\u0413\u043b\u0430\u0432\u043d\u0430\u044f \u0441\u0442\u0440\u0430\u043d\u0438\u0446\u0430\",\"item\":\"https:\/\/ibc.ee\/lt\/\"},{\"@type\":\"ListItem\",\"position\":2,\"name\":\"Parduotuv\u0117\",\"item\":\"https:\/\/ibc.ee\/lt\/shop\/\"},{\"@type\":\"ListItem\",\"position\":3,\"name\":\"NewCube IBC 1000 \u2013 1000 litru starpposma \u0161\u0137idro vielu konteiners\"}]},{\"@type\":\"WebSite\",\"@id\":\"https:\/\/ibc.ee\/lt\/#website\",\"url\":\"https:\/\/ibc.ee\/lt\/\",\"name\":\"IBC konteineri m&uuml;&uuml;k, vaadid, kraanid, mahutid\",\"description\":\"IBC - Tank container valve, Adapters\\\\fittings, Intermediate bulk, container, Drums\/cans\",\"potentialAction\":[{\"@type\":\"SearchAction\",\"target\":{\"@type\":\"EntryPoint\",\"urlTemplate\":\"https:\/\/ibc.ee\/lt\/?s={search_term_string}\"},\"query-input\":{\"@type\":\"PropertyValueSpecification\",\"valueRequired\":true,\"valueName\":\"search_term_string\"}}],\"inLanguage\":\"lt-LT\"}]}<\/script>\n<!-- \/ Yoast SEO plugin. -->","yoast_head_json":{"title":"NewCube IBC 1000 \u2013 1000 litru starpposma \u0161\u0137idro vielu konteiners - IBC konteineri m&uuml;&uuml;k, vaadid, kraanid, mahutid","description":"NewCube IBC 1000 ir piln\u012bgi jauns 1000 litru starpposma konteiners \u0161\u0137idrumiem, paredz\u0113ts visp\u0101r\u0113jai lieto\u0161anai, kur nav nepiecie\u0161ami p\u0101rtikas vai b\u012bstamo vielu sertifik\u0101ti.","robots":{"index":"index","follow":"follow","max-snippet":"max-snippet:-1","max-image-preview":"max-image-preview:large","max-video-preview":"max-video-preview:-1"},"canonical":"https:\/\/ibc.ee\/lt\/product\/newcube-ibc-1000-1000-litru-starpposma-skidro-vielu-konteiners\/","og_locale":"lt_LT","og_type":"article","og_title":"NewCube IBC 1000 \u2013 1000 litru starpposma \u0161\u0137idro vielu konteiners - IBC konteineri m&uuml;&uuml;k, vaadid, kraanid, mahutid","og_description":"NewCube IBC 1000 ir piln\u012bgi jauns 1000 litru starpposma konteiners \u0161\u0137idrumiem, paredz\u0113ts visp\u0101r\u0113jai lieto\u0161anai, kur nav nepiecie\u0161ami p\u0101rtikas vai b\u012bstamo vielu sertifik\u0101ti.","og_url":"https:\/\/ibc.ee\/lt\/product\/newcube-ibc-1000-1000-litru-starpposma-skidro-vielu-konteiners\/","og_site_name":"IBC konteineri m&uuml;&uuml;k, vaadid, kraanid, mahutid","article_modified_time":"2025-07-09T14:40:43+00:00","og_image":[{"width":1000,"height":1000,"url":"https:\/\/ibc.ee\/wp-content\/uploads\/2018\/06\/NewCube-IBC-1000-Container-for-General-Liquid-Storage.jpg","type":"image\/jpeg"}],"twitter_card":"summary_large_image","twitter_misc":{"Est. reading time":"1 minut\u0117"},"schema":{"@context":"https:\/\/schema.org","@graph":[{"@type":"WebPage","@id":"https:\/\/ibc.ee\/lt\/product\/newcube-ibc-1000-1000-litru-starpposma-skidro-vielu-konteiners\/","url":"https:\/\/ibc.ee\/lt\/product\/newcube-ibc-1000-1000-litru-starpposma-skidro-vielu-konteiners\/","name":"NewCube IBC 1000 \u2013 1000 litru starpposma \u0161\u0137idro vielu konteiners - IBC konteineri m&uuml;&uuml;k, vaadid, kraanid, mahutid","isPartOf":{"@id":"https:\/\/ibc.ee\/lt\/#website"},"primaryImageOfPage":{"@id":"https:\/\/ibc.ee\/lt\/product\/newcube-ibc-1000-1000-litru-starpposma-skidro-vielu-konteiners\/#primaryimage"},"image":{"@id":"https:\/\/ibc.ee\/lt\/product\/newcube-ibc-1000-1000-litru-starpposma-skidro-vielu-konteiners\/#primaryimage"},"thumbnailUrl":"https:\/\/ibc.ee\/wp-content\/uploads\/2018\/06\/NewCube-IBC-1000-Container-for-General-Liquid-Storage.jpg","datePublished":"2018-09-18T11:48:20+00:00","dateModified":"2025-07-09T14:40:43+00:00","description":"NewCube IBC 1000 ir piln\u012bgi jauns 1000 litru starpposma konteiners \u0161\u0137idrumiem, paredz\u0113ts visp\u0101r\u0113jai lieto\u0161anai, kur nav nepiecie\u0161ami p\u0101rtikas vai b\u012bstamo vielu sertifik\u0101ti.","breadcrumb":{"@id":"https:\/\/ibc.ee\/lt\/product\/newcube-ibc-1000-1000-litru-starpposma-skidro-vielu-konteiners\/#breadcrumb"},"inLanguage":"lt-LT","potentialAction":[{"@type":"ReadAction","target":["https:\/\/ibc.ee\/lt\/product\/newcube-ibc-1000-1000-litru-starpposma-skidro-vielu-konteiners\/"]}]},{"@type":"ImageObject","inLanguage":"lt-LT","@id":"https:\/\/ibc.ee\/lt\/product\/newcube-ibc-1000-1000-litru-starpposma-skidro-vielu-konteiners\/#primaryimage","url":"https:\/\/ibc.ee\/wp-content\/uploads\/2018\/06\/NewCube-IBC-1000-Container-for-General-Liquid-Storage.jpg","contentUrl":"https:\/\/ibc.ee\/wp-content\/uploads\/2018\/06\/NewCube-IBC-1000-Container-for-General-Liquid-Storage.jpg","width":1000,"height":1000,"caption":"NewCube IBC 1000 \u2013 Intermediate bulk 1000L container"},{"@type":"BreadcrumbList","@id":"https:\/\/ibc.ee\/lt\/product\/newcube-ibc-1000-1000-litru-starpposma-skidro-vielu-konteiners\/#breadcrumb","itemListElement":[{"@type":"ListItem","position":1,"name":"\u0413\u043b\u0430\u0432\u043d\u0430\u044f \u0441\u0442\u0440\u0430\u043d\u0438\u0446\u0430","item":"https:\/\/ibc.ee\/lt\/"},{"@type":"ListItem","position":2,"name":"Parduotuv\u0117","item":"https:\/\/ibc.ee\/lt\/shop\/"},{"@type":"ListItem","position":3,"name":"NewCube IBC 1000 \u2013 1000 litru starpposma \u0161\u0137idro vielu konteiners"}]},{"@type":"WebSite","@id":"https:\/\/ibc.ee\/lt\/#website","url":"https:\/\/ibc.ee\/lt\/","name":"IBC konteineri m&uuml;&uuml;k, vaadid, kraanid, mahutid","description":"IBC - Tank container valve, Adapters\\fittings, Intermediate bulk, container, Drums\/cans","potentialAction":[{"@type":"SearchAction","target":{"@type":"EntryPoint","urlTemplate":"https:\/\/ibc.ee\/lt\/?s={search_term_string}"},"query-input":{"@type":"PropertyValueSpecification","valueRequired":true,"valueName":"search_term_string"}}],"inLanguage":"lt-LT"}]}},"_links":{"self":[{"href":"https:\/\/ibc.ee\/lt\/wp-json\/wp\/v2\/product\/16663","targetHints":{"allow":["GET"]}}],"collection":[{"href":"https:\/\/ibc.ee\/lt\/wp-json\/wp\/v2\/product"}],"about":[{"href":"https:\/\/ibc.ee\/lt\/wp-json\/wp\/v2\/types\/product"}],"wp:featuredmedia":[{"embeddable":true,"href":"https:\/\/ibc.ee\/lt\/wp-json\/wp\/v2\/media\/24269"}],"wp:attachment":[{"href":"https:\/\/ibc.ee\/lt\/wp-json\/wp\/v2\/media?parent=16663"}],"wp:term":[{"taxonomy":"product_brand","embeddable":true,"href":"https:\/\/ibc.ee\/lt\/wp-json\/wp\/v2\/product_brand?post=16663"},{"taxonomy":"product_cat","embeddable":true,"href":"https:\/\/ibc.ee\/lt\/wp-json\/wp\/v2\/product_cat?post=16663"},{"taxonomy":"product_tag","embeddable":true,"href":"https:\/\/ibc.ee\/lt\/wp-json\/wp\/v2\/product_tag?post=16663"}],"curies":[{"name":"wp","href":"https:\/\/api.w.org\/{rel}","templated":true}]}}