{"id":16665,"date":"2018-06-04T17:34:07","date_gmt":"2018-09-18T11:50:52","guid":{"rendered":"https:\/\/ibc.ee\/product\/tarpiniams-biraliniams-konteinerio-f\/"},"modified":"2025-07-10T10:38:53","modified_gmt":"2025-07-10T08:38:53","slug":"renewcube-ibc-1000-perpildytas-ibc","status":"publish","type":"product","link":"https:\/\/ibc.ee\/lt\/product\/renewcube-ibc-1000-perpildytas-ibc\/","title":{"rendered":"ReNewCube IBC 1000 \u2013 perpildytas IBC"},"content":{"rendered":"<p>Konteineris ant plastikini\u0173, metalini\u0173 ar medini\u0173 pad\u0117kl\u0173. Visi rezervuarai su veikian\u010diu kranu apa\u010dioje turi matavimo skal\u0119 ir plat\u0173 dangt\u012f vir\u0161uje. Konteineris turi metalin\u012f karkas\u0105.<\/p>\n<p>Taip pat galime pasi\u016blyti adapteri\u0173 ir \u012fvairi\u0173 kranai (sferinis kranas, krano drugelis, kranas su vo\u017etuvo) IBC konteineri\u0173.<\/p>\n<p><strong>Technin\u0117 specifikacija:<\/strong><br \/>\n&#8211; Apatinis i\u0161leidimo vo\u017etuvas: 50 mm (2&#8243;) integruotas drugelio tipo vo\u017etuvas, S60x6 i\u0161orinis sriegis \u2013 suderinamas su daugeliu standartini\u0173 jung\u010di\u0173<br \/>\n&#8211; Vir\u0161utin\u0117 u\u017epildymo anga: 150 mm (6&#8243;) sandarus dangtelis \u2013 patogu u\u017epildyti ir ap\u017ei\u016br\u0117ti<\/p>\n<p><strong>Tipin\u0117s panaudojimo sritys:<\/strong><br \/>\n&#8211; Skystos tr\u0105\u0161os, laistymo tirpalai, komposto arbata<br \/>\n&#8211; Techniniai skys\u010diai ir valymo priemon\u0117s<br \/>\n&#8211; Lietaus vandens surinkimas (negeriamam naudojimui)<br \/>\n&#8211; Pramoninis skalavimo vanduo ar pilkasis vanduo<\/p>\n","protected":false},"excerpt":{"rendered":"<p><strong>ReNewCube IBC 1000 \u2013 Atnaujinta IBC talpykla su nauju vidiniu buteliu ir naudotu r\u0117mu<\/strong><\/p>\n<p>ReNewCube IBC 1000 \u2013 tai auk\u0161tos kokyb\u0117s atnaujinta 1000 litr\u0173 tarpin\u0117 talpykla (rebottled IBC), kuri\u0105 sudaro visi\u0161kai naujas HDPE plastiko vidinis butelis ir kruop\u0161\u010diai patikrintas naudotas cinkuoto plieno r\u0117mas. Tai tvari ir ekonomi\u0161ka alternatyva, skirta skys\u010di\u0173 laikymui, kai nereikalaujama UN ar FDA sertifikato. <\/p>\n<p>\u0160i talpykla n\u0117ra sertifikuota nei pagal UN, nei pagal FDA reikalavimus. Ji skirta techniniam, \u017eem\u0117s \u016bkio ar ne maisto paskirties naudojimui, netinka pavojingoms med\u017eiagoms ar maisto produktams. <\/p>\n","protected":false},"featured_media":24283,"template":"","meta":[],"product_brand":[],"product_cat":[317],"product_tag":[],"class_list":{"0":"post-16665","1":"product","2":"type-product","3":"status-publish","4":"has-post-thumbnail","6":"product_cat-tarpinis-tara-ibc-1000-litru","7":"product_shipping_class-containers-lt","9":"first","10":"onbackorder","11":"taxable","12":"shipping-taxable","13":"product-type-simple"},"yoast_head":"<!-- This site is optimized with the Yoast SEO plugin v26.9 - https:\/\/yoast.com\/product\/yoast-seo-wordpress\/ -->\n<title>ReNewCube IBC 1000 \u2013 perpildytas IBC - IBC konteineri m&uuml;&uuml;k, vaadid, kraanid, mahutid<\/title>\n<meta name=\"description\" content=\"ReNewCube IBC 1000 \u2013 tai auk\u0161tos kokyb\u0117s atnaujinta 1000 litr\u0173 tarpin\u0117 talpykla (rebottled IBC), kuri\u0105 sudaro visi\u0161kai naujas HDPE plastiko vidinis butelis ir kruop\u0161\u010diai patikrintas naudotas cinkuoto plieno r\u0117mas.\" \/>\n<meta name=\"robots\" content=\"index, follow, max-snippet:-1, max-image-preview:large, max-video-preview:-1\" \/>\n<link rel=\"canonical\" href=\"https:\/\/ibc.ee\/lt\/product\/renewcube-ibc-1000-perpildytas-ibc\/\" \/>\n<meta property=\"og:locale\" content=\"lt_LT\" \/>\n<meta property=\"og:type\" content=\"article\" \/>\n<meta property=\"og:title\" content=\"ReNewCube IBC 1000 \u2013 perpildytas IBC - IBC konteineri m&uuml;&uuml;k, vaadid, kraanid, mahutid\" \/>\n<meta property=\"og:description\" content=\"ReNewCube IBC 1000 \u2013 tai auk\u0161tos kokyb\u0117s atnaujinta 1000 litr\u0173 tarpin\u0117 talpykla (rebottled IBC), kuri\u0105 sudaro visi\u0161kai naujas HDPE plastiko vidinis butelis ir kruop\u0161\u010diai patikrintas naudotas cinkuoto plieno r\u0117mas.\" \/>\n<meta property=\"og:url\" content=\"https:\/\/ibc.ee\/lt\/product\/renewcube-ibc-1000-perpildytas-ibc\/\" \/>\n<meta property=\"og:site_name\" content=\"IBC konteineri m&uuml;&uuml;k, vaadid, kraanid, mahutid\" \/>\n<meta property=\"article:modified_time\" content=\"2025-07-10T08:38:53+00:00\" \/>\n<meta property=\"og:image\" content=\"https:\/\/ibc.ee\/wp-content\/uploads\/2018\/06\/ReNewCube-IBC-1000-Rebottled-IBC.jpg\" \/>\n\t<meta property=\"og:image:width\" content=\"1000\" \/>\n\t<meta property=\"og:image:height\" content=\"1000\" \/>\n\t<meta property=\"og:image:type\" content=\"image\/jpeg\" \/>\n<meta name=\"twitter:card\" content=\"summary_large_image\" \/>\n<meta name=\"twitter:label1\" content=\"Est. reading time\" \/>\n\t<meta name=\"twitter:data1\" content=\"1 minut\u0117\" \/>\n<script type=\"application\/ld+json\" class=\"yoast-schema-graph\">{\"@context\":\"https:\/\/schema.org\",\"@graph\":[{\"@type\":\"WebPage\",\"@id\":\"https:\/\/ibc.ee\/lt\/product\/renewcube-ibc-1000-perpildytas-ibc\/\",\"url\":\"https:\/\/ibc.ee\/lt\/product\/renewcube-ibc-1000-perpildytas-ibc\/\",\"name\":\"ReNewCube IBC 1000 \u2013 perpildytas IBC - IBC konteineri m&uuml;&uuml;k, vaadid, kraanid, mahutid\",\"isPartOf\":{\"@id\":\"https:\/\/www.ibc.ee\/lt\/#website\"},\"primaryImageOfPage\":{\"@id\":\"https:\/\/ibc.ee\/lt\/product\/renewcube-ibc-1000-perpildytas-ibc\/#primaryimage\"},\"image\":{\"@id\":\"https:\/\/ibc.ee\/lt\/product\/renewcube-ibc-1000-perpildytas-ibc\/#primaryimage\"},\"thumbnailUrl\":\"https:\/\/ibc.ee\/wp-content\/uploads\/2018\/06\/ReNewCube-IBC-1000-Rebottled-IBC.jpg\",\"datePublished\":\"2018-09-18T11:50:52+00:00\",\"dateModified\":\"2025-07-10T08:38:53+00:00\",\"description\":\"ReNewCube IBC 1000 \u2013 tai auk\u0161tos kokyb\u0117s atnaujinta 1000 litr\u0173 tarpin\u0117 talpykla (rebottled IBC), kuri\u0105 sudaro visi\u0161kai naujas HDPE plastiko vidinis butelis ir kruop\u0161\u010diai patikrintas naudotas cinkuoto plieno r\u0117mas.\",\"breadcrumb\":{\"@id\":\"https:\/\/ibc.ee\/lt\/product\/renewcube-ibc-1000-perpildytas-ibc\/#breadcrumb\"},\"inLanguage\":\"lt-LT\",\"potentialAction\":[{\"@type\":\"ReadAction\",\"target\":[\"https:\/\/ibc.ee\/lt\/product\/renewcube-ibc-1000-perpildytas-ibc\/\"]}]},{\"@type\":\"ImageObject\",\"inLanguage\":\"lt-LT\",\"@id\":\"https:\/\/ibc.ee\/lt\/product\/renewcube-ibc-1000-perpildytas-ibc\/#primaryimage\",\"url\":\"https:\/\/ibc.ee\/wp-content\/uploads\/2018\/06\/ReNewCube-IBC-1000-Rebottled-IBC.jpg\",\"contentUrl\":\"https:\/\/ibc.ee\/wp-content\/uploads\/2018\/06\/ReNewCube-IBC-1000-Rebottled-IBC.jpg\",\"width\":1000,\"height\":1000,\"caption\":\"ReNewCube IBC 1000 \u2013 Rebottled IBC\"},{\"@type\":\"BreadcrumbList\",\"@id\":\"https:\/\/ibc.ee\/lt\/product\/renewcube-ibc-1000-perpildytas-ibc\/#breadcrumb\",\"itemListElement\":[{\"@type\":\"ListItem\",\"position\":1,\"name\":\"\u0413\u043b\u0430\u0432\u043d\u0430\u044f \u0441\u0442\u0440\u0430\u043d\u0438\u0446\u0430\",\"item\":\"https:\/\/ibc.ee\/lt\/\"},{\"@type\":\"ListItem\",\"position\":2,\"name\":\"Parduotuv\u0117\",\"item\":\"https:\/\/ibc.ee\/lt\/shop\/\"},{\"@type\":\"ListItem\",\"position\":3,\"name\":\"ReNewCube IBC 1000 \u2013 perpildytas IBC\"}]},{\"@type\":\"WebSite\",\"@id\":\"https:\/\/www.ibc.ee\/lt\/#website\",\"url\":\"https:\/\/www.ibc.ee\/lt\/\",\"name\":\"IBC konteineri m&uuml;&uuml;k, vaadid, kraanid, mahutid\",\"description\":\"IBC - Tank container valve, Adapters\\\\fittings, Intermediate bulk, container, Drums\/cans\",\"potentialAction\":[{\"@type\":\"SearchAction\",\"target\":{\"@type\":\"EntryPoint\",\"urlTemplate\":\"https:\/\/www.ibc.ee\/lt\/?s={search_term_string}\"},\"query-input\":{\"@type\":\"PropertyValueSpecification\",\"valueRequired\":true,\"valueName\":\"search_term_string\"}}],\"inLanguage\":\"lt-LT\"}]}<\/script>\n<!-- \/ Yoast SEO plugin. -->","yoast_head_json":{"title":"ReNewCube IBC 1000 \u2013 perpildytas IBC - IBC konteineri m&uuml;&uuml;k, vaadid, kraanid, mahutid","description":"ReNewCube IBC 1000 \u2013 tai auk\u0161tos kokyb\u0117s atnaujinta 1000 litr\u0173 tarpin\u0117 talpykla (rebottled IBC), kuri\u0105 sudaro visi\u0161kai naujas HDPE plastiko vidinis butelis ir kruop\u0161\u010diai patikrintas naudotas cinkuoto plieno r\u0117mas.","robots":{"index":"index","follow":"follow","max-snippet":"max-snippet:-1","max-image-preview":"max-image-preview:large","max-video-preview":"max-video-preview:-1"},"canonical":"https:\/\/ibc.ee\/lt\/product\/renewcube-ibc-1000-perpildytas-ibc\/","og_locale":"lt_LT","og_type":"article","og_title":"ReNewCube IBC 1000 \u2013 perpildytas IBC - IBC konteineri m&uuml;&uuml;k, vaadid, kraanid, mahutid","og_description":"ReNewCube IBC 1000 \u2013 tai auk\u0161tos kokyb\u0117s atnaujinta 1000 litr\u0173 tarpin\u0117 talpykla (rebottled IBC), kuri\u0105 sudaro visi\u0161kai naujas HDPE plastiko vidinis butelis ir kruop\u0161\u010diai patikrintas naudotas cinkuoto plieno r\u0117mas.","og_url":"https:\/\/ibc.ee\/lt\/product\/renewcube-ibc-1000-perpildytas-ibc\/","og_site_name":"IBC konteineri m&uuml;&uuml;k, vaadid, kraanid, mahutid","article_modified_time":"2025-07-10T08:38:53+00:00","og_image":[{"width":1000,"height":1000,"url":"https:\/\/ibc.ee\/wp-content\/uploads\/2018\/06\/ReNewCube-IBC-1000-Rebottled-IBC.jpg","type":"image\/jpeg"}],"twitter_card":"summary_large_image","twitter_misc":{"Est. reading time":"1 minut\u0117"},"schema":{"@context":"https:\/\/schema.org","@graph":[{"@type":"WebPage","@id":"https:\/\/ibc.ee\/lt\/product\/renewcube-ibc-1000-perpildytas-ibc\/","url":"https:\/\/ibc.ee\/lt\/product\/renewcube-ibc-1000-perpildytas-ibc\/","name":"ReNewCube IBC 1000 \u2013 perpildytas IBC - IBC konteineri m&uuml;&uuml;k, vaadid, kraanid, mahutid","isPartOf":{"@id":"https:\/\/www.ibc.ee\/lt\/#website"},"primaryImageOfPage":{"@id":"https:\/\/ibc.ee\/lt\/product\/renewcube-ibc-1000-perpildytas-ibc\/#primaryimage"},"image":{"@id":"https:\/\/ibc.ee\/lt\/product\/renewcube-ibc-1000-perpildytas-ibc\/#primaryimage"},"thumbnailUrl":"https:\/\/ibc.ee\/wp-content\/uploads\/2018\/06\/ReNewCube-IBC-1000-Rebottled-IBC.jpg","datePublished":"2018-09-18T11:50:52+00:00","dateModified":"2025-07-10T08:38:53+00:00","description":"ReNewCube IBC 1000 \u2013 tai auk\u0161tos kokyb\u0117s atnaujinta 1000 litr\u0173 tarpin\u0117 talpykla (rebottled IBC), kuri\u0105 sudaro visi\u0161kai naujas HDPE plastiko vidinis butelis ir kruop\u0161\u010diai patikrintas naudotas cinkuoto plieno r\u0117mas.","breadcrumb":{"@id":"https:\/\/ibc.ee\/lt\/product\/renewcube-ibc-1000-perpildytas-ibc\/#breadcrumb"},"inLanguage":"lt-LT","potentialAction":[{"@type":"ReadAction","target":["https:\/\/ibc.ee\/lt\/product\/renewcube-ibc-1000-perpildytas-ibc\/"]}]},{"@type":"ImageObject","inLanguage":"lt-LT","@id":"https:\/\/ibc.ee\/lt\/product\/renewcube-ibc-1000-perpildytas-ibc\/#primaryimage","url":"https:\/\/ibc.ee\/wp-content\/uploads\/2018\/06\/ReNewCube-IBC-1000-Rebottled-IBC.jpg","contentUrl":"https:\/\/ibc.ee\/wp-content\/uploads\/2018\/06\/ReNewCube-IBC-1000-Rebottled-IBC.jpg","width":1000,"height":1000,"caption":"ReNewCube IBC 1000 \u2013 Rebottled IBC"},{"@type":"BreadcrumbList","@id":"https:\/\/ibc.ee\/lt\/product\/renewcube-ibc-1000-perpildytas-ibc\/#breadcrumb","itemListElement":[{"@type":"ListItem","position":1,"name":"\u0413\u043b\u0430\u0432\u043d\u0430\u044f \u0441\u0442\u0440\u0430\u043d\u0438\u0446\u0430","item":"https:\/\/ibc.ee\/lt\/"},{"@type":"ListItem","position":2,"name":"Parduotuv\u0117","item":"https:\/\/ibc.ee\/lt\/shop\/"},{"@type":"ListItem","position":3,"name":"ReNewCube IBC 1000 \u2013 perpildytas IBC"}]},{"@type":"WebSite","@id":"https:\/\/www.ibc.ee\/lt\/#website","url":"https:\/\/www.ibc.ee\/lt\/","name":"IBC konteineri m&uuml;&uuml;k, vaadid, kraanid, mahutid","description":"IBC - Tank container valve, Adapters\\fittings, Intermediate bulk, container, Drums\/cans","potentialAction":[{"@type":"SearchAction","target":{"@type":"EntryPoint","urlTemplate":"https:\/\/www.ibc.ee\/lt\/?s={search_term_string}"},"query-input":{"@type":"PropertyValueSpecification","valueRequired":true,"valueName":"search_term_string"}}],"inLanguage":"lt-LT"}]}},"_links":{"self":[{"href":"https:\/\/ibc.ee\/lt\/wp-json\/wp\/v2\/product\/16665","targetHints":{"allow":["GET"]}}],"collection":[{"href":"https:\/\/ibc.ee\/lt\/wp-json\/wp\/v2\/product"}],"about":[{"href":"https:\/\/ibc.ee\/lt\/wp-json\/wp\/v2\/types\/product"}],"wp:featuredmedia":[{"embeddable":true,"href":"https:\/\/ibc.ee\/lt\/wp-json\/wp\/v2\/media\/24283"}],"wp:attachment":[{"href":"https:\/\/ibc.ee\/lt\/wp-json\/wp\/v2\/media?parent=16665"}],"wp:term":[{"taxonomy":"product_brand","embeddable":true,"href":"https:\/\/ibc.ee\/lt\/wp-json\/wp\/v2\/product_brand?post=16665"},{"taxonomy":"product_cat","embeddable":true,"href":"https:\/\/ibc.ee\/lt\/wp-json\/wp\/v2\/product_cat?post=16665"},{"taxonomy":"product_tag","embeddable":true,"href":"https:\/\/ibc.ee\/lt\/wp-json\/wp\/v2\/product_tag?post=16665"}],"curies":[{"name":"wp","href":"https:\/\/api.w.org\/{rel}","templated":true}]}}