{"id":16673,"date":"2018-06-04T17:31:54","date_gmt":"2018-09-18T11:52:25","guid":{"rendered":"https:\/\/ibc.ee\/product\/tarpiniams-biraliniams-konteinerio-e\/"},"modified":"2025-07-04T15:28:58","modified_gmt":"2025-07-04T13:28:58","slug":"pureflowcube-ibc-1000-aukstos-kokybes-isplauta-fda-talpa","status":"publish","type":"product","link":"https:\/\/ibc.ee\/lt\/product\/pureflowcube-ibc-1000-aukstos-kokybes-isplauta-fda-talpa\/","title":{"rendered":"PureFlowCube IBC 1000 auk\u0161tos kokyb\u0117s i\u0161plauta FDA talpa"},"content":{"rendered":"<p><strong>Kas yra auk\u0161tos kokyb\u0117s i\u0161plauta IBC talpa?<\/strong> <\/p>\n<p>Nors talpa i\u0161 prad\u017ei\u0173 buvo sertifikuota s\u0105ly\u010diui su maistu, ji neb\u0117ra oficialiai laikoma tinkama maistui, nes buvo naudota ir \u0161iuo metu neturi galiojan\u010dio sertifikato. Ta\u010diau d\u0117l \u0161varios naudojimo istorijos ir atsargaus tvarkymo tai vis dar yra populiarus ir ekonomi\u0161kas pasirinkimas geriamam vandeniui ir kitiems ne kritin\u0117s svarbos maisto skys\u010diams. <\/p>\n<p>Ekonomi\u0161kas sprendimas vartotojams, ie\u0161kantiems saugaus ir \u0161varaus skys\u010di\u0173 saugojimo, kai nereikalingas pilnas sertifikavimas.<\/p>\n<p><strong>Svarbios pastabos:<\/strong><br \/>\n&#8211; Naudota talpa \u2013 anks\u010diau naudota maistin\u0117s kokyb\u0117s produktams<br \/>\n&#8211; N\u0117ra galiojan\u010dio FDA \/ maisto kokyb\u0117s sertifikato<br \/>\n&#8211; Nerekomenduojama naudoti komercinei maisto gamybai ar oficialiai su maistu susijusioms reikm\u0117ms<br \/>\n&#8211; Gali b\u016bti matom\u0173 naudojimo po\u017eymi\u0173 (pvz., spalvos pakitimai, kvapas, liku\u010diai)<\/p>\n<p><strong>Tipinis pritaikymas:<\/strong><br \/>\n&#8211; Geriamojo vandens saugojimas (nesertifikuotas naudojimas)<br \/>\n&#8211; Lietaus vandens surinkimas buities ar sodo reikm\u0117ms<br \/>\n&#8211; Vanduo gyvuliams<br \/>\n&#8211; Skystas pa\u0161aras ar augal\u0173 ekstraktai<br \/>\n&#8211; Savaranki\u0161kai sukonstruotos vandens tiekimo sistemos<br \/>\n&#8211; Lauko praustuvai, du\u0161ai, dr\u0117kinimas ir avarin\u0117s vandens sistemos<\/p>\n","protected":false},"excerpt":{"rendered":"<p>Plastikin\u0117 talpa \/ vidinis bakelis yra i\u0161valytas ir patikrintas d\u0117l nuot\u0117kio. Jei reikia, pakei\u010diami dangteliai, vo\u017etuvai ar tarpin\u0117s. \u0160i IBC talpa buvo pagaminta i\u0161 FDA patvirtintos maistui tinkamos med\u017eiagos ir naudota tik su maisto produktais (pvz., valgomieji aliejai, sirupai ar g\u0117rim\u0173 ingredientai).  <\/p>\n","protected":false},"featured_media":24166,"template":"","meta":[],"product_brand":[],"product_cat":[317],"product_tag":[],"class_list":{"0":"post-16673","1":"product","2":"type-product","3":"status-publish","4":"has-post-thumbnail","6":"product_cat-tarpinis-tara-ibc-1000-litru","7":"product_shipping_class-containers-lt","9":"first","10":"onbackorder","11":"taxable","12":"shipping-taxable","13":"purchasable","14":"product-type-simple"},"yoast_head":"<!-- This site is optimized with the Yoast SEO plugin v26.9 - https:\/\/yoast.com\/product\/yoast-seo-wordpress\/ -->\n<title>PureFlowCube IBC 1000 auk\u0161tos kokyb\u0117s i\u0161plauta FDA talpa<\/title>\n<meta name=\"description\" content=\"\u0160i IBC talpa i\u0161 prad\u017ei\u0173 buvo pagaminta i\u0161 FDA reikalavimus atitinkan\u010dios maistin\u0117s kokyb\u0117s med\u017eiagos ir buvo naudojama tik maisto produktams (pvz., valgomieji aliejai ir pan.).\" \/>\n<meta name=\"robots\" content=\"index, follow, max-snippet:-1, max-image-preview:large, max-video-preview:-1\" \/>\n<link rel=\"canonical\" href=\"https:\/\/ibc.ee\/lt\/product\/pureflowcube-ibc-1000-aukstos-kokybes-isplauta-fda-talpa\/\" \/>\n<meta property=\"og:locale\" content=\"lt_LT\" \/>\n<meta property=\"og:type\" content=\"article\" \/>\n<meta property=\"og:title\" content=\"PureFlowCube IBC 1000 auk\u0161tos kokyb\u0117s i\u0161plauta FDA talpa\" \/>\n<meta property=\"og:description\" content=\"\u0160i IBC talpa i\u0161 prad\u017ei\u0173 buvo pagaminta i\u0161 FDA reikalavimus atitinkan\u010dios maistin\u0117s kokyb\u0117s med\u017eiagos ir buvo naudojama tik maisto produktams (pvz., valgomieji aliejai ir pan.).\" \/>\n<meta property=\"og:url\" content=\"https:\/\/ibc.ee\/lt\/product\/pureflowcube-ibc-1000-aukstos-kokybes-isplauta-fda-talpa\/\" \/>\n<meta property=\"og:site_name\" content=\"IBC konteineri m&uuml;&uuml;k, vaadid, kraanid, mahutid\" \/>\n<meta property=\"article:modified_time\" content=\"2025-07-04T13:28:58+00:00\" \/>\n<meta property=\"og:image\" content=\"https:\/\/ibc.ee\/wp-content\/uploads\/2018\/06\/PureFlowCube-IBC-1000-high-quality-washed-food-based-tank.jpg\" \/>\n\t<meta property=\"og:image:width\" content=\"1000\" \/>\n\t<meta property=\"og:image:height\" content=\"1000\" \/>\n\t<meta property=\"og:image:type\" content=\"image\/jpeg\" \/>\n<meta name=\"twitter:card\" content=\"summary_large_image\" \/>\n<meta name=\"twitter:label1\" content=\"Est. reading time\" \/>\n\t<meta name=\"twitter:data1\" content=\"1 minut\u0117\" \/>\n<script type=\"application\/ld+json\" class=\"yoast-schema-graph\">{\"@context\":\"https:\/\/schema.org\",\"@graph\":[{\"@type\":\"WebPage\",\"@id\":\"https:\/\/ibc.ee\/lt\/product\/pureflowcube-ibc-1000-aukstos-kokybes-isplauta-fda-talpa\/\",\"url\":\"https:\/\/ibc.ee\/lt\/product\/pureflowcube-ibc-1000-aukstos-kokybes-isplauta-fda-talpa\/\",\"name\":\"PureFlowCube IBC 1000 auk\u0161tos kokyb\u0117s i\u0161plauta FDA talpa\",\"isPartOf\":{\"@id\":\"https:\/\/ibc.ee\/lt\/#website\"},\"primaryImageOfPage\":{\"@id\":\"https:\/\/ibc.ee\/lt\/product\/pureflowcube-ibc-1000-aukstos-kokybes-isplauta-fda-talpa\/#primaryimage\"},\"image\":{\"@id\":\"https:\/\/ibc.ee\/lt\/product\/pureflowcube-ibc-1000-aukstos-kokybes-isplauta-fda-talpa\/#primaryimage\"},\"thumbnailUrl\":\"https:\/\/ibc.ee\/wp-content\/uploads\/2018\/06\/PureFlowCube-IBC-1000-high-quality-washed-food-based-tank.jpg\",\"datePublished\":\"2018-09-18T11:52:25+00:00\",\"dateModified\":\"2025-07-04T13:28:58+00:00\",\"description\":\"\u0160i IBC talpa i\u0161 prad\u017ei\u0173 buvo pagaminta i\u0161 FDA reikalavimus atitinkan\u010dios maistin\u0117s kokyb\u0117s med\u017eiagos ir buvo naudojama tik maisto produktams (pvz., valgomieji aliejai ir pan.).\",\"breadcrumb\":{\"@id\":\"https:\/\/ibc.ee\/lt\/product\/pureflowcube-ibc-1000-aukstos-kokybes-isplauta-fda-talpa\/#breadcrumb\"},\"inLanguage\":\"lt-LT\",\"potentialAction\":[{\"@type\":\"ReadAction\",\"target\":[\"https:\/\/ibc.ee\/lt\/product\/pureflowcube-ibc-1000-aukstos-kokybes-isplauta-fda-talpa\/\"]}]},{\"@type\":\"ImageObject\",\"inLanguage\":\"lt-LT\",\"@id\":\"https:\/\/ibc.ee\/lt\/product\/pureflowcube-ibc-1000-aukstos-kokybes-isplauta-fda-talpa\/#primaryimage\",\"url\":\"https:\/\/ibc.ee\/wp-content\/uploads\/2018\/06\/PureFlowCube-IBC-1000-high-quality-washed-food-based-tank.jpg\",\"contentUrl\":\"https:\/\/ibc.ee\/wp-content\/uploads\/2018\/06\/PureFlowCube-IBC-1000-high-quality-washed-food-based-tank.jpg\",\"width\":1000,\"height\":1000,\"caption\":\"PureFlowCube IBC 1000 high-quality washed FDA tank\"},{\"@type\":\"BreadcrumbList\",\"@id\":\"https:\/\/ibc.ee\/lt\/product\/pureflowcube-ibc-1000-aukstos-kokybes-isplauta-fda-talpa\/#breadcrumb\",\"itemListElement\":[{\"@type\":\"ListItem\",\"position\":1,\"name\":\"\u0413\u043b\u0430\u0432\u043d\u0430\u044f \u0441\u0442\u0440\u0430\u043d\u0438\u0446\u0430\",\"item\":\"https:\/\/ibc.ee\/lt\/\"},{\"@type\":\"ListItem\",\"position\":2,\"name\":\"Parduotuv\u0117\",\"item\":\"https:\/\/ibc.ee\/lt\/shop\/\"},{\"@type\":\"ListItem\",\"position\":3,\"name\":\"PureFlowCube IBC 1000 auk\u0161tos kokyb\u0117s i\u0161plauta FDA talpa\"}]},{\"@type\":\"WebSite\",\"@id\":\"https:\/\/ibc.ee\/lt\/#website\",\"url\":\"https:\/\/ibc.ee\/lt\/\",\"name\":\"IBC konteineri m&uuml;&uuml;k, vaadid, kraanid, mahutid\",\"description\":\"IBC - Tank container valve, Adapters\\\\fittings, Intermediate bulk, container, Drums\/cans\",\"potentialAction\":[{\"@type\":\"SearchAction\",\"target\":{\"@type\":\"EntryPoint\",\"urlTemplate\":\"https:\/\/ibc.ee\/lt\/?s={search_term_string}\"},\"query-input\":{\"@type\":\"PropertyValueSpecification\",\"valueRequired\":true,\"valueName\":\"search_term_string\"}}],\"inLanguage\":\"lt-LT\"}]}<\/script>\n<!-- \/ Yoast SEO plugin. -->","yoast_head_json":{"title":"PureFlowCube IBC 1000 auk\u0161tos kokyb\u0117s i\u0161plauta FDA talpa","description":"\u0160i IBC talpa i\u0161 prad\u017ei\u0173 buvo pagaminta i\u0161 FDA reikalavimus atitinkan\u010dios maistin\u0117s kokyb\u0117s med\u017eiagos ir buvo naudojama tik maisto produktams (pvz., valgomieji aliejai ir pan.).","robots":{"index":"index","follow":"follow","max-snippet":"max-snippet:-1","max-image-preview":"max-image-preview:large","max-video-preview":"max-video-preview:-1"},"canonical":"https:\/\/ibc.ee\/lt\/product\/pureflowcube-ibc-1000-aukstos-kokybes-isplauta-fda-talpa\/","og_locale":"lt_LT","og_type":"article","og_title":"PureFlowCube IBC 1000 auk\u0161tos kokyb\u0117s i\u0161plauta FDA talpa","og_description":"\u0160i IBC talpa i\u0161 prad\u017ei\u0173 buvo pagaminta i\u0161 FDA reikalavimus atitinkan\u010dios maistin\u0117s kokyb\u0117s med\u017eiagos ir buvo naudojama tik maisto produktams (pvz., valgomieji aliejai ir pan.).","og_url":"https:\/\/ibc.ee\/lt\/product\/pureflowcube-ibc-1000-aukstos-kokybes-isplauta-fda-talpa\/","og_site_name":"IBC konteineri m&uuml;&uuml;k, vaadid, kraanid, mahutid","article_modified_time":"2025-07-04T13:28:58+00:00","og_image":[{"width":1000,"height":1000,"url":"https:\/\/ibc.ee\/wp-content\/uploads\/2018\/06\/PureFlowCube-IBC-1000-high-quality-washed-food-based-tank.jpg","type":"image\/jpeg"}],"twitter_card":"summary_large_image","twitter_misc":{"Est. reading time":"1 minut\u0117"},"schema":{"@context":"https:\/\/schema.org","@graph":[{"@type":"WebPage","@id":"https:\/\/ibc.ee\/lt\/product\/pureflowcube-ibc-1000-aukstos-kokybes-isplauta-fda-talpa\/","url":"https:\/\/ibc.ee\/lt\/product\/pureflowcube-ibc-1000-aukstos-kokybes-isplauta-fda-talpa\/","name":"PureFlowCube IBC 1000 auk\u0161tos kokyb\u0117s i\u0161plauta FDA talpa","isPartOf":{"@id":"https:\/\/ibc.ee\/lt\/#website"},"primaryImageOfPage":{"@id":"https:\/\/ibc.ee\/lt\/product\/pureflowcube-ibc-1000-aukstos-kokybes-isplauta-fda-talpa\/#primaryimage"},"image":{"@id":"https:\/\/ibc.ee\/lt\/product\/pureflowcube-ibc-1000-aukstos-kokybes-isplauta-fda-talpa\/#primaryimage"},"thumbnailUrl":"https:\/\/ibc.ee\/wp-content\/uploads\/2018\/06\/PureFlowCube-IBC-1000-high-quality-washed-food-based-tank.jpg","datePublished":"2018-09-18T11:52:25+00:00","dateModified":"2025-07-04T13:28:58+00:00","description":"\u0160i IBC talpa i\u0161 prad\u017ei\u0173 buvo pagaminta i\u0161 FDA reikalavimus atitinkan\u010dios maistin\u0117s kokyb\u0117s med\u017eiagos ir buvo naudojama tik maisto produktams (pvz., valgomieji aliejai ir pan.).","breadcrumb":{"@id":"https:\/\/ibc.ee\/lt\/product\/pureflowcube-ibc-1000-aukstos-kokybes-isplauta-fda-talpa\/#breadcrumb"},"inLanguage":"lt-LT","potentialAction":[{"@type":"ReadAction","target":["https:\/\/ibc.ee\/lt\/product\/pureflowcube-ibc-1000-aukstos-kokybes-isplauta-fda-talpa\/"]}]},{"@type":"ImageObject","inLanguage":"lt-LT","@id":"https:\/\/ibc.ee\/lt\/product\/pureflowcube-ibc-1000-aukstos-kokybes-isplauta-fda-talpa\/#primaryimage","url":"https:\/\/ibc.ee\/wp-content\/uploads\/2018\/06\/PureFlowCube-IBC-1000-high-quality-washed-food-based-tank.jpg","contentUrl":"https:\/\/ibc.ee\/wp-content\/uploads\/2018\/06\/PureFlowCube-IBC-1000-high-quality-washed-food-based-tank.jpg","width":1000,"height":1000,"caption":"PureFlowCube IBC 1000 high-quality washed FDA tank"},{"@type":"BreadcrumbList","@id":"https:\/\/ibc.ee\/lt\/product\/pureflowcube-ibc-1000-aukstos-kokybes-isplauta-fda-talpa\/#breadcrumb","itemListElement":[{"@type":"ListItem","position":1,"name":"\u0413\u043b\u0430\u0432\u043d\u0430\u044f \u0441\u0442\u0440\u0430\u043d\u0438\u0446\u0430","item":"https:\/\/ibc.ee\/lt\/"},{"@type":"ListItem","position":2,"name":"Parduotuv\u0117","item":"https:\/\/ibc.ee\/lt\/shop\/"},{"@type":"ListItem","position":3,"name":"PureFlowCube IBC 1000 auk\u0161tos kokyb\u0117s i\u0161plauta FDA talpa"}]},{"@type":"WebSite","@id":"https:\/\/ibc.ee\/lt\/#website","url":"https:\/\/ibc.ee\/lt\/","name":"IBC konteineri m&uuml;&uuml;k, vaadid, kraanid, mahutid","description":"IBC - Tank container valve, Adapters\\fittings, Intermediate bulk, container, Drums\/cans","potentialAction":[{"@type":"SearchAction","target":{"@type":"EntryPoint","urlTemplate":"https:\/\/ibc.ee\/lt\/?s={search_term_string}"},"query-input":{"@type":"PropertyValueSpecification","valueRequired":true,"valueName":"search_term_string"}}],"inLanguage":"lt-LT"}]}},"_links":{"self":[{"href":"https:\/\/ibc.ee\/lt\/wp-json\/wp\/v2\/product\/16673","targetHints":{"allow":["GET"]}}],"collection":[{"href":"https:\/\/ibc.ee\/lt\/wp-json\/wp\/v2\/product"}],"about":[{"href":"https:\/\/ibc.ee\/lt\/wp-json\/wp\/v2\/types\/product"}],"wp:featuredmedia":[{"embeddable":true,"href":"https:\/\/ibc.ee\/lt\/wp-json\/wp\/v2\/media\/24166"}],"wp:attachment":[{"href":"https:\/\/ibc.ee\/lt\/wp-json\/wp\/v2\/media?parent=16673"}],"wp:term":[{"taxonomy":"product_brand","embeddable":true,"href":"https:\/\/ibc.ee\/lt\/wp-json\/wp\/v2\/product_brand?post=16673"},{"taxonomy":"product_cat","embeddable":true,"href":"https:\/\/ibc.ee\/lt\/wp-json\/wp\/v2\/product_cat?post=16673"},{"taxonomy":"product_tag","embeddable":true,"href":"https:\/\/ibc.ee\/lt\/wp-json\/wp\/v2\/product_tag?post=16673"}],"curies":[{"name":"wp","href":"https:\/\/api.w.org\/{rel}","templated":true}]}}