{"id":16692,"date":"2018-06-03T19:26:37","date_gmt":"2018-09-18T11:54:25","guid":{"rendered":"https:\/\/ibc.ee\/product\/ibc-tank-konteineriu-daugiasluoksniams-75mm-voztuvas-dn50\/"},"modified":"2018-09-18T11:54:25","modified_gmt":"2018-09-18T11:54:25","slug":"ibc-tank-container-screwable-75mm-dn50-butterfly-valve-2","status":"publish","type":"product","link":"https:\/\/ibc.ee\/lt\/product\/ibc-tank-container-screwable-75mm-dn50-butterfly-valve-2\/","title":{"rendered":"IBC Tank konteineri\u0173 daugiasluoksniams 75mm vo\u017etuvas DN50"},"content":{"rendered":"<p><span data-sheets-value='{\"1\":2,\"2\":\"IBC Tank Container Inlet 75mm To Outlet Male 2Inch DN50 Butterfly Valvenn\"}' data-sheets-userformat='{\"2\":14588,\"5\":{\"1\":[{\"1\":2,\"2\":0,\"5\":[null,2,0]},{\"1\":0,\"2\":0,\"3\":3},{\"1\":1,\"2\":0,\"4\":1}]},\"6\":{\"1\":[{\"1\":2,\"2\":0,\"5\":[null,2,0]},{\"1\":0,\"2\":0,\"3\":3},{\"1\":1,\"2\":0,\"4\":1}]},\"7\":{\"1\":[{\"1\":2,\"2\":0,\"5\":[null,2,0]},{\"1\":0,\"2\":0,\"3\":3},{\"1\":1,\"2\":0,\"4\":1}]},\"8\":{\"1\":[{\"1\":2,\"2\":0,\"5\":[null,2,0]},{\"1\":0,\"2\":0,\"3\":3},{\"1\":1,\"2\":0,\"4\":1}]},\"9\":0,\"10\":0,\"14\":[null,2,0],\"15\":\"Calibri\",\"16\":11}'>IBC bako konteinerio anga 75mm iki angos vyr\u0173 2 coli\u0173 vo\u017etuvas DN50<\/p>\n<p><\/span><\/p>\n","protected":false},"excerpt":{"rendered":"<p>IBC bako konteinerio anga 75mm iki angos vyr\u0173 2 coli\u0173 vo\u017etuvas DN50<\/p>\n","protected":false},"featured_media":16693,"template":"","meta":[],"product_brand":[],"product_cat":[322],"product_tag":[],"class_list":{"0":"post-16692","1":"product","2":"type-product","3":"status-publish","4":"has-post-thumbnail","6":"product_cat-tank-konteineriu-voztuvas-ibc-konteineris","7":"product_shipping_class-omniva-lt","9":"first","10":"instock","11":"taxable","12":"shipping-taxable","13":"purchasable","14":"product-type-simple"},"yoast_head":"<!-- This site is optimized with the Yoast SEO plugin v26.9 - https:\/\/yoast.com\/product\/yoast-seo-wordpress\/ -->\n<title>IBC Tank konteineri\u0173 daugiasluoksniams 75mm vo\u017etuvas DN50 - IBC konteineri m&uuml;&uuml;k, vaadid, kraanid, mahutid<\/title>\n<meta name=\"robots\" content=\"index, follow, max-snippet:-1, max-image-preview:large, max-video-preview:-1\" \/>\n<link rel=\"canonical\" href=\"https:\/\/ibc.ee\/lt\/product\/ibc-tank-container-screwable-75mm-dn50-butterfly-valve-2\/\" \/>\n<meta property=\"og:locale\" content=\"lt_LT\" \/>\n<meta property=\"og:type\" content=\"article\" \/>\n<meta property=\"og:title\" content=\"IBC Tank konteineri\u0173 daugiasluoksniams 75mm vo\u017etuvas DN50 - IBC konteineri m&uuml;&uuml;k, vaadid, kraanid, mahutid\" \/>\n<meta property=\"og:description\" content=\"IBC bako konteinerio anga 75mm iki angos vyr\u0173 2 coli\u0173 vo\u017etuvas DN50\" \/>\n<meta property=\"og:url\" content=\"https:\/\/ibc.ee\/lt\/product\/ibc-tank-container-screwable-75mm-dn50-butterfly-valve-2\/\" \/>\n<meta property=\"og:site_name\" content=\"IBC konteineri m&uuml;&uuml;k, vaadid, kraanid, mahutid\" \/>\n<meta property=\"og:image\" content=\"https:\/\/ibc.ee\/wp-content\/uploads\/2018\/06\/P5219505.jpg\" \/>\n\t<meta property=\"og:image:width\" content=\"2736\" \/>\n\t<meta property=\"og:image:height\" content=\"2736\" \/>\n\t<meta property=\"og:image:type\" content=\"image\/jpeg\" \/>\n<meta name=\"twitter:card\" content=\"summary_large_image\" \/>\n<script type=\"application\/ld+json\" class=\"yoast-schema-graph\">{\"@context\":\"https:\/\/schema.org\",\"@graph\":[{\"@type\":\"WebPage\",\"@id\":\"https:\/\/ibc.ee\/lt\/product\/ibc-tank-container-screwable-75mm-dn50-butterfly-valve-2\/\",\"url\":\"https:\/\/ibc.ee\/lt\/product\/ibc-tank-container-screwable-75mm-dn50-butterfly-valve-2\/\",\"name\":\"IBC Tank konteineri\u0173 daugiasluoksniams 75mm vo\u017etuvas DN50 - IBC konteineri m&uuml;&uuml;k, vaadid, kraanid, mahutid\",\"isPartOf\":{\"@id\":\"https:\/\/www.ibc.ee\/lt\/#website\"},\"primaryImageOfPage\":{\"@id\":\"https:\/\/ibc.ee\/lt\/product\/ibc-tank-container-screwable-75mm-dn50-butterfly-valve-2\/#primaryimage\"},\"image\":{\"@id\":\"https:\/\/ibc.ee\/lt\/product\/ibc-tank-container-screwable-75mm-dn50-butterfly-valve-2\/#primaryimage\"},\"thumbnailUrl\":\"https:\/\/ibc.ee\/wp-content\/uploads\/2018\/06\/P5219505.jpg\",\"datePublished\":\"2018-09-18T11:54:25+00:00\",\"breadcrumb\":{\"@id\":\"https:\/\/ibc.ee\/lt\/product\/ibc-tank-container-screwable-75mm-dn50-butterfly-valve-2\/#breadcrumb\"},\"inLanguage\":\"lt-LT\",\"potentialAction\":[{\"@type\":\"ReadAction\",\"target\":[\"https:\/\/ibc.ee\/lt\/product\/ibc-tank-container-screwable-75mm-dn50-butterfly-valve-2\/\"]}]},{\"@type\":\"ImageObject\",\"inLanguage\":\"lt-LT\",\"@id\":\"https:\/\/ibc.ee\/lt\/product\/ibc-tank-container-screwable-75mm-dn50-butterfly-valve-2\/#primaryimage\",\"url\":\"https:\/\/ibc.ee\/wp-content\/uploads\/2018\/06\/P5219505.jpg\",\"contentUrl\":\"https:\/\/ibc.ee\/wp-content\/uploads\/2018\/06\/P5219505.jpg\",\"width\":2736,\"height\":2736,\"caption\":\"IBC Tank konteineri\u0173 daugiasluoksniams 62mm vo\u017etuvas DN40\"},{\"@type\":\"BreadcrumbList\",\"@id\":\"https:\/\/ibc.ee\/lt\/product\/ibc-tank-container-screwable-75mm-dn50-butterfly-valve-2\/#breadcrumb\",\"itemListElement\":[{\"@type\":\"ListItem\",\"position\":1,\"name\":\"\u0413\u043b\u0430\u0432\u043d\u0430\u044f \u0441\u0442\u0440\u0430\u043d\u0438\u0446\u0430\",\"item\":\"https:\/\/ibc.ee\/lt\/\"},{\"@type\":\"ListItem\",\"position\":2,\"name\":\"Parduotuv\u0117\",\"item\":\"https:\/\/ibc.ee\/lt\/shop\/\"},{\"@type\":\"ListItem\",\"position\":3,\"name\":\"IBC Tank konteineri\u0173 daugiasluoksniams 75mm vo\u017etuvas DN50\"}]},{\"@type\":\"WebSite\",\"@id\":\"https:\/\/www.ibc.ee\/lt\/#website\",\"url\":\"https:\/\/www.ibc.ee\/lt\/\",\"name\":\"IBC konteineri m&uuml;&uuml;k, vaadid, kraanid, mahutid\",\"description\":\"IBC - Tank container valve, Adapters\\\\fittings, Intermediate bulk, container, Drums\/cans\",\"potentialAction\":[{\"@type\":\"SearchAction\",\"target\":{\"@type\":\"EntryPoint\",\"urlTemplate\":\"https:\/\/www.ibc.ee\/lt\/?s={search_term_string}\"},\"query-input\":{\"@type\":\"PropertyValueSpecification\",\"valueRequired\":true,\"valueName\":\"search_term_string\"}}],\"inLanguage\":\"lt-LT\"}]}<\/script>\n<!-- \/ Yoast SEO plugin. -->","yoast_head_json":{"title":"IBC Tank konteineri\u0173 daugiasluoksniams 75mm vo\u017etuvas DN50 - IBC konteineri m&uuml;&uuml;k, vaadid, kraanid, mahutid","robots":{"index":"index","follow":"follow","max-snippet":"max-snippet:-1","max-image-preview":"max-image-preview:large","max-video-preview":"max-video-preview:-1"},"canonical":"https:\/\/ibc.ee\/lt\/product\/ibc-tank-container-screwable-75mm-dn50-butterfly-valve-2\/","og_locale":"lt_LT","og_type":"article","og_title":"IBC Tank konteineri\u0173 daugiasluoksniams 75mm vo\u017etuvas DN50 - IBC konteineri m&uuml;&uuml;k, vaadid, kraanid, mahutid","og_description":"IBC bako konteinerio anga 75mm iki angos vyr\u0173 2 coli\u0173 vo\u017etuvas DN50","og_url":"https:\/\/ibc.ee\/lt\/product\/ibc-tank-container-screwable-75mm-dn50-butterfly-valve-2\/","og_site_name":"IBC konteineri m&uuml;&uuml;k, vaadid, kraanid, mahutid","og_image":[{"width":2736,"height":2736,"url":"https:\/\/ibc.ee\/wp-content\/uploads\/2018\/06\/P5219505.jpg","type":"image\/jpeg"}],"twitter_card":"summary_large_image","schema":{"@context":"https:\/\/schema.org","@graph":[{"@type":"WebPage","@id":"https:\/\/ibc.ee\/lt\/product\/ibc-tank-container-screwable-75mm-dn50-butterfly-valve-2\/","url":"https:\/\/ibc.ee\/lt\/product\/ibc-tank-container-screwable-75mm-dn50-butterfly-valve-2\/","name":"IBC Tank konteineri\u0173 daugiasluoksniams 75mm vo\u017etuvas DN50 - IBC konteineri m&uuml;&uuml;k, vaadid, kraanid, mahutid","isPartOf":{"@id":"https:\/\/www.ibc.ee\/lt\/#website"},"primaryImageOfPage":{"@id":"https:\/\/ibc.ee\/lt\/product\/ibc-tank-container-screwable-75mm-dn50-butterfly-valve-2\/#primaryimage"},"image":{"@id":"https:\/\/ibc.ee\/lt\/product\/ibc-tank-container-screwable-75mm-dn50-butterfly-valve-2\/#primaryimage"},"thumbnailUrl":"https:\/\/ibc.ee\/wp-content\/uploads\/2018\/06\/P5219505.jpg","datePublished":"2018-09-18T11:54:25+00:00","breadcrumb":{"@id":"https:\/\/ibc.ee\/lt\/product\/ibc-tank-container-screwable-75mm-dn50-butterfly-valve-2\/#breadcrumb"},"inLanguage":"lt-LT","potentialAction":[{"@type":"ReadAction","target":["https:\/\/ibc.ee\/lt\/product\/ibc-tank-container-screwable-75mm-dn50-butterfly-valve-2\/"]}]},{"@type":"ImageObject","inLanguage":"lt-LT","@id":"https:\/\/ibc.ee\/lt\/product\/ibc-tank-container-screwable-75mm-dn50-butterfly-valve-2\/#primaryimage","url":"https:\/\/ibc.ee\/wp-content\/uploads\/2018\/06\/P5219505.jpg","contentUrl":"https:\/\/ibc.ee\/wp-content\/uploads\/2018\/06\/P5219505.jpg","width":2736,"height":2736,"caption":"IBC Tank konteineri\u0173 daugiasluoksniams 62mm vo\u017etuvas DN40"},{"@type":"BreadcrumbList","@id":"https:\/\/ibc.ee\/lt\/product\/ibc-tank-container-screwable-75mm-dn50-butterfly-valve-2\/#breadcrumb","itemListElement":[{"@type":"ListItem","position":1,"name":"\u0413\u043b\u0430\u0432\u043d\u0430\u044f \u0441\u0442\u0440\u0430\u043d\u0438\u0446\u0430","item":"https:\/\/ibc.ee\/lt\/"},{"@type":"ListItem","position":2,"name":"Parduotuv\u0117","item":"https:\/\/ibc.ee\/lt\/shop\/"},{"@type":"ListItem","position":3,"name":"IBC Tank konteineri\u0173 daugiasluoksniams 75mm vo\u017etuvas DN50"}]},{"@type":"WebSite","@id":"https:\/\/www.ibc.ee\/lt\/#website","url":"https:\/\/www.ibc.ee\/lt\/","name":"IBC konteineri m&uuml;&uuml;k, vaadid, kraanid, mahutid","description":"IBC - Tank container valve, Adapters\\fittings, Intermediate bulk, container, Drums\/cans","potentialAction":[{"@type":"SearchAction","target":{"@type":"EntryPoint","urlTemplate":"https:\/\/www.ibc.ee\/lt\/?s={search_term_string}"},"query-input":{"@type":"PropertyValueSpecification","valueRequired":true,"valueName":"search_term_string"}}],"inLanguage":"lt-LT"}]}},"_links":{"self":[{"href":"https:\/\/ibc.ee\/lt\/wp-json\/wp\/v2\/product\/16692","targetHints":{"allow":["GET"]}}],"collection":[{"href":"https:\/\/ibc.ee\/lt\/wp-json\/wp\/v2\/product"}],"about":[{"href":"https:\/\/ibc.ee\/lt\/wp-json\/wp\/v2\/types\/product"}],"wp:featuredmedia":[{"embeddable":true,"href":"https:\/\/ibc.ee\/lt\/wp-json\/wp\/v2\/media\/16693"}],"wp:attachment":[{"href":"https:\/\/ibc.ee\/lt\/wp-json\/wp\/v2\/media?parent=16692"}],"wp:term":[{"taxonomy":"product_brand","embeddable":true,"href":"https:\/\/ibc.ee\/lt\/wp-json\/wp\/v2\/product_brand?post=16692"},{"taxonomy":"product_cat","embeddable":true,"href":"https:\/\/ibc.ee\/lt\/wp-json\/wp\/v2\/product_cat?post=16692"},{"taxonomy":"product_tag","embeddable":true,"href":"https:\/\/ibc.ee\/lt\/wp-json\/wp\/v2\/product_tag?post=16692"}],"curies":[{"name":"wp","href":"https:\/\/api.w.org\/{rel}","templated":true}]}}