{"id":16704,"date":"2018-06-03T19:20:22","date_gmt":"2018-09-18T11:54:37","guid":{"rendered":"https:\/\/ibc.ee\/product\/ibc-tank-konteineris-1000-litru-75mm-dn65-voztuvas\/"},"modified":"2019-05-03T12:19:32","modified_gmt":"2019-05-03T10:19:32","slug":"ibc-tank-container-1000-liters-75mm-dn65-butterfly-valve","status":"publish","type":"product","link":"https:\/\/ibc.ee\/lt\/product\/ibc-tank-container-1000-liters-75mm-dn65-butterfly-valve\/","title":{"rendered":"IBC tank container 1000 liters 75mm Butterfly Valve"},"content":{"rendered":"<p>IBC tank container 75mm Butterfly Valve<\/p>\n<p>\u0160is naujas IBC vo\u017etuvas galite pakeisti senas vo\u017etuvas arba prid\u0117ti \u017eemiau jau dabar. I\u0161\u0117jimo 2 coli\u0173 arba 62 mm dyd\u017eio sriegis prisijungti prie tarpinis urmu konteineriai S60X6. IBC bako sodo \u017earna adapteris Inlet 75mm \u012f lizd\u0105 vyras 2Inch DN40 Butterfly Valve. Produkto techninis apra\u0161ymas: med\u017eiaga HDPE. Naudojamas esant temperat\u016brai-20 \u00b0 c ~ + 70 \u00b0 c<\/p>\n<p>Darbo sl\u0117gis&lt;0,15 MPa<\/p>\n<p>Normaly naudoti iki 2000 kart\u0173.<\/p>\n","protected":false},"excerpt":{"rendered":"<p>IBC tank container 75mm Butterfly Valve \u0160is naujas IBC vo\u017etuvas galite pakeisti senas vo\u017etuvas arba prid\u0117ti \u017eemiau jau dabar. I\u0161\u0117jimo 2 coli\u0173 arba 62 mm dyd\u017eio sriegis prisijungti prie tarpinis urmu konteineriai S60X6. IBC bako sodo \u017earna adapteris Inlet 75mm \u012f lizd\u0105 vyras 2Inch DN40 Butterfly Valve. Produkto techninis apra\u0161ymas: med\u017eiaga HDPE. Naudojamas esant temperat\u016brai-20 [&hellip;]<\/p>\n","protected":false},"featured_media":16709,"template":"","meta":[],"product_brand":[],"product_cat":[322],"product_tag":[],"class_list":{"0":"post-16704","1":"product","2":"type-product","3":"status-publish","4":"has-post-thumbnail","6":"product_cat-tank-konteineriu-voztuvas-ibc-konteineris","7":"product_shipping_class-omniva-lt","9":"first","10":"instock","11":"taxable","12":"shipping-taxable","13":"purchasable","14":"product-type-simple"},"yoast_head":"<!-- This site is optimized with the Yoast SEO plugin v26.9 - https:\/\/yoast.com\/product\/yoast-seo-wordpress\/ -->\n<title>IBC tank container 1000 liters 75mm Butterfly Valve - IBC konteineri m&uuml;&uuml;k, vaadid, kraanid, mahutid<\/title>\n<meta name=\"robots\" content=\"index, follow, max-snippet:-1, max-image-preview:large, max-video-preview:-1\" \/>\n<link rel=\"canonical\" href=\"https:\/\/ibc.ee\/lt\/product\/ibc-tank-container-1000-liters-75mm-dn65-butterfly-valve\/\" \/>\n<meta property=\"og:locale\" content=\"lt_LT\" \/>\n<meta property=\"og:type\" content=\"article\" \/>\n<meta property=\"og:title\" content=\"IBC tank container 1000 liters 75mm Butterfly Valve - IBC konteineri m&uuml;&uuml;k, vaadid, kraanid, mahutid\" \/>\n<meta property=\"og:description\" content=\"IBC tank container 75mm Butterfly Valve \u0160is naujas IBC vo\u017etuvas galite pakeisti senas vo\u017etuvas arba prid\u0117ti \u017eemiau jau dabar. I\u0161\u0117jimo 2 coli\u0173 arba 62 mm dyd\u017eio sriegis prisijungti prie tarpinis urmu konteineriai S60X6. IBC bako sodo \u017earna adapteris Inlet 75mm \u012f lizd\u0105 vyras 2Inch DN40 Butterfly Valve. Produkto techninis apra\u0161ymas: med\u017eiaga HDPE. Naudojamas esant temperat\u016brai-20 [&hellip;]\" \/>\n<meta property=\"og:url\" content=\"https:\/\/ibc.ee\/lt\/product\/ibc-tank-container-1000-liters-75mm-dn65-butterfly-valve\/\" \/>\n<meta property=\"og:site_name\" content=\"IBC konteineri m&uuml;&uuml;k, vaadid, kraanid, mahutid\" \/>\n<meta property=\"article:modified_time\" content=\"2019-05-03T10:19:32+00:00\" \/>\n<meta property=\"og:image\" content=\"https:\/\/ibc.ee\/wp-content\/uploads\/2018\/06\/P5219483.jpg\" \/>\n\t<meta property=\"og:image:width\" content=\"2042\" \/>\n\t<meta property=\"og:image:height\" content=\"2042\" \/>\n\t<meta property=\"og:image:type\" content=\"image\/jpeg\" \/>\n<meta name=\"twitter:card\" content=\"summary_large_image\" \/>\n<script type=\"application\/ld+json\" class=\"yoast-schema-graph\">{\"@context\":\"https:\/\/schema.org\",\"@graph\":[{\"@type\":\"WebPage\",\"@id\":\"https:\/\/ibc.ee\/lt\/product\/ibc-tank-container-1000-liters-75mm-dn65-butterfly-valve\/\",\"url\":\"https:\/\/ibc.ee\/lt\/product\/ibc-tank-container-1000-liters-75mm-dn65-butterfly-valve\/\",\"name\":\"IBC tank container 1000 liters 75mm Butterfly Valve - IBC konteineri m&uuml;&uuml;k, vaadid, kraanid, mahutid\",\"isPartOf\":{\"@id\":\"https:\/\/www.ibc.ee\/lt\/#website\"},\"primaryImageOfPage\":{\"@id\":\"https:\/\/ibc.ee\/lt\/product\/ibc-tank-container-1000-liters-75mm-dn65-butterfly-valve\/#primaryimage\"},\"image\":{\"@id\":\"https:\/\/ibc.ee\/lt\/product\/ibc-tank-container-1000-liters-75mm-dn65-butterfly-valve\/#primaryimage\"},\"thumbnailUrl\":\"https:\/\/ibc.ee\/wp-content\/uploads\/2018\/06\/P5219483.jpg\",\"datePublished\":\"2018-09-18T11:54:37+00:00\",\"dateModified\":\"2019-05-03T10:19:32+00:00\",\"breadcrumb\":{\"@id\":\"https:\/\/ibc.ee\/lt\/product\/ibc-tank-container-1000-liters-75mm-dn65-butterfly-valve\/#breadcrumb\"},\"inLanguage\":\"lt-LT\",\"potentialAction\":[{\"@type\":\"ReadAction\",\"target\":[\"https:\/\/ibc.ee\/lt\/product\/ibc-tank-container-1000-liters-75mm-dn65-butterfly-valve\/\"]}]},{\"@type\":\"ImageObject\",\"inLanguage\":\"lt-LT\",\"@id\":\"https:\/\/ibc.ee\/lt\/product\/ibc-tank-container-1000-liters-75mm-dn65-butterfly-valve\/#primaryimage\",\"url\":\"https:\/\/ibc.ee\/wp-content\/uploads\/2018\/06\/P5219483.jpg\",\"contentUrl\":\"https:\/\/ibc.ee\/wp-content\/uploads\/2018\/06\/P5219483.jpg\",\"width\":2042,\"height\":2042,\"caption\":\"OLYMPUS SKAITMENINIS FOTOAPARATAS\"},{\"@type\":\"BreadcrumbList\",\"@id\":\"https:\/\/ibc.ee\/lt\/product\/ibc-tank-container-1000-liters-75mm-dn65-butterfly-valve\/#breadcrumb\",\"itemListElement\":[{\"@type\":\"ListItem\",\"position\":1,\"name\":\"\u0413\u043b\u0430\u0432\u043d\u0430\u044f \u0441\u0442\u0440\u0430\u043d\u0438\u0446\u0430\",\"item\":\"https:\/\/ibc.ee\/lt\/\"},{\"@type\":\"ListItem\",\"position\":2,\"name\":\"Parduotuv\u0117\",\"item\":\"https:\/\/ibc.ee\/lt\/shop\/\"},{\"@type\":\"ListItem\",\"position\":3,\"name\":\"IBC tank container 1000 liters 75mm Butterfly Valve\"}]},{\"@type\":\"WebSite\",\"@id\":\"https:\/\/www.ibc.ee\/lt\/#website\",\"url\":\"https:\/\/www.ibc.ee\/lt\/\",\"name\":\"IBC konteineri m&uuml;&uuml;k, vaadid, kraanid, mahutid\",\"description\":\"IBC - Tank container valve, Adapters\\\\fittings, Intermediate bulk, container, Drums\/cans\",\"potentialAction\":[{\"@type\":\"SearchAction\",\"target\":{\"@type\":\"EntryPoint\",\"urlTemplate\":\"https:\/\/www.ibc.ee\/lt\/?s={search_term_string}\"},\"query-input\":{\"@type\":\"PropertyValueSpecification\",\"valueRequired\":true,\"valueName\":\"search_term_string\"}}],\"inLanguage\":\"lt-LT\"}]}<\/script>\n<!-- \/ Yoast SEO plugin. -->","yoast_head_json":{"title":"IBC tank container 1000 liters 75mm Butterfly Valve - IBC konteineri m&uuml;&uuml;k, vaadid, kraanid, mahutid","robots":{"index":"index","follow":"follow","max-snippet":"max-snippet:-1","max-image-preview":"max-image-preview:large","max-video-preview":"max-video-preview:-1"},"canonical":"https:\/\/ibc.ee\/lt\/product\/ibc-tank-container-1000-liters-75mm-dn65-butterfly-valve\/","og_locale":"lt_LT","og_type":"article","og_title":"IBC tank container 1000 liters 75mm Butterfly Valve - IBC konteineri m&uuml;&uuml;k, vaadid, kraanid, mahutid","og_description":"IBC tank container 75mm Butterfly Valve \u0160is naujas IBC vo\u017etuvas galite pakeisti senas vo\u017etuvas arba prid\u0117ti \u017eemiau jau dabar. I\u0161\u0117jimo 2 coli\u0173 arba 62 mm dyd\u017eio sriegis prisijungti prie tarpinis urmu konteineriai S60X6. IBC bako sodo \u017earna adapteris Inlet 75mm \u012f lizd\u0105 vyras 2Inch DN40 Butterfly Valve. Produkto techninis apra\u0161ymas: med\u017eiaga HDPE. Naudojamas esant temperat\u016brai-20 [&hellip;]","og_url":"https:\/\/ibc.ee\/lt\/product\/ibc-tank-container-1000-liters-75mm-dn65-butterfly-valve\/","og_site_name":"IBC konteineri m&uuml;&uuml;k, vaadid, kraanid, mahutid","article_modified_time":"2019-05-03T10:19:32+00:00","og_image":[{"width":2042,"height":2042,"url":"https:\/\/ibc.ee\/wp-content\/uploads\/2018\/06\/P5219483.jpg","type":"image\/jpeg"}],"twitter_card":"summary_large_image","schema":{"@context":"https:\/\/schema.org","@graph":[{"@type":"WebPage","@id":"https:\/\/ibc.ee\/lt\/product\/ibc-tank-container-1000-liters-75mm-dn65-butterfly-valve\/","url":"https:\/\/ibc.ee\/lt\/product\/ibc-tank-container-1000-liters-75mm-dn65-butterfly-valve\/","name":"IBC tank container 1000 liters 75mm Butterfly Valve - IBC konteineri m&uuml;&uuml;k, vaadid, kraanid, mahutid","isPartOf":{"@id":"https:\/\/www.ibc.ee\/lt\/#website"},"primaryImageOfPage":{"@id":"https:\/\/ibc.ee\/lt\/product\/ibc-tank-container-1000-liters-75mm-dn65-butterfly-valve\/#primaryimage"},"image":{"@id":"https:\/\/ibc.ee\/lt\/product\/ibc-tank-container-1000-liters-75mm-dn65-butterfly-valve\/#primaryimage"},"thumbnailUrl":"https:\/\/ibc.ee\/wp-content\/uploads\/2018\/06\/P5219483.jpg","datePublished":"2018-09-18T11:54:37+00:00","dateModified":"2019-05-03T10:19:32+00:00","breadcrumb":{"@id":"https:\/\/ibc.ee\/lt\/product\/ibc-tank-container-1000-liters-75mm-dn65-butterfly-valve\/#breadcrumb"},"inLanguage":"lt-LT","potentialAction":[{"@type":"ReadAction","target":["https:\/\/ibc.ee\/lt\/product\/ibc-tank-container-1000-liters-75mm-dn65-butterfly-valve\/"]}]},{"@type":"ImageObject","inLanguage":"lt-LT","@id":"https:\/\/ibc.ee\/lt\/product\/ibc-tank-container-1000-liters-75mm-dn65-butterfly-valve\/#primaryimage","url":"https:\/\/ibc.ee\/wp-content\/uploads\/2018\/06\/P5219483.jpg","contentUrl":"https:\/\/ibc.ee\/wp-content\/uploads\/2018\/06\/P5219483.jpg","width":2042,"height":2042,"caption":"OLYMPUS SKAITMENINIS FOTOAPARATAS"},{"@type":"BreadcrumbList","@id":"https:\/\/ibc.ee\/lt\/product\/ibc-tank-container-1000-liters-75mm-dn65-butterfly-valve\/#breadcrumb","itemListElement":[{"@type":"ListItem","position":1,"name":"\u0413\u043b\u0430\u0432\u043d\u0430\u044f \u0441\u0442\u0440\u0430\u043d\u0438\u0446\u0430","item":"https:\/\/ibc.ee\/lt\/"},{"@type":"ListItem","position":2,"name":"Parduotuv\u0117","item":"https:\/\/ibc.ee\/lt\/shop\/"},{"@type":"ListItem","position":3,"name":"IBC tank container 1000 liters 75mm Butterfly Valve"}]},{"@type":"WebSite","@id":"https:\/\/www.ibc.ee\/lt\/#website","url":"https:\/\/www.ibc.ee\/lt\/","name":"IBC konteineri m&uuml;&uuml;k, vaadid, kraanid, mahutid","description":"IBC - Tank container valve, Adapters\\fittings, Intermediate bulk, container, Drums\/cans","potentialAction":[{"@type":"SearchAction","target":{"@type":"EntryPoint","urlTemplate":"https:\/\/www.ibc.ee\/lt\/?s={search_term_string}"},"query-input":{"@type":"PropertyValueSpecification","valueRequired":true,"valueName":"search_term_string"}}],"inLanguage":"lt-LT"}]}},"_links":{"self":[{"href":"https:\/\/ibc.ee\/lt\/wp-json\/wp\/v2\/product\/16704","targetHints":{"allow":["GET"]}}],"collection":[{"href":"https:\/\/ibc.ee\/lt\/wp-json\/wp\/v2\/product"}],"about":[{"href":"https:\/\/ibc.ee\/lt\/wp-json\/wp\/v2\/types\/product"}],"wp:featuredmedia":[{"embeddable":true,"href":"https:\/\/ibc.ee\/lt\/wp-json\/wp\/v2\/media\/16709"}],"wp:attachment":[{"href":"https:\/\/ibc.ee\/lt\/wp-json\/wp\/v2\/media?parent=16704"}],"wp:term":[{"taxonomy":"product_brand","embeddable":true,"href":"https:\/\/ibc.ee\/lt\/wp-json\/wp\/v2\/product_brand?post=16704"},{"taxonomy":"product_cat","embeddable":true,"href":"https:\/\/ibc.ee\/lt\/wp-json\/wp\/v2\/product_cat?post=16704"},{"taxonomy":"product_tag","embeddable":true,"href":"https:\/\/ibc.ee\/lt\/wp-json\/wp\/v2\/product_tag?post=16704"}],"curies":[{"name":"wp","href":"https:\/\/api.w.org\/{rel}","templated":true}]}}