{"id":16980,"date":"2018-04-28T09:59:02","date_gmt":"2018-10-02T08:18:55","guid":{"rendered":"https:\/\/ibc.ee\/product\/s60x6-moteru-%c2%bd-voztuvo-vamzdis-bakstelekite-sodas-%c2%be\/"},"modified":"2019-05-13T10:06:53","modified_gmt":"2019-05-13T08:06:53","slug":"s60x6-female-12-valve-pipe-tap-garden-34","status":"publish","type":"product","link":"https:\/\/ibc.ee\/lt\/product\/s60x6-female-12-valve-pipe-tap-garden-34\/","title":{"rendered":"Adapteris, skirtas IBC konteineriui 2 &#8222;su vo\u017etuvu 1\/2&#8221; vamzd\u017ei\u0173 \u010diaupo sodas"},"content":{"rendered":"<p>S60X6 moteris 1 \u2044 2 &#8216; &#8216; vo\u017etuvas vamzd\u017ei\u0173 \u010diaupo sodas 3 \u2044 4 &#8216; &#8216;<\/p>\n","protected":false},"excerpt":{"rendered":"<p>S60X6 moteris 1 \u2044 2 &#8216; &#8216; vo\u017etuvas vamzd\u017ei\u0173 \u010diaupo sodas 3 \u2044 4 &#8216; &#8216;<\/p>\n","protected":false},"featured_media":17479,"template":"","meta":[],"product_brand":[],"product_cat":[324],"product_tag":[],"class_list":{"0":"post-16980","1":"product","2":"type-product","3":"status-publish","4":"has-post-thumbnail","6":"product_cat-adapteriai-ir-jungtys-ibc-konteineris","7":"product_shipping_class-omniva-lt","9":"first","10":"instock","11":"taxable","12":"shipping-taxable","13":"purchasable","14":"product-type-simple"},"yoast_head":"<!-- This site is optimized with the Yoast SEO plugin v26.9 - https:\/\/yoast.com\/product\/yoast-seo-wordpress\/ -->\n<title>Adapteris, skirtas IBC konteineriui 2 &quot;su vo\u017etuvu 1\/2&quot; vamzd\u017ei\u0173 \u010diaupo sodas - IBC konteineri m&uuml;&uuml;k, vaadid, kraanid, mahutid<\/title>\n<meta name=\"robots\" content=\"index, follow, max-snippet:-1, max-image-preview:large, max-video-preview:-1\" \/>\n<link rel=\"canonical\" href=\"https:\/\/ibc.ee\/lt\/product\/s60x6-female-12-valve-pipe-tap-garden-34\/\" \/>\n<meta property=\"og:locale\" content=\"lt_LT\" \/>\n<meta property=\"og:type\" content=\"article\" \/>\n<meta property=\"og:title\" content=\"Adapteris, skirtas IBC konteineriui 2 &quot;su vo\u017etuvu 1\/2&quot; vamzd\u017ei\u0173 \u010diaupo sodas - IBC konteineri m&uuml;&uuml;k, vaadid, kraanid, mahutid\" \/>\n<meta property=\"og:description\" content=\"S60X6 moteris 1 \u2044 2 &#8216; &#8216; vo\u017etuvas vamzd\u017ei\u0173 \u010diaupo sodas 3 \u2044 4 &#8216; &#8216;\" \/>\n<meta property=\"og:url\" content=\"https:\/\/ibc.ee\/lt\/product\/s60x6-female-12-valve-pipe-tap-garden-34\/\" \/>\n<meta property=\"og:site_name\" content=\"IBC konteineri m&uuml;&uuml;k, vaadid, kraanid, mahutid\" \/>\n<meta property=\"article:modified_time\" content=\"2019-05-13T08:06:53+00:00\" \/>\n<meta property=\"og:image\" content=\"https:\/\/ibc.ee\/wp-content\/uploads\/2018\/04\/FCrSl4E.png\" \/>\n\t<meta property=\"og:image:width\" content=\"798\" \/>\n\t<meta property=\"og:image:height\" content=\"798\" \/>\n\t<meta property=\"og:image:type\" content=\"image\/png\" \/>\n<meta name=\"twitter:card\" content=\"summary_large_image\" \/>\n<script type=\"application\/ld+json\" class=\"yoast-schema-graph\">{\"@context\":\"https:\/\/schema.org\",\"@graph\":[{\"@type\":\"WebPage\",\"@id\":\"https:\/\/ibc.ee\/lt\/product\/s60x6-female-12-valve-pipe-tap-garden-34\/\",\"url\":\"https:\/\/ibc.ee\/lt\/product\/s60x6-female-12-valve-pipe-tap-garden-34\/\",\"name\":\"Adapteris, skirtas IBC konteineriui 2 \\\"su vo\u017etuvu 1\/2\\\" vamzd\u017ei\u0173 \u010diaupo sodas - IBC konteineri m&uuml;&uuml;k, vaadid, kraanid, mahutid\",\"isPartOf\":{\"@id\":\"https:\/\/ibc.ee\/lt\/#website\"},\"primaryImageOfPage\":{\"@id\":\"https:\/\/ibc.ee\/lt\/product\/s60x6-female-12-valve-pipe-tap-garden-34\/#primaryimage\"},\"image\":{\"@id\":\"https:\/\/ibc.ee\/lt\/product\/s60x6-female-12-valve-pipe-tap-garden-34\/#primaryimage\"},\"thumbnailUrl\":\"https:\/\/ibc.ee\/wp-content\/uploads\/2018\/04\/FCrSl4E.png\",\"datePublished\":\"2018-10-02T08:18:55+00:00\",\"dateModified\":\"2019-05-13T08:06:53+00:00\",\"breadcrumb\":{\"@id\":\"https:\/\/ibc.ee\/lt\/product\/s60x6-female-12-valve-pipe-tap-garden-34\/#breadcrumb\"},\"inLanguage\":\"lt-LT\",\"potentialAction\":[{\"@type\":\"ReadAction\",\"target\":[\"https:\/\/ibc.ee\/lt\/product\/s60x6-female-12-valve-pipe-tap-garden-34\/\"]}]},{\"@type\":\"ImageObject\",\"inLanguage\":\"lt-LT\",\"@id\":\"https:\/\/ibc.ee\/lt\/product\/s60x6-female-12-valve-pipe-tap-garden-34\/#primaryimage\",\"url\":\"https:\/\/ibc.ee\/wp-content\/uploads\/2018\/04\/FCrSl4E.png\",\"contentUrl\":\"https:\/\/ibc.ee\/wp-content\/uploads\/2018\/04\/FCrSl4E.png\",\"width\":798,\"height\":798,\"caption\":\"S60X6 moter\u0173 1? 2\\\" ventilis vamzdeli\u0173 bakstel\u0117kite sodas 3? 4''\"},{\"@type\":\"BreadcrumbList\",\"@id\":\"https:\/\/ibc.ee\/lt\/product\/s60x6-female-12-valve-pipe-tap-garden-34\/#breadcrumb\",\"itemListElement\":[{\"@type\":\"ListItem\",\"position\":1,\"name\":\"\u0413\u043b\u0430\u0432\u043d\u0430\u044f \u0441\u0442\u0440\u0430\u043d\u0438\u0446\u0430\",\"item\":\"https:\/\/ibc.ee\/lt\/\"},{\"@type\":\"ListItem\",\"position\":2,\"name\":\"Parduotuv\u0117\",\"item\":\"https:\/\/ibc.ee\/lt\/shop\/\"},{\"@type\":\"ListItem\",\"position\":3,\"name\":\"Adapteris, skirtas IBC konteineriui 2 &#8222;su vo\u017etuvu 1\/2&#8221; vamzd\u017ei\u0173 \u010diaupo sodas\"}]},{\"@type\":\"WebSite\",\"@id\":\"https:\/\/ibc.ee\/lt\/#website\",\"url\":\"https:\/\/ibc.ee\/lt\/\",\"name\":\"IBC konteineri m&uuml;&uuml;k, vaadid, kraanid, mahutid\",\"description\":\"IBC - Tank container valve, Adapters\\\\fittings, Intermediate bulk, container, Drums\/cans\",\"potentialAction\":[{\"@type\":\"SearchAction\",\"target\":{\"@type\":\"EntryPoint\",\"urlTemplate\":\"https:\/\/ibc.ee\/lt\/?s={search_term_string}\"},\"query-input\":{\"@type\":\"PropertyValueSpecification\",\"valueRequired\":true,\"valueName\":\"search_term_string\"}}],\"inLanguage\":\"lt-LT\"}]}<\/script>\n<!-- \/ Yoast SEO plugin. -->","yoast_head_json":{"title":"Adapteris, skirtas IBC konteineriui 2 \"su vo\u017etuvu 1\/2\" vamzd\u017ei\u0173 \u010diaupo sodas - IBC konteineri m&uuml;&uuml;k, vaadid, kraanid, mahutid","robots":{"index":"index","follow":"follow","max-snippet":"max-snippet:-1","max-image-preview":"max-image-preview:large","max-video-preview":"max-video-preview:-1"},"canonical":"https:\/\/ibc.ee\/lt\/product\/s60x6-female-12-valve-pipe-tap-garden-34\/","og_locale":"lt_LT","og_type":"article","og_title":"Adapteris, skirtas IBC konteineriui 2 \"su vo\u017etuvu 1\/2\" vamzd\u017ei\u0173 \u010diaupo sodas - IBC konteineri m&uuml;&uuml;k, vaadid, kraanid, mahutid","og_description":"S60X6 moteris 1 \u2044 2 &#8216; &#8216; vo\u017etuvas vamzd\u017ei\u0173 \u010diaupo sodas 3 \u2044 4 &#8216; &#8216;","og_url":"https:\/\/ibc.ee\/lt\/product\/s60x6-female-12-valve-pipe-tap-garden-34\/","og_site_name":"IBC konteineri m&uuml;&uuml;k, vaadid, kraanid, mahutid","article_modified_time":"2019-05-13T08:06:53+00:00","og_image":[{"width":798,"height":798,"url":"https:\/\/ibc.ee\/wp-content\/uploads\/2018\/04\/FCrSl4E.png","type":"image\/png"}],"twitter_card":"summary_large_image","schema":{"@context":"https:\/\/schema.org","@graph":[{"@type":"WebPage","@id":"https:\/\/ibc.ee\/lt\/product\/s60x6-female-12-valve-pipe-tap-garden-34\/","url":"https:\/\/ibc.ee\/lt\/product\/s60x6-female-12-valve-pipe-tap-garden-34\/","name":"Adapteris, skirtas IBC konteineriui 2 \"su vo\u017etuvu 1\/2\" vamzd\u017ei\u0173 \u010diaupo sodas - IBC konteineri m&uuml;&uuml;k, vaadid, kraanid, mahutid","isPartOf":{"@id":"https:\/\/ibc.ee\/lt\/#website"},"primaryImageOfPage":{"@id":"https:\/\/ibc.ee\/lt\/product\/s60x6-female-12-valve-pipe-tap-garden-34\/#primaryimage"},"image":{"@id":"https:\/\/ibc.ee\/lt\/product\/s60x6-female-12-valve-pipe-tap-garden-34\/#primaryimage"},"thumbnailUrl":"https:\/\/ibc.ee\/wp-content\/uploads\/2018\/04\/FCrSl4E.png","datePublished":"2018-10-02T08:18:55+00:00","dateModified":"2019-05-13T08:06:53+00:00","breadcrumb":{"@id":"https:\/\/ibc.ee\/lt\/product\/s60x6-female-12-valve-pipe-tap-garden-34\/#breadcrumb"},"inLanguage":"lt-LT","potentialAction":[{"@type":"ReadAction","target":["https:\/\/ibc.ee\/lt\/product\/s60x6-female-12-valve-pipe-tap-garden-34\/"]}]},{"@type":"ImageObject","inLanguage":"lt-LT","@id":"https:\/\/ibc.ee\/lt\/product\/s60x6-female-12-valve-pipe-tap-garden-34\/#primaryimage","url":"https:\/\/ibc.ee\/wp-content\/uploads\/2018\/04\/FCrSl4E.png","contentUrl":"https:\/\/ibc.ee\/wp-content\/uploads\/2018\/04\/FCrSl4E.png","width":798,"height":798,"caption":"S60X6 moter\u0173 1? 2\" ventilis vamzdeli\u0173 bakstel\u0117kite sodas 3? 4''"},{"@type":"BreadcrumbList","@id":"https:\/\/ibc.ee\/lt\/product\/s60x6-female-12-valve-pipe-tap-garden-34\/#breadcrumb","itemListElement":[{"@type":"ListItem","position":1,"name":"\u0413\u043b\u0430\u0432\u043d\u0430\u044f \u0441\u0442\u0440\u0430\u043d\u0438\u0446\u0430","item":"https:\/\/ibc.ee\/lt\/"},{"@type":"ListItem","position":2,"name":"Parduotuv\u0117","item":"https:\/\/ibc.ee\/lt\/shop\/"},{"@type":"ListItem","position":3,"name":"Adapteris, skirtas IBC konteineriui 2 &#8222;su vo\u017etuvu 1\/2&#8221; vamzd\u017ei\u0173 \u010diaupo sodas"}]},{"@type":"WebSite","@id":"https:\/\/ibc.ee\/lt\/#website","url":"https:\/\/ibc.ee\/lt\/","name":"IBC konteineri m&uuml;&uuml;k, vaadid, kraanid, mahutid","description":"IBC - Tank container valve, Adapters\\fittings, Intermediate bulk, container, Drums\/cans","potentialAction":[{"@type":"SearchAction","target":{"@type":"EntryPoint","urlTemplate":"https:\/\/ibc.ee\/lt\/?s={search_term_string}"},"query-input":{"@type":"PropertyValueSpecification","valueRequired":true,"valueName":"search_term_string"}}],"inLanguage":"lt-LT"}]}},"_links":{"self":[{"href":"https:\/\/ibc.ee\/lt\/wp-json\/wp\/v2\/product\/16980","targetHints":{"allow":["GET"]}}],"collection":[{"href":"https:\/\/ibc.ee\/lt\/wp-json\/wp\/v2\/product"}],"about":[{"href":"https:\/\/ibc.ee\/lt\/wp-json\/wp\/v2\/types\/product"}],"wp:featuredmedia":[{"embeddable":true,"href":"https:\/\/ibc.ee\/lt\/wp-json\/wp\/v2\/media\/17479"}],"wp:attachment":[{"href":"https:\/\/ibc.ee\/lt\/wp-json\/wp\/v2\/media?parent=16980"}],"wp:term":[{"taxonomy":"product_brand","embeddable":true,"href":"https:\/\/ibc.ee\/lt\/wp-json\/wp\/v2\/product_brand?post=16980"},{"taxonomy":"product_cat","embeddable":true,"href":"https:\/\/ibc.ee\/lt\/wp-json\/wp\/v2\/product_cat?post=16980"},{"taxonomy":"product_tag","embeddable":true,"href":"https:\/\/ibc.ee\/lt\/wp-json\/wp\/v2\/product_tag?post=16980"}],"curies":[{"name":"wp","href":"https:\/\/api.w.org\/{rel}","templated":true}]}}