{"id":17038,"date":"2018-04-28T09:58:48","date_gmt":"2018-10-02T09:57:58","guid":{"rendered":"https:\/\/ibc.ee\/product\/s60x6-moteru-%c2%bd-sodo-zarna-14-mm\/"},"modified":"2019-05-03T13:36:02","modified_gmt":"2019-05-03T11:36:02","slug":"s60x6-female-12-garden-hose-14-mm","status":"publish","type":"product","link":"https:\/\/ibc.ee\/lt\/product\/s60x6-female-12-garden-hose-14-mm\/","title":{"rendered":"Adapteris \u012f ind\u0105 su vidiniu sriegiu S60X6 sodo \u017earna 14 mm"},"content":{"rendered":"<p>S60X6 moteris 1 \u2044 2 &#8216; &#8216; sodo \u017earna 14 mm<\/p>\n<p>\u0160is adapteris yra skirtas sujungti IBC konteineris ir sodo wathering \u017earnos. \u0160is adapder pad\u0117ti prisijungti vamzd\u017ei\u0173 bakstel\u0117kite sodas<\/p>\n","protected":false},"excerpt":{"rendered":"<p>S60X6 moteris 1 \u2044 2 &#8216; &#8216; sodo \u017earna 14 mm \u0160is adapteris yra skirtas sujungti IBC konteineris ir sodo wathering \u017earnos. \u0160is adapder pad\u0117ti prisijungti vamzd\u017ei\u0173 bakstel\u0117kite sodas<\/p>\n","protected":false},"featured_media":17039,"template":"","meta":[],"product_brand":[],"product_cat":[324],"product_tag":[],"class_list":{"0":"post-17038","1":"product","2":"type-product","3":"status-publish","4":"has-post-thumbnail","6":"product_cat-adapteriai-ir-jungtys-ibc-konteineris","7":"product_shipping_class-omniva-lt","9":"first","10":"onbackorder","11":"sale","12":"taxable","13":"shipping-taxable","14":"purchasable","15":"product-type-simple"},"yoast_head":"<!-- This site is optimized with the Yoast SEO plugin v26.9 - https:\/\/yoast.com\/product\/yoast-seo-wordpress\/ -->\n<title>Adapteris \u012f ind\u0105 su vidiniu sriegiu S60X6 sodo \u017earna 14 mm - IBC konteineri m&uuml;&uuml;k, vaadid, kraanid, mahutid<\/title>\n<meta name=\"robots\" content=\"index, follow, max-snippet:-1, max-image-preview:large, max-video-preview:-1\" \/>\n<link rel=\"canonical\" href=\"https:\/\/ibc.ee\/lt\/product\/s60x6-female-12-garden-hose-14-mm\/\" \/>\n<meta property=\"og:locale\" content=\"lt_LT\" \/>\n<meta property=\"og:type\" content=\"article\" \/>\n<meta property=\"og:title\" content=\"Adapteris \u012f ind\u0105 su vidiniu sriegiu S60X6 sodo \u017earna 14 mm - IBC konteineri m&uuml;&uuml;k, vaadid, kraanid, mahutid\" \/>\n<meta property=\"og:description\" content=\"S60X6 moteris 1 \u2044 2 &#8216; &#8216; sodo \u017earna 14 mm \u0160is adapteris yra skirtas sujungti IBC konteineris ir sodo wathering \u017earnos. \u0160is adapder pad\u0117ti prisijungti vamzd\u017ei\u0173 bakstel\u0117kite sodas\" \/>\n<meta property=\"og:url\" content=\"https:\/\/ibc.ee\/lt\/product\/s60x6-female-12-garden-hose-14-mm\/\" \/>\n<meta property=\"og:site_name\" content=\"IBC konteineri m&uuml;&uuml;k, vaadid, kraanid, mahutid\" \/>\n<meta property=\"article:modified_time\" content=\"2019-05-03T11:36:02+00:00\" \/>\n<meta property=\"og:image\" content=\"https:\/\/ibc.ee\/wp-content\/uploads\/2018\/04\/U4xoJ8c.png\" \/>\n\t<meta property=\"og:image:width\" content=\"606\" \/>\n\t<meta property=\"og:image:height\" content=\"606\" \/>\n\t<meta property=\"og:image:type\" content=\"image\/png\" \/>\n<meta name=\"twitter:card\" content=\"summary_large_image\" \/>\n<script type=\"application\/ld+json\" class=\"yoast-schema-graph\">{\"@context\":\"https:\/\/schema.org\",\"@graph\":[{\"@type\":\"WebPage\",\"@id\":\"https:\/\/ibc.ee\/lt\/product\/s60x6-female-12-garden-hose-14-mm\/\",\"url\":\"https:\/\/ibc.ee\/lt\/product\/s60x6-female-12-garden-hose-14-mm\/\",\"name\":\"Adapteris \u012f ind\u0105 su vidiniu sriegiu S60X6 sodo \u017earna 14 mm - IBC konteineri m&uuml;&uuml;k, vaadid, kraanid, mahutid\",\"isPartOf\":{\"@id\":\"https:\/\/www.ibc.ee\/lt\/#website\"},\"primaryImageOfPage\":{\"@id\":\"https:\/\/ibc.ee\/lt\/product\/s60x6-female-12-garden-hose-14-mm\/#primaryimage\"},\"image\":{\"@id\":\"https:\/\/ibc.ee\/lt\/product\/s60x6-female-12-garden-hose-14-mm\/#primaryimage\"},\"thumbnailUrl\":\"https:\/\/ibc.ee\/wp-content\/uploads\/2018\/04\/U4xoJ8c.png\",\"datePublished\":\"2018-10-02T09:57:58+00:00\",\"dateModified\":\"2019-05-03T11:36:02+00:00\",\"breadcrumb\":{\"@id\":\"https:\/\/ibc.ee\/lt\/product\/s60x6-female-12-garden-hose-14-mm\/#breadcrumb\"},\"inLanguage\":\"lt-LT\",\"potentialAction\":[{\"@type\":\"ReadAction\",\"target\":[\"https:\/\/ibc.ee\/lt\/product\/s60x6-female-12-garden-hose-14-mm\/\"]}]},{\"@type\":\"ImageObject\",\"inLanguage\":\"lt-LT\",\"@id\":\"https:\/\/ibc.ee\/lt\/product\/s60x6-female-12-garden-hose-14-mm\/#primaryimage\",\"url\":\"https:\/\/ibc.ee\/wp-content\/uploads\/2018\/04\/U4xoJ8c.png\",\"contentUrl\":\"https:\/\/ibc.ee\/wp-content\/uploads\/2018\/04\/U4xoJ8c.png\",\"width\":606,\"height\":606,\"caption\":\"S60X6 moter\u0173 1? 2\\\" sodo \u017earna 14 mm\"},{\"@type\":\"BreadcrumbList\",\"@id\":\"https:\/\/ibc.ee\/lt\/product\/s60x6-female-12-garden-hose-14-mm\/#breadcrumb\",\"itemListElement\":[{\"@type\":\"ListItem\",\"position\":1,\"name\":\"\u0413\u043b\u0430\u0432\u043d\u0430\u044f \u0441\u0442\u0440\u0430\u043d\u0438\u0446\u0430\",\"item\":\"https:\/\/ibc.ee\/lt\/\"},{\"@type\":\"ListItem\",\"position\":2,\"name\":\"Parduotuv\u0117\",\"item\":\"https:\/\/ibc.ee\/lt\/shop\/\"},{\"@type\":\"ListItem\",\"position\":3,\"name\":\"Adapteris \u012f ind\u0105 su vidiniu sriegiu S60X6 sodo \u017earna 14 mm\"}]},{\"@type\":\"WebSite\",\"@id\":\"https:\/\/www.ibc.ee\/lt\/#website\",\"url\":\"https:\/\/www.ibc.ee\/lt\/\",\"name\":\"IBC konteineri m&uuml;&uuml;k, vaadid, kraanid, mahutid\",\"description\":\"IBC - Tank container valve, Adapters\\\\fittings, Intermediate bulk, container, Drums\/cans\",\"potentialAction\":[{\"@type\":\"SearchAction\",\"target\":{\"@type\":\"EntryPoint\",\"urlTemplate\":\"https:\/\/www.ibc.ee\/lt\/?s={search_term_string}\"},\"query-input\":{\"@type\":\"PropertyValueSpecification\",\"valueRequired\":true,\"valueName\":\"search_term_string\"}}],\"inLanguage\":\"lt-LT\"}]}<\/script>\n<!-- \/ Yoast SEO plugin. -->","yoast_head_json":{"title":"Adapteris \u012f ind\u0105 su vidiniu sriegiu S60X6 sodo \u017earna 14 mm - IBC konteineri m&uuml;&uuml;k, vaadid, kraanid, mahutid","robots":{"index":"index","follow":"follow","max-snippet":"max-snippet:-1","max-image-preview":"max-image-preview:large","max-video-preview":"max-video-preview:-1"},"canonical":"https:\/\/ibc.ee\/lt\/product\/s60x6-female-12-garden-hose-14-mm\/","og_locale":"lt_LT","og_type":"article","og_title":"Adapteris \u012f ind\u0105 su vidiniu sriegiu S60X6 sodo \u017earna 14 mm - IBC konteineri m&uuml;&uuml;k, vaadid, kraanid, mahutid","og_description":"S60X6 moteris 1 \u2044 2 &#8216; &#8216; sodo \u017earna 14 mm \u0160is adapteris yra skirtas sujungti IBC konteineris ir sodo wathering \u017earnos. \u0160is adapder pad\u0117ti prisijungti vamzd\u017ei\u0173 bakstel\u0117kite sodas","og_url":"https:\/\/ibc.ee\/lt\/product\/s60x6-female-12-garden-hose-14-mm\/","og_site_name":"IBC konteineri m&uuml;&uuml;k, vaadid, kraanid, mahutid","article_modified_time":"2019-05-03T11:36:02+00:00","og_image":[{"width":606,"height":606,"url":"https:\/\/ibc.ee\/wp-content\/uploads\/2018\/04\/U4xoJ8c.png","type":"image\/png"}],"twitter_card":"summary_large_image","schema":{"@context":"https:\/\/schema.org","@graph":[{"@type":"WebPage","@id":"https:\/\/ibc.ee\/lt\/product\/s60x6-female-12-garden-hose-14-mm\/","url":"https:\/\/ibc.ee\/lt\/product\/s60x6-female-12-garden-hose-14-mm\/","name":"Adapteris \u012f ind\u0105 su vidiniu sriegiu S60X6 sodo \u017earna 14 mm - IBC konteineri m&uuml;&uuml;k, vaadid, kraanid, mahutid","isPartOf":{"@id":"https:\/\/www.ibc.ee\/lt\/#website"},"primaryImageOfPage":{"@id":"https:\/\/ibc.ee\/lt\/product\/s60x6-female-12-garden-hose-14-mm\/#primaryimage"},"image":{"@id":"https:\/\/ibc.ee\/lt\/product\/s60x6-female-12-garden-hose-14-mm\/#primaryimage"},"thumbnailUrl":"https:\/\/ibc.ee\/wp-content\/uploads\/2018\/04\/U4xoJ8c.png","datePublished":"2018-10-02T09:57:58+00:00","dateModified":"2019-05-03T11:36:02+00:00","breadcrumb":{"@id":"https:\/\/ibc.ee\/lt\/product\/s60x6-female-12-garden-hose-14-mm\/#breadcrumb"},"inLanguage":"lt-LT","potentialAction":[{"@type":"ReadAction","target":["https:\/\/ibc.ee\/lt\/product\/s60x6-female-12-garden-hose-14-mm\/"]}]},{"@type":"ImageObject","inLanguage":"lt-LT","@id":"https:\/\/ibc.ee\/lt\/product\/s60x6-female-12-garden-hose-14-mm\/#primaryimage","url":"https:\/\/ibc.ee\/wp-content\/uploads\/2018\/04\/U4xoJ8c.png","contentUrl":"https:\/\/ibc.ee\/wp-content\/uploads\/2018\/04\/U4xoJ8c.png","width":606,"height":606,"caption":"S60X6 moter\u0173 1? 2\" sodo \u017earna 14 mm"},{"@type":"BreadcrumbList","@id":"https:\/\/ibc.ee\/lt\/product\/s60x6-female-12-garden-hose-14-mm\/#breadcrumb","itemListElement":[{"@type":"ListItem","position":1,"name":"\u0413\u043b\u0430\u0432\u043d\u0430\u044f \u0441\u0442\u0440\u0430\u043d\u0438\u0446\u0430","item":"https:\/\/ibc.ee\/lt\/"},{"@type":"ListItem","position":2,"name":"Parduotuv\u0117","item":"https:\/\/ibc.ee\/lt\/shop\/"},{"@type":"ListItem","position":3,"name":"Adapteris \u012f ind\u0105 su vidiniu sriegiu S60X6 sodo \u017earna 14 mm"}]},{"@type":"WebSite","@id":"https:\/\/www.ibc.ee\/lt\/#website","url":"https:\/\/www.ibc.ee\/lt\/","name":"IBC konteineri m&uuml;&uuml;k, vaadid, kraanid, mahutid","description":"IBC - Tank container valve, Adapters\\fittings, Intermediate bulk, container, Drums\/cans","potentialAction":[{"@type":"SearchAction","target":{"@type":"EntryPoint","urlTemplate":"https:\/\/www.ibc.ee\/lt\/?s={search_term_string}"},"query-input":{"@type":"PropertyValueSpecification","valueRequired":true,"valueName":"search_term_string"}}],"inLanguage":"lt-LT"}]}},"_links":{"self":[{"href":"https:\/\/ibc.ee\/lt\/wp-json\/wp\/v2\/product\/17038","targetHints":{"allow":["GET"]}}],"collection":[{"href":"https:\/\/ibc.ee\/lt\/wp-json\/wp\/v2\/product"}],"about":[{"href":"https:\/\/ibc.ee\/lt\/wp-json\/wp\/v2\/types\/product"}],"wp:featuredmedia":[{"embeddable":true,"href":"https:\/\/ibc.ee\/lt\/wp-json\/wp\/v2\/media\/17039"}],"wp:attachment":[{"href":"https:\/\/ibc.ee\/lt\/wp-json\/wp\/v2\/media?parent=17038"}],"wp:term":[{"taxonomy":"product_brand","embeddable":true,"href":"https:\/\/ibc.ee\/lt\/wp-json\/wp\/v2\/product_brand?post=17038"},{"taxonomy":"product_cat","embeddable":true,"href":"https:\/\/ibc.ee\/lt\/wp-json\/wp\/v2\/product_cat?post=17038"},{"taxonomy":"product_tag","embeddable":true,"href":"https:\/\/ibc.ee\/lt\/wp-json\/wp\/v2\/product_tag?post=17038"}],"curies":[{"name":"wp","href":"https:\/\/api.w.org\/{rel}","templated":true}]}}