{"id":17074,"date":"2018-04-28T09:58:41","date_gmt":"2018-10-02T09:58:25","guid":{"rendered":"https:\/\/ibc.ee\/product\/2-coliu-dn50-ileidimo-gijos-2-coliu-adapteri-camlock-zarna-siurksciavilniu-sriegis\/"},"modified":"2018-10-02T09:58:25","modified_gmt":"2018-10-02T09:58:25","slug":"adapter-fitting-2inch-dn50-inlet-thread-to-2inch-camlock-hose-coarse-thread-2","status":"publish","type":"product","link":"https:\/\/ibc.ee\/lt\/product\/adapter-fitting-2inch-dn50-inlet-thread-to-2inch-camlock-hose-coarse-thread-2\/","title":{"rendered":"2 coli\u0173 DN50 \u012fleidimo gijos 2 coli\u0173 adapter\u012f Camlock \u017earna \u0161iurk\u0161\u010diavilni\u0173 sriegis"},"content":{"rendered":"<p>2 coli\u0173 DN50 \u012fleidimo gijos 2 coli\u0173 Camlock \u017earna 1000L IBC bakas plok\u0161t\u0117s montavimo \u0161iurk\u0161\u010di\u0173 si\u016bl\u0173 <\/p>\n","protected":false},"excerpt":{"rendered":"<p>2 coli\u0173 DN50 \u012fleidimo gijos 2 coli\u0173 Camlock \u017earna 1000L IBC bakas plok\u0161t\u0117s montavimo \u0161iurk\u0161\u010di\u0173 si\u016bl\u0173<\/p>\n","protected":false},"featured_media":17075,"template":"","meta":[],"product_brand":[],"product_cat":[324],"product_tag":[],"class_list":{"0":"post-17074","1":"product","2":"type-product","3":"status-publish","4":"has-post-thumbnail","6":"product_cat-adapteriai-ir-jungtys-ibc-konteineris","7":"product_shipping_class-omniva-lt","9":"first","10":"instock","11":"taxable","12":"shipping-taxable","13":"purchasable","14":"product-type-simple"},"yoast_head":"<!-- This site is optimized with the Yoast SEO plugin v26.9 - https:\/\/yoast.com\/product\/yoast-seo-wordpress\/ -->\n<title>2 coli\u0173 DN50 \u012fleidimo gijos 2 coli\u0173 adapter\u012f Camlock \u017earna \u0161iurk\u0161\u010diavilni\u0173 sriegis - IBC konteineri m&uuml;&uuml;k, vaadid, kraanid, mahutid<\/title>\n<meta name=\"robots\" content=\"index, follow, max-snippet:-1, max-image-preview:large, max-video-preview:-1\" \/>\n<link rel=\"canonical\" href=\"https:\/\/ibc.ee\/lt\/product\/adapter-fitting-2inch-dn50-inlet-thread-to-2inch-camlock-hose-coarse-thread-2\/\" \/>\n<meta property=\"og:locale\" content=\"lt_LT\" \/>\n<meta property=\"og:type\" content=\"article\" \/>\n<meta property=\"og:title\" content=\"2 coli\u0173 DN50 \u012fleidimo gijos 2 coli\u0173 adapter\u012f Camlock \u017earna \u0161iurk\u0161\u010diavilni\u0173 sriegis - IBC konteineri m&uuml;&uuml;k, vaadid, kraanid, mahutid\" \/>\n<meta property=\"og:description\" content=\"2 coli\u0173 DN50 \u012fleidimo gijos 2 coli\u0173 Camlock \u017earna 1000L IBC bakas plok\u0161t\u0117s montavimo \u0161iurk\u0161\u010di\u0173 si\u016bl\u0173\" \/>\n<meta property=\"og:url\" content=\"https:\/\/ibc.ee\/lt\/product\/adapter-fitting-2inch-dn50-inlet-thread-to-2inch-camlock-hose-coarse-thread-2\/\" \/>\n<meta property=\"og:site_name\" content=\"IBC konteineri m&uuml;&uuml;k, vaadid, kraanid, mahutid\" \/>\n<meta property=\"og:image\" content=\"https:\/\/ibc.ee\/wp-content\/uploads\/2018\/04\/QX7NKEG-1.png\" \/>\n\t<meta property=\"og:image:width\" content=\"580\" \/>\n\t<meta property=\"og:image:height\" content=\"580\" \/>\n\t<meta property=\"og:image:type\" content=\"image\/png\" \/>\n<meta name=\"twitter:card\" content=\"summary_large_image\" \/>\n<script type=\"application\/ld+json\" class=\"yoast-schema-graph\">{\"@context\":\"https:\/\/schema.org\",\"@graph\":[{\"@type\":\"WebPage\",\"@id\":\"https:\/\/ibc.ee\/lt\/product\/adapter-fitting-2inch-dn50-inlet-thread-to-2inch-camlock-hose-coarse-thread-2\/\",\"url\":\"https:\/\/ibc.ee\/lt\/product\/adapter-fitting-2inch-dn50-inlet-thread-to-2inch-camlock-hose-coarse-thread-2\/\",\"name\":\"2 coli\u0173 DN50 \u012fleidimo gijos 2 coli\u0173 adapter\u012f Camlock \u017earna \u0161iurk\u0161\u010diavilni\u0173 sriegis - IBC konteineri m&uuml;&uuml;k, vaadid, kraanid, mahutid\",\"isPartOf\":{\"@id\":\"https:\/\/www.ibc.ee\/lt\/#website\"},\"primaryImageOfPage\":{\"@id\":\"https:\/\/ibc.ee\/lt\/product\/adapter-fitting-2inch-dn50-inlet-thread-to-2inch-camlock-hose-coarse-thread-2\/#primaryimage\"},\"image\":{\"@id\":\"https:\/\/ibc.ee\/lt\/product\/adapter-fitting-2inch-dn50-inlet-thread-to-2inch-camlock-hose-coarse-thread-2\/#primaryimage\"},\"thumbnailUrl\":\"https:\/\/ibc.ee\/wp-content\/uploads\/2018\/04\/QX7NKEG-1.png\",\"datePublished\":\"2018-10-02T09:58:25+00:00\",\"breadcrumb\":{\"@id\":\"https:\/\/ibc.ee\/lt\/product\/adapter-fitting-2inch-dn50-inlet-thread-to-2inch-camlock-hose-coarse-thread-2\/#breadcrumb\"},\"inLanguage\":\"lt-LT\",\"potentialAction\":[{\"@type\":\"ReadAction\",\"target\":[\"https:\/\/ibc.ee\/lt\/product\/adapter-fitting-2inch-dn50-inlet-thread-to-2inch-camlock-hose-coarse-thread-2\/\"]}]},{\"@type\":\"ImageObject\",\"inLanguage\":\"lt-LT\",\"@id\":\"https:\/\/ibc.ee\/lt\/product\/adapter-fitting-2inch-dn50-inlet-thread-to-2inch-camlock-hose-coarse-thread-2\/#primaryimage\",\"url\":\"https:\/\/ibc.ee\/wp-content\/uploads\/2018\/04\/QX7NKEG-1.png\",\"contentUrl\":\"https:\/\/ibc.ee\/wp-content\/uploads\/2018\/04\/QX7NKEG-1.png\",\"width\":580,\"height\":580},{\"@type\":\"BreadcrumbList\",\"@id\":\"https:\/\/ibc.ee\/lt\/product\/adapter-fitting-2inch-dn50-inlet-thread-to-2inch-camlock-hose-coarse-thread-2\/#breadcrumb\",\"itemListElement\":[{\"@type\":\"ListItem\",\"position\":1,\"name\":\"\u0413\u043b\u0430\u0432\u043d\u0430\u044f \u0441\u0442\u0440\u0430\u043d\u0438\u0446\u0430\",\"item\":\"https:\/\/ibc.ee\/lt\/\"},{\"@type\":\"ListItem\",\"position\":2,\"name\":\"Parduotuv\u0117\",\"item\":\"https:\/\/ibc.ee\/lt\/shop\/\"},{\"@type\":\"ListItem\",\"position\":3,\"name\":\"2 coli\u0173 DN50 \u012fleidimo gijos 2 coli\u0173 adapter\u012f Camlock \u017earna \u0161iurk\u0161\u010diavilni\u0173 sriegis\"}]},{\"@type\":\"WebSite\",\"@id\":\"https:\/\/www.ibc.ee\/lt\/#website\",\"url\":\"https:\/\/www.ibc.ee\/lt\/\",\"name\":\"IBC konteineri m&uuml;&uuml;k, vaadid, kraanid, mahutid\",\"description\":\"IBC - Tank container valve, Adapters\\\\fittings, Intermediate bulk, container, Drums\/cans\",\"potentialAction\":[{\"@type\":\"SearchAction\",\"target\":{\"@type\":\"EntryPoint\",\"urlTemplate\":\"https:\/\/www.ibc.ee\/lt\/?s={search_term_string}\"},\"query-input\":{\"@type\":\"PropertyValueSpecification\",\"valueRequired\":true,\"valueName\":\"search_term_string\"}}],\"inLanguage\":\"lt-LT\"}]}<\/script>\n<!-- \/ Yoast SEO plugin. -->","yoast_head_json":{"title":"2 coli\u0173 DN50 \u012fleidimo gijos 2 coli\u0173 adapter\u012f Camlock \u017earna \u0161iurk\u0161\u010diavilni\u0173 sriegis - IBC konteineri m&uuml;&uuml;k, vaadid, kraanid, mahutid","robots":{"index":"index","follow":"follow","max-snippet":"max-snippet:-1","max-image-preview":"max-image-preview:large","max-video-preview":"max-video-preview:-1"},"canonical":"https:\/\/ibc.ee\/lt\/product\/adapter-fitting-2inch-dn50-inlet-thread-to-2inch-camlock-hose-coarse-thread-2\/","og_locale":"lt_LT","og_type":"article","og_title":"2 coli\u0173 DN50 \u012fleidimo gijos 2 coli\u0173 adapter\u012f Camlock \u017earna \u0161iurk\u0161\u010diavilni\u0173 sriegis - IBC konteineri m&uuml;&uuml;k, vaadid, kraanid, mahutid","og_description":"2 coli\u0173 DN50 \u012fleidimo gijos 2 coli\u0173 Camlock \u017earna 1000L IBC bakas plok\u0161t\u0117s montavimo \u0161iurk\u0161\u010di\u0173 si\u016bl\u0173","og_url":"https:\/\/ibc.ee\/lt\/product\/adapter-fitting-2inch-dn50-inlet-thread-to-2inch-camlock-hose-coarse-thread-2\/","og_site_name":"IBC konteineri m&uuml;&uuml;k, vaadid, kraanid, mahutid","og_image":[{"width":580,"height":580,"url":"https:\/\/ibc.ee\/wp-content\/uploads\/2018\/04\/QX7NKEG-1.png","type":"image\/png"}],"twitter_card":"summary_large_image","schema":{"@context":"https:\/\/schema.org","@graph":[{"@type":"WebPage","@id":"https:\/\/ibc.ee\/lt\/product\/adapter-fitting-2inch-dn50-inlet-thread-to-2inch-camlock-hose-coarse-thread-2\/","url":"https:\/\/ibc.ee\/lt\/product\/adapter-fitting-2inch-dn50-inlet-thread-to-2inch-camlock-hose-coarse-thread-2\/","name":"2 coli\u0173 DN50 \u012fleidimo gijos 2 coli\u0173 adapter\u012f Camlock \u017earna \u0161iurk\u0161\u010diavilni\u0173 sriegis - IBC konteineri m&uuml;&uuml;k, vaadid, kraanid, mahutid","isPartOf":{"@id":"https:\/\/www.ibc.ee\/lt\/#website"},"primaryImageOfPage":{"@id":"https:\/\/ibc.ee\/lt\/product\/adapter-fitting-2inch-dn50-inlet-thread-to-2inch-camlock-hose-coarse-thread-2\/#primaryimage"},"image":{"@id":"https:\/\/ibc.ee\/lt\/product\/adapter-fitting-2inch-dn50-inlet-thread-to-2inch-camlock-hose-coarse-thread-2\/#primaryimage"},"thumbnailUrl":"https:\/\/ibc.ee\/wp-content\/uploads\/2018\/04\/QX7NKEG-1.png","datePublished":"2018-10-02T09:58:25+00:00","breadcrumb":{"@id":"https:\/\/ibc.ee\/lt\/product\/adapter-fitting-2inch-dn50-inlet-thread-to-2inch-camlock-hose-coarse-thread-2\/#breadcrumb"},"inLanguage":"lt-LT","potentialAction":[{"@type":"ReadAction","target":["https:\/\/ibc.ee\/lt\/product\/adapter-fitting-2inch-dn50-inlet-thread-to-2inch-camlock-hose-coarse-thread-2\/"]}]},{"@type":"ImageObject","inLanguage":"lt-LT","@id":"https:\/\/ibc.ee\/lt\/product\/adapter-fitting-2inch-dn50-inlet-thread-to-2inch-camlock-hose-coarse-thread-2\/#primaryimage","url":"https:\/\/ibc.ee\/wp-content\/uploads\/2018\/04\/QX7NKEG-1.png","contentUrl":"https:\/\/ibc.ee\/wp-content\/uploads\/2018\/04\/QX7NKEG-1.png","width":580,"height":580},{"@type":"BreadcrumbList","@id":"https:\/\/ibc.ee\/lt\/product\/adapter-fitting-2inch-dn50-inlet-thread-to-2inch-camlock-hose-coarse-thread-2\/#breadcrumb","itemListElement":[{"@type":"ListItem","position":1,"name":"\u0413\u043b\u0430\u0432\u043d\u0430\u044f \u0441\u0442\u0440\u0430\u043d\u0438\u0446\u0430","item":"https:\/\/ibc.ee\/lt\/"},{"@type":"ListItem","position":2,"name":"Parduotuv\u0117","item":"https:\/\/ibc.ee\/lt\/shop\/"},{"@type":"ListItem","position":3,"name":"2 coli\u0173 DN50 \u012fleidimo gijos 2 coli\u0173 adapter\u012f Camlock \u017earna \u0161iurk\u0161\u010diavilni\u0173 sriegis"}]},{"@type":"WebSite","@id":"https:\/\/www.ibc.ee\/lt\/#website","url":"https:\/\/www.ibc.ee\/lt\/","name":"IBC konteineri m&uuml;&uuml;k, vaadid, kraanid, mahutid","description":"IBC - Tank container valve, Adapters\\fittings, Intermediate bulk, container, Drums\/cans","potentialAction":[{"@type":"SearchAction","target":{"@type":"EntryPoint","urlTemplate":"https:\/\/www.ibc.ee\/lt\/?s={search_term_string}"},"query-input":{"@type":"PropertyValueSpecification","valueRequired":true,"valueName":"search_term_string"}}],"inLanguage":"lt-LT"}]}},"_links":{"self":[{"href":"https:\/\/ibc.ee\/lt\/wp-json\/wp\/v2\/product\/17074","targetHints":{"allow":["GET"]}}],"collection":[{"href":"https:\/\/ibc.ee\/lt\/wp-json\/wp\/v2\/product"}],"about":[{"href":"https:\/\/ibc.ee\/lt\/wp-json\/wp\/v2\/types\/product"}],"wp:featuredmedia":[{"embeddable":true,"href":"https:\/\/ibc.ee\/lt\/wp-json\/wp\/v2\/media\/17075"}],"wp:attachment":[{"href":"https:\/\/ibc.ee\/lt\/wp-json\/wp\/v2\/media?parent=17074"}],"wp:term":[{"taxonomy":"product_brand","embeddable":true,"href":"https:\/\/ibc.ee\/lt\/wp-json\/wp\/v2\/product_brand?post=17074"},{"taxonomy":"product_cat","embeddable":true,"href":"https:\/\/ibc.ee\/lt\/wp-json\/wp\/v2\/product_cat?post=17074"},{"taxonomy":"product_tag","embeddable":true,"href":"https:\/\/ibc.ee\/lt\/wp-json\/wp\/v2\/product_tag?post=17074"}],"curies":[{"name":"wp","href":"https:\/\/api.w.org\/{rel}","templated":true}]}}