{"id":17082,"date":"2018-04-28T09:58:39","date_gmt":"2018-10-02T09:58:31","guid":{"rendered":"https:\/\/ibc.ee\/product\/adapteris-3-dn100-110mm-rupi-gijos-2-dn50\/"},"modified":"2019-05-23T10:30:08","modified_gmt":"2019-05-23T08:30:08","slug":"adapter-3-dn100-110mm-coarse-thread-to-2-dn50","status":"publish","type":"product","link":"https:\/\/ibc.ee\/lt\/product\/adapter-3-dn100-110mm-coarse-thread-to-2-dn50\/","title":{"rendered":"Adapteris 3 &#8222;S100X8 (100mm) \u0161iurk\u0161\u010diavilni\u0173 si\u016blai moter\u0173 2&#8221; S60X6 vyr\u0173 \u0161iurk\u0161\u010diavilni\u0173 si\u016bl\u0173"},"content":{"rendered":"<p>3 &#8222;S100x8 (100mm) \u0161iurk\u0161\u010diavilni\u0173 si\u016bl\u0173 2&#8221; S60x6 sriegis IBC bako adapteris. \u0160is sujungimas yra skirtas suma\u017einti i\u0161 vo\u017etuvas 3 &#8216; &#8216; &#8216; S100x8 Moteri\u0161ka sriegis \u012f S60x6 vyri\u0161kas sriegis. J\u016bs\u0173 gali naudoti, jei turite 3 &#8216; &#8216; IBC vo\u017etuvas ir nessesary prid\u0117ti kai adapteriai 2 &#8216; &#8216; arba kai sodai movomis.<\/p>\n","protected":false},"excerpt":{"rendered":"<p>3 &#8222;S100x8 (100mm) \u0161iurk\u0161\u010diavilni\u0173 si\u016bl\u0173 2&#8221; S60x6 sriegis IBC bako adapteris. \u0160is sujungimas yra skirtas suma\u017einti i\u0161 vo\u017etuvas 3 &#8216; &#8216; &#8216; S100x8 Moteri\u0161ka sriegis \u012f S60x6 vyri\u0161kas sriegis. J\u016bs\u0173 gali naudoti, jei turite 3 &#8216; &#8216; IBC vo\u017etuvas ir nessesary prid\u0117ti kai adapteriai 2 &#8216; &#8216; arba kai sodai movomis.<\/p>\n","protected":false},"featured_media":17083,"template":"","meta":[],"product_brand":[],"product_cat":[324],"product_tag":[],"class_list":{"0":"post-17082","1":"product","2":"type-product","3":"status-publish","4":"has-post-thumbnail","6":"product_cat-adapteriai-ir-jungtys-ibc-konteineris","7":"product_shipping_class-omniva-lt","9":"first","10":"instock","11":"taxable","12":"shipping-taxable","13":"purchasable","14":"product-type-simple"},"yoast_head":"<!-- This site is optimized with the Yoast SEO plugin v26.9 - https:\/\/yoast.com\/product\/yoast-seo-wordpress\/ -->\n<title>Adapteris 3 &quot;S100X8 (100mm) \u0161iurk\u0161\u010diavilni\u0173 si\u016blai moter\u0173 2&quot; S60X6 vyr\u0173 \u0161iurk\u0161\u010diavilni\u0173 si\u016bl\u0173 - IBC konteineri m&uuml;&uuml;k, vaadid, kraanid, mahutid<\/title>\n<meta name=\"robots\" content=\"index, follow, max-snippet:-1, max-image-preview:large, max-video-preview:-1\" \/>\n<link rel=\"canonical\" href=\"https:\/\/ibc.ee\/lt\/product\/adapter-3-dn100-110mm-coarse-thread-to-2-dn50\/\" \/>\n<meta property=\"og:locale\" content=\"lt_LT\" \/>\n<meta property=\"og:type\" content=\"article\" \/>\n<meta property=\"og:title\" content=\"Adapteris 3 &quot;S100X8 (100mm) \u0161iurk\u0161\u010diavilni\u0173 si\u016blai moter\u0173 2&quot; S60X6 vyr\u0173 \u0161iurk\u0161\u010diavilni\u0173 si\u016bl\u0173 - IBC konteineri m&uuml;&uuml;k, vaadid, kraanid, mahutid\" \/>\n<meta property=\"og:description\" content=\"3 &#8222;S100x8 (100mm) \u0161iurk\u0161\u010diavilni\u0173 si\u016bl\u0173 2&#8221; S60x6 sriegis IBC bako adapteris. \u0160is sujungimas yra skirtas suma\u017einti i\u0161 vo\u017etuvas 3 &#8216; &#8216; &#8216; S100x8 Moteri\u0161ka sriegis \u012f S60x6 vyri\u0161kas sriegis. J\u016bs\u0173 gali naudoti, jei turite 3 &#8216; &#8216; IBC vo\u017etuvas ir nessesary prid\u0117ti kai adapteriai 2 &#8216; &#8216; arba kai sodai movomis.\" \/>\n<meta property=\"og:url\" content=\"https:\/\/ibc.ee\/lt\/product\/adapter-3-dn100-110mm-coarse-thread-to-2-dn50\/\" \/>\n<meta property=\"og:site_name\" content=\"IBC konteineri m&uuml;&uuml;k, vaadid, kraanid, mahutid\" \/>\n<meta property=\"article:modified_time\" content=\"2019-05-23T08:30:08+00:00\" \/>\n<meta property=\"og:image\" content=\"https:\/\/ibc.ee\/wp-content\/uploads\/2018\/04\/LGPLu4K-1.png\" \/>\n\t<meta property=\"og:image:width\" content=\"676\" \/>\n\t<meta property=\"og:image:height\" content=\"676\" \/>\n\t<meta property=\"og:image:type\" content=\"image\/png\" \/>\n<meta name=\"twitter:card\" content=\"summary_large_image\" \/>\n<script type=\"application\/ld+json\" class=\"yoast-schema-graph\">{\"@context\":\"https:\/\/schema.org\",\"@graph\":[{\"@type\":\"WebPage\",\"@id\":\"https:\/\/ibc.ee\/lt\/product\/adapter-3-dn100-110mm-coarse-thread-to-2-dn50\/\",\"url\":\"https:\/\/ibc.ee\/lt\/product\/adapter-3-dn100-110mm-coarse-thread-to-2-dn50\/\",\"name\":\"Adapteris 3 \\\"S100X8 (100mm) \u0161iurk\u0161\u010diavilni\u0173 si\u016blai moter\u0173 2\\\" S60X6 vyr\u0173 \u0161iurk\u0161\u010diavilni\u0173 si\u016bl\u0173 - IBC konteineri m&uuml;&uuml;k, vaadid, kraanid, mahutid\",\"isPartOf\":{\"@id\":\"https:\/\/www.ibc.ee\/lt\/#website\"},\"primaryImageOfPage\":{\"@id\":\"https:\/\/ibc.ee\/lt\/product\/adapter-3-dn100-110mm-coarse-thread-to-2-dn50\/#primaryimage\"},\"image\":{\"@id\":\"https:\/\/ibc.ee\/lt\/product\/adapter-3-dn100-110mm-coarse-thread-to-2-dn50\/#primaryimage\"},\"thumbnailUrl\":\"https:\/\/ibc.ee\/wp-content\/uploads\/2018\/04\/LGPLu4K-1.png\",\"datePublished\":\"2018-10-02T09:58:31+00:00\",\"dateModified\":\"2019-05-23T08:30:08+00:00\",\"breadcrumb\":{\"@id\":\"https:\/\/ibc.ee\/lt\/product\/adapter-3-dn100-110mm-coarse-thread-to-2-dn50\/#breadcrumb\"},\"inLanguage\":\"lt-LT\",\"potentialAction\":[{\"@type\":\"ReadAction\",\"target\":[\"https:\/\/ibc.ee\/lt\/product\/adapter-3-dn100-110mm-coarse-thread-to-2-dn50\/\"]}]},{\"@type\":\"ImageObject\",\"inLanguage\":\"lt-LT\",\"@id\":\"https:\/\/ibc.ee\/lt\/product\/adapter-3-dn100-110mm-coarse-thread-to-2-dn50\/#primaryimage\",\"url\":\"https:\/\/ibc.ee\/wp-content\/uploads\/2018\/04\/LGPLu4K-1.png\",\"contentUrl\":\"https:\/\/ibc.ee\/wp-content\/uploads\/2018\/04\/LGPLu4K-1.png\",\"width\":676,\"height\":676,\"caption\":\"Adapteris 3\\\" DN100 (110mm) rupi gijos 2\\\" DN50\"},{\"@type\":\"BreadcrumbList\",\"@id\":\"https:\/\/ibc.ee\/lt\/product\/adapter-3-dn100-110mm-coarse-thread-to-2-dn50\/#breadcrumb\",\"itemListElement\":[{\"@type\":\"ListItem\",\"position\":1,\"name\":\"\u0413\u043b\u0430\u0432\u043d\u0430\u044f \u0441\u0442\u0440\u0430\u043d\u0438\u0446\u0430\",\"item\":\"https:\/\/ibc.ee\/lt\/\"},{\"@type\":\"ListItem\",\"position\":2,\"name\":\"Parduotuv\u0117\",\"item\":\"https:\/\/ibc.ee\/lt\/shop\/\"},{\"@type\":\"ListItem\",\"position\":3,\"name\":\"Adapteris 3 &#8222;S100X8 (100mm) \u0161iurk\u0161\u010diavilni\u0173 si\u016blai moter\u0173 2&#8221; S60X6 vyr\u0173 \u0161iurk\u0161\u010diavilni\u0173 si\u016bl\u0173\"}]},{\"@type\":\"WebSite\",\"@id\":\"https:\/\/www.ibc.ee\/lt\/#website\",\"url\":\"https:\/\/www.ibc.ee\/lt\/\",\"name\":\"IBC konteineri m&uuml;&uuml;k, vaadid, kraanid, mahutid\",\"description\":\"IBC - Tank container valve, Adapters\\\\fittings, Intermediate bulk, container, Drums\/cans\",\"potentialAction\":[{\"@type\":\"SearchAction\",\"target\":{\"@type\":\"EntryPoint\",\"urlTemplate\":\"https:\/\/www.ibc.ee\/lt\/?s={search_term_string}\"},\"query-input\":{\"@type\":\"PropertyValueSpecification\",\"valueRequired\":true,\"valueName\":\"search_term_string\"}}],\"inLanguage\":\"lt-LT\"}]}<\/script>\n<!-- \/ Yoast SEO plugin. -->","yoast_head_json":{"title":"Adapteris 3 \"S100X8 (100mm) \u0161iurk\u0161\u010diavilni\u0173 si\u016blai moter\u0173 2\" S60X6 vyr\u0173 \u0161iurk\u0161\u010diavilni\u0173 si\u016bl\u0173 - IBC konteineri m&uuml;&uuml;k, vaadid, kraanid, mahutid","robots":{"index":"index","follow":"follow","max-snippet":"max-snippet:-1","max-image-preview":"max-image-preview:large","max-video-preview":"max-video-preview:-1"},"canonical":"https:\/\/ibc.ee\/lt\/product\/adapter-3-dn100-110mm-coarse-thread-to-2-dn50\/","og_locale":"lt_LT","og_type":"article","og_title":"Adapteris 3 \"S100X8 (100mm) \u0161iurk\u0161\u010diavilni\u0173 si\u016blai moter\u0173 2\" S60X6 vyr\u0173 \u0161iurk\u0161\u010diavilni\u0173 si\u016bl\u0173 - IBC konteineri m&uuml;&uuml;k, vaadid, kraanid, mahutid","og_description":"3 &#8222;S100x8 (100mm) \u0161iurk\u0161\u010diavilni\u0173 si\u016bl\u0173 2&#8221; S60x6 sriegis IBC bako adapteris. \u0160is sujungimas yra skirtas suma\u017einti i\u0161 vo\u017etuvas 3 &#8216; &#8216; &#8216; S100x8 Moteri\u0161ka sriegis \u012f S60x6 vyri\u0161kas sriegis. J\u016bs\u0173 gali naudoti, jei turite 3 &#8216; &#8216; IBC vo\u017etuvas ir nessesary prid\u0117ti kai adapteriai 2 &#8216; &#8216; arba kai sodai movomis.","og_url":"https:\/\/ibc.ee\/lt\/product\/adapter-3-dn100-110mm-coarse-thread-to-2-dn50\/","og_site_name":"IBC konteineri m&uuml;&uuml;k, vaadid, kraanid, mahutid","article_modified_time":"2019-05-23T08:30:08+00:00","og_image":[{"width":676,"height":676,"url":"https:\/\/ibc.ee\/wp-content\/uploads\/2018\/04\/LGPLu4K-1.png","type":"image\/png"}],"twitter_card":"summary_large_image","schema":{"@context":"https:\/\/schema.org","@graph":[{"@type":"WebPage","@id":"https:\/\/ibc.ee\/lt\/product\/adapter-3-dn100-110mm-coarse-thread-to-2-dn50\/","url":"https:\/\/ibc.ee\/lt\/product\/adapter-3-dn100-110mm-coarse-thread-to-2-dn50\/","name":"Adapteris 3 \"S100X8 (100mm) \u0161iurk\u0161\u010diavilni\u0173 si\u016blai moter\u0173 2\" S60X6 vyr\u0173 \u0161iurk\u0161\u010diavilni\u0173 si\u016bl\u0173 - IBC konteineri m&uuml;&uuml;k, vaadid, kraanid, mahutid","isPartOf":{"@id":"https:\/\/www.ibc.ee\/lt\/#website"},"primaryImageOfPage":{"@id":"https:\/\/ibc.ee\/lt\/product\/adapter-3-dn100-110mm-coarse-thread-to-2-dn50\/#primaryimage"},"image":{"@id":"https:\/\/ibc.ee\/lt\/product\/adapter-3-dn100-110mm-coarse-thread-to-2-dn50\/#primaryimage"},"thumbnailUrl":"https:\/\/ibc.ee\/wp-content\/uploads\/2018\/04\/LGPLu4K-1.png","datePublished":"2018-10-02T09:58:31+00:00","dateModified":"2019-05-23T08:30:08+00:00","breadcrumb":{"@id":"https:\/\/ibc.ee\/lt\/product\/adapter-3-dn100-110mm-coarse-thread-to-2-dn50\/#breadcrumb"},"inLanguage":"lt-LT","potentialAction":[{"@type":"ReadAction","target":["https:\/\/ibc.ee\/lt\/product\/adapter-3-dn100-110mm-coarse-thread-to-2-dn50\/"]}]},{"@type":"ImageObject","inLanguage":"lt-LT","@id":"https:\/\/ibc.ee\/lt\/product\/adapter-3-dn100-110mm-coarse-thread-to-2-dn50\/#primaryimage","url":"https:\/\/ibc.ee\/wp-content\/uploads\/2018\/04\/LGPLu4K-1.png","contentUrl":"https:\/\/ibc.ee\/wp-content\/uploads\/2018\/04\/LGPLu4K-1.png","width":676,"height":676,"caption":"Adapteris 3\" DN100 (110mm) rupi gijos 2\" DN50"},{"@type":"BreadcrumbList","@id":"https:\/\/ibc.ee\/lt\/product\/adapter-3-dn100-110mm-coarse-thread-to-2-dn50\/#breadcrumb","itemListElement":[{"@type":"ListItem","position":1,"name":"\u0413\u043b\u0430\u0432\u043d\u0430\u044f \u0441\u0442\u0440\u0430\u043d\u0438\u0446\u0430","item":"https:\/\/ibc.ee\/lt\/"},{"@type":"ListItem","position":2,"name":"Parduotuv\u0117","item":"https:\/\/ibc.ee\/lt\/shop\/"},{"@type":"ListItem","position":3,"name":"Adapteris 3 &#8222;S100X8 (100mm) \u0161iurk\u0161\u010diavilni\u0173 si\u016blai moter\u0173 2&#8221; S60X6 vyr\u0173 \u0161iurk\u0161\u010diavilni\u0173 si\u016bl\u0173"}]},{"@type":"WebSite","@id":"https:\/\/www.ibc.ee\/lt\/#website","url":"https:\/\/www.ibc.ee\/lt\/","name":"IBC konteineri m&uuml;&uuml;k, vaadid, kraanid, mahutid","description":"IBC - Tank container valve, Adapters\\fittings, Intermediate bulk, container, Drums\/cans","potentialAction":[{"@type":"SearchAction","target":{"@type":"EntryPoint","urlTemplate":"https:\/\/www.ibc.ee\/lt\/?s={search_term_string}"},"query-input":{"@type":"PropertyValueSpecification","valueRequired":true,"valueName":"search_term_string"}}],"inLanguage":"lt-LT"}]}},"_links":{"self":[{"href":"https:\/\/ibc.ee\/lt\/wp-json\/wp\/v2\/product\/17082","targetHints":{"allow":["GET"]}}],"collection":[{"href":"https:\/\/ibc.ee\/lt\/wp-json\/wp\/v2\/product"}],"about":[{"href":"https:\/\/ibc.ee\/lt\/wp-json\/wp\/v2\/types\/product"}],"wp:featuredmedia":[{"embeddable":true,"href":"https:\/\/ibc.ee\/lt\/wp-json\/wp\/v2\/media\/17083"}],"wp:attachment":[{"href":"https:\/\/ibc.ee\/lt\/wp-json\/wp\/v2\/media?parent=17082"}],"wp:term":[{"taxonomy":"product_brand","embeddable":true,"href":"https:\/\/ibc.ee\/lt\/wp-json\/wp\/v2\/product_brand?post=17082"},{"taxonomy":"product_cat","embeddable":true,"href":"https:\/\/ibc.ee\/lt\/wp-json\/wp\/v2\/product_cat?post=17082"},{"taxonomy":"product_tag","embeddable":true,"href":"https:\/\/ibc.ee\/lt\/wp-json\/wp\/v2\/product_tag?post=17082"}],"curies":[{"name":"wp","href":"https:\/\/api.w.org\/{rel}","templated":true}]}}