{"id":17597,"date":"2019-05-02T16:05:56","date_gmt":"2019-05-02T14:05:56","guid":{"rendered":"https:\/\/ibc.ee\/product\/adapter-3-s100x8-100-mm-female-to-2-bsp-npt-female\/"},"modified":"2020-01-11T17:27:49","modified_gmt":"2020-01-11T15:27:49","slug":"adapter-3-s100x8-100-mm-female-to-2-bsp-npt-female","status":"publish","type":"product","link":"https:\/\/ibc.ee\/lt\/product\/adapter-3-s100x8-100-mm-female-to-2-bsp-npt-female\/","title":{"rendered":"P\u0101reja (adapteris) ar v\u012btni 3 collas S100X8 (100mm) uz iek\u0161\u0113jo v\u012btni 2 collas (50mm)"},"content":{"rendered":"<p>Use this adapter if your IBC has a big valve with thread S100X8. This valve name is IBC tank container valve 3inch 100mm (DN80) Butterfly thread S100x8. And can find this valve in our shop also. From another side black adapter NPT \/ BST male thread 2 inches.<\/p>\n","protected":false},"excerpt":{"rendered":"<p>Use this adapter if your IBC has a big valve with thread S100X8. This valve name is IBC tank container valve 3inch 100mm (DN80) Butterfly thread S100x8. And can find this valve in our shop also. From another side black adapter NPT \/ BST male thread 2 inches.<\/p>\n","protected":false},"featured_media":17592,"template":"","meta":[],"product_brand":[],"product_cat":[324],"product_tag":[],"class_list":{"0":"post-17597","1":"product","2":"type-product","3":"status-publish","4":"has-post-thumbnail","6":"product_cat-adapteriai-ir-jungtys-ibc-konteineris","7":"product_shipping_class-omniva-lt","9":"first","10":"onbackorder","11":"taxable","12":"shipping-taxable","13":"purchasable","14":"product-type-simple"},"yoast_head":"<!-- This site is optimized with the Yoast SEO plugin v26.9 - https:\/\/yoast.com\/product\/yoast-seo-wordpress\/ -->\n<title>P\u0101reja (adapteris) ar v\u012btni 3 collas S100X8 (100mm) uz iek\u0161\u0113jo v\u012btni 2 collas (50mm) - IBC konteineri m&uuml;&uuml;k, vaadid, kraanid, mahutid<\/title>\n<meta name=\"description\" content=\"Adapter 3&quot; S100X8 (100 mm) female to 2&quot; BSP\/NPT female. This valve name is IBC tank container valve 3inch 100mm (DN80) Butterfly thread S100x8. And can find this valve in our shop also.\" \/>\n<meta name=\"robots\" content=\"index, follow, max-snippet:-1, max-image-preview:large, max-video-preview:-1\" \/>\n<link rel=\"canonical\" href=\"https:\/\/ibc.ee\/lt\/product\/adapter-3-s100x8-100-mm-female-to-2-bsp-npt-female\/\" \/>\n<meta property=\"og:locale\" content=\"lt_LT\" \/>\n<meta property=\"og:type\" content=\"article\" \/>\n<meta property=\"og:title\" content=\"P\u0101reja (adapteris) ar v\u012btni 3 collas S100X8 (100mm) uz iek\u0161\u0113jo v\u012btni 2 collas (50mm) - IBC konteineri m&uuml;&uuml;k, vaadid, kraanid, mahutid\" \/>\n<meta property=\"og:description\" content=\"Adapter 3&quot; S100X8 (100 mm) female to 2&quot; BSP\/NPT female. This valve name is IBC tank container valve 3inch 100mm (DN80) Butterfly thread S100x8. And can find this valve in our shop also.\" \/>\n<meta property=\"og:url\" content=\"https:\/\/ibc.ee\/lt\/product\/adapter-3-s100x8-100-mm-female-to-2-bsp-npt-female\/\" \/>\n<meta property=\"og:site_name\" content=\"IBC konteineri m&uuml;&uuml;k, vaadid, kraanid, mahutid\" \/>\n<meta property=\"article:modified_time\" content=\"2020-01-11T15:27:49+00:00\" \/>\n<meta property=\"og:image\" content=\"https:\/\/ibc.ee\/wp-content\/uploads\/2019\/05\/P1019811.jpg\" \/>\n\t<meta property=\"og:image:width\" content=\"1000\" \/>\n\t<meta property=\"og:image:height\" content=\"628\" \/>\n\t<meta property=\"og:image:type\" content=\"image\/jpeg\" \/>\n<meta name=\"twitter:card\" content=\"summary_large_image\" \/>\n<script type=\"application\/ld+json\" class=\"yoast-schema-graph\">{\"@context\":\"https:\/\/schema.org\",\"@graph\":[{\"@type\":\"WebPage\",\"@id\":\"https:\/\/ibc.ee\/lt\/product\/adapter-3-s100x8-100-mm-female-to-2-bsp-npt-female\/\",\"url\":\"https:\/\/ibc.ee\/lt\/product\/adapter-3-s100x8-100-mm-female-to-2-bsp-npt-female\/\",\"name\":\"P\u0101reja (adapteris) ar v\u012btni 3 collas S100X8 (100mm) uz iek\u0161\u0113jo v\u012btni 2 collas (50mm) - IBC konteineri m&uuml;&uuml;k, vaadid, kraanid, mahutid\",\"isPartOf\":{\"@id\":\"https:\/\/www.ibc.ee\/lt\/#website\"},\"primaryImageOfPage\":{\"@id\":\"https:\/\/ibc.ee\/lt\/product\/adapter-3-s100x8-100-mm-female-to-2-bsp-npt-female\/#primaryimage\"},\"image\":{\"@id\":\"https:\/\/ibc.ee\/lt\/product\/adapter-3-s100x8-100-mm-female-to-2-bsp-npt-female\/#primaryimage\"},\"thumbnailUrl\":\"https:\/\/ibc.ee\/wp-content\/uploads\/2019\/05\/P1019811.jpg\",\"datePublished\":\"2019-05-02T14:05:56+00:00\",\"dateModified\":\"2020-01-11T15:27:49+00:00\",\"description\":\"Adapter 3\\\" S100X8 (100 mm) female to 2\\\" BSP\/NPT female. This valve name is IBC tank container valve 3inch 100mm (DN80) Butterfly thread S100x8. And can find this valve in our shop also.\",\"breadcrumb\":{\"@id\":\"https:\/\/ibc.ee\/lt\/product\/adapter-3-s100x8-100-mm-female-to-2-bsp-npt-female\/#breadcrumb\"},\"inLanguage\":\"lt-LT\",\"potentialAction\":[{\"@type\":\"ReadAction\",\"target\":[\"https:\/\/ibc.ee\/lt\/product\/adapter-3-s100x8-100-mm-female-to-2-bsp-npt-female\/\"]}]},{\"@type\":\"ImageObject\",\"inLanguage\":\"lt-LT\",\"@id\":\"https:\/\/ibc.ee\/lt\/product\/adapter-3-s100x8-100-mm-female-to-2-bsp-npt-female\/#primaryimage\",\"url\":\"https:\/\/ibc.ee\/wp-content\/uploads\/2019\/05\/P1019811.jpg\",\"contentUrl\":\"https:\/\/ibc.ee\/wp-content\/uploads\/2019\/05\/P1019811.jpg\",\"width\":1000,\"height\":628,\"caption\":\"Adapter 3\\\" S100X8 (100 mm) female to 2\\\" BSP\/NPT female\"},{\"@type\":\"BreadcrumbList\",\"@id\":\"https:\/\/ibc.ee\/lt\/product\/adapter-3-s100x8-100-mm-female-to-2-bsp-npt-female\/#breadcrumb\",\"itemListElement\":[{\"@type\":\"ListItem\",\"position\":1,\"name\":\"\u0413\u043b\u0430\u0432\u043d\u0430\u044f \u0441\u0442\u0440\u0430\u043d\u0438\u0446\u0430\",\"item\":\"https:\/\/ibc.ee\/lt\/\"},{\"@type\":\"ListItem\",\"position\":2,\"name\":\"Parduotuv\u0117\",\"item\":\"https:\/\/ibc.ee\/lt\/shop\/\"},{\"@type\":\"ListItem\",\"position\":3,\"name\":\"P\u0101reja (adapteris) ar v\u012btni 3 collas S100X8 (100mm) uz iek\u0161\u0113jo v\u012btni 2 collas (50mm)\"}]},{\"@type\":\"WebSite\",\"@id\":\"https:\/\/www.ibc.ee\/lt\/#website\",\"url\":\"https:\/\/www.ibc.ee\/lt\/\",\"name\":\"IBC konteineri m&uuml;&uuml;k, vaadid, kraanid, mahutid\",\"description\":\"IBC - Tank container valve, Adapters\\\\fittings, Intermediate bulk, container, Drums\/cans\",\"potentialAction\":[{\"@type\":\"SearchAction\",\"target\":{\"@type\":\"EntryPoint\",\"urlTemplate\":\"https:\/\/www.ibc.ee\/lt\/?s={search_term_string}\"},\"query-input\":{\"@type\":\"PropertyValueSpecification\",\"valueRequired\":true,\"valueName\":\"search_term_string\"}}],\"inLanguage\":\"lt-LT\"}]}<\/script>\n<!-- \/ Yoast SEO plugin. -->","yoast_head_json":{"title":"P\u0101reja (adapteris) ar v\u012btni 3 collas S100X8 (100mm) uz iek\u0161\u0113jo v\u012btni 2 collas (50mm) - IBC konteineri m&uuml;&uuml;k, vaadid, kraanid, mahutid","description":"Adapter 3\" S100X8 (100 mm) female to 2\" BSP\/NPT female. This valve name is IBC tank container valve 3inch 100mm (DN80) Butterfly thread S100x8. And can find this valve in our shop also.","robots":{"index":"index","follow":"follow","max-snippet":"max-snippet:-1","max-image-preview":"max-image-preview:large","max-video-preview":"max-video-preview:-1"},"canonical":"https:\/\/ibc.ee\/lt\/product\/adapter-3-s100x8-100-mm-female-to-2-bsp-npt-female\/","og_locale":"lt_LT","og_type":"article","og_title":"P\u0101reja (adapteris) ar v\u012btni 3 collas S100X8 (100mm) uz iek\u0161\u0113jo v\u012btni 2 collas (50mm) - IBC konteineri m&uuml;&uuml;k, vaadid, kraanid, mahutid","og_description":"Adapter 3\" S100X8 (100 mm) female to 2\" BSP\/NPT female. This valve name is IBC tank container valve 3inch 100mm (DN80) Butterfly thread S100x8. And can find this valve in our shop also.","og_url":"https:\/\/ibc.ee\/lt\/product\/adapter-3-s100x8-100-mm-female-to-2-bsp-npt-female\/","og_site_name":"IBC konteineri m&uuml;&uuml;k, vaadid, kraanid, mahutid","article_modified_time":"2020-01-11T15:27:49+00:00","og_image":[{"width":1000,"height":628,"url":"https:\/\/ibc.ee\/wp-content\/uploads\/2019\/05\/P1019811.jpg","type":"image\/jpeg"}],"twitter_card":"summary_large_image","schema":{"@context":"https:\/\/schema.org","@graph":[{"@type":"WebPage","@id":"https:\/\/ibc.ee\/lt\/product\/adapter-3-s100x8-100-mm-female-to-2-bsp-npt-female\/","url":"https:\/\/ibc.ee\/lt\/product\/adapter-3-s100x8-100-mm-female-to-2-bsp-npt-female\/","name":"P\u0101reja (adapteris) ar v\u012btni 3 collas S100X8 (100mm) uz iek\u0161\u0113jo v\u012btni 2 collas (50mm) - IBC konteineri m&uuml;&uuml;k, vaadid, kraanid, mahutid","isPartOf":{"@id":"https:\/\/www.ibc.ee\/lt\/#website"},"primaryImageOfPage":{"@id":"https:\/\/ibc.ee\/lt\/product\/adapter-3-s100x8-100-mm-female-to-2-bsp-npt-female\/#primaryimage"},"image":{"@id":"https:\/\/ibc.ee\/lt\/product\/adapter-3-s100x8-100-mm-female-to-2-bsp-npt-female\/#primaryimage"},"thumbnailUrl":"https:\/\/ibc.ee\/wp-content\/uploads\/2019\/05\/P1019811.jpg","datePublished":"2019-05-02T14:05:56+00:00","dateModified":"2020-01-11T15:27:49+00:00","description":"Adapter 3\" S100X8 (100 mm) female to 2\" BSP\/NPT female. This valve name is IBC tank container valve 3inch 100mm (DN80) Butterfly thread S100x8. And can find this valve in our shop also.","breadcrumb":{"@id":"https:\/\/ibc.ee\/lt\/product\/adapter-3-s100x8-100-mm-female-to-2-bsp-npt-female\/#breadcrumb"},"inLanguage":"lt-LT","potentialAction":[{"@type":"ReadAction","target":["https:\/\/ibc.ee\/lt\/product\/adapter-3-s100x8-100-mm-female-to-2-bsp-npt-female\/"]}]},{"@type":"ImageObject","inLanguage":"lt-LT","@id":"https:\/\/ibc.ee\/lt\/product\/adapter-3-s100x8-100-mm-female-to-2-bsp-npt-female\/#primaryimage","url":"https:\/\/ibc.ee\/wp-content\/uploads\/2019\/05\/P1019811.jpg","contentUrl":"https:\/\/ibc.ee\/wp-content\/uploads\/2019\/05\/P1019811.jpg","width":1000,"height":628,"caption":"Adapter 3\" S100X8 (100 mm) female to 2\" BSP\/NPT female"},{"@type":"BreadcrumbList","@id":"https:\/\/ibc.ee\/lt\/product\/adapter-3-s100x8-100-mm-female-to-2-bsp-npt-female\/#breadcrumb","itemListElement":[{"@type":"ListItem","position":1,"name":"\u0413\u043b\u0430\u0432\u043d\u0430\u044f \u0441\u0442\u0440\u0430\u043d\u0438\u0446\u0430","item":"https:\/\/ibc.ee\/lt\/"},{"@type":"ListItem","position":2,"name":"Parduotuv\u0117","item":"https:\/\/ibc.ee\/lt\/shop\/"},{"@type":"ListItem","position":3,"name":"P\u0101reja (adapteris) ar v\u012btni 3 collas S100X8 (100mm) uz iek\u0161\u0113jo v\u012btni 2 collas (50mm)"}]},{"@type":"WebSite","@id":"https:\/\/www.ibc.ee\/lt\/#website","url":"https:\/\/www.ibc.ee\/lt\/","name":"IBC konteineri m&uuml;&uuml;k, vaadid, kraanid, mahutid","description":"IBC - Tank container valve, Adapters\\fittings, Intermediate bulk, container, Drums\/cans","potentialAction":[{"@type":"SearchAction","target":{"@type":"EntryPoint","urlTemplate":"https:\/\/www.ibc.ee\/lt\/?s={search_term_string}"},"query-input":{"@type":"PropertyValueSpecification","valueRequired":true,"valueName":"search_term_string"}}],"inLanguage":"lt-LT"}]}},"_links":{"self":[{"href":"https:\/\/ibc.ee\/lt\/wp-json\/wp\/v2\/product\/17597","targetHints":{"allow":["GET"]}}],"collection":[{"href":"https:\/\/ibc.ee\/lt\/wp-json\/wp\/v2\/product"}],"about":[{"href":"https:\/\/ibc.ee\/lt\/wp-json\/wp\/v2\/types\/product"}],"wp:featuredmedia":[{"embeddable":true,"href":"https:\/\/ibc.ee\/lt\/wp-json\/wp\/v2\/media\/17592"}],"wp:attachment":[{"href":"https:\/\/ibc.ee\/lt\/wp-json\/wp\/v2\/media?parent=17597"}],"wp:term":[{"taxonomy":"product_brand","embeddable":true,"href":"https:\/\/ibc.ee\/lt\/wp-json\/wp\/v2\/product_brand?post=17597"},{"taxonomy":"product_cat","embeddable":true,"href":"https:\/\/ibc.ee\/lt\/wp-json\/wp\/v2\/product_cat?post=17597"},{"taxonomy":"product_tag","embeddable":true,"href":"https:\/\/ibc.ee\/lt\/wp-json\/wp\/v2\/product_tag?post=17597"}],"curies":[{"name":"wp","href":"https:\/\/api.w.org\/{rel}","templated":true}]}}