{"id":17758,"date":"2019-05-13T11:47:02","date_gmt":"2019-05-13T09:54:14","guid":{"rendered":"https:\/\/ibc.ee\/product\/adapteris-skirtas-ibc-konteineriui-2-su-voztuvu-3-%e2%81%84-4-vamzdziams-tap-sodas\/"},"modified":"2019-05-13T11:54:14","modified_gmt":"2019-05-13T09:54:14","slug":"adapteris-for-ibc-konteineris-2-su-voztuvu-3-%e2%81%84-4-vamzdziu-ciaupo-sodas","status":"publish","type":"product","link":"https:\/\/ibc.ee\/lt\/product\/adapteris-for-ibc-konteineris-2-su-voztuvu-3-%e2%81%84-4-vamzdziu-ciaupo-sodas\/","title":{"rendered":"Adapteris, skirtas IBC konteineriui 2 &#8222;su vo\u017etuvu 3 \u2044 4&#8221; vamzd\u017eiams TAP sodas"},"content":{"rendered":"<p>S60X6 moteris 3 \u2044 4 &#8216; &#8216; vo\u017etuvas vamzd\u017ei\u0173 bakstel\u0117kite sodas 1 &#8216; m\u016bs\u0173 parduotuv\u0117 pasi\u016blyti \u0161\u012f adapter\u012f \u012f connectwater konteineris greitai prijungti sistem\u0105 vamzd\u017ei\u0173 bakstel\u0117kite sodas. \u012e IBC konteinerio pus\u0117je adapteris turi S60X6 sriegis, 3 \u2044 4 &#8216; &#8216; &#8216; vo\u017etuvas ir kitos \u0161onin\u0117s-sodo \u017earna greitai prisijungti vamzd\u017ei\u0173 bakstel\u0117kite.<\/p>\n","protected":false},"excerpt":{"rendered":"<p>S60X6 moteris 3 \u2044 4 &#8216; &#8216; vo\u017etuvas vamzd\u017ei\u0173 bakstel\u0117kite sodas 1 &#8216; m\u016bs\u0173 parduotuv\u0117 pasi\u016blyti \u0161\u012f adapter\u012f \u012f connectwater konteineris greitai prijungti sistem\u0105 vamzd\u017ei\u0173 bakstel\u0117kite sodas. \u012e IBC konteinerio pus\u0117je adapteris turi S60X6 sriegis, 3 \u2044 4 &#8216; &#8216; &#8216; vo\u017etuvas ir kitos \u0161onin\u0117s-sodo \u017earna greitai prisijungti vamzd\u017ei\u0173 bakstel\u0117kite.<\/p>\n","protected":false},"featured_media":17753,"template":"","meta":[],"product_brand":[],"product_cat":[324,322],"product_tag":[],"class_list":{"0":"post-17758","1":"product","2":"type-product","3":"status-publish","4":"has-post-thumbnail","6":"product_cat-adapteriai-ir-jungtys-ibc-konteineris","7":"product_cat-tank-konteineriu-voztuvas-ibc-konteineris","8":"product_shipping_class-omniva-lt","10":"first","11":"instock","12":"taxable","13":"shipping-taxable","14":"purchasable","15":"product-type-simple"},"yoast_head":"<!-- This site is optimized with the Yoast SEO plugin v26.9 - https:\/\/yoast.com\/product\/yoast-seo-wordpress\/ -->\n<title>Adapteris, skirtas IBC konteineriui 2 &quot;su vo\u017etuvu 3 \u2044 4&quot; vamzd\u017eiams TAP sodas - IBC konteineri m&uuml;&uuml;k, vaadid, kraanid, mahutid<\/title>\n<meta name=\"robots\" content=\"index, follow, max-snippet:-1, max-image-preview:large, max-video-preview:-1\" \/>\n<link rel=\"canonical\" href=\"https:\/\/ibc.ee\/lt\/product\/adapteris-for-ibc-konteineris-2-su-voztuvu-3-%e2%81%84-4-vamzdziu-ciaupo-sodas\/\" \/>\n<meta property=\"og:locale\" content=\"lt_LT\" \/>\n<meta property=\"og:type\" content=\"article\" \/>\n<meta property=\"og:title\" content=\"Adapteris, skirtas IBC konteineriui 2 &quot;su vo\u017etuvu 3 \u2044 4&quot; vamzd\u017eiams TAP sodas - IBC konteineri m&uuml;&uuml;k, vaadid, kraanid, mahutid\" \/>\n<meta property=\"og:description\" content=\"S60X6 moteris 3 \u2044 4 &#8216; &#8216; vo\u017etuvas vamzd\u017ei\u0173 bakstel\u0117kite sodas 1 &#8216; m\u016bs\u0173 parduotuv\u0117 pasi\u016blyti \u0161\u012f adapter\u012f \u012f connectwater konteineris greitai prijungti sistem\u0105 vamzd\u017ei\u0173 bakstel\u0117kite sodas. \u012e IBC konteinerio pus\u0117je adapteris turi S60X6 sriegis, 3 \u2044 4 &#8216; &#8216; &#8216; vo\u017etuvas ir kitos \u0161onin\u0117s-sodo \u017earna greitai prisijungti vamzd\u017ei\u0173 bakstel\u0117kite.\" \/>\n<meta property=\"og:url\" content=\"https:\/\/ibc.ee\/lt\/product\/adapteris-for-ibc-konteineris-2-su-voztuvu-3-%e2%81%84-4-vamzdziu-ciaupo-sodas\/\" \/>\n<meta property=\"og:site_name\" content=\"IBC konteineri m&uuml;&uuml;k, vaadid, kraanid, mahutid\" \/>\n<meta property=\"og:image\" content=\"https:\/\/ibc.ee\/wp-content\/uploads\/2019\/05\/P1019951.jpg\" \/>\n\t<meta property=\"og:image:width\" content=\"792\" \/>\n\t<meta property=\"og:image:height\" content=\"724\" \/>\n\t<meta property=\"og:image:type\" content=\"image\/jpeg\" \/>\n<meta name=\"twitter:card\" content=\"summary_large_image\" \/>\n<script type=\"application\/ld+json\" class=\"yoast-schema-graph\">{\"@context\":\"https:\/\/schema.org\",\"@graph\":[{\"@type\":\"WebPage\",\"@id\":\"https:\/\/ibc.ee\/lt\/product\/adapteris-for-ibc-konteineris-2-su-voztuvu-3-%e2%81%84-4-vamzdziu-ciaupo-sodas\/\",\"url\":\"https:\/\/ibc.ee\/lt\/product\/adapteris-for-ibc-konteineris-2-su-voztuvu-3-%e2%81%84-4-vamzdziu-ciaupo-sodas\/\",\"name\":\"Adapteris, skirtas IBC konteineriui 2 \\\"su vo\u017etuvu 3 \u2044 4\\\" vamzd\u017eiams TAP sodas - IBC konteineri m&uuml;&uuml;k, vaadid, kraanid, mahutid\",\"isPartOf\":{\"@id\":\"https:\/\/www.ibc.ee\/lt\/#website\"},\"primaryImageOfPage\":{\"@id\":\"https:\/\/ibc.ee\/lt\/product\/adapteris-for-ibc-konteineris-2-su-voztuvu-3-%e2%81%84-4-vamzdziu-ciaupo-sodas\/#primaryimage\"},\"image\":{\"@id\":\"https:\/\/ibc.ee\/lt\/product\/adapteris-for-ibc-konteineris-2-su-voztuvu-3-%e2%81%84-4-vamzdziu-ciaupo-sodas\/#primaryimage\"},\"thumbnailUrl\":\"https:\/\/ibc.ee\/wp-content\/uploads\/2019\/05\/P1019951.jpg\",\"datePublished\":\"2019-05-13T09:54:14+00:00\",\"breadcrumb\":{\"@id\":\"https:\/\/ibc.ee\/lt\/product\/adapteris-for-ibc-konteineris-2-su-voztuvu-3-%e2%81%84-4-vamzdziu-ciaupo-sodas\/#breadcrumb\"},\"inLanguage\":\"lt-LT\",\"potentialAction\":[{\"@type\":\"ReadAction\",\"target\":[\"https:\/\/ibc.ee\/lt\/product\/adapteris-for-ibc-konteineris-2-su-voztuvu-3-%e2%81%84-4-vamzdziu-ciaupo-sodas\/\"]}]},{\"@type\":\"ImageObject\",\"inLanguage\":\"lt-LT\",\"@id\":\"https:\/\/ibc.ee\/lt\/product\/adapteris-for-ibc-konteineris-2-su-voztuvu-3-%e2%81%84-4-vamzdziu-ciaupo-sodas\/#primaryimage\",\"url\":\"https:\/\/ibc.ee\/wp-content\/uploads\/2019\/05\/P1019951.jpg\",\"contentUrl\":\"https:\/\/ibc.ee\/wp-content\/uploads\/2019\/05\/P1019951.jpg\",\"width\":792,\"height\":724,\"caption\":\"Adapter for IBC container 2\\\" with valve 3\u20444'' for Pipe Tap garden\"},{\"@type\":\"BreadcrumbList\",\"@id\":\"https:\/\/ibc.ee\/lt\/product\/adapteris-for-ibc-konteineris-2-su-voztuvu-3-%e2%81%84-4-vamzdziu-ciaupo-sodas\/#breadcrumb\",\"itemListElement\":[{\"@type\":\"ListItem\",\"position\":1,\"name\":\"\u0413\u043b\u0430\u0432\u043d\u0430\u044f \u0441\u0442\u0440\u0430\u043d\u0438\u0446\u0430\",\"item\":\"https:\/\/ibc.ee\/lt\/\"},{\"@type\":\"ListItem\",\"position\":2,\"name\":\"Parduotuv\u0117\",\"item\":\"https:\/\/ibc.ee\/lt\/shop\/\"},{\"@type\":\"ListItem\",\"position\":3,\"name\":\"Adapteris, skirtas IBC konteineriui 2 &#8222;su vo\u017etuvu 3 \u2044 4&#8221; vamzd\u017eiams TAP sodas\"}]},{\"@type\":\"WebSite\",\"@id\":\"https:\/\/www.ibc.ee\/lt\/#website\",\"url\":\"https:\/\/www.ibc.ee\/lt\/\",\"name\":\"IBC konteineri m&uuml;&uuml;k, vaadid, kraanid, mahutid\",\"description\":\"IBC - Tank container valve, Adapters\\\\fittings, Intermediate bulk, container, Drums\/cans\",\"potentialAction\":[{\"@type\":\"SearchAction\",\"target\":{\"@type\":\"EntryPoint\",\"urlTemplate\":\"https:\/\/www.ibc.ee\/lt\/?s={search_term_string}\"},\"query-input\":{\"@type\":\"PropertyValueSpecification\",\"valueRequired\":true,\"valueName\":\"search_term_string\"}}],\"inLanguage\":\"lt-LT\"}]}<\/script>\n<!-- \/ Yoast SEO plugin. -->","yoast_head_json":{"title":"Adapteris, skirtas IBC konteineriui 2 \"su vo\u017etuvu 3 \u2044 4\" vamzd\u017eiams TAP sodas - IBC konteineri m&uuml;&uuml;k, vaadid, kraanid, mahutid","robots":{"index":"index","follow":"follow","max-snippet":"max-snippet:-1","max-image-preview":"max-image-preview:large","max-video-preview":"max-video-preview:-1"},"canonical":"https:\/\/ibc.ee\/lt\/product\/adapteris-for-ibc-konteineris-2-su-voztuvu-3-%e2%81%84-4-vamzdziu-ciaupo-sodas\/","og_locale":"lt_LT","og_type":"article","og_title":"Adapteris, skirtas IBC konteineriui 2 \"su vo\u017etuvu 3 \u2044 4\" vamzd\u017eiams TAP sodas - IBC konteineri m&uuml;&uuml;k, vaadid, kraanid, mahutid","og_description":"S60X6 moteris 3 \u2044 4 &#8216; &#8216; vo\u017etuvas vamzd\u017ei\u0173 bakstel\u0117kite sodas 1 &#8216; m\u016bs\u0173 parduotuv\u0117 pasi\u016blyti \u0161\u012f adapter\u012f \u012f connectwater konteineris greitai prijungti sistem\u0105 vamzd\u017ei\u0173 bakstel\u0117kite sodas. \u012e IBC konteinerio pus\u0117je adapteris turi S60X6 sriegis, 3 \u2044 4 &#8216; &#8216; &#8216; vo\u017etuvas ir kitos \u0161onin\u0117s-sodo \u017earna greitai prisijungti vamzd\u017ei\u0173 bakstel\u0117kite.","og_url":"https:\/\/ibc.ee\/lt\/product\/adapteris-for-ibc-konteineris-2-su-voztuvu-3-%e2%81%84-4-vamzdziu-ciaupo-sodas\/","og_site_name":"IBC konteineri m&uuml;&uuml;k, vaadid, kraanid, mahutid","og_image":[{"width":792,"height":724,"url":"https:\/\/ibc.ee\/wp-content\/uploads\/2019\/05\/P1019951.jpg","type":"image\/jpeg"}],"twitter_card":"summary_large_image","schema":{"@context":"https:\/\/schema.org","@graph":[{"@type":"WebPage","@id":"https:\/\/ibc.ee\/lt\/product\/adapteris-for-ibc-konteineris-2-su-voztuvu-3-%e2%81%84-4-vamzdziu-ciaupo-sodas\/","url":"https:\/\/ibc.ee\/lt\/product\/adapteris-for-ibc-konteineris-2-su-voztuvu-3-%e2%81%84-4-vamzdziu-ciaupo-sodas\/","name":"Adapteris, skirtas IBC konteineriui 2 \"su vo\u017etuvu 3 \u2044 4\" vamzd\u017eiams TAP sodas - IBC konteineri m&uuml;&uuml;k, vaadid, kraanid, mahutid","isPartOf":{"@id":"https:\/\/www.ibc.ee\/lt\/#website"},"primaryImageOfPage":{"@id":"https:\/\/ibc.ee\/lt\/product\/adapteris-for-ibc-konteineris-2-su-voztuvu-3-%e2%81%84-4-vamzdziu-ciaupo-sodas\/#primaryimage"},"image":{"@id":"https:\/\/ibc.ee\/lt\/product\/adapteris-for-ibc-konteineris-2-su-voztuvu-3-%e2%81%84-4-vamzdziu-ciaupo-sodas\/#primaryimage"},"thumbnailUrl":"https:\/\/ibc.ee\/wp-content\/uploads\/2019\/05\/P1019951.jpg","datePublished":"2019-05-13T09:54:14+00:00","breadcrumb":{"@id":"https:\/\/ibc.ee\/lt\/product\/adapteris-for-ibc-konteineris-2-su-voztuvu-3-%e2%81%84-4-vamzdziu-ciaupo-sodas\/#breadcrumb"},"inLanguage":"lt-LT","potentialAction":[{"@type":"ReadAction","target":["https:\/\/ibc.ee\/lt\/product\/adapteris-for-ibc-konteineris-2-su-voztuvu-3-%e2%81%84-4-vamzdziu-ciaupo-sodas\/"]}]},{"@type":"ImageObject","inLanguage":"lt-LT","@id":"https:\/\/ibc.ee\/lt\/product\/adapteris-for-ibc-konteineris-2-su-voztuvu-3-%e2%81%84-4-vamzdziu-ciaupo-sodas\/#primaryimage","url":"https:\/\/ibc.ee\/wp-content\/uploads\/2019\/05\/P1019951.jpg","contentUrl":"https:\/\/ibc.ee\/wp-content\/uploads\/2019\/05\/P1019951.jpg","width":792,"height":724,"caption":"Adapter for IBC container 2\" with valve 3\u20444'' for Pipe Tap garden"},{"@type":"BreadcrumbList","@id":"https:\/\/ibc.ee\/lt\/product\/adapteris-for-ibc-konteineris-2-su-voztuvu-3-%e2%81%84-4-vamzdziu-ciaupo-sodas\/#breadcrumb","itemListElement":[{"@type":"ListItem","position":1,"name":"\u0413\u043b\u0430\u0432\u043d\u0430\u044f \u0441\u0442\u0440\u0430\u043d\u0438\u0446\u0430","item":"https:\/\/ibc.ee\/lt\/"},{"@type":"ListItem","position":2,"name":"Parduotuv\u0117","item":"https:\/\/ibc.ee\/lt\/shop\/"},{"@type":"ListItem","position":3,"name":"Adapteris, skirtas IBC konteineriui 2 &#8222;su vo\u017etuvu 3 \u2044 4&#8221; vamzd\u017eiams TAP sodas"}]},{"@type":"WebSite","@id":"https:\/\/www.ibc.ee\/lt\/#website","url":"https:\/\/www.ibc.ee\/lt\/","name":"IBC konteineri m&uuml;&uuml;k, vaadid, kraanid, mahutid","description":"IBC - Tank container valve, Adapters\\fittings, Intermediate bulk, container, Drums\/cans","potentialAction":[{"@type":"SearchAction","target":{"@type":"EntryPoint","urlTemplate":"https:\/\/www.ibc.ee\/lt\/?s={search_term_string}"},"query-input":{"@type":"PropertyValueSpecification","valueRequired":true,"valueName":"search_term_string"}}],"inLanguage":"lt-LT"}]}},"_links":{"self":[{"href":"https:\/\/ibc.ee\/lt\/wp-json\/wp\/v2\/product\/17758","targetHints":{"allow":["GET"]}}],"collection":[{"href":"https:\/\/ibc.ee\/lt\/wp-json\/wp\/v2\/product"}],"about":[{"href":"https:\/\/ibc.ee\/lt\/wp-json\/wp\/v2\/types\/product"}],"wp:featuredmedia":[{"embeddable":true,"href":"https:\/\/ibc.ee\/lt\/wp-json\/wp\/v2\/media\/17753"}],"wp:attachment":[{"href":"https:\/\/ibc.ee\/lt\/wp-json\/wp\/v2\/media?parent=17758"}],"wp:term":[{"taxonomy":"product_brand","embeddable":true,"href":"https:\/\/ibc.ee\/lt\/wp-json\/wp\/v2\/product_brand?post=17758"},{"taxonomy":"product_cat","embeddable":true,"href":"https:\/\/ibc.ee\/lt\/wp-json\/wp\/v2\/product_cat?post=17758"},{"taxonomy":"product_tag","embeddable":true,"href":"https:\/\/ibc.ee\/lt\/wp-json\/wp\/v2\/product_tag?post=17758"}],"curies":[{"name":"wp","href":"https:\/\/api.w.org\/{rel}","templated":true}]}}