{"id":19809,"date":"2020-07-08T11:14:15","date_gmt":"2020-07-08T09:14:15","guid":{"rendered":"https:\/\/ibc.ee\/?post_type=product&#038;p=19809"},"modified":"2025-04-22T14:11:12","modified_gmt":"2025-04-22T12:11:12","slug":"plastic-drum-heater","status":"publish","type":"product","link":"https:\/\/ibc.ee\/lt\/product\/plastic-drum-heater\/","title":{"rendered":"Plastikini\u0173 b\u016bgn\u0173 \u0161ildytuvas"},"content":{"rendered":"<p>M\u016bs\u0173 b\u016bgn\u0173 \u0161ildytuvai puikiai tinka b\u016bgnams, kuriuose norima i\u0161laikyti pastovi\u0105 temperat\u016br\u0105, tam tikr\u0105 klamp\u0105 arba apsaugoti turin\u012f nuo u\u017e\u0161alimo. B\u016bgn\u0173 \u0161ildytuvuose yra lengvai naudojami skaitmeniniai valdikliai arba termostatai su \u012fvairiais kaitinimo diapazonais nuo 0 \u00b0C iki 200 \u00b0C, tod\u0117l b\u016bgn\u0173 \u0161ildytuvai idealiai tinka beveik bet kokiam tikslui. B\u016bgn\u0173 \u0161ildytuvai yra sukurti i\u0161 patvarios ir ilgaam\u017e\u0117s auk\u0161tos kokyb\u0117s lengvos konstrukcijos, o konstrukcija kartu su greito atlaisvinimo dir\u017eais leid\u017eia lengvai pritvirtinti b\u016bgn\u0173 \u0161ildytuv\u0105 prie bet kokio standartinio dyd\u017eio b\u016bgno.  <\/p>\n","protected":false},"excerpt":{"rendered":"<p>&#8211; Skirta maisto pramonei<br \/>\n&#8211; Silikono\/stiklo audinio apvalkalas.<br \/>\n&#8211; Stiklo gij\u0173 antklod\u0117.<br \/>\n&#8211; Silikonu izoliuotas spiralinis atsparumo elementas.<br \/>\n&#8211; Reguliuojamos greito atlaisvinimo sagtys.<br \/>\n&#8211; 3 metr\u0173 (10 p\u0117d\u0173) maitinimo laidas.<br \/>\n&#8211; Standartinis 200 l (55 gal.) dydis.<br \/>\n&#8211; Termostatas 0-120 \u00b0C.<br \/>\n&#8211; IP54 apsauga.<br \/>\n&#8211; \u012e\u0161ilimo trukm\u0117 apie 24 val. (200 l vandens nuo +15 \u00b0C iki 80 \u00b0C su 1200 W b\u016bgno \u0161ildytuvu). <\/p>\n<p style=\"text-align: justify;\">[popup_anything id=&#8221;15520&#8243;]<\/p>\n","protected":false},"featured_media":19817,"template":"","meta":[],"product_brand":[],"product_cat":[404],"product_tag":[],"class_list":{"0":"post-19809","1":"product","2":"type-product","3":"status-publish","4":"has-post-thumbnail","6":"product_cat-ibc-ir-bugnu-sildymas","7":"product_shipping_class-omniva-lt","9":"first","10":"onbackorder","11":"taxable","12":"shipping-taxable","13":"purchasable","14":"product-type-simple"},"yoast_head":"<!-- This site is optimized with the Yoast SEO plugin v26.9 - https:\/\/yoast.com\/product\/yoast-seo-wordpress\/ -->\n<title>Metalinis 200L b\u016bgninis \u0161ildytuvas su valdikliu<\/title>\n<meta name=\"description\" content=\"B\u016bgniniuose \u0161ildytuvuose \u012frengti lengvai naudojami skaitmeniniai valdikliai arba termostatai su \u012fvairiais kaitinimo diapazonais nuo 0 \u00b0C iki 200 \u00b0C, tod\u0117l b\u016bgniniai \u0161ildytuvai idealiai tinka beveik bet kokiam tikslui.\" \/>\n<meta name=\"robots\" content=\"index, follow, max-snippet:-1, max-image-preview:large, max-video-preview:-1\" \/>\n<link rel=\"canonical\" href=\"https:\/\/ibc.ee\/lt\/product\/plastic-drum-heater\/\" \/>\n<meta property=\"og:locale\" content=\"lt_LT\" \/>\n<meta property=\"og:type\" content=\"article\" \/>\n<meta property=\"og:title\" content=\"Metalinis 200L b\u016bgninis \u0161ildytuvas su valdikliu\" \/>\n<meta property=\"og:description\" content=\"B\u016bgniniuose \u0161ildytuvuose \u012frengti lengvai naudojami skaitmeniniai valdikliai arba termostatai su \u012fvairiais kaitinimo diapazonais nuo 0 \u00b0C iki 200 \u00b0C, tod\u0117l b\u016bgniniai \u0161ildytuvai idealiai tinka beveik bet kokiam tikslui.\" \/>\n<meta property=\"og:url\" content=\"https:\/\/ibc.ee\/lt\/product\/plastic-drum-heater\/\" \/>\n<meta property=\"og:site_name\" content=\"IBC konteineri m&uuml;&uuml;k, vaadid, kraanid, mahutid\" \/>\n<meta property=\"article:modified_time\" content=\"2025-04-22T12:11:12+00:00\" \/>\n<meta property=\"og:image\" content=\"https:\/\/ibc.ee\/wp-content\/uploads\/2020\/07\/Plastic-200L-drum-heater-MasterChem.jpg\" \/>\n\t<meta property=\"og:image:width\" content=\"1000\" \/>\n\t<meta property=\"og:image:height\" content=\"1000\" \/>\n\t<meta property=\"og:image:type\" content=\"image\/jpeg\" \/>\n<meta name=\"twitter:card\" content=\"summary_large_image\" \/>\n<script type=\"application\/ld+json\" class=\"yoast-schema-graph\">{\"@context\":\"https:\/\/schema.org\",\"@graph\":[{\"@type\":\"WebPage\",\"@id\":\"https:\/\/ibc.ee\/lt\/product\/plastic-drum-heater\/\",\"url\":\"https:\/\/ibc.ee\/lt\/product\/plastic-drum-heater\/\",\"name\":\"Metalinis 200L b\u016bgninis \u0161ildytuvas su valdikliu\",\"isPartOf\":{\"@id\":\"https:\/\/www.ibc.ee\/lt\/#website\"},\"primaryImageOfPage\":{\"@id\":\"https:\/\/ibc.ee\/lt\/product\/plastic-drum-heater\/#primaryimage\"},\"image\":{\"@id\":\"https:\/\/ibc.ee\/lt\/product\/plastic-drum-heater\/#primaryimage\"},\"thumbnailUrl\":\"https:\/\/ibc.ee\/wp-content\/uploads\/2020\/07\/Plastic-200L-drum-heater-MasterChem.jpg\",\"datePublished\":\"2020-07-08T09:14:15+00:00\",\"dateModified\":\"2025-04-22T12:11:12+00:00\",\"description\":\"B\u016bgniniuose \u0161ildytuvuose \u012frengti lengvai naudojami skaitmeniniai valdikliai arba termostatai su \u012fvairiais kaitinimo diapazonais nuo 0 \u00b0C iki 200 \u00b0C, tod\u0117l b\u016bgniniai \u0161ildytuvai idealiai tinka beveik bet kokiam tikslui.\",\"breadcrumb\":{\"@id\":\"https:\/\/ibc.ee\/lt\/product\/plastic-drum-heater\/#breadcrumb\"},\"inLanguage\":\"lt-LT\",\"potentialAction\":[{\"@type\":\"ReadAction\",\"target\":[\"https:\/\/ibc.ee\/lt\/product\/plastic-drum-heater\/\"]}]},{\"@type\":\"ImageObject\",\"inLanguage\":\"lt-LT\",\"@id\":\"https:\/\/ibc.ee\/lt\/product\/plastic-drum-heater\/#primaryimage\",\"url\":\"https:\/\/ibc.ee\/wp-content\/uploads\/2020\/07\/Plastic-200L-drum-heater-MasterChem.jpg\",\"contentUrl\":\"https:\/\/ibc.ee\/wp-content\/uploads\/2020\/07\/Plastic-200L-drum-heater-MasterChem.jpg\",\"width\":1000,\"height\":1000,\"caption\":\"Plastic 200L drum heater MasterChem\"},{\"@type\":\"BreadcrumbList\",\"@id\":\"https:\/\/ibc.ee\/lt\/product\/plastic-drum-heater\/#breadcrumb\",\"itemListElement\":[{\"@type\":\"ListItem\",\"position\":1,\"name\":\"\u0413\u043b\u0430\u0432\u043d\u0430\u044f \u0441\u0442\u0440\u0430\u043d\u0438\u0446\u0430\",\"item\":\"https:\/\/ibc.ee\/lt\/\"},{\"@type\":\"ListItem\",\"position\":2,\"name\":\"Parduotuv\u0117\",\"item\":\"https:\/\/ibc.ee\/lt\/shop\/\"},{\"@type\":\"ListItem\",\"position\":3,\"name\":\"Plastikini\u0173 b\u016bgn\u0173 \u0161ildytuvas\"}]},{\"@type\":\"WebSite\",\"@id\":\"https:\/\/www.ibc.ee\/lt\/#website\",\"url\":\"https:\/\/www.ibc.ee\/lt\/\",\"name\":\"IBC konteineri m&uuml;&uuml;k, vaadid, kraanid, mahutid\",\"description\":\"IBC - Tank container valve, Adapters\\\\fittings, Intermediate bulk, container, Drums\/cans\",\"potentialAction\":[{\"@type\":\"SearchAction\",\"target\":{\"@type\":\"EntryPoint\",\"urlTemplate\":\"https:\/\/www.ibc.ee\/lt\/?s={search_term_string}\"},\"query-input\":{\"@type\":\"PropertyValueSpecification\",\"valueRequired\":true,\"valueName\":\"search_term_string\"}}],\"inLanguage\":\"lt-LT\"}]}<\/script>\n<!-- \/ Yoast SEO plugin. -->","yoast_head_json":{"title":"Metalinis 200L b\u016bgninis \u0161ildytuvas su valdikliu","description":"B\u016bgniniuose \u0161ildytuvuose \u012frengti lengvai naudojami skaitmeniniai valdikliai arba termostatai su \u012fvairiais kaitinimo diapazonais nuo 0 \u00b0C iki 200 \u00b0C, tod\u0117l b\u016bgniniai \u0161ildytuvai idealiai tinka beveik bet kokiam tikslui.","robots":{"index":"index","follow":"follow","max-snippet":"max-snippet:-1","max-image-preview":"max-image-preview:large","max-video-preview":"max-video-preview:-1"},"canonical":"https:\/\/ibc.ee\/lt\/product\/plastic-drum-heater\/","og_locale":"lt_LT","og_type":"article","og_title":"Metalinis 200L b\u016bgninis \u0161ildytuvas su valdikliu","og_description":"B\u016bgniniuose \u0161ildytuvuose \u012frengti lengvai naudojami skaitmeniniai valdikliai arba termostatai su \u012fvairiais kaitinimo diapazonais nuo 0 \u00b0C iki 200 \u00b0C, tod\u0117l b\u016bgniniai \u0161ildytuvai idealiai tinka beveik bet kokiam tikslui.","og_url":"https:\/\/ibc.ee\/lt\/product\/plastic-drum-heater\/","og_site_name":"IBC konteineri m&uuml;&uuml;k, vaadid, kraanid, mahutid","article_modified_time":"2025-04-22T12:11:12+00:00","og_image":[{"width":1000,"height":1000,"url":"https:\/\/ibc.ee\/wp-content\/uploads\/2020\/07\/Plastic-200L-drum-heater-MasterChem.jpg","type":"image\/jpeg"}],"twitter_card":"summary_large_image","schema":{"@context":"https:\/\/schema.org","@graph":[{"@type":"WebPage","@id":"https:\/\/ibc.ee\/lt\/product\/plastic-drum-heater\/","url":"https:\/\/ibc.ee\/lt\/product\/plastic-drum-heater\/","name":"Metalinis 200L b\u016bgninis \u0161ildytuvas su valdikliu","isPartOf":{"@id":"https:\/\/www.ibc.ee\/lt\/#website"},"primaryImageOfPage":{"@id":"https:\/\/ibc.ee\/lt\/product\/plastic-drum-heater\/#primaryimage"},"image":{"@id":"https:\/\/ibc.ee\/lt\/product\/plastic-drum-heater\/#primaryimage"},"thumbnailUrl":"https:\/\/ibc.ee\/wp-content\/uploads\/2020\/07\/Plastic-200L-drum-heater-MasterChem.jpg","datePublished":"2020-07-08T09:14:15+00:00","dateModified":"2025-04-22T12:11:12+00:00","description":"B\u016bgniniuose \u0161ildytuvuose \u012frengti lengvai naudojami skaitmeniniai valdikliai arba termostatai su \u012fvairiais kaitinimo diapazonais nuo 0 \u00b0C iki 200 \u00b0C, tod\u0117l b\u016bgniniai \u0161ildytuvai idealiai tinka beveik bet kokiam tikslui.","breadcrumb":{"@id":"https:\/\/ibc.ee\/lt\/product\/plastic-drum-heater\/#breadcrumb"},"inLanguage":"lt-LT","potentialAction":[{"@type":"ReadAction","target":["https:\/\/ibc.ee\/lt\/product\/plastic-drum-heater\/"]}]},{"@type":"ImageObject","inLanguage":"lt-LT","@id":"https:\/\/ibc.ee\/lt\/product\/plastic-drum-heater\/#primaryimage","url":"https:\/\/ibc.ee\/wp-content\/uploads\/2020\/07\/Plastic-200L-drum-heater-MasterChem.jpg","contentUrl":"https:\/\/ibc.ee\/wp-content\/uploads\/2020\/07\/Plastic-200L-drum-heater-MasterChem.jpg","width":1000,"height":1000,"caption":"Plastic 200L drum heater MasterChem"},{"@type":"BreadcrumbList","@id":"https:\/\/ibc.ee\/lt\/product\/plastic-drum-heater\/#breadcrumb","itemListElement":[{"@type":"ListItem","position":1,"name":"\u0413\u043b\u0430\u0432\u043d\u0430\u044f \u0441\u0442\u0440\u0430\u043d\u0438\u0446\u0430","item":"https:\/\/ibc.ee\/lt\/"},{"@type":"ListItem","position":2,"name":"Parduotuv\u0117","item":"https:\/\/ibc.ee\/lt\/shop\/"},{"@type":"ListItem","position":3,"name":"Plastikini\u0173 b\u016bgn\u0173 \u0161ildytuvas"}]},{"@type":"WebSite","@id":"https:\/\/www.ibc.ee\/lt\/#website","url":"https:\/\/www.ibc.ee\/lt\/","name":"IBC konteineri m&uuml;&uuml;k, vaadid, kraanid, mahutid","description":"IBC - Tank container valve, Adapters\\fittings, Intermediate bulk, container, Drums\/cans","potentialAction":[{"@type":"SearchAction","target":{"@type":"EntryPoint","urlTemplate":"https:\/\/www.ibc.ee\/lt\/?s={search_term_string}"},"query-input":{"@type":"PropertyValueSpecification","valueRequired":true,"valueName":"search_term_string"}}],"inLanguage":"lt-LT"}]}},"_links":{"self":[{"href":"https:\/\/ibc.ee\/lt\/wp-json\/wp\/v2\/product\/19809","targetHints":{"allow":["GET"]}}],"collection":[{"href":"https:\/\/ibc.ee\/lt\/wp-json\/wp\/v2\/product"}],"about":[{"href":"https:\/\/ibc.ee\/lt\/wp-json\/wp\/v2\/types\/product"}],"wp:featuredmedia":[{"embeddable":true,"href":"https:\/\/ibc.ee\/lt\/wp-json\/wp\/v2\/media\/19817"}],"wp:attachment":[{"href":"https:\/\/ibc.ee\/lt\/wp-json\/wp\/v2\/media?parent=19809"}],"wp:term":[{"taxonomy":"product_brand","embeddable":true,"href":"https:\/\/ibc.ee\/lt\/wp-json\/wp\/v2\/product_brand?post=19809"},{"taxonomy":"product_cat","embeddable":true,"href":"https:\/\/ibc.ee\/lt\/wp-json\/wp\/v2\/product_cat?post=19809"},{"taxonomy":"product_tag","embeddable":true,"href":"https:\/\/ibc.ee\/lt\/wp-json\/wp\/v2\/product_tag?post=19809"}],"curies":[{"name":"wp","href":"https:\/\/api.w.org\/{rel}","templated":true}]}}