{"id":19830,"date":"2020-07-08T17:09:50","date_gmt":"2020-07-08T15:09:50","guid":{"rendered":"https:\/\/www.ibc.ee\/?post_type=product&#038;p=19830"},"modified":"2025-04-22T14:07:31","modified_gmt":"2025-04-22T12:07:31","slug":"ibc-container-foil-mat-heater","status":"publish","type":"product","link":"https:\/\/ibc.ee\/lt\/product\/ibc-container-foil-mat-heater\/","title":{"rendered":"IBC konteinerio folijos kilim\u0117lio \u0161ildytuvas"},"content":{"rendered":"<p>\u0160ildomas folijos kilim\u0117lis po IBC dugnu yra pigus, patogus ir paprastas b\u016bdas palaikyti \u0161ilum\u0105 arba apsaugoti IBC nuo u\u017e\u0161alimo. \u0160ildomas folijos kilim\u0117lis gali atlaikyti labai gerai pripildytos talpyklos apkrov\u0105. <\/p>\n","protected":false},"excerpt":{"rendered":"<p><strong>Technin\u0117s specifikacijos:<\/strong><br \/>\n&#8211; 1400 W arba 1080 W, 230 V<br \/>\n&#8211; Matmenys 1095 mm x 895 mm<br \/>\n&#8211; Maitinimo laidas 1,5 m &#8211; be ki\u0161tuko<br \/>\n&#8211; \u0160ildo piln\u0105 vandens bak\u0105 nuo + 10 \u00b0C iki + 43 \u00b0C ma\u017eiausiai 48 valandas. Norint, kad \u012fkaist\u0173 dar grei\u010diau, talpykl\u0105 b\u016btina papildomai izoliuoti<br \/>\n&#8211; \u0160ildomame folijos kilim\u0117lyje \u012frengta bimetalin\u0117 apsauga nuo perkaitimo, kuri taikoma esant + 50 \/ + 60 \u00b0C temperat\u016brai. <\/p>\n<p style=\"text-align: justify;\">[popup_anything id=&#8221;15520&#8243;]<\/p>\n","protected":false},"featured_media":19837,"template":"","meta":[],"product_brand":[],"product_cat":[404],"product_tag":[],"class_list":{"0":"post-19830","1":"product","2":"type-product","3":"status-publish","4":"has-post-thumbnail","6":"product_cat-ibc-ir-bugnu-sildymas","7":"product_shipping_class-omniva-lt","9":"first","10":"onbackorder","11":"taxable","12":"shipping-taxable","13":"purchasable","14":"product-type-simple"},"yoast_head":"<!-- This site is optimized with the Yoast SEO plugin v26.9 - https:\/\/yoast.com\/product\/yoast-seo-wordpress\/ -->\n<title>IBC konteinerio folijos kilim\u0117lio \u0161ildytuvas<\/title>\n<meta name=\"description\" content=\"\u0160ildomas folijos kilim\u0117lis po IBC dugnu yra pigus, patogus ir paprastas b\u016bdas palaikyti \u0161ilum\u0105 arba apsaugoti IBC nuo u\u017e\u0161alimo. \u0160ildomas folijos kilim\u0117lis gali atlaikyti labai gerai pripildytos talpyklos apkrov\u0105.\" \/>\n<meta name=\"robots\" content=\"index, follow, max-snippet:-1, max-image-preview:large, max-video-preview:-1\" \/>\n<link rel=\"canonical\" href=\"https:\/\/ibc.ee\/lt\/product\/ibc-container-foil-mat-heater\/\" \/>\n<meta property=\"og:locale\" content=\"lt_LT\" \/>\n<meta property=\"og:type\" content=\"article\" \/>\n<meta property=\"og:title\" content=\"IBC konteinerio folijos kilim\u0117lio \u0161ildytuvas\" \/>\n<meta property=\"og:description\" content=\"\u0160ildomas folijos kilim\u0117lis po IBC dugnu yra pigus, patogus ir paprastas b\u016bdas palaikyti \u0161ilum\u0105 arba apsaugoti IBC nuo u\u017e\u0161alimo. \u0160ildomas folijos kilim\u0117lis gali atlaikyti labai gerai pripildytos talpyklos apkrov\u0105.\" \/>\n<meta property=\"og:url\" content=\"https:\/\/ibc.ee\/lt\/product\/ibc-container-foil-mat-heater\/\" \/>\n<meta property=\"og:site_name\" content=\"IBC konteineri m&uuml;&uuml;k, vaadid, kraanid, mahutid\" \/>\n<meta property=\"article:modified_time\" content=\"2025-04-22T12:07:31+00:00\" \/>\n<meta property=\"og:image\" content=\"https:\/\/www.ibc.ee\/wp-content\/uploads\/2020\/07\/IBC-konteineri-kuttega-fooliummatt-MasterChem.jpg\" \/>\n\t<meta property=\"og:image:width\" content=\"700\" \/>\n\t<meta property=\"og:image:height\" content=\"700\" \/>\n\t<meta property=\"og:image:type\" content=\"image\/jpeg\" \/>\n<meta name=\"twitter:card\" content=\"summary_large_image\" \/>\n<script type=\"application\/ld+json\" class=\"yoast-schema-graph\">{\"@context\":\"https:\/\/schema.org\",\"@graph\":[{\"@type\":\"WebPage\",\"@id\":\"https:\/\/ibc.ee\/lt\/product\/ibc-container-foil-mat-heater\/\",\"url\":\"https:\/\/ibc.ee\/lt\/product\/ibc-container-foil-mat-heater\/\",\"name\":\"IBC konteinerio folijos kilim\u0117lio \u0161ildytuvas\",\"isPartOf\":{\"@id\":\"https:\/\/www.ibc.ee\/lt\/#website\"},\"primaryImageOfPage\":{\"@id\":\"https:\/\/ibc.ee\/lt\/product\/ibc-container-foil-mat-heater\/#primaryimage\"},\"image\":{\"@id\":\"https:\/\/ibc.ee\/lt\/product\/ibc-container-foil-mat-heater\/#primaryimage\"},\"thumbnailUrl\":\"https:\/\/ibc.ee\/wp-content\/uploads\/2020\/07\/IBC-konteineri-kuttega-fooliummatt-MasterChem.jpg\",\"datePublished\":\"2020-07-08T15:09:50+00:00\",\"dateModified\":\"2025-04-22T12:07:31+00:00\",\"description\":\"\u0160ildomas folijos kilim\u0117lis po IBC dugnu yra pigus, patogus ir paprastas b\u016bdas palaikyti \u0161ilum\u0105 arba apsaugoti IBC nuo u\u017e\u0161alimo. \u0160ildomas folijos kilim\u0117lis gali atlaikyti labai gerai pripildytos talpyklos apkrov\u0105.\",\"breadcrumb\":{\"@id\":\"https:\/\/ibc.ee\/lt\/product\/ibc-container-foil-mat-heater\/#breadcrumb\"},\"inLanguage\":\"lt-LT\",\"potentialAction\":[{\"@type\":\"ReadAction\",\"target\":[\"https:\/\/ibc.ee\/lt\/product\/ibc-container-foil-mat-heater\/\"]}]},{\"@type\":\"ImageObject\",\"inLanguage\":\"lt-LT\",\"@id\":\"https:\/\/ibc.ee\/lt\/product\/ibc-container-foil-mat-heater\/#primaryimage\",\"url\":\"https:\/\/ibc.ee\/wp-content\/uploads\/2020\/07\/IBC-konteineri-kuttega-fooliummatt-MasterChem.jpg\",\"contentUrl\":\"https:\/\/ibc.ee\/wp-content\/uploads\/2020\/07\/IBC-konteineri-kuttega-fooliummatt-MasterChem.jpg\",\"width\":700,\"height\":700,\"caption\":\"IBC container foil mat heater\"},{\"@type\":\"BreadcrumbList\",\"@id\":\"https:\/\/ibc.ee\/lt\/product\/ibc-container-foil-mat-heater\/#breadcrumb\",\"itemListElement\":[{\"@type\":\"ListItem\",\"position\":1,\"name\":\"\u0413\u043b\u0430\u0432\u043d\u0430\u044f \u0441\u0442\u0440\u0430\u043d\u0438\u0446\u0430\",\"item\":\"https:\/\/ibc.ee\/lt\/\"},{\"@type\":\"ListItem\",\"position\":2,\"name\":\"Parduotuv\u0117\",\"item\":\"https:\/\/ibc.ee\/lt\/shop\/\"},{\"@type\":\"ListItem\",\"position\":3,\"name\":\"IBC konteinerio folijos kilim\u0117lio \u0161ildytuvas\"}]},{\"@type\":\"WebSite\",\"@id\":\"https:\/\/www.ibc.ee\/lt\/#website\",\"url\":\"https:\/\/www.ibc.ee\/lt\/\",\"name\":\"IBC konteineri m&uuml;&uuml;k, vaadid, kraanid, mahutid\",\"description\":\"IBC - Tank container valve, Adapters\\\\fittings, Intermediate bulk, container, Drums\/cans\",\"potentialAction\":[{\"@type\":\"SearchAction\",\"target\":{\"@type\":\"EntryPoint\",\"urlTemplate\":\"https:\/\/www.ibc.ee\/lt\/?s={search_term_string}\"},\"query-input\":{\"@type\":\"PropertyValueSpecification\",\"valueRequired\":true,\"valueName\":\"search_term_string\"}}],\"inLanguage\":\"lt-LT\"}]}<\/script>\n<!-- \/ Yoast SEO plugin. -->","yoast_head_json":{"title":"IBC konteinerio folijos kilim\u0117lio \u0161ildytuvas","description":"\u0160ildomas folijos kilim\u0117lis po IBC dugnu yra pigus, patogus ir paprastas b\u016bdas palaikyti \u0161ilum\u0105 arba apsaugoti IBC nuo u\u017e\u0161alimo. \u0160ildomas folijos kilim\u0117lis gali atlaikyti labai gerai pripildytos talpyklos apkrov\u0105.","robots":{"index":"index","follow":"follow","max-snippet":"max-snippet:-1","max-image-preview":"max-image-preview:large","max-video-preview":"max-video-preview:-1"},"canonical":"https:\/\/ibc.ee\/lt\/product\/ibc-container-foil-mat-heater\/","og_locale":"lt_LT","og_type":"article","og_title":"IBC konteinerio folijos kilim\u0117lio \u0161ildytuvas","og_description":"\u0160ildomas folijos kilim\u0117lis po IBC dugnu yra pigus, patogus ir paprastas b\u016bdas palaikyti \u0161ilum\u0105 arba apsaugoti IBC nuo u\u017e\u0161alimo. \u0160ildomas folijos kilim\u0117lis gali atlaikyti labai gerai pripildytos talpyklos apkrov\u0105.","og_url":"https:\/\/ibc.ee\/lt\/product\/ibc-container-foil-mat-heater\/","og_site_name":"IBC konteineri m&uuml;&uuml;k, vaadid, kraanid, mahutid","article_modified_time":"2025-04-22T12:07:31+00:00","og_image":[{"width":700,"height":700,"url":"https:\/\/www.ibc.ee\/wp-content\/uploads\/2020\/07\/IBC-konteineri-kuttega-fooliummatt-MasterChem.jpg","type":"image\/jpeg"}],"twitter_card":"summary_large_image","schema":{"@context":"https:\/\/schema.org","@graph":[{"@type":"WebPage","@id":"https:\/\/ibc.ee\/lt\/product\/ibc-container-foil-mat-heater\/","url":"https:\/\/ibc.ee\/lt\/product\/ibc-container-foil-mat-heater\/","name":"IBC konteinerio folijos kilim\u0117lio \u0161ildytuvas","isPartOf":{"@id":"https:\/\/www.ibc.ee\/lt\/#website"},"primaryImageOfPage":{"@id":"https:\/\/ibc.ee\/lt\/product\/ibc-container-foil-mat-heater\/#primaryimage"},"image":{"@id":"https:\/\/ibc.ee\/lt\/product\/ibc-container-foil-mat-heater\/#primaryimage"},"thumbnailUrl":"https:\/\/ibc.ee\/wp-content\/uploads\/2020\/07\/IBC-konteineri-kuttega-fooliummatt-MasterChem.jpg","datePublished":"2020-07-08T15:09:50+00:00","dateModified":"2025-04-22T12:07:31+00:00","description":"\u0160ildomas folijos kilim\u0117lis po IBC dugnu yra pigus, patogus ir paprastas b\u016bdas palaikyti \u0161ilum\u0105 arba apsaugoti IBC nuo u\u017e\u0161alimo. \u0160ildomas folijos kilim\u0117lis gali atlaikyti labai gerai pripildytos talpyklos apkrov\u0105.","breadcrumb":{"@id":"https:\/\/ibc.ee\/lt\/product\/ibc-container-foil-mat-heater\/#breadcrumb"},"inLanguage":"lt-LT","potentialAction":[{"@type":"ReadAction","target":["https:\/\/ibc.ee\/lt\/product\/ibc-container-foil-mat-heater\/"]}]},{"@type":"ImageObject","inLanguage":"lt-LT","@id":"https:\/\/ibc.ee\/lt\/product\/ibc-container-foil-mat-heater\/#primaryimage","url":"https:\/\/ibc.ee\/wp-content\/uploads\/2020\/07\/IBC-konteineri-kuttega-fooliummatt-MasterChem.jpg","contentUrl":"https:\/\/ibc.ee\/wp-content\/uploads\/2020\/07\/IBC-konteineri-kuttega-fooliummatt-MasterChem.jpg","width":700,"height":700,"caption":"IBC container foil mat heater"},{"@type":"BreadcrumbList","@id":"https:\/\/ibc.ee\/lt\/product\/ibc-container-foil-mat-heater\/#breadcrumb","itemListElement":[{"@type":"ListItem","position":1,"name":"\u0413\u043b\u0430\u0432\u043d\u0430\u044f \u0441\u0442\u0440\u0430\u043d\u0438\u0446\u0430","item":"https:\/\/ibc.ee\/lt\/"},{"@type":"ListItem","position":2,"name":"Parduotuv\u0117","item":"https:\/\/ibc.ee\/lt\/shop\/"},{"@type":"ListItem","position":3,"name":"IBC konteinerio folijos kilim\u0117lio \u0161ildytuvas"}]},{"@type":"WebSite","@id":"https:\/\/www.ibc.ee\/lt\/#website","url":"https:\/\/www.ibc.ee\/lt\/","name":"IBC konteineri m&uuml;&uuml;k, vaadid, kraanid, mahutid","description":"IBC - Tank container valve, Adapters\\fittings, Intermediate bulk, container, Drums\/cans","potentialAction":[{"@type":"SearchAction","target":{"@type":"EntryPoint","urlTemplate":"https:\/\/www.ibc.ee\/lt\/?s={search_term_string}"},"query-input":{"@type":"PropertyValueSpecification","valueRequired":true,"valueName":"search_term_string"}}],"inLanguage":"lt-LT"}]}},"_links":{"self":[{"href":"https:\/\/ibc.ee\/lt\/wp-json\/wp\/v2\/product\/19830","targetHints":{"allow":["GET"]}}],"collection":[{"href":"https:\/\/ibc.ee\/lt\/wp-json\/wp\/v2\/product"}],"about":[{"href":"https:\/\/ibc.ee\/lt\/wp-json\/wp\/v2\/types\/product"}],"wp:featuredmedia":[{"embeddable":true,"href":"https:\/\/ibc.ee\/lt\/wp-json\/wp\/v2\/media\/19837"}],"wp:attachment":[{"href":"https:\/\/ibc.ee\/lt\/wp-json\/wp\/v2\/media?parent=19830"}],"wp:term":[{"taxonomy":"product_brand","embeddable":true,"href":"https:\/\/ibc.ee\/lt\/wp-json\/wp\/v2\/product_brand?post=19830"},{"taxonomy":"product_cat","embeddable":true,"href":"https:\/\/ibc.ee\/lt\/wp-json\/wp\/v2\/product_cat?post=19830"},{"taxonomy":"product_tag","embeddable":true,"href":"https:\/\/ibc.ee\/lt\/wp-json\/wp\/v2\/product_tag?post=19830"}],"curies":[{"name":"wp","href":"https:\/\/api.w.org\/{rel}","templated":true}]}}