{"id":19851,"date":"2020-07-08T19:08:38","date_gmt":"2020-07-08T17:08:38","guid":{"rendered":"https:\/\/www.ibc.ee\/?post_type=product&#038;p=19851"},"modified":"2025-04-22T14:04:49","modified_gmt":"2025-04-22T12:04:49","slug":"ibc-container-heating-jacket","status":"publish","type":"product","link":"https:\/\/ibc.ee\/lt\/product\/ibc-container-heating-jacket\/","title":{"rendered":"IBC konteineri\u0173 \u0161ildymo striuk\u0117"},"content":{"rendered":"<p>IBC cisternos \u0161ildymas, kuris u\u017edengia talpykl\u0105 kaip korpusas. Ypa\u010d tinka klampesniems skys\u010diams, tokiems kaip alyva, dyzelinas, sirupai, tepalai, tepalin\u0117s alyvos, vazelinas, va\u0161kas, klijai ir t. t., kuriuos reikia tolygiai kaitinti visoje talpykloje, kaitinti. Jei reikia, talpyklos \u0161ildymas padalijamas \u012f 1-3 zonas, kuriose \u012frengtas termostatas. Tinka standartin\u0117ms 1000 l talpykloms.   <\/p>\n","protected":false},"excerpt":{"rendered":"<p><strong>Technin\u0117s specifikacijos:<\/strong><br \/>\n&#8211; integruotas reguliuojamas termostatas nuo 0 iki 90 \u00b0C<br \/>\n&#8211; reguliuojamos atlaisvinimo sagtys, kad b\u016bt\u0173 lengva montuoti<br \/>\n&#8211; IP51 apsaugos lygis<\/p>\n<p>2000 W esant 230 V \u012ftampai.<\/p>\n<p>Jei talpykloje b\u016bt\u0173 vandens, tai 2&#215;1000 W talpyklos \u0161ildymo laikas b\u016bt\u0173 + 15\u00ba C &#8211; + 50\u00ba C per 48 valandas.<\/p>\n<p style=\"text-align: justify;\">[popup_anything id=&#8221;15520&#8243;]<\/p>\n","protected":false},"featured_media":19858,"template":"","meta":[],"product_brand":[],"product_cat":[404],"product_tag":[],"class_list":{"0":"post-19851","1":"product","2":"type-product","3":"status-publish","4":"has-post-thumbnail","6":"product_cat-ibc-ir-bugnu-sildymas","7":"product_shipping_class-omniva-lt","9":"first","10":"onbackorder","11":"taxable","12":"shipping-taxable","13":"purchasable","14":"product-type-simple"},"yoast_head":"<!-- This site is optimized with the Yoast SEO plugin v26.9 - https:\/\/yoast.com\/product\/yoast-seo-wordpress\/ -->\n<title>IBC konteineri\u0173 \u0161ildymo striuk\u0117<\/title>\n<meta name=\"description\" content=\"IBC cisternos \u0161ildymas, kuris u\u017edengia talpykl\u0105 kaip korpusas. Ypa\u010d tinka klampesniems skys\u010diams, tokiems kaip alyva, dyzelinas, sirupai, tepalai, tepalin\u0117s alyvos, vazelinas, va\u0161kas, klijai ir t. t., kuriuos reikia tolygiai kaitinti visoje talpykloje, kaitinti.\" \/>\n<meta name=\"robots\" content=\"index, follow, max-snippet:-1, max-image-preview:large, max-video-preview:-1\" \/>\n<link rel=\"canonical\" href=\"https:\/\/ibc.ee\/lt\/product\/ibc-container-heating-jacket\/\" \/>\n<meta property=\"og:locale\" content=\"lt_LT\" \/>\n<meta property=\"og:type\" content=\"article\" \/>\n<meta property=\"og:title\" content=\"IBC konteineri\u0173 \u0161ildymo striuk\u0117\" \/>\n<meta property=\"og:description\" content=\"IBC cisternos \u0161ildymas, kuris u\u017edengia talpykl\u0105 kaip korpusas. Ypa\u010d tinka klampesniems skys\u010diams, tokiems kaip alyva, dyzelinas, sirupai, tepalai, tepalin\u0117s alyvos, vazelinas, va\u0161kas, klijai ir t. t., kuriuos reikia tolygiai kaitinti visoje talpykloje, kaitinti.\" \/>\n<meta property=\"og:url\" content=\"https:\/\/ibc.ee\/lt\/product\/ibc-container-heating-jacket\/\" \/>\n<meta property=\"og:site_name\" content=\"IBC konteineri m&uuml;&uuml;k, vaadid, kraanid, mahutid\" \/>\n<meta property=\"article:modified_time\" content=\"2025-04-22T12:04:49+00:00\" \/>\n<meta property=\"og:image\" content=\"https:\/\/ibc.ee\/wp-content\/uploads\/2020\/07\/IBC-konteiner-mahuti-kuttemantel-MasterChem.jpg\" \/>\n\t<meta property=\"og:image:width\" content=\"1000\" \/>\n\t<meta property=\"og:image:height\" content=\"1000\" \/>\n\t<meta property=\"og:image:type\" content=\"image\/jpeg\" \/>\n<meta name=\"twitter:card\" content=\"summary_large_image\" \/>\n<script type=\"application\/ld+json\" class=\"yoast-schema-graph\">{\"@context\":\"https:\/\/schema.org\",\"@graph\":[{\"@type\":\"WebPage\",\"@id\":\"https:\/\/ibc.ee\/lt\/product\/ibc-container-heating-jacket\/\",\"url\":\"https:\/\/ibc.ee\/lt\/product\/ibc-container-heating-jacket\/\",\"name\":\"IBC konteineri\u0173 \u0161ildymo striuk\u0117\",\"isPartOf\":{\"@id\":\"https:\/\/www.ibc.ee\/lt\/#website\"},\"primaryImageOfPage\":{\"@id\":\"https:\/\/ibc.ee\/lt\/product\/ibc-container-heating-jacket\/#primaryimage\"},\"image\":{\"@id\":\"https:\/\/ibc.ee\/lt\/product\/ibc-container-heating-jacket\/#primaryimage\"},\"thumbnailUrl\":\"https:\/\/ibc.ee\/wp-content\/uploads\/2020\/07\/IBC-konteiner-mahuti-kuttemantel-MasterChem.jpg\",\"datePublished\":\"2020-07-08T17:08:38+00:00\",\"dateModified\":\"2025-04-22T12:04:49+00:00\",\"description\":\"IBC cisternos \u0161ildymas, kuris u\u017edengia talpykl\u0105 kaip korpusas. Ypa\u010d tinka klampesniems skys\u010diams, tokiems kaip alyva, dyzelinas, sirupai, tepalai, tepalin\u0117s alyvos, vazelinas, va\u0161kas, klijai ir t. t., kuriuos reikia tolygiai kaitinti visoje talpykloje, kaitinti.\",\"breadcrumb\":{\"@id\":\"https:\/\/ibc.ee\/lt\/product\/ibc-container-heating-jacket\/#breadcrumb\"},\"inLanguage\":\"lt-LT\",\"potentialAction\":[{\"@type\":\"ReadAction\",\"target\":[\"https:\/\/ibc.ee\/lt\/product\/ibc-container-heating-jacket\/\"]}]},{\"@type\":\"ImageObject\",\"inLanguage\":\"lt-LT\",\"@id\":\"https:\/\/ibc.ee\/lt\/product\/ibc-container-heating-jacket\/#primaryimage\",\"url\":\"https:\/\/ibc.ee\/wp-content\/uploads\/2020\/07\/IBC-konteiner-mahuti-kuttemantel-MasterChem.jpg\",\"contentUrl\":\"https:\/\/ibc.ee\/wp-content\/uploads\/2020\/07\/IBC-konteiner-mahuti-kuttemantel-MasterChem.jpg\",\"width\":1000,\"height\":1000,\"caption\":\"IBC konteiner mahuti k\u00fcttemantel\"},{\"@type\":\"BreadcrumbList\",\"@id\":\"https:\/\/ibc.ee\/lt\/product\/ibc-container-heating-jacket\/#breadcrumb\",\"itemListElement\":[{\"@type\":\"ListItem\",\"position\":1,\"name\":\"\u0413\u043b\u0430\u0432\u043d\u0430\u044f \u0441\u0442\u0440\u0430\u043d\u0438\u0446\u0430\",\"item\":\"https:\/\/ibc.ee\/lt\/\"},{\"@type\":\"ListItem\",\"position\":2,\"name\":\"Parduotuv\u0117\",\"item\":\"https:\/\/ibc.ee\/lt\/shop\/\"},{\"@type\":\"ListItem\",\"position\":3,\"name\":\"IBC konteineri\u0173 \u0161ildymo striuk\u0117\"}]},{\"@type\":\"WebSite\",\"@id\":\"https:\/\/www.ibc.ee\/lt\/#website\",\"url\":\"https:\/\/www.ibc.ee\/lt\/\",\"name\":\"IBC konteineri m&uuml;&uuml;k, vaadid, kraanid, mahutid\",\"description\":\"IBC - Tank container valve, Adapters\\\\fittings, Intermediate bulk, container, Drums\/cans\",\"potentialAction\":[{\"@type\":\"SearchAction\",\"target\":{\"@type\":\"EntryPoint\",\"urlTemplate\":\"https:\/\/www.ibc.ee\/lt\/?s={search_term_string}\"},\"query-input\":{\"@type\":\"PropertyValueSpecification\",\"valueRequired\":true,\"valueName\":\"search_term_string\"}}],\"inLanguage\":\"lt-LT\"}]}<\/script>\n<!-- \/ Yoast SEO plugin. -->","yoast_head_json":{"title":"IBC konteineri\u0173 \u0161ildymo striuk\u0117","description":"IBC cisternos \u0161ildymas, kuris u\u017edengia talpykl\u0105 kaip korpusas. Ypa\u010d tinka klampesniems skys\u010diams, tokiems kaip alyva, dyzelinas, sirupai, tepalai, tepalin\u0117s alyvos, vazelinas, va\u0161kas, klijai ir t. t., kuriuos reikia tolygiai kaitinti visoje talpykloje, kaitinti.","robots":{"index":"index","follow":"follow","max-snippet":"max-snippet:-1","max-image-preview":"max-image-preview:large","max-video-preview":"max-video-preview:-1"},"canonical":"https:\/\/ibc.ee\/lt\/product\/ibc-container-heating-jacket\/","og_locale":"lt_LT","og_type":"article","og_title":"IBC konteineri\u0173 \u0161ildymo striuk\u0117","og_description":"IBC cisternos \u0161ildymas, kuris u\u017edengia talpykl\u0105 kaip korpusas. Ypa\u010d tinka klampesniems skys\u010diams, tokiems kaip alyva, dyzelinas, sirupai, tepalai, tepalin\u0117s alyvos, vazelinas, va\u0161kas, klijai ir t. t., kuriuos reikia tolygiai kaitinti visoje talpykloje, kaitinti.","og_url":"https:\/\/ibc.ee\/lt\/product\/ibc-container-heating-jacket\/","og_site_name":"IBC konteineri m&uuml;&uuml;k, vaadid, kraanid, mahutid","article_modified_time":"2025-04-22T12:04:49+00:00","og_image":[{"width":1000,"height":1000,"url":"https:\/\/ibc.ee\/wp-content\/uploads\/2020\/07\/IBC-konteiner-mahuti-kuttemantel-MasterChem.jpg","type":"image\/jpeg"}],"twitter_card":"summary_large_image","schema":{"@context":"https:\/\/schema.org","@graph":[{"@type":"WebPage","@id":"https:\/\/ibc.ee\/lt\/product\/ibc-container-heating-jacket\/","url":"https:\/\/ibc.ee\/lt\/product\/ibc-container-heating-jacket\/","name":"IBC konteineri\u0173 \u0161ildymo striuk\u0117","isPartOf":{"@id":"https:\/\/www.ibc.ee\/lt\/#website"},"primaryImageOfPage":{"@id":"https:\/\/ibc.ee\/lt\/product\/ibc-container-heating-jacket\/#primaryimage"},"image":{"@id":"https:\/\/ibc.ee\/lt\/product\/ibc-container-heating-jacket\/#primaryimage"},"thumbnailUrl":"https:\/\/ibc.ee\/wp-content\/uploads\/2020\/07\/IBC-konteiner-mahuti-kuttemantel-MasterChem.jpg","datePublished":"2020-07-08T17:08:38+00:00","dateModified":"2025-04-22T12:04:49+00:00","description":"IBC cisternos \u0161ildymas, kuris u\u017edengia talpykl\u0105 kaip korpusas. Ypa\u010d tinka klampesniems skys\u010diams, tokiems kaip alyva, dyzelinas, sirupai, tepalai, tepalin\u0117s alyvos, vazelinas, va\u0161kas, klijai ir t. t., kuriuos reikia tolygiai kaitinti visoje talpykloje, kaitinti.","breadcrumb":{"@id":"https:\/\/ibc.ee\/lt\/product\/ibc-container-heating-jacket\/#breadcrumb"},"inLanguage":"lt-LT","potentialAction":[{"@type":"ReadAction","target":["https:\/\/ibc.ee\/lt\/product\/ibc-container-heating-jacket\/"]}]},{"@type":"ImageObject","inLanguage":"lt-LT","@id":"https:\/\/ibc.ee\/lt\/product\/ibc-container-heating-jacket\/#primaryimage","url":"https:\/\/ibc.ee\/wp-content\/uploads\/2020\/07\/IBC-konteiner-mahuti-kuttemantel-MasterChem.jpg","contentUrl":"https:\/\/ibc.ee\/wp-content\/uploads\/2020\/07\/IBC-konteiner-mahuti-kuttemantel-MasterChem.jpg","width":1000,"height":1000,"caption":"IBC konteiner mahuti k\u00fcttemantel"},{"@type":"BreadcrumbList","@id":"https:\/\/ibc.ee\/lt\/product\/ibc-container-heating-jacket\/#breadcrumb","itemListElement":[{"@type":"ListItem","position":1,"name":"\u0413\u043b\u0430\u0432\u043d\u0430\u044f \u0441\u0442\u0440\u0430\u043d\u0438\u0446\u0430","item":"https:\/\/ibc.ee\/lt\/"},{"@type":"ListItem","position":2,"name":"Parduotuv\u0117","item":"https:\/\/ibc.ee\/lt\/shop\/"},{"@type":"ListItem","position":3,"name":"IBC konteineri\u0173 \u0161ildymo striuk\u0117"}]},{"@type":"WebSite","@id":"https:\/\/www.ibc.ee\/lt\/#website","url":"https:\/\/www.ibc.ee\/lt\/","name":"IBC konteineri m&uuml;&uuml;k, vaadid, kraanid, mahutid","description":"IBC - Tank container valve, Adapters\\fittings, Intermediate bulk, container, Drums\/cans","potentialAction":[{"@type":"SearchAction","target":{"@type":"EntryPoint","urlTemplate":"https:\/\/www.ibc.ee\/lt\/?s={search_term_string}"},"query-input":{"@type":"PropertyValueSpecification","valueRequired":true,"valueName":"search_term_string"}}],"inLanguage":"lt-LT"}]}},"_links":{"self":[{"href":"https:\/\/ibc.ee\/lt\/wp-json\/wp\/v2\/product\/19851","targetHints":{"allow":["GET"]}}],"collection":[{"href":"https:\/\/ibc.ee\/lt\/wp-json\/wp\/v2\/product"}],"about":[{"href":"https:\/\/ibc.ee\/lt\/wp-json\/wp\/v2\/types\/product"}],"wp:featuredmedia":[{"embeddable":true,"href":"https:\/\/ibc.ee\/lt\/wp-json\/wp\/v2\/media\/19858"}],"wp:attachment":[{"href":"https:\/\/ibc.ee\/lt\/wp-json\/wp\/v2\/media?parent=19851"}],"wp:term":[{"taxonomy":"product_brand","embeddable":true,"href":"https:\/\/ibc.ee\/lt\/wp-json\/wp\/v2\/product_brand?post=19851"},{"taxonomy":"product_cat","embeddable":true,"href":"https:\/\/ibc.ee\/lt\/wp-json\/wp\/v2\/product_cat?post=19851"},{"taxonomy":"product_tag","embeddable":true,"href":"https:\/\/ibc.ee\/lt\/wp-json\/wp\/v2\/product_tag?post=19851"}],"curies":[{"name":"wp","href":"https:\/\/api.w.org\/{rel}","templated":true}]}}