{"id":20046,"date":"2021-02-10T12:01:03","date_gmt":"2021-02-10T10:01:04","guid":{"rendered":"https:\/\/ibc.ee\/?post_type=product&#038;p=20046"},"modified":"2022-02-22T09:25:31","modified_gmt":"2022-02-22T07:25:31","slug":"juostinis-ciaupas-51mm-20-25l","status":"publish","type":"product","link":"https:\/\/ibc.ee\/lt\/product\/juostinis-ciaupas-51mm-20-25l\/","title":{"rendered":"Juostinis \u010diaupas 51mm 20-25l"},"content":{"rendered":"<p><strong> 20\/25 L talpos mai\u0161ytuvas mai\u0161ytuvui <\/strong><br \/>\n&#8211; yra oro srauto sistema &#8211; skystis i\u0161teka tolygiai<br \/>\n&#8211; \u010diaupas 25 l arba 20 l talpos indui<br \/>\n&#8211; sriegio dydis 51 mm<br \/>\n&#8211; tinka vandeniui, \u0161ildymui ir alyvai<\/p>\n<div style=\"width: 960px;\" class=\"wp-video\"><video class=\"wp-video-shortcode\" id=\"video-20046-1\" width=\"960\" height=\"540\" preload=\"metadata\" controls=\"controls\"><source type=\"video\/mp4\" src=\"https:\/\/ibc.ee\/wp-content\/uploads\/2021\/02\/51mm_Cap_Tool_Drum_Tap_Spanner.mp4?_=1\" \/><a href=\"https:\/\/ibc.ee\/wp-content\/uploads\/2021\/02\/51mm_Cap_Tool_Drum_Tap_Spanner.mp4\">https:\/\/ibc.ee\/wp-content\/uploads\/2021\/02\/51mm_Cap_Tool_Drum_Tap_Spanner.mp4<\/a><\/video><\/div>\n","protected":false},"excerpt":{"rendered":"<p>20\/25 L talpos mai\u0161ytuvas mai\u0161ytuvui &#8211; yra oro srauto sistema &#8211; skystis i\u0161teka tolygiai &#8211; \u010diaupas 25 l arba 20 l talpos indui &#8211; sriegio dydis 51 mm &#8211; tinka vandeniui, \u0161ildymui ir alyvai<\/p>\n","protected":false},"featured_media":20060,"template":"","meta":[],"product_brand":[],"product_cat":[322],"product_tag":[],"class_list":{"0":"post-20046","1":"product","2":"type-product","3":"status-publish","4":"has-post-thumbnail","6":"product_cat-tank-konteineriu-voztuvas-ibc-konteineris","7":"product_shipping_class-omniva-lt","9":"first","10":"instock","11":"taxable","12":"shipping-taxable","13":"purchasable","14":"product-type-simple"},"yoast_head":"<!-- This site is optimized with the Yoast SEO plugin v26.9 - https:\/\/yoast.com\/product\/yoast-seo-wordpress\/ -->\n<title>Juostinis \u010diaupas 51mm 20-25l<\/title>\n<meta name=\"description\" content=\"51 mm dangtelio \u012frankio b\u016bgno \u010diaupo ver\u017eliaraktis. Yra oro srauto sistema - skystis i\u0161teka tolygiai. Bakstel\u0117kite 25 l arba 20 l talpos ind\u0105. Sriegio dydis 51 mm. tinka vandeniui, \u0161ildymui ir alyvai\" \/>\n<meta name=\"robots\" content=\"index, follow, max-snippet:-1, max-image-preview:large, max-video-preview:-1\" \/>\n<link rel=\"canonical\" href=\"https:\/\/ibc.ee\/lt\/product\/juostinis-ciaupas-51mm-20-25l\/\" \/>\n<meta property=\"og:locale\" content=\"lt_LT\" \/>\n<meta property=\"og:type\" content=\"article\" \/>\n<meta property=\"og:title\" content=\"Juostinis \u010diaupas 51mm 20-25l\" \/>\n<meta property=\"og:description\" content=\"51 mm dangtelio \u012frankio b\u016bgno \u010diaupo ver\u017eliaraktis. Yra oro srauto sistema - skystis i\u0161teka tolygiai. Bakstel\u0117kite 25 l arba 20 l talpos ind\u0105. Sriegio dydis 51 mm. tinka vandeniui, \u0161ildymui ir alyvai\" \/>\n<meta property=\"og:url\" content=\"https:\/\/ibc.ee\/lt\/product\/juostinis-ciaupas-51mm-20-25l\/\" \/>\n<meta property=\"og:site_name\" content=\"IBC konteineri m&uuml;&uuml;k, vaadid, kraanid, mahutid\" \/>\n<meta property=\"article:modified_time\" content=\"2022-02-22T07:25:31+00:00\" \/>\n<meta property=\"og:image\" content=\"https:\/\/ibc.ee\/wp-content\/uploads\/2021\/02\/Vaadikraan_51mm_20-25l_2.jpg\" \/>\n\t<meta property=\"og:image:width\" content=\"1000\" \/>\n\t<meta property=\"og:image:height\" content=\"1000\" \/>\n\t<meta property=\"og:image:type\" content=\"image\/jpeg\" \/>\n<meta name=\"twitter:card\" content=\"summary_large_image\" \/>\n<script type=\"application\/ld+json\" class=\"yoast-schema-graph\">{\"@context\":\"https:\/\/schema.org\",\"@graph\":[{\"@type\":\"WebPage\",\"@id\":\"https:\/\/ibc.ee\/lt\/product\/juostinis-ciaupas-51mm-20-25l\/\",\"url\":\"https:\/\/ibc.ee\/lt\/product\/juostinis-ciaupas-51mm-20-25l\/\",\"name\":\"Juostinis \u010diaupas 51mm 20-25l\",\"isPartOf\":{\"@id\":\"https:\/\/www.ibc.ee\/lt\/#website\"},\"primaryImageOfPage\":{\"@id\":\"https:\/\/ibc.ee\/lt\/product\/juostinis-ciaupas-51mm-20-25l\/#primaryimage\"},\"image\":{\"@id\":\"https:\/\/ibc.ee\/lt\/product\/juostinis-ciaupas-51mm-20-25l\/#primaryimage\"},\"thumbnailUrl\":\"https:\/\/ibc.ee\/wp-content\/uploads\/2021\/02\/Vaadikraan_51mm_20-25l_2.jpg\",\"datePublished\":\"2021-02-10T10:01:04+00:00\",\"dateModified\":\"2022-02-22T07:25:31+00:00\",\"description\":\"51 mm dangtelio \u012frankio b\u016bgno \u010diaupo ver\u017eliaraktis. Yra oro srauto sistema - skystis i\u0161teka tolygiai. Bakstel\u0117kite 25 l arba 20 l talpos ind\u0105. Sriegio dydis 51 mm. tinka vandeniui, \u0161ildymui ir alyvai\",\"breadcrumb\":{\"@id\":\"https:\/\/ibc.ee\/lt\/product\/juostinis-ciaupas-51mm-20-25l\/#breadcrumb\"},\"inLanguage\":\"lt-LT\",\"potentialAction\":[{\"@type\":\"ReadAction\",\"target\":[\"https:\/\/ibc.ee\/lt\/product\/juostinis-ciaupas-51mm-20-25l\/\"]}]},{\"@type\":\"ImageObject\",\"inLanguage\":\"lt-LT\",\"@id\":\"https:\/\/ibc.ee\/lt\/product\/juostinis-ciaupas-51mm-20-25l\/#primaryimage\",\"url\":\"https:\/\/ibc.ee\/wp-content\/uploads\/2021\/02\/Vaadikraan_51mm_20-25l_2.jpg\",\"contentUrl\":\"https:\/\/ibc.ee\/wp-content\/uploads\/2021\/02\/Vaadikraan_51mm_20-25l_2.jpg\",\"width\":1000,\"height\":1000,\"caption\":\"Juostinis \u010diaupas 51mm 20-25l\"},{\"@type\":\"BreadcrumbList\",\"@id\":\"https:\/\/ibc.ee\/lt\/product\/juostinis-ciaupas-51mm-20-25l\/#breadcrumb\",\"itemListElement\":[{\"@type\":\"ListItem\",\"position\":1,\"name\":\"\u0413\u043b\u0430\u0432\u043d\u0430\u044f \u0441\u0442\u0440\u0430\u043d\u0438\u0446\u0430\",\"item\":\"https:\/\/ibc.ee\/lt\/\"},{\"@type\":\"ListItem\",\"position\":2,\"name\":\"Parduotuv\u0117\",\"item\":\"https:\/\/ibc.ee\/lt\/shop\/\"},{\"@type\":\"ListItem\",\"position\":3,\"name\":\"Juostinis \u010diaupas 51mm 20-25l\"}]},{\"@type\":\"WebSite\",\"@id\":\"https:\/\/www.ibc.ee\/lt\/#website\",\"url\":\"https:\/\/www.ibc.ee\/lt\/\",\"name\":\"IBC konteineri m&uuml;&uuml;k, vaadid, kraanid, mahutid\",\"description\":\"IBC - Tank container valve, Adapters\\\\fittings, Intermediate bulk, container, Drums\/cans\",\"potentialAction\":[{\"@type\":\"SearchAction\",\"target\":{\"@type\":\"EntryPoint\",\"urlTemplate\":\"https:\/\/www.ibc.ee\/lt\/?s={search_term_string}\"},\"query-input\":{\"@type\":\"PropertyValueSpecification\",\"valueRequired\":true,\"valueName\":\"search_term_string\"}}],\"inLanguage\":\"lt-LT\"}]}<\/script>\n<!-- \/ Yoast SEO plugin. -->","yoast_head_json":{"title":"Juostinis \u010diaupas 51mm 20-25l","description":"51 mm dangtelio \u012frankio b\u016bgno \u010diaupo ver\u017eliaraktis. Yra oro srauto sistema - skystis i\u0161teka tolygiai. Bakstel\u0117kite 25 l arba 20 l talpos ind\u0105. Sriegio dydis 51 mm. tinka vandeniui, \u0161ildymui ir alyvai","robots":{"index":"index","follow":"follow","max-snippet":"max-snippet:-1","max-image-preview":"max-image-preview:large","max-video-preview":"max-video-preview:-1"},"canonical":"https:\/\/ibc.ee\/lt\/product\/juostinis-ciaupas-51mm-20-25l\/","og_locale":"lt_LT","og_type":"article","og_title":"Juostinis \u010diaupas 51mm 20-25l","og_description":"51 mm dangtelio \u012frankio b\u016bgno \u010diaupo ver\u017eliaraktis. Yra oro srauto sistema - skystis i\u0161teka tolygiai. Bakstel\u0117kite 25 l arba 20 l talpos ind\u0105. Sriegio dydis 51 mm. tinka vandeniui, \u0161ildymui ir alyvai","og_url":"https:\/\/ibc.ee\/lt\/product\/juostinis-ciaupas-51mm-20-25l\/","og_site_name":"IBC konteineri m&uuml;&uuml;k, vaadid, kraanid, mahutid","article_modified_time":"2022-02-22T07:25:31+00:00","og_image":[{"width":1000,"height":1000,"url":"https:\/\/ibc.ee\/wp-content\/uploads\/2021\/02\/Vaadikraan_51mm_20-25l_2.jpg","type":"image\/jpeg"}],"twitter_card":"summary_large_image","schema":{"@context":"https:\/\/schema.org","@graph":[{"@type":"WebPage","@id":"https:\/\/ibc.ee\/lt\/product\/juostinis-ciaupas-51mm-20-25l\/","url":"https:\/\/ibc.ee\/lt\/product\/juostinis-ciaupas-51mm-20-25l\/","name":"Juostinis \u010diaupas 51mm 20-25l","isPartOf":{"@id":"https:\/\/www.ibc.ee\/lt\/#website"},"primaryImageOfPage":{"@id":"https:\/\/ibc.ee\/lt\/product\/juostinis-ciaupas-51mm-20-25l\/#primaryimage"},"image":{"@id":"https:\/\/ibc.ee\/lt\/product\/juostinis-ciaupas-51mm-20-25l\/#primaryimage"},"thumbnailUrl":"https:\/\/ibc.ee\/wp-content\/uploads\/2021\/02\/Vaadikraan_51mm_20-25l_2.jpg","datePublished":"2021-02-10T10:01:04+00:00","dateModified":"2022-02-22T07:25:31+00:00","description":"51 mm dangtelio \u012frankio b\u016bgno \u010diaupo ver\u017eliaraktis. Yra oro srauto sistema - skystis i\u0161teka tolygiai. Bakstel\u0117kite 25 l arba 20 l talpos ind\u0105. Sriegio dydis 51 mm. tinka vandeniui, \u0161ildymui ir alyvai","breadcrumb":{"@id":"https:\/\/ibc.ee\/lt\/product\/juostinis-ciaupas-51mm-20-25l\/#breadcrumb"},"inLanguage":"lt-LT","potentialAction":[{"@type":"ReadAction","target":["https:\/\/ibc.ee\/lt\/product\/juostinis-ciaupas-51mm-20-25l\/"]}]},{"@type":"ImageObject","inLanguage":"lt-LT","@id":"https:\/\/ibc.ee\/lt\/product\/juostinis-ciaupas-51mm-20-25l\/#primaryimage","url":"https:\/\/ibc.ee\/wp-content\/uploads\/2021\/02\/Vaadikraan_51mm_20-25l_2.jpg","contentUrl":"https:\/\/ibc.ee\/wp-content\/uploads\/2021\/02\/Vaadikraan_51mm_20-25l_2.jpg","width":1000,"height":1000,"caption":"Juostinis \u010diaupas 51mm 20-25l"},{"@type":"BreadcrumbList","@id":"https:\/\/ibc.ee\/lt\/product\/juostinis-ciaupas-51mm-20-25l\/#breadcrumb","itemListElement":[{"@type":"ListItem","position":1,"name":"\u0413\u043b\u0430\u0432\u043d\u0430\u044f \u0441\u0442\u0440\u0430\u043d\u0438\u0446\u0430","item":"https:\/\/ibc.ee\/lt\/"},{"@type":"ListItem","position":2,"name":"Parduotuv\u0117","item":"https:\/\/ibc.ee\/lt\/shop\/"},{"@type":"ListItem","position":3,"name":"Juostinis \u010diaupas 51mm 20-25l"}]},{"@type":"WebSite","@id":"https:\/\/www.ibc.ee\/lt\/#website","url":"https:\/\/www.ibc.ee\/lt\/","name":"IBC konteineri m&uuml;&uuml;k, vaadid, kraanid, mahutid","description":"IBC - Tank container valve, Adapters\\fittings, Intermediate bulk, container, Drums\/cans","potentialAction":[{"@type":"SearchAction","target":{"@type":"EntryPoint","urlTemplate":"https:\/\/www.ibc.ee\/lt\/?s={search_term_string}"},"query-input":{"@type":"PropertyValueSpecification","valueRequired":true,"valueName":"search_term_string"}}],"inLanguage":"lt-LT"}]}},"_links":{"self":[{"href":"https:\/\/ibc.ee\/lt\/wp-json\/wp\/v2\/product\/20046","targetHints":{"allow":["GET"]}}],"collection":[{"href":"https:\/\/ibc.ee\/lt\/wp-json\/wp\/v2\/product"}],"about":[{"href":"https:\/\/ibc.ee\/lt\/wp-json\/wp\/v2\/types\/product"}],"wp:featuredmedia":[{"embeddable":true,"href":"https:\/\/ibc.ee\/lt\/wp-json\/wp\/v2\/media\/20060"}],"wp:attachment":[{"href":"https:\/\/ibc.ee\/lt\/wp-json\/wp\/v2\/media?parent=20046"}],"wp:term":[{"taxonomy":"product_brand","embeddable":true,"href":"https:\/\/ibc.ee\/lt\/wp-json\/wp\/v2\/product_brand?post=20046"},{"taxonomy":"product_cat","embeddable":true,"href":"https:\/\/ibc.ee\/lt\/wp-json\/wp\/v2\/product_cat?post=20046"},{"taxonomy":"product_tag","embeddable":true,"href":"https:\/\/ibc.ee\/lt\/wp-json\/wp\/v2\/product_tag?post=20046"}],"curies":[{"name":"wp","href":"https:\/\/api.w.org\/{rel}","templated":true}]}}