{"id":20112,"date":"2021-02-19T11:16:13","date_gmt":"2021-02-19T09:16:13","guid":{"rendered":"https:\/\/ibc.ee\/?post_type=product&#038;p=20112"},"modified":"2025-04-22T13:49:48","modified_gmt":"2025-04-22T11:49:48","slug":"d-490-steel-lever-action-oil-transfer-drum-pump","status":"publish","type":"product","link":"https:\/\/ibc.ee\/lt\/product\/d-490-steel-lever-action-oil-transfer-drum-pump\/","title":{"rendered":"D-490 plieninis svirtinis alyvos perpylimo b\u016bgno siurblys"},"content":{"rendered":"<p>D-490 Plieninis svirtinis alyvos perpylimo b\u016bgno siurblys<\/p>\n<p>Specifikacijos:<br \/>\nMed\u017eiaga: Chromu padengtas plienas<br \/>\nSandariklio med\u017eiaga: NBR<br \/>\nSt\u016bmoklis: PP<br \/>\nPrijungimo adapteris: 1-1\/2&#8243; ir 2&#8243;<br \/>\n\u012eleidimo ir i\u0161leidimo skersmuo: 35 mm\/19 mm<br \/>\nGaminio ilgis: 1380 mm<br \/>\nTalpa: 350 kub. cm\/takto<br \/>\nSrautas: 20 l\/min<br \/>\nSiurbimas \/ pak\u0117limas: 3 m\/5 m<br \/>\nTaikomi b\u016bgnai: 15-55 galon\u0173<br \/>\nTaikymo sritys: Dyzelinas, \u017eibalas, variklin\u0117 alyva, hidraulin\u0117 alyva<\/p>\n","protected":false},"excerpt":{"rendered":"<p>D-490 Plieninis svirtinis alyvos perpylimo b\u016bgno siurblys Specifikacijos: Med\u017eiaga: Chromu padengtas plienas Sandariklio med\u017eiaga: NBR St\u016bmoklis: PP Prijungimo adapteris: 1-1\/2&#8243; ir 2&#8243; \u012eleidimo ir i\u0161leidimo skersmuo: 35 mm\/19 mm Gaminio ilgis: 1380 mm Talpa: 350 kub. cm\/takto Srautas: 20 l\/min Siurbimas \/ pak\u0117limas: 3 m\/5 m Taikomi b\u016bgnai: 15-55 galon\u0173 Taikymo sritys: Dyzelinas, \u017eibalas, variklin\u0117 [&hellip;]<\/p>\n","protected":false},"featured_media":20119,"template":"","meta":[],"product_brand":[],"product_cat":[314],"product_tag":[],"class_list":{"0":"post-20112","1":"product","2":"type-product","3":"status-publish","4":"has-post-thumbnail","6":"product_cat-bugnai-ir-kuro-bakeliai","7":"product_shipping_class-acessories-lt","9":"first","10":"onbackorder","11":"taxable","12":"shipping-taxable","13":"purchasable","14":"product-type-simple"},"yoast_head":"<!-- This site is optimized with the Yoast SEO plugin v26.9 - https:\/\/yoast.com\/product\/yoast-seo-wordpress\/ -->\n<title>D-490 plieninis svirtinis alyvos perpylimo b\u016bgno siurblys -<\/title>\n<meta name=\"description\" content=\"Med\u017eiaga: Med\u017eiaga: chromuotas elektroliuotas plienas. Sandariklio med\u017eiaga: NBR. St\u016bmoklis: MED\u017dIAGA: PP. Jungties adapteris: 1-1\/2&quot; &amp; 2&quot;. Srautas: 20 l\/min. \u012esiurbimas \/ pak\u0117limas: 3 m\/5 m. Naudojimo b\u016bdai: 1: Dyzelinas, \u017eibalas, variklin\u0117 alyva, hidraulin\u0117 alyva.\" \/>\n<meta name=\"robots\" content=\"index, follow, max-snippet:-1, max-image-preview:large, max-video-preview:-1\" \/>\n<link rel=\"canonical\" href=\"https:\/\/ibc.ee\/lt\/product\/d-490-steel-lever-action-oil-transfer-drum-pump\/\" \/>\n<meta property=\"og:locale\" content=\"lt_LT\" \/>\n<meta property=\"og:type\" content=\"article\" \/>\n<meta property=\"og:title\" content=\"D-490 plieninis svirtinis alyvos perpylimo b\u016bgno siurblys -\" \/>\n<meta property=\"og:description\" content=\"Med\u017eiaga: Med\u017eiaga: chromuotas elektroliuotas plienas. Sandariklio med\u017eiaga: NBR. St\u016bmoklis: MED\u017dIAGA: PP. Jungties adapteris: 1-1\/2&quot; &amp; 2&quot;. Srautas: 20 l\/min. \u012esiurbimas \/ pak\u0117limas: 3 m\/5 m. Naudojimo b\u016bdai: 1: Dyzelinas, \u017eibalas, variklin\u0117 alyva, hidraulin\u0117 alyva.\" \/>\n<meta property=\"og:url\" content=\"https:\/\/ibc.ee\/lt\/product\/d-490-steel-lever-action-oil-transfer-drum-pump\/\" \/>\n<meta property=\"og:site_name\" content=\"IBC konteineri m&uuml;&uuml;k, vaadid, kraanid, mahutid\" \/>\n<meta property=\"article:modified_time\" content=\"2025-04-22T11:49:48+00:00\" \/>\n<meta property=\"og:image\" content=\"https:\/\/ibc.ee\/wp-content\/uploads\/2021\/02\/D-490-Terasest-vaadipump-olide.jpg\" \/>\n\t<meta property=\"og:image:width\" content=\"1000\" \/>\n\t<meta property=\"og:image:height\" content=\"1000\" \/>\n\t<meta property=\"og:image:type\" content=\"image\/jpeg\" \/>\n<meta name=\"twitter:card\" content=\"summary_large_image\" \/>\n<script type=\"application\/ld+json\" class=\"yoast-schema-graph\">{\"@context\":\"https:\/\/schema.org\",\"@graph\":[{\"@type\":\"WebPage\",\"@id\":\"https:\/\/ibc.ee\/lt\/product\/d-490-steel-lever-action-oil-transfer-drum-pump\/\",\"url\":\"https:\/\/ibc.ee\/lt\/product\/d-490-steel-lever-action-oil-transfer-drum-pump\/\",\"name\":\"D-490 plieninis svirtinis alyvos perpylimo b\u016bgno siurblys -\",\"isPartOf\":{\"@id\":\"https:\/\/www.ibc.ee\/lt\/#website\"},\"primaryImageOfPage\":{\"@id\":\"https:\/\/ibc.ee\/lt\/product\/d-490-steel-lever-action-oil-transfer-drum-pump\/#primaryimage\"},\"image\":{\"@id\":\"https:\/\/ibc.ee\/lt\/product\/d-490-steel-lever-action-oil-transfer-drum-pump\/#primaryimage\"},\"thumbnailUrl\":\"https:\/\/ibc.ee\/wp-content\/uploads\/2021\/02\/D-490-Terasest-vaadipump-olide.jpg\",\"datePublished\":\"2021-02-19T09:16:13+00:00\",\"dateModified\":\"2025-04-22T11:49:48+00:00\",\"description\":\"Med\u017eiaga: Med\u017eiaga: chromuotas elektroliuotas plienas. Sandariklio med\u017eiaga: NBR. St\u016bmoklis: MED\u017dIAGA: PP. Jungties adapteris: 1-1\/2\\\" & 2\\\". Srautas: 20 l\/min. \u012esiurbimas \/ pak\u0117limas: 3 m\/5 m. Naudojimo b\u016bdai: 1: Dyzelinas, \u017eibalas, variklin\u0117 alyva, hidraulin\u0117 alyva.\",\"breadcrumb\":{\"@id\":\"https:\/\/ibc.ee\/lt\/product\/d-490-steel-lever-action-oil-transfer-drum-pump\/#breadcrumb\"},\"inLanguage\":\"lt-LT\",\"potentialAction\":[{\"@type\":\"ReadAction\",\"target\":[\"https:\/\/ibc.ee\/lt\/product\/d-490-steel-lever-action-oil-transfer-drum-pump\/\"]}]},{\"@type\":\"ImageObject\",\"inLanguage\":\"lt-LT\",\"@id\":\"https:\/\/ibc.ee\/lt\/product\/d-490-steel-lever-action-oil-transfer-drum-pump\/#primaryimage\",\"url\":\"https:\/\/ibc.ee\/wp-content\/uploads\/2021\/02\/D-490-Terasest-vaadipump-olide.jpg\",\"contentUrl\":\"https:\/\/ibc.ee\/wp-content\/uploads\/2021\/02\/D-490-Terasest-vaadipump-olide.jpg\",\"width\":1000,\"height\":1000,\"caption\":\"D-490 Steel Lever Action Oil Transfer Drum Pump\"},{\"@type\":\"BreadcrumbList\",\"@id\":\"https:\/\/ibc.ee\/lt\/product\/d-490-steel-lever-action-oil-transfer-drum-pump\/#breadcrumb\",\"itemListElement\":[{\"@type\":\"ListItem\",\"position\":1,\"name\":\"\u0413\u043b\u0430\u0432\u043d\u0430\u044f \u0441\u0442\u0440\u0430\u043d\u0438\u0446\u0430\",\"item\":\"https:\/\/ibc.ee\/lt\/\"},{\"@type\":\"ListItem\",\"position\":2,\"name\":\"Parduotuv\u0117\",\"item\":\"https:\/\/ibc.ee\/lt\/shop\/\"},{\"@type\":\"ListItem\",\"position\":3,\"name\":\"D-490 plieninis svirtinis alyvos perpylimo b\u016bgno siurblys\"}]},{\"@type\":\"WebSite\",\"@id\":\"https:\/\/www.ibc.ee\/lt\/#website\",\"url\":\"https:\/\/www.ibc.ee\/lt\/\",\"name\":\"IBC konteineri m&uuml;&uuml;k, vaadid, kraanid, mahutid\",\"description\":\"IBC - Tank container valve, Adapters\\\\fittings, Intermediate bulk, container, Drums\/cans\",\"potentialAction\":[{\"@type\":\"SearchAction\",\"target\":{\"@type\":\"EntryPoint\",\"urlTemplate\":\"https:\/\/www.ibc.ee\/lt\/?s={search_term_string}\"},\"query-input\":{\"@type\":\"PropertyValueSpecification\",\"valueRequired\":true,\"valueName\":\"search_term_string\"}}],\"inLanguage\":\"lt-LT\"}]}<\/script>\n<!-- \/ Yoast SEO plugin. -->","yoast_head_json":{"title":"D-490 plieninis svirtinis alyvos perpylimo b\u016bgno siurblys -","description":"Med\u017eiaga: Med\u017eiaga: chromuotas elektroliuotas plienas. Sandariklio med\u017eiaga: NBR. St\u016bmoklis: MED\u017dIAGA: PP. Jungties adapteris: 1-1\/2\" & 2\". Srautas: 20 l\/min. \u012esiurbimas \/ pak\u0117limas: 3 m\/5 m. Naudojimo b\u016bdai: 1: Dyzelinas, \u017eibalas, variklin\u0117 alyva, hidraulin\u0117 alyva.","robots":{"index":"index","follow":"follow","max-snippet":"max-snippet:-1","max-image-preview":"max-image-preview:large","max-video-preview":"max-video-preview:-1"},"canonical":"https:\/\/ibc.ee\/lt\/product\/d-490-steel-lever-action-oil-transfer-drum-pump\/","og_locale":"lt_LT","og_type":"article","og_title":"D-490 plieninis svirtinis alyvos perpylimo b\u016bgno siurblys -","og_description":"Med\u017eiaga: Med\u017eiaga: chromuotas elektroliuotas plienas. Sandariklio med\u017eiaga: NBR. St\u016bmoklis: MED\u017dIAGA: PP. Jungties adapteris: 1-1\/2\" & 2\". Srautas: 20 l\/min. \u012esiurbimas \/ pak\u0117limas: 3 m\/5 m. Naudojimo b\u016bdai: 1: Dyzelinas, \u017eibalas, variklin\u0117 alyva, hidraulin\u0117 alyva.","og_url":"https:\/\/ibc.ee\/lt\/product\/d-490-steel-lever-action-oil-transfer-drum-pump\/","og_site_name":"IBC konteineri m&uuml;&uuml;k, vaadid, kraanid, mahutid","article_modified_time":"2025-04-22T11:49:48+00:00","og_image":[{"width":1000,"height":1000,"url":"https:\/\/ibc.ee\/wp-content\/uploads\/2021\/02\/D-490-Terasest-vaadipump-olide.jpg","type":"image\/jpeg"}],"twitter_card":"summary_large_image","schema":{"@context":"https:\/\/schema.org","@graph":[{"@type":"WebPage","@id":"https:\/\/ibc.ee\/lt\/product\/d-490-steel-lever-action-oil-transfer-drum-pump\/","url":"https:\/\/ibc.ee\/lt\/product\/d-490-steel-lever-action-oil-transfer-drum-pump\/","name":"D-490 plieninis svirtinis alyvos perpylimo b\u016bgno siurblys -","isPartOf":{"@id":"https:\/\/www.ibc.ee\/lt\/#website"},"primaryImageOfPage":{"@id":"https:\/\/ibc.ee\/lt\/product\/d-490-steel-lever-action-oil-transfer-drum-pump\/#primaryimage"},"image":{"@id":"https:\/\/ibc.ee\/lt\/product\/d-490-steel-lever-action-oil-transfer-drum-pump\/#primaryimage"},"thumbnailUrl":"https:\/\/ibc.ee\/wp-content\/uploads\/2021\/02\/D-490-Terasest-vaadipump-olide.jpg","datePublished":"2021-02-19T09:16:13+00:00","dateModified":"2025-04-22T11:49:48+00:00","description":"Med\u017eiaga: Med\u017eiaga: chromuotas elektroliuotas plienas. Sandariklio med\u017eiaga: NBR. St\u016bmoklis: MED\u017dIAGA: PP. Jungties adapteris: 1-1\/2\" & 2\". Srautas: 20 l\/min. \u012esiurbimas \/ pak\u0117limas: 3 m\/5 m. Naudojimo b\u016bdai: 1: Dyzelinas, \u017eibalas, variklin\u0117 alyva, hidraulin\u0117 alyva.","breadcrumb":{"@id":"https:\/\/ibc.ee\/lt\/product\/d-490-steel-lever-action-oil-transfer-drum-pump\/#breadcrumb"},"inLanguage":"lt-LT","potentialAction":[{"@type":"ReadAction","target":["https:\/\/ibc.ee\/lt\/product\/d-490-steel-lever-action-oil-transfer-drum-pump\/"]}]},{"@type":"ImageObject","inLanguage":"lt-LT","@id":"https:\/\/ibc.ee\/lt\/product\/d-490-steel-lever-action-oil-transfer-drum-pump\/#primaryimage","url":"https:\/\/ibc.ee\/wp-content\/uploads\/2021\/02\/D-490-Terasest-vaadipump-olide.jpg","contentUrl":"https:\/\/ibc.ee\/wp-content\/uploads\/2021\/02\/D-490-Terasest-vaadipump-olide.jpg","width":1000,"height":1000,"caption":"D-490 Steel Lever Action Oil Transfer Drum Pump"},{"@type":"BreadcrumbList","@id":"https:\/\/ibc.ee\/lt\/product\/d-490-steel-lever-action-oil-transfer-drum-pump\/#breadcrumb","itemListElement":[{"@type":"ListItem","position":1,"name":"\u0413\u043b\u0430\u0432\u043d\u0430\u044f \u0441\u0442\u0440\u0430\u043d\u0438\u0446\u0430","item":"https:\/\/ibc.ee\/lt\/"},{"@type":"ListItem","position":2,"name":"Parduotuv\u0117","item":"https:\/\/ibc.ee\/lt\/shop\/"},{"@type":"ListItem","position":3,"name":"D-490 plieninis svirtinis alyvos perpylimo b\u016bgno siurblys"}]},{"@type":"WebSite","@id":"https:\/\/www.ibc.ee\/lt\/#website","url":"https:\/\/www.ibc.ee\/lt\/","name":"IBC konteineri m&uuml;&uuml;k, vaadid, kraanid, mahutid","description":"IBC - Tank container valve, Adapters\\fittings, Intermediate bulk, container, Drums\/cans","potentialAction":[{"@type":"SearchAction","target":{"@type":"EntryPoint","urlTemplate":"https:\/\/www.ibc.ee\/lt\/?s={search_term_string}"},"query-input":{"@type":"PropertyValueSpecification","valueRequired":true,"valueName":"search_term_string"}}],"inLanguage":"lt-LT"}]}},"_links":{"self":[{"href":"https:\/\/ibc.ee\/lt\/wp-json\/wp\/v2\/product\/20112","targetHints":{"allow":["GET"]}}],"collection":[{"href":"https:\/\/ibc.ee\/lt\/wp-json\/wp\/v2\/product"}],"about":[{"href":"https:\/\/ibc.ee\/lt\/wp-json\/wp\/v2\/types\/product"}],"wp:featuredmedia":[{"embeddable":true,"href":"https:\/\/ibc.ee\/lt\/wp-json\/wp\/v2\/media\/20119"}],"wp:attachment":[{"href":"https:\/\/ibc.ee\/lt\/wp-json\/wp\/v2\/media?parent=20112"}],"wp:term":[{"taxonomy":"product_brand","embeddable":true,"href":"https:\/\/ibc.ee\/lt\/wp-json\/wp\/v2\/product_brand?post=20112"},{"taxonomy":"product_cat","embeddable":true,"href":"https:\/\/ibc.ee\/lt\/wp-json\/wp\/v2\/product_cat?post=20112"},{"taxonomy":"product_tag","embeddable":true,"href":"https:\/\/ibc.ee\/lt\/wp-json\/wp\/v2\/product_tag?post=20112"}],"curies":[{"name":"wp","href":"https:\/\/api.w.org\/{rel}","templated":true}]}}