{"id":20126,"date":"2021-02-19T20:49:53","date_gmt":"2021-02-19T18:49:53","guid":{"rendered":"https:\/\/ibc.ee\/?post_type=product&#038;p=20126"},"modified":"2025-04-22T13:45:33","modified_gmt":"2025-04-22T11:45:33","slug":"lever-adblue-fluid-transfer-hand-pump-16-l-min","status":"publish","type":"product","link":"https:\/\/ibc.ee\/lt\/product\/lever-adblue-fluid-transfer-hand-pump-16-l-min\/","title":{"rendered":"Rankinis &#8222;Adblue&#8221; skys\u010dio perpylimo siurblys &#8211; 16 l\/min"},"content":{"rendered":"<p>Svirtinis &#8222;Adblue&#8221; skys\u010dio perpylimo rankinis siurblys &#8211; 16 l\/min<\/p>\n<p>Specifikacijos:<br \/>\nMed\u017eiaga: Plastikas &#8211; PE<br \/>\nSandariklio med\u017eiaga:<br \/>\nAdapterio dydis: 2 coliai<br \/>\n\u012eleidimo skersmuo: 18 mm<br \/>\nI\u0161leidimo skersmuo: 26,5 mm<br \/>\n\u012eleidimo vamzdelio ilgis: 985 mm<br \/>\nGaminio ilgis: 1285 mm<br \/>\nGreitis: 30 sm\u016bgi\u0173 per minut\u0119<br \/>\nTek\u0117jimas: 16-18\/Min<br \/>\nTaikymo sritys: Srauto greitis: 16-18 min: Adblue, alyva, dyzelinas, r\u016bg\u0161tinis skystis<\/p>\n","protected":false},"excerpt":{"rendered":"<p>Svirtinis &#8222;Adblue&#8221; skys\u010dio perpylimo rankinis siurblys &#8211; 16 l\/min Specifikacijos: Med\u017eiaga: Plastikas &#8211; PE Sandariklio med\u017eiaga: Adapterio dydis: 2 coliai \u012eleidimo skersmuo: 18 mm I\u0161leidimo skersmuo: 26,5 mm \u012eleidimo vamzdelio ilgis: 985 mm Gaminio ilgis: 1285 mm Greitis: 30 sm\u016bgi\u0173 per minut\u0119 Tek\u0117jimas: 16-18\/Min Taikymo sritys: Srauto greitis: 16-18 min: Adblue, alyva, dyzelinas, r\u016bg\u0161tinis skystis<\/p>\n","protected":false},"featured_media":20134,"template":"","meta":[],"product_brand":[],"product_cat":[314],"product_tag":[],"class_list":{"0":"post-20126","1":"product","2":"type-product","3":"status-publish","4":"has-post-thumbnail","6":"product_cat-bugnai-ir-kuro-bakeliai","7":"product_shipping_class-acessories-lt","9":"first","10":"onbackorder","11":"taxable","12":"shipping-taxable","13":"purchasable","14":"product-type-simple"},"yoast_head":"<!-- This site is optimized with the Yoast SEO plugin v26.9 - https:\/\/yoast.com\/product\/yoast-seo-wordpress\/ -->\n<title>Rankinis &quot;Adblue&quot; skys\u010dio perpylimo siurblys - 16 l\/min -<\/title>\n<meta name=\"description\" content=\"Svirtinis &quot;Adblue&quot; skys\u010dio perpylimo rankinis siurblys - 16 l\/min. Med\u017eiaga: Med\u017eiaga: plastikas - PE. Panaudojimas: Adblue, alyva, dyzelinas, r\u016bg\u0161tinis skystis.\" \/>\n<meta name=\"robots\" content=\"index, follow, max-snippet:-1, max-image-preview:large, max-video-preview:-1\" \/>\n<link rel=\"canonical\" href=\"https:\/\/ibc.ee\/lt\/product\/lever-adblue-fluid-transfer-hand-pump-16-l-min\/\" \/>\n<meta property=\"og:locale\" content=\"lt_LT\" \/>\n<meta property=\"og:type\" content=\"article\" \/>\n<meta property=\"og:title\" content=\"Rankinis &quot;Adblue&quot; skys\u010dio perpylimo siurblys - 16 l\/min -\" \/>\n<meta property=\"og:description\" content=\"Svirtinis &quot;Adblue&quot; skys\u010dio perpylimo rankinis siurblys - 16 l\/min. Med\u017eiaga: Med\u017eiaga: plastikas - PE. Panaudojimas: Adblue, alyva, dyzelinas, r\u016bg\u0161tinis skystis.\" \/>\n<meta property=\"og:url\" content=\"https:\/\/ibc.ee\/lt\/product\/lever-adblue-fluid-transfer-hand-pump-16-l-min\/\" \/>\n<meta property=\"og:site_name\" content=\"IBC konteineri m&uuml;&uuml;k, vaadid, kraanid, mahutid\" \/>\n<meta property=\"article:modified_time\" content=\"2025-04-22T11:45:33+00:00\" \/>\n<meta property=\"og:image\" content=\"https:\/\/ibc.ee\/wp-content\/uploads\/2021\/02\/Tunnipump-adblue-16-l-min.jpg\" \/>\n\t<meta property=\"og:image:width\" content=\"1000\" \/>\n\t<meta property=\"og:image:height\" content=\"1000\" \/>\n\t<meta property=\"og:image:type\" content=\"image\/jpeg\" \/>\n<meta name=\"twitter:card\" content=\"summary_large_image\" \/>\n<script type=\"application\/ld+json\" class=\"yoast-schema-graph\">{\"@context\":\"https:\/\/schema.org\",\"@graph\":[{\"@type\":\"WebPage\",\"@id\":\"https:\/\/ibc.ee\/lt\/product\/lever-adblue-fluid-transfer-hand-pump-16-l-min\/\",\"url\":\"https:\/\/ibc.ee\/lt\/product\/lever-adblue-fluid-transfer-hand-pump-16-l-min\/\",\"name\":\"Rankinis \\\"Adblue\\\" skys\u010dio perpylimo siurblys - 16 l\/min -\",\"isPartOf\":{\"@id\":\"https:\/\/www.ibc.ee\/lt\/#website\"},\"primaryImageOfPage\":{\"@id\":\"https:\/\/ibc.ee\/lt\/product\/lever-adblue-fluid-transfer-hand-pump-16-l-min\/#primaryimage\"},\"image\":{\"@id\":\"https:\/\/ibc.ee\/lt\/product\/lever-adblue-fluid-transfer-hand-pump-16-l-min\/#primaryimage\"},\"thumbnailUrl\":\"https:\/\/ibc.ee\/wp-content\/uploads\/2021\/02\/Tunnipump-adblue-16-l-min.jpg\",\"datePublished\":\"2021-02-19T18:49:53+00:00\",\"dateModified\":\"2025-04-22T11:45:33+00:00\",\"description\":\"Svirtinis \\\"Adblue\\\" skys\u010dio perpylimo rankinis siurblys - 16 l\/min. Med\u017eiaga: Med\u017eiaga: plastikas - PE. Panaudojimas: Adblue, alyva, dyzelinas, r\u016bg\u0161tinis skystis.\",\"breadcrumb\":{\"@id\":\"https:\/\/ibc.ee\/lt\/product\/lever-adblue-fluid-transfer-hand-pump-16-l-min\/#breadcrumb\"},\"inLanguage\":\"lt-LT\",\"potentialAction\":[{\"@type\":\"ReadAction\",\"target\":[\"https:\/\/ibc.ee\/lt\/product\/lever-adblue-fluid-transfer-hand-pump-16-l-min\/\"]}]},{\"@type\":\"ImageObject\",\"inLanguage\":\"lt-LT\",\"@id\":\"https:\/\/ibc.ee\/lt\/product\/lever-adblue-fluid-transfer-hand-pump-16-l-min\/#primaryimage\",\"url\":\"https:\/\/ibc.ee\/wp-content\/uploads\/2021\/02\/Tunnipump-adblue-16-l-min.jpg\",\"contentUrl\":\"https:\/\/ibc.ee\/wp-content\/uploads\/2021\/02\/Tunnipump-adblue-16-l-min.jpg\",\"width\":1000,\"height\":1000,\"caption\":\"Lever Adblue Fluid Transfer Hand Pump - 16 l\/min.\"},{\"@type\":\"BreadcrumbList\",\"@id\":\"https:\/\/ibc.ee\/lt\/product\/lever-adblue-fluid-transfer-hand-pump-16-l-min\/#breadcrumb\",\"itemListElement\":[{\"@type\":\"ListItem\",\"position\":1,\"name\":\"\u0413\u043b\u0430\u0432\u043d\u0430\u044f \u0441\u0442\u0440\u0430\u043d\u0438\u0446\u0430\",\"item\":\"https:\/\/ibc.ee\/lt\/\"},{\"@type\":\"ListItem\",\"position\":2,\"name\":\"Parduotuv\u0117\",\"item\":\"https:\/\/ibc.ee\/lt\/shop\/\"},{\"@type\":\"ListItem\",\"position\":3,\"name\":\"Rankinis &#8222;Adblue&#8221; skys\u010dio perpylimo siurblys &#8211; 16 l\/min\"}]},{\"@type\":\"WebSite\",\"@id\":\"https:\/\/www.ibc.ee\/lt\/#website\",\"url\":\"https:\/\/www.ibc.ee\/lt\/\",\"name\":\"IBC konteineri m&uuml;&uuml;k, vaadid, kraanid, mahutid\",\"description\":\"IBC - Tank container valve, Adapters\\\\fittings, Intermediate bulk, container, Drums\/cans\",\"potentialAction\":[{\"@type\":\"SearchAction\",\"target\":{\"@type\":\"EntryPoint\",\"urlTemplate\":\"https:\/\/www.ibc.ee\/lt\/?s={search_term_string}\"},\"query-input\":{\"@type\":\"PropertyValueSpecification\",\"valueRequired\":true,\"valueName\":\"search_term_string\"}}],\"inLanguage\":\"lt-LT\"}]}<\/script>\n<!-- \/ Yoast SEO plugin. -->","yoast_head_json":{"title":"Rankinis \"Adblue\" skys\u010dio perpylimo siurblys - 16 l\/min -","description":"Svirtinis \"Adblue\" skys\u010dio perpylimo rankinis siurblys - 16 l\/min. Med\u017eiaga: Med\u017eiaga: plastikas - PE. Panaudojimas: Adblue, alyva, dyzelinas, r\u016bg\u0161tinis skystis.","robots":{"index":"index","follow":"follow","max-snippet":"max-snippet:-1","max-image-preview":"max-image-preview:large","max-video-preview":"max-video-preview:-1"},"canonical":"https:\/\/ibc.ee\/lt\/product\/lever-adblue-fluid-transfer-hand-pump-16-l-min\/","og_locale":"lt_LT","og_type":"article","og_title":"Rankinis \"Adblue\" skys\u010dio perpylimo siurblys - 16 l\/min -","og_description":"Svirtinis \"Adblue\" skys\u010dio perpylimo rankinis siurblys - 16 l\/min. Med\u017eiaga: Med\u017eiaga: plastikas - PE. Panaudojimas: Adblue, alyva, dyzelinas, r\u016bg\u0161tinis skystis.","og_url":"https:\/\/ibc.ee\/lt\/product\/lever-adblue-fluid-transfer-hand-pump-16-l-min\/","og_site_name":"IBC konteineri m&uuml;&uuml;k, vaadid, kraanid, mahutid","article_modified_time":"2025-04-22T11:45:33+00:00","og_image":[{"width":1000,"height":1000,"url":"https:\/\/ibc.ee\/wp-content\/uploads\/2021\/02\/Tunnipump-adblue-16-l-min.jpg","type":"image\/jpeg"}],"twitter_card":"summary_large_image","schema":{"@context":"https:\/\/schema.org","@graph":[{"@type":"WebPage","@id":"https:\/\/ibc.ee\/lt\/product\/lever-adblue-fluid-transfer-hand-pump-16-l-min\/","url":"https:\/\/ibc.ee\/lt\/product\/lever-adblue-fluid-transfer-hand-pump-16-l-min\/","name":"Rankinis \"Adblue\" skys\u010dio perpylimo siurblys - 16 l\/min -","isPartOf":{"@id":"https:\/\/www.ibc.ee\/lt\/#website"},"primaryImageOfPage":{"@id":"https:\/\/ibc.ee\/lt\/product\/lever-adblue-fluid-transfer-hand-pump-16-l-min\/#primaryimage"},"image":{"@id":"https:\/\/ibc.ee\/lt\/product\/lever-adblue-fluid-transfer-hand-pump-16-l-min\/#primaryimage"},"thumbnailUrl":"https:\/\/ibc.ee\/wp-content\/uploads\/2021\/02\/Tunnipump-adblue-16-l-min.jpg","datePublished":"2021-02-19T18:49:53+00:00","dateModified":"2025-04-22T11:45:33+00:00","description":"Svirtinis \"Adblue\" skys\u010dio perpylimo rankinis siurblys - 16 l\/min. Med\u017eiaga: Med\u017eiaga: plastikas - PE. Panaudojimas: Adblue, alyva, dyzelinas, r\u016bg\u0161tinis skystis.","breadcrumb":{"@id":"https:\/\/ibc.ee\/lt\/product\/lever-adblue-fluid-transfer-hand-pump-16-l-min\/#breadcrumb"},"inLanguage":"lt-LT","potentialAction":[{"@type":"ReadAction","target":["https:\/\/ibc.ee\/lt\/product\/lever-adblue-fluid-transfer-hand-pump-16-l-min\/"]}]},{"@type":"ImageObject","inLanguage":"lt-LT","@id":"https:\/\/ibc.ee\/lt\/product\/lever-adblue-fluid-transfer-hand-pump-16-l-min\/#primaryimage","url":"https:\/\/ibc.ee\/wp-content\/uploads\/2021\/02\/Tunnipump-adblue-16-l-min.jpg","contentUrl":"https:\/\/ibc.ee\/wp-content\/uploads\/2021\/02\/Tunnipump-adblue-16-l-min.jpg","width":1000,"height":1000,"caption":"Lever Adblue Fluid Transfer Hand Pump - 16 l\/min."},{"@type":"BreadcrumbList","@id":"https:\/\/ibc.ee\/lt\/product\/lever-adblue-fluid-transfer-hand-pump-16-l-min\/#breadcrumb","itemListElement":[{"@type":"ListItem","position":1,"name":"\u0413\u043b\u0430\u0432\u043d\u0430\u044f \u0441\u0442\u0440\u0430\u043d\u0438\u0446\u0430","item":"https:\/\/ibc.ee\/lt\/"},{"@type":"ListItem","position":2,"name":"Parduotuv\u0117","item":"https:\/\/ibc.ee\/lt\/shop\/"},{"@type":"ListItem","position":3,"name":"Rankinis &#8222;Adblue&#8221; skys\u010dio perpylimo siurblys &#8211; 16 l\/min"}]},{"@type":"WebSite","@id":"https:\/\/www.ibc.ee\/lt\/#website","url":"https:\/\/www.ibc.ee\/lt\/","name":"IBC konteineri m&uuml;&uuml;k, vaadid, kraanid, mahutid","description":"IBC - Tank container valve, Adapters\\fittings, Intermediate bulk, container, Drums\/cans","potentialAction":[{"@type":"SearchAction","target":{"@type":"EntryPoint","urlTemplate":"https:\/\/www.ibc.ee\/lt\/?s={search_term_string}"},"query-input":{"@type":"PropertyValueSpecification","valueRequired":true,"valueName":"search_term_string"}}],"inLanguage":"lt-LT"}]}},"_links":{"self":[{"href":"https:\/\/ibc.ee\/lt\/wp-json\/wp\/v2\/product\/20126","targetHints":{"allow":["GET"]}}],"collection":[{"href":"https:\/\/ibc.ee\/lt\/wp-json\/wp\/v2\/product"}],"about":[{"href":"https:\/\/ibc.ee\/lt\/wp-json\/wp\/v2\/types\/product"}],"wp:featuredmedia":[{"embeddable":true,"href":"https:\/\/ibc.ee\/lt\/wp-json\/wp\/v2\/media\/20134"}],"wp:attachment":[{"href":"https:\/\/ibc.ee\/lt\/wp-json\/wp\/v2\/media?parent=20126"}],"wp:term":[{"taxonomy":"product_brand","embeddable":true,"href":"https:\/\/ibc.ee\/lt\/wp-json\/wp\/v2\/product_brand?post=20126"},{"taxonomy":"product_cat","embeddable":true,"href":"https:\/\/ibc.ee\/lt\/wp-json\/wp\/v2\/product_cat?post=20126"},{"taxonomy":"product_tag","embeddable":true,"href":"https:\/\/ibc.ee\/lt\/wp-json\/wp\/v2\/product_tag?post=20126"}],"curies":[{"name":"wp","href":"https:\/\/api.w.org\/{rel}","templated":true}]}}