{"id":20169,"date":"2021-02-19T22:25:49","date_gmt":"2021-02-19T20:25:49","guid":{"rendered":"https:\/\/ibc.ee\/?post_type=product&#038;p=20169"},"modified":"2025-04-22T13:36:36","modified_gmt":"2025-04-22T11:36:36","slug":"plastic-pp-air-operated-drum-pump","status":"publish","type":"product","link":"https:\/\/ibc.ee\/lt\/product\/plastic-pp-air-operated-drum-pump\/","title":{"rendered":"Plastikinis PP b\u016bgninis siurblys, valdomas oru"},"content":{"rendered":"<p>Plastikinis PP pneumatinis b\u016bgninis siurblys<\/p>\n<p>Specifikacijos:<br \/>\nSiurblio konstrukcija: PP<br \/>\nVamzd\u017eio med\u017eiaga: PP<br \/>\nVamzd\u017ei\u0173 Nr: 1 vnt.<br \/>\n\u012eleidimo vamzd\u017eio ilgis: 98 cm<br \/>\nBendras ilgis: 130 cm<br \/>\n\u012eleidimo skersmuo: 43 mm<br \/>\nI\u0161leidimo skersmuo: 22 mm<br \/>\nSrauto greitis: 190 ml\/st\u016bmim\u0105<br \/>\nMaksimalus srautas GPM: 8 (vandens)<br \/>\nDid\u017eiausias sl\u0117gis: 100 PSI<br \/>\nPanaudojimo sritys: Dyzelinas, \u017eibalas, alyva, vanduo, adblue, silpnosios r\u016bg\u0161tys, alkoholis, benzinas<\/p>\n","protected":false},"excerpt":{"rendered":"<p>Plastikinis PP pneumatinis b\u016bgninis siurblys Specifikacijos: Siurblio konstrukcija: PP Vamzd\u017eio med\u017eiaga: PP Vamzd\u017ei\u0173 Nr: 1 vnt. \u012eleidimo vamzd\u017eio ilgis: 98 cm Bendras ilgis: 130 cm \u012eleidimo skersmuo: 43 mm I\u0161leidimo skersmuo: 22 mm Srauto greitis: 190 ml\/st\u016bmim\u0105 Maksimalus srautas GPM: 8 (vandens) Did\u017eiausias sl\u0117gis: 100 PSI Panaudojimo sritys: Dyzelinas, \u017eibalas, alyva, vanduo, adblue, silpnosios r\u016bg\u0161tys, [&hellip;]<\/p>\n","protected":false},"featured_media":20176,"template":"","meta":[],"product_brand":[],"product_cat":[314],"product_tag":[],"class_list":{"0":"post-20169","1":"product","2":"type-product","3":"status-publish","4":"has-post-thumbnail","6":"product_cat-bugnai-ir-kuro-bakeliai","7":"product_shipping_class-acessories-lt","9":"first","10":"onbackorder","11":"taxable","12":"shipping-taxable","13":"purchasable","14":"product-type-simple"},"yoast_head":"<!-- This site is optimized with the Yoast SEO plugin v26.9 - https:\/\/yoast.com\/product\/yoast-seo-wordpress\/ -->\n<title>Plastikinis PP b\u016bgninis siurblys, valdomas oru -<\/title>\n<meta name=\"description\" content=\"Plastikinis PP Pneumatinis b\u016bgninis siurblys. Did\u017eiausias sl\u0117gis: 100 PSI. Siurblio konstrukcija: SUD\u0116TIS: PP. Naudojimo sritys: Dyzelinas, \u017eibalas, alyva, vanduo, adblue, silpnosios r\u016bg\u0161tys, alkoholis, benzinas.\" \/>\n<meta name=\"robots\" content=\"index, follow, max-snippet:-1, max-image-preview:large, max-video-preview:-1\" \/>\n<link rel=\"canonical\" href=\"https:\/\/ibc.ee\/lt\/product\/plastic-pp-air-operated-drum-pump\/\" \/>\n<meta property=\"og:locale\" content=\"lt_LT\" \/>\n<meta property=\"og:type\" content=\"article\" \/>\n<meta property=\"og:title\" content=\"Plastikinis PP b\u016bgninis siurblys, valdomas oru -\" \/>\n<meta property=\"og:description\" content=\"Plastikinis PP Pneumatinis b\u016bgninis siurblys. Did\u017eiausias sl\u0117gis: 100 PSI. Siurblio konstrukcija: SUD\u0116TIS: PP. Naudojimo sritys: Dyzelinas, \u017eibalas, alyva, vanduo, adblue, silpnosios r\u016bg\u0161tys, alkoholis, benzinas.\" \/>\n<meta property=\"og:url\" content=\"https:\/\/ibc.ee\/lt\/product\/plastic-pp-air-operated-drum-pump\/\" \/>\n<meta property=\"og:site_name\" content=\"IBC konteineri m&uuml;&uuml;k, vaadid, kraanid, mahutid\" \/>\n<meta property=\"article:modified_time\" content=\"2025-04-22T11:36:36+00:00\" \/>\n<meta property=\"og:image\" content=\"https:\/\/www.ibc.ee\/wp-content\/uploads\/2021\/02\/Pneumaatiline-PP-pump-tunnile.jpg\" \/>\n\t<meta property=\"og:image:width\" content=\"1000\" \/>\n\t<meta property=\"og:image:height\" content=\"1000\" \/>\n\t<meta property=\"og:image:type\" content=\"image\/jpeg\" \/>\n<meta name=\"twitter:card\" content=\"summary_large_image\" \/>\n<script type=\"application\/ld+json\" class=\"yoast-schema-graph\">{\"@context\":\"https:\/\/schema.org\",\"@graph\":[{\"@type\":\"WebPage\",\"@id\":\"https:\/\/ibc.ee\/lt\/product\/plastic-pp-air-operated-drum-pump\/\",\"url\":\"https:\/\/ibc.ee\/lt\/product\/plastic-pp-air-operated-drum-pump\/\",\"name\":\"Plastikinis PP b\u016bgninis siurblys, valdomas oru -\",\"isPartOf\":{\"@id\":\"https:\/\/www.ibc.ee\/lt\/#website\"},\"primaryImageOfPage\":{\"@id\":\"https:\/\/ibc.ee\/lt\/product\/plastic-pp-air-operated-drum-pump\/#primaryimage\"},\"image\":{\"@id\":\"https:\/\/ibc.ee\/lt\/product\/plastic-pp-air-operated-drum-pump\/#primaryimage\"},\"thumbnailUrl\":\"https:\/\/ibc.ee\/wp-content\/uploads\/2021\/02\/Pneumaatiline-PP-pump-tunnile.jpg\",\"datePublished\":\"2021-02-19T20:25:49+00:00\",\"dateModified\":\"2025-04-22T11:36:36+00:00\",\"description\":\"Plastikinis PP Pneumatinis b\u016bgninis siurblys. Did\u017eiausias sl\u0117gis: 100 PSI. Siurblio konstrukcija: SUD\u0116TIS: PP. Naudojimo sritys: Dyzelinas, \u017eibalas, alyva, vanduo, adblue, silpnosios r\u016bg\u0161tys, alkoholis, benzinas.\",\"breadcrumb\":{\"@id\":\"https:\/\/ibc.ee\/lt\/product\/plastic-pp-air-operated-drum-pump\/#breadcrumb\"},\"inLanguage\":\"lt-LT\",\"potentialAction\":[{\"@type\":\"ReadAction\",\"target\":[\"https:\/\/ibc.ee\/lt\/product\/plastic-pp-air-operated-drum-pump\/\"]}]},{\"@type\":\"ImageObject\",\"inLanguage\":\"lt-LT\",\"@id\":\"https:\/\/ibc.ee\/lt\/product\/plastic-pp-air-operated-drum-pump\/#primaryimage\",\"url\":\"https:\/\/ibc.ee\/wp-content\/uploads\/2021\/02\/Pneumaatiline-PP-pump-tunnile.jpg\",\"contentUrl\":\"https:\/\/ibc.ee\/wp-content\/uploads\/2021\/02\/Pneumaatiline-PP-pump-tunnile.jpg\",\"width\":1000,\"height\":1000,\"caption\":\"Plastic PP Air-operated Drum Pump\"},{\"@type\":\"BreadcrumbList\",\"@id\":\"https:\/\/ibc.ee\/lt\/product\/plastic-pp-air-operated-drum-pump\/#breadcrumb\",\"itemListElement\":[{\"@type\":\"ListItem\",\"position\":1,\"name\":\"\u0413\u043b\u0430\u0432\u043d\u0430\u044f \u0441\u0442\u0440\u0430\u043d\u0438\u0446\u0430\",\"item\":\"https:\/\/ibc.ee\/lt\/\"},{\"@type\":\"ListItem\",\"position\":2,\"name\":\"Parduotuv\u0117\",\"item\":\"https:\/\/ibc.ee\/lt\/shop\/\"},{\"@type\":\"ListItem\",\"position\":3,\"name\":\"Plastikinis PP b\u016bgninis siurblys, valdomas oru\"}]},{\"@type\":\"WebSite\",\"@id\":\"https:\/\/www.ibc.ee\/lt\/#website\",\"url\":\"https:\/\/www.ibc.ee\/lt\/\",\"name\":\"IBC konteineri m&uuml;&uuml;k, vaadid, kraanid, mahutid\",\"description\":\"IBC - Tank container valve, Adapters\\\\fittings, Intermediate bulk, container, Drums\/cans\",\"potentialAction\":[{\"@type\":\"SearchAction\",\"target\":{\"@type\":\"EntryPoint\",\"urlTemplate\":\"https:\/\/www.ibc.ee\/lt\/?s={search_term_string}\"},\"query-input\":{\"@type\":\"PropertyValueSpecification\",\"valueRequired\":true,\"valueName\":\"search_term_string\"}}],\"inLanguage\":\"lt-LT\"}]}<\/script>\n<!-- \/ Yoast SEO plugin. -->","yoast_head_json":{"title":"Plastikinis PP b\u016bgninis siurblys, valdomas oru -","description":"Plastikinis PP Pneumatinis b\u016bgninis siurblys. Did\u017eiausias sl\u0117gis: 100 PSI. Siurblio konstrukcija: SUD\u0116TIS: PP. Naudojimo sritys: Dyzelinas, \u017eibalas, alyva, vanduo, adblue, silpnosios r\u016bg\u0161tys, alkoholis, benzinas.","robots":{"index":"index","follow":"follow","max-snippet":"max-snippet:-1","max-image-preview":"max-image-preview:large","max-video-preview":"max-video-preview:-1"},"canonical":"https:\/\/ibc.ee\/lt\/product\/plastic-pp-air-operated-drum-pump\/","og_locale":"lt_LT","og_type":"article","og_title":"Plastikinis PP b\u016bgninis siurblys, valdomas oru -","og_description":"Plastikinis PP Pneumatinis b\u016bgninis siurblys. Did\u017eiausias sl\u0117gis: 100 PSI. Siurblio konstrukcija: SUD\u0116TIS: PP. Naudojimo sritys: Dyzelinas, \u017eibalas, alyva, vanduo, adblue, silpnosios r\u016bg\u0161tys, alkoholis, benzinas.","og_url":"https:\/\/ibc.ee\/lt\/product\/plastic-pp-air-operated-drum-pump\/","og_site_name":"IBC konteineri m&uuml;&uuml;k, vaadid, kraanid, mahutid","article_modified_time":"2025-04-22T11:36:36+00:00","og_image":[{"width":1000,"height":1000,"url":"https:\/\/www.ibc.ee\/wp-content\/uploads\/2021\/02\/Pneumaatiline-PP-pump-tunnile.jpg","type":"image\/jpeg"}],"twitter_card":"summary_large_image","schema":{"@context":"https:\/\/schema.org","@graph":[{"@type":"WebPage","@id":"https:\/\/ibc.ee\/lt\/product\/plastic-pp-air-operated-drum-pump\/","url":"https:\/\/ibc.ee\/lt\/product\/plastic-pp-air-operated-drum-pump\/","name":"Plastikinis PP b\u016bgninis siurblys, valdomas oru -","isPartOf":{"@id":"https:\/\/www.ibc.ee\/lt\/#website"},"primaryImageOfPage":{"@id":"https:\/\/ibc.ee\/lt\/product\/plastic-pp-air-operated-drum-pump\/#primaryimage"},"image":{"@id":"https:\/\/ibc.ee\/lt\/product\/plastic-pp-air-operated-drum-pump\/#primaryimage"},"thumbnailUrl":"https:\/\/ibc.ee\/wp-content\/uploads\/2021\/02\/Pneumaatiline-PP-pump-tunnile.jpg","datePublished":"2021-02-19T20:25:49+00:00","dateModified":"2025-04-22T11:36:36+00:00","description":"Plastikinis PP Pneumatinis b\u016bgninis siurblys. Did\u017eiausias sl\u0117gis: 100 PSI. Siurblio konstrukcija: SUD\u0116TIS: PP. Naudojimo sritys: Dyzelinas, \u017eibalas, alyva, vanduo, adblue, silpnosios r\u016bg\u0161tys, alkoholis, benzinas.","breadcrumb":{"@id":"https:\/\/ibc.ee\/lt\/product\/plastic-pp-air-operated-drum-pump\/#breadcrumb"},"inLanguage":"lt-LT","potentialAction":[{"@type":"ReadAction","target":["https:\/\/ibc.ee\/lt\/product\/plastic-pp-air-operated-drum-pump\/"]}]},{"@type":"ImageObject","inLanguage":"lt-LT","@id":"https:\/\/ibc.ee\/lt\/product\/plastic-pp-air-operated-drum-pump\/#primaryimage","url":"https:\/\/ibc.ee\/wp-content\/uploads\/2021\/02\/Pneumaatiline-PP-pump-tunnile.jpg","contentUrl":"https:\/\/ibc.ee\/wp-content\/uploads\/2021\/02\/Pneumaatiline-PP-pump-tunnile.jpg","width":1000,"height":1000,"caption":"Plastic PP Air-operated Drum Pump"},{"@type":"BreadcrumbList","@id":"https:\/\/ibc.ee\/lt\/product\/plastic-pp-air-operated-drum-pump\/#breadcrumb","itemListElement":[{"@type":"ListItem","position":1,"name":"\u0413\u043b\u0430\u0432\u043d\u0430\u044f \u0441\u0442\u0440\u0430\u043d\u0438\u0446\u0430","item":"https:\/\/ibc.ee\/lt\/"},{"@type":"ListItem","position":2,"name":"Parduotuv\u0117","item":"https:\/\/ibc.ee\/lt\/shop\/"},{"@type":"ListItem","position":3,"name":"Plastikinis PP b\u016bgninis siurblys, valdomas oru"}]},{"@type":"WebSite","@id":"https:\/\/www.ibc.ee\/lt\/#website","url":"https:\/\/www.ibc.ee\/lt\/","name":"IBC konteineri m&uuml;&uuml;k, vaadid, kraanid, mahutid","description":"IBC - Tank container valve, Adapters\\fittings, Intermediate bulk, container, Drums\/cans","potentialAction":[{"@type":"SearchAction","target":{"@type":"EntryPoint","urlTemplate":"https:\/\/www.ibc.ee\/lt\/?s={search_term_string}"},"query-input":{"@type":"PropertyValueSpecification","valueRequired":true,"valueName":"search_term_string"}}],"inLanguage":"lt-LT"}]}},"_links":{"self":[{"href":"https:\/\/ibc.ee\/lt\/wp-json\/wp\/v2\/product\/20169","targetHints":{"allow":["GET"]}}],"collection":[{"href":"https:\/\/ibc.ee\/lt\/wp-json\/wp\/v2\/product"}],"about":[{"href":"https:\/\/ibc.ee\/lt\/wp-json\/wp\/v2\/types\/product"}],"wp:featuredmedia":[{"embeddable":true,"href":"https:\/\/ibc.ee\/lt\/wp-json\/wp\/v2\/media\/20176"}],"wp:attachment":[{"href":"https:\/\/ibc.ee\/lt\/wp-json\/wp\/v2\/media?parent=20169"}],"wp:term":[{"taxonomy":"product_brand","embeddable":true,"href":"https:\/\/ibc.ee\/lt\/wp-json\/wp\/v2\/product_brand?post=20169"},{"taxonomy":"product_cat","embeddable":true,"href":"https:\/\/ibc.ee\/lt\/wp-json\/wp\/v2\/product_cat?post=20169"},{"taxonomy":"product_tag","embeddable":true,"href":"https:\/\/ibc.ee\/lt\/wp-json\/wp\/v2\/product_tag?post=20169"}],"curies":[{"name":"wp","href":"https:\/\/api.w.org\/{rel}","templated":true}]}}